{"id":11473,"date":"2023-01-03T15:07:03","date_gmt":"2023-01-03T14:07:03","guid":{"rendered":"https:\/\/leocare.eu\/fr\/?page_id=11473"},"modified":"2026-04-07T16:34:53","modified_gmt":"2026-04-07T14:34:53","slug":"vehicule-de-remplacement","status":"publish","type":"page","link":"https:\/\/leocare.eu\/fr\/assurance-auto-en-ligne\/couverture\/assistance-auto\/vehicule-de-remplacement\/","title":{"rendered":"Tout savoir sur les v\u00e9hicules de remplacement des assurances auto"},"content":{"rendered":"\n<p><strong>\u00catre priv\u00e9 de moyen de locomotion du jour au lendemain, c\u2019est ennuyeux. Surtout lorsque votre v\u00e9hicule vous sert pour aller travailler. Il y a peut-\u00eatre une solution ! En effet, si une option sp\u00e9cifique figure dans votre contrat, votre assurance auto peut vous proposer un v\u00e9hicule de remplacement. Tous les d\u00e9tails avec Leocare.<\/strong><\/p>\n\n\n\n<h2 class=\"wp-block-heading\" id=\"section-1-quest-ce-quun-vhicule-de-remplacement-propos-par-une-assuran\"><strong>Qu\u2019est-ce qu\u2019un v\u00e9hicule de remplacement propos\u00e9 par une assurance auto ?<\/strong><\/h2>\n\n\n\n<p>Votre v\u00e9hicule a \u00e9t\u00e9 vol\u00e9 ou est en r\u00e9paration \u00e0 la suite d\u2019un accident, une panne, un incendie ou encore un acte de vandalisme ? La&nbsp;<strong><a href=\"https:\/\/leocare.eu\/fr\/assurance-auto-en-ligne\/couverture\/assistance-auto\/\">garantie assistance auto<\/a><\/strong>&nbsp;souscrite dans le cadre de votre contrat d\u2019assurance peut vous sauver la mise. Optionnelle et moyennant un petit surco\u00fbt au niveau de votre prime d\u2019assurance auto, cette garantie inclut en g\u00e9n\u00e9ral la mise \u00e0 disposition, par votre assureur, d\u2019un v\u00e9hicule de pr\u00eat. \ud83d\ude98 On parle commun\u00e9ment de v\u00e9hicule de remplacement ou parfois, \u00e0 tort, de v\u00e9hicule de courtoisie (on reviendra sur ce point par la suite \ud83d\ude09).<\/p>\n\n\n\n<div class=\"bon-a-savoir\">\n\n\n\n<p>Une garantie qui inclut en principe d\u2019autres prestations<\/p>\n\n\n\n<p>Les garanties d\u2019assistance diff\u00e8rent d\u2019un assureur \u00e0 l\u2019autre. La plupart comprennent, en plus du pr\u00eat de v\u00e9hicule, des garanties comme l\u2019assistance d\u00e9pannage (ou d\u00e9pannage sur place), l\u2019assistance 0 km, la garantie panne m\u00e9canique ou le remorquage du v\u00e9hicule, par exemple.<\/p>\n\n\n\n<\/div>\n\n\n\n<h3 class=\"wp-block-heading\"><strong>Une garantie particuli\u00e8rement utile en cas de v\u00e9hicule gr\u00eal\u00e9 ou de r\u00e9paration de la carrosserie.<\/strong><\/h3>\n\n\n\n<p>La r\u00e9paration d\u2019un\u00a0<strong><a href=\"https:\/\/leocare.eu\/fr\/assurance-auto-en-ligne\/sinistre\/intemperies\/voiture-grelee\/\">v\u00e9hicule gr\u00eal\u00e9<\/a><\/strong>\u00a0ou la\u00a0<strong><a href=\"https:\/\/leocare.eu\/fr\/assurance-auto-en-ligne\/sinistre\/reparations\/carrosserie\/\">r\u00e9paration des dommages \u00e0 la carrosserie<\/a><\/strong>\u00a0en cas d\u2019accident\u00a0peut demander une\u00a0immobilisation\u00a0de plusieurs jours chez le\u00a0garagiste. Choisir une\u00a0compagnie\u00a0d\u2019assurances\u00a0dont le contrat\u00a0dommages tous accidents, au tiers ou <a href=\"https:\/\/leocare.eu\/fr\/assurance-auto-en-ligne\/tiers\/plus\/\">tiers plus<\/a>\u00a0pr\u00e9voit dans l\u2019indemnisation\u00a0des\u00a0dommages,\u00a0le pr\u00eat d\u2019un v\u00e9hicule vous permet de poursuivre vos activit\u00e9s professionnelles. C\u2019est le cas chez Leocare.<\/p>\n\n\n\n<h2 class=\"wp-block-heading\" id=\"section-2-quelle-garantie-choisir-pour-bnficier-dun-vhicule-de-remplac\"><strong>Quelle garantie choisir pour b\u00e9n\u00e9ficier d\u2019un v\u00e9hicule de remplacement ?<\/strong><\/h2>\n\n\n\n<p>Comme on vient de le voir, le v\u00e9hicule de remplacement est g\u00e9n\u00e9ralement adoss\u00e9 \u00e0 une ou plusieurs garanties d\u2019assistance en cas de panne.<\/p>\n\n\n\n<p>3 garanties d\u2019assistance auto \u00e0 la loupe :<\/p>\n\n\n\n<ul class=\"wp-block-list\">\n<li><strong>La garantie panne m\u00e9canique&nbsp;:<\/strong>&nbsp;en cas de panne, les frais de r\u00e9paration li\u00e9s \u00e0 la remise en \u00e9tat du v\u00e9hicule sont couverts.<\/li>\n\n\n\n<li><strong>La garantie assistance d\u00e9pannage&nbsp;:<\/strong>&nbsp;en cas de panne, vous \u00eates indemnis\u00e9 des frais li\u00e9s au d\u00e9pannage. La plupart du temps, vous n\u2019avez m\u00eame pas de frais \u00e0 avancer \ud83d\ude4c.<\/li>\n\n\n\n<li><strong>La garantie assistance 0 km&nbsp;:&nbsp;<\/strong>le v\u00e9hicule et le conducteur sont pris en charge \u00e0 leur domicile (contrairement aux contrats classiques imposant une franchise kilom\u00e9trique).<\/li>\n<\/ul>\n\n\n\n<p><strong>Attention toutefois aux exclusions de garantie de l\u2019assistance auto&nbsp;!<\/strong>&nbsp;G\u00e9n\u00e9ralement, la prise en charge par l\u2019assurance auto est nulle en ce qui concerne :<\/p>\n\n\n\n<ul class=\"wp-block-list\">\n<li>Les frais de r\u00e9paration du v\u00e9hicule.<\/li>\n\n\n\n<li>Les pannes \u00e0 r\u00e9p\u00e9tition.<\/li>\n\n\n\n<li>Les pannes d\u2019essence.<\/li>\n\n\n\n<li>Les crevaisons de pneus.<\/li>\n\n\n\n<li>L\u2019immobilisation du v\u00e9hicule pour cause d\u2019intemp\u00e9rie (neige, forte pluie\u2026).<\/li>\n\n\n\n<li>Les attentats.<\/li>\n<\/ul>\n\n\n\n<p>Le type d\u2019assurance auto peut aussi avoir son importance. Chez certains assureurs, les prestations d\u2019assistance sont r\u00e9serv\u00e9es aux contrats d\u2019assurance tous risques, ainsi qu\u2019aux contrats d\u2019assurance auto interm\u00e9diaire. En d\u2019autres termes, avec un contrat d\u2019assurance au tiers, ou assurance responsabilit\u00e9 civile, impossible d\u2019en b\u00e9n\u00e9ficier. Idem avec un contrat d\u2019assurance auto temporaire, car comme pour l\u2019assurance au tiers, les garanties sont limit\u00e9es.<\/p>\n\n\n\n<p>Chez Leocare, nous ne faisons pas de diff\u00e9rence ! Tous risques, temporaire ou au tiers, votre assurance vous couvre dans tous les cas. C\u2019est plut\u00f4t rassurant \ud83d\udc4c.<\/p>\n\n\n\n<h2 class=\"wp-block-heading\" id=\"section-3-et-si-la-dure-des-rparations-dpasse-celle-du-prt-du-vhicule-\"><strong>Et si la dur\u00e9e des r\u00e9parations d\u00e9passe celle du pr\u00eat du v\u00e9hicule ?<\/strong><\/h2>\n\n\n\n<p>En principe, lorsqu\u2019un v\u00e9hicule de remplacement vous est propos\u00e9, l\u2019assureur pr\u00e9voit une dur\u00e9e suffisamment longue, permettant de couvrir la dur\u00e9e des r\u00e9parations. La dur\u00e9e du pr\u00eat d\u00e9pend directement du type de sinistre. Elle ne d\u00e9passe g\u00e9n\u00e9ralement pas :<\/p>\n\n\n\n<ul class=\"wp-block-list\">\n<li>3 jours en cas de crevaison<\/li>\n\n\n\n<li>jusqu\u2019\u00e0 8 jours en cas de panne ou d\u2019accident<\/li>\n\n\n\n<li>jusqu\u2019\u00e0 20 jours en cas de vol<\/li>\n<\/ul>\n\n\n\n<p>Par manque de chance, il peut arriver que les r\u00e9parations prennent plus de temps que pr\u00e9vu. En fonction de votre contrat, votre assureur peut \u00e9ventuellement vous proposer une solution d\u2019indemnisation. L\u2019int\u00e9r\u00eat, pour vous ?&nbsp;<strong>B\u00e9n\u00e9ficier d\u2019une prise en charge partielle ou totale des frais de location d\u2019un v\u00e9hicule, le temps que le garagiste termine les r\u00e9parations<\/strong>.<\/p>\n\n\n\n<h2 class=\"wp-block-heading\" id=\"section-4-vhicule-de-remplacement-vs-vhicule-de-courtoisie-quelle-diff\"><strong>V\u00e9hicule de remplacement vs v\u00e9hicule de courtoisie : quelle diff\u00e9rence ?<\/strong><\/h2>\n\n\n\n<p>Un v\u00e9hicule de remplacement est fourni par votre assurance auto, tandis qu\u2019un v\u00e9hicule de courtoisie est fourni par un garage automobile. En pratique, le r\u00e9sultat est le m\u00eame, nous direz-vous \ud83d\ude05. Dans les deux cas, le v\u00e9hicule vous est pr\u00eat\u00e9 parce que le v\u00f4tre est hors d\u2019\u00e9tat de marche. Il y a quand m\u00eame une subtilit\u00e9, et non des moindres\u2026<\/p>\n\n\n\n<p><strong>Dans le cas d\u2019un v\u00e9hicule de remplacement, vos garanties habituelles s\u2019appliquent<\/strong>. Dans le cas d\u2019un v\u00e9hicule de courtoisie, ce sont celles choisies par le garage. Il faut alors en prendre connaissance afin de savoir \u00e0 quels risques vous vous exposez en cas de panne, par exemple.&nbsp;Pour une meilleure&nbsp;indemnisation&nbsp;en cas d\u2019accident, notamment des&nbsp;dommages corporels des conducteurs&nbsp;et une&nbsp;protection juridique, pensez \u00e0 n\u00e9gocier avec le garagiste et sa compagnie d\u2019assurance, une&nbsp;<strong><a href=\"https:\/\/leocare.eu\/fr\/assurance-auto-en-ligne\/couverture\/formules\/specifiques\/temporaire\/assurance-journee\/\">assurance automobile&nbsp;\u00e0 la journ\u00e9e<\/a><\/strong>.<\/p>\n\n\n\n<p>Avec l\u2019appli Leocare, d\u00e9clarez votre sinistre en un \u00e9clair, depuis votre t\u00e9l\u00e9phone \ud83d\udc49. Transmettez-nous vos photos et documents, nous nous occupons du reste. Vous \u00eates inform\u00e9 de l\u2019avancement de votre dossier en temps r\u00e9el, jusqu\u2019\u00e0 ce que vous soyez indemnis\u00e9. Simple, efficace.<\/p>\n\n\n\n<h2 class=\"wp-block-heading\" id=\"section-5-quid-du-type-de-vhicule-de-prt-mis-disposition-\"><strong>Quid du type de v\u00e9hicule de pr\u00eat mis \u00e0 disposition ?<\/strong><\/h2>\n\n\n\n<p><strong>La plupart des assurances mettent \u00e0 la disposition de leurs assur\u00e9s des v\u00e9hicules de remplacement de cat\u00e9gorie A, soit des voitures de type citadine<\/strong>. Mais lors de la signature de votre contrat, moyennant bien s\u00fbr un surco\u00fbt, vous pouvez parfaitement demander \u00e0 monter en gamme pour obtenir un mod\u00e8le \u00e9quivalent au v\u00f4tre.<\/p>\n\n\n\n<p><strong>\u00catre bien couvert par son assurance auto, v\u00e9hicule de remplacement compris, c\u2019est important. Oui, mais \u00e0 quel prix ? Avec l\u2019assurance 100 % mobile Leocare, vous trouvez le bon compromis !<\/strong><\/p>\n\n\n\n<h2 class=\"wp-block-heading\" id=\"section-6-les-autres-garanties-de-leocare\"><strong>Les autres garanties de Leocare<\/strong><\/h2>\n\n\n\n<p>La garantie assistance auto fait partie des&nbsp;garanties compl\u00e9mentaires. Elle compl\u00e8te la&nbsp;<strong><a href=\"https:\/\/leocare.eu\/fr\/assurance-auto-en-ligne\/couverture\/garanties\/responsabilite-civile\/\">garantie responsabilit\u00e9 civile<\/a><\/strong>. Celle-ci est obligatoire pour tous les&nbsp;conducteurs. Elle figure dans tous les contrats (au tiers, tiers plus,&nbsp;dommages tous accidents) de toutes les compagnies d\u2019assurance. La&nbsp;compagnie&nbsp;assure l\u2019indemnisation&nbsp;des dommages caus\u00e9s aux victimes par le chauffeur responsable de l\u2019accident&nbsp;et lui \u00e9vite d\u2019\u00eatre ruin\u00e9.<\/p>\n\n\n\n<p>Parmi les autres garanties facultatives de&nbsp;l\u2019assurance automobile, on peut citer la&nbsp;protection juridique, la garantie&nbsp;dommages mat\u00e9riels, la garantie&nbsp;dommages corporels&nbsp;des&nbsp;conducteurs. D\u00e9couvrez les&nbsp;<strong><a href=\"https:\/\/leocare.eu\/fr\/assurance-auto-en-ligne\/couverture\/garanties\/complementaires\/\">garanties compl\u00e9mentaires<\/a><\/strong>&nbsp;que propose Leocare en cas d\u2019accident&nbsp;et le montant possible de l\u2019indemnisation.<\/p>\n\n\n\n<p>Chez la&nbsp;compagnie&nbsp;d\u2019assurances&nbsp;Leocare, effectuez&nbsp;en quelques clics,&nbsp;la&nbsp;<strong><a href=\"https:\/\/leocare.eu\/fr\/assurance-auto-en-ligne\/couverture\/contrat\/\">souscription de votre contrat d\u2019assurance automobile<\/a><\/strong>&nbsp;et faites-en \u00e9voluer les&nbsp;prestations. Vous pouvez rajouter des&nbsp;conducteurs&nbsp;ou passer d\u2019une garantie&nbsp;dommage tous accidents&nbsp;\u00e0&nbsp;dommages accidents, sans effort. Votre&nbsp;cotisation&nbsp;changera automatiquement. Vous avez eu un accident&nbsp;? Il suffit de l\u2019indiquer dans notre application sur votre smartphone. Nos conseillers sont disponibles 7j \/7.<\/p>\n\n\n\n<p id=\"ancre2\">D\u00e9couvrez votre&nbsp;<strong><a href=\"https:\/\/leocare.eu\/fr\/assurance-auto-en-ligne\/bmw\/\">cotisation d\u2019assurance&nbsp;pour une BMW<\/a><\/strong>&nbsp;en fonction des garanties,&nbsp;dommage accidents ou&nbsp;dommages tous accidents&nbsp;ainsi que de votre bonus-malus. Tous nos contrats comportent une&nbsp;assurance responsabilit\u00e9 civile&nbsp;pour les&nbsp;conducteurs&nbsp;et&nbsp;leur&nbsp;indemnisation&nbsp;en cas d\u2019accident&nbsp;responsable suite \u00e0 un&nbsp;accident.<\/p>\n","protected":false},"excerpt":{"rendered":"<p>\u00catre priv\u00e9 de moyen de locomotion du jour au lendemain, c\u2019est ennuyeux. Surtout lorsque votre v\u00e9hicule vous sert pour aller travailler. Il y a peut-\u00eatre une solution ! En effet, si une option sp\u00e9cifique figure dans votre contrat, votre assurance auto peut vous proposer un v\u00e9hicule de remplacement. Tous les d\u00e9tails avec Leocare. Qu\u2019est-ce qu\u2019un [&hellip;]<\/p>\n","protected":false},"author":34,"featured_media":9832,"parent":11328,"menu_order":0,"comment_status":"closed","ping_status":"closed","template":"template_seo.php","meta":{"_acf_changed":false,"footnotes":""},"class_list":["post-11473","page","type-page","status-publish","has-post-thumbnail","hentry"],"acf":[],"yoast_head":"<!-- This site is optimized with the Yoast SEO plugin v27.3 - https:\/\/yoast.com\/product\/yoast-seo-wordpress\/ -->\n<title>Tout savoir sur les v\u00e9hicules de remplacement des assurances auto<\/title>\n<meta name=\"description\" content=\"Nos offres d&#039;assurance auto incluent un v\u00e9hicule de remplacement. Apprenez tout sur notre service. Ne restez pas sans voiture! Souscrivez d\u00e8s \u00e0 pr\u00e9sent.\" \/>\n<meta name=\"robots\" content=\"index, follow, max-snippet:-1, max-image-preview:large, max-video-preview:-1\" \/>\n<link rel=\"canonical\" href=\"https:\/\/leocare.eu\/fr\/assurance-auto-en-ligne\/couverture\/assistance-auto\/vehicule-de-remplacement\/\" \/>\n<meta property=\"og:locale\" content=\"fr_FR\" \/>\n<meta property=\"og:type\" content=\"article\" \/>\n<meta property=\"og:title\" content=\"Tout savoir sur les v\u00e9hicules de remplacement des assurances auto\" \/>\n<meta property=\"og:description\" content=\"Nos offres d&#039;assurance auto incluent un v\u00e9hicule de remplacement. Apprenez tout sur notre service. Ne restez pas sans voiture! Souscrivez d\u00e8s \u00e0 pr\u00e9sent.\" \/>\n<meta property=\"og:url\" content=\"https:\/\/leocare.eu\/fr\/assurance-auto-en-ligne\/couverture\/assistance-auto\/vehicule-de-remplacement\/\" \/>\n<meta property=\"og:site_name\" content=\"Leocare, assurance en ligne automobile et habitation\" \/>\n<meta property=\"article:modified_time\" content=\"2026-04-07T14:34:53+00:00\" \/>\n<meta property=\"og:image\" content=\"https:\/\/leocare.eu\/fr\/wp-content\/uploads\/2022\/12\/vehicule-remplacement.jpg\" \/>\n\t<meta property=\"og:image:width\" content=\"1800\" \/>\n\t<meta property=\"og:image:height\" content=\"1200\" \/>\n\t<meta property=\"og:image:type\" content=\"image\/jpeg\" \/>\n<meta name=\"twitter:card\" content=\"summary_large_image\" \/>\n<meta name=\"twitter:label1\" content=\"Dur\u00e9e de lecture estim\u00e9e\" \/>\n\t<meta name=\"twitter:data1\" content=\"7 minutes\" \/>\n<!-- \/ Yoast SEO plugin. -->","yoast_head_json":{"title":"Tout savoir sur les v\u00e9hicules de remplacement des assurances auto","description":"Nos offres d'assurance auto incluent un v\u00e9hicule de remplacement. Apprenez tout sur notre service. Ne restez pas sans voiture! Souscrivez d\u00e8s \u00e0 pr\u00e9sent.","robots":{"index":"index","follow":"follow","max-snippet":"max-snippet:-1","max-image-preview":"max-image-preview:large","max-video-preview":"max-video-preview:-1"},"canonical":"https:\/\/leocare.eu\/fr\/assurance-auto-en-ligne\/couverture\/assistance-auto\/vehicule-de-remplacement\/","og_locale":"fr_FR","og_type":"article","og_title":"Tout savoir sur les v\u00e9hicules de remplacement des assurances auto","og_description":"Nos offres d'assurance auto incluent un v\u00e9hicule de remplacement. Apprenez tout sur notre service. Ne restez pas sans voiture! Souscrivez d\u00e8s \u00e0 pr\u00e9sent.","og_url":"https:\/\/leocare.eu\/fr\/assurance-auto-en-ligne\/couverture\/assistance-auto\/vehicule-de-remplacement\/","og_site_name":"Leocare, assurance en ligne automobile et habitation","article_modified_time":"2026-04-07T14:34:53+00:00","og_image":[{"width":1800,"height":1200,"url":"https:\/\/leocare.eu\/fr\/wp-content\/uploads\/2022\/12\/vehicule-remplacement.jpg","type":"image\/jpeg"}],"twitter_card":"summary_large_image","twitter_misc":{"Dur\u00e9e de lecture estim\u00e9e":"7 minutes"},"schema":{"@context":"https:\/\/schema.org","@graph":[{"@type":"WebPage","@id":"https:\/\/leocare.eu\/fr\/assurance-auto-en-ligne\/couverture\/assistance-auto\/vehicule-de-remplacement\/","url":"https:\/\/leocare.eu\/fr\/assurance-auto-en-ligne\/couverture\/assistance-auto\/vehicule-de-remplacement\/","name":"Tout savoir sur les v\u00e9hicules de remplacement des assurances auto","isPartOf":{"@id":"https:\/\/leocare.eu\/fr\/#website"},"primaryImageOfPage":{"@id":"https:\/\/leocare.eu\/fr\/assurance-auto-en-ligne\/couverture\/assistance-auto\/vehicule-de-remplacement\/#primaryimage"},"image":{"@id":"https:\/\/leocare.eu\/fr\/assurance-auto-en-ligne\/couverture\/assistance-auto\/vehicule-de-remplacement\/#primaryimage"},"thumbnailUrl":"https:\/\/leocare.eu\/fr\/wp-content\/uploads\/2022\/12\/vehicule-remplacement.jpg","datePublished":"2023-01-03T14:07:03+00:00","dateModified":"2026-04-07T14:34:53+00:00","description":"Nos offres d'assurance auto incluent un v\u00e9hicule de remplacement. Apprenez tout sur notre service. Ne restez pas sans voiture! Souscrivez d\u00e8s \u00e0 pr\u00e9sent.","breadcrumb":{"@id":"https:\/\/leocare.eu\/fr\/assurance-auto-en-ligne\/couverture\/assistance-auto\/vehicule-de-remplacement\/#breadcrumb"},"inLanguage":"fr-FR","potentialAction":[{"@type":"ReadAction","target":["https:\/\/leocare.eu\/fr\/assurance-auto-en-ligne\/couverture\/assistance-auto\/vehicule-de-remplacement\/"]}]},{"@type":"ImageObject","inLanguage":"fr-FR","@id":"https:\/\/leocare.eu\/fr\/assurance-auto-en-ligne\/couverture\/assistance-auto\/vehicule-de-remplacement\/#primaryimage","url":"https:\/\/leocare.eu\/fr\/wp-content\/uploads\/2022\/12\/vehicule-remplacement.jpg","contentUrl":"https:\/\/leocare.eu\/fr\/wp-content\/uploads\/2022\/12\/vehicule-remplacement.jpg","width":1800,"height":1200,"caption":"V\u00e9hicule Remplacement"},{"@type":"WebSite","@id":"https:\/\/leocare.eu\/fr\/#website","url":"https:\/\/leocare.eu\/fr\/","name":"Leocare, assurance en ligne automobile et habitation","description":"enfin (r)assur\u00e9.e","publisher":{"@id":"https:\/\/leocare.eu\/fr\/#organization"},"potentialAction":[{"@type":"SearchAction","target":{"@type":"EntryPoint","urlTemplate":"https:\/\/leocare.eu\/fr\/?s={search_term_string}"},"query-input":{"@type":"PropertyValueSpecification","valueRequired":true,"valueName":"search_term_string"}}],"inLanguage":"fr-FR"},{"@type":"Organization","@id":"https:\/\/leocare.eu\/fr\/#organization","name":"Leocare, assurance en ligne automobile et habitation","url":"https:\/\/leocare.eu\/fr\/","logo":{"@type":"ImageObject","inLanguage":"fr-FR","@id":"https:\/\/leocare.eu\/fr\/#\/schema\/logo\/image\/","url":"https:\/\/leocare.eu\/fr\/wp-content\/uploads\/2020\/03\/logo-leocare.svg","contentUrl":"https:\/\/leocare.eu\/fr\/wp-content\/uploads\/2020\/03\/logo-leocare.svg","caption":"Leocare, assurance en ligne automobile et habitation"},"image":{"@id":"https:\/\/leocare.eu\/fr\/#\/schema\/logo\/image\/"}}]}},"_links":{"self":[{"href":"https:\/\/leocare.eu\/fr\/wp-json\/wp\/v2\/pages\/11473","targetHints":{"allow":["GET"]}}],"collection":[{"href":"https:\/\/leocare.eu\/fr\/wp-json\/wp\/v2\/pages"}],"about":[{"href":"https:\/\/leocare.eu\/fr\/wp-json\/wp\/v2\/types\/page"}],"author":[{"embeddable":true,"href":"https:\/\/leocare.eu\/fr\/wp-json\/wp\/v2\/users\/34"}],"replies":[{"embeddable":true,"href":"https:\/\/leocare.eu\/fr\/wp-json\/wp\/v2\/comments?post=11473"}],"version-history":[{"count":17,"href":"https:\/\/leocare.eu\/fr\/wp-json\/wp\/v2\/pages\/11473\/revisions"}],"predecessor-version":[{"id":39015,"href":"https:\/\/leocare.eu\/fr\/wp-json\/wp\/v2\/pages\/11473\/revisions\/39015"}],"up":[{"embeddable":true,"href":"https:\/\/leocare.eu\/fr\/wp-json\/wp\/v2\/pages\/11328"}],"wp:featuredmedia":[{"embeddable":true,"href":"https:\/\/leocare.eu\/fr\/wp-json\/wp\/v2\/media\/9832"}],"wp:attachment":[{"href":"https:\/\/leocare.eu\/fr\/wp-json\/wp\/v2\/media?parent=11473"}],"curies":[{"name":"wp","href":"https:\/\/api.w.org\/{rel}","templated":true}]}}