{"id":11309,"date":"2023-01-03T11:00:33","date_gmt":"2023-01-03T10:00:33","guid":{"rendered":"https:\/\/leocare.eu\/fr\/?page_id=11309"},"modified":"2026-04-07T16:50:45","modified_gmt":"2026-04-07T14:50:45","slug":"couverture","status":"publish","type":"page","link":"https:\/\/leocare.eu\/fr\/assurance-auto-en-ligne\/couverture\/","title":{"rendered":"Couverture d\u2019assurance auto : les diff\u00e9rentes formules"},"content":{"rendered":"\n<p>Vous avez enfin la voiture de vos r\u00eaves ? Il ne vous reste plus qu\u2019\u00e0 l\u2019assurer. Pour vous aider \u00e0 y voir plus clair en mati\u00e8re d\u2019assurance, on vous dit tout sur les diff\u00e9rents types de couvertures d\u2019assurance auto. Nous, c\u2019est Leocare, le n\u00e9o-assureur qui r\u00e9volutionne le secteur de l\u2019assurance.<\/p>\n\n\n\n<h2 class=\"wp-block-heading\" id=\"section-1-quest-ce-quune-couverture-dassurance-auto-\"><strong>Qu\u2019est-ce qu\u2019une couverture d\u2019assurance auto ?<\/strong><\/h2>\n\n\n\n<p id=\"ancre1\">Avant d\u2019entrer dans le vif du sujet, commen\u00e7ons par d\u00e9finir ce qu\u2019est une&nbsp;<a href=\"https:\/\/leocare.eu\/fr\/assurance-auto-en-ligne\/\">assurance auto<\/a>. Il s\u2019agit tout d\u2019abord d\u2019une obligation l\u00e9gale. Eh oui, rouler sans assurance est un d\u00e9lit, qui vous expose \u00e0 une amende de 3 750 \u20ac ! La couverture d\u2019assurance auto englobe les diff\u00e9rentes garanties comprises dans votre contrat<strong>. Avec un <a href=\"https:\/\/leocare.eu\/fr\/assurance-auto-en-ligne\/devis\/tarifs\/\">prix moyen d&rsquo;une assurance voiture<\/a> aux alentours de <span class=\"change-price\">1 017<\/span> \u20ac par an, elles peuvent s\u2019appliquer \u00e0 vous, <\/strong>\u00e0 votre voiture ou \u00e0 d\u2019autres personnes touch\u00e9es durant un accident vous impliquant.<\/p>\n\n\n\n<h2 class=\"wp-block-heading\" id=\"section-2-quelles-sont-les-diffrentes-formules-dassurance-proposes-\"><strong>Quelles sont les diff\u00e9rentes formules d\u2019assurance propos\u00e9es ?<\/strong><\/h2>\n\n\n\n<p>Votre couverture \u00e9volue en fonction du&nbsp;<a href=\"https:\/\/leocare.eu\/fr\/assurance-auto-en-ligne\/couverture\/formules\/\">type d\u2019assurance auto<\/a>&nbsp;souscrite. Chez Leocare, nous vous proposons 3 formules : assurance au tiers, tiers plus (ou tiers \u00e9tendu) ou tous risques.<\/p>\n\n\n\n<section class=\"wp-block-leocare-bon-a-savoir leocare-bas\"><div class=\"leocare-bas__head\"><img decoding=\"async\" class=\"leocare-bas__icon\" src=\"https:\/\/leocare.eu\/fr\/wp-content\/themes\/leocare-new\/assets\/img\/icon-alert-purple.svg\" alt=\"icon alerte\"\/><h3 class=\"leocare-bas__title\">Bon \u00e0 savoir<\/h3><\/div><div class=\"leocare-bas__content\">\n<p>L&rsquo;assurance auto tous risques est recommand\u00e9 pour <a href=\"https:\/\/leocare.eu\/fr\/assurance-auto-en-ligne\/types-vehicule\/neuf\/\">assurer une voiture neuve<\/a>.<\/p>\n<\/div><\/section>\n\n\n\n<h3 class=\"wp-block-heading\">Couverture responsabilit\u00e9 civile<\/h3>\n\n\n\n<p>Responsabilit\u00e9 civile et assurance auto sont ins\u00e9parables. Cette couverture est, en effet, le minimum requis pour rouler l\u00e9galement. En cas d\u2019accident de voiture, elle assure la prise en charge des dommages corporels et mat\u00e9riels que vous pouvez causer \u00e0 un tiers. C\u2019est la seule&nbsp;<strong><a href=\"https:\/\/leocare.eu\/fr\/assurance-auto-en-ligne\/couverture\/garanties\/\">garantie d\u2019assurance auto<\/a><\/strong>&nbsp;universellement comprise dans un contrat au tiers.&nbsp;<\/p>\n\n\n\n<p>Dans les contrats au tiers \u00e9tendu ou tous risques,&nbsp;la couverture responsabilit\u00e9 civile est accompagn\u00e9e d\u2019autres protections comme l\u2019indemnisation&nbsp;temp\u00eate ou le remboursement des biens en cas de&nbsp;dommages&nbsp;ou de destruction. L\u2019<a href=\"https:\/\/leocare.eu\/fr\/assurance-auto-en-ligne\/tiers\/plus\/\"><strong>assurance au tiers plus<\/strong><\/a>&nbsp;est particuli\u00e8rement appr\u00e9ci\u00e9e comme couverture pour les jeunes conducteurs en raison de son prix attractif.<\/p>\n\n\n\n<h2 class=\"wp-block-heading\" id=\"section-3-couvertures-complmentaires-de-lassurance-auto\"><strong>Couvertures compl\u00e9mentaires de l\u2019assurance auto<\/strong><\/h2>\n\n\n\n<p>La couverture d\u2019un&nbsp;<strong><a href=\"https:\/\/leocare.eu\/fr\/assurance-auto-en-ligne\/couverture\/contrat\/\">contrat d\u2019assurance auto<\/a><\/strong>&nbsp;peut s\u2019\u00e9tendre bien au-del\u00e0 de la prise en charge d\u2019une formule au tiers. En souscrivant une assurance auto interm\u00e9diaire chez Leocare vous b\u00e9n\u00e9ficiez de nombreuses garanties suppl\u00e9mentaires :<\/p>\n\n\n\n<ul class=\"wp-block-list\">\n<li><strong>Bris de glace :<\/strong>&nbsp;Les r\u00e9parations ou le remplacement de pare-brise, vitres ou optiques de phares sont pris en charge.<\/li>\n\n\n\n<li><strong>Vol, incendie et temp\u00eate :<\/strong>&nbsp;Toute d\u00e9t\u00e9rioration ou destruction caus\u00e9e par le feu, une temp\u00eate ou un vol est compens\u00e9e par une indemnisation.<\/li>\n\n\n\n<li><strong>Garantie des effets, objets et accessoires :<\/strong>&nbsp;Si votre v\u00e9hicule contient des accessoires et qu\u2019ils sont d\u00e9truits ou endommag\u00e9s par un incendie, une temp\u00eate ou un vol, vous \u00eates indemnis\u00e9.<\/li>\n\n\n\n<li><strong>Catastrophes naturelles :<\/strong>&nbsp;Votre couverture assurance automobile prend en charge les d\u00e9g\u00e2ts caus\u00e9s \u00e0 votre v\u00e9hicule, en cas de catastrophe naturelle comme un s\u00e9isme ou une inondation.<\/li>\n\n\n\n<li><strong>Catastrophes technologiques :<\/strong>&nbsp;Si votre v\u00e9hicule est touch\u00e9 par une catastrophe technologique, les dommages mat\u00e9riels subis par votre voiture sont couverts.<\/li>\n\n\n\n<li><strong>Attentats :<\/strong>&nbsp;Vous \u00eates couvert en cas de dommages \u00e0 la suite d\u2019un acte de terrorisme.<\/li>\n<\/ul>\n\n\n\n<p>L\u2019assurance tous risques Leocare comprend toutes ces garanties, mais aussi une couverture pr\u00e9judices tous accidents. Cela signifie que vous \u00eates indemnis\u00e9 en cas de d\u00e9g\u00e2ts sur votre voiture, m\u00eame si vous \u00eates responsable du sinistre. Accident de parking ou acte de vandalisme : vous b\u00e9n\u00e9ficiez d\u2019une prise en charge.<\/p>\n\n\n\n<h2 class=\"wp-block-heading\" id=\"section-4-garantie-protection-du-conducteur\"><strong>Garantie protection du conducteur<\/strong><\/h2>\n\n\n\n<p>La garantie s\u00e9curit\u00e9 du conducteur est la couverture assurance auto permettant de vous indemniser si vous subissez un pr\u00e9judice corporel. Elle intervient lors d\u2019un sinistre que vous avez caus\u00e9 ou quand le responsable n\u2019est pas identifi\u00e9. Elle est disponible chez tous les assureurs moyennant quelques euros suppl\u00e9mentaires \u00e0 votre tarif d\u2019assurance auto. Chez Leocare la garantie protection personnelle du conducteur est comprise dans tous les contrats sans un centime de plus.<\/p>\n\n\n\n<h2 class=\"wp-block-heading\" id=\"section-5-couvertures-facultatives-de-services\"><strong>Couvertures facultatives de services<\/strong><\/h2>\n\n\n\n<p>La d\u00e9fense p\u00e9nale et recours suite \u00e0 une collision et l\u2019<strong><a href=\"https:\/\/leocare.eu\/fr\/assurance-auto-en-ligne\/couverture\/assistance-auto\/\">assistance auto<\/a><\/strong>&nbsp;0 km sont deux autres options que vous pouvez ajouter \u00e0 votre contrat. Encore une fois, chez Leocare, inutile de vous poser la question du co\u00fbt de ces services, nous vous les offrons ! Quelle que soit la couverture d\u2019assurance auto choisie, vous b\u00e9n\u00e9ficiez d\u2019une d\u00e9fense de vos droits en cas de litige \u00e0 la suite d\u2019un accident de la route. Et si vous tombez en panne, nous volons \u00e0 votre secours que vous soyez bloqu\u00e9 devant votre domicile ou sur les routes de France.<\/p>\n\n\n\n<h2 class=\"wp-block-heading\" id=\"ancre3\">Quelles sont les limites des couvertures d\u2019assurance auto ?<\/h2>\n\n\n\n<p>Les limites des couvertures d\u2019assurance auto sont toutes comprises dans votre contrat. Elles pr\u00e9cisent les situations dans lesquelles les garanties ne fonctionnent pas. Elles peuvent concerner les conditions de prise en charge (alcool\u00e9mie, zone g\u00e9ographique, etc.) mais aussi les plafonds de remboursement.<\/p>\n\n\n\n<p>Les couvertures d\u2019assurance auto sont \u00e9galement limit\u00e9es par la franchise dont le montant d\u00e9pend des&nbsp;formules d\u2019assurance. Cependant, il n\u2019est pas \u00e0 payer lorsque l\u2019accident&nbsp;n\u2019est pas responsable. Chez Leocare, vous \u00eates&nbsp;<strong><a href=\"https:\/\/leocare.eu\/fr\/assurance-auto-en-ligne\/couverture\/assistance-auto\/franchise-kilometrique\/\">dispens\u00e9 de la franchise kilom\u00e9trique<\/a><\/strong>&nbsp;m\u00eame en cas de souscription \u00e0 une&nbsp;assurance au tiers. En cas de&nbsp;dommages ou d\u2019accidents, notre&nbsp;compagnie d\u2019assurance&nbsp;vous porte assistance, quelle que soit la distance avec votre domicile.<\/p>\n\n\n\n<div class=\"bon-a-savoir\">\n\n\n\n<p>Bon \u00e0 savoir : votre contrat sous la main \u00e0 tout moment<\/p>\n\n\n\n<p>Vous avez des questions sur votre couverture d\u2019assurance auto et les limites de votre contrat ? Il est accessible quand vous le souhaitez dans notre app ou sur notre site web.<\/p>\n\n\n\n<\/div>\n\n\n\n<h2 class=\"wp-block-heading\" id=\"ancre4\">Comment bien choisir les garanties de son contrat d\u2019assurance auto ?<\/h2>\n\n\n\n<p>La premi\u00e8re chose \u00e0 prendre en compte pour choisir votre couverture d\u2019assurance auto est l\u2019\u00e2ge de votre v\u00e9hicule. Plus sa cote est basse, plus vous pouvez vous orienter vers une assurance au tiers. Pour un v\u00e9hicule neuf, un contrat tous risques est pr\u00e9f\u00e9rable. Autre question importante : celle du budget. La couverture d\u2019assurance auto au tiers plus peut \u00eatre une bonne alternative pour ma\u00eetriser vos d\u00e9penses, tout en b\u00e9n\u00e9ficiant de nombreuses garanties. En cas de doute, contactez nos Leoconseillers via notre chat !<\/p>\n\n\n\n<h3 class=\"wp-block-heading\"><strong>Demander des devis en ligne<\/strong><\/h3>\n\n\n\n<p>Le prix d\u2019une assurance auto d\u00e9pend des&nbsp;formules d\u2019assurances, des tarifs pratiqu\u00e9s par les&nbsp;compagnies&nbsp;ou encore de l\u2019ajout d\u2019options comme la protection juridique ou la garantie&nbsp;dommages tous accidents. Utilisez un comparateur d\u2019assurances&nbsp;en ligne ou connectez-vous sur notre site Leocare pour&nbsp;<strong><a href=\"https:\/\/leocare.eu\/fr\/assurance-auto-en-ligne\/devis\/\">obtenir un devis<\/a><\/strong>&nbsp;d\u2019assurance au tiers&nbsp;ou tous risques.&nbsp;<\/p>\n\n\n\n<h3 class=\"wp-block-heading\"><strong>Comparer les diff\u00e9rents devis<\/strong><\/h3>\n\n\n\n<p>Sur l\u2019offre personnalis\u00e9e de la&nbsp;compagnie&nbsp;d\u2019assurance, vous trouverez le d\u00e9tail des garanties, les \u00e9ventuelles exclusions de garantie ainsi que le montant de la&nbsp;cotisation. Elle indique \u00e9galement s\u2019il s\u2019agit de&nbsp;<a href=\"https:\/\/leocare.eu\/fr\/assurance-auto-en-ligne\/devis\/sans-frais-de-dossier\/\">f<strong>ormules d\u2019assurance sans frais de dossier<\/strong><\/a>. En quelques clics, vous pouvez prot\u00e9ger votre v\u00e9hicule en cas de&nbsp;dommages ou d\u2019accidents.<\/p>\n\n\n\n<h3 class=\"wp-block-heading\"><strong>Couverture et prime d\u2019assurance d\u2019une Audi<\/strong><\/h3>\n\n\n\n<p>Vous avez besoin de conna\u00eetre les diff\u00e9rentes&nbsp;formules assurance&nbsp;d\u2019une&nbsp;<strong><a href=\"https:\/\/leocare.eu\/fr\/assurance-auto-en-ligne\/audi\/\">assurance auto pour votre Audi<\/a><\/strong>&nbsp;? Le prix moyen, toutes&nbsp;compagnies&nbsp;confondues, d\u2019une&nbsp;assurance au tiers&nbsp;est de <span class=\"change-price\">781<\/span> euros. Pour une garantie tous risques ou&nbsp;dommages tous accidents&nbsp;avec une meilleure&nbsp;indemnisation, il faut compter sur une&nbsp;cotisation&nbsp;moyenne de <span class=\"change-price\">1 231<\/span> euros. Les&nbsp;conducteurs&nbsp;avec un bonus peuvent faire des \u00e9conomies sur le montant \u00e0 payer. Ils d\u00e9boursent entre <span class=\"change-price\">268<\/span> euros et <span class=\"change-price\">375<\/span> euros en prix d\u2019entr\u00e9e.<\/p>\n\n\n\n<h3 class=\"wp-block-heading\"><strong>Assurance d\u2019une Ford : garanties et montant de la cotisation<\/strong><\/h3>\n\n\n\n<p>Vous h\u00e9sitez entre une couverture&nbsp;dommages tous accidents&nbsp;et une&nbsp;assurance au tiers&nbsp;pour votre v\u00e9hicule ? Notez que la&nbsp;<strong><a href=\"https:\/\/leocare.eu\/fr\/assurance-auto-en-ligne\/ford\/\">prime d\u2019assurance auto d\u2019une Ford<\/a><\/strong>&nbsp;est comprise entre <span class=\"change-price\">257<\/span> euros et <span class=\"change-price\">2 129<\/span> euros. Elle est major\u00e9e pour les jeunes&nbsp;conducteurs&nbsp;de moins de 25 ans et, selon les&nbsp;formules d\u2019assurance, se situe entre&nbsp;<span class=\"change-price\">431<\/span> euros et <span class=\"change-price\">2 813<\/span> euros. En cas de&nbsp;malus, le prix d\u2019une assurance Ford d\u00e9bute \u00e0 <span class=\"change-price\">519<\/span> euros.<\/p>\n\n\n\n<h3 class=\"wp-block-heading\"><strong>Couverture et cotisation d\u2019une Mercedes classe C<\/strong><\/h3>\n\n\n\n<p>Vous cherchez une&nbsp;<strong><a href=\"https:\/\/leocare.eu\/fr\/assurance-auto-en-ligne\/mercedes\/classe-c\/\">assurance auto pour votre Mercedes classe C<\/a><\/strong>&nbsp;? Selon les&nbsp;formules d\u2019assurance, (assurance au tiers,&nbsp;dommages tous accidents) le montant de la&nbsp;cotisation&nbsp;annuelle varie entre <span class=\"change-price\">273<\/span> euros et <span class=\"change-price\">2 601<\/span> euros. Avec un bonus de 50, le prix d\u2019entr\u00e9e commence \u00e0 <span class=\"change-price\">232<\/span> euros. Il peut atteindre <span class=\"change-price\">4 464<\/span> euros avec un niveau de&nbsp;malus&nbsp;\u00e9lev\u00e9.<\/p>\n\n\n\n<p>La couverture d\u2019une assurance auto d\u00e9pend des compagnies et des formules d\u2019assurance choisies. N\u2019h\u00e9sitez pas \u00e0 demander un devis en ligne sur notre site Leocare pour un choix \u00e9clair\u00e9.<\/p>\n\n\n\n<p><\/p>\n","protected":false},"excerpt":{"rendered":"<p>Vous avez enfin la voiture de vos r\u00eaves ? Il ne vous reste plus qu\u2019\u00e0 l\u2019assurer. Pour vous aider \u00e0 y voir plus clair en mati\u00e8re d\u2019assurance, on vous dit tout sur les diff\u00e9rents types de couvertures d\u2019assurance auto. Nous, c\u2019est Leocare, le n\u00e9o-assureur qui r\u00e9volutionne le secteur de l\u2019assurance. Qu\u2019est-ce qu\u2019une couverture d\u2019assurance auto [&hellip;]<\/p>\n","protected":false},"author":34,"featured_media":9997,"parent":2326,"menu_order":0,"comment_status":"closed","ping_status":"closed","template":"template_seo.php","meta":{"_acf_changed":false,"footnotes":""},"class_list":["post-11309","page","type-page","status-publish","has-post-thumbnail","hentry"],"acf":[],"yoast_head":"<!-- This site is optimized with the Yoast SEO plugin v27.3 - https:\/\/yoast.com\/product\/yoast-seo-wordpress\/ -->\n<title>Couverture des assurances auto - Leocare<\/title>\n<meta name=\"description\" content=\"D\u00e9couvrez les avantages d&#039;une assurance auto directement par votre constructeur. Profitez de nos offres exclusives et s\u00e9curisez votre v\u00e9hicule d\u00e8s maintenant.\" \/>\n<meta name=\"robots\" content=\"index, follow, max-snippet:-1, max-image-preview:large, max-video-preview:-1\" \/>\n<link rel=\"canonical\" href=\"https:\/\/leocare.eu\/fr\/assurance-auto-en-ligne\/couverture\/\" \/>\n<meta property=\"og:locale\" content=\"fr_FR\" \/>\n<meta property=\"og:type\" content=\"article\" \/>\n<meta property=\"og:title\" content=\"Couverture des assurances auto - Leocare\" \/>\n<meta property=\"og:description\" content=\"D\u00e9couvrez les avantages d&#039;une assurance auto directement par votre constructeur. Profitez de nos offres exclusives et s\u00e9curisez votre v\u00e9hicule d\u00e8s maintenant.\" \/>\n<meta property=\"og:url\" content=\"https:\/\/leocare.eu\/fr\/assurance-auto-en-ligne\/couverture\/\" \/>\n<meta property=\"og:site_name\" content=\"Leocare, assurance en ligne automobile et habitation\" \/>\n<meta property=\"article:modified_time\" content=\"2026-04-07T14:50:45+00:00\" \/>\n<meta property=\"og:image\" content=\"https:\/\/leocare.eu\/fr\/wp-content\/uploads\/2022\/12\/Couverture-auto.jpg\" \/>\n\t<meta property=\"og:image:width\" content=\"1800\" \/>\n\t<meta property=\"og:image:height\" content=\"1200\" \/>\n\t<meta property=\"og:image:type\" content=\"image\/jpeg\" \/>\n<meta name=\"twitter:card\" content=\"summary_large_image\" \/>\n<meta name=\"twitter:label1\" content=\"Dur\u00e9e de lecture estim\u00e9e\" \/>\n\t<meta name=\"twitter:data1\" content=\"8 minutes\" \/>\n<!-- \/ Yoast SEO plugin. -->","yoast_head_json":{"title":"Couverture des assurances auto - Leocare","description":"D\u00e9couvrez les avantages d'une assurance auto directement par votre constructeur. Profitez de nos offres exclusives et s\u00e9curisez votre v\u00e9hicule d\u00e8s maintenant.","robots":{"index":"index","follow":"follow","max-snippet":"max-snippet:-1","max-image-preview":"max-image-preview:large","max-video-preview":"max-video-preview:-1"},"canonical":"https:\/\/leocare.eu\/fr\/assurance-auto-en-ligne\/couverture\/","og_locale":"fr_FR","og_type":"article","og_title":"Couverture des assurances auto - Leocare","og_description":"D\u00e9couvrez les avantages d'une assurance auto directement par votre constructeur. Profitez de nos offres exclusives et s\u00e9curisez votre v\u00e9hicule d\u00e8s maintenant.","og_url":"https:\/\/leocare.eu\/fr\/assurance-auto-en-ligne\/couverture\/","og_site_name":"Leocare, assurance en ligne automobile et habitation","article_modified_time":"2026-04-07T14:50:45+00:00","og_image":[{"width":1800,"height":1200,"url":"https:\/\/leocare.eu\/fr\/wp-content\/uploads\/2022\/12\/Couverture-auto.jpg","type":"image\/jpeg"}],"twitter_card":"summary_large_image","twitter_misc":{"Dur\u00e9e de lecture estim\u00e9e":"8 minutes"},"schema":{"@context":"https:\/\/schema.org","@graph":[{"@type":"WebPage","@id":"https:\/\/leocare.eu\/fr\/assurance-auto-en-ligne\/couverture\/","url":"https:\/\/leocare.eu\/fr\/assurance-auto-en-ligne\/couverture\/","name":"Couverture des assurances auto - Leocare","isPartOf":{"@id":"https:\/\/leocare.eu\/fr\/#website"},"primaryImageOfPage":{"@id":"https:\/\/leocare.eu\/fr\/assurance-auto-en-ligne\/couverture\/#primaryimage"},"image":{"@id":"https:\/\/leocare.eu\/fr\/assurance-auto-en-ligne\/couverture\/#primaryimage"},"thumbnailUrl":"https:\/\/leocare.eu\/fr\/wp-content\/uploads\/2022\/12\/Couverture-auto.jpg","datePublished":"2023-01-03T10:00:33+00:00","dateModified":"2026-04-07T14:50:45+00:00","description":"D\u00e9couvrez les avantages d'une assurance auto directement par votre constructeur. Profitez de nos offres exclusives et s\u00e9curisez votre v\u00e9hicule d\u00e8s maintenant.","breadcrumb":{"@id":"https:\/\/leocare.eu\/fr\/assurance-auto-en-ligne\/couverture\/#breadcrumb"},"inLanguage":"fr-FR","potentialAction":[{"@type":"ReadAction","target":["https:\/\/leocare.eu\/fr\/assurance-auto-en-ligne\/couverture\/"]}]},{"@type":"ImageObject","inLanguage":"fr-FR","@id":"https:\/\/leocare.eu\/fr\/assurance-auto-en-ligne\/couverture\/#primaryimage","url":"https:\/\/leocare.eu\/fr\/wp-content\/uploads\/2022\/12\/Couverture-auto.jpg","contentUrl":"https:\/\/leocare.eu\/fr\/wp-content\/uploads\/2022\/12\/Couverture-auto.jpg","width":1800,"height":1200,"caption":"couverture assurance auto"},{"@type":"WebSite","@id":"https:\/\/leocare.eu\/fr\/#website","url":"https:\/\/leocare.eu\/fr\/","name":"Leocare, assurance en ligne automobile et habitation","description":"enfin (r)assur\u00e9.e","publisher":{"@id":"https:\/\/leocare.eu\/fr\/#organization"},"potentialAction":[{"@type":"SearchAction","target":{"@type":"EntryPoint","urlTemplate":"https:\/\/leocare.eu\/fr\/?s={search_term_string}"},"query-input":{"@type":"PropertyValueSpecification","valueRequired":true,"valueName":"search_term_string"}}],"inLanguage":"fr-FR"},{"@type":"Organization","@id":"https:\/\/leocare.eu\/fr\/#organization","name":"Leocare, assurance en ligne automobile et habitation","url":"https:\/\/leocare.eu\/fr\/","logo":{"@type":"ImageObject","inLanguage":"fr-FR","@id":"https:\/\/leocare.eu\/fr\/#\/schema\/logo\/image\/","url":"https:\/\/leocare.eu\/fr\/wp-content\/uploads\/2020\/03\/logo-leocare.svg","contentUrl":"https:\/\/leocare.eu\/fr\/wp-content\/uploads\/2020\/03\/logo-leocare.svg","caption":"Leocare, assurance en ligne automobile et habitation"},"image":{"@id":"https:\/\/leocare.eu\/fr\/#\/schema\/logo\/image\/"}}]}},"_links":{"self":[{"href":"https:\/\/leocare.eu\/fr\/wp-json\/wp\/v2\/pages\/11309","targetHints":{"allow":["GET"]}}],"collection":[{"href":"https:\/\/leocare.eu\/fr\/wp-json\/wp\/v2\/pages"}],"about":[{"href":"https:\/\/leocare.eu\/fr\/wp-json\/wp\/v2\/types\/page"}],"author":[{"embeddable":true,"href":"https:\/\/leocare.eu\/fr\/wp-json\/wp\/v2\/users\/34"}],"replies":[{"embeddable":true,"href":"https:\/\/leocare.eu\/fr\/wp-json\/wp\/v2\/comments?post=11309"}],"version-history":[{"count":43,"href":"https:\/\/leocare.eu\/fr\/wp-json\/wp\/v2\/pages\/11309\/revisions"}],"predecessor-version":[{"id":39878,"href":"https:\/\/leocare.eu\/fr\/wp-json\/wp\/v2\/pages\/11309\/revisions\/39878"}],"up":[{"embeddable":true,"href":"https:\/\/leocare.eu\/fr\/wp-json\/wp\/v2\/pages\/2326"}],"wp:featuredmedia":[{"embeddable":true,"href":"https:\/\/leocare.eu\/fr\/wp-json\/wp\/v2\/media\/9997"}],"wp:attachment":[{"href":"https:\/\/leocare.eu\/fr\/wp-json\/wp\/v2\/media?parent=11309"}],"curies":[{"name":"wp","href":"https:\/\/api.w.org\/{rel}","templated":true}]}}