{"id":11305,"date":"2023-01-03T10:52:34","date_gmt":"2023-01-03T09:52:34","guid":{"rendered":"https:\/\/leocare.eu\/fr\/?page_id=11305"},"modified":"2026-04-07T16:50:44","modified_gmt":"2026-04-07T14:50:44","slug":"risques-fraude","status":"publish","type":"page","link":"https:\/\/leocare.eu\/fr\/assurance-auto-en-ligne\/sinistre\/declaration\/risques-fraude\/","title":{"rendered":"Fausse d\u00e9claration et fraude \u00e0 l\u2019assurance auto : quels risques ?"},"content":{"rendered":"\n<p>En France, tous les usagers de v\u00e9hicules \u00e0 moteur sont oblig\u00e9s de souscrire une assurance auto. Augmentation de la prime d&rsquo;assurance, malus, prise en charge des r\u00e9parations\u2026 nombreuses sont les raisons qui poussent certaines personnes \u00e0 mentir \u00e0 leur assurance auto pour \u00e9viter des frais suppl\u00e9mentaires.<\/p>\n\n\n\n<p>En 2022, pas loin de 20 % des assur\u00e9s affirment avoir d\u00e9j\u00e0 commis une fraude, selon une \u00e9tude de YouGov men\u00e9e pour le comparateur Le Lynx. Une proportion importante lorsqu&rsquo;on sait que les sanctions peuvent engendrer de lourdes peines p\u00e9nales allant d&rsquo;une amende \u00e0 une incarc\u00e9ration.<\/p>\n\n\n\n<h2 class=\"wp-block-heading\" id=\"ancre1\">Les cas de fausses d\u00e9clarations<\/h2>\n\n\n\n<h3 class=\"wp-block-heading\">Les obligations de l\u2019assur\u00e9 lors de la souscription<\/h3>\n\n\n\n<p>Lorsque vous souscrivez un contrat d\u2019assurance aupr\u00e8s d\u2019une compagnie, peu que soyez en tiers, <a href=\"https:\/\/leocare.eu\/fr\/assurance-auto-en-ligne\/tiers\/plus\/\">tiers plus<\/a> ou tous risques, vous devez remplir un formulaire d\u00e9taill\u00e9 sur vous, votre historique\u2026 Gr\u00e2ce \u00e0 ces informations, votre assurance auto \u00e9tablit votre profil d\u2019assur\u00e9. Cela permet de comprendre votre niveau de risque et d\u2019\u00e9tablir la prime annuelle \u00e0 appliquer. En bref, ce que vous devez payer pour \u00eatre couvert. Jusque-l\u00e0, rien de bien sorcier.<\/p>\n\n\n\n<p>Sauf que plus, vous indiquez d\u2019\u00e9v\u00e8nements f\u00e2cheux du pass\u00e9 ou des caract\u00e9ristiques comme un \u00e2ge certain, plus le montant de votre assurance risque d\u2019augmenter. Il peut donc \u00eatre tentant de ne pas mentionner certaines informations (le fameux mensonge par omission), d\u2019en inventer ou d\u2019en modifier, dans le but de r\u00e9duire le co\u00fbt final de votre contrat \ud83d\udcc9. Les conducteurs qui ne signalent pas un changement de situation \u00e0 leur compagnie d\u2019assurance sont \u00e9galement en situation de fraude.<\/p>\n\n\n\n<p>\u00c0 ce propos, l\u2019une des fraudes les plus courantes est la fausse d\u00e9claration du conducteur principal de la voiture. Cela concerne notamment les jeunes permis dont le co\u00fbt des assurances auto jeune conducteur est \u00e9lev\u00e9, du fait de leur profil d\u00e9butant, peu rassurant pour une compagnie d\u2019assurance. La seconde est la non-<strong><a href=\"https:\/\/leocare.eu\/fr\/assurance-auto-en-ligne\/sinistre\/declaration\/\">d\u00e9claration de sinistre auto<\/a><\/strong>, dans le cas d\u2019un accrochage responsable, par exemple, pour ne pas engranger de malus.<\/p>\n\n\n\n<p>Vous \u00eates victime ou responsable d\u2019un&nbsp;accident&nbsp;avec&nbsp;dommages&nbsp;? Quelles que soient les&nbsp;circonstances, vous devez&nbsp;<strong><a href=\"https:\/\/leocare.eu\/fr\/assurance-auto-en-ligne\/sinistre\/declaration\/\">d\u00e9clarer un sinistre \u00e0 votre assurance auto<\/a><\/strong>. Les&nbsp;conducteurs&nbsp;doivent faire preuve de la plus grande honn\u00eatet\u00e9 dans leur d\u00e9claration aux&nbsp;assurances. Faute de quoi, les&nbsp;cons\u00e9quences&nbsp;peuvent \u00eatre radicales : refus d\u2019indemnisation par la compagnie !<\/p>\n\n\n\n<p>Voil\u00e0 ce que vous risquez pour quelques petites \u00e9conomies r\u00e9alis\u00e9es :<\/p>\n\n\n\n<h3 class=\"wp-block-heading\">La fausse d\u00e9claration intentionnelle<\/h3>\n\n\n\n<p>Imaginons que vous ayez intentionnellement menti ou omis une information aupr\u00e8s de votre assurance auto et que celle-ci vous prenne la main dans le sac. On parle alors de nullit\u00e9 du contrat \u274c. Carr\u00e9ment !<\/p>\n\n\n\n<p>Votre assurance ne couvre plus un \u00e9ventuel accident et vous devez \u00e9galement rembourser tous les sinistres assurance auto, indemnis\u00e9s depuis 2 ans. En clair, les primes que vous avez vers\u00e9es sont conserv\u00e9es par votre assureur, \u00e0 titre de dommages et int\u00e9r\u00eats.<\/p>\n\n\n\n<p>Dans ces&nbsp;circonstances, votre&nbsp;compagnie&nbsp;ne proc\u00e9dera plus \u00e0 aucune&nbsp;indemnisation&nbsp;des&nbsp;dommages&nbsp;en cas d\u2018accident. Ce&nbsp;<strong><a href=\"https:\/\/leocare.eu\/fr\/assurance-auto-en-ligne\/sinistre\/indemnisation\/refus\/\">refus d\u2019indemnisation par l\u2019assurance auto<\/a><\/strong>&nbsp;est l\u2019une des cons\u00e9quences de votre fraude intentionnelle. Eh oui ! Le refus&nbsp;par les&nbsp;assurances&nbsp;est l\u00e9gal !<\/p>\n\n\n\n<p>\u00c0 noter que cette fausse attestation \u00e0 l\u2019assurance peut \u00e9galement induire une peine p\u00e9nale comme l\u2019interdiction de conduire pendant 5 ans, 2 ans de prison ou 4 500 \u20ac d\u2019amende. Rien que \u00e7a \ud83e\udd76.<\/p>\n\n\n\n<p>\u00c0 cause du Covid, les&nbsp;assurances&nbsp;ont d\u00fb revoir certaines<strong>&nbsp;r\u00e8gles de l\u2019assurance voiture avec le confinement<\/strong>. Dans ces&nbsp;circonstances&nbsp;exceptionnelles, les&nbsp;cotisations&nbsp;ont souvent \u00e9t\u00e9 r\u00e9duites, puisqu\u2019il survenait beaucoup moins de&nbsp;dommages. Cela ne change toutefois rien \u00e0 l\u2019article&nbsp;L113&nbsp;qui pr\u00e9cise que :&nbsp;<\/p>\n\n\n\n<p>\u201c(\u2026)l\u2019assureur ne r\u00e9pond pas des pertes et dommages provenant d\u2019une faute intentionnelle ou dolosive de l\u2019assur\u00e9.\u201d<\/p>\n\n\n\n<p>&nbsp;\u2013 Code des Assurances<\/p>\n\n\n\n<h3 class=\"wp-block-heading\">La fausse d\u00e9claration non intentionnelle<\/h3>\n\n\n\n<p>Comme le dit le proverbe, l\u2019erreur est humaine, il est donc possible d\u2019effectuer une fausse d\u00e9claration de mani\u00e8re non intentionnelle. Par exemple, un oubli concernant la situation de votre v\u00e9hicule que vous utilisez pour des usages professionnels alors que vous l\u2019aviez initialement d\u00e9clar\u00e9 pour des usages personnels. Pour cela, votre bonne foi doit \u00eatre prouv\u00e9e devant un tribunal convoqu\u00e9 par votre assureur \ud83e\udd1e pour \u00e9viter le refus d\u2019indemnisation.<\/p>\n\n\n\n<p>Le cas \u00e9ch\u00e9ant, si la fausse d\u00e9claration est d\u00e9couverte avant ou apr\u00e8s un sinistre, les conducteurs risquent une surprime sur les cotisations (comme la RPP), une baisse des indemnisations d\u2019assurance auto lors du sinistre, un avenant ou la r\u00e9siliation avec pr\u00e9avis de votre contrat.<\/p>\n\n\n\n<p>La R\u00e8gle Proportionnelle de Prime ou RPP d\u00e9signe une sanction de l\u2019assurance lorsqu\u2019elle \u00e9tablit une diff\u00e9rence entre le risque pris en garantie et le risque r\u00e9ellement assur\u00e9. Le montant de celle-ci est \u00e0 votre charge.<\/p>\n\n\n\n<h2 class=\"wp-block-heading\" id=\"ancre2\">Le cas de d\u00e9claration de faux sinistre<\/h2>\n\n\n\n<p>En France, le cas d\u2019escroquerie \u00e0 l\u2019assurance le plus courant reste la d\u00e9claration de faux sinistre permettant de recevoir une indemnisation. Les exemples sont divers et vari\u00e9s, mais parmi eux, citons :<\/p>\n\n\n\n<ul class=\"wp-block-list\">\n<li>La d\u00e9claration d\u2019un faux sinistre n\u2019ayant jamais eu lieu.<\/li>\n\n\n\n<li>La d\u00e9claration d\u2019un sinistre provoqu\u00e9 volontairement (v\u00e9hicule incendi\u00e9, etc.).<\/li>\n\n\n\n<li>La d\u00e9claration de vol d\u2019effets personnels \u00e0 l\u2019int\u00e9rieur du v\u00e9hicule pour indemniser des d\u00e9g\u00e2ts ext\u00e9rieurs.<\/li>\n<\/ul>\n\n\n\n<p>Le&nbsp;<strong><a href=\"https:\/\/leocare.eu\/fr\/assurance-auto-en-ligne\/couverture\/garanties\/complementaires\/dommages-materiels\/vol\/contenu-vehicule\/\">vol d\u2019effets personnels dans une auto<\/a><\/strong>&nbsp;ne b\u00e9n\u00e9ficie pas toujours d\u2019une&nbsp;indemnisation&nbsp;de la part des&nbsp;assurances. Il est parfois n\u00e9cessaire de souscrire une garantie suppl\u00e9mentaire aupr\u00e8s de votre&nbsp;compagnie. Les&nbsp;circonstances&nbsp;du vol peuvent influer sur la d\u00e9cision (celui-ci est-il intervenu la nuit dans votre parking ou sur le bas-c\u00f4t\u00e9 d\u2019une route o\u00f9 vous avez laiss\u00e9 votre voiture suite \u00e0 un&nbsp;accident&nbsp;?).<\/p>\n\n\n\n<p>La d\u00e9claration de faux sinistre \u00e0 l\u2019assurance peut entra\u00eener jusqu\u2019\u00e0 350 000 \u20ac d\u2019amende et 5 ans de prison. Un jeu qui n\u2019en vaut donc pas la chandelle \ud83d\ude2c. L\u2019article L113 du code des Assurances est clair dans ce genre de situations.<\/p>\n\n\n\n<p>Certains profitent \u00e9galement d\u2019un incident avec d\u2019autres usagers pour d\u00e9clarer des d\u00e9g\u00e2ts plus importants et ant\u00e9rieurs. C\u2019est l\u2019expert en assurance qui juge, mais dans le cas d\u2019une fraude, le contrat d\u2019assurance peut \u00eatre r\u00e9sili\u00e9 et les frais de r\u00e9paration sont \u00e0 la charge du particulier.<\/p>\n\n\n\n<p>Avec cette surestimation des&nbsp;dommages&nbsp;suite \u00e0 un&nbsp;accident, les&nbsp;conducteurs&nbsp;mal intentionn\u00e9s esp\u00e8rent parfois compenser le co\u00fbt de la&nbsp;<strong><a href=\"https:\/\/leocare.eu\/fr\/assurance-auto-en-ligne\/sinistre\/indemnisation\/franchise\/\">franchise auto<\/a><\/strong>&nbsp;impos\u00e9 par la&nbsp;compagnie d\u2019assurance. C\u2019est un tr\u00e8s mauvais calcul puisqu\u2019ils risquent de ne recevoir aucune&nbsp;indemnisation&nbsp;(article L113 du Code des&nbsp;assurances). Rappelons au passage, qu\u2019une&nbsp;compagnie d\u2019assurance&nbsp;peut proposer aux&nbsp;conducteurs&nbsp;une&nbsp;<strong><a href=\"https:\/\/leocare.eu\/fr\/assurance-auto-en-ligne\/sinistre\/indemnisation\/franchise\/relative-absolue\/\">franchise relative ou absolue<\/a><\/strong>. Cela influe bien s\u00fbr sur l\u2019indemnisation&nbsp;des&nbsp;dommages&nbsp;caus\u00e9s par un&nbsp;accident, mais \u00e9galement sur le montant des&nbsp;cotisations.<\/p>\n\n\n\n<h2 class=\"wp-block-heading\" id=\"ancre3\">Je suis victime d\u2019une fraude \u00e0 l\u2019assurance auto : que faire ?<\/h2>\n\n\n\n<p>Il peut arriver de tomber sur un usager malhonn\u00eate qui souhaite, par exemple, vous rendre responsable de d\u00e9g\u00e2ts que vous n\u2019avez pas commis. Dans ces circonstances, pas d\u2019inqui\u00e9tudes, voil\u00e0 comment r\u00e9agir :<\/p>\n\n\n\n<ul class=\"wp-block-list\">\n<li>Notez et prenez en photo la plaque d\u2019immatriculation de l\u2019usager. C\u2019est un des premiers r\u00e9flexes \u00e0 avoir, peu importe la situation, notamment si l\u2019autre conducteur refuse le constat \ud83d\udcdd.<\/li>\n\n\n\n<li>Prenez des photos des v\u00e9hicules, le v\u00f4tre ainsi que celui de l\u2019autre conducteur. Cela permet d\u2019appuyer vos propos \ud83d\udcf7.<\/li>\n\n\n\n<li>Appelez la police \ud83d\udcde.<\/li>\n\n\n\n<li>Remplissez un constat \u00e0 l\u2019aide de votre carte grise et celle du conducteur oppos\u00e9 \ud83d\uddd2.<\/li>\n<\/ul>\n\n\n\n<p>Vous avez subi un&nbsp;accident&nbsp;avec&nbsp;dommages&nbsp;et votre&nbsp;compagnie&nbsp;vous oppose un&nbsp;refus&nbsp;d\u2019indemnisation&nbsp;? Si celui-ci vous semble injustifi\u00e9, vous pouvez&nbsp;<strong><a href=\"https:\/\/leocare.eu\/fr\/assurance-auto-en-ligne\/sinistre\/indemnisation\/contester\/mediateur-assurance\/assignation-justice\/\">assigner votre assurance en justice<\/a><\/strong>, conform\u00e9ment au Code des&nbsp;assurances.<\/p>\n\n\n\n<p>Avec Leocare, d\u00e9clarer un sinistre, c\u2019est simple et rapide ! Depuis notre app, vous t\u00e9l\u00e9chargez l\u2019ensemble de vos documents, en quelques clics. Nos Leoconseillers sont \u00e9galement disponibles pour vous guider 7j\/7 et 24h\/24. Enfin, vous suivez en temps r\u00e9el l\u2019avanc\u00e9e de votre dossier pour \u00eatre indemnis\u00e9 !<\/p>\n","protected":false},"excerpt":{"rendered":"<p>En France, tous les usagers de v\u00e9hicules \u00e0 moteur sont oblig\u00e9s de souscrire une assurance auto. Augmentation de la prime d&rsquo;assurance, malus, prise en charge des r\u00e9parations\u2026 nombreuses sont les raisons qui poussent certaines personnes \u00e0 mentir \u00e0 leur assurance auto pour \u00e9viter des frais suppl\u00e9mentaires. En 2022, pas loin de 20 % des assur\u00e9s [&hellip;]<\/p>\n","protected":false},"author":34,"featured_media":10024,"parent":10832,"menu_order":0,"comment_status":"closed","ping_status":"closed","template":"template_seo.php","meta":{"_acf_changed":false,"footnotes":""},"class_list":["post-11305","page","type-page","status-publish","has-post-thumbnail","hentry"],"acf":[],"yoast_head":"<!-- This site is optimized with the Yoast SEO plugin v27.3 - https:\/\/yoast.com\/product\/yoast-seo-wordpress\/ -->\n<title>Fausse d\u00e9claration et fraude \u00e0 l\u2019assurance auto : quels risques ?<\/title>\n<meta name=\"description\" content=\"D\u00e9couvrez comment comprendre et lutter contre la fraude \u00e0 l&#039;assurance auto. Apprenez \u00e0 identifier les signes et \u00e0 vous prot\u00e9ger efficacement. Cliquez ici!\" \/>\n<meta name=\"robots\" content=\"index, follow, max-snippet:-1, max-image-preview:large, max-video-preview:-1\" \/>\n<link rel=\"canonical\" href=\"https:\/\/leocare.eu\/fr\/assurance-auto-en-ligne\/sinistre\/declaration\/risques-fraude\/\" \/>\n<meta property=\"og:locale\" content=\"fr_FR\" \/>\n<meta property=\"og:type\" content=\"article\" \/>\n<meta property=\"og:title\" content=\"Fausse d\u00e9claration et fraude \u00e0 l\u2019assurance auto : quels risques ?\" \/>\n<meta property=\"og:description\" content=\"D\u00e9couvrez comment comprendre et lutter contre la fraude \u00e0 l&#039;assurance auto. Apprenez \u00e0 identifier les signes et \u00e0 vous prot\u00e9ger efficacement. Cliquez ici!\" \/>\n<meta property=\"og:url\" content=\"https:\/\/leocare.eu\/fr\/assurance-auto-en-ligne\/sinistre\/declaration\/risques-fraude\/\" \/>\n<meta property=\"og:site_name\" content=\"Leocare, assurance en ligne automobile et habitation\" \/>\n<meta property=\"article:modified_time\" content=\"2026-04-07T14:50:44+00:00\" \/>\n<meta property=\"og:image\" content=\"https:\/\/leocare.eu\/fr\/wp-content\/uploads\/2022\/12\/fraude-assurance-auto.jpg\" \/>\n\t<meta property=\"og:image:width\" content=\"1800\" \/>\n\t<meta property=\"og:image:height\" content=\"1200\" \/>\n\t<meta property=\"og:image:type\" content=\"image\/jpeg\" \/>\n<meta name=\"twitter:card\" content=\"summary_large_image\" \/>\n<meta name=\"twitter:label1\" content=\"Dur\u00e9e de lecture estim\u00e9e\" \/>\n\t<meta name=\"twitter:data1\" content=\"7 minutes\" \/>\n<!-- \/ Yoast SEO plugin. -->","yoast_head_json":{"title":"Fausse d\u00e9claration et fraude \u00e0 l\u2019assurance auto : quels risques ?","description":"D\u00e9couvrez comment comprendre et lutter contre la fraude \u00e0 l'assurance auto. Apprenez \u00e0 identifier les signes et \u00e0 vous prot\u00e9ger efficacement. Cliquez ici!","robots":{"index":"index","follow":"follow","max-snippet":"max-snippet:-1","max-image-preview":"max-image-preview:large","max-video-preview":"max-video-preview:-1"},"canonical":"https:\/\/leocare.eu\/fr\/assurance-auto-en-ligne\/sinistre\/declaration\/risques-fraude\/","og_locale":"fr_FR","og_type":"article","og_title":"Fausse d\u00e9claration et fraude \u00e0 l\u2019assurance auto : quels risques ?","og_description":"D\u00e9couvrez comment comprendre et lutter contre la fraude \u00e0 l'assurance auto. Apprenez \u00e0 identifier les signes et \u00e0 vous prot\u00e9ger efficacement. Cliquez ici!","og_url":"https:\/\/leocare.eu\/fr\/assurance-auto-en-ligne\/sinistre\/declaration\/risques-fraude\/","og_site_name":"Leocare, assurance en ligne automobile et habitation","article_modified_time":"2026-04-07T14:50:44+00:00","og_image":[{"width":1800,"height":1200,"url":"https:\/\/leocare.eu\/fr\/wp-content\/uploads\/2022\/12\/fraude-assurance-auto.jpg","type":"image\/jpeg"}],"twitter_card":"summary_large_image","twitter_misc":{"Dur\u00e9e de lecture estim\u00e9e":"7 minutes"},"schema":{"@context":"https:\/\/schema.org","@graph":[{"@type":"WebPage","@id":"https:\/\/leocare.eu\/fr\/assurance-auto-en-ligne\/sinistre\/declaration\/risques-fraude\/","url":"https:\/\/leocare.eu\/fr\/assurance-auto-en-ligne\/sinistre\/declaration\/risques-fraude\/","name":"Fausse d\u00e9claration et fraude \u00e0 l\u2019assurance auto : quels risques ?","isPartOf":{"@id":"https:\/\/leocare.eu\/fr\/#website"},"primaryImageOfPage":{"@id":"https:\/\/leocare.eu\/fr\/assurance-auto-en-ligne\/sinistre\/declaration\/risques-fraude\/#primaryimage"},"image":{"@id":"https:\/\/leocare.eu\/fr\/assurance-auto-en-ligne\/sinistre\/declaration\/risques-fraude\/#primaryimage"},"thumbnailUrl":"https:\/\/leocare.eu\/fr\/wp-content\/uploads\/2022\/12\/fraude-assurance-auto.jpg","datePublished":"2023-01-03T09:52:34+00:00","dateModified":"2026-04-07T14:50:44+00:00","description":"D\u00e9couvrez comment comprendre et lutter contre la fraude \u00e0 l'assurance auto. Apprenez \u00e0 identifier les signes et \u00e0 vous prot\u00e9ger efficacement. Cliquez ici!","breadcrumb":{"@id":"https:\/\/leocare.eu\/fr\/assurance-auto-en-ligne\/sinistre\/declaration\/risques-fraude\/#breadcrumb"},"inLanguage":"fr-FR","potentialAction":[{"@type":"ReadAction","target":["https:\/\/leocare.eu\/fr\/assurance-auto-en-ligne\/sinistre\/declaration\/risques-fraude\/"]}]},{"@type":"ImageObject","inLanguage":"fr-FR","@id":"https:\/\/leocare.eu\/fr\/assurance-auto-en-ligne\/sinistre\/declaration\/risques-fraude\/#primaryimage","url":"https:\/\/leocare.eu\/fr\/wp-content\/uploads\/2022\/12\/fraude-assurance-auto.jpg","contentUrl":"https:\/\/leocare.eu\/fr\/wp-content\/uploads\/2022\/12\/fraude-assurance-auto.jpg","width":1800,"height":1200,"caption":"Fraude Assurance Auto"},{"@type":"WebSite","@id":"https:\/\/leocare.eu\/fr\/#website","url":"https:\/\/leocare.eu\/fr\/","name":"Leocare, assurance en ligne automobile et habitation","description":"enfin (r)assur\u00e9.e","publisher":{"@id":"https:\/\/leocare.eu\/fr\/#organization"},"potentialAction":[{"@type":"SearchAction","target":{"@type":"EntryPoint","urlTemplate":"https:\/\/leocare.eu\/fr\/?s={search_term_string}"},"query-input":{"@type":"PropertyValueSpecification","valueRequired":true,"valueName":"search_term_string"}}],"inLanguage":"fr-FR"},{"@type":"Organization","@id":"https:\/\/leocare.eu\/fr\/#organization","name":"Leocare, assurance en ligne automobile et habitation","url":"https:\/\/leocare.eu\/fr\/","logo":{"@type":"ImageObject","inLanguage":"fr-FR","@id":"https:\/\/leocare.eu\/fr\/#\/schema\/logo\/image\/","url":"https:\/\/leocare.eu\/fr\/wp-content\/uploads\/2020\/03\/logo-leocare.svg","contentUrl":"https:\/\/leocare.eu\/fr\/wp-content\/uploads\/2020\/03\/logo-leocare.svg","caption":"Leocare, assurance en ligne automobile et habitation"},"image":{"@id":"https:\/\/leocare.eu\/fr\/#\/schema\/logo\/image\/"}}]}},"_links":{"self":[{"href":"https:\/\/leocare.eu\/fr\/wp-json\/wp\/v2\/pages\/11305","targetHints":{"allow":["GET"]}}],"collection":[{"href":"https:\/\/leocare.eu\/fr\/wp-json\/wp\/v2\/pages"}],"about":[{"href":"https:\/\/leocare.eu\/fr\/wp-json\/wp\/v2\/types\/page"}],"author":[{"embeddable":true,"href":"https:\/\/leocare.eu\/fr\/wp-json\/wp\/v2\/users\/34"}],"replies":[{"embeddable":true,"href":"https:\/\/leocare.eu\/fr\/wp-json\/wp\/v2\/comments?post=11305"}],"version-history":[{"count":40,"href":"https:\/\/leocare.eu\/fr\/wp-json\/wp\/v2\/pages\/11305\/revisions"}],"predecessor-version":[{"id":39024,"href":"https:\/\/leocare.eu\/fr\/wp-json\/wp\/v2\/pages\/11305\/revisions\/39024"}],"up":[{"embeddable":true,"href":"https:\/\/leocare.eu\/fr\/wp-json\/wp\/v2\/pages\/10832"}],"wp:featuredmedia":[{"embeddable":true,"href":"https:\/\/leocare.eu\/fr\/wp-json\/wp\/v2\/media\/10024"}],"wp:attachment":[{"href":"https:\/\/leocare.eu\/fr\/wp-json\/wp\/v2\/media?parent=11305"}],"curies":[{"name":"wp","href":"https:\/\/api.w.org\/{rel}","templated":true}]}}