{"id":11126,"date":"2022-12-30T16:38:35","date_gmt":"2022-12-30T15:38:35","guid":{"rendered":"https:\/\/leocare.eu\/fr\/?page_id=11126"},"modified":"2026-04-07T16:34:20","modified_gmt":"2026-04-07T14:34:20","slug":"recours-droit-commun","status":"publish","type":"page","link":"https:\/\/leocare.eu\/fr\/assurance-auto-en-ligne\/sinistre\/declaration\/recours-droit-commun\/","title":{"rendered":"Recours en droit commun ou recours direct"},"content":{"rendered":"\n<p>Conducteur irr\u00e9prochable, vous \u00eates un tr\u00e8s bon \u00e9l\u00e8ve sur la route \ud83e\udd13. Toujours attentif, respectueux de la signalisation, \u00e0 cheval sur la vitesse limite autoris\u00e9e, vous m\u00e9ritez la m\u00e9daille du meilleur automobiliste de l\u2019ann\u00e9e. Malheureusement, vous avez crois\u00e9 la route d\u2019un usager bien moins attentif\u2026 La suite, vous vous en doutez\u2026 L\u2019accident \ud83d\udca5. En pareil cas, face \u00e0 un dommage non responsable, lorsqu\u2019un constat amiable a pu \u00eatre \u00e9tabli, que le tiers responsable est identifi\u00e9, vous avez la possibilit\u00e9 d\u2019engager directement un recours contre l\u2019assurance. Leocare, la n\u00e9o-assurance qui joue la carte de la transparence, vous explique comment faire et quels en sont les avantages.<\/p>\n\n\n\n<h2 class=\"wp-block-heading\" id=\"section-1-recours-en-droit-commun-dfinition\"><strong>Recours en droit commun : d\u00e9finition<\/strong><\/h2>\n\n\n\n<p>Vous vivez une situation p\u00e9nible, celle de l\u2019accident non responsable. Alors que vous circuliez tranquillement sur la route \ud83d\ude98, sans commettre aucune infraction, aucune imprudence, vous avez \u00e9t\u00e9 percut\u00e9 par un autre usager.<\/p>\n\n\n\n<h3 class=\"wp-block-heading\"><strong>La proc\u00e9dure classique d\u2019indemnisation<\/strong><\/h3>\n\n\n\n<p>Apr\u00e8s avoir fait le constat amiable, puis r\u00e9cup\u00e9r\u00e9 les coordonn\u00e9es du tiers responsable comme de son assureur, vous avez la possibilit\u00e9 de faire&nbsp;<strong><a href=\"https:\/\/leocare.eu\/fr\/assurance-auto-en-ligne\/sinistre\/declaration\/\">une d\u00e9claration de sinistre auto<\/a><\/strong>&nbsp;aupr\u00e8s de votre assurance Leocare, en quelques clics depuis notre app \ud83d\udcf1.<\/p>\n\n\n\n<p>La d\u00e9claration d\u2019un&nbsp;accident&nbsp;aupr\u00e8s des&nbsp;assurances&nbsp;peut se faire \u00e9galement par mail ou par courrier. Leocare vous prodigue quelques&nbsp;<strong><a href=\"https:\/\/leocare.eu\/fr\/assurance-auto-en-ligne\/sinistre\/declaration\/lettre\/\">conseils pour bien r\u00e9diger une lettre de d\u00e9claration de sinistre<\/a><\/strong>. Dans le cas de d\u00e9gradations (vandalisme, catastrophe naturelle) en votre&nbsp;absence, le d\u00e9lai de demande d\u2019indemnisation&nbsp;prend effet lorsque vous constatez les faits.&nbsp;<\/p>\n\n\n\n<p>De son c\u00f4t\u00e9, le responsable se charge d\u2019enclencher le processus d\u2019indemnisation&nbsp;pr\u00e9vu dans sa convention d\u2019assurance auto. Il s\u2019agit de la proc\u00e9dure classique. Votre assurance vous verse une indemnit\u00e9 pour&nbsp;les pr\u00e9judices subis. Puis, elle se retourne contre celle du responsable pour r\u00e9cup\u00e9rer les fonds.<\/p>\n\n\n\n<h3 class=\"wp-block-heading\"><strong>Le recours en droit commun<\/strong><\/h3>\n\n\n\n<p>Vous avez n\u00e9anmoins la possibilit\u00e9 de vous adresser directement \u00e0 l\u2019assurance du responsable dans le cadre du recours assurance direct. On appelle \u00e9galement cette d\u00e9marche, le recours en droit commun d\u2019assurance. Elle vous permet de vous adresser en direct \u00e0 l\u2019assurance du tiers responsable pour vous faire indemniser \ud83d\udcb6, m\u00eame si vous n\u2019avez aucun lien contractuel avec elle. Cette proc\u00e9dure&nbsp;tire son fondement&nbsp;de l\u2019article L.124-3 du Code des assurances.<\/p>\n\n\n\n<h2 class=\"wp-block-heading\" id=\"section-2-quel-avantage-passer-par-le-recours-direct-en-cas-daccident-\"><strong>Quel avantage \u00e0 passer par le recours direct en cas d\u2019accident de voiture ?<\/strong><\/h2>\n\n\n\n<p>La proc\u00e9dure du recours en droit commun a pour seul but de mieux prot\u00e9ger les victimes d\u2019un sinistre non responsable. Il vous permet, en plus, de b\u00e9n\u00e9ficier d\u2019autres avantages.<\/p>\n\n\n\n<h3 class=\"wp-block-heading\"><strong>Nul besoin de d\u00e9clarer le sinistre \u00e0 votre assurance<\/strong><\/h3>\n\n\n\n<p>En optant pour cette d\u00e9marche, vous n\u2019avez pas l\u2019obligation de d\u00e9clarer le sinistre \u00e0 votre propre&nbsp;assureur.&nbsp;Vous minimisez donc les risques&nbsp;d\u2019une augmentation&nbsp;de votre prime \ud83d\udcb6,&nbsp;d\u2019une suspension&nbsp;ou d\u2019une r\u00e9siliation de contrat. Suite \u00e0 diff\u00e9rents accords pass\u00e9s entre les assureurs, les accidents non responsables dont&nbsp;le montant des indemnit\u00e9s&nbsp;est compris entre 1 200 \u20ac et 6 500 \u20ac co\u00fbtent de l\u2019argent \u00e0 votre compagnie. S\u2019ils sont trop fr\u00e9quents, trop nombreux, cette derni\u00e8re peut alors \u00eatre tent\u00e9e, a minima, d\u2019augmenter votre prime annuelle.<\/p>\n\n\n\n<h3 class=\"wp-block-heading\"><strong>Vous b\u00e9n\u00e9ficiez d\u2019une meilleure indemnisation<\/strong><\/h3>\n\n\n\n<p>En vous adressant directement \u00e0 l\u2019assurance auto du tiers responsable, vous \u00eates g\u00e9n\u00e9ralement mieux indemnis\u00e9. L\u2019expert, mandat\u00e9 par vos soins, \u00e9met un avis plus nuanc\u00e9 en votre faveur. La proc\u00e9dure du recours direct tient \u00e9galement compte du pr\u00e9judice r\u00e9el subi, et peut se montrer plus g\u00e9n\u00e9reuse, en mati\u00e8re de&nbsp;d\u00e9dommagement.<\/p>\n\n\n\n<p>Cependant, les d\u00e9lais d\u2019indemnisation&nbsp;apr\u00e8s un&nbsp;accident&nbsp;ou une d\u00e9gradation peuvent \u00eatre longs. Vous ne pouvez plus attendre pour commencer les r\u00e9parations de votre v\u00e9hicule ? Une solution vous \u00e9vite de mettre la main \u00e0 la poche. Leocare vous dit&nbsp;<strong><a href=\"https:\/\/leocare.eu\/fr\/assurance-auto-en-ligne\/sinistre\/indemnisation\/avance-sur-recours\/\">tout sur l\u2019avance sur recours en assurance auto<\/a><\/strong>. Ce proc\u00e9d\u00e9 permet aux&nbsp;assurances&nbsp;d\u2019avancer une partie du montant du d\u00e9dommagement pr\u00e9vu dans la&nbsp;convention, avant la r\u00e9solution totale du&nbsp;litige.<\/p>\n\n\n\n<h2 class=\"wp-block-heading\" id=\"section-3-quand-peut-on-faire-lusage-du-recours-en-droit-commun-\"><strong>Quand peut-on faire l\u2019usage du recours en droit commun ?<\/strong><\/h2>\n\n\n\n<p>Pour engager un recours en assurance direct, il vous faut r\u00e9pondre \u00e0 quelques conditions :<\/p>\n\n\n\n<ul class=\"wp-block-list\">\n<li>Vous \u00eates victime d\u2019un sinistre auto non responsable \ud83d\udca5.<\/li>\n\n\n\n<li>Vous avez identifi\u00e9 le tiers responsable.<\/li>\n\n\n\n<li>Vous avez r\u00e9dig\u00e9 avec lui un constat amiable \ud83d\udcd1 dans lequel il reconna\u00eet l\u2019ensemble de ses torts.<\/li>\n<\/ul>\n\n\n\n<p>Il est \u00e9galement n\u00e9cessaire que le responsable dispose d\u2019une assurance en responsabilit\u00e9 civile. C\u2019est \u00e0 elle que vous devez vous adresser pour faire usage du recours en droit commun dans le cadre d\u2019un&nbsp;accident.&nbsp;En cas de&nbsp;litige&nbsp;avec l\u2019une des deux&nbsp;assurances, ne courez pas saisir le tribunal de votre&nbsp;juridiction&nbsp;! Le mot d\u2019ordre est diplomatie.&nbsp;<strong><a href=\"https:\/\/leocare.eu\/fr\/assurance-auto-en-ligne\/sinistre\/indemnisation\/litige\/\">Comment r\u00e9soudre un litige avec votre assurance auto<\/a><\/strong>&nbsp;? Nous vous livrons quelques lignes pour vous aider \u00e0 obtenir une&nbsp;indemnisation&nbsp;r\u00e9clam\u00e9e. Soyez vigilant sur les d\u00e9lais de&nbsp;prescription.<\/p>\n\n\n\n<p>En dernier recours, en l\u2019absence&nbsp;de consensus avec les&nbsp;assurances, vous pouvez faire appel \u00e0 la justice.&nbsp;<strong><a href=\"https:\/\/leocare.eu\/fr\/assurance-auto-en-ligne\/sinistre\/indemnisation\/contester\/mediateur-assurance\/assignation-justice\/\">Comment assigner une assurance en justice<\/a><\/strong>&nbsp;? Saisissez la&nbsp;juridiction&nbsp;comp\u00e9tente en fonction du lieu de l\u2019accident&nbsp;et du montant du&nbsp;litige. Comme toute affaire judiciaire, la r\u00e9clamation d\u2019une&nbsp;indemnisation&nbsp;est soumise \u00e0 un d\u00e9lai de&nbsp;prescription.&nbsp;Respectez les dates de proc\u00e9dure.<\/p>\n\n\n\n<h2 class=\"wp-block-heading\" id=\"section-4-procdure-dun-recours-direct-ou-recours-en-droit-commun\"><strong>Proc\u00e9dure d\u2019un recours direct ou recours en droit commun<\/strong><\/h2>\n\n\n\n<p>Pour \u00eatre directement indemnis\u00e9 par l\u2019assurance du responsable de la collision, vous choisissez le recours en droit commun.&nbsp;Nul besoin de cour de cassation ! La proc\u00e9dure est simple.&nbsp;Pour ce faire, suivez ces diff\u00e9rentes \u00e9tapes :<\/p>\n\n\n\n<ul class=\"wp-block-list\">\n<li>V\u00e9rifiez la validit\u00e9 du contrat d\u2019assurance du tiers responsable. Sa responsabilit\u00e9 civile doit le couvrir au moment du sinistre.<\/li>\n\n\n\n<li>Contactez ensuite son assureur en lui transmettant les documents prouvant l\u2019enti\u00e8re responsabilit\u00e9 de son assur\u00e9 \u00e0 votre \u00e9gard. Proc\u00e9dez ici via une assignation. Elle doit \u00eatre \u00e9tablie en m\u00eame temps que celle du conducteur responsable.<\/li>\n\n\n\n<li>Lorsque la responsabilit\u00e9 de l\u2019autre conducteur est prouv\u00e9e, son assureur est dans l\u2019obligation de vous verser rapidement et directement le montant des indemnit\u00e9s.<\/li>\n<\/ul>\n\n\n\n<div class=\"bon-a-savoir\">\n\n\n\n<p>Bon \u00e0 savoir : L\u2019intervention de l\u2019assurance est limit\u00e9e aux garanties pr\u00e9vues au contrat<\/p>\n\n\n\n<p>L\u2019assureur du responsable du sinistre vous indemnise selon les conditions pr\u00e9vues au contrat du tiers responsable, et non du v\u00f4tre.<\/p>\n\n\n\n<\/div>\n\n\n\n<p>En cas de d\u00e9saccord avec l\u2019autre conducteur, vous pouvez compter sur Leocare. Dans l\u2019ensemble de nos contrats, de la formule tiers \u00e0 la formule tous risques en passant par la <a href=\"https:\/\/leocare.eu\/fr\/assurance-auto-en-ligne\/tiers\/plus\/\">formule tiers \u00e9tendu<\/a>, nous prot\u00e9geons vos int\u00e9r\u00eats via notre d\u00e9fense p\u00e9nale et recours suite \u00e0 un accident. Et en cas de litige avec un autre usager de la route, nous d\u00e9fendons vos droits.<\/p>\n\n\n\n<h2 class=\"wp-block-heading\" id=\"section-5-qui-est-ligible-au-recours-direct-\"><strong>Qui est \u00e9ligible au recours direct ?<\/strong><\/h2>\n\n\n\n<p>Lorsque toutes les conditions pr\u00e9c\u00e9dentes sont r\u00e9unies, vous pouvez engager un recours direct. Vous y \u00eates \u00e9galement \u00e9ligible \ud83d\udc4b\ud83c\udffc si vous \u00eates une victime par ricochet ou l\u2019h\u00e9ritier d\u2019une personne d\u00e9c\u00e9d\u00e9e suite \u00e0 l\u2019accident.<\/p>\n\n\n\n<h2 class=\"wp-block-heading\" id=\"section-6-les-informations-utiles-propos-du-recours-direct\"><strong>Les informations utiles \u00e0 propos du recours direct<\/strong><\/h2>\n\n\n\n<p>Le recours contre la compagnie d\u2019assurances doit \u00eatre engag\u00e9 rapidement apr\u00e8s le sinistre, g\u00e9n\u00e9ralement sous 5 jours ouvr\u00e9s.&nbsp;Leaocare vous livre quelques informations sur la&nbsp;<strong><a href=\"https:\/\/leocare.eu\/fr\/assurance-auto-en-ligne\/sinistre\/indemnisation\/decheance-garantie\/\">d\u00e9finition et l\u2019application d\u2019une d\u00e9ch\u00e9ance de garantie<\/a><\/strong>.&nbsp;Le respect des d\u00e9lais de prescription est important, surtout en cas de&nbsp;litige. En l\u2018absence&nbsp;de d\u00e9marche dans le temps imparti, les&nbsp;assurances&nbsp;ont la possibilit\u00e9 de vous refuser l\u2019indemnisation&nbsp;initialement pr\u00e9vue lors de la&nbsp;survenance&nbsp;d\u2019un&nbsp;accident.&nbsp;<\/p>\n\n\n\n<p>La d\u00e9ch\u00e9ance de garantie n\u2019est pas assimilable \u00e0 l\u2019exclusion de garantie. Ce sont deux choses bien distinctes. L\u2019exclusion ne fait pas suite \u00e0 un&nbsp;litige. Nous vous expliquons tout sur&nbsp;<a href=\"https:\/\/leocare.eu\/fr\/assurance-auto-en-ligne\/couverture\/contrat\/exclusion-garantie\/\"><strong>la d\u00e9finition et le recours d\u2019exclusion de garantie<\/strong>.<\/a>&nbsp;Les exclusions sont des clauses de contrat d\u00e9finissant les circonstances dans lesquelles les assurances n\u2019interviennent pas. Cela ne n\u00e9cessite nullement d\u2019interpeller la&nbsp;Cour de cassation&nbsp;! L\u2019exclusion pose l\u00e9galement une&nbsp;absence&nbsp;d\u2018indemnisation&nbsp;pour certain type d\u2019accident&nbsp;par exemple.&nbsp;<\/p>\n\n\n\n<p>En l\u2019absence d\u2019un dossier complet \ud83d\uddc2&nbsp;vous ne pouvez&nbsp;entamer&nbsp;le recours direct.&nbsp;Pour cela, fournissez \u00e0 l\u2019assureur du responsable, le constat amiable r\u00e9dig\u00e9 avec ce dernier, mais \u00e9galement diff\u00e9rents documents :<\/p>\n\n\n\n<ul class=\"wp-block-list\">\n<li>Un devis d\u00e9taill\u00e9 des dommages, r\u00e9alis\u00e9 par un r\u00e9parateur professionnel.<\/li>\n\n\n\n<li>Les conclusions d\u2019un expert ind\u00e9pendant, mandat\u00e9 par vos soins.<\/li>\n<\/ul>\n\n\n\n<p>Si&nbsp;l\u2019assureur&nbsp;est en d\u00e9saccord, il est en droit de demander une expertise contradictoire. S\u2019il est ensuite impossible de trouver une entente, vous devez envisager d\u2019intenter contre l\u2019assurance une action en justice. Vous avez un d\u00e9lai maximal de 2 ans pour le faire.<\/p>\n\n\n\n<p>L\u2019assurance applique, par ailleurs, les conditions inscrites au contrat de l\u2019assur\u00e9 responsable. Elle est donc en droit de d\u00e9duire le montant d\u2019une franchise de son indemnisation et de se limiter au plafond maximal pr\u00e9vu. Si la somme vers\u00e9e ne couvre qu\u2019en partie le montant des dommages, vous avez ensuite la possibilit\u00e9 de demander le compl\u00e9ment aupr\u00e8s de l\u2019assur\u00e9 responsable.<\/p>\n\n\n\n<p>Petit cachottier\u2026 Vous n\u2019avez pas envie d\u2019informer votre compagnie de la survenue d\u2019un&nbsp;accrochage&nbsp;non responsable ? Vous en avez le droit ! Il vous faut alors engager un recours en droit commun contre l\u2019assureur du tiers responsable.<\/p>\n\n\n\n<p>Les&nbsp;assurances&nbsp;auto comprennent de nombreuses clauses et options. Pour \u00eatre totalement couvert en cas d\u2019accident&nbsp;et \u00e9viter toutes sources de&nbsp;litige, vous pouvez assurer vos accessoires.&nbsp;<strong><a href=\"https:\/\/leocare.eu\/fr\/assurance-auto-en-ligne\/couverture\/garanties\/complementaires\/dommages-materiels\/equipements-auto\/coffre-de-toit\/\">Faut-il souscrire une assurance auto pour son coffre de toit<\/a><\/strong>&nbsp;? Leocare vous parle d\u2019une&nbsp;indemnisation&nbsp;sp\u00e9cifique.<\/p>\n","protected":false},"excerpt":{"rendered":"<p>Conducteur irr\u00e9prochable, vous \u00eates un tr\u00e8s bon \u00e9l\u00e8ve sur la route \ud83e\udd13. Toujours attentif, respectueux de la signalisation, \u00e0 cheval sur la vitesse limite autoris\u00e9e, vous m\u00e9ritez la m\u00e9daille du meilleur automobiliste de l\u2019ann\u00e9e. Malheureusement, vous avez crois\u00e9 la route d\u2019un usager bien moins attentif\u2026 La suite, vous vous en doutez\u2026 L\u2019accident \ud83d\udca5. En pareil [&hellip;]<\/p>\n","protected":false},"author":34,"featured_media":10054,"parent":10832,"menu_order":0,"comment_status":"closed","ping_status":"closed","template":"template_seo.php","meta":{"_acf_changed":false,"footnotes":""},"class_list":["post-11126","page","type-page","status-publish","has-post-thumbnail","hentry"],"acf":[],"yoast_head":"<!-- This site is optimized with the Yoast SEO plugin v27.3 - https:\/\/yoast.com\/product\/yoast-seo-wordpress\/ -->\n<title>Action contre l\u2019assurance : le recours en droit commun<\/title>\n<meta name=\"description\" content=\"D\u00e9couvrez ce qu&#039;est le recours en droit commun ou direct. Cliquez ici pour une explication compl\u00e8te et enrichissez vos connaissances en droit. \u00c0 ne pas manquer!\" \/>\n<meta name=\"robots\" content=\"index, follow, max-snippet:-1, max-image-preview:large, max-video-preview:-1\" \/>\n<link rel=\"canonical\" href=\"https:\/\/leocare.eu\/fr\/assurance-auto-en-ligne\/sinistre\/declaration\/recours-droit-commun\/\" \/>\n<meta property=\"og:locale\" content=\"fr_FR\" \/>\n<meta property=\"og:type\" content=\"article\" \/>\n<meta property=\"og:title\" content=\"Action contre l\u2019assurance : le recours en droit commun\" \/>\n<meta property=\"og:description\" content=\"D\u00e9couvrez ce qu&#039;est le recours en droit commun ou direct. Cliquez ici pour une explication compl\u00e8te et enrichissez vos connaissances en droit. \u00c0 ne pas manquer!\" \/>\n<meta property=\"og:url\" content=\"https:\/\/leocare.eu\/fr\/assurance-auto-en-ligne\/sinistre\/declaration\/recours-droit-commun\/\" \/>\n<meta property=\"og:site_name\" content=\"Leocare, assurance en ligne automobile et habitation\" \/>\n<meta property=\"article:modified_time\" content=\"2026-04-07T14:34:20+00:00\" \/>\n<meta property=\"og:image\" content=\"https:\/\/leocare.eu\/fr\/wp-content\/uploads\/2022\/12\/recours-assurance.jpg\" \/>\n\t<meta property=\"og:image:width\" content=\"1800\" \/>\n\t<meta property=\"og:image:height\" content=\"1200\" \/>\n\t<meta property=\"og:image:type\" content=\"image\/jpeg\" \/>\n<meta name=\"twitter:card\" content=\"summary_large_image\" \/>\n<meta name=\"twitter:label1\" content=\"Est. reading time\" \/>\n\t<meta name=\"twitter:data1\" content=\"9 minutes\" \/>\n<!-- \/ Yoast SEO plugin. -->","yoast_head_json":{"title":"Action contre l\u2019assurance : le recours en droit commun","description":"D\u00e9couvrez ce qu'est le recours en droit commun ou direct. Cliquez ici pour une explication compl\u00e8te et enrichissez vos connaissances en droit. \u00c0 ne pas manquer!","robots":{"index":"index","follow":"follow","max-snippet":"max-snippet:-1","max-image-preview":"max-image-preview:large","max-video-preview":"max-video-preview:-1"},"canonical":"https:\/\/leocare.eu\/fr\/assurance-auto-en-ligne\/sinistre\/declaration\/recours-droit-commun\/","og_locale":"fr_FR","og_type":"article","og_title":"Action contre l\u2019assurance : le recours en droit commun","og_description":"D\u00e9couvrez ce qu'est le recours en droit commun ou direct. Cliquez ici pour une explication compl\u00e8te et enrichissez vos connaissances en droit. \u00c0 ne pas manquer!","og_url":"https:\/\/leocare.eu\/fr\/assurance-auto-en-ligne\/sinistre\/declaration\/recours-droit-commun\/","og_site_name":"Leocare, assurance en ligne automobile et habitation","article_modified_time":"2026-04-07T14:34:20+00:00","og_image":[{"width":1800,"height":1200,"url":"https:\/\/leocare.eu\/fr\/wp-content\/uploads\/2022\/12\/recours-assurance.jpg","type":"image\/jpeg"}],"twitter_card":"summary_large_image","twitter_misc":{"Est. reading time":"9 minutes"},"schema":{"@context":"https:\/\/schema.org","@graph":[{"@type":"WebPage","@id":"https:\/\/leocare.eu\/fr\/assurance-auto-en-ligne\/sinistre\/declaration\/recours-droit-commun\/","url":"https:\/\/leocare.eu\/fr\/assurance-auto-en-ligne\/sinistre\/declaration\/recours-droit-commun\/","name":"Action contre l\u2019assurance : le recours en droit commun","isPartOf":{"@id":"https:\/\/leocare.eu\/fr\/#website"},"primaryImageOfPage":{"@id":"https:\/\/leocare.eu\/fr\/assurance-auto-en-ligne\/sinistre\/declaration\/recours-droit-commun\/#primaryimage"},"image":{"@id":"https:\/\/leocare.eu\/fr\/assurance-auto-en-ligne\/sinistre\/declaration\/recours-droit-commun\/#primaryimage"},"thumbnailUrl":"https:\/\/leocare.eu\/fr\/wp-content\/uploads\/2022\/12\/recours-assurance.jpg","datePublished":"2022-12-30T15:38:35+00:00","dateModified":"2026-04-07T14:34:20+00:00","description":"D\u00e9couvrez ce qu'est le recours en droit commun ou direct. Cliquez ici pour une explication compl\u00e8te et enrichissez vos connaissances en droit. \u00c0 ne pas manquer!","breadcrumb":{"@id":"https:\/\/leocare.eu\/fr\/assurance-auto-en-ligne\/sinistre\/declaration\/recours-droit-commun\/#breadcrumb"},"inLanguage":"fr-FR","potentialAction":[{"@type":"ReadAction","target":["https:\/\/leocare.eu\/fr\/assurance-auto-en-ligne\/sinistre\/declaration\/recours-droit-commun\/"]}]},{"@type":"ImageObject","inLanguage":"fr-FR","@id":"https:\/\/leocare.eu\/fr\/assurance-auto-en-ligne\/sinistre\/declaration\/recours-droit-commun\/#primaryimage","url":"https:\/\/leocare.eu\/fr\/wp-content\/uploads\/2022\/12\/recours-assurance.jpg","contentUrl":"https:\/\/leocare.eu\/fr\/wp-content\/uploads\/2022\/12\/recours-assurance.jpg","width":1800,"height":1200,"caption":"Recours assurance"},{"@type":"WebSite","@id":"https:\/\/leocare.eu\/fr\/#website","url":"https:\/\/leocare.eu\/fr\/","name":"Leocare, assurance en ligne automobile et habitation","description":"enfin (r)assur\u00e9.e","publisher":{"@id":"https:\/\/leocare.eu\/fr\/#organization"},"potentialAction":[{"@type":"SearchAction","target":{"@type":"EntryPoint","urlTemplate":"https:\/\/leocare.eu\/fr\/?s={search_term_string}"},"query-input":{"@type":"PropertyValueSpecification","valueRequired":true,"valueName":"search_term_string"}}],"inLanguage":"fr-FR"},{"@type":"Organization","@id":"https:\/\/leocare.eu\/fr\/#organization","name":"Leocare, assurance en ligne automobile et habitation","url":"https:\/\/leocare.eu\/fr\/","logo":{"@type":"ImageObject","inLanguage":"fr-FR","@id":"https:\/\/leocare.eu\/fr\/#\/schema\/logo\/image\/","url":"https:\/\/leocare.eu\/fr\/wp-content\/uploads\/2020\/03\/logo-leocare.svg","contentUrl":"https:\/\/leocare.eu\/fr\/wp-content\/uploads\/2020\/03\/logo-leocare.svg","caption":"Leocare, assurance en ligne automobile et habitation"},"image":{"@id":"https:\/\/leocare.eu\/fr\/#\/schema\/logo\/image\/"}}]}},"_links":{"self":[{"href":"https:\/\/leocare.eu\/fr\/wp-json\/wp\/v2\/pages\/11126","targetHints":{"allow":["GET"]}}],"collection":[{"href":"https:\/\/leocare.eu\/fr\/wp-json\/wp\/v2\/pages"}],"about":[{"href":"https:\/\/leocare.eu\/fr\/wp-json\/wp\/v2\/types\/page"}],"author":[{"embeddable":true,"href":"https:\/\/leocare.eu\/fr\/wp-json\/wp\/v2\/users\/34"}],"replies":[{"embeddable":true,"href":"https:\/\/leocare.eu\/fr\/wp-json\/wp\/v2\/comments?post=11126"}],"version-history":[{"count":23,"href":"https:\/\/leocare.eu\/fr\/wp-json\/wp\/v2\/pages\/11126\/revisions"}],"predecessor-version":[{"id":39023,"href":"https:\/\/leocare.eu\/fr\/wp-json\/wp\/v2\/pages\/11126\/revisions\/39023"}],"up":[{"embeddable":true,"href":"https:\/\/leocare.eu\/fr\/wp-json\/wp\/v2\/pages\/10832"}],"wp:featuredmedia":[{"embeddable":true,"href":"https:\/\/leocare.eu\/fr\/wp-json\/wp\/v2\/media\/10054"}],"wp:attachment":[{"href":"https:\/\/leocare.eu\/fr\/wp-json\/wp\/v2\/media?parent=11126"}],"curies":[{"name":"wp","href":"https:\/\/api.w.org\/{rel}","templated":true}]}}