{"id":11029,"date":"2022-12-30T15:23:45","date_gmt":"2022-12-30T14:23:45","guid":{"rendered":"https:\/\/leocare.eu\/fr\/?page_id=11029"},"modified":"2026-04-07T16:45:40","modified_gmt":"2026-04-07T14:45:40","slug":"tiers-non-identifie","status":"publish","type":"page","link":"https:\/\/leocare.eu\/fr\/assurance-auto-en-ligne\/sinistre\/types\/accident\/types\/tiers-non-identifie\/","title":{"rendered":"Accident sans tiers identifi\u00e9"},"content":{"rendered":"\n<p><strong>Au petit matin, vous avez eu la surprise de retrouver votre v\u00e9hicule en mauvais \u00e9tat&nbsp;\ud83d\ude2f? Probl\u00e8me, le responsable des d\u00e9gradations n\u2019a pas pu \u00eatre identifi\u00e9. D\u00e9finition, d\u00e9marches, malus\u2026 Leocare, la n\u00e9o-assurance qui r\u00e9volutionne l\u2019assurance auto, vous dit tout sur l\u2019accident sans tiers identifi\u00e9.<\/strong><\/p>\n\n\n\n<h2 class=\"wp-block-heading\" id=\"section-1-que-sont-les-accidents-avec-un-tiers-non-identifi-\"><strong>Que sont les accidents avec un tiers non identifi\u00e9 ?<\/strong><\/h2>\n\n\n\n<p>Les sinistres avec un Tiers Non Identifi\u00e9 (TNI) se produisent avec :<\/p>\n\n\n\n<ul class=\"wp-block-list\">\n<li>Une personne dont l\u2019identit\u00e9 n\u2019est pas connue.<\/li>\n\n\n\n<li>Un animal.<\/li>\n<\/ul>\n\n\n\n<p>Plus concr\u00e8tement encore, voici&nbsp;<strong><a href=\"https:\/\/leocare.eu\/fr\/assurance-auto-en-ligne\/sinistre\/declaration\/accident\/types\/\">les diff\u00e9rents types d\u2019accidents<\/a><\/strong>&nbsp;sans tiers identifi\u00e9 :<\/p>\n\n\n\n<ul class=\"wp-block-list\">\n<li><a href=\"https:\/\/leocare.eu\/fr\/assurance-auto-en-ligne\/sinistre\/declaration\/accident\/types\/tiers-non-identifie\/delit-fuite\/\"><strong>Un accident avec d\u00e9lit de fuite<\/strong><\/a>. L\u2019identit\u00e9 du conducteur responsable du sinistre auto n\u2019a pas pu \u00eatre r\u00e9cup\u00e9r\u00e9e.<\/li>\n\n\n\n<li>Un sinistre occasionn\u00e9 sur la voie publique en votre absence (la nuit, par exemple \ud83c\udf19). Le responsable des d\u00e9gradations n\u2019a pas jug\u00e9 bon de vous laisser ses coordonn\u00e9es\u2026<\/li>\n\n\n\n<li><a href=\"https:\/\/leocare.eu\/fr\/assurance-auto-en-ligne\/sinistre\/declaration\/accident\/types\/tiers-non-identifie\/animal-sauvage\/\"><strong>Un accident avec un animal sauvage&nbsp;<\/strong><\/a>\ud83e\udd8c\ud83d\udc17 ou un animal domestique \ud83d\udc36\ud83d\udc31 dont le propri\u00e9taire n\u2019est pas identifi\u00e9.<\/li>\n<\/ul>\n\n\n\n<p>Vous avez eu un\u00a0accident\u00a0avec un animal de\u00a0compagnie\u00a0et ne savez pas quoi faire ? Un\u00a0malus\u00a0va-t-il s\u2019appliquer ? Allez-vous b\u00e9n\u00e9ficier d\u2019une\u00a0indemnisation\u00a0? Faut-il obligatoirement un\u00a0constat amiable\u00a0? En cas d\u2019<strong><a href=\"https:\/\/leocare.eu\/fr\/assurance-auto-en-ligne\/couverture\/garanties\/complementaires\/dommages-materiels\/animal-domestique\/\">accident avec un animal domestique<\/a><\/strong>, et lorsque des\u00a0dommages corporels\u00a0ou\u00a0dommages mat\u00e9riels\u00a0sont constat\u00e9s, le Fonds de Garantie des Assurances Obligatoires de\u00a0dommages (FGAO)\u00a0peut vous indemniser. Tout d\u00e9pend de votre contrat d\u2019assurance.<\/p>\n\n\n\n<p>En r\u00e9sum\u00e9, les sinistres avec un TNI regroupent les accidents pour lesquels il est impossible de remplir un constat amiable \ud83d\udcc3. Logique\u2026<\/p>\n\n\n\n<h2 class=\"wp-block-heading\" id=\"section-2-comment-ragir-en-cas-dincident-sans-tiers-identifi-\"><strong>Comment r\u00e9agir en cas d\u2019incident sans tiers identifi\u00e9 ?<\/strong><\/h2>\n\n\n\n<p>La premi\u00e8re chose \u00e0 faire ? Vous assurer que le sinistre auto en question correspond bien \u00e0 la d\u00e9finition d\u2019un sinistre sans tiers identifi\u00e9.&nbsp;Contactez ensuite la gendarmerie.<\/p>\n\n\n\n<p>Le sinistre \u00e9tant sans tiers identifi\u00e9, votre assurance auto ne peut pas se retourner contre le responsable. Pour d\u00e9montrer les circonstances de l\u2019\u00e9v\u00e9nement, nous vous conseillons d\u2019apporter un maximum de preuves \ud83e\uddd0 :<\/p>\n\n\n\n<ul class=\"wp-block-list\">\n<li>Photos du lieu de l\u2019incident, de votre v\u00e9hicule.<\/li>\n\n\n\n<li>T\u00e9moignages de voisins, passants&nbsp;et autres types de t\u00e9moins&nbsp;(pensez \u00e0 bien noter leurs coordonn\u00e9es.<\/li>\n\n\n\n<li>Morceau de carrosserie du v\u00e9hicule en fuite.<\/li>\n\n\n\n<li>Poils de l\u2019animal.<\/li>\n<\/ul>\n\n\n\n<p>Vous \u00e9vitez ainsi de vous exposer \u00e0 un refus d\u2019indemnisation.<\/p>\n\n\n\n<p>Vous avez eu un&nbsp;accident de la route&nbsp;seul ? Des&nbsp;dommages mat\u00e9riels&nbsp;et des&nbsp;dommages corporels&nbsp;sont \u00e0 d\u00e9clarer ? Contactez votre&nbsp;compagnie&nbsp;d\u2019assurance ! Elle vous accompagnera et vous expliquera&nbsp;<a href=\"https:\/\/leocare.eu\/fr\/assurance-auto-en-ligne\/sinistre\/declaration\/accident\/types\/seul\/\"><strong>que faire si vous avez un accident de voiture seul<\/strong>,<\/a>&nbsp;en l\u2019absence&nbsp;de tiers. Le bon respect du processus facilitera l\u2019indemnisation&nbsp;des&nbsp;dommages, peu importe les&nbsp;circonstances. Sachez toutefois qu\u2019un&nbsp;malus&nbsp;pourra vous \u00eatre attribu\u00e9.<\/p>\n\n\n\n<h2 class=\"wp-block-heading\" id=\"section-3-comment-dclarer-un-sinistre-sans-tiers-identifi-\"><strong>Comment d\u00e9clarer un sinistre sans tiers identifi\u00e9 ?<\/strong><\/h2>\n\n\n\n<p>Si vous \u00eates victime d\u2019un incident avec tiers non identifi\u00e9, vous avez 5 jours pour d\u00e9clarer le sinistre auto \u00e0 votre assureur \ud83d\udcc5. Il peut vous demander de lui transmettre un constat pour mieux comprendre les circonstances de l\u2019\u00e9v\u00e9nement. Bien \u00e9videmment, vous ne pouvez remplir que la partie gauche du document\ud83d\ude09.<\/p>\n\n\n\n<div class=\"bon-a-savoir\">\n\n\n\n<p>Conseil :<\/p>\n\n\n\n<p><em>Chez Leocare, la formule au tiers inclut l\u2019assistance 0 km et bien plus encore. Vous avez tout ce qu\u2019il faut, au juste prix. Et vous pouvez ajuster votre contrat selon vos besoins, en quelques clics. Pas encore assur\u00e9 chez Leocare ? Souscrivez une assurance auto en 4 minutes seulement ! Nos Leoconseillers se chargent de r\u00e9silier sans frais votre ancienne assurance auto.<\/em><\/p>\n\n\n\n<\/div>\n\n\n\n<p>Dommages mat\u00e9riels, dommages corporels, collision,&nbsp;etc., votre&nbsp;compagnie&nbsp;vous d\u00e9dommagera selon la nature et les&nbsp;circonstances de l\u2019accident.&nbsp;Par exemple, en cas de torts partag\u00e9s, le&nbsp;<strong><a href=\"https:\/\/leocare.eu\/fr\/assurance-auto-en-ligne\/sinistre\/declaration\/accident\/indemnisation\/\">fonctionnement de l\u2019assurance auto en cas d\u2019accident de voiture<\/a><\/strong>&nbsp;pr\u00e9voit une&nbsp;indemnisation&nbsp;\u00e0 50\/50 avec un&nbsp;malus&nbsp;qui augmentera votre prime d\u2019assurance. Si personne n\u2019est consid\u00e9r\u00e9 comme responsable, le Fonds de Garantie des Assurances Obligatoires de&nbsp;dommages (FGAO) se charge de vous indemniser.<\/p>\n\n\n\n<h2 class=\"wp-block-heading\" id=\"section-4-prise-en-charge-par-lassurance-du-sinistre-avec-un-tiers-non\"><strong>Prise en charge par l\u2019assurance du sinistre avec un tiers non identifi\u00e9<\/strong><\/h2>\n\n\n\n<p>Les possibilit\u00e9s de d\u00e9dommagement d\u00e9pendent des garanties de votre contrat d\u2019assurance auto.<\/p>\n\n\n\n<p>Pour b\u00e9n\u00e9ficier d\u2019une indemnisation des d\u00e9g\u00e2ts mat\u00e9riels, vous devez \u00eatre couvert par :<\/p>\n\n\n\n<ul class=\"wp-block-list\">\n<li>Une assurance tous risques.<\/li>\n\n\n\n<li>Une garantie dommages tous accidents.<\/li>\n<\/ul>\n\n\n\n<p>Dans le cadre d\u2019un sinistre avec tiers non identifi\u00e9, votre assureur peut vous rembourser les d\u00e9g\u00e2ts, avec une franchise.<\/p>\n\n\n\n<p>Au-del\u00e0 des&nbsp;dommages mat\u00e9riels, la prise en charge des d\u00e9g\u00e2ts corporels est possible seulement si vous avez souscrit une garantie individuelle ou une&nbsp;<strong><a href=\"https:\/\/leocare.eu\/fr\/assurance-auto-en-ligne\/couverture\/garanties\/complementaires\/dommages-corporels\/\">assurance auto dommages corporels<\/a><\/strong>&nbsp;aupr\u00e8s de votre&nbsp;compagnie&nbsp;d\u2019assurance. Pour les passagers, c\u2019est votre responsabilit\u00e9 civile qui entre en jeu.&nbsp;Les&nbsp;dommages corporels&nbsp;donnent droit \u00e0 une&nbsp;indemnisation&nbsp;pour la&nbsp;victime d\u2019un accident de la route&nbsp;ou ses ayants droit.<\/p>\n\n\n\n<p>Vous \u00eates assur\u00e9 au tiers ? En th\u00e9orie, les d\u00e9g\u00e2ts corporels ou mat\u00e9riels ne peuvent pas \u00eatre pris en charge\u2026 Sauf si vous faites un recours aupr\u00e8s du Fonds de Garantie des Assurances Obligatoires de dommages (FGAO).<\/p>\n\n\n\n<div class=\"bon-a-savoir\">\n\n\n\n<p>Le saviez-vous ? Si vous \u00eates au tiers, le FGAO peut vous indemniser.<\/p>\n\n\n\n<p><em>Vous avez subi des&nbsp;dommages corporels&nbsp;ET&nbsp;dommages&nbsp;mat\u00e9riels&nbsp;? Vous disposez de 3 ans apr\u00e8s le sinistre avec tiers non identifi\u00e9 pour faire appel au FGAO. Si vous \u00eates uniquement victime de&nbsp;dommages mat\u00e9riels, vous avez 1 an pour le saisir.&nbsp;Victime d\u2019un accident,&nbsp;simplifiez-vous la vie ! Leocare vous explique tout sur l\u2018<strong><a href=\"https:\/\/leocare.eu\/fr\/assurance-auto-en-ligne\/sinistre\/declaration\/accident\/indemnisation\/fgao\/\">indemnisation par la FGAO en cas d\u2019accident de la route<\/a><\/strong>&nbsp;!&nbsp;Nos Leoconseillers saisissent pour vous le&nbsp;Fonds de Garantie des Assurances Obligatoires de&nbsp;dommages&nbsp;(FGAO<\/em>)<\/p>\n\n\n\n<\/div>\n\n\n\n<h2 class=\"wp-block-heading\" id=\"section-5-vais-je-tre-pnalis-\"><strong>Vais-je \u00eatre p\u00e9nalis\u00e9 ?<\/strong><\/h2>\n\n\n\n<p>Tout va d\u00e9pendre de votre compagnie d\u2019assurances \ud83d\ude09 ! Certaines appliquent une p\u00e9nalit\u00e9 en cas de sinistre avec tiers non identifi\u00e9, d\u2019autres non. Si c\u2019est le cas, m\u00eame si vous&nbsp;n\u2019avez aucune responsabilit\u00e9 dans l\u2019accident, votre coefficient de r\u00e9duction-majoration augmente de 25 %.<\/p>\n\n\n\n<p>Si vous avez besoin de mieux comprendre les&nbsp;cons\u00e9quences&nbsp;d\u2019un accident de la route sur l\u2019indemnisation&nbsp;et sur votre bonus-malus, notre guide \u201c<strong><a href=\"https:\/\/leocare.eu\/fr\/assurance-auto-en-ligne\/sinistre\/types\/accident\/\">Accident de voiture : d\u00e9marches et responsabilit\u00e9<\/a><\/strong>\u201d vous sera utile. Peu importe les&nbsp;circonstances de l\u2019accident&nbsp;(collision, carambolage, etc.), si vous \u00eates&nbsp;victime d\u2019un accident&nbsp;avec&nbsp;dommages mat\u00e9riels&nbsp;et corporels, contactez votre&nbsp;compagnie&nbsp;d\u2019assurance.<\/p>\n\n\n\n<p>Par exemple, en cas de&nbsp;collision&nbsp;entre une auto et un v\u00e9lo, votre&nbsp;malus&nbsp;augmente si vous \u00eates responsable. Selon les&nbsp;circonstances de l\u2019accident, vous pourriez avoir besoin d\u2019en savoir davantage sur l\u2019<strong><a href=\"https:\/\/leocare.eu\/fr\/assurance-auto-en-ligne\/sinistre\/declaration\/accident\/constat-amiable\/voiture-velo\/\">assurance en cas d\u2019accident entre une voiture et un v\u00e9lo<\/a><\/strong>. Leocare vous explique tout : du&nbsp;constat amiable&nbsp;\u00e0 la prise en charge des&nbsp;dommages corporels&nbsp;et des&nbsp;dommages mat\u00e9riels.<\/p>\n","protected":false},"excerpt":{"rendered":"<p>Au petit matin, vous avez eu la surprise de retrouver votre v\u00e9hicule en mauvais \u00e9tat&nbsp;\ud83d\ude2f? Probl\u00e8me, le responsable des d\u00e9gradations n\u2019a pas pu \u00eatre identifi\u00e9. D\u00e9finition, d\u00e9marches, malus\u2026 Leocare, la n\u00e9o-assurance qui r\u00e9volutionne l\u2019assurance auto, vous dit tout sur l\u2019accident sans tiers identifi\u00e9. Que sont les accidents avec un tiers non identifi\u00e9 ? Les sinistres [&hellip;]<\/p>\n","protected":false},"author":34,"featured_media":9922,"parent":10988,"menu_order":0,"comment_status":"closed","ping_status":"closed","template":"template_seo.php","meta":{"_acf_changed":false,"footnotes":""},"class_list":["post-11029","page","type-page","status-publish","has-post-thumbnail","hentry"],"acf":[],"yoast_head":"<!-- This site is optimized with the Yoast SEO plugin v27.3 - https:\/\/yoast.com\/product\/yoast-seo-wordpress\/ -->\n<title>Accidents sans tiers identifi\u00e9 : d\u00e9finition, d\u00e9marches - Leocare<\/title>\n<meta name=\"description\" content=\"Victime d&#039;un accident sans tiers identifi\u00e9 ? D\u00e9couvrez nos conseils pour ne pas rester d\u00e9muni. Agissez maintenant pour pr\u00e9server vos droits!\" \/>\n<meta name=\"robots\" content=\"index, follow, max-snippet:-1, max-image-preview:large, max-video-preview:-1\" \/>\n<link rel=\"canonical\" href=\"https:\/\/leocare.eu\/fr\/assurance-auto-en-ligne\/sinistre\/types\/accident\/types\/tiers-non-identifie\/\" \/>\n<meta property=\"og:locale\" content=\"fr_FR\" \/>\n<meta property=\"og:type\" content=\"article\" \/>\n<meta property=\"og:title\" content=\"Accidents sans tiers identifi\u00e9 : d\u00e9finition, d\u00e9marches - Leocare\" \/>\n<meta property=\"og:description\" content=\"Victime d&#039;un accident sans tiers identifi\u00e9 ? D\u00e9couvrez nos conseils pour ne pas rester d\u00e9muni. Agissez maintenant pour pr\u00e9server vos droits!\" \/>\n<meta property=\"og:url\" content=\"https:\/\/leocare.eu\/fr\/assurance-auto-en-ligne\/sinistre\/types\/accident\/types\/tiers-non-identifie\/\" \/>\n<meta property=\"og:site_name\" content=\"Leocare, assurance en ligne automobile et habitation\" \/>\n<meta property=\"article:modified_time\" content=\"2026-04-07T14:45:40+00:00\" \/>\n<meta property=\"og:image\" content=\"https:\/\/leocare.eu\/fr\/wp-content\/uploads\/2022\/12\/Accident-sans-tiers.jpg\" \/>\n\t<meta property=\"og:image:width\" content=\"1800\" \/>\n\t<meta property=\"og:image:height\" content=\"1200\" \/>\n\t<meta property=\"og:image:type\" content=\"image\/jpeg\" \/>\n<meta name=\"twitter:card\" content=\"summary_large_image\" \/>\n<meta name=\"twitter:label1\" content=\"Dur\u00e9e de lecture estim\u00e9e\" \/>\n\t<meta name=\"twitter:data1\" content=\"6 minutes\" \/>\n<!-- \/ Yoast SEO plugin. -->","yoast_head_json":{"title":"Accidents sans tiers identifi\u00e9 : d\u00e9finition, d\u00e9marches - Leocare","description":"Victime d'un accident sans tiers identifi\u00e9 ? D\u00e9couvrez nos conseils pour ne pas rester d\u00e9muni. Agissez maintenant pour pr\u00e9server vos droits!","robots":{"index":"index","follow":"follow","max-snippet":"max-snippet:-1","max-image-preview":"max-image-preview:large","max-video-preview":"max-video-preview:-1"},"canonical":"https:\/\/leocare.eu\/fr\/assurance-auto-en-ligne\/sinistre\/types\/accident\/types\/tiers-non-identifie\/","og_locale":"fr_FR","og_type":"article","og_title":"Accidents sans tiers identifi\u00e9 : d\u00e9finition, d\u00e9marches - Leocare","og_description":"Victime d'un accident sans tiers identifi\u00e9 ? D\u00e9couvrez nos conseils pour ne pas rester d\u00e9muni. Agissez maintenant pour pr\u00e9server vos droits!","og_url":"https:\/\/leocare.eu\/fr\/assurance-auto-en-ligne\/sinistre\/types\/accident\/types\/tiers-non-identifie\/","og_site_name":"Leocare, assurance en ligne automobile et habitation","article_modified_time":"2026-04-07T14:45:40+00:00","og_image":[{"width":1800,"height":1200,"url":"https:\/\/leocare.eu\/fr\/wp-content\/uploads\/2022\/12\/Accident-sans-tiers.jpg","type":"image\/jpeg"}],"twitter_card":"summary_large_image","twitter_misc":{"Dur\u00e9e de lecture estim\u00e9e":"6 minutes"},"schema":{"@context":"https:\/\/schema.org","@graph":[{"@type":"WebPage","@id":"https:\/\/leocare.eu\/fr\/assurance-auto-en-ligne\/sinistre\/types\/accident\/types\/tiers-non-identifie\/","url":"https:\/\/leocare.eu\/fr\/assurance-auto-en-ligne\/sinistre\/types\/accident\/types\/tiers-non-identifie\/","name":"Accidents sans tiers identifi\u00e9 : d\u00e9finition, d\u00e9marches - Leocare","isPartOf":{"@id":"https:\/\/leocare.eu\/fr\/#website"},"primaryImageOfPage":{"@id":"https:\/\/leocare.eu\/fr\/assurance-auto-en-ligne\/sinistre\/types\/accident\/types\/tiers-non-identifie\/#primaryimage"},"image":{"@id":"https:\/\/leocare.eu\/fr\/assurance-auto-en-ligne\/sinistre\/types\/accident\/types\/tiers-non-identifie\/#primaryimage"},"thumbnailUrl":"https:\/\/leocare.eu\/fr\/wp-content\/uploads\/2022\/12\/Accident-sans-tiers.jpg","datePublished":"2022-12-30T14:23:45+00:00","dateModified":"2026-04-07T14:45:40+00:00","description":"Victime d'un accident sans tiers identifi\u00e9 ? D\u00e9couvrez nos conseils pour ne pas rester d\u00e9muni. Agissez maintenant pour pr\u00e9server vos droits!","breadcrumb":{"@id":"https:\/\/leocare.eu\/fr\/assurance-auto-en-ligne\/sinistre\/types\/accident\/types\/tiers-non-identifie\/#breadcrumb"},"inLanguage":"fr-FR","potentialAction":[{"@type":"ReadAction","target":["https:\/\/leocare.eu\/fr\/assurance-auto-en-ligne\/sinistre\/types\/accident\/types\/tiers-non-identifie\/"]}]},{"@type":"ImageObject","inLanguage":"fr-FR","@id":"https:\/\/leocare.eu\/fr\/assurance-auto-en-ligne\/sinistre\/types\/accident\/types\/tiers-non-identifie\/#primaryimage","url":"https:\/\/leocare.eu\/fr\/wp-content\/uploads\/2022\/12\/Accident-sans-tiers.jpg","contentUrl":"https:\/\/leocare.eu\/fr\/wp-content\/uploads\/2022\/12\/Accident-sans-tiers.jpg","width":1800,"height":1200,"caption":"Accident Sans Tiers"},{"@type":"WebSite","@id":"https:\/\/leocare.eu\/fr\/#website","url":"https:\/\/leocare.eu\/fr\/","name":"Leocare, assurance en ligne automobile et habitation","description":"enfin (r)assur\u00e9.e","publisher":{"@id":"https:\/\/leocare.eu\/fr\/#organization"},"potentialAction":[{"@type":"SearchAction","target":{"@type":"EntryPoint","urlTemplate":"https:\/\/leocare.eu\/fr\/?s={search_term_string}"},"query-input":{"@type":"PropertyValueSpecification","valueRequired":true,"valueName":"search_term_string"}}],"inLanguage":"fr-FR"},{"@type":"Organization","@id":"https:\/\/leocare.eu\/fr\/#organization","name":"Leocare, assurance en ligne automobile et habitation","url":"https:\/\/leocare.eu\/fr\/","logo":{"@type":"ImageObject","inLanguage":"fr-FR","@id":"https:\/\/leocare.eu\/fr\/#\/schema\/logo\/image\/","url":"https:\/\/leocare.eu\/fr\/wp-content\/uploads\/2020\/03\/logo-leocare.svg","contentUrl":"https:\/\/leocare.eu\/fr\/wp-content\/uploads\/2020\/03\/logo-leocare.svg","caption":"Leocare, assurance en ligne automobile et habitation"},"image":{"@id":"https:\/\/leocare.eu\/fr\/#\/schema\/logo\/image\/"}}]}},"_links":{"self":[{"href":"https:\/\/leocare.eu\/fr\/wp-json\/wp\/v2\/pages\/11029","targetHints":{"allow":["GET"]}}],"collection":[{"href":"https:\/\/leocare.eu\/fr\/wp-json\/wp\/v2\/pages"}],"about":[{"href":"https:\/\/leocare.eu\/fr\/wp-json\/wp\/v2\/types\/page"}],"author":[{"embeddable":true,"href":"https:\/\/leocare.eu\/fr\/wp-json\/wp\/v2\/users\/34"}],"replies":[{"embeddable":true,"href":"https:\/\/leocare.eu\/fr\/wp-json\/wp\/v2\/comments?post=11029"}],"version-history":[{"count":51,"href":"https:\/\/leocare.eu\/fr\/wp-json\/wp\/v2\/pages\/11029\/revisions"}],"predecessor-version":[{"id":35573,"href":"https:\/\/leocare.eu\/fr\/wp-json\/wp\/v2\/pages\/11029\/revisions\/35573"}],"up":[{"embeddable":true,"href":"https:\/\/leocare.eu\/fr\/wp-json\/wp\/v2\/pages\/10988"}],"wp:featuredmedia":[{"embeddable":true,"href":"https:\/\/leocare.eu\/fr\/wp-json\/wp\/v2\/media\/9922"}],"wp:attachment":[{"href":"https:\/\/leocare.eu\/fr\/wp-json\/wp\/v2\/media?parent=11029"}],"curies":[{"name":"wp","href":"https:\/\/api.w.org\/{rel}","templated":true}]}}