{"id":11027,"date":"2022-12-30T15:26:54","date_gmt":"2022-12-30T14:26:54","guid":{"rendered":"https:\/\/leocare.eu\/fr\/?page_id=11027"},"modified":"2026-04-07T16:45:39","modified_gmt":"2026-04-07T14:45:39","slug":"code-sra","status":"publish","type":"page","link":"https:\/\/leocare.eu\/fr\/assurance-auto-en-ligne\/devis\/tarifs\/simulation\/code-sra\/","title":{"rendered":"Qu\u2019est-ce que le classement SRA et \u00e0 quoi sert-il\u00a0?"},"content":{"rendered":"\n<p>Vous venez de demander un <a href=\"https:\/\/leocare.eu\/fr\/assurance-auto-en-ligne\/devis\/\">devis d&rsquo;assurance auto<\/a> et on vous parle de \u00ab code SRA \u00bb, de \u00ab groupe \u00bb ou de \u00ab classe \u00bb ? <strong>Derri\u00e8re ces termes se cache le syst\u00e8me de classement des v\u00e9hicules qui sert \u00e0 calculer votre prime d&rsquo;<a href=\"https:\/\/leocare.eu\/fr\/assurance-auto-en-ligne\/\">assurance voiture<\/a>.<\/strong> Dans cet article, on vous explique comment obtenir un code SRA, les crit\u00e8res de classement SRA et leur impact sur le devis.<\/p>\n\n\n\n<h2 class=\"wp-block-heading\">Qu&rsquo;est-ce que le classement SRA ?<\/h2>\n\n\n\n<p><strong>Le lien entre assureurs et classement SRA est au c\u0153ur de la tarification automobile en France<\/strong>, m\u00eame si le grand public conna\u00eet encore assez mal ce syst\u00e8me. Comprendre son fonctionnement est tout aussi utile pour une assurance moto que pour une <a href=\"https:\/\/leocare.eu\/fr\/blog\/tout-savoir-sur-lassurance-habitation-leocare\/\">assurance habitation<\/a> ou un contrat auto, au moment de <a href=\"https:\/\/leocare.eu\/fr\/assurance-auto-en-ligne\/comparateur\/bien-choisir\/\">choisir son assurance<\/a>.<\/p>\n\n\n\n<h3 class=\"wp-block-heading\">D\u00e9finition et r\u00f4le<\/h3>\n\n\n\n<p>SRA, pour s\u00e9curit\u00e9 et r\u00e9paration automobile, est le sigle que vous retrouverez sur tout <a href=\"https:\/\/leocare.eu\/fr\/assurance-auto-en-ligne\/comparateur\/\">comparateur d&rsquo;assurance<\/a> auto. L&rsquo;association SRA est une structure professionnelle d&rsquo;assurance cr\u00e9\u00e9e en 1977 qui regroupe l&rsquo;ensemble des compagnies d&rsquo;assurance automobile fran\u00e7aises. <strong>L&rsquo;association automobile a pour but de collecter, analyser et diffuser toutes les informations statistiques, techniques et commerciales sur les v\u00e9hicules terrestres \u00e0 moteur du march\u00e9 fran\u00e7ais.<\/strong><\/p>\n\n\n\n<p>Concr\u00e8tement, la base automobile SRA recense plus de 137 000 v\u00e9hicules de toutes marques et mod\u00e8les, chacun pouvant comporter jusqu&rsquo;\u00e0 101 caract\u00e9ristiques d&rsquo;identification. <strong>L&rsquo;objectif de l&rsquo;organisme professionnel SRA : r\u00e9duire le nombre et le co\u00fbt des sinistres, dans l&rsquo;int\u00e9r\u00eat des assur\u00e9s.<\/strong><\/p>\n\n\n\n<p>Chaque v\u00e9hicule terrestre \u00e0 moteur de moins de 3,5 tonnes se voit attribuer un code d&rsquo;identification SRA unique, compos\u00e9 de lettres (la marque) et de chiffres (le mod\u00e8le et la version). <strong>Le code SRA d&rsquo;une voiture figure sur votre <a href=\"https:\/\/leocare.eu\/fr\/blog\/tarifs-carte-grise\/\">carte grise<\/a><\/strong>, et c&rsquo;est cet identifiant SRA que votre assureur utilise \u00e0 partir du CNIT ou type mines et de l&rsquo;ann\u00e9e de premi\u00e8re mise en circulation.<\/p>\n\n\n\n<section class=\"wp-block-leocare-bon-a-savoir leocare-bas\"><div class=\"leocare-bas__head\"><img decoding=\"async\" class=\"leocare-bas__icon\" src=\"https:\/\/leocare.eu\/fr\/wp-content\/themes\/leocare-new\/assets\/img\/icon-alert-purple.svg\" alt=\"icon alerte\"\/><h3 class=\"leocare-bas__title\">Bon \u00e0 savoir<\/h3><\/div><div class=\"leocare-bas__content\">\n<p><strong>Le code SRA a remplac\u00e9 l&rsquo;ancien code GTA (Groupement Technique d&rsquo;Assurance). <\/strong>Si vous tombez sur cette mention dans d&rsquo;anciens documents, sachez que le principe reste le m\u00eame.<\/p>\n<\/div><\/section>\n\n\n\n<h3 class=\"wp-block-heading\">Importance l\u00e9gale du classement<\/h3>\n\n\n\n<p><strong>Le classement SRA constitue le r\u00e9f\u00e9rentiel de conformit\u00e9 r\u00e9glementaire le plus utilis\u00e9 par les assureurs en France<\/strong>, et toutes les soci\u00e9t\u00e9s d&rsquo;assurance y sont adh\u00e9rentes.<\/p>\n\n\n\n<p>C\u00f4t\u00e9 protection contre le vol, le classement \u00ab 7 cl\u00e9s \u00bb valide le niveau de protection antid\u00e9marrage des v\u00e9hicules. <strong>Pour les deux-roues, les assureurs exigent souvent un antivol homologu\u00e9 \u00ab classe SRA \u00bb pour accorder une <a href=\"https:\/\/leocare.eu\/fr\/assurance-auto-en-ligne\/couverture\/garanties\/complementaires\/dommages-materiels\/vol\/\">garantie vol<\/a>.<\/strong> Sans cette homologation, pas d&rsquo;indemnisation, m\u00eame avec un contrat en bonne et due forme.<\/p>\n\n\n\n<p>Depuis la derni\u00e8re actualisation de 2025, <strong>un nouveau label \u00ab v\u00e9lo SRA \u00bb existe \u00e9galement pour les antivols de v\u00e9los<\/strong>, une bonne nouvelle pour les cyclistes qui souhaitent prot\u00e9ger leur monture.<\/p>\n\n\n\n<h2 class=\"wp-block-heading\">Comment les v\u00e9hicules sont-ils class\u00e9s ?<\/h2>\n\n\n\n<p><strong>Le syst\u00e8me de classement SRA repose sur des indicateurs pr\u00e9cis<\/strong>, d\u00e9finis en concertation avec les acteurs de la profession.<\/p>\n\n\n\n<h3 class=\"wp-block-heading\">Crit\u00e8res d&rsquo;\u00e9valuation<\/h3>\n\n\n\n<p><strong>La classification SRA s&rsquo;articule autour de 2 grands indicateurs : le groupe et la classe.<\/strong> Voici comment les lire :<\/p>\n\n\n\n<figure class=\"wp-block-table\"><table class=\"has-fixed-layout\"><thead><tr><th>Indicateur<\/th><th>\u00c9chelle<\/th><th>Ce qu&rsquo;il mesure<\/th><th>Utilit\u00e9 pour l&rsquo;assureur<\/th><\/tr><\/thead><tbody><tr><td><strong>Groupe<\/strong><\/td><td>De 20 \u00e0 50<\/td><td>Dangerosit\u00e9 du v\u00e9hicule<\/td><td>Tarification de la <a href=\"https:\/\/leocare.eu\/fr\/assurance-auto-en-ligne\/couverture\/garanties\/responsabilite-civile\/\">responsabilit\u00e9 civile<\/a><\/td><\/tr><tr><td><strong>Classe de prix<\/strong><\/td><td>De A \u00e0 ZA (+ HC)<\/td><td>Valeur \u00e0 neuf du v\u00e9hicule<\/td><td>Anticipation du co\u00fbt de remplacement (vol, perte totale)<\/td><\/tr><tr><td><strong>Classe de r\u00e9paration<\/strong><\/td><td>De A \u00e0 ZE (+ HC)<\/td><td>Co\u00fbt des pi\u00e8ces de rechange<\/td><td>Estimation des frais de <a href=\"https:\/\/leocare.eu\/fr\/assurance-auto-en-ligne\/sinistre\/reparations\/\">r\u00e9paration apr\u00e8s sinistre<\/a><\/td><\/tr><\/tbody><\/table><\/figure>\n\n\n\n<p><strong>Le groupe \u00e9value la dangerosit\u00e9 intrins\u00e8que du v\u00e9hicule<\/strong>, en se basant sur sa puissance, sa vitesse de pointe et sa conception m\u00e9canique (freinage, suspension, propulsion). Plus le groupe est \u00e9lev\u00e9, plus le v\u00e9hicule est consid\u00e9r\u00e9 comme \u00ab \u00e0 risque \u00bb :<\/p>\n\n\n\n<ul class=\"wp-block-list\">\n<li><strong>Groupe 20 \u00e0 30 :<\/strong> faible dangerosit\u00e9, <a href=\"https:\/\/leocare.eu\/fr\/blog\/comment-les-tarifs-assurance-auto-sont-calcules\/\">primes d&rsquo;assurance<\/a> moins \u00e9lev\u00e9es<\/li>\n\n\n\n<li><strong>Groupe 31 \u00e0 40 :<\/strong> dangerosit\u00e9 moyenne, primes mod\u00e9r\u00e9es<\/li>\n\n\n\n<li><strong>Groupe 41 \u00e0 50 :<\/strong> forte dangerosit\u00e9, primes \u00e9lev\u00e9es<\/li>\n<\/ul>\n\n\n\n<p><strong>La classe de prix, not\u00e9e de A \u00e0 ZA, refl\u00e8te la valeur \u00e0 neuf TTC du v\u00e9hicule<\/strong> (hors options, hors remise). Un v\u00e9hicule class\u00e9 A a une faible valeur, un class\u00e9 ZA se situe dans le tr\u00e8s haut de gamme.<\/p>\n\n\n\n<h3 class=\"wp-block-heading\">Donn\u00e9es utilis\u00e9es pour le classement<\/h3>\n\n\n\n<p>Pour alimenter cette classification, la SRA s&rsquo;appuie sur un ensemble de donn\u00e9es complet. <strong>Chaque fiche v\u00e9hicule recense les caract\u00e9ristiques techniques<\/strong> : <a href=\"https:\/\/leocare.eu\/fr\/assurance-auto-en-ligne\/conseils\/legislation-et-reglementation\/puissance-fiscale\/\">puissance fiscale<\/a>, motorisation, qualit\u00e9 des airbags, syst\u00e8me de freinage, \u00e9quipements de s\u00e9curit\u00e9 active et passive.<\/p>\n\n\n\n<p>Les produits et accessoires sont test\u00e9s en laboratoire par le CNPP (Centre national de pr\u00e9vention et de protection). <strong>Les \u00e9quipements les mieux not\u00e9s dans chaque cat\u00e9gorie obtiennent le logo classe SRA, un v\u00e9ritable gage d&rsquo;expertise reconnu dans tout le secteur automobile.<\/strong><\/p>\n\n\n\n<p><strong>La base de donn\u00e9es est mise \u00e0 jour chaque trimestre.<\/strong> L&rsquo;organisme SRA s\u00e9curit\u00e9 et r\u00e9paration automobile publie des bulletins sur le panier de pi\u00e8ces SRA, le co\u00fbt hors taxes de la carrosserie, pi\u00e8ces et main-d&rsquo;\u0153uvre, ainsi que les <a href=\"https:\/\/leocare.eu\/fr\/assurance-auto-en-ligne\/devis\/tarifs\/\">tarifs<\/a> de r\u00e9f\u00e9rence. Les donn\u00e9es de carrosserie des assurances placent l&rsquo;organisme en t\u00eate des co\u00fbts du secteur.<\/p>\n\n\n\n<section class=\"wp-block-leocare-bon-a-savoir leocare-bas\"><div class=\"leocare-bas__head\"><img decoding=\"async\" class=\"leocare-bas__icon\" src=\"https:\/\/leocare.eu\/fr\/wp-content\/themes\/leocare-new\/assets\/img\/icon-alert-purple.svg\" alt=\"icon alerte\"\/><h3 class=\"leocare-bas__title\">Le conseil d&rsquo;expert<\/h3><\/div><div class=\"leocare-bas__content\">\n<p><strong>Pour obtenir un code SRA d&rsquo;une voiture, rendez-vous sur le site web officiel sra.asso.fr et utilisez le moteur de recherche.<\/strong> Vous y trouverez le contenu complet de la fiche de votre mod\u00e8le, avec l&rsquo;actualit\u00e9 de ses caract\u00e9ristiques.<\/p>\n<\/div><\/section>\n\n\n\n<h2 class=\"wp-block-heading\">Quels sont les b\u00e9n\u00e9fices pour les conducteurs ?<\/h2>\n\n\n\n<p><strong>En tant que conducteur, le classement SRA vous concerne aussi.<\/strong> Comprendre ce syst\u00e8me aide \u00e0 optimiser vos d\u00e9penses et \u00e0 faire des choix \u00e9clair\u00e9s.<\/p>\n\n\n\n<h3 class=\"wp-block-heading\">R\u00e9duction des co\u00fbts d&rsquo;assurance<\/h3>\n\n\n\n<p><strong>L&rsquo;impact de la classification SRA se traduit directement par une prime plus avantageuse quand le v\u00e9hicule est bien class\u00e9.<\/strong> Si votre voiture pr\u00e9sente un faible niveau de risque (groupe bas) et des r\u00e9parations peu co\u00fbteuses (classe basse), votre assureur prend en compte ces \u00e9l\u00e9ments pour all\u00e9ger la charge financi\u00e8re.<\/p>\n\n\n\n<p>Le syst\u00e8me SRA est au c\u0153ur de la tarification chez Leocare. <strong>La prime est calcul\u00e9e en int\u00e9grant les donn\u00e9es techniques du v\u00e9hicule, vos ant\u00e9c\u00e9dents de conducteur et votre usage r\u00e9el de la route.<\/strong> Le r\u00e9sultat : un <a href=\"https:\/\/leocare.eu\/fr\/assurance-auto-en-ligne\/devis\/tarifs\/simulation\/\">tarif personnalis\u00e9<\/a> qui correspond vraiment \u00e0 votre situation.<\/p>\n\n\n\n<p><strong>Voici les leviers que vous activez en choisissant un v\u00e9hicule avec un bon classement SRA :<\/strong><\/p>\n\n\n\n<ul class=\"wp-block-list\">\n<li><strong>Prime de responsabilit\u00e9 civile r\u00e9duite<\/strong> gr\u00e2ce \u00e0 un groupe de dangerosit\u00e9 bas<\/li>\n\n\n\n<li><strong>Cotisation <a href=\"https:\/\/leocare.eu\/fr\/assurance-auto-en-ligne\/tous-risques\/\">tous risques<\/a> optimis\u00e9e<\/strong> si la classe de prix et la classe de r\u00e9paration sont favorables<\/li>\n\n\n\n<li><strong>Meilleure <a href=\"https:\/\/leocare.eu\/fr\/assurance-auto-en-ligne\/sinistre\/indemnisation\/\">indemnisation<\/a> en cas de sinistre<\/strong>, car les co\u00fbts de remise en \u00e9tat sont mieux anticip\u00e9s<\/li>\n<\/ul>\n\n\n\n<section class=\"wp-block-leocare-bon-a-savoir leocare-bas\"><div class=\"leocare-bas__head\"><img decoding=\"async\" class=\"leocare-bas__icon\" src=\"https:\/\/leocare.eu\/fr\/wp-content\/themes\/leocare-new\/assets\/img\/icon-alert-purple.svg\" alt=\"icon alerte\"\/><h3 class=\"leocare-bas__title\">Le plus Leocare<\/h3><\/div><div class=\"leocare-bas__content\">\n<p><strong>La souscription se fait en quelques minutes depuis l&rsquo;application.<\/strong> Renseignez votre plaque d&rsquo;immatriculation, et le syst\u00e8me identifie automatiquement le code SRA pour vous proposer les <a href=\"https:\/\/leocare.eu\/fr\/assurance-auto-en-ligne\/couverture\/formules\/\">formules<\/a> et <a href=\"https:\/\/leocare.eu\/fr\/assurance-auto-en-ligne\/couverture\/garanties\/\">garanties<\/a> les plus adapt\u00e9es.<\/p>\n<\/div><\/section>\n\n\n\n<h3 class=\"wp-block-heading\">Impact sur le choix du v\u00e9hicule<\/h3>\n\n\n\n<p><strong>Le classement SRA repr\u00e9sente un outil pr\u00e9cieux au moment d&rsquo;acheter une <a href=\"https:\/\/leocare.eu\/fr\/assurance-auto-en-ligne\/types-vehicule\/neuf\/\">voiture neuve<\/a> ou d&rsquo;<a href=\"https:\/\/leocare.eu\/fr\/assurance-auto-en-ligne\/types-vehicule\/occasion\/\">occasion<\/a>.<\/strong> V\u00e9rifier ce classement avant l&rsquo;achat permet d&rsquo;anticiper le co\u00fbt de l&rsquo;assurance sur le long terme.<\/p>\n\n\n\n<p>Un SUV puissant du groupe 45 co\u00fbtera nettement plus cher \u00e0 assurer qu&rsquo;une citadine du groupe 25. <strong>Ce r\u00e9flexe est encore plus pertinent pour un v\u00e9hicule <a href=\"https:\/\/leocare.eu\/fr\/assurance-auto-en-ligne\/electrique\/\">\u00e9lectrique<\/a> ou <a href=\"https:\/\/leocare.eu\/fr\/assurance-auto-en-ligne\/types-vehicule\/hybride\/\">hybride<\/a><\/strong>, dont les co\u00fbts de r\u00e9paration diff\u00e8rent des motorisations thermiques.<\/p>\n\n\n\n<p>Pour les conducteurs de deux-roues, la m\u00eame logique s&rsquo;applique. <strong>Consulter la classification SRA d&rsquo;une <a href=\"https:\/\/leocare.eu\/fr\/blog\/tout-savoir-sur-assurance-moto-leocare\/\">moto<\/a> ou d&rsquo;un scooter avant l&rsquo;achat aide \u00e0 <a href=\"https:\/\/leocare.eu\/fr\/assurance-auto-en-ligne\/conseils\/achat-et-revente\/budget-achat-voiture\/\">budg\u00e9ter<\/a> le poste assurance<\/strong>, et \u00e0 choisir un syst\u00e8me de protection antivol reconnu par les assureurs.<\/p>\n\n\n\n<h2 class=\"wp-block-heading\">Comment le classement affecte-t-il les constructeurs ?<\/h2>\n\n\n\n<p><strong>Les constructeurs automobiles et les fabricants d&rsquo;accessoires surveillent les donn\u00e9es SRA de tr\u00e8s pr\u00e8s<\/strong>, car elles influencent directement leurs ventes.<\/p>\n\n\n\n<h3 class=\"wp-block-heading\">Adaptation des strat\u00e9gies de production<\/h3>\n\n\n\n<p><strong>Un v\u00e9hicule dot\u00e9 d&rsquo;un bon indice SRA est plus facile \u00e0 assurer et moins co\u00fbteux \u00e0 r\u00e9parer, et donc plus attractif pour les acheteurs.<\/strong> Les entreprises automobiles l&rsquo;ont bien compris : figurer en premi\u00e8re place dans le classement SRA devient un argument commercial \u00e0 part enti\u00e8re.<\/p>\n\n\n\n<p>C&rsquo;est ce m\u00e9canisme qui a contribu\u00e9 \u00e0 la g\u00e9n\u00e9ralisation des syst\u00e8mes antid\u00e9marrage et \u00e0 l&rsquo;am\u00e9lioration des dispositifs de freinage ABS. <strong>La SRA collabore directement avec les services de recherche des principaux constructeurs pour int\u00e9grer les performances de s\u00e9curit\u00e9 dans ses \u00e9valuations.<\/strong><\/p>\n\n\n\n<p>Les fabricants d&rsquo;accessoires et de pi\u00e8ces de rechange sont aussi concern\u00e9s. <strong>Un produit certifi\u00e9 \u00ab classe SRA \u00bb b\u00e9n\u00e9ficie d&rsquo;une reconnaissance qui facilite sa commercialisation<\/strong> aupr\u00e8s des r\u00e9seaux de distribution.<\/p>\n\n\n\n<section class=\"wp-block-leocare-bon-a-savoir leocare-bas\"><div class=\"leocare-bas__head\"><img decoding=\"async\" class=\"leocare-bas__icon\" src=\"https:\/\/leocare.eu\/fr\/wp-content\/themes\/leocare-new\/assets\/img\/icon-alert-purple.svg\" alt=\"icon alerte\"\/><h3 class=\"leocare-bas__title\">Bon \u00e0 savoir<\/h3><\/div><div class=\"leocare-bas__content\">\n<p><strong>Les accessoires ajout\u00e9s \u00e0 votre v\u00e9hicule ne sont pas automatiquement couverts par votre assurance. <\/strong>Seuls ceux r\u00e9f\u00e9renc\u00e9s par la SRA le sont, et l&rsquo;acc\u00e8s \u00e0 cette liste se fait sur sra.asso.fr. Le classement concerne par exemple l&rsquo;assurance auto et l&rsquo;<a href=\"https:\/\/leocare.eu\/fr\/blog\/top-10-velos-electriques\/\">assurance v\u00e9lo<\/a>, mais pas l&rsquo;<a href=\"https:\/\/leocare.eu\/fr\/blog\/techniques-reduire-cout-assurance-auto-habitation\/\">assurance emprunteur<\/a> ni les d\u00e9marches pour <a href=\"https:\/\/leocare.eu\/fr\/assurance-auto-en-ligne\/couverture\/contrat\/resiliation\/\">r\u00e9silier son assurance<\/a>.<\/p>\n<\/div><\/section>\n","protected":false},"excerpt":{"rendered":"<p>Vous venez de demander un devis d&rsquo;assurance auto et on vous parle de \u00ab code SRA \u00bb, de \u00ab groupe \u00bb ou de \u00ab classe \u00bb ? Derri\u00e8re ces termes se cache le syst\u00e8me de classement des v\u00e9hicules qui sert \u00e0 calculer votre prime d&rsquo;assurance voiture. Dans cet article, on vous explique comment obtenir un [&hellip;]<\/p>\n","protected":false},"author":34,"featured_media":10070,"parent":10919,"menu_order":0,"comment_status":"closed","ping_status":"closed","template":"template_seo.php","meta":{"_acf_changed":false,"footnotes":""},"class_list":["post-11027","page","type-page","status-publish","has-post-thumbnail","hentry"],"acf":[],"yoast_head":"<!-- This site is optimized with the Yoast SEO plugin v27.3 - https:\/\/yoast.com\/product\/yoast-seo-wordpress\/ -->\n<title>Tout ce qu\u2019il faut savoir sur le classement SRA<\/title>\n<meta name=\"description\" content=\"D\u00e9couvrez comment fonctionne le classement SRA, \u00e0 quoi sert le code SRA d&#039;une voiture et comment il influence le prix de votre prime d&#039;assurance auto.\" \/>\n<meta name=\"robots\" content=\"index, follow, max-snippet:-1, max-image-preview:large, max-video-preview:-1\" \/>\n<link rel=\"canonical\" href=\"https:\/\/leocare.eu\/fr\/assurance-auto-en-ligne\/devis\/tarifs\/simulation\/code-sra\/\" \/>\n<meta property=\"og:locale\" content=\"fr_FR\" \/>\n<meta property=\"og:type\" content=\"article\" \/>\n<meta property=\"og:title\" content=\"Tout ce qu\u2019il faut savoir sur le classement SRA\" \/>\n<meta property=\"og:description\" content=\"D\u00e9couvrez comment fonctionne le classement SRA, \u00e0 quoi sert le code SRA d&#039;une voiture et comment il influence le prix de votre prime d&#039;assurance auto.\" \/>\n<meta property=\"og:url\" content=\"https:\/\/leocare.eu\/fr\/assurance-auto-en-ligne\/devis\/tarifs\/simulation\/code-sra\/\" \/>\n<meta property=\"og:site_name\" content=\"Leocare, assurance en ligne automobile et habitation\" \/>\n<meta property=\"article:modified_time\" content=\"2026-04-07T14:45:39+00:00\" \/>\n<meta property=\"og:image\" content=\"https:\/\/leocare.eu\/fr\/wp-content\/uploads\/2022\/12\/SRA-1.jpg\" \/>\n\t<meta property=\"og:image:width\" content=\"1800\" \/>\n\t<meta property=\"og:image:height\" content=\"1200\" \/>\n\t<meta property=\"og:image:type\" content=\"image\/jpeg\" \/>\n<meta name=\"twitter:card\" content=\"summary_large_image\" \/>\n<meta name=\"twitter:label1\" content=\"Dur\u00e9e de lecture estim\u00e9e\" \/>\n\t<meta name=\"twitter:data1\" content=\"7 minutes\" \/>\n<!-- \/ Yoast SEO plugin. -->","yoast_head_json":{"title":"Tout ce qu\u2019il faut savoir sur le classement SRA","description":"D\u00e9couvrez comment fonctionne le classement SRA, \u00e0 quoi sert le code SRA d'une voiture et comment il influence le prix de votre prime d'assurance auto.","robots":{"index":"index","follow":"follow","max-snippet":"max-snippet:-1","max-image-preview":"max-image-preview:large","max-video-preview":"max-video-preview:-1"},"canonical":"https:\/\/leocare.eu\/fr\/assurance-auto-en-ligne\/devis\/tarifs\/simulation\/code-sra\/","og_locale":"fr_FR","og_type":"article","og_title":"Tout ce qu\u2019il faut savoir sur le classement SRA","og_description":"D\u00e9couvrez comment fonctionne le classement SRA, \u00e0 quoi sert le code SRA d'une voiture et comment il influence le prix de votre prime d'assurance auto.","og_url":"https:\/\/leocare.eu\/fr\/assurance-auto-en-ligne\/devis\/tarifs\/simulation\/code-sra\/","og_site_name":"Leocare, assurance en ligne automobile et habitation","article_modified_time":"2026-04-07T14:45:39+00:00","og_image":[{"width":1800,"height":1200,"url":"https:\/\/leocare.eu\/fr\/wp-content\/uploads\/2022\/12\/SRA-1.jpg","type":"image\/jpeg"}],"twitter_card":"summary_large_image","twitter_misc":{"Dur\u00e9e de lecture estim\u00e9e":"7 minutes"},"schema":{"@context":"https:\/\/schema.org","@graph":[{"@type":"WebPage","@id":"https:\/\/leocare.eu\/fr\/assurance-auto-en-ligne\/devis\/tarifs\/simulation\/code-sra\/","url":"https:\/\/leocare.eu\/fr\/assurance-auto-en-ligne\/devis\/tarifs\/simulation\/code-sra\/","name":"Tout ce qu\u2019il faut savoir sur le classement SRA","isPartOf":{"@id":"https:\/\/leocare.eu\/fr\/#website"},"primaryImageOfPage":{"@id":"https:\/\/leocare.eu\/fr\/assurance-auto-en-ligne\/devis\/tarifs\/simulation\/code-sra\/#primaryimage"},"image":{"@id":"https:\/\/leocare.eu\/fr\/assurance-auto-en-ligne\/devis\/tarifs\/simulation\/code-sra\/#primaryimage"},"thumbnailUrl":"https:\/\/leocare.eu\/fr\/wp-content\/uploads\/2022\/12\/SRA-1.jpg","datePublished":"2022-12-30T14:26:54+00:00","dateModified":"2026-04-07T14:45:39+00:00","description":"D\u00e9couvrez comment fonctionne le classement SRA, \u00e0 quoi sert le code SRA d'une voiture et comment il influence le prix de votre prime d'assurance auto.","breadcrumb":{"@id":"https:\/\/leocare.eu\/fr\/assurance-auto-en-ligne\/devis\/tarifs\/simulation\/code-sra\/#breadcrumb"},"inLanguage":"fr-FR","potentialAction":[{"@type":"ReadAction","target":["https:\/\/leocare.eu\/fr\/assurance-auto-en-ligne\/devis\/tarifs\/simulation\/code-sra\/"]}]},{"@type":"ImageObject","inLanguage":"fr-FR","@id":"https:\/\/leocare.eu\/fr\/assurance-auto-en-ligne\/devis\/tarifs\/simulation\/code-sra\/#primaryimage","url":"https:\/\/leocare.eu\/fr\/wp-content\/uploads\/2022\/12\/SRA-1.jpg","contentUrl":"https:\/\/leocare.eu\/fr\/wp-content\/uploads\/2022\/12\/SRA-1.jpg","width":1800,"height":1200,"caption":"SRA"},{"@type":"WebSite","@id":"https:\/\/leocare.eu\/fr\/#website","url":"https:\/\/leocare.eu\/fr\/","name":"Leocare, assurance en ligne automobile et habitation","description":"enfin (r)assur\u00e9.e","publisher":{"@id":"https:\/\/leocare.eu\/fr\/#organization"},"potentialAction":[{"@type":"SearchAction","target":{"@type":"EntryPoint","urlTemplate":"https:\/\/leocare.eu\/fr\/?s={search_term_string}"},"query-input":{"@type":"PropertyValueSpecification","valueRequired":true,"valueName":"search_term_string"}}],"inLanguage":"fr-FR"},{"@type":"Organization","@id":"https:\/\/leocare.eu\/fr\/#organization","name":"Leocare, assurance en ligne automobile et habitation","url":"https:\/\/leocare.eu\/fr\/","logo":{"@type":"ImageObject","inLanguage":"fr-FR","@id":"https:\/\/leocare.eu\/fr\/#\/schema\/logo\/image\/","url":"https:\/\/leocare.eu\/fr\/wp-content\/uploads\/2020\/03\/logo-leocare.svg","contentUrl":"https:\/\/leocare.eu\/fr\/wp-content\/uploads\/2020\/03\/logo-leocare.svg","caption":"Leocare, assurance en ligne automobile et habitation"},"image":{"@id":"https:\/\/leocare.eu\/fr\/#\/schema\/logo\/image\/"}}]}},"_links":{"self":[{"href":"https:\/\/leocare.eu\/fr\/wp-json\/wp\/v2\/pages\/11027","targetHints":{"allow":["GET"]}}],"collection":[{"href":"https:\/\/leocare.eu\/fr\/wp-json\/wp\/v2\/pages"}],"about":[{"href":"https:\/\/leocare.eu\/fr\/wp-json\/wp\/v2\/types\/page"}],"author":[{"embeddable":true,"href":"https:\/\/leocare.eu\/fr\/wp-json\/wp\/v2\/users\/34"}],"replies":[{"embeddable":true,"href":"https:\/\/leocare.eu\/fr\/wp-json\/wp\/v2\/comments?post=11027"}],"version-history":[{"count":14,"href":"https:\/\/leocare.eu\/fr\/wp-json\/wp\/v2\/pages\/11027\/revisions"}],"predecessor-version":[{"id":41033,"href":"https:\/\/leocare.eu\/fr\/wp-json\/wp\/v2\/pages\/11027\/revisions\/41033"}],"up":[{"embeddable":true,"href":"https:\/\/leocare.eu\/fr\/wp-json\/wp\/v2\/pages\/10919"}],"wp:featuredmedia":[{"embeddable":true,"href":"https:\/\/leocare.eu\/fr\/wp-json\/wp\/v2\/media\/10070"}],"wp:attachment":[{"href":"https:\/\/leocare.eu\/fr\/wp-json\/wp\/v2\/media?parent=11027"}],"curies":[{"name":"wp","href":"https:\/\/api.w.org\/{rel}","templated":true}]}}