{"id":11005,"date":"2022-12-30T18:10:49","date_gmt":"2022-12-30T17:10:49","guid":{"rendered":"https:\/\/leocare.eu\/fr\/?page_id=11005"},"modified":"2026-04-07T16:45:37","modified_gmt":"2026-04-07T14:45:37","slug":"model-y","status":"publish","type":"page","link":"https:\/\/leocare.eu\/fr\/assurance-auto-en-ligne\/tesla\/model-y\/","title":{"rendered":"Assurance Tesla Model Y"},"content":{"rendered":"\n<p><strong>Exp\u00e9rience au volant, formule d\u2019assurance choisie, <\/strong><strong>bonus-malus<\/strong><strong>\u2026 Voil\u00e0 quelques-unes des variables, qui jouent sur le co\u00fbt de votre <\/strong><strong>assurance Tesla Model Y<\/strong><strong>. Oui, mais dans quelles proportions ? Leocare, la n\u00e9o-assurance qui associe technologie, garantie et petits prix, vous \u00e9claire sur le sujet <\/strong><strong>\ud83d\udca1 <\/strong><strong>!<\/strong><\/p>\n\n\n\n<h2 class=\"wp-block-heading\" id=\"section-1-combien-cote-une-assurance-tesla-model-y-en-2024-\"><strong>Combien co\u00fbte une assurance Tesla Model Y en 2024 ?<\/strong><\/h2>\n\n\n\n<p>Comme pour n\u2019importe quel autre v\u00e9hicule, les v\u00e9hicules \u00e9lectriques doivent \u00eatre assur\u00e9s. Une assurance Tesla couvrant au moins la responsabilit\u00e9 civile est obligatoire. Pour une Tesla Model Y, les tarifs vont en moyenne de <span class=\"change-price\">636<\/span> \u20ac \u00e0 <span class=\"change-price\">4 350<\/span> \u20ac, avec un prix m\u00e9dian de <span class=\"change-price\">1 721<\/span> \u20ac.<\/p>\n\n\n\n<p>Mais nous allons voir qu\u2019en fonction des crit\u00e8res pris en compte, le prix d\u2019une assurance Tesla Model Y peut varier sensiblement, \u00e0 la hausse comme \u00e0 la baisse. Vous pouvez ais\u00e9ment le v\u00e9rifier en utilisant un comparateur.<\/p>\n\n\n\n<h2 class=\"wp-block-heading\" id=\"section-2-exprience-au-volant-lassurance-tesla-model-y-cote-t-elle-plu\"><strong>Exp\u00e9rience au volant : l\u2019assurance Tesla Model Y co\u00fbte-t-elle plus cher pour un jeune conducteur ?<\/strong><\/h2>\n\n\n\n<p>Par d\u00e9finition, un jeune conducteur est peu exp\u00e9riment\u00e9. C\u2019est pour cette raison qu\u2019une surprime lui est appliqu\u00e9e sur sa prime annuelle d\u2019assurance Tesla. En effet, les assureurs estiment que les risques d\u2019accident sont plus \u00e9lev\u00e9s, par rapport \u00e0 un conducteur chevronn\u00e9. Cela est encore plus vrai pour des voitures \u00e9lectriques \u00e0 l\u2019acc\u00e9l\u00e9ration puissante. Ils se prot\u00e8gent donc davantage. Pour information, + 42 %, c\u2019est la surprime moyenne \u00e0 pr\u00e9voir si vous \u00eates jeune conducteur.<\/p>\n\n\n\n<figure class=\"wp-block-table\"><table class=\"has-fixed-layout\"><thead><tr><th>\u00c2ge du conducteur<\/th><th>Prix bas<\/th><th>Prix moyen<\/th><th>Prix haut<\/th><\/tr><\/thead><tbody><tr><td>Moins de 25 ans<\/td><td><span class=\"change-price\">869<\/span> \u20ac<\/td><td><span class=\"change-price\">2 690<\/span> \u20ac<\/td><td><span class=\"change-price\">5 375<\/span> \u20ac<\/td><\/tr><tr><td>25 ans et plus<\/td><td><span class=\"change-price\">629<\/span> \u20ac<\/td><td><span class=\"change-price\">1 654<\/span> \u20ac<\/td><td><span class=\"change-price\">4 177<\/span> \u20ac<\/td><\/tr><\/tbody><\/table><\/figure>\n\n\n\n<div class=\"bon-a-savoir\">\n\n\n\n<p>Bon \u00e0 savoir : pensez \u00e0 vous assurer en second conducteur<\/p>\n\n\n\n<p>Il n\u2019y a pas photo. S\u2019ajouter sur le contrat de vos parents, comme conducteur secondaire, plut\u00f4t que de vous assurer seul, revient beaucoup moins cher. Pensez-y pour vos premi\u00e8res ann\u00e9es de permis ! Chez Leocare, c\u2019est possible si vous avez entre 18 et 20 ans, et que l\u2019un de vos parents est titulaire de la carte grise du v\u00e9hicule Tesla. Et c\u2019est d\u2019ailleurs la seule fa\u00e7on d\u2019\u00eatre assur\u00e9 chez nous, si vous \u00eates jeune conducteur.<\/p>\n\n\n\n<\/div>\n\n\n\n<h2 class=\"wp-block-heading\" id=\"section-3-tesla-model-y-neuve-ou-doccasion-quelle-diffrence-sur-le-pri\"><strong>Tesla Model Y neuve ou d\u2019occasion : quelle diff\u00e9rence sur le prix de l\u2019assurance ?<\/strong><\/h2>\n\n\n\n<p>Pour un mod\u00e8le neuf et un autre d\u2019occasion, le co\u00fbt d\u2019une assurance Tesla Model Y est sensiblement diff\u00e9rent. M\u00eame si les chiffres, ci-dessous, ne le montrent pas vraiment (ce sont des moyennes), assurer une voiture neuve revient historiquement plus cher que pour une voiture ancienne. Forc\u00e9ment, la cote Argus n\u2019est pas la m\u00eame, surtout pour une Tesla !<\/p>\n\n\n\n<figure class=\"wp-block-table\"><table class=\"has-fixed-layout\"><thead><tr><th>Type de Model Y<\/th><th>Prix bas<\/th><th>Prix moyen<\/th><th>Prix haut<\/th><\/tr><\/thead><tbody><tr><td>Neuve<\/td><td><span class=\"change-price\">626<\/span> \u20ac<\/td><td><span class=\"change-price\">1 682<\/span> \u20ac<\/td><td><span class=\"change-price\">4 370<\/span> \u20ac<\/td><\/tr><tr><td>D\u2019occasion<\/td><td><span class=\"change-price\">648<\/span> \u20ac<\/td><td><span class=\"change-price\">1 950<\/span> \u20ac<\/td><td><span class=\"change-price\">4 667<\/span> \u20ac<\/td><\/tr><\/tbody><\/table><\/figure>\n\n\n\n<h2 class=\"wp-block-heading\" id=\"section-4-prime-dassurance-tesla-model-y-selon-le-bonus-malus\"><strong>Prime d\u2019assurance Tesla Model Y selon le bonus-malus<\/strong><\/h2>\n\n\n\n<p>Le Coefficient de R\u00e9duction-Majoration (CRM), influence \u00e9norm\u00e9ment le co\u00fbt de votre assurance Tesla. Vous \u00eates bonuss\u00e9 ? F\u00e9licitations \ud83e\udd73 ! Niveau prix, pour une Tesla Model Y, vous payez jusqu\u2019\u00e0 200 % moins cher qu\u2019un conducteur maluss\u00e9. Rien que \u00e7a !<\/p>\n\n\n\n<figure class=\"wp-block-table\"><table class=\"has-fixed-layout\"><thead><tr><th>Coefficient R\u00e9duction-Majoration<\/th><th>Prix bas<\/th><th>Prix moyen<\/th><th>Prix haut<\/th><\/tr><\/thead><tbody><tr><td>Bonus 50<\/td><td><span class=\"change-price\">598<\/span> \u20ac<\/td><td><span class=\"change-price\">1 288<\/span> \u20ac<\/td><td><span class=\"change-price\">2 590<\/span> \u20ac<\/td><\/tr><tr><td>Bonus<\/td><td><span class=\"change-price\">734<\/span> \u20ac<\/td><td><span class=\"change-price\">2 014<\/span> \u20ac<\/td><td><span class=\"change-price\">4 432<\/span> \u20ac<\/td><\/tr><tr><td>Neutre<\/td><td><span class=\"change-price\">1 147<\/span> \u20ac<\/td><td><span class=\"change-price\">3 749<\/span> \u20ac<\/td><td><span class=\"change-price\">8 546<\/span> \u20ac<\/td><\/tr><tr><td>Malus<\/td><td><span class=\"change-price\">1 282<\/span> \u20ac<\/td><td><span class=\"change-price\">3 640<\/span> \u20ac<\/td><td><span class=\"change-price\">7 791<\/span> \u20ac<\/td><\/tr><\/tbody><\/table><\/figure>\n\n\n\n<h2 class=\"wp-block-heading\" id=\"section-5-assurer-un-conducteur-secondaire-pour-un-vhicule-tesla-model\"><strong>Assurer un conducteur secondaire pour un v\u00e9hicule Tesla Model Y<\/strong><\/h2>\n\n\n\n<p>Si vous ajoutez un conducteur sur votre contrat d\u2019assurance Tesla Model Y, il faut pr\u00e9voir une petite surprime (quelques dizaines d\u2019euros \u00e0 un peu plus de <span class=\"change-price\">214<\/span> \u20ac). Attention, il s\u2019agit, l\u00e0 encore, de moyennes. Elles ne prennent pas en compte vos profils respectifs (conducteurs principal et secondaire).<\/p>\n\n\n\n<figure class=\"wp-block-table\"><table class=\"has-fixed-layout\"><thead><tr><th>Conducteur secondaire<\/th><th>Prix bas<\/th><th>Prix moyen<\/th><th>Prix haut<\/th><\/tr><\/thead><tbody><tr><td>Avec<\/td><td><span class=\"change-price\">637<\/span> \u20ac<\/td><td><span class=\"change-price\">1 385<\/span> \u20ac<\/td><td><span class=\"change-price\">2 917<\/span> \u20ac<\/td><\/tr><tr><td>Sans<\/td><td><span class=\"change-price\">598<\/span> \u20ac<\/td><td><span class=\"change-price\">1 288<\/span> \u20ac<\/td><td><span class=\"change-price\">2 590<\/span> \u20ac<\/td><\/tr><\/tbody><\/table><\/figure>\n\n\n\n<h2 class=\"wp-block-heading\" id=\"section-6-assurance-au-tiers-ou-tous-risques-quel-prix-pour-les-formul\"><strong>Assurance au tiers ou tous risques : quel prix pour les formules Tesla Model Y ?<\/strong><\/h2>\n\n\n\n<p>La formule d\u2019assurance a un gros impact sur le co\u00fbt de votre assurance Tesla Model Y. Quelle diff\u00e9rence de prix entre une assurance auto tous risques, une formule au tiers et une garantie interm\u00e9diaire ou tiers plus chez Leocare ? Les chiffres parlent d\u2019eux-m\u00eames :<\/p>\n\n\n\n<figure class=\"wp-block-table\"><table class=\"has-fixed-layout\"><thead><tr><th>Formule d\u2019assurance<\/th><th>Prix bas<\/th><th>Prix moyen<\/th><th>Prix haut<\/th><\/tr><\/thead><tbody><tr><td>Tiers<\/td><td><span class=\"change-price\">398<\/span> \u20ac<\/td><td><span class=\"change-price\">1 117<\/span> \u20ac<\/td><td><span class=\"change-price\">2 414<\/span> \u20ac<\/td><\/tr><tr><td>Tiers interm\u00e9diaire, tiers \u00e9tendu ou tiers plus<\/td><td><span class=\"change-price\">643<\/span> \u20ac<\/td><td><span class=\"change-price\">1 905<\/span> \u20ac<\/td><td><span class=\"change-price\">4 757<\/span> \u20ac<\/td><\/tr><tr><td>Tous risques<\/td><td><span class=\"change-price\">659<\/span> \u20ac<\/td><td><span class=\"change-price\">1 734<\/span> \u20ac<\/td><td><span class=\"change-price\">4 381<\/span> \u20ac<\/td><\/tr><\/tbody><\/table><\/figure>\n\n\n\n<p>Avec Leocare, faites le choix d\u2019une assurance Tesla\u2026 rassurante, \u00e0 prix mini !<\/p>\n\n\n\n<p>Chez nous, la formule tiers simple inclut bien s\u00fbr les garanties obligatoires, \u00e0 savoir la Responsabilit\u00e9 Civile (RC) et la garantie D\u00e9fense P\u00e9nale et Recours Suite \u00e0 un Accident (DPRSA). Mais aussi, et cela, gratuitement :<\/p>\n\n\n\n<ul class=\"wp-block-list\">\n<li>L\u2019assistance 0 km (pratique en cas de panne de batterie de votre Tesla).<\/li>\n\n\n\n<li>La garantie corporelle du conducteur, avec un plafond d\u2019indemnisation de 600 000 \u20ac ou 1 000 000 \u20ac, au choix.<\/li>\n\n\n\n<li>Une responsabilit\u00e9 civile remorque \u2264 750 kg.<\/li>\n<\/ul>\n\n\n\n<p>Avec la formule tiers plus (ou interm\u00e9diaire), vous \u00eates, en plus, indemnis\u00e9 pour les dommages subis par votre v\u00e9hicule, \u00e0 la suite d\u2019\u00e9v\u00e8nements tels que :<\/p>\n\n\n\n<ul class=\"wp-block-list\">\n<li>Bris de glace.<\/li>\n\n\n\n<li>Catastrophe naturelle.<\/li>\n\n\n\n<li>Catastrophe technologique.<\/li>\n\n\n\n<li>Attentat.<\/li>\n\n\n\n<li>Acte de terrorisme.<\/li>\n\n\n\n<li>Incendie<\/li>\n\n\n\n<li>Temp\u00eate.<\/li>\n\n\n\n<li>Explosion.<\/li>\n\n\n\n<li>Vol.<\/li>\n<\/ul>\n\n\n\n<p>Incluse \u00e9galement au tiers plus, la garantie des effets, objets et accessoires. Vous pouvez aussi b\u00e9n\u00e9ficier, en option, de la garantie Valeur \u00c0 Neuf (VAN) 12 mois.<\/p>\n\n\n\n<p>Enfin, la formule tous risques comprend la garantie dommages tous accidents. Et, en option, la garantie VAN 12 mois, 14 mois ou 36 mois, au choix.<\/p>\n\n\n\n<p>De quoi vous offrir la meilleure des couvertures \ud83e\udd20 !<\/p>\n\n\n\n<p>La&nbsp;Tesla Model&nbsp;3 fait partie des&nbsp;v\u00e9hicules \u00e9lectriques&nbsp;les plus vendus par le&nbsp;constructeur automobile&nbsp;californien. C\u2019est un incontestable succ\u00e8s pour&nbsp;Elon Musk&nbsp;et sa&nbsp;compagnie. Pour obtenir un&nbsp;<strong><a href=\"https:\/\/leocare.eu\/fr\/assurance-auto-en-ligne\/tesla\/model-3\/\">devis rapide pour une assurance Tesla Model 3<\/a><\/strong>, les&nbsp;conducteurs&nbsp;peuvent recourir \u00e0 un&nbsp;comparateur. C\u2019est un moyen efficace pour trouver son assurance automobile (pour votre ou vos&nbsp;voitures \u00e9lectriques) et pour r\u00e9aliser des \u00e9conomies !<\/p>\n\n\n\n<h2 class=\"wp-block-heading\" id=\"section-7-pourquoi-le-tarif-dune-assurance-tesla-model-y-varie-dun-mod\"><strong>Pourquoi le tarif d\u2019une assurance Tesla Model Y varie d\u2019un mod\u00e8le \u00e0 l\u2019autre ?<\/strong><\/h2>\n\n\n\n<p>La Tesla Model Y est un mod\u00e8le 100 % \u00e9lectrique d\u2019une puissance sup\u00e9rieure \u00e0 la plupart des autres mod\u00e8les de voiture \u00e9lectris\u00e9s. Aussi, le co\u00fbt de l\u2019assurance peut \u00eatre un peu plus \u00e9lev\u00e9. Le prix des r\u00e9parations sur les voitures \u00e9lectriques est \u00e9galement plus important, \u00e9l\u00e9ment statistique \u00e9galement pris en compte par les assureurs.<\/p>\n\n\n\n<h2 class=\"wp-block-heading\" id=\"section-8-comment-souscrire-une-assurance-auto-en-ligne-tesla-model-y-\"><strong>Comment souscrire une assurance auto en ligne Tesla Model Y ?<\/strong><\/h2>\n\n\n\n<p>Contracter une assurance Tesla Model Y ? Rien de plus facile ! Sur le site Leocare ou via notre app, obtenez votre devis en 1 minute chrono. Convaincu ? Souscrivez-la dans la foul\u00e9e, en 4 minutes !<\/p>\n\n\n\n<p>Ces infos et justificatifs vous sont demand\u00e9s. Pr\u00e9parez-les :<\/p>\n\n\n\n<ul class=\"wp-block-list\">\n<li>Num\u00e9ro de plaque d\u2019immatriculation de votre v\u00e9hicule Tesla.<\/li>\n\n\n\n<li>Mod\u00e8le de votre Tesla.<\/li>\n\n\n\n<li>Mode d\u2019achat du mod\u00e8le.<\/li>\n\n\n\n<li>Usage du v\u00e9hicule.<\/li>\n\n\n\n<li>Lieu de r\u00e9sidence.<\/li>\n\n\n\n<li>Date de naissance.<\/li>\n\n\n\n<li>Date d\u2019obtention de votre permis de conduire.<\/li>\n\n\n\n<li>Anciennet\u00e9 d\u2019assurance.<\/li>\n\n\n\n<li>Coefficient de r\u00e9duction-majoration.<\/li>\n\n\n\n<li>Nombre de sinistres \u00e0 votre actif.<\/li>\n<\/ul>\n\n\n\n<h2 class=\"wp-block-heading\" id=\"section-9-histoire-de-la-tesla-model-y-modle-livr-depuis-2020-\"><strong>Histoire de la Tesla Model Y : mod\u00e8le livr\u00e9 depuis 2020 \ud83d\ude98<\/strong><\/h2>\n\n\n\n<p>La compagnie Tesla Motors est fond\u00e9e en 2003 par Martin Eberhard et Marc Tarpenning, avant qu\u2019Elon Musk n\u2019en devienne le dirigeant. Cinqui\u00e8me mod\u00e8le du constructeur am\u00e9ricain, la Tesla Model Y est une version sur\u00e9lev\u00e9e du Model 3. Elle fait partie des v\u00e9hicules \u00e9lectriques \u00e0 usage familial et dispose d\u2019une bonne autonomie. Le crossover compact 100 % \u00e9lectrique, lanc\u00e9 en 2020, propose deux modes de transmission : propulsion et int\u00e9grale. Son autonomie varie entre 455 km et 537 km. En termes d\u2019acc\u00e9l\u00e9ration, il atteint 100 km\/h en 3,7 secondes \u00e0 5 secondes, selon les versions. En option, il peut disposer de 7 places.<\/p>\n\n\n\n<p>La Tesla Model Y devait \u00e0 l\u2019origine b\u00e9n\u00e9ficier d\u2019un niveau d\u2019automatisation maximal (conduite autonome de niveau 5). Elle aurait ainsi \u00e9t\u00e9 capable de tout faire seule, sans intervention humaine. Finalement, le crossover est bel et bien dot\u00e9 d\u2019un volant, comme tous les v\u00e9hicules Tesla. Le constructeur automobile a ainsi fait un choix de raison.<\/p>\n\n\n\n<p>La Tesla Model Y Propulsion, une version d\u2019entr\u00e9e de gamme \u00e0 deux roues motrices, est disponible \u00e0 la commande depuis ao\u00fbt 2022 en Europe. Propos\u00e9 \u00e0 partir de 36\u202f990 \u20ac, il est \u00e9ligible au bonus \u00e9cologique en France.<\/p>\n\n\n\n<p><strong>Variation des prix des assurances Tesla selon les mod\u00e8les<\/strong><\/p>\n\n\n\n<p>Int\u00e9ress\u00e9 par d\u2019autres mod\u00e8les de la gamme Tesla ? Pour une&nbsp;<strong><a href=\"https:\/\/leocare.eu\/fr\/assurance-auto-en-ligne\/tesla\/model-s\/\">assurance Tesla Model S<\/a><\/strong>, le prix moyen annuel est de <span class=\"change-price\">1 760<\/span> \u20ac. Et pour une&nbsp;<strong><a href=\"https:\/\/leocare.eu\/fr\/assurance-auto-en-ligne\/tesla\/model-x\/\">assurance Tesla Model X<\/a><\/strong>&nbsp;ou une&nbsp;<strong><a href=\"https:\/\/leocare.eu\/fr\/assurance-auto-en-ligne\/tesla\/model-3\/\">assurance Tesla Model 3<\/a><\/strong>, les prix sont \u00e0 peu pr\u00e8s \u00e9quivalents \u00e0 ceux de la Model Y, soit <span class=\"change-price\">1 457<\/span> \u20ac par an, en moyenne. Il ne vous reste qu\u2019\u00e0 faire votre choix parmi les v\u00e9hicules Tesla !<\/p>\n\n\n\n<p>Les&nbsp;voitures \u00e9lectriques&nbsp;ont le vent en poupe, et particuli\u00e8rement celles imagin\u00e9es par&nbsp;Elon Musk. La&nbsp;gamme&nbsp;de ce&nbsp;constructeur automobile&nbsp;ne cesse de s\u2019enrichir. En utilisant un&nbsp;comparateur, les&nbsp;conducteurs&nbsp;int\u00e9ress\u00e9s peuvent obtenir un&nbsp;<strong><a href=\"https:\/\/leocare.eu\/fr\/assurance-auto-en-ligne\/tesla\/\">devis en ligne pour une assurance Tesla<\/a><\/strong>. Ce sera l\u2019occasion d\u2019appr\u00e9cier les offres de notre&nbsp;compagnie, pour une&nbsp;assurance Tesla&nbsp;au tiers ou une formule&nbsp;dommages tous accidents. Vous avez du&nbsp;malus&nbsp;? Pas de soucis, vous pouvez aussi faire des&nbsp;\u00e9conomies&nbsp;!<\/p>\n\n\n\n<p>Pourquoi chercher plus loin pour b\u00e9n\u00e9ficier d\u2019une assurance Tesla Model Y optimale ? Chez Leocare, prot\u00e9gez votre v\u00e9hicule \u00e0 un co\u00fbt ma\u00eetris\u00e9, sans vous priver d\u2019un service premium ! Toujours pr\u00e9sents, nos Leoconseillers vous assistent et vous prennent en charge, quelles que soient les circonstances. Profitez \u00e9galement de services gratuits sur notre app ! De vos d\u00e9clarations de sinistre \u00e0 leur suivi en temps r\u00e9el, en passant par la modulation de vos garanties, g\u00e9rez tout, d\u2019un simple coup de pouce. Le r\u00eave \ud83d\ude43!<\/p>\n","protected":false},"excerpt":{"rendered":"<p>Exp\u00e9rience au volant, formule d\u2019assurance choisie, bonus-malus\u2026 Voil\u00e0 quelques-unes des variables, qui jouent sur le co\u00fbt de votre assurance Tesla Model Y. Oui, mais dans quelles proportions ? Leocare, la n\u00e9o-assurance qui associe technologie, garantie et petits prix, vous \u00e9claire sur le sujet \ud83d\udca1 ! Combien co\u00fbte une assurance Tesla Model Y en 2024 ? [&hellip;]<\/p>\n","protected":false},"author":34,"featured_media":10077,"parent":11071,"menu_order":0,"comment_status":"closed","ping_status":"closed","template":"template_seo.php","meta":{"_acf_changed":false,"footnotes":""},"class_list":["post-11005","page","type-page","status-publish","has-post-thumbnail","hentry"],"acf":[],"yoast_head":"<!-- This site is optimized with the Yoast SEO plugin v27.3 - https:\/\/yoast.com\/product\/yoast-seo-wordpress\/ -->\n<title>Assurance Tesla Model Y - Devis en ligne - Leocare<\/title>\n<meta name=\"description\" content=\"D\u00e9couvrez les meilleures options d&#039;assurance pour votre Tesla Model Y aujourd&#039;hui. Souscrivez d\u00e8s maintenant pour b\u00e9n\u00e9ficier d&#039;une couverture fiable et compl\u00e8te. Ne prenez aucun risque, assurez votre Tesla.\" \/>\n<meta name=\"robots\" content=\"index, follow, max-snippet:-1, max-image-preview:large, max-video-preview:-1\" \/>\n<link rel=\"canonical\" href=\"https:\/\/leocare.eu\/fr\/assurance-auto-en-ligne\/tesla\/model-y\/\" \/>\n<meta property=\"og:locale\" content=\"fr_FR\" \/>\n<meta property=\"og:type\" content=\"article\" \/>\n<meta property=\"og:title\" content=\"Assurance Tesla Model Y - Devis en ligne - Leocare\" \/>\n<meta property=\"og:description\" content=\"D\u00e9couvrez les meilleures options d&#039;assurance pour votre Tesla Model Y aujourd&#039;hui. Souscrivez d\u00e8s maintenant pour b\u00e9n\u00e9ficier d&#039;une couverture fiable et compl\u00e8te. Ne prenez aucun risque, assurez votre Tesla.\" \/>\n<meta property=\"og:url\" content=\"https:\/\/leocare.eu\/fr\/assurance-auto-en-ligne\/tesla\/model-y\/\" \/>\n<meta property=\"og:site_name\" content=\"Leocare, assurance en ligne automobile et habitation\" \/>\n<meta property=\"article:modified_time\" content=\"2026-04-07T14:45:37+00:00\" \/>\n<meta property=\"og:image\" content=\"https:\/\/leocare.eu\/fr\/wp-content\/uploads\/2022\/12\/Tesla-model-y.jpg\" \/>\n\t<meta property=\"og:image:width\" content=\"1800\" \/>\n\t<meta property=\"og:image:height\" content=\"1200\" \/>\n\t<meta property=\"og:image:type\" content=\"image\/jpeg\" \/>\n<meta name=\"twitter:card\" content=\"summary_large_image\" \/>\n<meta name=\"twitter:label1\" content=\"Dur\u00e9e de lecture estim\u00e9e\" \/>\n\t<meta name=\"twitter:data1\" content=\"8 minutes\" \/>\n<!-- \/ Yoast SEO plugin. -->","yoast_head_json":{"title":"Assurance Tesla Model Y - Devis en ligne - Leocare","description":"D\u00e9couvrez les meilleures options d'assurance pour votre Tesla Model Y aujourd'hui. Souscrivez d\u00e8s maintenant pour b\u00e9n\u00e9ficier d'une couverture fiable et compl\u00e8te. Ne prenez aucun risque, assurez votre Tesla.","robots":{"index":"index","follow":"follow","max-snippet":"max-snippet:-1","max-image-preview":"max-image-preview:large","max-video-preview":"max-video-preview:-1"},"canonical":"https:\/\/leocare.eu\/fr\/assurance-auto-en-ligne\/tesla\/model-y\/","og_locale":"fr_FR","og_type":"article","og_title":"Assurance Tesla Model Y - Devis en ligne - Leocare","og_description":"D\u00e9couvrez les meilleures options d'assurance pour votre Tesla Model Y aujourd'hui. Souscrivez d\u00e8s maintenant pour b\u00e9n\u00e9ficier d'une couverture fiable et compl\u00e8te. Ne prenez aucun risque, assurez votre Tesla.","og_url":"https:\/\/leocare.eu\/fr\/assurance-auto-en-ligne\/tesla\/model-y\/","og_site_name":"Leocare, assurance en ligne automobile et habitation","article_modified_time":"2026-04-07T14:45:37+00:00","og_image":[{"width":1800,"height":1200,"url":"https:\/\/leocare.eu\/fr\/wp-content\/uploads\/2022\/12\/Tesla-model-y.jpg","type":"image\/jpeg"}],"twitter_card":"summary_large_image","twitter_misc":{"Dur\u00e9e de lecture estim\u00e9e":"8 minutes"},"schema":{"@context":"https:\/\/schema.org","@graph":[{"@type":"WebPage","@id":"https:\/\/leocare.eu\/fr\/assurance-auto-en-ligne\/tesla\/model-y\/","url":"https:\/\/leocare.eu\/fr\/assurance-auto-en-ligne\/tesla\/model-y\/","name":"Assurance Tesla Model Y - Devis en ligne - Leocare","isPartOf":{"@id":"https:\/\/leocare.eu\/fr\/#website"},"primaryImageOfPage":{"@id":"https:\/\/leocare.eu\/fr\/assurance-auto-en-ligne\/tesla\/model-y\/#primaryimage"},"image":{"@id":"https:\/\/leocare.eu\/fr\/assurance-auto-en-ligne\/tesla\/model-y\/#primaryimage"},"thumbnailUrl":"https:\/\/leocare.eu\/fr\/wp-content\/uploads\/2022\/12\/Tesla-model-y.jpg","datePublished":"2022-12-30T17:10:49+00:00","dateModified":"2026-04-07T14:45:37+00:00","description":"D\u00e9couvrez les meilleures options d'assurance pour votre Tesla Model Y aujourd'hui. Souscrivez d\u00e8s maintenant pour b\u00e9n\u00e9ficier d'une couverture fiable et compl\u00e8te. Ne prenez aucun risque, assurez votre Tesla.","breadcrumb":{"@id":"https:\/\/leocare.eu\/fr\/assurance-auto-en-ligne\/tesla\/model-y\/#breadcrumb"},"inLanguage":"fr-FR","potentialAction":[{"@type":"ReadAction","target":["https:\/\/leocare.eu\/fr\/assurance-auto-en-ligne\/tesla\/model-y\/"]}]},{"@type":"ImageObject","inLanguage":"fr-FR","@id":"https:\/\/leocare.eu\/fr\/assurance-auto-en-ligne\/tesla\/model-y\/#primaryimage","url":"https:\/\/leocare.eu\/fr\/wp-content\/uploads\/2022\/12\/Tesla-model-y.jpg","contentUrl":"https:\/\/leocare.eu\/fr\/wp-content\/uploads\/2022\/12\/Tesla-model-y.jpg","width":1800,"height":1200,"caption":"Assurance Tesla Model Y"},{"@type":"WebSite","@id":"https:\/\/leocare.eu\/fr\/#website","url":"https:\/\/leocare.eu\/fr\/","name":"Leocare, assurance en ligne automobile et habitation","description":"enfin (r)assur\u00e9.e","publisher":{"@id":"https:\/\/leocare.eu\/fr\/#organization"},"potentialAction":[{"@type":"SearchAction","target":{"@type":"EntryPoint","urlTemplate":"https:\/\/leocare.eu\/fr\/?s={search_term_string}"},"query-input":{"@type":"PropertyValueSpecification","valueRequired":true,"valueName":"search_term_string"}}],"inLanguage":"fr-FR"},{"@type":"Organization","@id":"https:\/\/leocare.eu\/fr\/#organization","name":"Leocare, assurance en ligne automobile et habitation","url":"https:\/\/leocare.eu\/fr\/","logo":{"@type":"ImageObject","inLanguage":"fr-FR","@id":"https:\/\/leocare.eu\/fr\/#\/schema\/logo\/image\/","url":"https:\/\/leocare.eu\/fr\/wp-content\/uploads\/2020\/03\/logo-leocare.svg","contentUrl":"https:\/\/leocare.eu\/fr\/wp-content\/uploads\/2020\/03\/logo-leocare.svg","caption":"Leocare, assurance en ligne automobile et habitation"},"image":{"@id":"https:\/\/leocare.eu\/fr\/#\/schema\/logo\/image\/"}}]}},"_links":{"self":[{"href":"https:\/\/leocare.eu\/fr\/wp-json\/wp\/v2\/pages\/11005","targetHints":{"allow":["GET"]}}],"collection":[{"href":"https:\/\/leocare.eu\/fr\/wp-json\/wp\/v2\/pages"}],"about":[{"href":"https:\/\/leocare.eu\/fr\/wp-json\/wp\/v2\/types\/page"}],"author":[{"embeddable":true,"href":"https:\/\/leocare.eu\/fr\/wp-json\/wp\/v2\/users\/34"}],"replies":[{"embeddable":true,"href":"https:\/\/leocare.eu\/fr\/wp-json\/wp\/v2\/comments?post=11005"}],"version-history":[{"count":19,"href":"https:\/\/leocare.eu\/fr\/wp-json\/wp\/v2\/pages\/11005\/revisions"}],"predecessor-version":[{"id":39879,"href":"https:\/\/leocare.eu\/fr\/wp-json\/wp\/v2\/pages\/11005\/revisions\/39879"}],"up":[{"embeddable":true,"href":"https:\/\/leocare.eu\/fr\/wp-json\/wp\/v2\/pages\/11071"}],"wp:featuredmedia":[{"embeddable":true,"href":"https:\/\/leocare.eu\/fr\/wp-json\/wp\/v2\/media\/10077"}],"wp:attachment":[{"href":"https:\/\/leocare.eu\/fr\/wp-json\/wp\/v2\/media?parent=11005"}],"curies":[{"name":"wp","href":"https:\/\/api.w.org\/{rel}","templated":true}]}}