{"id":11002,"date":"2022-12-30T15:03:13","date_gmt":"2022-12-30T14:03:13","guid":{"rendered":"https:\/\/leocare.eu\/fr\/?page_id=11002"},"modified":"2026-04-07T16:45:36","modified_gmt":"2026-04-07T14:45:36","slug":"surprime","status":"publish","type":"page","link":"https:\/\/leocare.eu\/fr\/assurance-auto-en-ligne\/devis\/tarifs\/surprime\/","title":{"rendered":"Assurance auto : qu\u2019est-ce qu\u2019une surprime ?"},"content":{"rendered":"\n\n\n<p>Comme pour tout d\u00e9butant dans la vie active, le monde des assurances est parfois difficile \u00e0 comprendre. Jeune conducteur&nbsp;? Il y a certainement une surprime sur votre prime d\u2019assurance&nbsp;! Pas de panique, Leocare, la n\u00e9o-assurance qui bouscule le monde de l\u2019assurance, vous explique tout sur la surprime et vous guide concr\u00e8tement&nbsp;\ud83d\ude09!&nbsp;<\/p>\n\n\n\n<h2 class=\"wp-block-heading\" id=\"section-1-quest-ce-quune-surprime-\"><strong>Qu\u2019est-ce qu\u2019une surprime ?<\/strong><\/h2>\n\n\n\n<p>Une surprime est une majoration du&nbsp;<strong><a href=\"https:\/\/leocare.eu\/fr\/assurance-auto-en-ligne\/devis\/tarifs\/\">prix de l\u2019assurance voiture<\/a><\/strong>. Oui, dit comme cela, \u00e7a ne fait pas r\u00eaver \ud83d\ude06 ! Mais il faut savoir \u00e9galement qu\u2019elle ne touche pas tous les assur\u00e9s. Elle est appliqu\u00e9e sur les contrats d\u2019assurance voiture des jeunes conducteurs. Les personnes qui ont leur permis de conduire depuis plus de trois ans, mais qui ne sont plus assur\u00e9es depuis cette m\u00eame dur\u00e9e la payent aussi. Dit plus simplement,&nbsp;<strong>elle touche les conducteurs qui ont le plus de risques de conna\u00eetre un sinistre<\/strong>.&nbsp;Notez par ailleurs que la surprime double la prime d\u2019assurance pendant toute la premi\u00e8re ann\u00e9e d\u2019assurance.&nbsp;Vous craignez une soudaine augmentation de votre assurance auto ? Avec Leocare, vous visualisez votre prime annuelle depuis l\u2019app en temps r\u00e9el. Plus de mauvaise surprise, vous entrez dans le monde de la transparence et de la simplicit\u00e9 : celui de la n\u00e9o-assurance !<\/p>\n\n\n\n<p>Autre information \u00e0 conna\u00eetre : la surprime est divis\u00e9e par deux chaque ann\u00e9e pass\u00e9e sans accident responsable. Elle dispara\u00eet au bout de trois ann\u00e9es compl\u00e8tes d\u2019assurance&nbsp;jeunes conducteurs. Vous avez besoin d\u2019informations sur les tarifs et conditions d\u2019<strong><a href=\"https:\/\/leocare.eu\/fr\/assurance-auto-en-ligne\/couverture\/formules\/specifiques\/tout-conducteur\/jeune-conducteur\/\">assurance auto pour jeunes conducteurs<\/a><\/strong>&nbsp;? Utiliser notre comparatif vous permettra d\u2019en savoir davantage sur les&nbsp;compagnies&nbsp;d\u2019assurance, la&nbsp;cotisation&nbsp;pr\u00e9vue pour les&nbsp;conducteurs&nbsp;novices, et les diff\u00e9rentes options (assurance au tiers,&nbsp;surprime jeune conducteur, indemnisation en cas d\u2019accident, etc.). En plus, Leocare vous guide pour savoir comment inclure un&nbsp;conducteur secondaire&nbsp;!<\/p>\n\n\n\n<p id=\"ancre1\">Nombreuses sont les&nbsp;compagnies d\u2019assurance&nbsp;qui consid\u00e8rent les \u00e9tudiants comme de jeunes conducteurs en raison de leur faible exp\u00e9rience au volant. Les \u00e9tudiants \u00e9tant davantage expos\u00e9s au risque d\u2019accident,&nbsp;et donc de dommages, la surprime s\u2019applique sur leur contrat d\u2019assurance auto jeune conducteur.&nbsp;Pour&nbsp;<strong><a href=\"https:\/\/leocare.eu\/fr\/assurance-auto-en-ligne\/couverture\/formules\/specifiques\/tout-conducteur\/jeune-conducteur\/etudiant\/\">bien choisir votre assurance auto \u00e9tudiant<\/a><\/strong>, faites jouer la concurrence. Un comparateur d\u2019assurance conducteur&nbsp;vous permettra de mettre en place un contrat adapt\u00e9 \u00e0 vos besoins et \u00e0 votre budget.<\/p>\n\n\n\n<h2 class=\"wp-block-heading\" id=\"section-2-rglementation-sur-la-surprime-des-assurances-auto-que-dit-le\"><strong>R\u00e9glementation sur la surprime des assurances auto : que dit le Code des assurances ?<\/strong><\/h2>\n\n\n\n<p>Les articles A121-1 et A121-2 du Code des assurances sont ceux qui parlent de la surprime pour les conducteurs d\u00e9butants et les non-assur\u00e9s depuis plus de trois ans. Si on vous en \u00e9pargne la lecture compl\u00e8te \ud83d\ude05\u2026 concentrons-nous plut\u00f4t sur les informations importantes. Pour commencer,<strong>&nbsp;la loi fran\u00e7aise pr\u00e9cise que cette surprime dure trois ann\u00e9es apr\u00e8s la souscription du contrat. Elle est possible, mais non obligatoire, et s\u2019applique en parall\u00e8le du syst\u00e8me de bonus-malus<\/strong>. Elle n\u2019a donc rien \u00e0 voir avec lui. La surprime est \u00e9galement d\u00e9gressive si l\u2019assur\u00e9 ne conna\u00eet pas de sinistre au cours des trois ann\u00e9es apr\u00e8s souscription du contrat. Chez Leocare, les bons conducteurs voient leur surprime diminuer ann\u00e9e apr\u00e8s ann\u00e9e !<\/p>\n\n\n\n<p>En parlant de loi et d\u2019assurance auto jeune conducteur, saviez-vous que les&nbsp;conducteurs novices&nbsp;ont le droit de conduire une voiture puissante ? Bien s\u00fbr, le co\u00fbt de la cotisation de l\u2019<strong><a href=\"https:\/\/leocare.eu\/fr\/assurance-auto-en-ligne\/couverture\/formules\/specifiques\/tout-conducteur\/jeune-conducteur\/voitures-a-eviter\/puissantes\/\">assurance jeune conducteur pour voiture puissante<\/a><\/strong>&nbsp;sera plus \u00e9lev\u00e9. Certaines&nbsp;compagnies d\u2019assurance&nbsp;peuvent m\u00eame refuser d\u2019assurer les&nbsp;jeunes conducteurs&nbsp;pour ce type de v\u00e9hicule. Au moment de choisir votre couverture, prenez soin de bien choisir vos garanties, car, par exemple, l\u2019assurance au tiers&nbsp;ne couvre pas les d\u00e9g\u00e2ts subis par l\u2019automobile en cas d\u2019accident&nbsp;responsable.<\/p>\n\n\n\n<p>Autre information \u00e0 avoir en t\u00eate : la puissance du moteur de l\u2019auto, appel\u00e9e puissance fiscale. Le montant de la&nbsp;cotisation&nbsp;d\u2019assurance de l\u2019automobiliste&nbsp;d\u00e9butant est calcul\u00e9 en fonction d\u2019elle. Pour les&nbsp;compagnies&nbsp;d\u2019assurance, la&nbsp;<strong><a href=\"https:\/\/leocare.eu\/fr\/assurance-auto-en-ligne\/couverture\/formules\/specifiques\/tout-conducteur\/jeune-conducteur\/voitures-a-eviter\/puissantes\/fiscale\/\">puissance fiscale maximale pour un jeune conducteur<\/a><\/strong>&nbsp;ne devrait pas d\u00e9passer 6 CV. Assurer les&nbsp;conducteurs novices&nbsp;revient toujours plus cher, notamment en raison de la&nbsp;surprime jeune conducteur&nbsp;appliqu\u00e9e. Il existe toutefois des moyens d\u2019\u00e9conomiser sur votre&nbsp;assurance au tiers plus&nbsp;(elle ne couvre pas les dommages mat\u00e9riels en cas d\u2019accident&nbsp;responsable) ou tous risques, entre autres gr\u00e2ce \u00e0 l\u2019assurance auto&nbsp;conducteur secondaire.<\/p>\n\n\n\n<h2 class=\"wp-block-heading\" id=\"section-3-quel-est-le-tarif-de-la-surprime-pour-un-jeune-conducteur-\"><strong>Quel est le tarif de la surprime pour un jeune conducteur ?<\/strong><\/h2>\n\n\n\n<p>L\u00e0, on entre dans le vif du sujet \ud83d\ude01 ! Le calcul de l\u2019assurance auto avec une surprime est simple. Il ne s\u2019agit pas d\u2019un tarif \u00e0 proprement parler, mais plut\u00f4t d\u2019un taux exprim\u00e9 en pourcentage. D\u00e8s la souscription du contrat, la prime initiale de l\u2019assurance voiture est doubl\u00e9e. Pas de panique,elle n\u2019est pas obligatoire et surtout d\u00e9gressive ! Avec le temps, elle n\u2019augmente votre prime initiale d\u2019assurance auto que de 50 % la deuxi\u00e8me ann\u00e9e, puis de 25 % la troisi\u00e8me ann\u00e9e. Vous retrouvez un tarif standard, d\u00e8s la quatri\u00e8me ann\u00e9e de souscription.<\/p>\n\n\n\n<p>Vous cherchez&nbsp;<strong><a href=\"https:\/\/leocare.eu\/fr\/assurance-auto-en-ligne\/couverture\/formules\/specifiques\/tout-conducteur\/jeune-conducteur\/demarches\/\">comment assurer un jeune conducteur<\/a><\/strong>&nbsp;sans faire exploser votre&nbsp;cotisation&nbsp;? Les&nbsp;compagnies&nbsp;d\u2019assurance&nbsp;pr\u00e9voient de nombreuses&nbsp; formules, mais le co\u00fbt de la&nbsp;surprime jeunes conducteurs&nbsp;peut \u00eatre dissuasif. Chez Leocare, vous pouvez b\u00e9n\u00e9ficier des m\u00eames garanties que vos parents en cas d\u2019accident&nbsp;(assurance au tiers,&nbsp;au kilom\u00e8tre, etc.) sans surprime, puisqu\u2019un&nbsp;jeune conducteur&nbsp;est automatiquement consid\u00e9r\u00e9 comme&nbsp;conducteur secondaire.<\/p>\n\n\n\n<p id=\"ancre3\">Vous vous demandez&nbsp;<strong><a href=\"https:\/\/leocare.eu\/fr\/assurance-auto-en-ligne\/couverture\/formules\/specifiques\/tout-conducteur\/jeune-conducteur\/parents\/\">comment assurer un jeune conducteur sur l\u2019assurance de ses parents<\/a><\/strong>&nbsp;? Chez Leocare, c\u2019est facile ! Il vous suffit d\u2019ajouter un&nbsp;conducteur secondaire&nbsp;au contrat d\u2019assurance conducteur. Si la&nbsp;cotisation&nbsp;des parents augmente, ce choix reste plus avantageux que la&nbsp;surprime jeune conducteur.&nbsp;En outre, les&nbsp;jeunes conducteurs&nbsp;b\u00e9n\u00e9ficient de garanties plus protectrices en cas d\u2018accident&nbsp;comme l\u2019assurance au tiers&nbsp;plus ou tous risques.<\/p>\n\n\n\n<h2 class=\"wp-block-heading\" id=\"section-4-assurance-auto-quelles-sont-les-diffrences-entre-surprime-et\"><strong>Assurance auto : quelles sont les diff\u00e9rences entre surprime et malus ?<\/strong><\/h2>\n\n\n\n<p><strong>La surprime et le bonus-malus sont deux notions diff\u00e9rentes qui peuvent se cumuler, si vous \u00eates jeune conducteur.<\/strong><\/p>\n\n\n\n<h3 class=\"wp-block-heading\"><strong>Co\u00fbt de la surprime<\/strong><\/h3>\n\n\n\n<p>Vous ne vous y retrouvez pas avec le co\u00fbt de la surprime \ud83d\ude05 ? Voici un exemple chiffr\u00e9 plus \u00e9loquent :<\/p>\n\n\n\n<figure class=\"wp-block-table\"><table class=\"has-fixed-layout\"><thead><tr><th><strong>P\u00e9riode de souscription<\/strong><\/th><th><strong>Taux de la surprime<\/strong><\/th><\/tr><\/thead><tbody><tr><td>3e ann\u00e9e<\/td><td>25%<\/td><\/tr><tr><td>4e ann\u00e9e<\/td><td>0%<\/td><\/tr><\/tbody><\/table><\/figure>\n\n\n\n<p>Si vous devez payer <span class=\"change-price\">1 070<\/span> \u20ac d\u2019assurance auto par an, la surprime double la prime initiale la 1re ann\u00e9e.&nbsp;<strong>Vous payez donc <span class=\"change-price\">2 140<\/span> \u20ac, puis <span class=\"change-price\">1 605<\/span> \u20ac la deuxi\u00e8me, <span class=\"change-price\">1 338<\/span> \u20ac la troisi\u00e8me, puis le montant normal de prime d\u2019assurance d\u00e8s la quatri\u00e8me ann\u00e9e, soit <span class=\"change-price\">1 070<\/span> \u20ac \ud83d\udd22.<\/strong><\/p>\n\n\n\n<p><strong>Mais pour les jeunes conducteurs qui ont effectu\u00e9 la conduite accompagn\u00e9e, la surprime n\u2019a pas les m\u00eames taux<\/strong>. En effet, vous avez moins de risques de conna\u00eetre un sinistre, puisque vous avez plus d\u2019exp\u00e9rience que les autres automobilistes d\u00e9butants. Voici le m\u00eame exemple, que celui-ci-dessus, avec les taux de la conduite accompagn\u00e9e :<\/p>\n\n\n\n<figure class=\"wp-block-table\"><table class=\"has-fixed-layout\"><thead><tr><th><strong>P\u00e9riode de souscription<\/strong><\/th><th><strong>Taux de la surprime<\/strong><\/th><\/tr><\/thead><tbody><tr><td>3e ann\u00e9e<\/td><td>12,5%<\/td><\/tr><tr><td>4 ann\u00e9e<\/td><td>0%<\/td><\/tr><\/tbody><\/table><\/figure>\n\n\n\n<p>Pour une prime d\u2019assurance de <span class=\"change-price\">1 070<\/span> \u20ac, on obtient <span class=\"change-price\">1 605<\/span> \u20ac avec la surprime lors de la premi\u00e8re ann\u00e9e, puis <span class=\"change-price\">1 338<\/span> \u20ac la deuxi\u00e8me ann\u00e9e, <span class=\"change-price\">1 204<\/span> \u20ac la troisi\u00e8me et enfin <span class=\"change-price\">1 070<\/span> \u20ac la quatri\u00e8me. C\u2019est d\u00e9j\u00e0 mieux, non \ud83d\ude0a ?<\/p>\n\n\n\n<h3 class=\"wp-block-heading\"><strong>Application du bonus-malus<\/strong><\/h3>\n\n\n\n<p>Pour r\u00e9diger un contrat d\u2019assurance voiture, le bonus-malus fait partie des param\u00e8tres pris en compte par un assureur, avec le classement SRA (S\u00e9curit\u00e9 et R\u00e9paration Automobile) et la formule souhait\u00e9e.&nbsp;Si vous n\u2019avez pas suivi de formation anticip\u00e9e d\u2019apprentissage \u00e0 la conduite,&nbsp;<strong>il vient s\u2019additionner \u00e0 la surprime pour le calcul de la prime d\u2019assurance, comme ceci :<\/strong><\/p>\n\n\n\n<figure class=\"wp-block-table\"><table class=\"has-fixed-layout\"><thead><tr><th><strong>P\u00e9riode de souscription<\/strong><\/th><th><strong>Surprime<\/strong><\/th><th><strong>Bonus<\/strong><\/th><th><strong>Montant de la prime<\/strong><\/th><\/tr><\/thead><tbody><tr><td>1re ann\u00e9e<\/td><td>100%<\/td><td>0%<\/td><td>1 000 x 2 x 1=&nbsp;<strong>2 000 \u20ac<\/strong><\/td><\/tr><tr><td>2e ann\u00e9e<\/td><td>50%<\/td><td>5%<\/td><td>1 000 x 1,5 x 0.95=&nbsp;<strong>1 425 \u20ac<\/strong><\/td><\/tr><tr><td>3e ann\u00e9e<\/td><td>25%<\/td><td>10%<\/td><td>1 000 x 1,25 x 0,9=&nbsp;<strong>1 125 \u20ac<\/strong><\/td><\/tr><tr><td>4e ann\u00e9e<\/td><td>0%<\/td><td>15%<\/td><td>1 000 x 0,85=&nbsp;<strong>850 \u20ac<\/strong><\/td><\/tr><\/tbody><\/table><\/figure>\n\n\n\n<h2 class=\"wp-block-heading\" id=\"section-5-comment-payer-moins-cher-la-surprime-\"><strong>Comment payer moins cher la surprime ?<\/strong><\/h2>\n\n\n\n<p>Pour obtenir une promo sur l\u2019assurance auto avec surprime, il existe quelques astuces \ud83d\ude09. Si vous \u00eates jeune conducteur,<strong>&nbsp;optez pour la conduite accompagn\u00e9e tout en \u00e9tant assur\u00e9 sur le v\u00e9hicule des parents<\/strong>\ud83d\ude97. Quand vous avez le permis, ajoutez-vous comme&nbsp;conducteur secondaire&nbsp;sur l\u2019assurance de papa et maman, afin d\u2019obtenir une&nbsp;surprime jeune conducteur&nbsp;moins ch\u00e8re. Si, en plus,&nbsp;<strong>vous obtenez une partie de leur bonus, alors l\u00e0, c\u2019est le jackpot<\/strong>. Pourquoi ? Parce que le montant de la prime d\u2019assurance major\u00e9e par la surprime&nbsp;des&nbsp;jeunes conducteurs&nbsp;est moins \u00e9lev\u00e9e \ud83d\ude0a.&nbsp;Rendez-vous sur notre site Leocare pour&nbsp;<strong><a href=\"https:\/\/leocare.eu\/fr\/blog\/surprime-jeunes-conducteurs-assurance\/\">tout savoir sur la surprime jeune conducteur<\/a><\/strong>. Pour \u00eatre bien assur\u00e9, comparez les offres d\u2019assurance tiers, tiers plus ou tous risques propos\u00e9es par diff\u00e9rentes&nbsp;compagnies. Sachez simplement que l\u2019assurance au tiers&nbsp;n\u2019indemnise pas les d\u00e9g\u00e2ts subis par l\u2019automobile en cas d\u2019accident&nbsp;responsable. Pensez \u00e9galement \u00e0 l\u2019assurance&nbsp;conducteur secondaire, qui peut aussi permettre de faire des \u00e9conomies.<\/p>\n\n\n\n<p id=\"ancre5\">Votre assurance n\u2019applique pas de r\u00e9duction sur votre assurance voiture lors d\u2019un confinement et n\u2019enl\u00e8ve pas la surprime ? N\u2019oubliez pas qu\u2019elle est facultative et que la concurrence peut ne pas l\u2019appliquer \ud83d\ude0f\u2026&nbsp;<strong>Contactez l\u2019un de nos Leoconseillers pour conna\u00eetre nos assurances second conducteur (jeune ou moins jeune) au meilleur tarif !<\/strong>&nbsp;En quatre minutes, vous obtenez une proposition de contrat adapt\u00e9e \u00e0 vos besoins. Gagnez en libert\u00e9 de conduire et en s\u00e9r\u00e9nit\u00e9 en quelques clics !<\/p>\n","protected":false},"excerpt":{"rendered":"<p>Comme pour tout d\u00e9butant dans la vie active, le monde des assurances est parfois difficile \u00e0 comprendre. Jeune conducteur&nbsp;? Il y a certainement une surprime sur votre prime d\u2019assurance&nbsp;! Pas de panique, Leocare, la n\u00e9o-assurance qui bouscule le monde de l\u2019assurance, vous explique tout sur la surprime et vous guide concr\u00e8tement&nbsp;\ud83d\ude09!&nbsp; Qu\u2019est-ce qu\u2019une surprime ? [&hellip;]<\/p>\n","protected":false},"author":34,"featured_media":10072,"parent":9765,"menu_order":0,"comment_status":"closed","ping_status":"closed","template":"template_seo.php","meta":{"_acf_changed":false,"footnotes":""},"class_list":["post-11002","page","type-page","status-publish","has-post-thumbnail","hentry"],"acf":[],"yoast_head":"<!-- This site is optimized with the Yoast SEO plugin v27.3 - https:\/\/yoast.com\/product\/yoast-seo-wordpress\/ -->\n<title>Surprime d\u2019assurance auto : qu\u2019est-ce que c\u2019est ? - Leocare<\/title>\n<meta name=\"description\" content=\"Vous voulez \u00e9conomiser sur votre assurance auto? D\u00e9couvrez nos astuces sur la surprime. Ne payez plus trop! Cliquez pour apprendre plus!\" \/>\n<meta name=\"robots\" content=\"index, follow, max-snippet:-1, max-image-preview:large, max-video-preview:-1\" \/>\n<link rel=\"canonical\" href=\"https:\/\/leocare.eu\/fr\/assurance-auto-en-ligne\/devis\/tarifs\/surprime\/\" \/>\n<meta property=\"og:locale\" content=\"fr_FR\" \/>\n<meta property=\"og:type\" content=\"article\" \/>\n<meta property=\"og:title\" content=\"Surprime d\u2019assurance auto : qu\u2019est-ce que c\u2019est ? - Leocare\" \/>\n<meta property=\"og:description\" content=\"Vous voulez \u00e9conomiser sur votre assurance auto? D\u00e9couvrez nos astuces sur la surprime. Ne payez plus trop! Cliquez pour apprendre plus!\" \/>\n<meta property=\"og:url\" content=\"https:\/\/leocare.eu\/fr\/assurance-auto-en-ligne\/devis\/tarifs\/surprime\/\" \/>\n<meta property=\"og:site_name\" content=\"Leocare, assurance en ligne automobile et habitation\" \/>\n<meta property=\"article:modified_time\" content=\"2026-04-07T14:45:36+00:00\" \/>\n<meta property=\"og:image\" content=\"https:\/\/leocare.eu\/fr\/wp-content\/uploads\/2022\/12\/surprime-assurance.jpg\" \/>\n\t<meta property=\"og:image:width\" content=\"1800\" \/>\n\t<meta property=\"og:image:height\" content=\"1200\" \/>\n\t<meta property=\"og:image:type\" content=\"image\/jpeg\" \/>\n<meta name=\"twitter:card\" content=\"summary_large_image\" \/>\n<meta name=\"twitter:label1\" content=\"Est. reading time\" \/>\n\t<meta name=\"twitter:data1\" content=\"8 minutes\" \/>\n<!-- \/ Yoast SEO plugin. -->","yoast_head_json":{"title":"Surprime d\u2019assurance auto : qu\u2019est-ce que c\u2019est ? - Leocare","description":"Vous voulez \u00e9conomiser sur votre assurance auto? D\u00e9couvrez nos astuces sur la surprime. Ne payez plus trop! Cliquez pour apprendre plus!","robots":{"index":"index","follow":"follow","max-snippet":"max-snippet:-1","max-image-preview":"max-image-preview:large","max-video-preview":"max-video-preview:-1"},"canonical":"https:\/\/leocare.eu\/fr\/assurance-auto-en-ligne\/devis\/tarifs\/surprime\/","og_locale":"fr_FR","og_type":"article","og_title":"Surprime d\u2019assurance auto : qu\u2019est-ce que c\u2019est ? - Leocare","og_description":"Vous voulez \u00e9conomiser sur votre assurance auto? D\u00e9couvrez nos astuces sur la surprime. Ne payez plus trop! Cliquez pour apprendre plus!","og_url":"https:\/\/leocare.eu\/fr\/assurance-auto-en-ligne\/devis\/tarifs\/surprime\/","og_site_name":"Leocare, assurance en ligne automobile et habitation","article_modified_time":"2026-04-07T14:45:36+00:00","og_image":[{"width":1800,"height":1200,"url":"https:\/\/leocare.eu\/fr\/wp-content\/uploads\/2022\/12\/surprime-assurance.jpg","type":"image\/jpeg"}],"twitter_card":"summary_large_image","twitter_misc":{"Est. reading time":"8 minutes"},"schema":{"@context":"https:\/\/schema.org","@graph":[{"@type":"WebPage","@id":"https:\/\/leocare.eu\/fr\/assurance-auto-en-ligne\/devis\/tarifs\/surprime\/","url":"https:\/\/leocare.eu\/fr\/assurance-auto-en-ligne\/devis\/tarifs\/surprime\/","name":"Surprime d\u2019assurance auto : qu\u2019est-ce que c\u2019est ? - Leocare","isPartOf":{"@id":"https:\/\/leocare.eu\/fr\/#website"},"primaryImageOfPage":{"@id":"https:\/\/leocare.eu\/fr\/assurance-auto-en-ligne\/devis\/tarifs\/surprime\/#primaryimage"},"image":{"@id":"https:\/\/leocare.eu\/fr\/assurance-auto-en-ligne\/devis\/tarifs\/surprime\/#primaryimage"},"thumbnailUrl":"https:\/\/leocare.eu\/fr\/wp-content\/uploads\/2022\/12\/surprime-assurance.jpg","datePublished":"2022-12-30T14:03:13+00:00","dateModified":"2026-04-07T14:45:36+00:00","description":"Vous voulez \u00e9conomiser sur votre assurance auto? D\u00e9couvrez nos astuces sur la surprime. Ne payez plus trop! Cliquez pour apprendre plus!","breadcrumb":{"@id":"https:\/\/leocare.eu\/fr\/assurance-auto-en-ligne\/devis\/tarifs\/surprime\/#breadcrumb"},"inLanguage":"fr-FR","potentialAction":[{"@type":"ReadAction","target":["https:\/\/leocare.eu\/fr\/assurance-auto-en-ligne\/devis\/tarifs\/surprime\/"]}]},{"@type":"ImageObject","inLanguage":"fr-FR","@id":"https:\/\/leocare.eu\/fr\/assurance-auto-en-ligne\/devis\/tarifs\/surprime\/#primaryimage","url":"https:\/\/leocare.eu\/fr\/wp-content\/uploads\/2022\/12\/surprime-assurance.jpg","contentUrl":"https:\/\/leocare.eu\/fr\/wp-content\/uploads\/2022\/12\/surprime-assurance.jpg","width":1800,"height":1200,"caption":"surprime assurance"},{"@type":"WebSite","@id":"https:\/\/leocare.eu\/fr\/#website","url":"https:\/\/leocare.eu\/fr\/","name":"Leocare, assurance en ligne automobile et habitation","description":"enfin (r)assur\u00e9.e","publisher":{"@id":"https:\/\/leocare.eu\/fr\/#organization"},"potentialAction":[{"@type":"SearchAction","target":{"@type":"EntryPoint","urlTemplate":"https:\/\/leocare.eu\/fr\/?s={search_term_string}"},"query-input":{"@type":"PropertyValueSpecification","valueRequired":true,"valueName":"search_term_string"}}],"inLanguage":"fr-FR"},{"@type":"Organization","@id":"https:\/\/leocare.eu\/fr\/#organization","name":"Leocare, assurance en ligne automobile et habitation","url":"https:\/\/leocare.eu\/fr\/","logo":{"@type":"ImageObject","inLanguage":"fr-FR","@id":"https:\/\/leocare.eu\/fr\/#\/schema\/logo\/image\/","url":"https:\/\/leocare.eu\/fr\/wp-content\/uploads\/2020\/03\/logo-leocare.svg","contentUrl":"https:\/\/leocare.eu\/fr\/wp-content\/uploads\/2020\/03\/logo-leocare.svg","caption":"Leocare, assurance en ligne automobile et habitation"},"image":{"@id":"https:\/\/leocare.eu\/fr\/#\/schema\/logo\/image\/"}}]}},"_links":{"self":[{"href":"https:\/\/leocare.eu\/fr\/wp-json\/wp\/v2\/pages\/11002","targetHints":{"allow":["GET"]}}],"collection":[{"href":"https:\/\/leocare.eu\/fr\/wp-json\/wp\/v2\/pages"}],"about":[{"href":"https:\/\/leocare.eu\/fr\/wp-json\/wp\/v2\/types\/page"}],"author":[{"embeddable":true,"href":"https:\/\/leocare.eu\/fr\/wp-json\/wp\/v2\/users\/34"}],"replies":[{"embeddable":true,"href":"https:\/\/leocare.eu\/fr\/wp-json\/wp\/v2\/comments?post=11002"}],"version-history":[{"count":41,"href":"https:\/\/leocare.eu\/fr\/wp-json\/wp\/v2\/pages\/11002\/revisions"}],"predecessor-version":[{"id":39880,"href":"https:\/\/leocare.eu\/fr\/wp-json\/wp\/v2\/pages\/11002\/revisions\/39880"}],"up":[{"embeddable":true,"href":"https:\/\/leocare.eu\/fr\/wp-json\/wp\/v2\/pages\/9765"}],"wp:featuredmedia":[{"embeddable":true,"href":"https:\/\/leocare.eu\/fr\/wp-json\/wp\/v2\/media\/10072"}],"wp:attachment":[{"href":"https:\/\/leocare.eu\/fr\/wp-json\/wp\/v2\/media?parent=11002"}],"curies":[{"name":"wp","href":"https:\/\/api.w.org\/{rel}","templated":true}]}}