{"id":10991,"date":"2022-12-30T14:54:34","date_gmt":"2022-12-30T13:54:34","guid":{"rendered":"https:\/\/leocare.eu\/fr\/?page_id=10991"},"modified":"2026-03-23T11:33:41","modified_gmt":"2026-03-23T10:33:41","slug":"fiesta","status":"publish","type":"page","link":"https:\/\/leocare.eu\/fr\/assurance-auto-en-ligne\/ford\/fiesta\/","title":{"rendered":"Assurance Ford Fiesta : formules et tarifs"},"content":{"rendered":"\n<p>Assurer sa Ford Fiesta, c\u2019est un peu comme choisir un bon caf\u00e9 : on veut le bon go\u00fbt, au bon prix, avec la dose de garanties qu\u2019il faut. Et pour trouver l\u2019<a href=\"https:\/\/leocare.eu\/fr\/assurance-auto-en-ligne\/\">assurance auto<\/a> id\u00e9ale, il faut bien comparer chaque contrat, v\u00e9rifier les garanties propos\u00e9es et surtout, comprendre comment les prix sont calcul\u00e9s. Que vous rouliez depuis dix jours ou dix ans, mieux vaut savoir ce qui entre en jeu dans le calcul du tarif. Allons droit au but.<\/p>\n\n\n\n<h2 class=\"wp-block-heading\">Comment est calcul\u00e9 le prix d\u2019une assurance pour Ford Fiesta ?<\/h2>\n\n\n\n<h3 class=\"wp-block-heading\">Prix selon l\u2019anciennet\u00e9 de la Ford Fiesta<\/h3>\n\n\n\n<p><strong>Plus votre voiture est ancienne, plus le tarif peut \u00eatre doux. Une Ford Fiesta de 2003 co\u00fbte souvent moins cher \u00e0 assurer qu\u2019un mod\u00e8le <a href=\"https:\/\/leocare.eu\/fr\/assurance-auto-en-ligne\/fiat\/fiat-500\/\">Fiat 500<\/a> flambant neuf.<\/strong> Pourquoi ? Tout simplement parce qu\u2019une voiture ancienne a une valeur marchande plus basse. En cas de sinistre, le remboursement est donc moindre. Et l\u2019assureur ajuste le tarif en cons\u00e9quence. En revanche, certains anciens mod\u00e8les exigent plus de garanties d\u00e8s qu\u2019on y ajoute l\u2019assistance ou les pannes m\u00e9caniques.<\/p>\n\n\n\n<h4 class=\"wp-block-heading\">Prix selon le type de v\u00e9hicule<\/h4>\n\n\n\n<figure class=\"wp-block-table\"><table class=\"has-fixed-layout\"><thead><tr><td><strong>Type de v\u00e9hicule<\/strong><\/td><td><strong>Prix bas<\/strong><\/td><td><strong>Prix moyen<\/strong><\/td><td><strong>Prix haut<\/strong><\/td><\/tr><\/thead><tbody><tr><td>Neuf<\/td><td><span class=\"change-price\">375<\/span> \u20ac<\/td><td><span class=\"change-price\">1 059<\/span> \u20ac<\/td><td><span class=\"change-price\">3 062<\/span> \u20ac<\/td><\/tr><tr><td>D\u2019occasion<\/td><td><span class=\"change-price\">317<\/span> \u20ac<\/td><td><span class=\"change-price\">1 057<\/span> \u20ac<\/td><td><span class=\"change-price\">2 768<\/span> \u20ac<\/td><\/tr><\/tbody><\/table><\/figure>\n\n\n\n<h3 class=\"wp-block-heading\">Prix de l\u2019assurance auto selon la couverture<\/h3>\n\n\n\n<p>Trois formules sont possibles pour votre contrat :<\/p>\n\n\n\n<ul class=\"wp-block-list\">\n<li><a href=\"https:\/\/leocare.eu\/fr\/assurance-auto-en-ligne\/tiers\/\"><strong>Assurance au tiers<\/strong><\/a> : couvre uniquement la responsabilit\u00e9 civile. C\u2019est le minimum obligatoire, id\u00e9al pour r\u00e9aliser des \u00e9conomies si votre voiture est ancienne ou de faible valeur.<br><\/li>\n\n\n\n<li><a href=\"https:\/\/leocare.eu\/fr\/assurance-auto-en-ligne\/tiers\/plus\/\"><strong>Assurance au tiers plus<\/strong><\/a> : appel\u00e9e aussi formule tiers plus, elle inclut davantage de garanties comme le vol ou les catastrophes naturelles.<br><\/li>\n\n\n\n<li><a href=\"https:\/\/leocare.eu\/fr\/assurance-auto-en-ligne\/tous-risques\/\"><strong>Assurance tous risques<\/strong><\/a> : prot\u00e8ge contre presque tous les dommages, m\u00eame en cas de sinistre responsable. Elle offre une excellente protection globale.<br><\/li>\n<\/ul>\n\n\n\n<p><strong>Plus la formule couvre de risques, plus le tarif augmente, ce qui refl\u00e8te la qualit\u00e9 des garanties incluses dans chaque option.<\/strong><\/p>\n\n\n\n<h4 class=\"wp-block-heading\">Prix selon le niveau de couverture<\/h4>\n\n\n\n<figure class=\"wp-block-table\"><table class=\"has-fixed-layout\"><thead><tr><td><strong>Formule<\/strong><\/td><td><strong>Prix bas<\/strong><\/td><td><strong>Prix moyen<\/strong><\/td><td><strong>Prix haut<\/strong><\/td><\/tr><\/thead><tbody><tr><td>Tiers<\/td><td><span class=\"change-price\">213<\/span> \u20ac<\/td><td><span class=\"change-price\">639<\/span> \u20ac<\/td><td><span class=\"change-price\">1 639<\/span> \u20ac<\/td><\/tr><tr><td>Tiers \u00e9tendu<\/td><td><span class=\"change-price\">270<\/span> \u20ac<\/td><td><span class=\"change-price\">751<\/span> \u20ac<\/td><td><span class=\"change-price\">1 910<\/span> \u20ac<\/td><\/tr><tr><td>Tous risques<\/td><td><span class=\"change-price\">369<\/span> \u20ac<\/td><td><span class=\"change-price\">1 042<\/span> \u20ac<\/td><td><span class=\"change-price\">2 778<\/span> \u20ac<\/td><\/tr><\/tbody><\/table><\/figure>\n\n\n\n<h3 class=\"wp-block-heading\">Prix pour un jeune conducteur<\/h3>\n\n\n\n<p><strong>Les <\/strong><a href=\"https:\/\/leocare.eu\/fr\/assurance-auto-en-ligne\/couverture\/formules\/specifiques\/tout-conducteur\/jeune-conducteur\/\"><strong>jeunes conducteurs<\/strong><\/a><strong> paient souvent plus cher car le risque d\u2019accident est statistiquement plus \u00e9lev\u00e9.<\/strong> Une Ford Fiesta de 2015, par exemple, peut \u00eatre assur\u00e9e entre 520 et <span class=\"change-price\">871<\/span> euros par an en tous risques pour un conducteur d\u00e9butant. Les formules au tiers commencent autour de <span class=\"change-price\">397<\/span> euros. Une Ford Fiesta plus r\u00e9cente, comme celle de 2019, passe au-dessus des <span class=\"change-price\">578<\/span> euros en tous risques. En raison de cette surprime, mieux vaut \u00e9viter les voitures trop puissantes. Moins d\u2019exp\u00e9rience = prime plus haute.<\/p>\n\n\n\n<h4 class=\"wp-block-heading\">Prix selon l&rsquo;\u00e2ge du conducteur<\/h4>\n\n\n\n<figure class=\"wp-block-table\"><table class=\"has-fixed-layout\"><thead><tr><td><strong>\u00c2ge<\/strong><\/td><td><strong>Prix bas<\/strong><\/td><td><strong>Prix moyen<\/strong><\/td><td><strong>Prix haut<\/strong><\/td><\/tr><\/thead><tbody><tr><td>Moins de 25 ans<\/td><td><span class=\"change-price\">521<\/span> \u20ac<\/td><td><span class=\"change-price\">1 442<\/span> \u20ac<\/td><td><span class=\"change-price\">3 276<\/span> \u20ac<\/td><\/tr><tr><td>Plus de 25 ans<\/td><td><span class=\"change-price\">278<\/span> \u20ac<\/td><td><span class=\"change-price\">820<\/span> \u20ac<\/td><td><span class=\"change-price\">2 006<\/span> \u20ac<\/td><\/tr><\/tbody><\/table><\/figure>\n\n\n\n<h3 class=\"wp-block-heading\">Avec ou sans conducteur secondaire<\/h3>\n\n\n\n<p>Vous pr\u00eatez votre Ford Fiesta \u00e0 votre partenaire ou \u00e0 votre ado ? Ce n\u2019est pas anodin. <strong>D\u00e9clarer un <\/strong><a href=\"https:\/\/leocare.eu\/fr\/assurance-auto-en-ligne\/couverture\/garanties\/complementaires\/dommages-corporels\/conducteur-secondaire\/\"><strong>conducteur secondaire<\/strong><\/a><strong> peut faire varier le prix de l\u2019assurance, surtout s\u2019il est jeune ou sans historique de conduite.<\/strong> Certains assureurs r\u00e9duisent la facture si les deux conducteurs ont un bon profil et partagent le m\u00eame contrat. Mais dans tous les cas, mieux vaut le d\u00e9clarer que risquer une exclusion de garantie.<\/p>\n\n\n\n<h4 class=\"wp-block-heading\">Prix de l\u2019assurance avec ou sans conducteur secondaire<\/h4>\n\n\n\n<figure class=\"wp-block-table\"><table class=\"has-fixed-layout\"><thead><tr><td><strong>Conducteur secondaire<\/strong><\/td><td><strong>Prix bas<\/strong><\/td><td><strong>Prix moyen<\/strong><\/td><td><strong>Prix haut<\/strong><\/td><\/tr><\/thead><tbody><tr><td>Avec<\/td><td><span class=\"change-price\">241<\/span> \u20ac<\/td><td><span class=\"change-price\">534<\/span> \u20ac<\/td><td><span class=\"change-price\">1 066<\/span> \u20ac<\/td><\/tr><tr><td>Sans<\/td><td><span class=\"change-price\">220<\/span> \u20ac<\/td><td><span class=\"change-price\">511<\/span> \u20ac<\/td><td><span class=\"change-price\">1 159<\/span> \u20ac<\/td><\/tr><\/tbody><\/table><\/figure>\n\n\n\n<h3 class=\"wp-block-heading\">Calculer la prime selon le bonus malus<\/h3>\n\n\n\n<p><strong>Le fameux <\/strong><a href=\"https:\/\/leocare.eu\/fr\/assurance-auto-en-ligne\/couverture\/contrat\/releve-information\/malus\/calcul-bonus-malus\/\"><strong>calcul du bonus-malus<\/strong><\/a><strong> change tout : c\u2019est un levier direct sur votre tarif d\u2019assurance.<\/strong> Un bonus \u00e0 0,50 peut r\u00e9duire la prime de moiti\u00e9. \u00c0 l\u2019inverse, un malus de 1,25 peut l\u2019augmenter de 25 %. Pour une Ford Fiesta, ce coefficient est d\u00e9terminant. Il r\u00e9compense les bons conducteurs, mais p\u00e9nalise les autres. Et il suit chaque conducteur pendant plusieurs ann\u00e9es.<\/p>\n\n\n\n<h4 class=\"wp-block-heading\">Prix selon le bonus-malus<\/h4>\n\n\n\n<figure class=\"wp-block-table\"><table class=\"has-fixed-layout\"><thead><tr><td><strong>Coefficient R\u00e9duction-Majoration<\/strong><\/td><td><strong>Prix bas<\/strong><\/td><td><strong>Prix moyen<\/strong><\/td><td><strong>Prix haut<\/strong><\/td><\/tr><\/thead><tbody><tr><td>Bonus 50<\/td><td><span class=\"change-price\">220<\/span> \u20ac<\/td><td><span class=\"change-price\">511<\/span> \u20ac<\/td><td><span class=\"change-price\">1 159<\/span> \u20ac<\/td><\/tr><tr><td>Bonus<\/td><td><span class=\"change-price\">334<\/span> \u20ac<\/td><td><span class=\"change-price\">882<\/span> \u20ac<\/td><td><span class=\"change-price\">1 916<\/span> \u20ac<\/td><\/tr><tr><td>Neutre<\/td><td><span class=\"change-price\">598<\/span> \u20ac<\/td><td><span class=\"change-price\">1 550<\/span> \u20ac<\/td><td><span class=\"change-price\">3 471<\/span> \u20ac<\/td><\/tr><tr><td>Malus<\/td><td><span class=\"change-price\">613<\/span> \u20ac<\/td><td><span class=\"change-price\">1 519<\/span> \u20ac<\/td><td><span class=\"change-price\">3 308<\/span> \u20ac<\/td><\/tr><\/tbody><\/table><\/figure>\n\n\n\n<h3 class=\"wp-block-heading\">Prix selon la motorisation (diesel ou essence)<\/h3>\n\n\n\n<p>Une Ford Fiesta diesel n\u2019a pas le m\u00eame tarif qu\u2019une essence. <strong>Le mod\u00e8le, la puissance fiscale, la valeur du v\u00e9hicule jouent directement sur le co\u00fbt de votre assurance.<\/strong> Le calcul est subtil, et seul un devis personnalis\u00e9 vous donnera le bon prix.<\/p>\n\n\n\n<h4 class=\"wp-block-heading\">Prix de l\u2019assurance selon le carburant<\/h4>\n\n\n\n<figure class=\"wp-block-table\"><table class=\"has-fixed-layout\"><thead><tr><td><strong>Carburant<\/strong><\/td><td><strong>Prix bas<\/strong><\/td><td><strong>Prix moyen<\/strong><\/td><td><strong>Prix haut<\/strong><\/td><\/tr><\/thead><tbody><tr><td>Diesel<\/td><td><span class=\"change-price\">309<\/span> \u20ac<\/td><td><span class=\"change-price\">1 072<\/span> \u20ac<\/td><td><span class=\"change-price\">2 796<\/span> \u20ac<\/td><\/tr><tr><td>Essence<\/td><td><span class=\"change-price\">309<\/span> \u20ac<\/td><td><span class=\"change-price\">1 034<\/span> \u20ac<\/td><td><span class=\"change-price\">2 572<\/span> \u20ac<\/td><\/tr><\/tbody><\/table><\/figure>\n\n\n\n<h2 class=\"wp-block-heading\">Comment souscrire une assurance pour Ford Fiesta en ligne ?<\/h2>\n\n\n\n<p>Aujourd\u2019hui, tout se fait en quelques clics. <strong>Vous pouvez obtenir un <\/strong><a href=\"https:\/\/leocare.eu\/fr\/assurance-auto-en-ligne\/devis\/\"><strong>devis en ligne<\/strong><\/a><strong> en deux minutes et g\u00e9rer toute la souscription depuis chez vous.<\/strong> Il suffit d\u2019indiquer les caract\u00e9ristiques de votre Ford Fiesta : ann\u00e9e, motorisation, version, kilom\u00e9trage. Vous ajoutez vos donn\u00e9es de conducteur, avec ou sans bonus. Et vous s\u00e9lectionnez la formule parmi plusieurs offres. <strong>Chaque proposition affiche son tarif, ses garanties, et le d\u00e9tail de l\u2019offre. <\/strong>Vous signez directement depuis l\u2019appli, sans attendre. Pratique, non ?<\/p>\n\n\n\n<h2 class=\"wp-block-heading\">Les avantages d\u2019assurer sa Ford Fiesta chez Leocare<\/h2>\n\n\n\n<p>Pourquoi choisir Leocare pour assurer votre Fiesta ?<\/p>\n\n\n\n<ul class=\"wp-block-list\">\n<li><strong>Simplicit\u00e9<\/strong> : tout se g\u00e8re via l\u2019appli mobile, sans papier.<br><\/li>\n\n\n\n<li><strong>Flexibilit\u00e9<\/strong> : vous ajoutez ou retirez des garanties quand vous le voulez.<br><\/li>\n\n\n\n<li><strong>Tarif intelligent<\/strong> : votre cotisation s\u2019ajuste automatiquement selon votre bonus.<br><\/li>\n\n\n\n<li><strong>Assistance 24h\/24<\/strong> : en cas d\u2019accident, vous \u00eates pris en charge sans d\u00e9lai.<br><\/li>\n\n\n\n<li><strong>Suivi clair<\/strong> : vos documents et vos d\u00e9marches sont disponibles \u00e0 tout moment.<br><\/li>\n<\/ul>\n\n\n\n<p>Le tout, sans frais cach\u00e9s.<\/p>\n\n\n\n<p><strong>Assurer votre Ford Fiesta devient simple, rapide, et personnalis\u00e9. Vous gardez le contr\u00f4le total sur votre couverture, vos garanties et votre budget.<\/strong> Alors, pr\u00eat \u00e0 rouler assur\u00e9 ?<\/p>\n","protected":false},"excerpt":{"rendered":"<p>Assurer sa Ford Fiesta, c\u2019est un peu comme choisir un bon caf\u00e9 : on veut le bon go\u00fbt, au bon prix, avec la dose de garanties qu\u2019il faut. Et pour trouver l\u2019assurance auto id\u00e9ale, il faut bien comparer chaque contrat, v\u00e9rifier les garanties propos\u00e9es et surtout, comprendre comment les prix sont calcul\u00e9s. Que vous rouliez [&hellip;]<\/p>\n","protected":false},"author":34,"featured_media":15988,"parent":7435,"menu_order":0,"comment_status":"closed","ping_status":"closed","template":"template_cocon_seo.php","meta":{"_acf_changed":false,"footnotes":""},"class_list":["post-10991","page","type-page","status-publish","has-post-thumbnail","hentry"],"acf":[],"yoast_head":"<!-- This site is optimized with the Yoast SEO plugin v27.3 - https:\/\/yoast.com\/product\/yoast-seo-wordpress\/ -->\n<title>Assurance Ford Fiesta : prix et devis en ligne<\/title>\n<meta name=\"description\" content=\"D\u00e9couvrez des tarifs avantageux pour assurer votre Ford Fiesta. Prot\u00e9gez votre voiture avec notre guide !\" \/>\n<meta name=\"robots\" content=\"index, follow, max-snippet:-1, max-image-preview:large, max-video-preview:-1\" \/>\n<link rel=\"canonical\" href=\"https:\/\/leocare.eu\/fr\/assurance-auto-en-ligne\/ford\/fiesta\/\" \/>\n<meta property=\"og:locale\" content=\"fr_FR\" \/>\n<meta property=\"og:type\" content=\"article\" \/>\n<meta property=\"og:title\" content=\"Assurance Ford Fiesta : prix et devis en ligne\" \/>\n<meta property=\"og:description\" content=\"D\u00e9couvrez des tarifs avantageux pour assurer votre Ford Fiesta. Prot\u00e9gez votre voiture avec notre guide !\" \/>\n<meta property=\"og:url\" content=\"https:\/\/leocare.eu\/fr\/assurance-auto-en-ligne\/ford\/fiesta\/\" \/>\n<meta property=\"og:site_name\" content=\"Leocare, assurance en ligne automobile et habitation\" \/>\n<meta property=\"article:modified_time\" content=\"2026-03-23T10:33:41+00:00\" \/>\n<meta property=\"og:image\" content=\"https:\/\/leocare.eu\/fr\/wp-content\/uploads\/2023\/05\/Ford-fiesta.webp\" \/>\n\t<meta property=\"og:image:width\" content=\"1755\" \/>\n\t<meta property=\"og:image:height\" content=\"651\" \/>\n\t<meta property=\"og:image:type\" content=\"image\/webp\" \/>\n<meta name=\"twitter:card\" content=\"summary_large_image\" \/>\n<meta name=\"twitter:label1\" content=\"Est. reading time\" \/>\n\t<meta name=\"twitter:data1\" content=\"4 minutes\" \/>\n<!-- \/ Yoast SEO plugin. -->","yoast_head_json":{"title":"Assurance Ford Fiesta : prix et devis en ligne","description":"D\u00e9couvrez des tarifs avantageux pour assurer votre Ford Fiesta. Prot\u00e9gez votre voiture avec notre guide !","robots":{"index":"index","follow":"follow","max-snippet":"max-snippet:-1","max-image-preview":"max-image-preview:large","max-video-preview":"max-video-preview:-1"},"canonical":"https:\/\/leocare.eu\/fr\/assurance-auto-en-ligne\/ford\/fiesta\/","og_locale":"fr_FR","og_type":"article","og_title":"Assurance Ford Fiesta : prix et devis en ligne","og_description":"D\u00e9couvrez des tarifs avantageux pour assurer votre Ford Fiesta. Prot\u00e9gez votre voiture avec notre guide !","og_url":"https:\/\/leocare.eu\/fr\/assurance-auto-en-ligne\/ford\/fiesta\/","og_site_name":"Leocare, assurance en ligne automobile et habitation","article_modified_time":"2026-03-23T10:33:41+00:00","og_image":[{"width":1755,"height":651,"url":"https:\/\/leocare.eu\/fr\/wp-content\/uploads\/2023\/05\/Ford-fiesta.webp","type":"image\/webp"}],"twitter_card":"summary_large_image","twitter_misc":{"Est. reading time":"4 minutes"},"schema":{"@context":"https:\/\/schema.org","@graph":[{"@type":"WebPage","@id":"https:\/\/leocare.eu\/fr\/assurance-auto-en-ligne\/ford\/fiesta\/","url":"https:\/\/leocare.eu\/fr\/assurance-auto-en-ligne\/ford\/fiesta\/","name":"Assurance Ford Fiesta : prix et devis en ligne","isPartOf":{"@id":"https:\/\/leocare.eu\/fr\/#website"},"primaryImageOfPage":{"@id":"https:\/\/leocare.eu\/fr\/assurance-auto-en-ligne\/ford\/fiesta\/#primaryimage"},"image":{"@id":"https:\/\/leocare.eu\/fr\/assurance-auto-en-ligne\/ford\/fiesta\/#primaryimage"},"thumbnailUrl":"https:\/\/leocare.eu\/fr\/wp-content\/uploads\/2023\/05\/Ford-fiesta.webp","datePublished":"2022-12-30T13:54:34+00:00","dateModified":"2026-03-23T10:33:41+00:00","description":"D\u00e9couvrez des tarifs avantageux pour assurer votre Ford Fiesta. Prot\u00e9gez votre voiture avec notre guide !","breadcrumb":{"@id":"https:\/\/leocare.eu\/fr\/assurance-auto-en-ligne\/ford\/fiesta\/#breadcrumb"},"inLanguage":"fr-FR","potentialAction":[{"@type":"ReadAction","target":["https:\/\/leocare.eu\/fr\/assurance-auto-en-ligne\/ford\/fiesta\/"]}]},{"@type":"ImageObject","inLanguage":"fr-FR","@id":"https:\/\/leocare.eu\/fr\/assurance-auto-en-ligne\/ford\/fiesta\/#primaryimage","url":"https:\/\/leocare.eu\/fr\/wp-content\/uploads\/2023\/05\/Ford-fiesta.webp","contentUrl":"https:\/\/leocare.eu\/fr\/wp-content\/uploads\/2023\/05\/Ford-fiesta.webp","width":1755,"height":651,"caption":"ford fiesta"},{"@type":"WebSite","@id":"https:\/\/leocare.eu\/fr\/#website","url":"https:\/\/leocare.eu\/fr\/","name":"Leocare, assurance en ligne automobile et habitation","description":"enfin (r)assur\u00e9.e","publisher":{"@id":"https:\/\/leocare.eu\/fr\/#organization"},"potentialAction":[{"@type":"SearchAction","target":{"@type":"EntryPoint","urlTemplate":"https:\/\/leocare.eu\/fr\/?s={search_term_string}"},"query-input":{"@type":"PropertyValueSpecification","valueRequired":true,"valueName":"search_term_string"}}],"inLanguage":"fr-FR"},{"@type":"Organization","@id":"https:\/\/leocare.eu\/fr\/#organization","name":"Leocare, assurance en ligne automobile et habitation","url":"https:\/\/leocare.eu\/fr\/","logo":{"@type":"ImageObject","inLanguage":"fr-FR","@id":"https:\/\/leocare.eu\/fr\/#\/schema\/logo\/image\/","url":"https:\/\/leocare.eu\/fr\/wp-content\/uploads\/2020\/03\/logo-leocare.svg","contentUrl":"https:\/\/leocare.eu\/fr\/wp-content\/uploads\/2020\/03\/logo-leocare.svg","caption":"Leocare, assurance en ligne automobile et habitation"},"image":{"@id":"https:\/\/leocare.eu\/fr\/#\/schema\/logo\/image\/"}}]}},"_links":{"self":[{"href":"https:\/\/leocare.eu\/fr\/wp-json\/wp\/v2\/pages\/10991","targetHints":{"allow":["GET"]}}],"collection":[{"href":"https:\/\/leocare.eu\/fr\/wp-json\/wp\/v2\/pages"}],"about":[{"href":"https:\/\/leocare.eu\/fr\/wp-json\/wp\/v2\/types\/page"}],"author":[{"embeddable":true,"href":"https:\/\/leocare.eu\/fr\/wp-json\/wp\/v2\/users\/34"}],"replies":[{"embeddable":true,"href":"https:\/\/leocare.eu\/fr\/wp-json\/wp\/v2\/comments?post=10991"}],"version-history":[{"count":18,"href":"https:\/\/leocare.eu\/fr\/wp-json\/wp\/v2\/pages\/10991\/revisions"}],"predecessor-version":[{"id":39881,"href":"https:\/\/leocare.eu\/fr\/wp-json\/wp\/v2\/pages\/10991\/revisions\/39881"}],"up":[{"embeddable":true,"href":"https:\/\/leocare.eu\/fr\/wp-json\/wp\/v2\/pages\/7435"}],"wp:featuredmedia":[{"embeddable":true,"href":"https:\/\/leocare.eu\/fr\/wp-json\/wp\/v2\/media\/15988"}],"wp:attachment":[{"href":"https:\/\/leocare.eu\/fr\/wp-json\/wp\/v2\/media?parent=10991"}],"curies":[{"name":"wp","href":"https:\/\/api.w.org\/{rel}","templated":true}]}}