{"id":10988,"date":"2022-12-30T14:39:49","date_gmt":"2022-12-30T13:39:49","guid":{"rendered":"https:\/\/leocare.eu\/fr\/?page_id=10988"},"modified":"2026-04-07T16:34:09","modified_gmt":"2026-04-07T14:34:09","slug":"types","status":"publish","type":"page","link":"https:\/\/leocare.eu\/fr\/assurance-auto-en-ligne\/sinistre\/types\/accident\/types\/","title":{"rendered":"Les diff\u00e9rents types d\u2019accidents de voiture"},"content":{"rendered":"\n<p><strong> Il existe <a href=\"https:\/\/leocare.eu\/fr\/assurance-auto-en-ligne\/sinistre\/types\/\">diff\u00e9rents types de sinistre pour une assurance auto.<\/a> Chacun peut donner lieu \u00e0 une indemnisation diff\u00e9rente en fonction de sa nature (collision impliquant plusieurs automobilistes, accident responsable ou non, etc.), des cons\u00e9quences (pour les accidents corporels notamment) et des garanties des conducteurs, prises en charge par les assurances.<\/strong><\/p>\n\n\n\n<h2 class=\"wp-block-heading\" id=\"ancre1\">L\u2019accident seul<\/h2>\n\n\n\n<p><strong><a href=\"https:\/\/leocare.eu\/fr\/assurance-auto-en-ligne\/sinistre\/declaration\/accident\/types\/seul\/\">L\u2019accident seul<\/a><\/strong>&nbsp;n\u2019implique que vous ! Ce sinistre sans tiers peut, malgr\u00e9 tout, occasionner des dommages mat\u00e9riels et\/ou corporels. C\u2019est le cas, par exemple, lorsque vous commettez une sortie de route ou une man\u0153uvre mal ma\u00eetris\u00e9e. Pour \u00eatre indemnis\u00e9, vous devez \u00eatre assur\u00e9 tous risques. Ensuite, il vous faut remplir la partie verso d\u2019un constat et le transmettre \u00e0 votre assureur \ud83d\udce7.<\/p>\n\n\n\n<p>Le&nbsp;<strong><a href=\"https:\/\/leocare.eu\/fr\/assurance-auto-en-ligne\/sinistre\/declaration\/accident\/indemnisation\/cas-fortuit\/\">cas fortuit lors d\u2019un accident de voiture<\/a><\/strong>&nbsp;peut donner lieu \u00e0 une meilleure&nbsp;indemnisation. Les&nbsp;conducteurs&nbsp;ne peuvent en effet \u00eatre tenus pour responsables des&nbsp;cons\u00e9quences&nbsp;de l\u2019accident.<\/p>\n\n\n\n<h2 class=\"wp-block-heading\" id=\"ancre2\">Le sinistre sur le trajet domicile-travail<\/h2>\n\n\n\n<p><a href=\"https:\/\/leocare.eu\/fr\/assurance-auto-en-ligne\/sinistre\/declaration\/accident\/types\/trajet-travail\/\"><strong>Un accident de trajet<\/strong><\/a>\u00a0est un sinistre intervenant entre votre domicile et votre lieu de travail (ou inversement). Pour pr\u00e9tendre \u00e0 cette qualification, le trajet doit \u00eatre le plus direct entre ces deux adresses, sauf n\u00e9cessit\u00e9s essentielles de la vie courante ou rendez-vous professionnel. Ce parcours doit \u00eatre effectu\u00e9 dans une plage horaire compatible avec les horaires de votre contrat de travail. Lorsque toutes ces conditions sont r\u00e9unies, ce sinistre est reconnu et consid\u00e9r\u00e9 comme un accident du travail et pris en charge par la S\u00e9curit\u00e9 sociale. Les r\u00e9parations de votre voiture rel\u00e8vent, quant \u00e0 elle, de votre <a href=\"https:\/\/leocare.eu\/fr\/assurance-auto-en-ligne\/\">assurance auto disponible en ligne<\/a>.<\/p>\n\n\n\n<p>Pour b\u00e9n\u00e9ficier d\u2019une juste&nbsp;indemnisation&nbsp;des&nbsp;assurances&nbsp;lors d\u2019un&nbsp;accident, il importe de&nbsp;<a href=\"https:\/\/leocare.eu\/fr\/assurance-auto-en-ligne\/sinistre\/declaration\/lettre\/\"><strong>bien r\u00e9diger sa d\u00e9claration de sinistre<\/strong>.<\/a>&nbsp;Une d\u00e9claration b\u00e2cl\u00e9e peut avoir des&nbsp;cons\u00e9quences&nbsp;sur la prise en charge de l\u2019accident de circulation. Certains&nbsp;conducteurs&nbsp;ont int\u00e9r\u00eat \u00e0 souscrire \u00e0 des&nbsp;assurances&nbsp;sp\u00e9cifiques pour mieux couvrir les&nbsp;cons\u00e9quences&nbsp;d\u2019un&nbsp;accident. C\u2019est le cas d\u2019une&nbsp;<strong><a href=\"https:\/\/leocare.eu\/fr\/assurance-auto-en-ligne\/couverture\/formules\/specifiques\/tout-conducteur\/vehicules-professionnels\/militaire\/\">assurance auto pour militaires<\/a><\/strong>&nbsp;adapt\u00e9e \u00e0 ces usagers de la route tr\u00e8s particuliers !<\/p>\n\n\n\n<h2 class=\"wp-block-heading\" id=\"ancre3\">Le sinistre sans tiers identifi\u00e9<\/h2>\n\n\n\n<p>L\u2019<a href=\"https:\/\/leocare.eu\/fr\/assurance-auto-en-ligne\/sinistre\/declaration\/accident\/types\/tiers-non-identifie\/\"><strong>accident sans tiers identifi\u00e9<\/strong><\/a>&nbsp;implique une personne dont l\u2019identit\u00e9 n\u2019a pas pu \u00eatre relev\u00e9e. Ce type de sinistre peut r\u00e9sulter de nombreux facteurs :&nbsp;<strong><a href=\"https:\/\/leocare.eu\/fr\/assurance-auto-en-ligne\/sinistre\/declaration\/accident\/types\/tiers-non-identifie\/delit-fuite\/\">un d\u00e9lit de fuite<\/a><\/strong>, des dommages occasionn\u00e9s lors d\u2019un stationnement sans que l\u2019auteur ait laiss\u00e9 ses coordonn\u00e9es ou m\u00eame choc avec&nbsp;<strong><a href=\"https:\/\/leocare.eu\/fr\/assurance-auto-en-ligne\/sinistre\/declaration\/accident\/types\/tiers-non-identifie\/animal-sauvage\/\">un animal sauvage<\/a><\/strong>. Pour \u00eatre rembours\u00e9 de ce type de sinistre, il vous faut avoir contract\u00e9 une assurance auto tous risques<\/p>\n\n\n\n<h2 class=\"wp-block-heading\" id=\"ancre4\">Le carambolage<\/h2>\n\n\n\n<p><strong><a href=\"https:\/\/leocare.eu\/fr\/assurance-auto-en-ligne\/sinistre\/declaration\/accident\/types\/carambolage\/\">Le carambolage<\/a><\/strong>&nbsp;est induit par les collisions en s\u00e9rie de plusieurs voitures. Il compte n\u00e9cessairement plus de deux conducteurs impliqu\u00e9s. Et il doit y avoir autant de constats qu\u2019il y a de v\u00e9hicules percut\u00e9s et\/ou percutants. En tant que conducteur ayant percut\u00e9 une autre voiture, vous n\u2019\u00eates indemnis\u00e9 des d\u00e9g\u00e2ts subis par votre v\u00e9hicule, que si vous avez contract\u00e9 une assurance tous risques.<\/p>\n\n\n\n<h2 class=\"wp-block-heading\" id=\"ancre5\">L\u2019accident sur un parking<\/h2>\n\n\n\n<p>Comme son nom l\u2019indique, ce type de sinistre intervient sur un parking, souvent \u00e0 cause d\u2019une inattention. Le conducteur du v\u00e9hicule en mouvement est alors consid\u00e9r\u00e9 comme responsable \u00e0 100 % de l\u2019<strong><a href=\"https:\/\/leocare.eu\/fr\/assurance-auto-en-ligne\/sinistre\/declaration\/accident\/types\/parking\/\">accident sur un parking<\/a><\/strong>. Tout conducteur doit, en effet, rester ma\u00eetre de son v\u00e9hicule. Cette r\u00e8gle conna\u00eet n\u00e9anmoins une exception : lorsque l\u2019autre v\u00e9hicule impliqu\u00e9 est mal stationn\u00e9, les torts sont partag\u00e9s. Et pour les v\u00e9hicules en mouvement, c\u2019est la r\u00e8gle de la priorit\u00e9 \u00e0 droite qui s\u2019applique. Vous le saurez !<\/p>\n\n\n\n<h2 class=\"wp-block-heading\" id=\"ancre6\">Les diff\u00e9rents dommages<\/h2>\n\n\n\n<p>Un sinistre peut occasionner des dommages importants et le co\u00fbt financier du sinistre peut \u00eatre tr\u00e8s \u00e9lev\u00e9. Mieux vaut donc \u00eatre bien assur\u00e9 pour vivre la route en pleine s\u00e9r\u00e9nit\u00e9. Concr\u00e8tement, ces dommages peuvent \u00eatre de 2 types : mat\u00e9riels et corporels.<\/p>\n\n\n\n<h3 class=\"wp-block-heading\">Les dommages mat\u00e9riels<\/h3>\n\n\n\n<p>Les assurances d\u00e9finissent&nbsp;<strong><a href=\"https:\/\/leocare.eu\/fr\/assurance-auto-en-ligne\/sinistre\/declaration\/accident\/types\/dommages-materiels\/\">les dommages mat\u00e9riels<\/a><\/strong>&nbsp;comme une atteinte \u00e0 la structure ou \u00e0 la substance d\u2019une chose ou d\u2019un animal. Portant pr\u00e9judice au patrimoine de la victime, les dommages mat\u00e9riels occasionn\u00e9s ouvrent droit \u00e0 une indemnisation \u00e0 la charge du responsable.<\/p>\n\n\n\n<p>Les&nbsp;cons\u00e9quences&nbsp;de dommages mat\u00e9riels importants dus \u00e0 un&nbsp;accident&nbsp;peuvent \u00eatre diverses. Parmi celles-ci, le&nbsp;<a href=\"https:\/\/leocare.eu\/fr\/assurance-auto-en-ligne\/sinistre\/expert\/marbre\/\"><strong>passage au marbre du v\u00e9hicule<\/strong><\/a>&nbsp;fait partie des plus co\u00fbteuses. V\u00e9rifiez les conditions d\u2019indemnisation&nbsp;aupr\u00e8s de votre compagnie, elles peuvent \u00eatre tr\u00e8s diff\u00e9rentes selon les&nbsp;assurances.<\/p>\n\n\n\n<h3 class=\"wp-block-heading\">Les dommages corporels<\/h3>\n\n\n\n<p>Du point de vue des assureurs,&nbsp;<a href=\"https:\/\/leocare.eu\/fr\/assurance-auto-en-ligne\/sinistre\/declaration\/accident\/types\/dommage-corporel\/\"><strong>les dommages corporels<\/strong><\/a>&nbsp;englobent les cons\u00e9quences physiques, psychologiques et \u00e9conomiques (perte de revenus due \u00e0 l\u2019incapacit\u00e9, l\u2019invalidit\u00e9 ou le d\u00e9c\u00e8s de la victime). Les dommages corporels ouvrent droit \u00e0 une prise en charge pour la victime ou ses ayants droit \u267f.<\/p>\n\n\n\n<p>De la simple \u00e9raflure \u00e0 la collision avec des cyclistes, les incidents, plus ou moins graves, restent malheureusement trop nombreux. La pr\u00e9vention reste la cl\u00e9 : v\u00e9rifier ses feux, faire des pauses pour \u00e9viter la somnolence, respecter chaque usager de la route, limiter sa vitesse, etc. Il est possible d\u2019\u00e9viter la majorit\u00e9 des accidents et de faire ainsi baisser la mortalit\u00e9 routi\u00e8re. Voil\u00e0 une urgence collective \u00e0 laquelle souscrit Leocare !<\/p>\n\n\n\n<p>Les&nbsp;conducteurs&nbsp;qui souhaitent mieux comprendre ce qu\u2019est un&nbsp;accident de la circulation&nbsp;peuvent consulter notre guide : \u201c<a href=\"https:\/\/leocare.eu\/fr\/assurance-auto-en-ligne\/sinistre\/types\/accident\/\"><strong>accident de voiture : d\u00e9finition et d\u00e9marches<\/strong><\/a>\u201c. Bien s\u00fbr, la nature de chaque&nbsp;accident&nbsp;(collision&nbsp;en cha\u00eene, carambolage, etc.) a des&nbsp;cons\u00e9quences&nbsp;sur l\u2019indemnisation&nbsp;que peuvent esp\u00e9rer les automobilistes.<\/p>\n\n\n\n<p>Si cette r\u00e9alit\u00e9 impose la prudence sur la route, elle incite aussi \u00e0 la pr\u00e9voyance : tout conducteur doit v\u00e9rifier la qualit\u00e9 de la couverture propos\u00e9e par son assurance auto. Secteur comp\u00e9titif, l\u2019assurance permet de faire jouer la concurrence. La loi Hamon vous permet de changer d\u2019assureur \u00e0 tout moment apr\u00e8s 1 an d\u2019adh\u00e9sion. N\u00e9o-assureur engag\u00e9, Leocare vous propose des formules compl\u00e8tes \u00e0 prix tr\u00e8s comp\u00e9titifs. N\u2019h\u00e9sitez pas \u00e0 demander un devis, en quelques clics sur notre app ! Dommages mat\u00e9riels et\/ou corporels : nous vous accompagnons au mieux \ud83d\ude0a.<\/p>\n\n\n\n<div class=\"bon-a-savoir\">\n\n\n\n<p>Bon \u00e0 savoir :<\/p>\n\n\n\n<p>On croise souvent des&nbsp;conducteurs&nbsp;immobilis\u00e9s sur la bande d\u2019arr\u00eat d\u2019urgence, victimes d\u2019une panne et non d\u2019un&nbsp;accident. Votre compagnie fait-elle partie des&nbsp;assurances&nbsp;qui assure la&nbsp;<strong><a href=\"https:\/\/leocare.eu\/fr\/assurance-auto-en-ligne\/sinistre\/types\/panne\/\">prise en charge d\u2019une voiture en panne<\/a><\/strong>&nbsp;(indemnisation&nbsp;des frais de remorquage, de rapatriement, d\u2019h\u00e9bergement, etc.) ? Vous devriez vous en assurer avant que cela ne vous arrive !<\/p>\n\n\n\n<\/div>\n","protected":false},"excerpt":{"rendered":"<p>Il existe diff\u00e9rents types de sinistre pour une assurance auto. Chacun peut donner lieu \u00e0 une indemnisation diff\u00e9rente en fonction de sa nature (collision impliquant plusieurs automobilistes, accident responsable ou non, etc.), des cons\u00e9quences (pour les accidents corporels notamment) et des garanties des conducteurs, prises en charge par les assurances. L\u2019accident seul L\u2019accident seul&nbsp;n\u2019implique que [&hellip;]<\/p>\n","protected":false},"author":34,"featured_media":10005,"parent":10425,"menu_order":0,"comment_status":"closed","ping_status":"closed","template":"template_seo.php","meta":{"_acf_changed":false,"footnotes":""},"class_list":["post-10988","page","type-page","status-publish","has-post-thumbnail","hentry"],"acf":[],"yoast_head":"<!-- This site is optimized with the Yoast SEO plugin v27.3 - https:\/\/yoast.com\/product\/yoast-seo-wordpress\/ -->\n<title>Quels sont les diff\u00e9rents types d\u2019accidents de voiture ?<\/title>\n<meta name=\"description\" content=\"Un guide d\u00e9taill\u00e9 des accidents de voiture courants pour vous garder en s\u00e9curit\u00e9. Cliquez maintenant pour plus d&#039;informations.\" \/>\n<meta name=\"robots\" content=\"index, follow, max-snippet:-1, max-image-preview:large, max-video-preview:-1\" \/>\n<link rel=\"canonical\" href=\"https:\/\/leocare.eu\/fr\/assurance-auto-en-ligne\/sinistre\/types\/accident\/types\/\" \/>\n<meta property=\"og:locale\" content=\"fr_FR\" \/>\n<meta property=\"og:type\" content=\"article\" \/>\n<meta property=\"og:title\" content=\"Quels sont les diff\u00e9rents types d\u2019accidents de voiture ?\" \/>\n<meta property=\"og:description\" content=\"Un guide d\u00e9taill\u00e9 des accidents de voiture courants pour vous garder en s\u00e9curit\u00e9. Cliquez maintenant pour plus d&#039;informations.\" \/>\n<meta property=\"og:url\" content=\"https:\/\/leocare.eu\/fr\/assurance-auto-en-ligne\/sinistre\/types\/accident\/types\/\" \/>\n<meta property=\"og:site_name\" content=\"Leocare, assurance en ligne automobile et habitation\" \/>\n<meta property=\"article:modified_time\" content=\"2026-04-07T14:34:09+00:00\" \/>\n<meta property=\"og:image\" content=\"https:\/\/leocare.eu\/fr\/wp-content\/uploads\/2022\/12\/Differents-types.jpg\" \/>\n\t<meta property=\"og:image:width\" content=\"1800\" \/>\n\t<meta property=\"og:image:height\" content=\"1200\" \/>\n\t<meta property=\"og:image:type\" content=\"image\/jpeg\" \/>\n<meta name=\"twitter:card\" content=\"summary_large_image\" \/>\n<meta name=\"twitter:label1\" content=\"Dur\u00e9e de lecture estim\u00e9e\" \/>\n\t<meta name=\"twitter:data1\" content=\"6 minutes\" \/>\n<!-- \/ Yoast SEO plugin. -->","yoast_head_json":{"title":"Quels sont les diff\u00e9rents types d\u2019accidents de voiture ?","description":"Un guide d\u00e9taill\u00e9 des accidents de voiture courants pour vous garder en s\u00e9curit\u00e9. Cliquez maintenant pour plus d'informations.","robots":{"index":"index","follow":"follow","max-snippet":"max-snippet:-1","max-image-preview":"max-image-preview:large","max-video-preview":"max-video-preview:-1"},"canonical":"https:\/\/leocare.eu\/fr\/assurance-auto-en-ligne\/sinistre\/types\/accident\/types\/","og_locale":"fr_FR","og_type":"article","og_title":"Quels sont les diff\u00e9rents types d\u2019accidents de voiture ?","og_description":"Un guide d\u00e9taill\u00e9 des accidents de voiture courants pour vous garder en s\u00e9curit\u00e9. Cliquez maintenant pour plus d'informations.","og_url":"https:\/\/leocare.eu\/fr\/assurance-auto-en-ligne\/sinistre\/types\/accident\/types\/","og_site_name":"Leocare, assurance en ligne automobile et habitation","article_modified_time":"2026-04-07T14:34:09+00:00","og_image":[{"width":1800,"height":1200,"url":"https:\/\/leocare.eu\/fr\/wp-content\/uploads\/2022\/12\/Differents-types.jpg","type":"image\/jpeg"}],"twitter_card":"summary_large_image","twitter_misc":{"Dur\u00e9e de lecture estim\u00e9e":"6 minutes"},"schema":{"@context":"https:\/\/schema.org","@graph":[{"@type":"WebPage","@id":"https:\/\/leocare.eu\/fr\/assurance-auto-en-ligne\/sinistre\/types\/accident\/types\/","url":"https:\/\/leocare.eu\/fr\/assurance-auto-en-ligne\/sinistre\/types\/accident\/types\/","name":"Quels sont les diff\u00e9rents types d\u2019accidents de voiture ?","isPartOf":{"@id":"https:\/\/leocare.eu\/fr\/#website"},"primaryImageOfPage":{"@id":"https:\/\/leocare.eu\/fr\/assurance-auto-en-ligne\/sinistre\/types\/accident\/types\/#primaryimage"},"image":{"@id":"https:\/\/leocare.eu\/fr\/assurance-auto-en-ligne\/sinistre\/types\/accident\/types\/#primaryimage"},"thumbnailUrl":"https:\/\/leocare.eu\/fr\/wp-content\/uploads\/2022\/12\/Differents-types.jpg","datePublished":"2022-12-30T13:39:49+00:00","dateModified":"2026-04-07T14:34:09+00:00","description":"Un guide d\u00e9taill\u00e9 des accidents de voiture courants pour vous garder en s\u00e9curit\u00e9. Cliquez maintenant pour plus d'informations.","breadcrumb":{"@id":"https:\/\/leocare.eu\/fr\/assurance-auto-en-ligne\/sinistre\/types\/accident\/types\/#breadcrumb"},"inLanguage":"fr-FR","potentialAction":[{"@type":"ReadAction","target":["https:\/\/leocare.eu\/fr\/assurance-auto-en-ligne\/sinistre\/types\/accident\/types\/"]}]},{"@type":"ImageObject","inLanguage":"fr-FR","@id":"https:\/\/leocare.eu\/fr\/assurance-auto-en-ligne\/sinistre\/types\/accident\/types\/#primaryimage","url":"https:\/\/leocare.eu\/fr\/wp-content\/uploads\/2022\/12\/Differents-types.jpg","contentUrl":"https:\/\/leocare.eu\/fr\/wp-content\/uploads\/2022\/12\/Differents-types.jpg","width":1800,"height":1200,"caption":"diff\u00e9rents types accidents"},{"@type":"WebSite","@id":"https:\/\/leocare.eu\/fr\/#website","url":"https:\/\/leocare.eu\/fr\/","name":"Leocare, assurance en ligne automobile et habitation","description":"enfin (r)assur\u00e9.e","publisher":{"@id":"https:\/\/leocare.eu\/fr\/#organization"},"potentialAction":[{"@type":"SearchAction","target":{"@type":"EntryPoint","urlTemplate":"https:\/\/leocare.eu\/fr\/?s={search_term_string}"},"query-input":{"@type":"PropertyValueSpecification","valueRequired":true,"valueName":"search_term_string"}}],"inLanguage":"fr-FR"},{"@type":"Organization","@id":"https:\/\/leocare.eu\/fr\/#organization","name":"Leocare, assurance en ligne automobile et habitation","url":"https:\/\/leocare.eu\/fr\/","logo":{"@type":"ImageObject","inLanguage":"fr-FR","@id":"https:\/\/leocare.eu\/fr\/#\/schema\/logo\/image\/","url":"https:\/\/leocare.eu\/fr\/wp-content\/uploads\/2020\/03\/logo-leocare.svg","contentUrl":"https:\/\/leocare.eu\/fr\/wp-content\/uploads\/2020\/03\/logo-leocare.svg","caption":"Leocare, assurance en ligne automobile et habitation"},"image":{"@id":"https:\/\/leocare.eu\/fr\/#\/schema\/logo\/image\/"}}]}},"_links":{"self":[{"href":"https:\/\/leocare.eu\/fr\/wp-json\/wp\/v2\/pages\/10988","targetHints":{"allow":["GET"]}}],"collection":[{"href":"https:\/\/leocare.eu\/fr\/wp-json\/wp\/v2\/pages"}],"about":[{"href":"https:\/\/leocare.eu\/fr\/wp-json\/wp\/v2\/types\/page"}],"author":[{"embeddable":true,"href":"https:\/\/leocare.eu\/fr\/wp-json\/wp\/v2\/users\/34"}],"replies":[{"embeddable":true,"href":"https:\/\/leocare.eu\/fr\/wp-json\/wp\/v2\/comments?post=10988"}],"version-history":[{"count":25,"href":"https:\/\/leocare.eu\/fr\/wp-json\/wp\/v2\/pages\/10988\/revisions"}],"predecessor-version":[{"id":36585,"href":"https:\/\/leocare.eu\/fr\/wp-json\/wp\/v2\/pages\/10988\/revisions\/36585"}],"up":[{"embeddable":true,"href":"https:\/\/leocare.eu\/fr\/wp-json\/wp\/v2\/pages\/10425"}],"wp:featuredmedia":[{"embeddable":true,"href":"https:\/\/leocare.eu\/fr\/wp-json\/wp\/v2\/media\/10005"}],"wp:attachment":[{"href":"https:\/\/leocare.eu\/fr\/wp-json\/wp\/v2\/media?parent=10988"}],"curies":[{"name":"wp","href":"https:\/\/api.w.org\/{rel}","templated":true}]}}