{"id":10977,"date":"2022-12-30T14:28:31","date_gmt":"2022-12-30T13:28:31","guid":{"rendered":"https:\/\/leocare.eu\/fr\/?page_id=10977"},"modified":"2026-04-07T16:34:07","modified_gmt":"2026-04-07T14:34:07","slug":"bareme","status":"publish","type":"page","link":"https:\/\/leocare.eu\/fr\/assurance-auto-en-ligne\/sinistre\/types\/accident\/indemnisation\/bareme\/","title":{"rendered":"Dommage corporel apr\u00e8s un accident de voiture : quelle indemnisation ?"},"content":{"rendered":"\n<p><b>Victime ou simple assur\u00e9, vous vous interrogez sur l\u2019indemnisation des dommages corporels suite \u00e0 un accident de la route. Comment \u00eatre indemnis\u00e9&nbsp;? Sur quelle base&nbsp;? Par qui&nbsp;? N\u00e9o-assureur engag\u00e9, Leocare vous dit tout de l\u2019indemnisation des dommages corporels, apr\u00e8s un accident de voiture. Un focus important pour vous aider \u00e0 comprendre les m\u00e9canismes de votre assurance auto. <\/b><\/p>\n\n\n\n<h2 class=\"wp-block-heading\" id=\"section-1-les-dommages-corporels-en-cas-daccident-de-voiture\"><strong>Les dommages corporels en cas d\u2019accident de voiture<\/strong><\/h2>\n\n\n\n<p>Le bilan de la s\u00e9curit\u00e9 routi\u00e8re publi\u00e9 par le minist\u00e8re de l\u2019Int\u00e9rieur d\u00e9compte, pour 2021, pas moins de 53 540 accidents avec bless\u00e9s et\/ou d\u00e9c\u00e9d\u00e9s, en France m\u00e9tropolitaine \ud83d\ude91. Sachant qu\u2019un accident de voiture peut, malheureusement, occasionner des dommages corporels importants. Dans le cadre de l\u2019<strong><a href=\"https:\/\/leocare.eu\/fr\/assurance-auto-en-ligne\/sinistre\/declaration\/accident\/indemnisation\/\">assurance accident de voiture<\/a><\/strong>&nbsp;et par cons\u00e9quent de l\u2019indemnisation, il est important de conna\u00eetre pr\u00e9cis\u00e9ment la d\u00e9finition de ce pr\u00e9judice \ud83d\udc47.<\/p>\n\n\n\n<h3 class=\"wp-block-heading\"><strong>D\u00e9finition du dommage corporel<\/strong><\/h3>\n\n\n\n<p>Les assureurs d\u00e9finissent les dommages corporels comme les atteintes physiques, psychologiques et \u00e9conomiques subies au cours d\u2019un sinistre. Lorsque vous \u00eates victime de dommages corporels, vous avez droit \u00e0 une indemnit\u00e9 sauf en cas de faute inexcusable. Vous \u00eates indemnis\u00e9 \u00e0 hauteur du pr\u00e9judice moral, physique ou \u00e9conomique subi. En effet, les dommages corporels entra\u00eenent fr\u00e9quemment une incapacit\u00e9 temporaire ou d\u00e9finitive \u00e0 exercer une activit\u00e9 professionnelle. Le pr\u00e9judice \u00e9conomique r\u00e9sultant de cette situation m\u00e9rite aussi une r\u00e9paration.<\/p>\n\n\n\n<h3 class=\"wp-block-heading\"><strong>Comment obtenir r\u00e9paration en cas de dommage corporel ?<\/strong><\/h3>\n\n\n\n<p>Dans le cas des dommages corporels cons\u00e9cutifs \u00e0 un sinistre auto, le pr\u00e9judice peut \u00eatre indemnis\u00e9 par l\u2019assurance du responsable. Lors de la survenue d\u2019un tel accrochage, il est important de pr\u00e9venir la gendarmerie ou la police \ud83d\udc6e. Le proc\u00e8s-verbal dress\u00e9 par les forces de l\u2019ordre permet d\u2019\u00e9tablir plus facilement les responsabilit\u00e9s et le droit \u00e0 r\u00e9paration.<\/p>\n\n\n\n<h3 class=\"wp-block-heading\"><strong>L\u2019importance de l\u2019expertise m\u00e9dicale<\/strong><\/h3>\n\n\n\n<p>L\u2019analyse m\u00e9dicale est une \u00e9tape d\u00e9terminante de l\u2019indemnisation. Pour les cas les moins graves, la compagnie d\u2019assurance peut se contenter d\u2019examiner les pi\u00e8ces qui lui sont transmises. Dans les autres cas, l\u2019assurance charg\u00e9e d\u2019indemniser la victime mandate un m\u00e9decin expert pour \u00e9valuer l\u2019ensemble des pr\u00e9judices subis par la victime \ud83d\udcbc. Ce sp\u00e9cialiste rend un rapport complet dont une copie est adress\u00e9e \u00e0 la victime d\u2019un accident.<\/p>\n\n\n\n<h2 class=\"wp-block-heading\" id=\"section-2-ai-je-droit-indemnisation-pour-dommage-corporel-aprs-un-acci\"><strong>Ai-je droit \u00e0 indemnisation pour dommage corporel apr\u00e8s un accident auto ?<\/strong><\/h2>\n\n\n\n<p>Si vous \u00eates conducteur non responsable ou passager, vous avez le droit \u00e0 un d\u00e9dommagement en cas de dommages corporels, suite \u00e0 un accident de la route. Un examen m\u00e9dical est important apr\u00e8s toute collision. Votre assureur vous accompagne dans vos d\u00e9marches.<\/p>\n\n\n\n<h3 class=\"wp-block-heading\"><strong>Je suis conducteur<\/strong><\/h3>\n\n\n\n<p>Conducteur non responsable des d\u00e9g\u00e2ts, votre indemnisation rel\u00e8ve du droit commun. Dans le cas contraire, elle est contractuelle : elle est li\u00e9e \u00e0 votre niveau de responsabilit\u00e9 et des garanties comprises dans votre contrat d\u2019assurance automobile. En clair, elle peut \u00eatre totale, partielle, voire nulle.<\/p>\n\n\n\n<h3 class=\"wp-block-heading\"><strong>Je suis passager<\/strong><\/h3>\n\n\n\n<p>Un passager&nbsp;victime d\u2019un&nbsp;accident&nbsp;est prot\u00e9g\u00e9 par la loi n\u00b0 85-677 du 5 juillet 1985. Elle encadre&nbsp;<strong><a href=\"https:\/\/leocare.eu\/fr\/assurance-auto-en-ligne\/sinistre\/indemnisation\/passagers\/\">l\u2019indemnisation des passagers<\/a><\/strong>&nbsp;en cas d\u2019accidents de la route&nbsp;avec&nbsp;pr\u00e9judices corporels. Elle pr\u00e9voit la r\u00e9paration int\u00e9grale des&nbsp;pr\u00e9judices&nbsp;par les&nbsp;assurances. Cette m\u00eame loi oblige l\u2019assureur du v\u00e9hicule dans lequel se trouve le passager au moment de l\u2019accident&nbsp;\u00e0 prendre en charge l\u2019indemnisation&nbsp;des&nbsp;dommages.<\/p>\n\n\n\n<h3 class=\"wp-block-heading\"><strong>Un seul v\u00e9hicule est impact\u00e9<\/strong><\/h3>\n\n\n\n<p>Si vous \u00eates \u00e0 bord d\u2019un v\u00e9hicule ayant eu un accrochage sans tiers, c\u2019est-\u00e0-dire sans l\u2019implication d\u2019un autre v\u00e9hicule, l\u2019assurance aborde votre situation diff\u00e9remment, selon que vous \u00eates le conducteur ou un passager :<\/p>\n\n\n\n<ul class=\"wp-block-list\">\n<li>Le conducteur est \u00e9ventuellement indemnis\u00e9 \u00e0 hauteur des garanties qu\u2019il a souscrites. Mieux vaut pr\u00e9voir cette situation et souscrire la garantie \u00ab accident corporel du conducteur \u00bb qui permet la prise en charge du pr\u00e9judice subi lorsque vous avez un incident, seul au volant de votre voiture.<\/li>\n\n\n\n<li>Les passagers sont int\u00e9gralement indemnis\u00e9s du pr\u00e9judice subi.<\/li>\n<\/ul>\n\n\n\n<div class=\"bon-a-savoir\">\n\n\n\n<p>Bon \u00e0 savoir : Leocare prot\u00e8ge le conducteur<\/p>\n\n\n\n<p><em>Chez Leocare, la garantie conducteur est comprise dans TOUTES nos formules (Tiers, tiers plus et tous risques). Ajustable de 600 000 \u20ac \u00e0 1 000 000 \u20ac, notre garantie protection du conducteur prend en charge vos dommages corporels lorsque vous commettez un sinistre responsable, un accident seul ou qu\u2019il n\u2019est pas possible de mettre en jeu la responsabilit\u00e9 d\u2019un tiers&nbsp;<\/em>\ud83d\ude0a<em>.<\/em><\/p>\n\n\n\n<\/div>\n\n\n\n<h3 class=\"wp-block-heading\"><strong>Plusieurs v\u00e9hicules sont impact\u00e9s<\/strong><\/h3>\n\n\n\n<p>Quand le sinistre implique plusieurs v\u00e9hicules, le principe de l\u2019indemnisation des victimes repose sur l\u2019identification des responsabilit\u00e9s de chaque conducteur. Dans tous les cas, les passagers et les conducteurs non responsables sont int\u00e9gralement indemnis\u00e9s. Le conducteur responsable est, lui, indemnis\u00e9 \u00e0 hauteur des garanties souscrites aupr\u00e8s de son assureur.<\/p>\n\n\n\n<h2 class=\"wp-block-heading\" id=\"section-3-qui-verse-lindemnisation-\"><strong>Qui verse l\u2019indemnisation ?<\/strong><\/h2>\n\n\n\n<p>Les victimes d\u2019accidents sont indemnis\u00e9es par l\u2019assureur chez qui le conducteur responsable a souscrit son assurance. Dans le cas d\u2019une responsabilit\u00e9 partag\u00e9e, tous les assureurs participent \u00e0 hauteur du taux de responsabilit\u00e9 de chaque conducteur.&nbsp;Si le conducteur responsable de l\u2018accident&nbsp;n\u2019est pas assur\u00e9 ou non identifi\u00e9 suite \u00e0 un d\u00e9lit de fuite, les&nbsp;dommages&nbsp;sont&nbsp;<strong><a href=\"https:\/\/leocare.eu\/fr\/assurance-auto-en-ligne\/sinistre\/declaration\/accident\/indemnisation\/fgao\/\">indemnis\u00e9s par le Fonds de Garantie des Assurances Obligatoires<\/a><\/strong>&nbsp;(FGAO). Cette structure permet \u00e0 la&nbsp;victime d\u2019un accident&nbsp;d\u2019obtenir une&nbsp;indemnisation&nbsp;pour son&nbsp;pr\u00e9judice corporel. Cr\u00e9\u00e9e en 1951, elle est financ\u00e9e par les compagnies, les assur\u00e9s et les responsables d\u2019accident de la route non assur\u00e9s.<\/p>\n\n\n\n<div class=\"bon-a-savoir\">\n\n\n\n<p>Bon \u00e0 savoir : causes de l&rsquo;accident non identifi\u00e9es<\/p>\n\n\n\n<p><em>Lorsque les causes du sinistre demeurent non identifi\u00e9es et que la responsabilit\u00e9 ne peut \u00eatre imput\u00e9e \u00e0 un conducteur en particulier, il y a r\u00e9paration r\u00e9ciproque des conducteurs par l\u2019assurance auto.<\/em><\/p>\n\n\n\n<\/div>\n\n\n\n<h2 class=\"wp-block-heading\" id=\"section-4-comment-estimer-le-montant-de-lindemnisation-\"><strong>Comment estimer le montant de l\u2019indemnisation ?<\/strong><\/h2>\n\n\n\n<p>Dans le cas d\u2019un accident de la route, les victimes relevant du droit commun (loi Badinter) voient leur indemnit\u00e9 fix\u00e9e par l\u2019assureur \u00e0 travers l\u2019analyse m\u00e9dicale du pr\u00e9judice. Pour fixer le montant de cette derni\u00e8re, ils s\u2019appuient sur :<\/p>\n\n\n\n<ul class=\"wp-block-list\">\n<li>Des tableaux d\u2019indemnisation apr\u00e8s accident corporel \u00e9tablis par des sp\u00e9cialistes, comme la nomenclature Dintilhac.<\/li>\n\n\n\n<li>La consultation de la jurisprudence.<\/li>\n\n\n\n<li>L\u2019utilisation d\u2019un logiciel en pr\u00e9judices corporels.<\/li>\n<\/ul>\n\n\n\n<p>L\u2019expertise m\u00e9dicale&nbsp;est essentielle pour l\u2019indemnisation&nbsp;des&nbsp;pr\u00e9judices corporels. Elle permet d\u2019\u00e9valuer les&nbsp;dommages&nbsp;subis par la&nbsp;victime d\u2019un accident. Le montant de&nbsp;<strong><a href=\"https:\/\/leocare.eu\/fr\/assurance-auto-en-ligne\/sinistre\/declaration\/accident\/types\/dommage-corporel\/\">l\u2019indemnisation des dommages corporels<\/a><\/strong>&nbsp;est calcul\u00e9 sur la base des&nbsp;pr\u00e9judices&nbsp;d\u00e9termin\u00e9s par le&nbsp;m\u00e9decin expert. Ils peuvent correspondre \u00e0 un&nbsp;d\u00e9ficit fonctionnel&nbsp;ou \u00e0 un&nbsp;pr\u00e9judice esth\u00e9tique&nbsp;\ud83c\udfe5.<\/p>\n\n\n\n<h3 class=\"wp-block-heading\"><strong>D\u00e9finition du pr\u00e9judice<\/strong><\/h3>\n\n\n\n<p>Le pr\u00e9judice corporel se d\u00e9finit comme un dommage temporaire ou permanent portant atteinte \u00e0 l\u2019int\u00e9grit\u00e9 physique ou psychique d\u2019une personne. Vous, ou vos ayants droit pouvez demander r\u00e9paration pour les pr\u00e9judices suivants \ud83d\udc47 :<\/p>\n\n\n\n<ul class=\"wp-block-list\">\n<li>La douleur et les souffrances endur\u00e9es.<\/li>\n\n\n\n<li>Une invalidit\u00e9 temporaire ou permanente, totale ou partielle.<\/li>\n\n\n\n<li>Les cons\u00e9quences financi\u00e8res d\u2019une incapacit\u00e9 de travail.<\/li>\n\n\n\n<li>Un pr\u00e9judice esth\u00e9tique (cicatrices ou d\u00e9formations).<\/li>\n\n\n\n<li>Une incapacit\u00e9 sexuelle.<\/li>\n\n\n\n<li>Une impossibilit\u00e9 \u00e0 procr\u00e9er.<\/li>\n\n\n\n<li>Une inaptitude \u00e0 profiter normalement de la vie.<\/li>\n\n\n\n<li>Une souffrance morale li\u00e9e \u00e0 votre d\u00e9c\u00e8s.<\/li>\n\n\n\n<li>Une perte financi\u00e8re.<\/li>\n<\/ul>\n\n\n\n<h3 class=\"wp-block-heading\"><strong>Le bar\u00e8me d\u2019indemnisation<\/strong><\/h3>\n\n\n\n<p>Si les tableaux d\u2019indemnisation ne fixent pas un montant d\u00e9finitif de l\u2019indemnit\u00e9, ils permettent de l\u2019estimer. Le m\u00e9decin chiffre chacun des postes de pr\u00e9judice sur une \u00e9chelle de 1 \u00e0 7 (du plus l\u00e9ger au plus grave) ou en le rattachant \u00e0 une classe ou encore en fonction d\u2019un pourcentage de d\u00e9ficit fonctionnel. \u00c0 chaque niveau de pr\u00e9judice correspond un montant d\u2019indemnisation \ud83d\udcb0. Concr\u00e8tement, voici quelques exemples donn\u00e9s par un tableau d\u2019indemnisation, utilis\u00e9 par les professionnels du droit :<\/p>\n\n\n\n<ul class=\"wp-block-list\">\n<li>Souffrances endur\u00e9es 5\/7 : 27 000 \u20ac.<\/li>\n\n\n\n<li>D\u00e9ficit fonctionnel temporaire classe 4 : 18,75 \u20ac par jour.<\/li>\n\n\n\n<li>Pr\u00e9judice esth\u00e9tique permanent 3\/7 : 6 500 \u20ac.<\/li>\n<\/ul>\n\n\n\n<h2 class=\"wp-block-heading\" id=\"section-5-dclarer-son-assurance-un-accident-auto-responsable-de-dommag\"><strong>D\u00e9clarer \u00e0 son assurance un accident auto responsable de dommages corporels<\/strong><\/h2>\n\n\n\n<p>Vous avez caus\u00e9 un accident ayant bless\u00e9 une ou plusieurs personnes ? La loi vous oblige \u00e0 d\u00e9clarer le sinistre \u00e0 votre assureur. Attention, le non-respect de cette obligation entra\u00eene la perte de votre couverture d\u2019assurance et vous expose au devoir d\u2019assumer vous-m\u00eame, la r\u00e9paration financi\u00e8re des dommages corporels subis par la ou les victimes.<\/p>\n\n\n\n<h3 class=\"wp-block-heading\"><strong>Quand faire la d\u00e9claration aupr\u00e8s de mon assureur ?<\/strong><\/h3>\n\n\n\n<p>En vertu de l\u2019article L.113-24, cette d\u00e9claration doit \u00eatre effectu\u00e9e dans les 5 jours qui suivent la survenue de l\u2019accident responsable avec dommages corporels \u23f3.<\/p>\n\n\n\n<h3 class=\"wp-block-heading\"><strong>Comment d\u00e9clarer l\u2019accident ?<\/strong><\/h3>\n\n\n\n<p>La d\u00e9claration de sinistre aupr\u00e8s de votre assureur peut se faire via les canaux de communication habituels, mis \u00e0 votre disposition, en tant qu\u2019assur\u00e9 :<\/p>\n\n\n\n<ul class=\"wp-block-list\">\n<li>Remise en main propre contre r\u00e9c\u00e9piss\u00e9, \u00e0 un conseiller en agence de proximit\u00e9.<\/li>\n\n\n\n<li>Courrier postal en Recommand\u00e9 avec Accus\u00e9 R\u00e9ception (RAR).<\/li>\n\n\n\n<li>Via l\u2019espace client online apr\u00e8s avoir scann\u00e9 toutes vos pi\u00e8ces justificatives.<\/li>\n\n\n\n<li>Avec Leocare depuis notre appli mobile, en quelques clics seulement \ud83d\udcf1.<\/li>\n<\/ul>\n\n\n\n<h3 class=\"wp-block-heading\"><strong>Que doit comporter la d\u00e9claration d\u2019accident auto responsable de dommages corporels ?<\/strong><\/h3>\n\n\n\n<p>Votre d\u00e9claration doit comprendre :<\/p>\n\n\n\n<ul class=\"wp-block-list\">\n<li>Le constat amiable d\u00fbment rempli, dat\u00e9 et sign\u00e9.<\/li>\n\n\n\n<li>Les coordonn\u00e9es de l\u2019unit\u00e9 de police ou de gendarmerie ayant constat\u00e9 l\u2019incident.<\/li>\n<\/ul>\n\n\n\n<p>Il est conseill\u00e9 d\u2019ajouter \u00e0 cette d\u00e9claration :<\/p>\n\n\n\n<ul class=\"wp-block-list\">\n<li>Des photographies r\u00e9alis\u00e9es apr\u00e8s la survenue des faits attestant de la position exacte des v\u00e9hicules impliqu\u00e9e ou permettant de justifier le r\u00e9cit des circonstances de l\u2019accident \ud83d\udcf7.<\/li>\n\n\n\n<li>L\u2019identit\u00e9 et les coordonn\u00e9es des \u00e9ventuels t\u00e9moins de la collision.<\/li>\n<\/ul>\n\n\n\n<h3 class=\"wp-block-heading\"><strong>Ne n\u00e9gligez pas le constat amiable<\/strong><\/h3>\n\n\n\n<p>Comme toujours en cas de sinistre, votre constat doit \u00eatre compl\u00e9t\u00e9 le plus pr\u00e9cis\u00e9ment possible. Ce dernier doit mentionner \ud83d\udc47 :<\/p>\n\n\n\n<ul class=\"wp-block-list\">\n<li>La date et l\u2019heure du sinistre.<\/li>\n\n\n\n<li>Le lieu pr\u00e9cis.<\/li>\n\n\n\n<li>La nature des dommages mat\u00e9riels subis par le v\u00e9hicule du d\u00e9clarant, par celui d\u2019un ou des \u00e9ventuels tiers, autres usagers de la route, riverains et domaine public.<\/li>\n\n\n\n<li>Les noms, pr\u00e9noms et adresses des \u00e9ventuels autres conducteurs impliqu\u00e9s.<\/li>\n\n\n\n<li>La date d\u2019obtention de leur permis de conduire.<\/li>\n\n\n\n<li>Les coordonn\u00e9es de leurs assureurs.<\/li>\n\n\n\n<li>Les noms, pr\u00e9noms et adresses des victimes de dommages corporels.<\/li>\n\n\n\n<li>La nature de l\u2019incident auto.<\/li>\n\n\n\n<li>Un sch\u00e9ma clair et compr\u00e9hensible de la cin\u00e9matique du sinistre.<\/li>\n\n\n\n<li>Une description d\u00e9taill\u00e9e et compr\u00e9hensible des circonstances de l\u2019accrochage.<\/li>\n\n\n\n<li>La signature des conducteurs impliqu\u00e9s.<\/li>\n<\/ul>\n\n\n\n<p>Les statistiques de la s\u00e9curit\u00e9 routi\u00e8re montrent une nette am\u00e9lioration ces 15 derni\u00e8res ann\u00e9es, avec moins d\u2019accidents de la circulation. Malgr\u00e9 tout, chaque ann\u00e9e, encore trop d\u2019accidents de la route causent des dommages corporels. Ce constat doit vous inciter \u00e0 souscrire la meilleure couverture possible, notamment en mati\u00e8re de garantie conducteur. N\u2019h\u00e9sitez pas \u00e0 nous contacter : Leocare place votre protection au c\u0153ur de sa vision de l\u2019assurance !<\/p>\n","protected":false},"excerpt":{"rendered":"<p>Victime ou simple assur\u00e9, vous vous interrogez sur l\u2019indemnisation des dommages corporels suite \u00e0 un accident de la route. Comment \u00eatre indemnis\u00e9&nbsp;? Sur quelle base&nbsp;? Par qui&nbsp;? N\u00e9o-assureur engag\u00e9, Leocare vous dit tout de l\u2019indemnisation des dommages corporels, apr\u00e8s un accident de voiture. Un focus important pour vous aider \u00e0 comprendre les m\u00e9canismes de votre [&hellip;]<\/p>\n","protected":false},"author":34,"featured_media":9977,"parent":10889,"menu_order":0,"comment_status":"closed","ping_status":"closed","template":"template_seo.php","meta":{"_acf_changed":false,"footnotes":""},"class_list":["post-10977","page","type-page","status-publish","has-post-thumbnail","hentry"],"acf":[],"yoast_head":"<!-- This site is optimized with the Yoast SEO plugin v27.3 - https:\/\/yoast.com\/product\/yoast-seo-wordpress\/ -->\n<title>Accident de voiture : indemnisation du dommage corporel<\/title>\n<meta name=\"description\" content=\"Accident de voiture? D\u00e9terminez l&#039;indemnisation pour vos blessures corporelles. D\u00e9couvrez votre bar\u00e8me avec notre guide. Lisez maintenant pour plus d&#039;informations.\" \/>\n<meta name=\"robots\" content=\"index, follow, max-snippet:-1, max-image-preview:large, max-video-preview:-1\" \/>\n<link rel=\"canonical\" href=\"https:\/\/leocare.eu\/fr\/assurance-auto-en-ligne\/sinistre\/types\/accident\/indemnisation\/bareme\/\" \/>\n<meta property=\"og:locale\" content=\"fr_FR\" \/>\n<meta property=\"og:type\" content=\"article\" \/>\n<meta property=\"og:title\" content=\"Accident de voiture : indemnisation du dommage corporel\" \/>\n<meta property=\"og:description\" content=\"Accident de voiture? D\u00e9terminez l&#039;indemnisation pour vos blessures corporelles. D\u00e9couvrez votre bar\u00e8me avec notre guide. Lisez maintenant pour plus d&#039;informations.\" \/>\n<meta property=\"og:url\" content=\"https:\/\/leocare.eu\/fr\/assurance-auto-en-ligne\/sinistre\/types\/accident\/indemnisation\/bareme\/\" \/>\n<meta property=\"og:site_name\" content=\"Leocare, assurance en ligne automobile et habitation\" \/>\n<meta property=\"article:modified_time\" content=\"2026-04-07T14:34:07+00:00\" \/>\n<meta property=\"og:image\" content=\"https:\/\/leocare.eu\/fr\/wp-content\/uploads\/2022\/12\/Bareme-indemnisation.jpg\" \/>\n\t<meta property=\"og:image:width\" content=\"1800\" \/>\n\t<meta property=\"og:image:height\" content=\"1200\" \/>\n\t<meta property=\"og:image:type\" content=\"image\/jpeg\" \/>\n<meta name=\"twitter:card\" content=\"summary_large_image\" \/>\n<meta name=\"twitter:label1\" content=\"Est. reading time\" \/>\n\t<meta name=\"twitter:data1\" content=\"9 minutes\" \/>\n<!-- \/ Yoast SEO plugin. -->","yoast_head_json":{"title":"Accident de voiture : indemnisation du dommage corporel","description":"Accident de voiture? D\u00e9terminez l'indemnisation pour vos blessures corporelles. D\u00e9couvrez votre bar\u00e8me avec notre guide. Lisez maintenant pour plus d'informations.","robots":{"index":"index","follow":"follow","max-snippet":"max-snippet:-1","max-image-preview":"max-image-preview:large","max-video-preview":"max-video-preview:-1"},"canonical":"https:\/\/leocare.eu\/fr\/assurance-auto-en-ligne\/sinistre\/types\/accident\/indemnisation\/bareme\/","og_locale":"fr_FR","og_type":"article","og_title":"Accident de voiture : indemnisation du dommage corporel","og_description":"Accident de voiture? D\u00e9terminez l'indemnisation pour vos blessures corporelles. D\u00e9couvrez votre bar\u00e8me avec notre guide. Lisez maintenant pour plus d'informations.","og_url":"https:\/\/leocare.eu\/fr\/assurance-auto-en-ligne\/sinistre\/types\/accident\/indemnisation\/bareme\/","og_site_name":"Leocare, assurance en ligne automobile et habitation","article_modified_time":"2026-04-07T14:34:07+00:00","og_image":[{"width":1800,"height":1200,"url":"https:\/\/leocare.eu\/fr\/wp-content\/uploads\/2022\/12\/Bareme-indemnisation.jpg","type":"image\/jpeg"}],"twitter_card":"summary_large_image","twitter_misc":{"Est. reading time":"9 minutes"},"schema":{"@context":"https:\/\/schema.org","@graph":[{"@type":"WebPage","@id":"https:\/\/leocare.eu\/fr\/assurance-auto-en-ligne\/sinistre\/types\/accident\/indemnisation\/bareme\/","url":"https:\/\/leocare.eu\/fr\/assurance-auto-en-ligne\/sinistre\/types\/accident\/indemnisation\/bareme\/","name":"Accident de voiture : indemnisation du dommage corporel","isPartOf":{"@id":"https:\/\/leocare.eu\/fr\/#website"},"primaryImageOfPage":{"@id":"https:\/\/leocare.eu\/fr\/assurance-auto-en-ligne\/sinistre\/types\/accident\/indemnisation\/bareme\/#primaryimage"},"image":{"@id":"https:\/\/leocare.eu\/fr\/assurance-auto-en-ligne\/sinistre\/types\/accident\/indemnisation\/bareme\/#primaryimage"},"thumbnailUrl":"https:\/\/leocare.eu\/fr\/wp-content\/uploads\/2022\/12\/Bareme-indemnisation.jpg","datePublished":"2022-12-30T13:28:31+00:00","dateModified":"2026-04-07T14:34:07+00:00","description":"Accident de voiture? D\u00e9terminez l'indemnisation pour vos blessures corporelles. D\u00e9couvrez votre bar\u00e8me avec notre guide. Lisez maintenant pour plus d'informations.","breadcrumb":{"@id":"https:\/\/leocare.eu\/fr\/assurance-auto-en-ligne\/sinistre\/types\/accident\/indemnisation\/bareme\/#breadcrumb"},"inLanguage":"fr-FR","potentialAction":[{"@type":"ReadAction","target":["https:\/\/leocare.eu\/fr\/assurance-auto-en-ligne\/sinistre\/types\/accident\/indemnisation\/bareme\/"]}]},{"@type":"ImageObject","inLanguage":"fr-FR","@id":"https:\/\/leocare.eu\/fr\/assurance-auto-en-ligne\/sinistre\/types\/accident\/indemnisation\/bareme\/#primaryimage","url":"https:\/\/leocare.eu\/fr\/wp-content\/uploads\/2022\/12\/Bareme-indemnisation.jpg","contentUrl":"https:\/\/leocare.eu\/fr\/wp-content\/uploads\/2022\/12\/Bareme-indemnisation.jpg","width":1800,"height":1200,"caption":"Bar\u00e8me Indemnisation Assurance"},{"@type":"WebSite","@id":"https:\/\/leocare.eu\/fr\/#website","url":"https:\/\/leocare.eu\/fr\/","name":"Leocare, assurance en ligne automobile et habitation","description":"enfin (r)assur\u00e9.e","publisher":{"@id":"https:\/\/leocare.eu\/fr\/#organization"},"potentialAction":[{"@type":"SearchAction","target":{"@type":"EntryPoint","urlTemplate":"https:\/\/leocare.eu\/fr\/?s={search_term_string}"},"query-input":{"@type":"PropertyValueSpecification","valueRequired":true,"valueName":"search_term_string"}}],"inLanguage":"fr-FR"},{"@type":"Organization","@id":"https:\/\/leocare.eu\/fr\/#organization","name":"Leocare, assurance en ligne automobile et habitation","url":"https:\/\/leocare.eu\/fr\/","logo":{"@type":"ImageObject","inLanguage":"fr-FR","@id":"https:\/\/leocare.eu\/fr\/#\/schema\/logo\/image\/","url":"https:\/\/leocare.eu\/fr\/wp-content\/uploads\/2020\/03\/logo-leocare.svg","contentUrl":"https:\/\/leocare.eu\/fr\/wp-content\/uploads\/2020\/03\/logo-leocare.svg","caption":"Leocare, assurance en ligne automobile et habitation"},"image":{"@id":"https:\/\/leocare.eu\/fr\/#\/schema\/logo\/image\/"}}]}},"_links":{"self":[{"href":"https:\/\/leocare.eu\/fr\/wp-json\/wp\/v2\/pages\/10977","targetHints":{"allow":["GET"]}}],"collection":[{"href":"https:\/\/leocare.eu\/fr\/wp-json\/wp\/v2\/pages"}],"about":[{"href":"https:\/\/leocare.eu\/fr\/wp-json\/wp\/v2\/types\/page"}],"author":[{"embeddable":true,"href":"https:\/\/leocare.eu\/fr\/wp-json\/wp\/v2\/users\/34"}],"replies":[{"embeddable":true,"href":"https:\/\/leocare.eu\/fr\/wp-json\/wp\/v2\/comments?post=10977"}],"version-history":[{"count":18,"href":"https:\/\/leocare.eu\/fr\/wp-json\/wp\/v2\/pages\/10977\/revisions"}],"predecessor-version":[{"id":37283,"href":"https:\/\/leocare.eu\/fr\/wp-json\/wp\/v2\/pages\/10977\/revisions\/37283"}],"up":[{"embeddable":true,"href":"https:\/\/leocare.eu\/fr\/wp-json\/wp\/v2\/pages\/10889"}],"wp:featuredmedia":[{"embeddable":true,"href":"https:\/\/leocare.eu\/fr\/wp-json\/wp\/v2\/media\/9977"}],"wp:attachment":[{"href":"https:\/\/leocare.eu\/fr\/wp-json\/wp\/v2\/media?parent=10977"}],"curies":[{"name":"wp","href":"https:\/\/api.w.org\/{rel}","templated":true}]}}