{"id":10969,"date":"2022-12-30T14:36:05","date_gmt":"2022-12-30T13:36:05","guid":{"rendered":"https:\/\/leocare.eu\/fr\/?page_id=10969"},"modified":"2026-04-07T16:34:05","modified_gmt":"2026-04-07T14:34:05","slug":"promotions","status":"publish","type":"page","link":"https:\/\/leocare.eu\/fr\/assurance-auto-en-ligne\/devis\/tarifs\/promotions\/","title":{"rendered":"Promo assurance auto\u00a0: les offres en cours"},"content":{"rendered":"\n<p><strong>Comme tout le monde, vous \u00eates attentifs aux diff\u00e9rentes r\u00e9ductions et remises disponibles au quotidien. Mais savez-vous qu\u2019il existe aussi des promos sur l\u2019assurance auto&nbsp;? Non&nbsp;? Eh bien, vous le saurez, et il n\u2019est jamais trop tard pour faire des \u00e9conomies&nbsp;! D\u00e9couvrez les bonnes affaires pour garantir votre v\u00e9hicule avec Leocare, la n\u00e9o-assurance qui bouscule le monde de l\u2019assurance.<\/strong><\/p>\n\n\n\n<h2 class=\"wp-block-heading\" id=\"section-1-cest-quoi-une-offre-promotionnelle-en-assurance-auto-\"><strong>C\u2019est quoi une offre promotionnelle en assurance auto ?<\/strong><\/h2>\n\n\n\n<p>Une offre promo sur une assurance auto est&nbsp;<strong>une r\u00e9duction ou une remise qui vous permet de faire des \u00e9conomies sur la garantie de votre voiture<\/strong>. Soyons clairs, les prix d\u2019appel se sont d\u00e9velopp\u00e9s depuis la promulgation de la loi consommation assurance du 1er janvier 2015. Cette derni\u00e8re, qui ne vous dit probablement rien, est plus connue sous le nom de Loi Hamon. En fait, compte tenu de la hausse du&nbsp;<a href=\"https:\/\/leocare.eu\/fr\/assurance-auto-en-ligne\/devis\/tarifs\/\"><strong>prix de l\u2019assurance voiture<\/strong><\/a>, l\u2019\u00c9tat accepte une plus grande flexibilit\u00e9 tarifaire, pour les couvertures auto. Concr\u00e8tement, cette loi vous permet de&nbsp;<strong>changer d\u2019assurance auto ou d\u2019assurance habitation au bout d\u2019un an de souscription<\/strong>. Cette possibilit\u00e9 induit aussi une plus grande comp\u00e9tition entre les assureurs, qui proposent r\u00e9guli\u00e8rement de nouvelles offres promotionnelles en assurance auto.<\/p>\n\n\n\n<p>Diverses et vari\u00e9es, vous les trouverez sous forme de r\u00e9duction mensuelle de la cotisation, d\u2019options offertes, de diminution de la prime d\u2019assurance auto \u00e0 la signature du contrat\u2026 <strong>Le parrainage d\u2019un nouvel assur\u00e9 se d\u00e9veloppe \u00e9galement : votre filleul et vous profitez de remises sur les franchises ou sur la prime d\u2019assurance compl\u00e8te.<\/strong><\/p>\n\n\n\n<h2 class=\"wp-block-heading\" id=\"section-2-quelles-sont-les-diffrentes-formes-de-promotion-sur-lassuran\"><strong>Quelles sont les diff\u00e9rentes formes de promotion sur l\u2019assurance auto ?<\/strong><\/h2>\n\n\n\n<p>Avec la lib\u00e9ralisation du march\u00e9, <strong>les assureurs ne manquent pas d\u2019imagination pour vous proposer des promos hautes en remises et en options compl\u00e9mentaires, sur votre assurance voiture !<\/strong><\/p>\n\n\n\n<h3 class=\"wp-block-heading\"><strong>Une offre promo \u00e0 la souscription de l\u2019assurance voiture<\/strong><\/h3>\n\n\n\n<p><strong>Changer d\u2019assurance via une offre promotionnelle \u00e0 la souscription d\u2019un contrat est une solution efficace pour pallier l\u2019augmentation annuelle de votre assurance auto. <\/strong>Ce type de r\u00e9duction, destin\u00e9 aux nouveaux arrivants, est sign\u00e9 sur acceptation d\u2019un devis en ligne. Simplicit\u00e9, r\u00e9activit\u00e9 et rapidit\u00e9 !<\/p>\n\n\n\n<p>Citons \u00e9galement, entre autres promos dans l\u2019assurance auto, les assureurs qui offrent les frais de dossiers ou les frais d\u2019inscription, \u00e0 leurs nouveaux clients. Est-ce suffisant ? Pas toujours !<strong> \u00c0 vous de comparer ce qui est comparable (garanties, tarifs) et de calculer sur une ann\u00e9e le co\u00fbt global de l\u2019assurance de votre v\u00e9hicule.<\/strong><\/p>\n\n\n\n<p><strong>Autres r\u00e9ductions propos\u00e9es : celles sur les franchises. <\/strong>Certaines assurances les r\u00e9duisent significativement, alors que d\u2019autres pr\u00e9f\u00e8rent les maintenir \u00e0 haut niveau. Sachez qu\u2019en cas de sinistre, ces r\u00e9ductions peuvent repr\u00e9senter plusieurs centaines d\u2019euros \u00e9conomis\u00e9s.<\/p>\n\n\n\n<p>La gratuit\u00e9 d\u2019une option est une forme de remise. <strong>L\u2019assistance 0 km est disponible d\u00e8s le contrat au tiers et vous pouvez bien s\u00fbr l&rsquo;activer dans la <a href=\"https:\/\/leocare.eu\/fr\/assurance-auto-en-ligne\/tiers\/plus\/\">formule tiers plus<\/a> et tous risques, comme chez Leocare, est un vrai coup de pouce pour votre pouvoir d\u2019achat !<\/strong><\/p>\n\n\n\n<p>Enfin, une baisse globale de la prime d\u2019assurance de votre voiture, \u00e0 l\u2019ann\u00e9e, est un classique, en mati\u00e8re de promos auto.<\/p>\n\n\n\n<section class=\"wp-block-leocare-bon-a-savoir leocare-bas\"><div class=\"leocare-bas__head\"><img decoding=\"async\" class=\"leocare-bas__icon\" src=\"https:\/\/leocare.eu\/fr\/wp-content\/themes\/leocare-new\/assets\/img\/icon-alert-purple.svg\" alt=\"icon alerte\"\/><h3 class=\"leocare-bas__title\">Bon \u00e0 savoir<\/h3><\/div><div class=\"leocare-bas__content\">\n<p><a href=\"http:\/\/savoir quel document pour changer d'assurance auto\">Savoir quels sont les documents \u00e0 avoir pour changer d&rsquo;assurance auto<\/a> est n\u00e9cessaire pour \u00eatre s\u00fbr de ne pas rater une offre. <strong>Chez Leocare, voici&nbsp;les documents \u00e0 fournir pour changer votre ancienne assurance auto&nbsp;:<\/strong><\/p>\n\n\n\n<ul class=\"wp-block-list\">\n<li>Permis de conduire<\/li>\n\n\n\n<li>Relev\u00e9 d\u2019informations<\/li>\n\n\n\n<li>Carte grise<\/li>\n\n\n\n<li>RIB<\/li>\n<\/ul>\n<\/div><\/section>\n\n\n\n<p><strong>Les promotions sur l\u2019assurance auto en cours de contrat<\/strong><\/p>\n\n\n\n<p>La deuxi\u00e8me option, pour profiter d\u2019une promotion sur votre assurance auto, est&nbsp;<strong>de jouer sur votre fid\u00e9lit\u00e9 pour obtenir des r\u00e9ductions sur vos cotisations d\u2019assurance<\/strong>. Depuis 2020, beaucoup de polices d\u2019assurance proposent une baisse des cotisations d\u2019assurance voiture lors d\u2019un confinement. Le principe de cette r\u00e9duction est simple : plus vous restez fid\u00e8le \u00e0 votre assureur et plus il vous le rend (bien), en baissant votre prime annuelle d\u2019assurance automobile.<\/p>\n\n\n\n<p>Des offres personnalis\u00e9es sont \u00e9galement propos\u00e9es aux bons chauffeurs, qu\u2019il s\u2019agisse d\u2019une remise pour un conducteur secondaire, d\u2019une r\u00e9duction de franchises\u2026<\/p>\n\n\n\n<h2 class=\"wp-block-heading\" id=\"section-3-comment-trouver-une-offre-promo-lie-une-assurance-auto-\"><strong>Comment trouver une offre promo li\u00e9e \u00e0 une assurance auto ?<\/strong><\/h2>\n\n\n\n<p>Depuis la loi du 1er janvier 2015 sur la r\u00e9siliation des contrats d\u2019assurance,&nbsp;<strong>les meilleures offres promos pour une assurance auto sont en ligne<\/strong>. Les compagnies d\u2019assurances proposent des offres sur leur site web, toute l\u2019ann\u00e9e. Faites une liste de celles que vous connaissez, voulez appr\u00e9cier\u2026 et prenez le temps de comparer leurs offres promotionnelles du moment. Vous pouvez aussi \u00eatre \u00e0 l\u2019aff\u00fbt des offres ponctuelles, en mode black friday, soldes\u2026 en comparant bien, une fois encore, ce qui est comparable. Le prix ne fait pas tout !<\/p>\n\n\n\n<p>Et si vous souhaitez changer d\u2019assurance&nbsp;auto ou d\u2019assurance habitation, demandez un devis \u00e0 votre assureur et comparez-le \u00e0 d\u2019autres offres similaires en ligne. De la m\u00eame mani\u00e8re, si vous pr\u00e9f\u00e9rez rester avec la m\u00eame assurance, contactez un conseiller pour d\u00e9couvrir ce que votre anciennet\u00e9 peut vous rapporter. Vous serez vite fix\u00e9 ! <strong>Chez Leocare, c\u2019est simple, rapide et flexible. Vous avez un devis en 1 minute, et un contrat en 4 minutes. Testez !<\/strong><\/p>\n\n\n\n<p><strong><a href=\"https:\/\/leocare.eu\/fr\/assurance-auto-en-ligne\/sinistre\/epave\/resiliation\/\">Votre voiture est class\u00e9e \u00e9pave<\/a>&nbsp;\u00e0 cause de&nbsp;dommages&nbsp;subis lors d\u2019un grave&nbsp;accident&nbsp;?<\/strong> Vous pouvez envoyer une lettre recommand\u00e9e \u00e0 votre&nbsp;compagnie d\u2019assurance&nbsp;pour demander la r\u00e9siliation imm\u00e9diate de votre contrat. Vous pensez acheter une voiture apr\u00e8s la mise en \u00e9pave ?<strong> La plupart des&nbsp;assurances&nbsp;acceptent le transfert du contrat vers le nouveau v\u00e9hicule. <\/strong>Le montant de la&nbsp;cotisation&nbsp;d\u00e9pend alors de facteurs comme le type de voiture ou le coefficient de r\u00e9duction\/majoration.<\/p>\n\n\n\n<h2 class=\"wp-block-heading\" id=\"section-4-o-trouver-les-promotions-sur-les-assurances-auto-\"><strong>O\u00f9 trouver les promotions sur les assurances auto ?<\/strong><\/h2>\n\n\n\n<p>Pour optimiser le calcul de votre assurance auto, il n\u2019y a pas de secret !&nbsp;<strong>Passez par un comparateur d\u2019offres d\u2019assurances en ligne pour avoir les meilleurs tarifs<\/strong>. Et comme les assureurs les utilisent aussi pour y placer leurs offres promotionnelles du moment, vous \u00eates s\u00fbr de toutes les avoir.&nbsp;C\u2019est, par exemple, le cas de L\u2019olivier Assurance ou d\u2019Allianz. Autre point positif des comparateurs : ils permettent un ajustement \u00e0 la baisse des tarifs pour se d\u00e9marquer de la concurrence.<\/p>\n\n\n\n<p>Concr\u00e8tement, vous entrez les donn\u00e9es de votre v\u00e9hicule et visualisez toutes les offres. <strong>C\u2019est facile ! Le comparateur d\u2019assurances auto est un alli\u00e9 pour prot\u00e9ger votre pouvoir d\u2019achat, \u00e0 garanties \u00e9quivalentes\u2026 toujours.<\/strong><\/p>\n\n\n\n<div class=\"bon-a-savoir\">\n\n\n\n<p>Bon \u00e0 savoir<\/p>\n\n\n\n<p>Pour b\u00e9n\u00e9ficier de la bonne promo sur votre assurance voiture, vous pouvez aussi regrouper l\u2019ensemble de vos assurances (auto, habitation, sant\u00e9) aupr\u00e8s du m\u00eame assureur. Vous am\u00e9liorez, ainsi, votre envergure, votre anciennet\u00e9\u2026 et pouvez dire adieu \u00e0 la surprime !<\/p>\n\n\n\n<\/div>\n\n\n\n<h2 class=\"wp-block-heading\" id=\"section-5-quelles-sont-les-offres-dassurance-auto-en-cours-\"><strong>Quelles sont les offres d\u2019assurance auto en cours ?<\/strong><\/h2>\n\n\n\n<p><strong>Souscrire une assurance auto sur l\u2019appli Leocare est d\u00e9j\u00e0 une promo sur votre garantie voiture !<\/strong>&nbsp;Avec une prime d\u2019assurance inf\u00e9rieure de 25 % en moyenne, par rapport \u00e0 la concurrence, vous b\u00e9n\u00e9ficiez, aussi, d\u2019une offre personnalis\u00e9e. En nous basant sur vos ant\u00e9c\u00e9dents de conducteur, le classement SRA de votre v\u00e9hicule et le calcul de la r\u00e9duction\/majoration de votre prime, nos Leoconseillers vous proposent la meilleure offre d\u2019assurance auto du march\u00e9. D\u00e9j\u00e0 client ? <strong>B\u00e9n\u00e9ficiez de nos promos en cours de contrat et diminuez vous-m\u00eame vos franchises ! <\/strong>S\u00e9lectionnez vos options et revoyez votre prime d\u2019assurance voiture \u00e0 la baisse.<\/p>\n","protected":false},"excerpt":{"rendered":"<p>Comme tout le monde, vous \u00eates attentifs aux diff\u00e9rentes r\u00e9ductions et remises disponibles au quotidien. Mais savez-vous qu\u2019il existe aussi des promos sur l\u2019assurance auto&nbsp;? Non&nbsp;? Eh bien, vous le saurez, et il n\u2019est jamais trop tard pour faire des \u00e9conomies&nbsp;! D\u00e9couvrez les bonnes affaires pour garantir votre v\u00e9hicule avec Leocare, la n\u00e9o-assurance qui bouscule [&hellip;]<\/p>\n","protected":false},"author":34,"featured_media":10052,"parent":9765,"menu_order":0,"comment_status":"closed","ping_status":"closed","template":"template_seo.php","meta":{"_acf_changed":false,"footnotes":""},"class_list":["post-10969","page","type-page","status-publish","has-post-thumbnail","hentry"],"acf":[],"yoast_head":"<!-- This site is optimized with the Yoast SEO plugin v27.3 - https:\/\/yoast.com\/product\/yoast-seo-wordpress\/ -->\n<title>Promo assurance auto : offres et r\u00e9ductions - Leocare<\/title>\n<meta name=\"description\" content=\"D\u00e9couvrez nos offres promotionnelles uniques sur les assurances auto. Agissez maintenant pour \u00e9conomiser sur votre assurance! \u00c9conomisez gros, conduisez en toute s\u00e9curit\u00e9.\" \/>\n<meta name=\"robots\" content=\"index, follow, max-snippet:-1, max-image-preview:large, max-video-preview:-1\" \/>\n<link rel=\"canonical\" href=\"https:\/\/leocare.eu\/fr\/assurance-auto-en-ligne\/devis\/tarifs\/promotions\/\" \/>\n<meta property=\"og:locale\" content=\"fr_FR\" \/>\n<meta property=\"og:type\" content=\"article\" \/>\n<meta property=\"og:title\" content=\"Promo assurance auto : offres et r\u00e9ductions - Leocare\" \/>\n<meta property=\"og:description\" content=\"D\u00e9couvrez nos offres promotionnelles uniques sur les assurances auto. Agissez maintenant pour \u00e9conomiser sur votre assurance! \u00c9conomisez gros, conduisez en toute s\u00e9curit\u00e9.\" \/>\n<meta property=\"og:url\" content=\"https:\/\/leocare.eu\/fr\/assurance-auto-en-ligne\/devis\/tarifs\/promotions\/\" \/>\n<meta property=\"og:site_name\" content=\"Leocare, assurance en ligne automobile et habitation\" \/>\n<meta property=\"article:modified_time\" content=\"2026-04-07T14:34:05+00:00\" \/>\n<meta property=\"og:image\" content=\"https:\/\/leocare.eu\/fr\/wp-content\/uploads\/2022\/12\/promo-assurance-auto-1.jpg\" \/>\n\t<meta property=\"og:image:width\" content=\"1800\" \/>\n\t<meta property=\"og:image:height\" content=\"1200\" \/>\n\t<meta property=\"og:image:type\" content=\"image\/jpeg\" \/>\n<meta name=\"twitter:card\" content=\"summary_large_image\" \/>\n<meta name=\"twitter:label1\" content=\"Dur\u00e9e de lecture estim\u00e9e\" \/>\n\t<meta name=\"twitter:data1\" content=\"6 minutes\" \/>\n<!-- \/ Yoast SEO plugin. -->","yoast_head_json":{"title":"Promo assurance auto : offres et r\u00e9ductions - Leocare","description":"D\u00e9couvrez nos offres promotionnelles uniques sur les assurances auto. Agissez maintenant pour \u00e9conomiser sur votre assurance! \u00c9conomisez gros, conduisez en toute s\u00e9curit\u00e9.","robots":{"index":"index","follow":"follow","max-snippet":"max-snippet:-1","max-image-preview":"max-image-preview:large","max-video-preview":"max-video-preview:-1"},"canonical":"https:\/\/leocare.eu\/fr\/assurance-auto-en-ligne\/devis\/tarifs\/promotions\/","og_locale":"fr_FR","og_type":"article","og_title":"Promo assurance auto : offres et r\u00e9ductions - Leocare","og_description":"D\u00e9couvrez nos offres promotionnelles uniques sur les assurances auto. Agissez maintenant pour \u00e9conomiser sur votre assurance! \u00c9conomisez gros, conduisez en toute s\u00e9curit\u00e9.","og_url":"https:\/\/leocare.eu\/fr\/assurance-auto-en-ligne\/devis\/tarifs\/promotions\/","og_site_name":"Leocare, assurance en ligne automobile et habitation","article_modified_time":"2026-04-07T14:34:05+00:00","og_image":[{"width":1800,"height":1200,"url":"https:\/\/leocare.eu\/fr\/wp-content\/uploads\/2022\/12\/promo-assurance-auto-1.jpg","type":"image\/jpeg"}],"twitter_card":"summary_large_image","twitter_misc":{"Dur\u00e9e de lecture estim\u00e9e":"6 minutes"},"schema":{"@context":"https:\/\/schema.org","@graph":[{"@type":"WebPage","@id":"https:\/\/leocare.eu\/fr\/assurance-auto-en-ligne\/devis\/tarifs\/promotions\/","url":"https:\/\/leocare.eu\/fr\/assurance-auto-en-ligne\/devis\/tarifs\/promotions\/","name":"Promo assurance auto : offres et r\u00e9ductions - Leocare","isPartOf":{"@id":"https:\/\/leocare.eu\/fr\/#website"},"primaryImageOfPage":{"@id":"https:\/\/leocare.eu\/fr\/assurance-auto-en-ligne\/devis\/tarifs\/promotions\/#primaryimage"},"image":{"@id":"https:\/\/leocare.eu\/fr\/assurance-auto-en-ligne\/devis\/tarifs\/promotions\/#primaryimage"},"thumbnailUrl":"https:\/\/leocare.eu\/fr\/wp-content\/uploads\/2022\/12\/promo-assurance-auto-1.jpg","datePublished":"2022-12-30T13:36:05+00:00","dateModified":"2026-04-07T14:34:05+00:00","description":"D\u00e9couvrez nos offres promotionnelles uniques sur les assurances auto. Agissez maintenant pour \u00e9conomiser sur votre assurance! \u00c9conomisez gros, conduisez en toute s\u00e9curit\u00e9.","breadcrumb":{"@id":"https:\/\/leocare.eu\/fr\/assurance-auto-en-ligne\/devis\/tarifs\/promotions\/#breadcrumb"},"inLanguage":"fr-FR","potentialAction":[{"@type":"ReadAction","target":["https:\/\/leocare.eu\/fr\/assurance-auto-en-ligne\/devis\/tarifs\/promotions\/"]}]},{"@type":"ImageObject","inLanguage":"fr-FR","@id":"https:\/\/leocare.eu\/fr\/assurance-auto-en-ligne\/devis\/tarifs\/promotions\/#primaryimage","url":"https:\/\/leocare.eu\/fr\/wp-content\/uploads\/2022\/12\/promo-assurance-auto-1.jpg","contentUrl":"https:\/\/leocare.eu\/fr\/wp-content\/uploads\/2022\/12\/promo-assurance-auto-1.jpg","width":1800,"height":1200,"caption":"promo assurance auto"},{"@type":"WebSite","@id":"https:\/\/leocare.eu\/fr\/#website","url":"https:\/\/leocare.eu\/fr\/","name":"Leocare, assurance en ligne automobile et habitation","description":"enfin (r)assur\u00e9.e","publisher":{"@id":"https:\/\/leocare.eu\/fr\/#organization"},"potentialAction":[{"@type":"SearchAction","target":{"@type":"EntryPoint","urlTemplate":"https:\/\/leocare.eu\/fr\/?s={search_term_string}"},"query-input":{"@type":"PropertyValueSpecification","valueRequired":true,"valueName":"search_term_string"}}],"inLanguage":"fr-FR"},{"@type":"Organization","@id":"https:\/\/leocare.eu\/fr\/#organization","name":"Leocare, assurance en ligne automobile et habitation","url":"https:\/\/leocare.eu\/fr\/","logo":{"@type":"ImageObject","inLanguage":"fr-FR","@id":"https:\/\/leocare.eu\/fr\/#\/schema\/logo\/image\/","url":"https:\/\/leocare.eu\/fr\/wp-content\/uploads\/2020\/03\/logo-leocare.svg","contentUrl":"https:\/\/leocare.eu\/fr\/wp-content\/uploads\/2020\/03\/logo-leocare.svg","caption":"Leocare, assurance en ligne automobile et habitation"},"image":{"@id":"https:\/\/leocare.eu\/fr\/#\/schema\/logo\/image\/"}}]}},"_links":{"self":[{"href":"https:\/\/leocare.eu\/fr\/wp-json\/wp\/v2\/pages\/10969","targetHints":{"allow":["GET"]}}],"collection":[{"href":"https:\/\/leocare.eu\/fr\/wp-json\/wp\/v2\/pages"}],"about":[{"href":"https:\/\/leocare.eu\/fr\/wp-json\/wp\/v2\/types\/page"}],"author":[{"embeddable":true,"href":"https:\/\/leocare.eu\/fr\/wp-json\/wp\/v2\/users\/34"}],"replies":[{"embeddable":true,"href":"https:\/\/leocare.eu\/fr\/wp-json\/wp\/v2\/comments?post=10969"}],"version-history":[{"count":28,"href":"https:\/\/leocare.eu\/fr\/wp-json\/wp\/v2\/pages\/10969\/revisions"}],"predecessor-version":[{"id":39021,"href":"https:\/\/leocare.eu\/fr\/wp-json\/wp\/v2\/pages\/10969\/revisions\/39021"}],"up":[{"embeddable":true,"href":"https:\/\/leocare.eu\/fr\/wp-json\/wp\/v2\/pages\/9765"}],"wp:featuredmedia":[{"embeddable":true,"href":"https:\/\/leocare.eu\/fr\/wp-json\/wp\/v2\/media\/10052"}],"wp:attachment":[{"href":"https:\/\/leocare.eu\/fr\/wp-json\/wp\/v2\/media?parent=10969"}],"curies":[{"name":"wp","href":"https:\/\/api.w.org\/{rel}","templated":true}]}}