{"id":10968,"date":"2022-12-30T14:25:56","date_gmt":"2022-12-30T13:25:56","guid":{"rendered":"https:\/\/leocare.eu\/fr\/?page_id=10968"},"modified":"2026-04-07T16:34:04","modified_gmt":"2026-04-07T14:34:04","slug":"fgao","status":"publish","type":"page","link":"https:\/\/leocare.eu\/fr\/assurance-auto-en-ligne\/sinistre\/types\/accident\/indemnisation\/fgao\/","title":{"rendered":"Accident de la route : les cas d\u2019indemnisation par le FGAO"},"content":{"rendered":"\n<p><b>\u00c0 la suite d\u2019un accident, sil arrive que le FGAO (Fonds de Garantie des Assurances Obligatoires de dommages) prenne le relai de votre assurance. Pourquoi&nbsp;? Dans quels cas&nbsp;? Et \u00e0 hauteur de quel montant&nbsp;? Toutes les r\u00e9ponses \u00e0 vos questions avec Leocare, la n\u00e9o-assurance care et claire&nbsp;!<\/b><\/p>\n\n\n\n<h2 class=\"wp-block-heading\" id=\"section-1-fgao-dfinition\"><strong>FGAO : d\u00e9finition<\/strong><\/h2>\n\n\n\n<p>Le FGAO, encore appel\u00e9 fonds de garantie des victimes, est un organisme charg\u00e9 d\u2019<strong><a href=\"https:\/\/leocare.eu\/fr\/assurance-auto-en-ligne\/sinistre\/declaration\/accident\/indemnisation\/\">indemniser les victimes d\u2019accidents<\/a><\/strong>&nbsp;de la circulation. Son intervention est soumise \u00e0 certaines conditions.&nbsp;Selon la nature de l\u2019<strong><a href=\"https:\/\/leocare.eu\/fr\/assurance-auto-en-ligne\/sinistre\/types\/accident\/\">accident de voiture<\/a><\/strong>, l\u2019indemnisation&nbsp;des&nbsp;dommages mat\u00e9riels&nbsp;et des&nbsp;dommages corporels&nbsp;rel\u00e8ve soit de la compagnie d\u2019assurance, soit du FGAO. Si vous \u00eates&nbsp;victime d\u2019un accident, votre premier r\u00e9flexe doit \u00eatre de contacter votre assurance automobile.<\/p>\n\n\n\n<h3 class=\"wp-block-heading\"><strong>Les missions du FGAO<\/strong><\/h3>\n\n\n\n<p>La mission principale du FGAO est d\u2019indemniser les pr\u00e9judices corporels ou les dommages mat\u00e9riels subis par les victimes d\u2019accident de la route, en lieu et place d\u2019une compagnie. Ces dommages doivent \u00eatre caus\u00e9s par l\u2019un des auteurs suivants :<\/p>\n\n\n\n<ul class=\"wp-block-list\">\n<li>Conducteur d\u2019un v\u00e9hicule terrestre \u00e0 moteur \ud83d\ude98 \ud83c\udfcd.<\/li>\n\n\n\n<li>Individu circulant sur la voie publique, avec ou sans engin (pi\u00e9ton, cycliste, personne en rollers ou en trottinette).&nbsp;Dans le cas d\u2019un&nbsp;<strong><a href=\"https:\/\/leocare.eu\/fr\/assurance-auto-en-ligne\/sinistre\/declaration\/accident\/constat-amiable\/pieton-voiture\/\">accident entre un pi\u00e9ton et une voiture<\/a><\/strong>, la loi&nbsp;Badinter&nbsp;garantit une&nbsp;indemnisation&nbsp;\u00e0 la&nbsp;victime d\u2019un accident. Le pi\u00e9ton peut en effet avoir subi des&nbsp;pr\u00e9judices&nbsp;corporels importants. Les&nbsp;dommages mat\u00e9riels&nbsp;de la voiture sont pris en charge par la compagnie d\u2019assurance de l\u2019automobiliste.<\/li>\n\n\n\n<li>Animal domestique.<\/li>\n\n\n\n<li>Animal sauvage.&nbsp;Pour un&nbsp;<strong><a href=\"https:\/\/leocare.eu\/fr\/assurance-auto-en-ligne\/sinistre\/declaration\/accident\/types\/tiers-non-identifie\/animal-sauvage\/\">accident avec un animal sauvage<\/a><\/strong>, vous b\u00e9n\u00e9ficiez d\u2019une&nbsp;indemnisation&nbsp;des&nbsp;dommages FGAO. Les&nbsp;dommages mat\u00e9riels&nbsp;et corporels sont pris en charge par les&nbsp;assurances obligatoires de dommages&nbsp;dans ce type d\u2019accident.<\/li>\n<\/ul>\n\n\n\n<h3 class=\"wp-block-heading\"><strong>Quand le FGAO doit-il intervenir ?<\/strong><\/h3>\n\n\n\n<p>Le FGAO est amen\u00e9 \u00e0 suppl\u00e9er l\u2019assurance dans 4 cas de figure :<\/p>\n\n\n\n<ul class=\"wp-block-list\">\n<li>Le conducteur responsable a pris la fuite et ne peut \u00eatre identifi\u00e9.<\/li>\n\n\n\n<li>Le conducteur responsable n\u2019a pas souscrit d\u2019assurance auto.<\/li>\n\n\n\n<li>Le conducteur responsable est assur\u00e9, mais les dommages ne sont pas couverts par ses garanties.<\/li>\n\n\n\n<li>L\u2019assureur du conducteur responsable est insolvable.<\/li>\n<\/ul>\n\n\n\n<p>Si vous avez subi un&nbsp;<strong><a href=\"https:\/\/leocare.eu\/fr\/assurance-auto-en-ligne\/sinistre\/declaration\/accident\/types\/tiers-non-identifie\/delit-fuite\/\">accident de voiture avec d\u00e9lit de fuite<\/a><\/strong>, vous pouvez b\u00e9n\u00e9ficier d\u2019une prise en charge des&nbsp;dommages mat\u00e9riels&nbsp;et des&nbsp;dommages corporels&nbsp;par le&nbsp;FGAO. Ce fonds de garantie suppl\u00e9e les&nbsp;assurances&nbsp;pour l\u2019indemnisation de la&nbsp;victime d\u2019un accident&nbsp;de cette nature.<\/p>\n\n\n\n<p>Le sinistre doit par ailleurs se produire en France ou dans l\u2019Espace \u00e9conomique europ\u00e9en (EEE), et sur une voie ouverte \u00e0 la circulation publique. Autrement dit, le FGAO n\u2019intervient pas dans l\u2019hypoth\u00e8se d\u2019un accrochage sur un chemin priv\u00e9. Si ces conditions sont respect\u00e9es, l\u2019indemnisation des victimes d\u2019accidents de la route est assur\u00e9e, conform\u00e9ment \u00e0 la loi Badinter.<\/p>\n\n\n\n<p>Concernant l<a href=\"https:\/\/leocare.eu\/fr\/assurance-auto-en-ligne\/sinistre\/indemnisation\/passagers\/\">\u2018<strong>indemnisation des passagers apr\u00e8s un sinistre<\/strong><\/a>, la loi&nbsp;Badinter&nbsp;garantit \u00e9galement leur prise en charge. Si vos passagers ont subi des&nbsp;pr\u00e9judices&nbsp;corporels suite \u00e0 un&nbsp;accident de la circulation, ils peuvent donc \u00e9galement b\u00e9n\u00e9ficier d\u2019une&nbsp;indemnisation&nbsp;des&nbsp;dommages FGAO.<\/p>\n\n\n\n<h2 class=\"wp-block-heading\" id=\"section-2-une-prise-en-charge-plafonne\"><strong>Une prise en charge plafonn\u00e9e<\/strong><\/h2>\n\n\n\n<p>Pour l\u2019<strong><a href=\"https:\/\/leocare.eu\/fr\/assurance-auto-en-ligne\/sinistre\/declaration\/accident\/types\/dommage-corporel\/\">indemnisation des dommages corporels par l\u2019assurance auto<\/a><\/strong>&nbsp;dus \u00e0 un&nbsp;accident, cela d\u00e9pend des garanties souscrites. En revanche, les&nbsp;pr\u00e9judices&nbsp;corporels sont int\u00e9gralement pris en charge par le&nbsp;FGAO. L\u2019indemnisation&nbsp;des&nbsp;dommages mat\u00e9riels&nbsp;li\u00e9s \u00e0 un&nbsp;accident de la circulation&nbsp;est plafonn\u00e9e \u00e0 1 220 000 \u20ac par sinistre \ud83d\udcb6.<\/p>\n\n\n\n<p>Une alternative existe pour vous faire indemniser : vous tourner vers votre assurance auto. Si vous avez souscrit une assurance tous risques, vous pouvez, en effet, profiter de la garantie dommages tous accidents, automatiquement incluse dans votre contrat. Celle-ci couvre les frais de r\u00e9paration de votre v\u00e9hicule.<\/p>\n\n\n\n<p>Chez Leocare, en tous risques, b\u00e9n\u00e9ficiez d\u2019une garantie optionnelle valeur \u00e0 neuf durant les 12, 24 ou 36 mois suivant la mise en circulation de votre auto ! Concr\u00e8tement, vous \u00eates rembours\u00e9 sur la base du prix de vente figurant au catalogue du constructeur. En cas d\u2019accident ou m\u00eame de vol, vous profitez ainsi de la meilleure prise en charge \ud83d\udcaa.<\/p>\n\n\n\n<h2 class=\"wp-block-heading\" id=\"section-3-quand-et-comment-saisir-le-fgao-\"><strong>Quand et comment saisir le FGAO ?<\/strong><\/h2>\n\n\n\n<p>Le FGAO peut \u00eatre saisi par votre assurance auto, par vous-m\u00eame ou par l\u2019un de vos ayants droit. Plusieurs situations peuvent se pr\u00e9senter.&nbsp;Dans le cas d\u2019un&nbsp;<strong><a href=\"https:\/\/leocare.eu\/fr\/assurance-auto-en-ligne\/sinistre\/declaration\/accident\/indemnisation\/responsable-non-assure\/\">accident avec un conducteur non assur\u00e9<\/a><\/strong>, vous b\u00e9n\u00e9ficiez de la prise en charge des&nbsp;dommages FGAO. Si vous \u00eates&nbsp;victime d\u2019un accident&nbsp;de ce type, c\u2019est ce fonds de garantie des assurances qui assure votre&nbsp;indemnisation&nbsp;pour les&nbsp;dommages corporels&nbsp;et les&nbsp;dommages mat\u00e9riels.<\/p>\n\n\n\n<p>Voyons cela ensemble.<\/p>\n\n\n\n<div class=\"bon-a-savoir\">\n\n\n\n<p>\u00c0 noter : rendez-vous sur le site du FGAO<\/p>\n\n\n\n<p>Vous pouvez y t\u00e9l\u00e9charger le formulaire de demande. Vous y trouvez \u00e9galement une notice pr\u00e9cisant la liste des justificatifs \u00e0 fournir pour constituer votre dossier.<\/p>\n\n\n\n<\/div>\n\n\n\n<h3 class=\"wp-block-heading\"><strong>Vous avez subi un pr\u00e9judice corporel et des dommages mat\u00e9riels<\/strong><\/h3>\n\n\n\n<p>Si le conducteur responsable est connu, vous avez un an pour d\u00e9poser votre aupr\u00e8s du FGAO. Ce d\u00e9lai commence \u00e0 courir :<\/p>\n\n\n\n<ul class=\"wp-block-list\">\n<li>Soit \u00e0 compter de la date de transaction sign\u00e9e avec le responsable (ou son assureur).<\/li>\n\n\n\n<li>Soit \u00e0 compter de la date o\u00f9 la d\u00e9cision de justice ayant constat\u00e9 l\u2019impossibilit\u00e9 de prise en charge est pass\u00e9e en force de chose jug\u00e9e. En d\u2019autres termes, elle n\u2019est plus susceptible de recours, soit parce que les recours sont \u00e9puis\u00e9s, soit parce que les d\u00e9lais ont expir\u00e9.<\/li>\n<\/ul>\n\n\n\n<p>Si par contre, le responsable est inconnu, le d\u00e9lai de saisie est de 3 ans, \u00e0 compter de la date du sinistre.<\/p>\n\n\n\n<h3 class=\"wp-block-heading\"><strong>Vous avez subi des dommages uniquement mat\u00e9riels<\/strong><\/h3>\n\n\n\n<p>Dans ce cas, vous devez saisir le FGAO dans un d\u00e9lai d\u2019un an \u00e0 date du sinistre.<\/p>\n\n\n\n<p>Un exemple de demande \u00e0 adresser au FGAO :<\/p>\n\n\n\n<div class=\"letter-model\">\n\n\n\n<p>Votre adresse<\/p>\n\n\n\n<p>Votre n\u00b0 de t\u00e9l\u00e9phone<\/p>\n\n\n\n<p>Votre e-mail<\/p>\n\n\n\n<p class=\"has-text-align-right\">Coordonn\u00e9es du FGAO dont vous d\u00e9pendez<\/p>\n\n\n\n<p>\u00c0\u2026,le\u2026,<\/p>\n\n\n\n<p>Objet : Accident de la circulation avec un tiers ayant pris la fuite<\/p>\n\n\n\n<p>Lettre recommand\u00e9e avec AR<\/p>\n\n\n\n<p><\/p>\n\n\n\n<p>Madame, Monsieur,<\/p>\n\n\n\n<p>Le\u2026, j\u2019ai \u00e9t\u00e9 victime d\u2019un accident qui s\u2019est d\u00e9roul\u00e9 dans les circonstances suivantes :<\/p>\n\n\n\n<p>(pr\u00e9cisez l\u2019heure, le lieu et les circonstances, les pr\u00e9judices subis)<\/p>\n\n\n\n<p>L\u2019auteur de l\u2019accident \u00e9tant, \u00e0 ce jour, inconnu en raison d\u2019un d\u00e9lit de fuite, je me permets de vous contacter dans l\u2019espoir d\u2019une prise en charge.<\/p>\n\n\n\n<p>Vous trouverez ci-joint tous les documents et justificatifs n\u00e9cessaires pour fixer le montant de cette indemnisation (proc\u00e8s-verbal, \u00e9valuation du m\u00e9decin-conseil, etc.).<\/p>\n\n\n\n<p>Je me tiens \u00e0 votre disposition pour tout renseignement compl\u00e9mentaire.<\/p>\n\n\n\n<p>Dans l\u2019attente, je vous prie de croire, Madame, Monsieur, en mes salutations respectueuses.<\/p>\n\n\n\n<p><\/p>\n\n\n\n<p>Signature<\/p>\n\n\n\n<\/div>\n\n\n\n    <div class=\"letter-button-container\">\n        <span class=\"btn btn-bg-primary rf-btn letter-model-button copy-button-widget\" data-target-class=\".letter-model\">Copier<\/span>\n    <\/div>\n\n\n<p>Bien s\u00fbr, charge \u00e0 vous d\u2019adapter ce mod\u00e8le de courrier, en fonction des circonstances \ud83d\ude09.<\/p>\n\n\n\n<p>Pour d\u00e9clarer vos sinistres en toute simplicit\u00e9 et joindre vos documents, rendez-vous sur l\u2019app Leocare ! Vous pouvez aussi suivre l\u2019avanc\u00e9e de votre dossier, et m\u00eame moduler vos garanties, si besoin. Pratique et en quelques clics !<\/p>\n","protected":false},"excerpt":{"rendered":"<p>\u00c0 la suite d\u2019un accident, sil arrive que le FGAO (Fonds de Garantie des Assurances Obligatoires de dommages) prenne le relai de votre assurance. Pourquoi&nbsp;? Dans quels cas&nbsp;? Et \u00e0 hauteur de quel montant&nbsp;? Toutes les r\u00e9ponses \u00e0 vos questions avec Leocare, la n\u00e9o-assurance care et claire&nbsp;! FGAO : d\u00e9finition Le FGAO, encore appel\u00e9 fonds [&hellip;]<\/p>\n","protected":false},"author":34,"featured_media":10013,"parent":10889,"menu_order":0,"comment_status":"closed","ping_status":"closed","template":"template_seo.php","meta":{"_acf_changed":false,"footnotes":""},"class_list":["post-10968","page","type-page","status-publish","has-post-thumbnail","hentry"],"acf":[],"yoast_head":"<!-- This site is optimized with the Yoast SEO plugin v27.3 - https:\/\/yoast.com\/product\/yoast-seo-wordpress\/ -->\n<title>Accident de la route : quelle indemnisation par le FGAO ?<\/title>\n<meta name=\"description\" content=\"D\u00e9couvrez comment \u00eatre indemnis\u00e9 rapidement par le FGAO apr\u00e8s un accident de route. Agissez maintenant pour d\u00e9fendre vos droits!\" \/>\n<meta name=\"robots\" content=\"index, follow, max-snippet:-1, max-image-preview:large, max-video-preview:-1\" \/>\n<link rel=\"canonical\" href=\"https:\/\/leocare.eu\/fr\/assurance-auto-en-ligne\/sinistre\/types\/accident\/indemnisation\/fgao\/\" \/>\n<meta property=\"og:locale\" content=\"fr_FR\" \/>\n<meta property=\"og:type\" content=\"article\" \/>\n<meta property=\"og:title\" content=\"Accident de la route : quelle indemnisation par le FGAO ?\" \/>\n<meta property=\"og:description\" content=\"D\u00e9couvrez comment \u00eatre indemnis\u00e9 rapidement par le FGAO apr\u00e8s un accident de route. Agissez maintenant pour d\u00e9fendre vos droits!\" \/>\n<meta property=\"og:url\" content=\"https:\/\/leocare.eu\/fr\/assurance-auto-en-ligne\/sinistre\/types\/accident\/indemnisation\/fgao\/\" \/>\n<meta property=\"og:site_name\" content=\"Leocare, assurance en ligne automobile et habitation\" \/>\n<meta property=\"article:modified_time\" content=\"2026-04-07T14:34:04+00:00\" \/>\n<meta property=\"og:image\" content=\"https:\/\/leocare.eu\/fr\/wp-content\/uploads\/2022\/12\/FGAO.jpg\" \/>\n\t<meta property=\"og:image:width\" content=\"1800\" \/>\n\t<meta property=\"og:image:height\" content=\"1200\" \/>\n\t<meta property=\"og:image:type\" content=\"image\/jpeg\" \/>\n<meta name=\"twitter:card\" content=\"summary_large_image\" \/>\n<meta name=\"twitter:label1\" content=\"Est. reading time\" \/>\n\t<meta name=\"twitter:data1\" content=\"6 minutes\" \/>\n<!-- \/ Yoast SEO plugin. -->","yoast_head_json":{"title":"Accident de la route : quelle indemnisation par le FGAO ?","description":"D\u00e9couvrez comment \u00eatre indemnis\u00e9 rapidement par le FGAO apr\u00e8s un accident de route. Agissez maintenant pour d\u00e9fendre vos droits!","robots":{"index":"index","follow":"follow","max-snippet":"max-snippet:-1","max-image-preview":"max-image-preview:large","max-video-preview":"max-video-preview:-1"},"canonical":"https:\/\/leocare.eu\/fr\/assurance-auto-en-ligne\/sinistre\/types\/accident\/indemnisation\/fgao\/","og_locale":"fr_FR","og_type":"article","og_title":"Accident de la route : quelle indemnisation par le FGAO ?","og_description":"D\u00e9couvrez comment \u00eatre indemnis\u00e9 rapidement par le FGAO apr\u00e8s un accident de route. Agissez maintenant pour d\u00e9fendre vos droits!","og_url":"https:\/\/leocare.eu\/fr\/assurance-auto-en-ligne\/sinistre\/types\/accident\/indemnisation\/fgao\/","og_site_name":"Leocare, assurance en ligne automobile et habitation","article_modified_time":"2026-04-07T14:34:04+00:00","og_image":[{"width":1800,"height":1200,"url":"https:\/\/leocare.eu\/fr\/wp-content\/uploads\/2022\/12\/FGAO.jpg","type":"image\/jpeg"}],"twitter_card":"summary_large_image","twitter_misc":{"Est. reading time":"6 minutes"},"schema":{"@context":"https:\/\/schema.org","@graph":[{"@type":"WebPage","@id":"https:\/\/leocare.eu\/fr\/assurance-auto-en-ligne\/sinistre\/types\/accident\/indemnisation\/fgao\/","url":"https:\/\/leocare.eu\/fr\/assurance-auto-en-ligne\/sinistre\/types\/accident\/indemnisation\/fgao\/","name":"Accident de la route : quelle indemnisation par le FGAO ?","isPartOf":{"@id":"https:\/\/leocare.eu\/fr\/#website"},"primaryImageOfPage":{"@id":"https:\/\/leocare.eu\/fr\/assurance-auto-en-ligne\/sinistre\/types\/accident\/indemnisation\/fgao\/#primaryimage"},"image":{"@id":"https:\/\/leocare.eu\/fr\/assurance-auto-en-ligne\/sinistre\/types\/accident\/indemnisation\/fgao\/#primaryimage"},"thumbnailUrl":"https:\/\/leocare.eu\/fr\/wp-content\/uploads\/2022\/12\/FGAO.jpg","datePublished":"2022-12-30T13:25:56+00:00","dateModified":"2026-04-07T14:34:04+00:00","description":"D\u00e9couvrez comment \u00eatre indemnis\u00e9 rapidement par le FGAO apr\u00e8s un accident de route. Agissez maintenant pour d\u00e9fendre vos droits!","breadcrumb":{"@id":"https:\/\/leocare.eu\/fr\/assurance-auto-en-ligne\/sinistre\/types\/accident\/indemnisation\/fgao\/#breadcrumb"},"inLanguage":"fr-FR","potentialAction":[{"@type":"ReadAction","target":["https:\/\/leocare.eu\/fr\/assurance-auto-en-ligne\/sinistre\/types\/accident\/indemnisation\/fgao\/"]}]},{"@type":"ImageObject","inLanguage":"fr-FR","@id":"https:\/\/leocare.eu\/fr\/assurance-auto-en-ligne\/sinistre\/types\/accident\/indemnisation\/fgao\/#primaryimage","url":"https:\/\/leocare.eu\/fr\/wp-content\/uploads\/2022\/12\/FGAO.jpg","contentUrl":"https:\/\/leocare.eu\/fr\/wp-content\/uploads\/2022\/12\/FGAO.jpg","width":1800,"height":1200,"caption":"FGAO Assurance"},{"@type":"WebSite","@id":"https:\/\/leocare.eu\/fr\/#website","url":"https:\/\/leocare.eu\/fr\/","name":"Leocare, assurance en ligne automobile et habitation","description":"enfin (r)assur\u00e9.e","publisher":{"@id":"https:\/\/leocare.eu\/fr\/#organization"},"potentialAction":[{"@type":"SearchAction","target":{"@type":"EntryPoint","urlTemplate":"https:\/\/leocare.eu\/fr\/?s={search_term_string}"},"query-input":{"@type":"PropertyValueSpecification","valueRequired":true,"valueName":"search_term_string"}}],"inLanguage":"fr-FR"},{"@type":"Organization","@id":"https:\/\/leocare.eu\/fr\/#organization","name":"Leocare, assurance en ligne automobile et habitation","url":"https:\/\/leocare.eu\/fr\/","logo":{"@type":"ImageObject","inLanguage":"fr-FR","@id":"https:\/\/leocare.eu\/fr\/#\/schema\/logo\/image\/","url":"https:\/\/leocare.eu\/fr\/wp-content\/uploads\/2020\/03\/logo-leocare.svg","contentUrl":"https:\/\/leocare.eu\/fr\/wp-content\/uploads\/2020\/03\/logo-leocare.svg","caption":"Leocare, assurance en ligne automobile et habitation"},"image":{"@id":"https:\/\/leocare.eu\/fr\/#\/schema\/logo\/image\/"}}]}},"_links":{"self":[{"href":"https:\/\/leocare.eu\/fr\/wp-json\/wp\/v2\/pages\/10968","targetHints":{"allow":["GET"]}}],"collection":[{"href":"https:\/\/leocare.eu\/fr\/wp-json\/wp\/v2\/pages"}],"about":[{"href":"https:\/\/leocare.eu\/fr\/wp-json\/wp\/v2\/types\/page"}],"author":[{"embeddable":true,"href":"https:\/\/leocare.eu\/fr\/wp-json\/wp\/v2\/users\/34"}],"replies":[{"embeddable":true,"href":"https:\/\/leocare.eu\/fr\/wp-json\/wp\/v2\/comments?post=10968"}],"version-history":[{"count":28,"href":"https:\/\/leocare.eu\/fr\/wp-json\/wp\/v2\/pages\/10968\/revisions"}],"predecessor-version":[{"id":37286,"href":"https:\/\/leocare.eu\/fr\/wp-json\/wp\/v2\/pages\/10968\/revisions\/37286"}],"up":[{"embeddable":true,"href":"https:\/\/leocare.eu\/fr\/wp-json\/wp\/v2\/pages\/10889"}],"wp:featuredmedia":[{"embeddable":true,"href":"https:\/\/leocare.eu\/fr\/wp-json\/wp\/v2\/media\/10013"}],"wp:attachment":[{"href":"https:\/\/leocare.eu\/fr\/wp-json\/wp\/v2\/media?parent=10968"}],"curies":[{"name":"wp","href":"https:\/\/api.w.org\/{rel}","templated":true}]}}