{"id":10938,"date":"2022-12-30T14:04:06","date_gmt":"2022-12-30T13:04:06","guid":{"rendered":"https:\/\/leocare.eu\/fr\/?page_id=10938"},"modified":"2026-04-02T12:29:41","modified_gmt":"2026-04-02T10:29:41","slug":"cas-fortuit","status":"publish","type":"page","link":"https:\/\/leocare.eu\/fr\/assurance-auto-en-ligne\/sinistre\/types\/accident\/indemnisation\/cas-fortuit\/","title":{"rendered":"Assurance auto : qu\u2019est-ce que le cas fortuit\u00a0?"},"content":{"rendered":"\n<p><b>En cas d\u2019accident, le cas fortuit constitue un \u00e9l\u00e9ment important. En effet, il permet \u00e0 l\u2019assurance auto de d\u00e9terminer les responsabilit\u00e9s des parties prenantes, et donc, la mani\u00e8re dont les dommages sont pris en charge. Leocare, la n\u00e9o-assurance novatrice et claire, vous explique tout.<\/b><\/p>\n\n\n\n<h2 class=\"wp-block-heading\" id=\"section-1-dfinitions-du-cas-fortuit-et-du-cas-de-force-majeure\"><strong>D\u00e9finitions du cas fortuit et du cas de force majeure<\/strong><\/h2>\n\n\n\n<p>Bien qu\u2019elles soient tr\u00e8s proches, ces deux notions sont \u00e0 distinguer.<\/p>\n\n\n\n<h3 class=\"wp-block-heading\"><strong>Conditions du cas fortuit<\/strong><\/h3>\n\n\n\n<p>Pour relever du cas fortuit, un incident automobile doit \u00eatre \u00e0 la fois :<\/p>\n\n\n\n<ul class=\"wp-block-list\">\n<li><strong>Ext\u00e9rieur<\/strong>\u00a0: la cause est \u00e9trang\u00e8re et ind\u00e9pendante du conducteur, ainsi que du v\u00e9hicule dont il a la responsabilit\u00e9.<\/li>\n\n\n\n<li><strong>Impr\u00e9visible<\/strong>\u00a0: il est impossible d\u2019anticiper l\u2019\u00e9v\u00e8nement \u00e0 l\u2019origine du sinistre.<\/li>\n\n\n\n<li><strong>Irr\u00e9sistible<\/strong>\u00a0: il est impossible d\u2019\u00e9viter la survenance de l\u2019incident.<\/li>\n<\/ul>\n\n\n\n<p>Et, cela va sans dire, l\u2019\u00e9v\u00e8nement, qui remplit ces 3 conditions, doit \u00eatre la seule et unique cause de&nbsp;<strong><a href=\"https:\/\/leocare.eu\/fr\/assurance-auto-en-ligne\/sinistre\/types\/accident\/\">l\u2019accident de voiture<\/a><\/strong>.&nbsp;S\u2019il est caract\u00e9ris\u00e9, le cas fortuit va avoir des&nbsp;cons\u00e9quences&nbsp;sur&nbsp;l\u2019indemnisation&nbsp;des&nbsp;conducteurs&nbsp;et des tiers ayant subi des&nbsp;dommages&nbsp;lors de&nbsp;l\u2019accident.<\/p>\n\n\n\n<h3 class=\"wp-block-heading\"><strong>Diff\u00e9rences entre cas fortuit et cas de force majeure \ud83e\uddd0<\/strong><\/h3>\n\n\n\n<p>Les conditions du cas de force majeure sont strictement les m\u00eames. Mais alors, qu\u2019est-ce qui diff\u00e9rencie cette notion du cas fortuit ?<\/p>\n\n\n\n<p>En fait, le&nbsp;<strong>cas fortuit<\/strong>&nbsp;se distingue plut\u00f4t par son<strong>&nbsp;caract\u00e8re impr\u00e9visible<\/strong>. L\u2019\u00e9v\u00e8nement est d\u00fb au hasard et est, en principe, le fait d\u2019autres personnes impossibles \u00e0 identifier. Le cas de force majeure, lui, se distingue par son caract\u00e8re in\u00e9luctable. C\u2019est-\u00e0-dire qu\u2019il n\u2019est pas possible de lutter contre l\u2019\u00e9v\u00e8nement en cause.<\/p>\n\n\n\n<h3 class=\"wp-block-heading\"><strong>Comment fonctionne la responsabilit\u00e9 en cas d\u2019accident fortuit ?<\/strong><\/h3>\n\n\n\n<p>Deux exemples pour mieux comprendre :<\/p>\n\n\n\n<ul class=\"wp-block-list\">\n<li>Une\u00a0<strong>catastrophe naturelle a lieu<\/strong>\u00a0ou les conditions m\u00e9t\u00e9o sont particuli\u00e8rement dangereuses (brouillard, verglas) \u2601 : ces \u00e9v\u00e8nements sont tous les deux des cas de force majeure \u27a1 vous ne pouvez pas lutter contre.<\/li>\n\n\n\n<li>Vous glissez sur une flaque d\u2019huile ou la signalisation sur la route est erron\u00e9e : ici, le cas fortuit est retenu par l\u2019assurance auto \u27a1 vous ne pouvez pas le pr\u00e9voir.<\/li>\n<\/ul>\n\n\n\n<p>Mais finalement, qu\u2019il s\u2019agisse de cas fortuit ou de cas de force majeure, les r\u00e9percussions sont les m\u00eames. C\u2019est pourquoi les textes de loi et la jurisprudence de la Cour de cassation n\u2019ont encore jamais tenu compte de ces subtilit\u00e9s.<\/p>\n\n\n\n<p>Tout comme un sinistre classique, les&nbsp;conducteurs&nbsp;doivent d\u00e9clarer un&nbsp;accident&nbsp;fortuit \u00e0 l\u2019assurance. N\u2019omettez aucun d\u00e9tail, car une&nbsp;<strong><a href=\"https:\/\/leocare.eu\/fr\/assurance-auto-en-ligne\/sinistre\/declaration\/risques-fraude\/\">fausse d\u00e9claration<\/a><\/strong>&nbsp;peut avoir des&nbsp;cons\u00e9quences&nbsp;sur l\u2019indemnisation&nbsp;de vos&nbsp;dommages.<\/p>\n\n\n\n<p>L\u2019absence&nbsp;de d\u00e9claration d\u2019accident&nbsp;dans les d\u00e9lais pr\u00e9vus peut entra\u00eener une&nbsp;<strong><a href=\"https:\/\/leocare.eu\/fr\/assurance-auto-en-ligne\/sinistre\/indemnisation\/decheance-garantie\/\">d\u00e9ch\u00e9ance de garantie<\/a><\/strong>. Cette sanction peut avoir des&nbsp;cons\u00e9quences&nbsp;sur la&nbsp;prestation&nbsp;de l\u2019assureur en mati\u00e8re&nbsp;d\u2019indemnisation&nbsp;des&nbsp;dommages.<\/p>\n\n\n\n<h3 class=\"wp-block-heading\"><strong>Quelles cons\u00e9quences du cas fortuit sur l\u2019assurance auto ?<\/strong><\/h3>\n\n\n\n<p>Le cas fortuit en assurance auto change tout en mati\u00e8re d\u2019indemnisation. Dans ces&nbsp;circonstances, la responsabilit\u00e9 des&nbsp;conducteurs&nbsp;ne peut pas \u00eatre engag\u00e9e. Et ce, peu importe le type de&nbsp;dommages&nbsp;(mat\u00e9riels ou corporels) et le&nbsp;<strong><a href=\"https:\/\/leocare.eu\/fr\/assurance-auto-en-ligne\/sinistre\/types\/\">type de sinistres<\/a><\/strong>&nbsp;(accident, incendie, bris de glace, etc.).&nbsp;<\/p>\n\n\n\n<p>Sauf exclusion explicite, l\u2019assurance du responsable se charge d\u2019<strong><a href=\"https:\/\/leocare.eu\/fr\/assurance-auto-en-ligne\/sinistre\/declaration\/accident\/indemnisation\/\">indemniser les tiers<\/a><\/strong>. En toute logique, l\u2019assurance en cas de sinistre relevant du cas fortuit n\u2019intervient pas, puisqu\u2019il n\u2019y a pas de responsable d\u00e9sign\u00e9\u2026<\/p>\n\n\n\n<h2 class=\"wp-block-heading\" id=\"section-2-cas-fortuit-quelle-indemnisation-\"><strong>Cas fortuit : quelle indemnisation \ud83d\udcb8 ?<\/strong><\/h2>\n\n\n\n<p>Mais alors, comment les victimes sont-elles indemnis\u00e9es en cas d\u2019absence de responsabilit\u00e9 ? C\u2019est en fait le Fonds de Garantie des Assurances Obligatoires (FGAO) qui assure le versement de l\u2019indemnit\u00e9.<\/p>\n\n\n\n<div class=\"bon-a-savoir\">\n\n\n\n<p>Bon \u00e0 savoir : plafonds de garantie<\/p>\n\n\n\n<p><em>Pour les d\u00e9g\u00e2ts mat\u00e9riels, ce plafond est fix\u00e9 \u00e0 1 220 000 \u20ac par sinistre. Pour les&nbsp;<\/em><em>dommages<\/em><em>&nbsp;corporels, il n\u2019y a pas de limite d\u2019<\/em><em>indemnisation<\/em><em>. Le plafond de garantie se distingue de la&nbsp;<\/em><strong><a href=\"https:\/\/leocare.eu\/fr\/assurance-auto-en-ligne\/sinistre\/indemnisation\/franchise\/relative-absolue\/\">franchise relative ou absolue<\/a><\/strong><em>. Elle correspond \u00e0 la somme qui reste \u00e0 la charge des&nbsp;<\/em><em>conducteurs<\/em><em>&nbsp;\u00e0 la suite d\u2019un&nbsp;<\/em><em>accident<\/em><em>.<\/em><\/p>\n\n\n\n<\/div>\n\n\n\n<p>En principe, c\u2019est l\u2019assurance auto de la victime qui saisit le FGAO, apr\u00e8s avoir recueilli la d\u00e9claration de sinistre auto de l\u2019assur\u00e9. La victime d\u2019un accident elle-m\u00eame ou ses ayants droit peuvent aussi entreprendre cette d\u00e9marche. Vous pouvez, \u00e0 cet \u00e9gard, t\u00e9l\u00e9charger un formulaire d\u2019ouverture de dossier depuis le site web du FGAO.<\/p>\n\n\n\n<p>Attention, des d\u00e9lais sont \u00e0 respecter. Si les pr\u00e9judices sont \u00e0 la fois mat\u00e9riels et corporels, vous avez 3 ans pour solliciter l\u2019intervention du FGAO. Si les d\u00e9g\u00e2ts sont uniquement mat\u00e9riels, ce d\u00e9lai est r\u00e9duit \u00e0 1 an.<\/p>\n\n\n\n<p>Selon les&nbsp;circonstances, le FGAO peut aussi g\u00e9rer l\u2019indemnisation&nbsp;des&nbsp;dommages&nbsp;subis lors d\u2019un&nbsp;<strong><a href=\"https:\/\/leocare.eu\/fr\/assurance-auto-en-ligne\/sinistre\/declaration\/accident\/types\/tiers-non-identifie\/\">accident sans tiers identifi\u00e9<\/a><\/strong>. Cela vaut si vous \u00eates assur\u00e9 au tiers lors de l\u2019accident. L\u2019absence&nbsp;d\u2019un tiers peut r\u00e9sulter d\u2019un d\u00e9lit de fuite, qui est une infraction.<\/p>\n\n\n\n<p>Avec Leocare, les&nbsp;conducteurs&nbsp;peuvent&nbsp;<a href=\"https:\/\/leocare.eu\/fr\/assurance-auto-en-ligne\/sinistre\/declaration\/\">d\u00e9clarer un sinistre auto<\/a>&nbsp;et envoyer les justificatifs en un temps record, gr\u00e2ce \u00e0 notre app d\u00e9di\u00e9e \u00e0 ce service. De quoi gagner un temps pr\u00e9cieux et \u00eatre plus serein pour l\u2019indemnisation&nbsp;des&nbsp;dommages&nbsp;caus\u00e9s par un&nbsp;accident&nbsp;!&nbsp;Ce n\u2019est pas tout : vous pouvez aussi suivre l\u2019avanc\u00e9e de votre dossier en temps r\u00e9el. Et parce que vos besoins \u00e9voluent, vous pouvez m\u00eame adapter vos garanties en un clic. Malin !<\/p>\n","protected":false},"excerpt":{"rendered":"<p>En cas d\u2019accident, le cas fortuit constitue un \u00e9l\u00e9ment important. En effet, il permet \u00e0 l\u2019assurance auto de d\u00e9terminer les responsabilit\u00e9s des parties prenantes, et donc, la mani\u00e8re dont les dommages sont pris en charge. Leocare, la n\u00e9o-assurance novatrice et claire, vous explique tout. D\u00e9finitions du cas fortuit et du cas de force majeure Bien [&hellip;]<\/p>\n","protected":false},"author":34,"featured_media":9987,"parent":10889,"menu_order":0,"comment_status":"closed","ping_status":"closed","template":"template_seo.php","meta":{"_acf_changed":false,"footnotes":""},"class_list":["post-10938","page","type-page","status-publish","has-post-thumbnail","hentry"],"acf":[],"yoast_head":"<!-- This site is optimized with the Yoast SEO plugin v27.3 - https:\/\/yoast.com\/product\/yoast-seo-wordpress\/ -->\n<title>Cas fortuit en cas d\u2019accident de voiture : explication<\/title>\n<meta name=\"description\" content=\"D\u00e9couvrez ce que couvre votre assurance auto en cas fortuit et comment cela peut vous prot\u00e9ger. Informez-vous maintenant pour une tranquillit\u00e9 d&#039;esprit sur la route!\" \/>\n<meta name=\"robots\" content=\"index, follow, max-snippet:-1, max-image-preview:large, max-video-preview:-1\" \/>\n<link rel=\"canonical\" href=\"https:\/\/leocare.eu\/fr\/assurance-auto-en-ligne\/sinistre\/types\/accident\/indemnisation\/cas-fortuit\/\" \/>\n<meta property=\"og:locale\" content=\"fr_FR\" \/>\n<meta property=\"og:type\" content=\"article\" \/>\n<meta property=\"og:title\" content=\"Cas fortuit en cas d\u2019accident de voiture : explication\" \/>\n<meta property=\"og:description\" content=\"D\u00e9couvrez ce que couvre votre assurance auto en cas fortuit et comment cela peut vous prot\u00e9ger. Informez-vous maintenant pour une tranquillit\u00e9 d&#039;esprit sur la route!\" \/>\n<meta property=\"og:url\" content=\"https:\/\/leocare.eu\/fr\/assurance-auto-en-ligne\/sinistre\/types\/accident\/indemnisation\/cas-fortuit\/\" \/>\n<meta property=\"og:site_name\" content=\"Leocare, assurance en ligne automobile et habitation\" \/>\n<meta property=\"article:modified_time\" content=\"2026-04-02T10:29:41+00:00\" \/>\n<meta property=\"og:image\" content=\"https:\/\/leocare.eu\/fr\/wp-content\/uploads\/2022\/12\/Cas-fortuit.jpg\" \/>\n\t<meta property=\"og:image:width\" content=\"1800\" \/>\n\t<meta property=\"og:image:height\" content=\"1200\" \/>\n\t<meta property=\"og:image:type\" content=\"image\/jpeg\" \/>\n<meta name=\"twitter:card\" content=\"summary_large_image\" \/>\n<meta name=\"twitter:label1\" content=\"Dur\u00e9e de lecture estim\u00e9e\" \/>\n\t<meta name=\"twitter:data1\" content=\"5 minutes\" \/>\n<!-- \/ Yoast SEO plugin. -->","yoast_head_json":{"title":"Cas fortuit en cas d\u2019accident de voiture : explication","description":"D\u00e9couvrez ce que couvre votre assurance auto en cas fortuit et comment cela peut vous prot\u00e9ger. Informez-vous maintenant pour une tranquillit\u00e9 d'esprit sur la route!","robots":{"index":"index","follow":"follow","max-snippet":"max-snippet:-1","max-image-preview":"max-image-preview:large","max-video-preview":"max-video-preview:-1"},"canonical":"https:\/\/leocare.eu\/fr\/assurance-auto-en-ligne\/sinistre\/types\/accident\/indemnisation\/cas-fortuit\/","og_locale":"fr_FR","og_type":"article","og_title":"Cas fortuit en cas d\u2019accident de voiture : explication","og_description":"D\u00e9couvrez ce que couvre votre assurance auto en cas fortuit et comment cela peut vous prot\u00e9ger. Informez-vous maintenant pour une tranquillit\u00e9 d'esprit sur la route!","og_url":"https:\/\/leocare.eu\/fr\/assurance-auto-en-ligne\/sinistre\/types\/accident\/indemnisation\/cas-fortuit\/","og_site_name":"Leocare, assurance en ligne automobile et habitation","article_modified_time":"2026-04-02T10:29:41+00:00","og_image":[{"width":1800,"height":1200,"url":"https:\/\/leocare.eu\/fr\/wp-content\/uploads\/2022\/12\/Cas-fortuit.jpg","type":"image\/jpeg"}],"twitter_card":"summary_large_image","twitter_misc":{"Dur\u00e9e de lecture estim\u00e9e":"5 minutes"},"schema":{"@context":"https:\/\/schema.org","@graph":[{"@type":"WebPage","@id":"https:\/\/leocare.eu\/fr\/assurance-auto-en-ligne\/sinistre\/types\/accident\/indemnisation\/cas-fortuit\/","url":"https:\/\/leocare.eu\/fr\/assurance-auto-en-ligne\/sinistre\/types\/accident\/indemnisation\/cas-fortuit\/","name":"Cas fortuit en cas d\u2019accident de voiture : explication","isPartOf":{"@id":"https:\/\/leocare.eu\/fr\/#website"},"primaryImageOfPage":{"@id":"https:\/\/leocare.eu\/fr\/assurance-auto-en-ligne\/sinistre\/types\/accident\/indemnisation\/cas-fortuit\/#primaryimage"},"image":{"@id":"https:\/\/leocare.eu\/fr\/assurance-auto-en-ligne\/sinistre\/types\/accident\/indemnisation\/cas-fortuit\/#primaryimage"},"thumbnailUrl":"https:\/\/leocare.eu\/fr\/wp-content\/uploads\/2022\/12\/Cas-fortuit.jpg","datePublished":"2022-12-30T13:04:06+00:00","dateModified":"2026-04-02T10:29:41+00:00","description":"D\u00e9couvrez ce que couvre votre assurance auto en cas fortuit et comment cela peut vous prot\u00e9ger. Informez-vous maintenant pour une tranquillit\u00e9 d'esprit sur la route!","breadcrumb":{"@id":"https:\/\/leocare.eu\/fr\/assurance-auto-en-ligne\/sinistre\/types\/accident\/indemnisation\/cas-fortuit\/#breadcrumb"},"inLanguage":"fr-FR","potentialAction":[{"@type":"ReadAction","target":["https:\/\/leocare.eu\/fr\/assurance-auto-en-ligne\/sinistre\/types\/accident\/indemnisation\/cas-fortuit\/"]}]},{"@type":"ImageObject","inLanguage":"fr-FR","@id":"https:\/\/leocare.eu\/fr\/assurance-auto-en-ligne\/sinistre\/types\/accident\/indemnisation\/cas-fortuit\/#primaryimage","url":"https:\/\/leocare.eu\/fr\/wp-content\/uploads\/2022\/12\/Cas-fortuit.jpg","contentUrl":"https:\/\/leocare.eu\/fr\/wp-content\/uploads\/2022\/12\/Cas-fortuit.jpg","width":1800,"height":1200,"caption":"Cas Fortuit Assurance"},{"@type":"WebSite","@id":"https:\/\/leocare.eu\/fr\/#website","url":"https:\/\/leocare.eu\/fr\/","name":"Leocare, assurance en ligne automobile et habitation","description":"enfin (r)assur\u00e9.e","publisher":{"@id":"https:\/\/leocare.eu\/fr\/#organization"},"potentialAction":[{"@type":"SearchAction","target":{"@type":"EntryPoint","urlTemplate":"https:\/\/leocare.eu\/fr\/?s={search_term_string}"},"query-input":{"@type":"PropertyValueSpecification","valueRequired":true,"valueName":"search_term_string"}}],"inLanguage":"fr-FR"},{"@type":"Organization","@id":"https:\/\/leocare.eu\/fr\/#organization","name":"Leocare, assurance en ligne automobile et habitation","url":"https:\/\/leocare.eu\/fr\/","logo":{"@type":"ImageObject","inLanguage":"fr-FR","@id":"https:\/\/leocare.eu\/fr\/#\/schema\/logo\/image\/","url":"https:\/\/leocare.eu\/fr\/wp-content\/uploads\/2020\/03\/logo-leocare.svg","contentUrl":"https:\/\/leocare.eu\/fr\/wp-content\/uploads\/2020\/03\/logo-leocare.svg","caption":"Leocare, assurance en ligne automobile et habitation"},"image":{"@id":"https:\/\/leocare.eu\/fr\/#\/schema\/logo\/image\/"}}]}},"_links":{"self":[{"href":"https:\/\/leocare.eu\/fr\/wp-json\/wp\/v2\/pages\/10938","targetHints":{"allow":["GET"]}}],"collection":[{"href":"https:\/\/leocare.eu\/fr\/wp-json\/wp\/v2\/pages"}],"about":[{"href":"https:\/\/leocare.eu\/fr\/wp-json\/wp\/v2\/types\/page"}],"author":[{"embeddable":true,"href":"https:\/\/leocare.eu\/fr\/wp-json\/wp\/v2\/users\/34"}],"replies":[{"embeddable":true,"href":"https:\/\/leocare.eu\/fr\/wp-json\/wp\/v2\/comments?post=10938"}],"version-history":[{"count":18,"href":"https:\/\/leocare.eu\/fr\/wp-json\/wp\/v2\/pages\/10938\/revisions"}],"predecessor-version":[{"id":37285,"href":"https:\/\/leocare.eu\/fr\/wp-json\/wp\/v2\/pages\/10938\/revisions\/37285"}],"up":[{"embeddable":true,"href":"https:\/\/leocare.eu\/fr\/wp-json\/wp\/v2\/pages\/10889"}],"wp:featuredmedia":[{"embeddable":true,"href":"https:\/\/leocare.eu\/fr\/wp-json\/wp\/v2\/media\/9987"}],"wp:attachment":[{"href":"https:\/\/leocare.eu\/fr\/wp-json\/wp\/v2\/media?parent=10938"}],"curies":[{"name":"wp","href":"https:\/\/api.w.org\/{rel}","templated":true}]}}