{"id":10919,"date":"2022-12-30T13:22:44","date_gmt":"2022-12-30T12:22:44","guid":{"rendered":"https:\/\/leocare.eu\/fr\/?page_id=10919"},"modified":"2026-04-07T16:34:00","modified_gmt":"2026-04-07T14:34:00","slug":"simulation","status":"publish","type":"page","link":"https:\/\/leocare.eu\/fr\/assurance-auto-en-ligne\/devis\/tarifs\/simulation\/","title":{"rendered":"Tout savoir sur la simulation d\u2019assurance auto"},"content":{"rendered":"\n<p>L\u2019assurance auto est obligatoire si vous \u00eates propri\u00e9taire d\u2019un v\u00e9hicule. Mais quel est le mode de calcul de l\u2019assurance auto\u00a0? Voici quelques \u00e9claircissements pour mieux comprendre le tarif auto propos\u00e9 par les assureurs.\u00a0<a href=\"https:\/\/leocare.eu\/fr\/assurance-auto-en-ligne\/pas-cher\/\">D\u00e9couvrez notre offre d&rsquo;assurance voiture en ligne pas ch\u00e8re.<\/a><\/p>\n\n\n\n<h2 class=\"wp-block-heading\" id=\"section-1-quels-sont-les-critres-pour-calculer-le-prix-de-lassurance-a\"><strong>Quels sont les crit\u00e8res pour calculer le prix de l\u2019assurance auto ?<\/strong><\/h2>\n\n\n\n<p>Pour d\u00e9terminer le&nbsp;<strong><a href=\"https:\/\/leocare.eu\/fr\/assurance-auto-en-ligne\/devis\/tarifs\/\">prix d\u2019une assurance voiture<\/a><\/strong>, les assureurs s\u2019appuient principalement sur votre profil de conducteur, les caract\u00e9ristiques du v\u00e9hicule, l\u2019usage que vous en faites et o\u00f9 vous le stationnez. Vous le saurez !<\/p>\n\n\n\n<h3 class=\"wp-block-heading\"><strong>Votre profil de conducteur<\/strong><\/h3>\n\n\n\n<p>Pour calculer le tarif de votre assurance auto, l\u2019assureur prend en compte :<\/p>\n\n\n\n<ul class=\"wp-block-list\">\n<li>Votre exp\u00e9rience de conducteur.<\/li>\n\n\n\n<li>Votre historique de conduite au volant d\u2019un v\u00e9hicule.<\/li>\n<\/ul>\n\n\n\n<p>Concernant votre exp\u00e9rience, l\u2019assureur souhaite conna\u00eetre votre anciennet\u00e9 de conduite. <strong>En r\u00e9sum\u00e9, \u00eates-vous un jeune conducteur venant d\u2019obtenir son permis de conduire, il y a peu ? <\/strong>Ou un conducteur confirm\u00e9, disposant de plusieurs ann\u00e9es de conduite. Ainsi, pour d\u00e9terminer la prime d\u2019assurance auto \u00e0 payer, la date d\u2019obtention de votre permis de conduire vous est demand\u00e9e, lors de l\u2019\u00e9laboration d\u2019un devis.&nbsp;De mani\u00e8re g\u00e9n\u00e9rale, le calcul de l\u2019assurance&nbsp;auto int\u00e8gre une&nbsp;<strong><a href=\"https:\/\/leocare.eu\/fr\/blog\/surprime-jeunes-conducteurs-assurance\/\">surprime au jeune conducteur<\/a><\/strong>. <\/p>\n\n\n\n<p><strong>Pour faire simple, la&nbsp;compagnie d\u2019assurance&nbsp;estime que le manque d\u2019exp\u00e9rience des&nbsp;jeunes conducteurs&nbsp;pr\u00e9sente davantage de risques de sinistres<\/strong> (accident&nbsp;et dommages divers) et demande une somme suppl\u00e9mentaire.&nbsp;\u00c0 l\u2019inverse, si votre bonus est de 0,50 (13 ann\u00e9es sans accident), une promo d\u2019assurance voiture peut vous \u00eatre propos\u00e9e. Commer\u00e7ant, non ?<\/p>\n\n\n\n<p>Votre exp\u00e9rience de conduite est \u00e9galement prise en compte&nbsp;pour d\u00e9finir le co\u00fbt de votre prime d\u2019assurance auto. Les assureurs v\u00e9rifient toujours le bonus-malus qui figure sur votre relev\u00e9 d\u2019information.&nbsp;<strong>Notez que dans le cas d\u2019un&nbsp;<a href=\"https:\/\/leocare.eu\/fr\/assurance-auto-en-ligne\/sinistre\/declaration\/accident\/indemnisation\/50-50\/#section-2\">accident avec torts partag\u00e9s,<\/a>&nbsp;le coefficient bonus-malus des deux&nbsp;conducteurs&nbsp;peut \u00eatre affect\u00e9 (majoration CRM).<\/strong> Dans les&nbsp;accidents&nbsp;\u00e0 50\/50, votre&nbsp;compagnie&nbsp;d\u2019assurance&nbsp;applique un&nbsp;malus&nbsp;diminu\u00e9 de moiti\u00e9 \u00e0 chaque&nbsp;automobiliste, entra\u00eenant une augmentation de la&nbsp;cotisation.<\/p>\n\n\n\n<section class=\"wp-block-leocare-bon-a-savoir leocare-bas\"><div class=\"leocare-bas__head\"><img decoding=\"async\" class=\"leocare-bas__icon\" src=\"https:\/\/leocare.eu\/fr\/wp-content\/themes\/leocare-new\/assets\/img\/icon-alert-purple.svg\" alt=\"icon alerte\"\/><h3 class=\"leocare-bas__title\">Bon \u00e0 savoir<\/h3><\/div><div class=\"leocare-bas__content\">\n<p><a href=\"https:\/\/leocare.eu\/fr\/assurance-auto-en-ligne\/couverture\/contrat\/releve-information\/malus\/bonus-maximum\/\">Le bonus maximum d&rsquo;assurance auto<\/a> en France est de 3,5.<\/p>\n<\/div><\/section>\n\n\n\n<p><strong>Le&nbsp;relev\u00e9 d\u2019information&nbsp;fait aussi \u00e9tat de vos \u00e9ventuels sinistres, au cours de ces cinq derni\u00e8res ann\u00e9es.<\/strong> Sachez toutefois que si votre relev\u00e9 d\u2019information r\u00e9v\u00e8le un&nbsp;malus&nbsp;en raison d\u2019un&nbsp;accident, votre&nbsp;compagnie d\u2019assurance&nbsp;pourrait ajuster votre&nbsp;cotisation&nbsp;d\u2019assurance en cons\u00e9quence. Pour une protection optimale,&nbsp;<strong><a href=\"https:\/\/leocare.eu\/fr\/assurance-auto-en-ligne\/sinistre\/\">l\u2019assurance pour les sinistres \u00e0 privil\u00e9gier<\/a><\/strong>&nbsp;pour les&nbsp;conducteurs&nbsp;est l\u2019assurance tous risques.<\/p>\n\n\n\n<p>Enfin, il prouve que vous avez \u00e9t\u00e9 assur\u00e9 sur les mois pr\u00e9c\u00e9dents et mentionne \u00e9ventuellement les r\u00e9siliations d\u2019assurance. <strong>Il est \u00e9vident que si le relev\u00e9 fait appara\u00eetre un malus important, votre prime d\u2019assurance est major\u00e9e en fonction.<\/strong> Il en est de m\u00eame si votre assurance auto a fait l\u2019objet, par le pass\u00e9, d\u2019une r\u00e9siliation de votre pr\u00e9c\u00e9dent assureur \u00e0 \u00e9ch\u00e9ance annuelle du contrat.<\/p>\n\n\n\n<div class=\"bon-a-savoir\">\n\n\n\n<p>Bon \u00e0 savoir :<\/p>\n\n\n\n<p><strong>Le relev\u00e9 d\u2019information vous est envoy\u00e9, sur simple demande, dans un d\u00e9lai de 15 jours maximum. <\/strong>Sa d\u00e9livrance est gratuite. Il est requis lors de la souscription d\u2019un nouveau contrat d\u2019assurance. Vous devez donc r\u00e9silier votre contrat actuel \u00e0 l\u2019\u00e9ch\u00e9ance annuelle.<\/p>\n\n\n\n<\/div>\n\n\n\n<h3 class=\"wp-block-heading\"><strong>Les \u00e9l\u00e9ments sur le v\u00e9hicule \u00e0 assurer<\/strong><\/h3>\n\n\n\n<p><strong>La prime d\u2019assurance voiture prend en compte le type de v\u00e9hicule, son utilisation et ses modalit\u00e9s de stationnement. <\/strong>Pour \u00e9tablir un devis d\u2019assurance auto, l\u2019une des premi\u00e8res informations demand\u00e9es est le descriptif de votre voiture, \u00e0 savoir :<\/p>\n\n\n\n<ul class=\"wp-block-list\">\n<li><strong>Sa marque et son mod\u00e8le exact<\/strong> : l&rsquo;<a href=\"https:\/\/leocare.eu\/fr\/assurance-auto-en-ligne\/opel\/corsa\/\">assurance d&rsquo;une Opel Corsa<\/a> sera moins ch\u00e8re qu&rsquo;un mod\u00e8le haut de gamme Mercedes par exemple.<\/li>\n\n\n\n<li><strong>La date de sa premi\u00e8re immatriculation<\/strong> pour conna\u00eetre son anciennet\u00e9 (<a href=\"https:\/\/leocare.eu\/fr\/assurance-auto-en-ligne\/types-vehicule\/neuf\/\">l&rsquo;assurance auto pour une voiture neuve<\/a> est forc\u00e9ment plus ch\u00e8re qu&rsquo;une occasion).<\/li>\n\n\n\n<li><strong>Les modalit\u00e9s d\u2019acquisition :<\/strong> achat, LOA (Location avec Option d\u2019Achat), LLD (Location Longue Dur\u00e9e).<\/li>\n<\/ul>\n\n\n\n<p>Sur la base de ces crit\u00e8res, l\u2019assureur peut \u00e9valuer le risque \u00e0 assurer, de mani\u00e8re pr\u00e9cise.<\/p>\n\n\n\n<div class=\"bon-a-savoir\">\n\n\n\n<p>Bon \u00e0 savoir :<\/p>\n\n\n\n<p><strong>L\u2019assureur peut consulter le classement&nbsp;<a href=\"https:\/\/leocare.eu\/fr\/assurance-auto-en-ligne\/devis\/tarifs\/simulation\/code-sra\/\">S\u00e9curit\u00e9 et R\u00e9paration Automobile dit SRA<\/a>. <\/strong>Cette association professionnelle \u00e9tablit un fichier f\u00e9d\u00e9rant les principales caract\u00e9ristiques d\u2019un v\u00e9hicule et les classe. Plus le v\u00e9hicule obtient un bon classement, plus il est fiable.<\/p>\n\n\n\n<\/div>\n\n\n\n<p><strong>L\u2019usage du v\u00e9hicule est \u00e9galement un param\u00e8tre important pour le calcul d\u2019une assurance voiture<\/strong>. Utilisez-vous votre voiture uniquement pour des d\u00e9placements priv\u00e9s ou effectuez-vous \u00e9galement des trajets pour vous rendre sur votre lieu de travail ? Votre v\u00e9hicule est-il r\u00e9serv\u00e9 \u00e0 un usage professionnel ? De la r\u00e9ponse \u00e0 ces questions d\u00e9pend le montant de la prime d\u2019assurance. <strong>\u00c0 titre d\u2019exemple, les primes d\u2019assurance voiture ont diminu\u00e9 pendant le confinement. <\/strong>En effet, l\u2019utilisation de nombreux v\u00e9hicules \u00e9tait, par principe, restreinte et l\u2019accidentalit\u00e9 plus faible.<\/p>\n\n\n\n<p>Enfin, les modalit\u00e9s de stationnement peuvent contribuer \u00e0 une augmentation de l\u2019assurance auto. C\u2019est le cas si votre v\u00e9hicule est stationn\u00e9 \u00e0 l\u2019ext\u00e9rieur, habituellement. <strong>\u00c0 l\u2019inverse, s\u2019il est abrit\u00e9 dans un garage au quotidien, vous profitez d\u2019une baisse de votre assurance auto.<\/strong><\/p>\n\n\n\n<h2 class=\"wp-block-heading\" id=\"section-2-pourquoi-effectuer-plusieurs-simulations-dassurance-auto-\"><strong>Pourquoi effectuer plusieurs simulations d\u2019assurance auto ?<\/strong><\/h2>\n\n\n\n<p>Les assureurs sont libres de fixer leurs tarifs.<strong> Les prix peuvent donc varier consid\u00e9rablement d\u2019une assurance \u00e0 l\u2019autre. <\/strong>Il est donc vivement conseill\u00e9 de comparer les offres disponibles sur le march\u00e9.<\/p>\n\n\n\n<p>Pour cela, vous devez choisir parmi plusieurs formules d\u2019assurance, de la moins \u00e0 la plus protectrice :<\/p>\n\n\n\n<ul class=\"wp-block-list\">\n<li><strong>La garantie obligatoire responsabilit\u00e9 civile, \u00e9galement appel\u00e9e assurance au tiers<\/strong><\/li>\n<\/ul>\n\n\n\n<p><strong>Tout propri\u00e9taire de v\u00e9hicule doit imp\u00e9rativement avoir souscrit ce type d\u2019assurance,<\/strong> a minima. Elle assure les dommages corporels et mat\u00e9riels caus\u00e9s par votre v\u00e9hicule au tiers.<\/p>\n\n\n\n<ul class=\"wp-block-list\">\n<li><strong>L\u2019assurance tous risques<\/strong><\/li>\n<\/ul>\n\n\n\n<p>Comme son nom l\u2019indique, <strong>vous \u00eates tr\u00e8s largement couvert si vous souscrivez ce type de contrat.<\/strong> En plus des garanties pr\u00e9vues dans l\u2019assurance au tiers, le v\u00e9hicule est prot\u00e9g\u00e9 ainsi que le conducteur et ses passagers.<\/p>\n\n\n\n<ul class=\"wp-block-list\">\n<li><strong>L\u2019assurance interm\u00e9diaire<\/strong><\/li>\n<\/ul>\n\n\n\n<p id=\"ancre2\">C\u2019est un mix entre assurance au tiers et formule tous risques. Vous \u00eates assur\u00e9 au tiers et&nbsp;choisissez des protections compl\u00e9mentaires pr\u00e9vues par votre&nbsp;compagnie&nbsp;comme,<strong> l\u2019<a href=\"https:\/\/leocare.eu\/fr\/assurance-auto-en-ligne\/couverture\/garanties\/complementaires\/dommages-materiels\/bris-de-glace\/\">assurance bris de glace<\/a>, l\u2019incendie ou encore le vol. <\/strong>En cas d\u2019accident&nbsp;de ce type, l\u2019indemnisation, la&nbsp;cotisation&nbsp;et le bonus-malus&nbsp;provoqu\u00e9, d\u00e9pendront des garanties suppl\u00e9mentaires souscrites.<\/p>\n\n\n\n<section class=\"wp-block-leocare-bon-a-savoir leocare-bas\"><div class=\"leocare-bas__head\"><img decoding=\"async\" class=\"leocare-bas__icon\" src=\"https:\/\/leocare.eu\/fr\/wp-content\/themes\/leocare-new\/assets\/img\/icon-alert-purple.svg\" alt=\"icon alerte\"\/><h3 class=\"leocare-bas__title\">Connaissez-vous l&rsquo;assurance petit rouleur ?<\/h3><\/div><div class=\"leocare-bas__content\">\n<p>Si vous roulez peu, l<a href=\"https:\/\/leocare.eu\/fr\/assurance-auto-en-ligne\/couverture\/formules\/specifiques\/au-km\/petit-rouleur\/\">&lsquo;assurance voiture pour petit rouleur<\/a> est une bonne alternative pour faire des \u00e9conomies.<\/p>\n<\/div><\/section>\n\n\n\n<h2 class=\"wp-block-heading\" id=\"section-3-comment-comparer-les-offres-dassurance-auto-aprs-une-simulat\"><strong>Comment comparer les offres d\u2019assurance auto apr\u00e8s une simulation ?<\/strong><\/h2>\n\n\n\n<p>\u00c7a y est, vous avez devant vous de nombreux devis et l\u2019heure du choix a sonn\u00e9 !<strong> Voici les \u00e9l\u00e9ments \u00e0 analyser avec attention pour faire le tri entre toutes les propositions :<\/strong><\/p>\n\n\n\n<ul class=\"wp-block-list\">\n<li><strong>Les garanties propos\u00e9es.<\/strong><\/li>\n\n\n\n<li><strong>Le montant des diff\u00e9rentes franchises.<\/strong><\/li>\n\n\n\n<li><strong>Les plafonds d\u2019indemnisation.<\/strong><\/li>\n\n\n\n<li><strong>Les d\u00e9lais de versement des indemnit\u00e9s en cas de sinistre.<\/strong><\/li>\n<\/ul>\n\n\n\n<p>Concernant ce dernier point, pensez \u00e0&nbsp;<strong><a href=\"https:\/\/leocare.eu\/fr\/assurance-auto-en-ligne\/sinistre\/declaration\/delais-indemnisation\/\">v\u00e9rifier les d\u00e9lais d\u2019indemnisation<\/a><\/strong>&nbsp;de votre&nbsp;compagnie d\u2019assurance.&nbsp;Ils peuvent varier s\u2019il s\u2019agit d\u2019accident&nbsp;corporel, de vandalisme ou encore de vol. <strong>Le coefficient bonus-malus&nbsp;(CRM) diff\u00e8re \u00e9galement selon le type de sinistre.<\/strong><\/p>\n\n\n\n<p>Le prix est, bien \u00e9videmment, un \u00e9l\u00e9ment important, mais il faut toujours comparer ce qui est comparable<\/p>\n\n\n\n<div class=\"bon-a-savoir\">\n\n\n\n<p>Bon \u00e0 savoir :<\/p>\n\n\n\n<p>Le montant des franchises a un impact significatif sur le tarif de votre assurance auto&nbsp;(mais \u00e9galement sur le bonus-malus). Par exemple, la&nbsp;<strong><a href=\"https:\/\/leocare.eu\/fr\/assurance-auto-en-ligne\/sinistre\/indemnisation\/franchise\/accident-responsable\/\">franchise en cas d\u2019accidents responsables<\/a><\/strong>&nbsp;d\u00e9pend de la&nbsp;compagnie d\u2019assurance&nbsp;et de la responsabilit\u00e9 des&nbsp;conducteurs. C\u2019est aussi le cas pour l\u2019indemnisation. <strong>Pour bien comparer les offres et le degr\u00e9 de&nbsp;cotisation,&nbsp;v\u00e9rifiez que les niveaux de franchise sont \u00e9quivalents.<\/strong> \u00c0 d\u00e9faut, demandez un nouveau devis en l\u2019adaptant.<\/p>\n\n\n\n<\/div>\n\n\n\n<h2 class=\"wp-block-heading\" id=\"section-4-simulez-les-diffrents-tarifs-dassurance-auto-avec-leocare\"><strong>Simulez les diff\u00e9rents tarifs d\u2019assurance auto avec Leocare<\/strong><\/h2>\n\n\n\n<p>Les avanc\u00e9es technologiques ont permis au secteur de l\u2019assurance d\u2019innover pour faciliter les vies des&nbsp;conducteurs&nbsp;en cas d\u2019accident&nbsp;et autres sinistres. Votre&nbsp;compagnie&nbsp;propose peut-\u00eatre l\u2019<strong><a href=\"https:\/\/leocare.eu\/fr\/assurance-auto-en-ligne\/couverture\/formules\/specifiques\/au-km\/auto-connectee\/\">assurance auto connect\u00e9e<\/a><\/strong>&nbsp;ou \u201c<em>Pay how you drive<\/em>\u201d (en fran\u00e7ais, \u201cPayez selon votre conduite\u201d).<strong> Cette nouvelle formule permet aux automobilistes prudents (jeunes conducteurs&nbsp;compris) de payer leur&nbsp;cotisation&nbsp;selon leur attitude au volant. <\/strong>En cas de bon comportement sur la route, le coefficient bonus-malus&nbsp;(CRM) est impact\u00e9 positivement et la prime d\u2019assurance diminue.<\/p>\n\n\n\n<p>Avec Leocare, votre nouvel assureur, vous obtenez gratuitement un tarif d\u2019assurance auto en quelques clics ! Vous recevez les tarifs relatifs \u00e0 nos trois formules d\u2019assurance :<\/p>\n\n\n\n<ul class=\"wp-block-list\">\n<li><strong><a href=\"https:\/\/leocare.eu\/fr\/assurance-auto-en-ligne\/tiers\/\">L&rsquo;assurance auto au tiers<\/a><\/strong><\/li>\n\n\n\n<li><strong><a href=\"https:\/\/leocare.eu\/fr\/assurance-auto-en-ligne\/tiers\/plus\/\">La formule au tiers plus<\/a><\/strong><\/li>\n\n\n\n<li><strong><a href=\"https:\/\/leocare.eu\/fr\/assurance-auto-en-ligne\/tous-risques\/\">La formule tous risques<\/a><\/strong><\/li>\n<\/ul>\n\n\n\n<p>Pour cela, il vous suffit de renseigner en ligne les informations suivantes sur notre formulaire d\u00e9di\u00e9 :<\/p>\n\n\n\n<ul class=\"wp-block-list\">\n<li>L\u2019immatriculation de votre v\u00e9hicule ou son mod\u00e8le.<\/li>\n\n\n\n<li>Le mode d\u2019achat de votre v\u00e9hicule.<\/li>\n\n\n\n<li>Le lieu de stationnement de votre v\u00e9hicule.<\/li>\n\n\n\n<li>Votre date de naissance.<\/li>\n\n\n\n<li>La date d\u2019obtention de votre permis de conduire.<\/li>\n\n\n\n<li>Votre coefficient bonus-malus (CMR).<\/li>\n\n\n\n<li>Votre historique de conduite.<\/li>\n<\/ul>\n\n\n\n<p>Vous devez \u00e9galement confirmer avoir \u00e9t\u00e9 assur\u00e9 pendant deux ans en continu, sur les trois derni\u00e8res ann\u00e9es.<\/p>\n\n\n\n<section class=\"wp-block-leocare-bon-a-savoir leocare-bas\"><div class=\"leocare-bas__head\"><img decoding=\"async\" class=\"leocare-bas__icon\" src=\"https:\/\/leocare.eu\/fr\/wp-content\/themes\/leocare-new\/assets\/img\/icon-alert-purple.svg\" alt=\"icon alerte\"\/><h3 class=\"leocare-bas__title\">Bon \u00e0 savoir<\/h3><\/div><div class=\"leocare-bas__content\">\n<p>Opter pour <strong><a href=\"https:\/\/leocare.eu\/fr\/assurance-auto-en-ligne\/devis\/sans-frais-de-dossier\/\">une assurance auto en ligne sans frais de dossier<\/a><\/strong> est une solution rapide et \u00e9conomique pour prot\u00e9ger votre v\u00e9hicule. En supprimant ces frais administratifs, <strong>vous r\u00e9duisez le co\u00fbt initial de votre souscription tout en b\u00e9n\u00e9ficiant d&rsquo;une gestion simplifi\u00e9e de votre contrat <\/strong>depuis votre application mobile ou votre ordinateur.<\/p>\n<\/div><\/section>\n","protected":false},"excerpt":{"rendered":"<p>L\u2019assurance auto est obligatoire si vous \u00eates propri\u00e9taire d\u2019un v\u00e9hicule. Mais quel est le mode de calcul de l\u2019assurance auto\u00a0? Voici quelques \u00e9claircissements pour mieux comprendre le tarif auto propos\u00e9 par les assureurs.\u00a0D\u00e9couvrez notre offre d&rsquo;assurance voiture en ligne pas ch\u00e8re. Quels sont les crit\u00e8res pour calculer le prix de l\u2019assurance auto ? Pour d\u00e9terminer [&hellip;]<\/p>\n","protected":false},"author":34,"featured_media":9984,"parent":9765,"menu_order":0,"comment_status":"closed","ping_status":"closed","template":"template_seo.php","meta":{"_acf_changed":false,"footnotes":""},"class_list":["post-10919","page","type-page","status-publish","has-post-thumbnail","hentry"],"acf":[],"yoast_head":"<!-- This site is optimized with the Yoast SEO plugin v27.3 - https:\/\/yoast.com\/product\/yoast-seo-wordpress\/ -->\n<title>Calcul assurance auto : comment \u00e7a fonctionne ? - Leocare<\/title>\n<meta name=\"description\" content=\"D\u00e9couvrez comment la simulation d&#039;assurance auto peut vous aider \u00e0 \u00e9conomiser. C&#039;est simple et rapide. Commencez votre simulation maintenant pour de grands b\u00e9n\u00e9fices!\" \/>\n<meta name=\"robots\" content=\"index, follow, max-snippet:-1, max-image-preview:large, max-video-preview:-1\" \/>\n<link rel=\"canonical\" href=\"https:\/\/leocare.eu\/fr\/assurance-auto-en-ligne\/devis\/tarifs\/simulation\/\" \/>\n<meta property=\"og:locale\" content=\"fr_FR\" \/>\n<meta property=\"og:type\" content=\"article\" \/>\n<meta property=\"og:title\" content=\"Calcul assurance auto : comment \u00e7a fonctionne ? - Leocare\" \/>\n<meta property=\"og:description\" content=\"D\u00e9couvrez comment la simulation d&#039;assurance auto peut vous aider \u00e0 \u00e9conomiser. C&#039;est simple et rapide. Commencez votre simulation maintenant pour de grands b\u00e9n\u00e9fices!\" \/>\n<meta property=\"og:url\" content=\"https:\/\/leocare.eu\/fr\/assurance-auto-en-ligne\/devis\/tarifs\/simulation\/\" \/>\n<meta property=\"og:site_name\" content=\"Leocare, assurance en ligne automobile et habitation\" \/>\n<meta property=\"article:modified_time\" content=\"2026-04-07T14:34:00+00:00\" \/>\n<meta property=\"og:image\" content=\"https:\/\/leocare.eu\/fr\/wp-content\/uploads\/2022\/12\/calcul-assurance-auto-1.jpg\" \/>\n\t<meta property=\"og:image:width\" content=\"1800\" \/>\n\t<meta property=\"og:image:height\" content=\"1200\" \/>\n\t<meta property=\"og:image:type\" content=\"image\/jpeg\" \/>\n<meta name=\"twitter:card\" content=\"summary_large_image\" \/>\n<meta name=\"twitter:label1\" content=\"Dur\u00e9e de lecture estim\u00e9e\" \/>\n\t<meta name=\"twitter:data1\" content=\"8 minutes\" \/>\n<!-- \/ Yoast SEO plugin. -->","yoast_head_json":{"title":"Calcul assurance auto : comment \u00e7a fonctionne ? - Leocare","description":"D\u00e9couvrez comment la simulation d'assurance auto peut vous aider \u00e0 \u00e9conomiser. C'est simple et rapide. Commencez votre simulation maintenant pour de grands b\u00e9n\u00e9fices!","robots":{"index":"index","follow":"follow","max-snippet":"max-snippet:-1","max-image-preview":"max-image-preview:large","max-video-preview":"max-video-preview:-1"},"canonical":"https:\/\/leocare.eu\/fr\/assurance-auto-en-ligne\/devis\/tarifs\/simulation\/","og_locale":"fr_FR","og_type":"article","og_title":"Calcul assurance auto : comment \u00e7a fonctionne ? - Leocare","og_description":"D\u00e9couvrez comment la simulation d'assurance auto peut vous aider \u00e0 \u00e9conomiser. C'est simple et rapide. Commencez votre simulation maintenant pour de grands b\u00e9n\u00e9fices!","og_url":"https:\/\/leocare.eu\/fr\/assurance-auto-en-ligne\/devis\/tarifs\/simulation\/","og_site_name":"Leocare, assurance en ligne automobile et habitation","article_modified_time":"2026-04-07T14:34:00+00:00","og_image":[{"width":1800,"height":1200,"url":"https:\/\/leocare.eu\/fr\/wp-content\/uploads\/2022\/12\/calcul-assurance-auto-1.jpg","type":"image\/jpeg"}],"twitter_card":"summary_large_image","twitter_misc":{"Dur\u00e9e de lecture estim\u00e9e":"8 minutes"},"schema":{"@context":"https:\/\/schema.org","@graph":[{"@type":"WebPage","@id":"https:\/\/leocare.eu\/fr\/assurance-auto-en-ligne\/devis\/tarifs\/simulation\/","url":"https:\/\/leocare.eu\/fr\/assurance-auto-en-ligne\/devis\/tarifs\/simulation\/","name":"Calcul assurance auto : comment \u00e7a fonctionne ? - Leocare","isPartOf":{"@id":"https:\/\/leocare.eu\/fr\/#website"},"primaryImageOfPage":{"@id":"https:\/\/leocare.eu\/fr\/assurance-auto-en-ligne\/devis\/tarifs\/simulation\/#primaryimage"},"image":{"@id":"https:\/\/leocare.eu\/fr\/assurance-auto-en-ligne\/devis\/tarifs\/simulation\/#primaryimage"},"thumbnailUrl":"https:\/\/leocare.eu\/fr\/wp-content\/uploads\/2022\/12\/calcul-assurance-auto-1.jpg","datePublished":"2022-12-30T12:22:44+00:00","dateModified":"2026-04-07T14:34:00+00:00","description":"D\u00e9couvrez comment la simulation d'assurance auto peut vous aider \u00e0 \u00e9conomiser. C'est simple et rapide. Commencez votre simulation maintenant pour de grands b\u00e9n\u00e9fices!","breadcrumb":{"@id":"https:\/\/leocare.eu\/fr\/assurance-auto-en-ligne\/devis\/tarifs\/simulation\/#breadcrumb"},"inLanguage":"fr-FR","potentialAction":[{"@type":"ReadAction","target":["https:\/\/leocare.eu\/fr\/assurance-auto-en-ligne\/devis\/tarifs\/simulation\/"]}]},{"@type":"ImageObject","inLanguage":"fr-FR","@id":"https:\/\/leocare.eu\/fr\/assurance-auto-en-ligne\/devis\/tarifs\/simulation\/#primaryimage","url":"https:\/\/leocare.eu\/fr\/wp-content\/uploads\/2022\/12\/calcul-assurance-auto-1.jpg","contentUrl":"https:\/\/leocare.eu\/fr\/wp-content\/uploads\/2022\/12\/calcul-assurance-auto-1.jpg","width":1800,"height":1200,"caption":"Calcul Assurance Auto"},{"@type":"WebSite","@id":"https:\/\/leocare.eu\/fr\/#website","url":"https:\/\/leocare.eu\/fr\/","name":"Leocare, assurance en ligne automobile et habitation","description":"enfin (r)assur\u00e9.e","publisher":{"@id":"https:\/\/leocare.eu\/fr\/#organization"},"potentialAction":[{"@type":"SearchAction","target":{"@type":"EntryPoint","urlTemplate":"https:\/\/leocare.eu\/fr\/?s={search_term_string}"},"query-input":{"@type":"PropertyValueSpecification","valueRequired":true,"valueName":"search_term_string"}}],"inLanguage":"fr-FR"},{"@type":"Organization","@id":"https:\/\/leocare.eu\/fr\/#organization","name":"Leocare, assurance en ligne automobile et habitation","url":"https:\/\/leocare.eu\/fr\/","logo":{"@type":"ImageObject","inLanguage":"fr-FR","@id":"https:\/\/leocare.eu\/fr\/#\/schema\/logo\/image\/","url":"https:\/\/leocare.eu\/fr\/wp-content\/uploads\/2020\/03\/logo-leocare.svg","contentUrl":"https:\/\/leocare.eu\/fr\/wp-content\/uploads\/2020\/03\/logo-leocare.svg","caption":"Leocare, assurance en ligne automobile et habitation"},"image":{"@id":"https:\/\/leocare.eu\/fr\/#\/schema\/logo\/image\/"}}]}},"_links":{"self":[{"href":"https:\/\/leocare.eu\/fr\/wp-json\/wp\/v2\/pages\/10919","targetHints":{"allow":["GET"]}}],"collection":[{"href":"https:\/\/leocare.eu\/fr\/wp-json\/wp\/v2\/pages"}],"about":[{"href":"https:\/\/leocare.eu\/fr\/wp-json\/wp\/v2\/types\/page"}],"author":[{"embeddable":true,"href":"https:\/\/leocare.eu\/fr\/wp-json\/wp\/v2\/users\/34"}],"replies":[{"embeddable":true,"href":"https:\/\/leocare.eu\/fr\/wp-json\/wp\/v2\/comments?post=10919"}],"version-history":[{"count":38,"href":"https:\/\/leocare.eu\/fr\/wp-json\/wp\/v2\/pages\/10919\/revisions"}],"predecessor-version":[{"id":37179,"href":"https:\/\/leocare.eu\/fr\/wp-json\/wp\/v2\/pages\/10919\/revisions\/37179"}],"up":[{"embeddable":true,"href":"https:\/\/leocare.eu\/fr\/wp-json\/wp\/v2\/pages\/9765"}],"wp:featuredmedia":[{"embeddable":true,"href":"https:\/\/leocare.eu\/fr\/wp-json\/wp\/v2\/media\/9984"}],"wp:attachment":[{"href":"https:\/\/leocare.eu\/fr\/wp-json\/wp\/v2\/media?parent=10919"}],"curies":[{"name":"wp","href":"https:\/\/api.w.org\/{rel}","templated":true}]}}