{"id":10889,"date":"2022-12-30T11:50:07","date_gmt":"2022-12-30T10:50:07","guid":{"rendered":"https:\/\/leocare.eu\/fr\/?page_id=10889"},"modified":"2026-04-07T16:52:06","modified_gmt":"2026-04-07T14:52:06","slug":"indemnisation","status":"publish","type":"page","link":"https:\/\/leocare.eu\/fr\/assurance-auto-en-ligne\/sinistre\/types\/accident\/indemnisation\/","title":{"rendered":"Indemnisation d\u2019un accident de voiture : le guide pratique"},"content":{"rendered":"\n<p><em>Vous venez d\u2019avoir un accident de voiture ? Entre les d\u00e9marches \u00e0 suivre, l\u2019assurance \u00e0 contacter et les indemnit\u00e9s esp\u00e9r\u00e9es, tout peut vite para\u00eetre flou. Ce guide vous aide \u00e0 comprendre chaque \u00e9tape de l\u2019indemnisation, depuis la d\u00e9claration de l\u2019accident jusqu\u2019\u00e0 la contestation d\u2019une offre d\u2019indemnisation. Si vous cherchez des informations pratiques sur les formules d\u2019assurance, les cotisations ou les \u00e9conomies possibles selon les conducteurs, consultez notre page d\u00e9di\u00e9e \u00e0 l\u2019<\/em><a href=\"https:\/\/leocare.eu\/fr\/assurance-auto-en-ligne\/\"><em>assurance auto<\/em><\/a><em>.<\/em><\/p>\n\n\n\n<h2 class=\"wp-block-heading\">Pourquoi et quand d\u00e9clarer son accident ?<\/h2>\n\n\n\n<p><strong>La d\u00e9claration est le point de d\u00e9part de toute proc\u00e9dure d\u2019indemnisation.<\/strong> Elle permet \u00e0 votre assureur de lancer l\u2019analyse de votre dossier. Sans cette \u00e9tape, aucun remboursement, aucune expertise, aucun contact avec une compagnie d\u2019assurance ne pourra intervenir.<\/p>\n\n\n\n<h3 class=\"wp-block-heading\">D\u00e9lais selon le type de sinistre<\/h3>\n\n\n\n<p>Les d\u00e9lais sont stricts. Vous avez cinq jours ouvr\u00e9s pour signaler l\u2019accident \u00e0 votre assurance auto. En cas de<a href=\"https:\/\/leocare.eu\/fr\/assurance-auto-en-ligne\/couverture\/garanties\/complementaires\/dommages-materiels\/vol\/\"> vol<\/a>, pr\u00e9venez votre assureur dans un d\u00e9lai de deux jours. <strong>Cette d\u00e9marche conditionne votre indemnisation, tout comme en cas de <\/strong><a href=\"https:\/\/leocare.eu\/fr\/assurance-auto-en-ligne\/couverture\/garanties\/complementaires\/dommages-corporels\/\"><strong>dommages corporels<\/strong><\/a><strong>, o\u00f9 il est essentiel de d\u00e9clarer vite<\/strong> pour enclencher les examens m\u00e9dicaux et expertises n\u00e9cessaires. Si vous \u00eates victime d\u2019une <a href=\"https:\/\/leocare.eu\/fr\/assurance-habitation-en-ligne\/garanties\/sinistre\/catastrophe-naturelle\/\">catastrophe naturelle<\/a>, comme une inondation ou un glissement de terrain, le d\u00e9lai de d\u00e9claration est de 10 jours apr\u00e8s la publication de l\u2019arr\u00eat\u00e9.<\/p>\n\n\n\n<h3 class=\"wp-block-heading\">Moyens de d\u00e9claration<\/h3>\n\n\n\n<p>Vous pouvez d\u00e9clarer un accident par t\u00e9l\u00e9phone, en ligne via l\u2019espace client ou par courrier. <strong>Le plus simple reste le <\/strong><a href=\"https:\/\/leocare.eu\/fr\/assurance-auto-en-ligne\/sinistre\/declaration\/accident\/constat-amiable\/\"><strong>constat amiable<\/strong><\/a><strong> rempli et sign\u00e9 sur place<\/strong>, surtout si les conducteurs s\u2019accordent sur les faits. Ce document est utile pour l\u2019assureur, notamment en cas de litige sur les circonstances ou l\u2019\u00e9tat de la voirie. S\u2019il y a des bless\u00e9s, les forces de l\u2019ordre dressent un proc\u00e8s-verbal. N\u2019attendez pas de r\u00e9cup\u00e9rer tous les documents pour faire la d\u00e9claration. <strong>Transmettez d\u00e8s que possible les \u00e9l\u00e9ments cl\u00e9s \u00e0 votre assureur.<\/strong><\/p>\n\n\n\n<h2 class=\"wp-block-heading\">Les garanties et crit\u00e8res influen\u00e7ant votre indemnisation<\/h2>\n\n\n\n<p>Chaque contrat d\u2019assurance auto inclut ou non certaines garanties. <strong>Celles-ci peuvent tout changer en cas d\u2019accident.<\/strong> C\u2019est ce qu\u2019on d\u00e9couvre souvent trop tard.<\/p>\n\n\n\n<h3 class=\"wp-block-heading\">Responsabilit\u00e9 et partage des torts<\/h3>\n\n\n\n<p>Si vous \u00eates victime d\u2019un accident caus\u00e9 par un autre conducteur, <strong>c\u2019est l\u2019assureur de ce dernier qui devra indemniser les pr\u00e9judices.<\/strong> La loi Badinter facilite cette prise en charge pour les victimes, surtout les pi\u00e9tons et passagers. Si vous \u00eates conducteur, tout d\u00e9pendra de votre part de responsabilit\u00e9. <strong>En cas de partage des torts, l\u2019indemnisation sera partielle.<\/strong> Et si vous \u00eates consid\u00e9r\u00e9 comme responsable, seule une garantie conducteur permettra une prise en charge. Pour mieux comprendre les <a href=\"https:\/\/leocare.eu\/fr\/assurance-auto-en-ligne\/sinistre\/declaration\/accident\/types\/\">types d\u2019accident<\/a> et leurs cons\u00e9quences sur les dommages, il est utile de consulter les exemples concrets propos\u00e9s par les assureurs.<\/p>\n\n\n\n<h3 class=\"wp-block-heading\">Expertise et \u00e9valuation des dommages<\/h3>\n\n\n\n<p>Le type de contrat joue un r\u00f4le cl\u00e9. Une<a href=\"https:\/\/leocare.eu\/fr\/assurance-auto-en-ligne\/tiers\/\"> assurance au tiers<\/a> couvre uniquement le minimum l\u00e9gal. Elle permet de faire des \u00e9conomies, mais n\u2019intervient pas sur votre v\u00e9hicule. \u00c0 l\u2019inverse, une<a href=\"https:\/\/leocare.eu\/fr\/assurance-auto-en-ligne\/tous-risques\/\"> assurance tous risques<\/a> assure une meilleure protection, y compris en cas de sinistre non responsable ou de catastrophes naturelles. <strong>L\u2019assureur mandate un expert pour \u00e9valuer les dommages au v\u00e9hicule et les pr\u00e9judices corporels.<\/strong> Vous pouvez vous faire accompagner d\u2019un m\u00e9decin ou d\u2019un avocat si la blessure est importante. <strong>Une contre-expertise peut \u00eatre utile si vous ressentez un d\u00e9calage entre ce que vous vivez et ce que l\u2019expert retient.<\/strong><\/p>\n\n\n\n<h2 class=\"wp-block-heading\">Comment est calcul\u00e9e l\u2019indemnisation ?<\/h2>\n\n\n\n<p>L\u2019indemnisation accident de voiture d\u00e9pend \u00e0 la fois des garanties souscrites, de la responsabilit\u00e9 retenue et de la gravit\u00e9 des dommages. <strong>Deux types de pr\u00e9judices sont indemnis\u00e9s : corporels et mat\u00e9riels.<\/strong><\/p>\n\n\n\n<h3 class=\"wp-block-heading\">Bar\u00e8me des dommages corporels<\/h3>\n\n\n\n<p>La nomenclature Dintilhac sert de r\u00e9f\u00e9rence. Elle liste tous les postes indemnisables : souffrances endur\u00e9es, pr\u00e9judice esth\u00e9tique, perte de revenus, aide d\u2019une tierce personne, pr\u00e9judice sexuel ou d\u2019agr\u00e9ment. <strong>L\u2019\u00e9valuation est faite \u00e0 partir de votre dossier m\u00e9dical, des certificats et de l\u2019expertise.<\/strong> Si votre \u00e9tat empire apr\u00e8s la consolidation, une r\u00e9ouverture du dossier est possible.<\/p>\n\n\n\n<h3 class=\"wp-block-heading\">Indemnisation des dommages mat\u00e9riels<\/h3>\n\n\n\n<p>Votre v\u00e9hicule a-t-il \u00e9t\u00e9 r\u00e9parable ? En cas de destruction, l\u2019assurance propose une valeur de remplacement. <strong>C\u2019est ce qu\u2019on appelle la <\/strong><a href=\"https:\/\/leocare.eu\/fr\/assurance-auto-en-ligne\/sinistre\/expert\/vrade\/\"><strong>VRADE<\/strong><\/a><strong>, pour Valeur de Remplacement \u00c0 Dire d\u2019Expert.<\/strong> Cette somme peut \u00eatre discutable. Vous pouvez pr\u00e9senter des justificatifs (factures d\u2019entretien, kilom\u00e9trage faible, accessoires) pour faire r\u00e9\u00e9valuer l\u2019offre. <strong>Les objets endommag\u00e9s \u00e0 bord peuvent aussi \u00eatre pris en compte, \u00e0 condition d\u2019\u00eatre mentionn\u00e9s d\u00e8s le d\u00e9part.<\/strong><\/p>\n\n\n\n<h2 class=\"wp-block-heading\">Que faire si l\u2019offre est insuffisante ?<\/h2>\n\n\n\n<p>Il arrive qu\u2019une offre d\u2019indemnisation paraisse trop basse. Cela arrive m\u00eame tr\u00e8s souvent. <strong>Heureusement, plusieurs recours existent pour contester.<\/strong><\/p>\n\n\n\n<h3 class=\"wp-block-heading\">Contester par contre-expertise<\/h3>\n\n\n\n<p>Vous avez le droit de refuser l\u2019offre et de demander une contre-expertise. <strong>Faites appel \u00e0 un expert ind\u00e9pendant ou un avocat.<\/strong> Certains professionnels se r\u00e9mun\u00e8rent au pourcentage des sommes r\u00e9cup\u00e9r\u00e9es. Cela permet de ne pas avancer de frais importants. <strong>En cas de litige persistant, la justice peut trancher.<\/strong><\/p>\n\n\n\n<h3 class=\"wp-block-heading\">Saisir le m\u00e9diateur des assurances<\/h3>\n\n\n\n<p>Si vous pr\u00e9f\u00e9rez \u00e9viter une proc\u00e9dure judiciaire, vous pouvez contacter le<a href=\"https:\/\/leocare.eu\/fr\/assurance-auto-en-ligne\/sinistre\/indemnisation\/contester\/mediateur-assurance\/\"> m\u00e9diateur des assurances<\/a>. Ce recours est gratuit et permet parfois de faire bouger les lignes. <strong>Il intervient dans les cas de contestation sur une offre ou un remboursement.<\/strong> Joignez tous les documents utiles, une lettre explicative et un historique clair. Le m\u00e9diateur rendra un avis sous trois mois. L\u2019assureur peut le suivre ou non, mais ce recours est souvent pris au s\u00e9rieux.<\/p>\n\n\n\n<p><strong>En cas d\u2019accident de la route, l\u2019indemnisation n\u2019est jamais automatique.<\/strong> Elle r\u00e9sulte d\u2019un parcours sem\u00e9 d\u2019\u00e9tapes techniques et de d\u00e9cisions complexes. Avec les bons r\u00e9flexes, un peu de vigilance et parfois l\u2019aide d\u2019un avocat, vous pouvez transformer cette \u00e9preuve en solution juste. <strong>Et si vous avez besoin d\u2019un d\u00e9codeur juridique, n\u2019h\u00e9sitez pas : mieux vaut s\u2019entourer que subir.<\/strong><\/p>\n","protected":false},"excerpt":{"rendered":"<p>Vous venez d\u2019avoir un accident de voiture ? Entre les d\u00e9marches \u00e0 suivre, l\u2019assurance \u00e0 contacter et les indemnit\u00e9s esp\u00e9r\u00e9es, tout peut vite para\u00eetre flou. Ce guide vous aide \u00e0 comprendre chaque \u00e9tape de l\u2019indemnisation, depuis la d\u00e9claration de l\u2019accident jusqu\u2019\u00e0 la contestation d\u2019une offre d\u2019indemnisation. Si vous cherchez des informations pratiques sur les formules [&hellip;]<\/p>\n","protected":false},"author":34,"featured_media":9926,"parent":10425,"menu_order":0,"comment_status":"closed","ping_status":"closed","template":"template_seo.php","meta":{"_acf_changed":false,"footnotes":""},"class_list":["post-10889","page","type-page","status-publish","has-post-thumbnail","hentry"],"acf":[],"yoast_head":"<!-- This site is optimized with the Yoast SEO plugin v27.3 - https:\/\/yoast.com\/product\/yoast-seo-wordpress\/ -->\n<title>Indemnisation accident voiture : d\u00e9marches &amp; bar\u00e8mes<\/title>\n<meta name=\"description\" content=\"Suivez nos conseils pas \u00e0 pas pour d\u00e9clarer, chiffrer et n\u00e9gocier votre indemnisation auto. Assistance et mod\u00e8les de lettre inclus !\" \/>\n<meta name=\"robots\" content=\"index, follow, max-snippet:-1, max-image-preview:large, max-video-preview:-1\" \/>\n<link rel=\"canonical\" href=\"https:\/\/leocare.eu\/fr\/assurance-auto-en-ligne\/sinistre\/types\/accident\/indemnisation\/\" \/>\n<meta property=\"og:locale\" content=\"fr_FR\" \/>\n<meta property=\"og:type\" content=\"article\" \/>\n<meta property=\"og:title\" content=\"Indemnisation accident voiture : d\u00e9marches &amp; bar\u00e8mes\" \/>\n<meta property=\"og:description\" content=\"Suivez nos conseils pas \u00e0 pas pour d\u00e9clarer, chiffrer et n\u00e9gocier votre indemnisation auto. Assistance et mod\u00e8les de lettre inclus !\" \/>\n<meta property=\"og:url\" content=\"https:\/\/leocare.eu\/fr\/assurance-auto-en-ligne\/sinistre\/types\/accident\/indemnisation\/\" \/>\n<meta property=\"og:site_name\" content=\"Leocare, assurance en ligne automobile et habitation\" \/>\n<meta property=\"article:modified_time\" content=\"2026-04-07T14:52:06+00:00\" \/>\n<meta property=\"og:image\" content=\"https:\/\/leocare.eu\/fr\/wp-content\/uploads\/2022\/12\/assurance-accident-voiture.jpg\" \/>\n\t<meta property=\"og:image:width\" content=\"1800\" \/>\n\t<meta property=\"og:image:height\" content=\"1200\" \/>\n\t<meta property=\"og:image:type\" content=\"image\/jpeg\" \/>\n<meta name=\"twitter:card\" content=\"summary_large_image\" \/>\n<meta name=\"twitter:label1\" content=\"Dur\u00e9e de lecture estim\u00e9e\" \/>\n\t<meta name=\"twitter:data1\" content=\"5 minutes\" \/>\n<!-- \/ Yoast SEO plugin. -->","yoast_head_json":{"title":"Indemnisation accident voiture : d\u00e9marches & bar\u00e8mes","description":"Suivez nos conseils pas \u00e0 pas pour d\u00e9clarer, chiffrer et n\u00e9gocier votre indemnisation auto. Assistance et mod\u00e8les de lettre inclus !","robots":{"index":"index","follow":"follow","max-snippet":"max-snippet:-1","max-image-preview":"max-image-preview:large","max-video-preview":"max-video-preview:-1"},"canonical":"https:\/\/leocare.eu\/fr\/assurance-auto-en-ligne\/sinistre\/types\/accident\/indemnisation\/","og_locale":"fr_FR","og_type":"article","og_title":"Indemnisation accident voiture : d\u00e9marches & bar\u00e8mes","og_description":"Suivez nos conseils pas \u00e0 pas pour d\u00e9clarer, chiffrer et n\u00e9gocier votre indemnisation auto. Assistance et mod\u00e8les de lettre inclus !","og_url":"https:\/\/leocare.eu\/fr\/assurance-auto-en-ligne\/sinistre\/types\/accident\/indemnisation\/","og_site_name":"Leocare, assurance en ligne automobile et habitation","article_modified_time":"2026-04-07T14:52:06+00:00","og_image":[{"width":1800,"height":1200,"url":"https:\/\/leocare.eu\/fr\/wp-content\/uploads\/2022\/12\/assurance-accident-voiture.jpg","type":"image\/jpeg"}],"twitter_card":"summary_large_image","twitter_misc":{"Dur\u00e9e de lecture estim\u00e9e":"5 minutes"},"schema":{"@context":"https:\/\/schema.org","@graph":[{"@type":"WebPage","@id":"https:\/\/leocare.eu\/fr\/assurance-auto-en-ligne\/sinistre\/types\/accident\/indemnisation\/","url":"https:\/\/leocare.eu\/fr\/assurance-auto-en-ligne\/sinistre\/types\/accident\/indemnisation\/","name":"Indemnisation accident voiture : d\u00e9marches & bar\u00e8mes","isPartOf":{"@id":"https:\/\/leocare.eu\/fr\/#website"},"primaryImageOfPage":{"@id":"https:\/\/leocare.eu\/fr\/assurance-auto-en-ligne\/sinistre\/types\/accident\/indemnisation\/#primaryimage"},"image":{"@id":"https:\/\/leocare.eu\/fr\/assurance-auto-en-ligne\/sinistre\/types\/accident\/indemnisation\/#primaryimage"},"thumbnailUrl":"https:\/\/leocare.eu\/fr\/wp-content\/uploads\/2022\/12\/assurance-accident-voiture.jpg","datePublished":"2022-12-30T10:50:07+00:00","dateModified":"2026-04-07T14:52:06+00:00","description":"Suivez nos conseils pas \u00e0 pas pour d\u00e9clarer, chiffrer et n\u00e9gocier votre indemnisation auto. Assistance et mod\u00e8les de lettre inclus !","breadcrumb":{"@id":"https:\/\/leocare.eu\/fr\/assurance-auto-en-ligne\/sinistre\/types\/accident\/indemnisation\/#breadcrumb"},"inLanguage":"fr-FR","potentialAction":[{"@type":"ReadAction","target":["https:\/\/leocare.eu\/fr\/assurance-auto-en-ligne\/sinistre\/types\/accident\/indemnisation\/"]}]},{"@type":"ImageObject","inLanguage":"fr-FR","@id":"https:\/\/leocare.eu\/fr\/assurance-auto-en-ligne\/sinistre\/types\/accident\/indemnisation\/#primaryimage","url":"https:\/\/leocare.eu\/fr\/wp-content\/uploads\/2022\/12\/assurance-accident-voiture.jpg","contentUrl":"https:\/\/leocare.eu\/fr\/wp-content\/uploads\/2022\/12\/assurance-accident-voiture.jpg","width":1800,"height":1200,"caption":"Assurance Accident Voiture"},{"@type":"WebSite","@id":"https:\/\/leocare.eu\/fr\/#website","url":"https:\/\/leocare.eu\/fr\/","name":"Leocare, assurance en ligne automobile et habitation","description":"enfin (r)assur\u00e9.e","publisher":{"@id":"https:\/\/leocare.eu\/fr\/#organization"},"potentialAction":[{"@type":"SearchAction","target":{"@type":"EntryPoint","urlTemplate":"https:\/\/leocare.eu\/fr\/?s={search_term_string}"},"query-input":{"@type":"PropertyValueSpecification","valueRequired":true,"valueName":"search_term_string"}}],"inLanguage":"fr-FR"},{"@type":"Organization","@id":"https:\/\/leocare.eu\/fr\/#organization","name":"Leocare, assurance en ligne automobile et habitation","url":"https:\/\/leocare.eu\/fr\/","logo":{"@type":"ImageObject","inLanguage":"fr-FR","@id":"https:\/\/leocare.eu\/fr\/#\/schema\/logo\/image\/","url":"https:\/\/leocare.eu\/fr\/wp-content\/uploads\/2020\/03\/logo-leocare.svg","contentUrl":"https:\/\/leocare.eu\/fr\/wp-content\/uploads\/2020\/03\/logo-leocare.svg","caption":"Leocare, assurance en ligne automobile et habitation"},"image":{"@id":"https:\/\/leocare.eu\/fr\/#\/schema\/logo\/image\/"}}]}},"_links":{"self":[{"href":"https:\/\/leocare.eu\/fr\/wp-json\/wp\/v2\/pages\/10889","targetHints":{"allow":["GET"]}}],"collection":[{"href":"https:\/\/leocare.eu\/fr\/wp-json\/wp\/v2\/pages"}],"about":[{"href":"https:\/\/leocare.eu\/fr\/wp-json\/wp\/v2\/types\/page"}],"author":[{"embeddable":true,"href":"https:\/\/leocare.eu\/fr\/wp-json\/wp\/v2\/users\/34"}],"replies":[{"embeddable":true,"href":"https:\/\/leocare.eu\/fr\/wp-json\/wp\/v2\/comments?post=10889"}],"version-history":[{"count":28,"href":"https:\/\/leocare.eu\/fr\/wp-json\/wp\/v2\/pages\/10889\/revisions"}],"predecessor-version":[{"id":35558,"href":"https:\/\/leocare.eu\/fr\/wp-json\/wp\/v2\/pages\/10889\/revisions\/35558"}],"up":[{"embeddable":true,"href":"https:\/\/leocare.eu\/fr\/wp-json\/wp\/v2\/pages\/10425"}],"wp:featuredmedia":[{"embeddable":true,"href":"https:\/\/leocare.eu\/fr\/wp-json\/wp\/v2\/media\/9926"}],"wp:attachment":[{"href":"https:\/\/leocare.eu\/fr\/wp-json\/wp\/v2\/media?parent=10889"}],"curies":[{"name":"wp","href":"https:\/\/api.w.org\/{rel}","templated":true}]}}