{"id":10853,"date":"2022-12-30T10:52:33","date_gmt":"2022-12-30T09:52:33","guid":{"rendered":"https:\/\/leocare.eu\/fr\/?page_id=10853"},"modified":"2026-01-20T15:52:02","modified_gmt":"2026-01-20T14:52:02","slug":"simulateur","status":"publish","type":"page","link":"https:\/\/leocare.eu\/fr\/assurance-auto-en-ligne\/sinistre\/types\/accident\/simulateur\/","title":{"rendered":"Top des simulateurs de crash en ligne"},"content":{"rendered":"\n<p><b>Quand on a un accident de voiture, remplir un constat amiable est plus que conseill\u00e9 pour \u00e9tablir les responsabilit\u00e9s des personnes et des v\u00e9hicules impliqu\u00e9s, d\u00e9crire les circonstances du sinistre\u2026 Pour compl\u00e9ter votre dossier, vous pouvez \u00e9galement utiliser un simulateur d\u2019accident de voiture. D\u00e9couvrez avec Leocare, le n\u00e9o-assureur engag\u00e9 et flexible, ce que cet outil peut vous apporter.<\/b><\/p>\n\n\n\n<h2 class=\"wp-block-heading\" id=\"section-1--quoi-sert-un-simulateur-de-crash-\"><strong>\u00c0 quoi sert un simulateur de crash ?<\/strong><\/h2>\n\n\n\n<p>Pour les accrochages b\u00e9nins causant des dommages mat\u00e9riels ou corporels l\u00e9gers, il est important d\u2019\u00e9tablir un constat \u00e0 l\u2019amiable. Ce document compile toutes les informations des parties impliqu\u00e9es, mais aussi un croquis expliquant les circonstances de l\u2019accident. Parfois, ce dessin laisse un peu \u00e0 d\u00e9sirer&nbsp;\ud83d\ude2c\u2026 C\u2019est l\u00e0 que le&nbsp;simulateur d\u2019accident de voiture&nbsp;intervient. Gr\u00e2ce \u00e0 la technologie, il est d\u00e9sormais possible de reconstituer virtuellement les conditions d\u2019un accrochage et de les diss\u00e9quer. Avec un simulateur de crash, vous obtenez un dessin clair pour illustrer les circonstances de votre accident. Si vous vous demandez&nbsp;<a href=\"https:\/\/leocare.eu\/fr\/assurance-auto-en-ligne\/sinistre\/declaration\/accident\/\"><strong>que faire en cas d\u2019accident de voiture<\/strong><\/a>, voil\u00e0 un bon r\u00e9flexe \u00e0 avoir, une fois de retour chez vous, au calme.<\/p>\n\n\n\n<div class=\"bon-a-savoir\">\n\n\n\n<p>Bon \u00e0 savoir : Assurance auto et simulateur de crash<\/p>\n\n\n\n<p><em>Sur Leocare, vous disposez d\u2019un espace personnel o\u00f9 d\u00e9poser tous les documents relatifs \u00e0 votre d\u00e9claration de&nbsp;<\/em><em>sinistre auto&nbsp;<\/em><em>\ud83d\udcf1<\/em><em>. Gr\u00e2ce \u00e0 un simulateur d\u2019accident de voiture, vous pouvez ajouter une pi\u00e8ce cl\u00e9 \u00e0 votre lettre circonstanci\u00e9e, expliquant les conditions de votre accrochage. Cela peut \u00eatre d\u2019une grande utilit\u00e9 pour l\u2019<\/em><em>expert assurance auto<\/em><em>&nbsp;charg\u00e9 de votre dossier.<\/em><\/p>\n\n\n\n<\/div>\n\n\n\n<h2 class=\"wp-block-heading\" id=\"section-2-comment-simuler-un-accident-de-voiture-\"><strong>Comment simuler un accident de voiture ?<\/strong><\/h2>\n\n\n\n<p>Une petite s\u00e9ance de simulateur d\u2019accident de voiture pour conserver un calcul&nbsp;bonus-malus&nbsp;\u00e0 votre avantage, pas mal, non ? Eh oui, gr\u00e2ce \u00e0 cette repr\u00e9sentation limpide de votre accrochage, nous pouvons plus rapidement vous mettre hors de cause et proc\u00e9der \u00e0 votre&nbsp;indemnisation,&nbsp;sans augmenter votre cotisation. Pour l\u2019ajouter \u00e0 votre d\u00e9claration de sinistre, rendez-vous dans notre app. Cliquez sur \u00ab\u2009Services\u2009\u00bb, puis \u00ab\u2009Je souhaite suivre un sinistre\u2009\u00bb pour t\u00e9l\u00e9charger votre simulation d\u2019accident&nbsp;\ud83d\ude97.<\/p>\n\n\n\n<h3 class=\"wp-block-heading\">Accident Sketch<\/h3>\n\n\n\n<p>Ce simulateur d\u2019accident en ligne est gratuit et facile \u00e0 utiliser. Cliquez sur \u00ab\u2009<strong><a href=\"http:\/\/accidentsketch.com\/\" target=\"_blank\" rel=\"noreferrer noopener\">Draw sketch<\/a><\/strong><strong>\u2009<\/strong>\u00bb et vous arrivez sur une page quadrill\u00e9e o\u00f9 ajouter tous les \u00e9l\u00e9ments n\u00e9cessaires \u00e0 votre reconstitution. Disposition des rues, marquage au sol, signalisation, types de v\u00e9hicules : tout a \u00e9t\u00e9 pr\u00e9vu pour vous aider \u00e0 \u00e9laborer un graphique d\u00e9taill\u00e9 et pr\u00e9cis.&nbsp;<\/p>\n\n\n\n<h3 class=\"wp-block-heading\">Smartdraw<\/h3>\n\n\n\n<p>Ce sp\u00e9cialiste de la conception de graphiques a imagin\u00e9 un outil enti\u00e8rement d\u00e9di\u00e9 \u00e0 la reconstitution d\u2019accidents.&nbsp;<strong><a href=\"https:\/\/www.smartdraw.com\/accident-reconstruction\/\" target=\"_blank\" rel=\"noreferrer noopener\">SmartDraw<\/a><\/strong>&nbsp;pr\u00e9sente des fonctionnalit\u00e9s plus \u00e9labor\u00e9es que le simulateur d\u2019accident pr\u00e9c\u00e9dent. Vous pouvez ajouter du texte, des formes diverses pour recr\u00e9er les immeubles ou la v\u00e9g\u00e9tation environnante, mais aussi des tableaux. Si vous vous sentez l\u2019\u00e2me arty ou que votre situation demande une petite l\u00e9gende, ce logiciel gratuit est fait pour vous&nbsp;\ud83c\udfa8!<\/p>\n","protected":false},"excerpt":{"rendered":"<p>Quand on a un accident de voiture, remplir un constat amiable est plus que conseill\u00e9 pour \u00e9tablir les responsabilit\u00e9s des personnes et des v\u00e9hicules impliqu\u00e9s, d\u00e9crire les circonstances du sinistre\u2026 Pour compl\u00e9ter votre dossier, vous pouvez \u00e9galement utiliser un simulateur d\u2019accident de voiture. D\u00e9couvrez avec Leocare, le n\u00e9o-assureur engag\u00e9 et flexible, ce que cet outil [&hellip;]<\/p>\n","protected":false},"author":34,"featured_media":10068,"parent":10425,"menu_order":0,"comment_status":"closed","ping_status":"closed","template":"template_cocon_seo.php","meta":{"_acf_changed":false,"footnotes":""},"class_list":["post-10853","page","type-page","status-publish","has-post-thumbnail","hentry"],"acf":[],"yoast_head":"<!-- This site is optimized with the Yoast SEO plugin v27.3 - https:\/\/yoast.com\/product\/yoast-seo-wordpress\/ -->\n<title>Simulateur de crash : top des outils en ligne<\/title>\n<meta name=\"description\" content=\"D\u00e9couvrez notre Top des simulateurs de crash en ligne les plus impressionnants. Vous \u00eates pr\u00eat ? Lancez-vous et vivez une exp\u00e9rience unique.\" \/>\n<meta name=\"robots\" content=\"index, follow, max-snippet:-1, max-image-preview:large, max-video-preview:-1\" \/>\n<link rel=\"canonical\" href=\"https:\/\/leocare.eu\/fr\/assurance-auto-en-ligne\/sinistre\/types\/accident\/simulateur\/\" \/>\n<meta property=\"og:locale\" content=\"fr_FR\" \/>\n<meta property=\"og:type\" content=\"article\" \/>\n<meta property=\"og:title\" content=\"Simulateur de crash : top des outils en ligne\" \/>\n<meta property=\"og:description\" content=\"D\u00e9couvrez notre Top des simulateurs de crash en ligne les plus impressionnants. Vous \u00eates pr\u00eat ? Lancez-vous et vivez une exp\u00e9rience unique.\" \/>\n<meta property=\"og:url\" content=\"https:\/\/leocare.eu\/fr\/assurance-auto-en-ligne\/sinistre\/types\/accident\/simulateur\/\" \/>\n<meta property=\"og:site_name\" content=\"Leocare, assurance en ligne automobile et habitation\" \/>\n<meta property=\"article:modified_time\" content=\"2026-01-20T14:52:02+00:00\" \/>\n<meta property=\"og:image\" content=\"https:\/\/leocare.eu\/fr\/wp-content\/uploads\/2022\/12\/Simulation-accident.jpg\" \/>\n\t<meta property=\"og:image:width\" content=\"1800\" \/>\n\t<meta property=\"og:image:height\" content=\"1200\" \/>\n\t<meta property=\"og:image:type\" content=\"image\/jpeg\" \/>\n<meta name=\"twitter:card\" content=\"summary_large_image\" \/>\n<meta name=\"twitter:label1\" content=\"Dur\u00e9e de lecture estim\u00e9e\" \/>\n\t<meta name=\"twitter:data1\" content=\"3 minutes\" \/>\n<!-- \/ Yoast SEO plugin. -->","yoast_head_json":{"title":"Simulateur de crash : top des outils en ligne","description":"D\u00e9couvrez notre Top des simulateurs de crash en ligne les plus impressionnants. Vous \u00eates pr\u00eat ? Lancez-vous et vivez une exp\u00e9rience unique.","robots":{"index":"index","follow":"follow","max-snippet":"max-snippet:-1","max-image-preview":"max-image-preview:large","max-video-preview":"max-video-preview:-1"},"canonical":"https:\/\/leocare.eu\/fr\/assurance-auto-en-ligne\/sinistre\/types\/accident\/simulateur\/","og_locale":"fr_FR","og_type":"article","og_title":"Simulateur de crash : top des outils en ligne","og_description":"D\u00e9couvrez notre Top des simulateurs de crash en ligne les plus impressionnants. Vous \u00eates pr\u00eat ? Lancez-vous et vivez une exp\u00e9rience unique.","og_url":"https:\/\/leocare.eu\/fr\/assurance-auto-en-ligne\/sinistre\/types\/accident\/simulateur\/","og_site_name":"Leocare, assurance en ligne automobile et habitation","article_modified_time":"2026-01-20T14:52:02+00:00","og_image":[{"width":1800,"height":1200,"url":"https:\/\/leocare.eu\/fr\/wp-content\/uploads\/2022\/12\/Simulation-accident.jpg","type":"image\/jpeg"}],"twitter_card":"summary_large_image","twitter_misc":{"Dur\u00e9e de lecture estim\u00e9e":"3 minutes"},"schema":{"@context":"https:\/\/schema.org","@graph":[{"@type":"WebPage","@id":"https:\/\/leocare.eu\/fr\/assurance-auto-en-ligne\/sinistre\/types\/accident\/simulateur\/","url":"https:\/\/leocare.eu\/fr\/assurance-auto-en-ligne\/sinistre\/types\/accident\/simulateur\/","name":"Simulateur de crash : top des outils en ligne","isPartOf":{"@id":"https:\/\/leocare.eu\/fr\/#website"},"primaryImageOfPage":{"@id":"https:\/\/leocare.eu\/fr\/assurance-auto-en-ligne\/sinistre\/types\/accident\/simulateur\/#primaryimage"},"image":{"@id":"https:\/\/leocare.eu\/fr\/assurance-auto-en-ligne\/sinistre\/types\/accident\/simulateur\/#primaryimage"},"thumbnailUrl":"https:\/\/leocare.eu\/fr\/wp-content\/uploads\/2022\/12\/Simulation-accident.jpg","datePublished":"2022-12-30T09:52:33+00:00","dateModified":"2026-01-20T14:52:02+00:00","description":"D\u00e9couvrez notre Top des simulateurs de crash en ligne les plus impressionnants. Vous \u00eates pr\u00eat ? Lancez-vous et vivez une exp\u00e9rience unique.","breadcrumb":{"@id":"https:\/\/leocare.eu\/fr\/assurance-auto-en-ligne\/sinistre\/types\/accident\/simulateur\/#breadcrumb"},"inLanguage":"fr-FR","potentialAction":[{"@type":"ReadAction","target":["https:\/\/leocare.eu\/fr\/assurance-auto-en-ligne\/sinistre\/types\/accident\/simulateur\/"]}]},{"@type":"ImageObject","inLanguage":"fr-FR","@id":"https:\/\/leocare.eu\/fr\/assurance-auto-en-ligne\/sinistre\/types\/accident\/simulateur\/#primaryimage","url":"https:\/\/leocare.eu\/fr\/wp-content\/uploads\/2022\/12\/Simulation-accident.jpg","contentUrl":"https:\/\/leocare.eu\/fr\/wp-content\/uploads\/2022\/12\/Simulation-accident.jpg","width":1800,"height":1200,"caption":"simulation-accident-voiture"},{"@type":"WebSite","@id":"https:\/\/leocare.eu\/fr\/#website","url":"https:\/\/leocare.eu\/fr\/","name":"Leocare, assurance en ligne automobile et habitation","description":"enfin (r)assur\u00e9.e","publisher":{"@id":"https:\/\/leocare.eu\/fr\/#organization"},"potentialAction":[{"@type":"SearchAction","target":{"@type":"EntryPoint","urlTemplate":"https:\/\/leocare.eu\/fr\/?s={search_term_string}"},"query-input":{"@type":"PropertyValueSpecification","valueRequired":true,"valueName":"search_term_string"}}],"inLanguage":"fr-FR"},{"@type":"Organization","@id":"https:\/\/leocare.eu\/fr\/#organization","name":"Leocare, assurance en ligne automobile et habitation","url":"https:\/\/leocare.eu\/fr\/","logo":{"@type":"ImageObject","inLanguage":"fr-FR","@id":"https:\/\/leocare.eu\/fr\/#\/schema\/logo\/image\/","url":"https:\/\/leocare.eu\/fr\/wp-content\/uploads\/2020\/03\/logo-leocare.svg","contentUrl":"https:\/\/leocare.eu\/fr\/wp-content\/uploads\/2020\/03\/logo-leocare.svg","caption":"Leocare, assurance en ligne automobile et habitation"},"image":{"@id":"https:\/\/leocare.eu\/fr\/#\/schema\/logo\/image\/"}}]}},"_links":{"self":[{"href":"https:\/\/leocare.eu\/fr\/wp-json\/wp\/v2\/pages\/10853","targetHints":{"allow":["GET"]}}],"collection":[{"href":"https:\/\/leocare.eu\/fr\/wp-json\/wp\/v2\/pages"}],"about":[{"href":"https:\/\/leocare.eu\/fr\/wp-json\/wp\/v2\/types\/page"}],"author":[{"embeddable":true,"href":"https:\/\/leocare.eu\/fr\/wp-json\/wp\/v2\/users\/34"}],"replies":[{"embeddable":true,"href":"https:\/\/leocare.eu\/fr\/wp-json\/wp\/v2\/comments?post=10853"}],"version-history":[{"count":22,"href":"https:\/\/leocare.eu\/fr\/wp-json\/wp\/v2\/pages\/10853\/revisions"}],"predecessor-version":[{"id":35563,"href":"https:\/\/leocare.eu\/fr\/wp-json\/wp\/v2\/pages\/10853\/revisions\/35563"}],"up":[{"embeddable":true,"href":"https:\/\/leocare.eu\/fr\/wp-json\/wp\/v2\/pages\/10425"}],"wp:featuredmedia":[{"embeddable":true,"href":"https:\/\/leocare.eu\/fr\/wp-json\/wp\/v2\/media\/10068"}],"wp:attachment":[{"href":"https:\/\/leocare.eu\/fr\/wp-json\/wp\/v2\/media?parent=10853"}],"curies":[{"name":"wp","href":"https:\/\/api.w.org\/{rel}","templated":true}]}}