{"id":10821,"date":"2022-12-30T10:10:46","date_gmt":"2022-12-30T09:10:46","guid":{"rendered":"https:\/\/leocare.eu\/fr\/?page_id=10821"},"modified":"2026-04-07T16:33:46","modified_gmt":"2026-04-07T14:33:46","slug":"passagers","status":"publish","type":"page","link":"https:\/\/leocare.eu\/fr\/assurance-auto-en-ligne\/sinistre\/indemnisation\/passagers\/","title":{"rendered":"L\u2019indemnisation des passagers suite \u00e0 un accident de voiture"},"content":{"rendered":"\n<p>Tous les automobilistes, sans exception, sont assur\u00e9s en cas de dommages caus\u00e9s \u00e0 des tiers. Il s\u2019agit de la fameuse garantie responsabilit\u00e9 civile. Revenons en d\u00e9tail sur cette assurance obligatoire\u2026<\/p>\n\n\n\n<h2 class=\"wp-block-heading\" id=\"section-1-quelle-garantie-pour-indemniser-les-passagers-lors-dun-accid\"><strong>Quelle garantie pour indemniser les passagers lors d\u2019un accident de voiture ?<\/strong><\/h2>\n\n\n\n<h3 class=\"wp-block-heading\"><strong>Garantie responsabilit\u00e9 civile : rappel<\/strong><\/h3>\n\n\n\n<p>La garantie responsabilit\u00e9 civile permet de prendre en charge les dommages caus\u00e9s \u00e0 des tiers victimes d\u2019accident : d\u00e9g\u00e2ts mat\u00e9riels, blessures, maladie, d\u00e9c\u00e8s. Cette assurance du conducteur peut \u00eatre souscrite de fa\u00e7on autonome, dans le cadre d\u2019un contrat sp\u00e9cifique, ou bien \u00eatre associ\u00e9e \u00e0 d\u2019autres garanties. On retrouve ce type d\u2019assurances obligatoires de dommages, par exemple, dans les contrats d\u2019assurance habitation.<\/p>\n\n\n\n<p>Les&nbsp;<strong><a href=\"https:\/\/leocare.eu\/fr\/assurance-auto-en-ligne\/sinistre\/indemnisation\/\">indemnisations de l\u2019assurance auto<\/a><\/strong>&nbsp;pour des&nbsp;dommages&nbsp;caus\u00e9s par un&nbsp;accident de la circulation&nbsp;peuvent varier d\u2019une&nbsp;compagnie&nbsp;\u00e0 l\u2019autre. L\u2019indemnisation&nbsp;d\u00e9pend notamment de la responsabilit\u00e9 des conducteurs explicit\u00e9e dans le&nbsp;constat amiable.&nbsp;Dans le cadre de la responsabilit\u00e9 civile, celle-ci pr\u00e9sente quelques limites. Tout d\u2019abord, et c\u2019est \u00e9vident, elle ne couvre pas vos propres dommages. En principe, les torts caus\u00e9s \u00e0 vos proches sont, eux aussi, exclus, sauf si ces derniers sont passagers de votre v\u00e9hicule. De la m\u00eame mani\u00e8re, les accidents de la route provoqu\u00e9s par des fautes intentionnelles n\u2019entrent pas dans la couverture de la garantie aux tiers. Enfin, les dommages caus\u00e9s dans le cadre de votre activit\u00e9 professionnelle ne sont pas pris en charge par l\u2019assurance responsabilit\u00e9 civile.&nbsp;L\u2019indemnisation&nbsp;des&nbsp;conducteurs&nbsp;varie selon&nbsp;<strong><a href=\"https:\/\/leocare.eu\/fr\/assurance-auto-en-ligne\/sinistre\/declaration\/accident\/types\/\">les diff\u00e9rents types d\u2019accidents de voiture<\/a><\/strong>. Une collision en cha\u00eene, un&nbsp;accident&nbsp;seul ou un accrochage sur une voie priv\u00e9e ne b\u00e9n\u00e9ficient pas du m\u00eame traitement de la part des&nbsp;assurances.<\/p>\n\n\n\n<p>Assurez-vous aupr\u00e8s de votre&nbsp;compagnie&nbsp;que l\u2019<strong><a href=\"https:\/\/leocare.eu\/fr\/assurance-auto-en-ligne\/couverture\/formules\/specifiques\/temporaire\/leasing\/\">assurance pour une voiture en leasing<\/a><\/strong>&nbsp;comprend les m\u00eames garanties. Certaines&nbsp;assurances&nbsp;ont une politique diff\u00e9rente en mati\u00e8re d\u2019indemnisation&nbsp;des&nbsp;dommages&nbsp;d\u2019accident&nbsp;pour ce type de v\u00e9hicule.<\/p>\n\n\n\n<h3 class=\"wp-block-heading\"><strong>Responsabilit\u00e9 civile et couverture des passagers en cas de sinistre responsable<\/strong><\/h3>\n\n\n\n<p>Peu importe votre contrat ! Assurance tous risques, formule interm\u00e9diaire, tous les conducteurs b\u00e9n\u00e9ficient forc\u00e9ment de la garantie responsabilit\u00e9 civile. En effet, en vertu de l\u2019article L 211-1 du Code des assurances, celle-ci est obligatoire dans le cadre de l\u2019assurance auto.<\/p>\n\n\n\n<p>La garantie responsabilit\u00e9 civile couvre donc l\u2019indemnisation des dommages caus\u00e9s \u00e0 des tiers lors d\u2019un sinistre.<\/p>\n\n\n\n<p>En cas de&nbsp;pr\u00e9judices corporels&nbsp;subis par les tiers, l\u2019indemnisation des dommages&nbsp;est garantie par la loi&nbsp;Badinter&nbsp;sur les&nbsp;assurances. Toute&nbsp;victime d\u2019un accident&nbsp;de la circulation doit b\u00e9n\u00e9ficier d\u2019une prise en charge de ses&nbsp;<strong><a href=\"https:\/\/leocare.eu\/fr\/assurance-auto-en-ligne\/couverture\/garanties\/complementaires\/dommages-corporels\/\">dommages corporels<\/a><\/strong>. Une&nbsp;expertise m\u00e9dicale&nbsp;peut toutefois \u00eatre r\u00e9alis\u00e9e \u00e0 la demande de la&nbsp;compagnie.<\/p>\n\n\n\n<p>Mais qui sont les tiers ? Il peut s\u2019agir de l\u2019autre conducteur, des pi\u00e9tons ou encore des cyclistes \ud83d\udeb4. Quant aux passagers bless\u00e9s, leurs dommages corporels sont \u00e9galement indemnis\u00e9s par votre assurance au tiers. Par ailleurs, en vertu de l\u2019article 3 de la loi n\u00b0 85-677 du 5 juillet 1985, leur faute (absence de ceinture de s\u00e9curit\u00e9, par exemple) ne peut pas, en principe, emp\u00eacher leur indemnisation. Une exception toutefois : si leur comportement explique \u00e0 lui seul l\u2019accident de voiture, l\u2019assurance auto peut refuser de couvrir leurs pr\u00e9judices corporels.<\/p>\n\n\n\n<p id=\"ancre1\">Quelle que soit la nature de l\u2019accident&nbsp;et les&nbsp;dommages&nbsp;subis, il est n\u00e9cessaire de remplir consciencieusement&nbsp;<strong><a href=\"https:\/\/leocare.eu\/fr\/assurance-auto-en-ligne\/sinistre\/declaration\/accident\/constat-amiable\/\">le constat amiable<\/a><\/strong>. Ce document norm\u00e9, commun \u00e0 toutes les&nbsp;assurances, va permettre d\u2019identifier la responsabilit\u00e9 des&nbsp;conducteurs. L\u2019indemnisation&nbsp;par votre&nbsp;compagnie&nbsp;ne peut \u00eatre d\u00e9clench\u00e9e sans&nbsp;constat amiable.<\/p>\n\n\n\n<section class=\"wp-block-leocare-bon-a-savoir leocare-bas\"><div class=\"leocare-bas__head\"><img decoding=\"async\" class=\"leocare-bas__icon\" src=\"https:\/\/leocare.eu\/fr\/wp-content\/themes\/leocare-new\/assets\/img\/icon-alert-purple.svg\" alt=\"icon alerte\"\/><h3 class=\"leocare-bas__title\">Le duel des garanties interm\u00e9diaires<\/h3><\/div><div class=\"leocare-bas__content\">\n<p>Pour choisir la meilleure protection, il est essentiel de comprendre <strong><a href=\"https:\/\/leocare.eu\/fr\/assurance-auto-en-ligne\/tiers\/\">quelle est la diff\u00e9rence entre l&rsquo;assurance au tiers et la tierce collision ?<\/a><\/strong> Alors que le tiers simple couvre uniquement les dommages caus\u00e9s aux autres, la garantie tierce collision intervient pour rembourser les r\u00e9parations de votre propre v\u00e9hicule en cas d&rsquo;accident avec un tiers identifi\u00e9. C&rsquo;est l&rsquo;option id\u00e9ale pour s\u00e9curiser votre voiture contre les chocs directs sans payer le prix d&rsquo;une formule tous risques.<\/p>\n<\/div><\/section>\n\n\n\n<p>La&nbsp;<strong><a href=\"https:\/\/leocare.eu\/fr\/assurance-auto-en-ligne\/sinistre\/declaration\/accident\/types\/parking\/\">responsabilit\u00e9 en cas d\u2019accident sur un parking<\/a><\/strong>&nbsp;peut \u00eatre partag\u00e9e entre les&nbsp;conducteurs, conform\u00e9ment aux indications port\u00e9es sur le&nbsp;constat amiable. Les&nbsp;dommages&nbsp;aux tiers lors d\u2019un tel&nbsp;accident&nbsp;sont bien pris en charge par votre&nbsp;compagnie&nbsp;(selon les conditions de votre contrat).<\/p>\n\n\n\n<h2 class=\"wp-block-heading\" id=\"section-2-quels-sont-les-dlais-dindemnisation-des-passagers-dune-voitu\"><strong>Quels sont les d\u00e9lais d\u2019indemnisation des passagers d\u2019une voiture ?<\/strong><\/h2>\n\n\n\n<p>La loi ne fait pas de myst\u00e8re : l\u2019indemnisation d\u2019une victime d\u2019un accident (y compris les passagers) suite \u00e0 un sinistre doit avoir lieu, au plus tard, 8 mois apr\u00e8s les faits consign\u00e9s sur le constat amiable. L\u2019offre doit \u00eatre adress\u00e9e \u00e0 la victime ou \u00e0 ses ayants droit en cas de d\u00e9c\u00e8s. Mais attention, ce d\u00e9lai n\u2019est valable que lorsque l\u2019\u00e9valuation du dommage ou l\u2019\u00e9tablissement des responsabilit\u00e9s pr\u00e9sentent des zones d\u2019ombre. La compagnie peut demander une expertise m\u00e9dicale avant de proc\u00e9der \u00e0 l\u2019indemnisation de la victime. Dans le cas contraire, si tout est clair, votre assureur doit acc\u00e9l\u00e9rer le pas. En effet, la loi pr\u00e9voit un d\u00e9lai de 3 mois maximum \u00e0 compter de la demande d\u2019indemnisation.<\/p>\n\n\n\n<p>L\u2019assurance auto ne respecte pas les d\u00e9lais d\u2019indemnisation du passager bless\u00e9 dans un accident de la route ? Elle va devoir en supporter les cons\u00e9quences et augmenter son indemnit\u00e9 d\u2019un int\u00e9r\u00eat du double du taux l\u00e9gal sur toute la p\u00e9riode, c\u2019est-\u00e0-dire entre la fin du d\u00e9lai et la date de l\u2019offre \ud83d\udcb0.<\/p>\n\n\n\n<p>Avec Leocare, pas d\u2019inqui\u00e9tude ! Nous veillons \u00e0 indemniser les victimes dans les plus brefs d\u00e9lais. Quant \u00e0 la protection du conducteur, elle est incluse, par d\u00e9faut, dans toutes nos formules. Pour profiter d\u2019une assurance parmi les moins ch\u00e8res du march\u00e9, 100 % flexible, contactez sans tarder nos Leoconseillers.<\/p>\n\n\n\n<p id=\"ancre2\">Nouveau propri\u00e9taire d\u2019une petite citadine de marque allemande ? Vous voulez tout savoir sur nos offres d\u2019<strong><a href=\"https:\/\/leocare.eu\/fr\/assurance-auto-en-ligne\/volkswagen\/polo-5\/\">assurance auto pour une Volkswagen Polo 5<\/a><\/strong>&nbsp;? En quelques minutes, vous aurez acc\u00e8s \u00e0 toutes les informations (indemnisation&nbsp;des&nbsp;dommages&nbsp;suite \u00e0 un&nbsp;accident, forfait jeunes&nbsp;conducteurs, etc.). Vous pourrez ainsi comparer avec les autres&nbsp;assurances&nbsp;!<\/p>\n","protected":false},"excerpt":{"rendered":"<p>Tous les automobilistes, sans exception, sont assur\u00e9s en cas de dommages caus\u00e9s \u00e0 des tiers. Il s\u2019agit de la fameuse garantie responsabilit\u00e9 civile. Revenons en d\u00e9tail sur cette assurance obligatoire\u2026 Quelle garantie pour indemniser les passagers lors d\u2019un accident de voiture ? Garantie responsabilit\u00e9 civile : rappel La garantie responsabilit\u00e9 civile permet de prendre en [&hellip;]<\/p>\n","protected":false},"author":34,"featured_media":10026,"parent":10528,"menu_order":0,"comment_status":"closed","ping_status":"closed","template":"template_seo.php","meta":{"_acf_changed":false,"footnotes":""},"class_list":["post-10821","page","type-page","status-publish","has-post-thumbnail","hentry"],"acf":[],"yoast_head":"<!-- This site is optimized with the Yoast SEO plugin v27.3 - https:\/\/yoast.com\/product\/yoast-seo-wordpress\/ -->\n<title>Assurance auto : l&#039;indemnisation des passagers apr\u00e8s un sinistre<\/title>\n<meta name=\"description\" content=\"Victime d&#039;un accident de voiture ? Connaissez vos droits d&#039;indemnisation en tant que passager. Apprenez comment proc\u00e9der ici. Prenez action aujourd&#039;hui!\" \/>\n<meta name=\"robots\" content=\"index, follow, max-snippet:-1, max-image-preview:large, max-video-preview:-1\" \/>\n<link rel=\"canonical\" href=\"https:\/\/leocare.eu\/fr\/assurance-auto-en-ligne\/sinistre\/indemnisation\/passagers\/\" \/>\n<meta property=\"og:locale\" content=\"fr_FR\" \/>\n<meta property=\"og:type\" content=\"article\" \/>\n<meta property=\"og:title\" content=\"Assurance auto : l&#039;indemnisation des passagers apr\u00e8s un sinistre\" \/>\n<meta property=\"og:description\" content=\"Victime d&#039;un accident de voiture ? Connaissez vos droits d&#039;indemnisation en tant que passager. Apprenez comment proc\u00e9der ici. Prenez action aujourd&#039;hui!\" \/>\n<meta property=\"og:url\" content=\"https:\/\/leocare.eu\/fr\/assurance-auto-en-ligne\/sinistre\/indemnisation\/passagers\/\" \/>\n<meta property=\"og:site_name\" content=\"Leocare, assurance en ligne automobile et habitation\" \/>\n<meta property=\"article:modified_time\" content=\"2026-04-07T14:33:46+00:00\" \/>\n<meta property=\"og:image\" content=\"https:\/\/leocare.eu\/fr\/wp-content\/uploads\/2022\/12\/Indemnisation-passagers.jpg\" \/>\n\t<meta property=\"og:image:width\" content=\"1800\" \/>\n\t<meta property=\"og:image:height\" content=\"1200\" \/>\n\t<meta property=\"og:image:type\" content=\"image\/jpeg\" \/>\n<meta name=\"twitter:card\" content=\"summary_large_image\" \/>\n<meta name=\"twitter:label1\" content=\"Dur\u00e9e de lecture estim\u00e9e\" \/>\n\t<meta name=\"twitter:data1\" content=\"6 minutes\" \/>\n<!-- \/ Yoast SEO plugin. -->","yoast_head_json":{"title":"Assurance auto : l'indemnisation des passagers apr\u00e8s un sinistre","description":"Victime d'un accident de voiture ? Connaissez vos droits d'indemnisation en tant que passager. Apprenez comment proc\u00e9der ici. Prenez action aujourd'hui!","robots":{"index":"index","follow":"follow","max-snippet":"max-snippet:-1","max-image-preview":"max-image-preview:large","max-video-preview":"max-video-preview:-1"},"canonical":"https:\/\/leocare.eu\/fr\/assurance-auto-en-ligne\/sinistre\/indemnisation\/passagers\/","og_locale":"fr_FR","og_type":"article","og_title":"Assurance auto : l'indemnisation des passagers apr\u00e8s un sinistre","og_description":"Victime d'un accident de voiture ? Connaissez vos droits d'indemnisation en tant que passager. Apprenez comment proc\u00e9der ici. Prenez action aujourd'hui!","og_url":"https:\/\/leocare.eu\/fr\/assurance-auto-en-ligne\/sinistre\/indemnisation\/passagers\/","og_site_name":"Leocare, assurance en ligne automobile et habitation","article_modified_time":"2026-04-07T14:33:46+00:00","og_image":[{"width":1800,"height":1200,"url":"https:\/\/leocare.eu\/fr\/wp-content\/uploads\/2022\/12\/Indemnisation-passagers.jpg","type":"image\/jpeg"}],"twitter_card":"summary_large_image","twitter_misc":{"Dur\u00e9e de lecture estim\u00e9e":"6 minutes"},"schema":{"@context":"https:\/\/schema.org","@graph":[{"@type":"WebPage","@id":"https:\/\/leocare.eu\/fr\/assurance-auto-en-ligne\/sinistre\/indemnisation\/passagers\/","url":"https:\/\/leocare.eu\/fr\/assurance-auto-en-ligne\/sinistre\/indemnisation\/passagers\/","name":"Assurance auto : l'indemnisation des passagers apr\u00e8s un sinistre","isPartOf":{"@id":"https:\/\/leocare.eu\/fr\/#website"},"primaryImageOfPage":{"@id":"https:\/\/leocare.eu\/fr\/assurance-auto-en-ligne\/sinistre\/indemnisation\/passagers\/#primaryimage"},"image":{"@id":"https:\/\/leocare.eu\/fr\/assurance-auto-en-ligne\/sinistre\/indemnisation\/passagers\/#primaryimage"},"thumbnailUrl":"https:\/\/leocare.eu\/fr\/wp-content\/uploads\/2022\/12\/Indemnisation-passagers.jpg","datePublished":"2022-12-30T09:10:46+00:00","dateModified":"2026-04-07T14:33:46+00:00","description":"Victime d'un accident de voiture ? Connaissez vos droits d'indemnisation en tant que passager. Apprenez comment proc\u00e9der ici. Prenez action aujourd'hui!","breadcrumb":{"@id":"https:\/\/leocare.eu\/fr\/assurance-auto-en-ligne\/sinistre\/indemnisation\/passagers\/#breadcrumb"},"inLanguage":"fr-FR","potentialAction":[{"@type":"ReadAction","target":["https:\/\/leocare.eu\/fr\/assurance-auto-en-ligne\/sinistre\/indemnisation\/passagers\/"]}]},{"@type":"ImageObject","inLanguage":"fr-FR","@id":"https:\/\/leocare.eu\/fr\/assurance-auto-en-ligne\/sinistre\/indemnisation\/passagers\/#primaryimage","url":"https:\/\/leocare.eu\/fr\/wp-content\/uploads\/2022\/12\/Indemnisation-passagers.jpg","contentUrl":"https:\/\/leocare.eu\/fr\/wp-content\/uploads\/2022\/12\/Indemnisation-passagers.jpg","width":1800,"height":1200,"caption":"Indemnisation Assurance Passagers"},{"@type":"WebSite","@id":"https:\/\/leocare.eu\/fr\/#website","url":"https:\/\/leocare.eu\/fr\/","name":"Leocare, assurance en ligne automobile et habitation","description":"enfin (r)assur\u00e9.e","publisher":{"@id":"https:\/\/leocare.eu\/fr\/#organization"},"potentialAction":[{"@type":"SearchAction","target":{"@type":"EntryPoint","urlTemplate":"https:\/\/leocare.eu\/fr\/?s={search_term_string}"},"query-input":{"@type":"PropertyValueSpecification","valueRequired":true,"valueName":"search_term_string"}}],"inLanguage":"fr-FR"},{"@type":"Organization","@id":"https:\/\/leocare.eu\/fr\/#organization","name":"Leocare, assurance en ligne automobile et habitation","url":"https:\/\/leocare.eu\/fr\/","logo":{"@type":"ImageObject","inLanguage":"fr-FR","@id":"https:\/\/leocare.eu\/fr\/#\/schema\/logo\/image\/","url":"https:\/\/leocare.eu\/fr\/wp-content\/uploads\/2020\/03\/logo-leocare.svg","contentUrl":"https:\/\/leocare.eu\/fr\/wp-content\/uploads\/2020\/03\/logo-leocare.svg","caption":"Leocare, assurance en ligne automobile et habitation"},"image":{"@id":"https:\/\/leocare.eu\/fr\/#\/schema\/logo\/image\/"}}]}},"_links":{"self":[{"href":"https:\/\/leocare.eu\/fr\/wp-json\/wp\/v2\/pages\/10821","targetHints":{"allow":["GET"]}}],"collection":[{"href":"https:\/\/leocare.eu\/fr\/wp-json\/wp\/v2\/pages"}],"about":[{"href":"https:\/\/leocare.eu\/fr\/wp-json\/wp\/v2\/types\/page"}],"author":[{"embeddable":true,"href":"https:\/\/leocare.eu\/fr\/wp-json\/wp\/v2\/users\/34"}],"replies":[{"embeddable":true,"href":"https:\/\/leocare.eu\/fr\/wp-json\/wp\/v2\/comments?post=10821"}],"version-history":[{"count":17,"href":"https:\/\/leocare.eu\/fr\/wp-json\/wp\/v2\/pages\/10821\/revisions"}],"predecessor-version":[{"id":37067,"href":"https:\/\/leocare.eu\/fr\/wp-json\/wp\/v2\/pages\/10821\/revisions\/37067"}],"up":[{"embeddable":true,"href":"https:\/\/leocare.eu\/fr\/wp-json\/wp\/v2\/pages\/10528"}],"wp:featuredmedia":[{"embeddable":true,"href":"https:\/\/leocare.eu\/fr\/wp-json\/wp\/v2\/media\/10026"}],"wp:attachment":[{"href":"https:\/\/leocare.eu\/fr\/wp-json\/wp\/v2\/media?parent=10821"}],"curies":[{"name":"wp","href":"https:\/\/api.w.org\/{rel}","templated":true}]}}