{"id":10807,"date":"2022-12-30T10:15:14","date_gmt":"2022-12-30T09:15:14","guid":{"rendered":"https:\/\/leocare.eu\/fr\/?page_id=10807"},"modified":"2026-04-07T16:33:44","modified_gmt":"2026-04-07T14:33:44","slug":"bmw-320","status":"publish","type":"page","link":"https:\/\/leocare.eu\/fr\/assurance-auto-en-ligne\/bmw\/bmw-320\/","title":{"rendered":"Assurance BMW 320 : formules et tarifs"},"content":{"rendered":"\n<p><em>Acqu\u00e9rir une BMW 320 est toujours un plaisir. Mais qui dit voiture de caract\u00e8re dit aussi<\/em> <a href=\"https:\/\/leocare.eu\/fr\/assurance-auto-en-ligne\/\"><em>assurance auto<\/em><\/a>adapt\u00e9e. Pour bien prot\u00e9ger votre v\u00e9hicule et rouler l\u2019esprit l\u00e9ger, il faut comprendre comment se calcule le prix d\u2019un contrat et quelles garanties choisir. Voici un guide complet pour vous aider \u00e0 trouver l\u2019assurance qui correspond \u00e0 vos besoins et \u00e0 votre budget.<\/p>\n\n\n\n<h2 class=\"wp-block-heading\">Comment est calcul\u00e9 le prix d\u2019une assurance pour la BMW 320 ?<\/h2>\n\n\n\n<p>Le tarif d\u2019une <a href=\"https:\/\/leocare.eu\/fr\/assurance-auto-en-ligne\/bmw\/\">assurance pour une BMW<\/a> 320 d\u00e9pend de nombreux facteurs. Chaque conducteur et chaque voiture sont diff\u00e9rents. <strong>L\u2019assureur ajuste donc le prix du contrat en fonction de crit\u00e8res pr\u00e9cis li\u00e9s au profil du conducteur et \u00e0 l\u2019\u00e9tat du v\u00e9hicule.<\/strong> L\u2019objectif est de couvrir les risques li\u00e9s \u00e0 la conduite et aux \u00e9ventuels dommages.<\/p>\n\n\n\n<h3 class=\"wp-block-heading\">Prix selon l\u2019anciennet\u00e9 de la BMW 320<\/h3>\n\n\n\n<p>L\u2019\u00e2ge du v\u00e9hicule influence directement le tarif. Comme la BMW 320 n\u2019est plus produite neuve, elle est uniquement disponible en occasion. <strong>Une BMW ancienne co\u00fbtera moins cher \u00e0 assurer, tandis qu\u2019un mod\u00e8le en parfait \u00e9tat entra\u00eene une prime plus \u00e9lev\u00e9e.<\/strong><\/p>\n\n\n\n<figure class=\"wp-block-table\"><table class=\"has-fixed-layout\"><thead><tr><td><strong>Type de v\u00e9hicule<\/strong><\/td><td><strong>Prix bas (\u20ac\/mois)<\/strong><\/td><td><strong>Prix moyen (\u20ac\/mois)<\/strong><\/td><td><strong>Prix haut (\u20ac\/mois)<\/strong><\/td><\/tr><\/thead><tbody><tr><td>Occasion<\/td><td><span class=\"change-price\">27<\/span> \u20ac<\/td><td><span class=\"change-price\">111<\/span> \u20ac<\/td><td><span class=\"change-price\">296<\/span> \u20ac<\/td><\/tr><\/tbody><\/table><\/figure>\n\n\n\n<h3 class=\"wp-block-heading\">Prix de l\u2019assurance auto selon la couverture<\/h3>\n\n\n\n<p>Le prix d\u00e9pend aussi de la formule choisie. Trois options sont propos\u00e9es : <a href=\"https:\/\/leocare.eu\/fr\/assurance-auto-en-ligne\/tiers\/\">assurance au tiers<\/a>,<a href=\"https:\/\/leocare.eu\/fr\/assurance-auto-en-ligne\/tiers\/plus\/\"> assurance au tiers plus<\/a> et <a href=\"https:\/\/leocare.eu\/fr\/assurance-auto-en-ligne\/tous-risques\/\">assurance tous risques<\/a>. <strong>Chaque offre apporte un niveau diff\u00e9rent de protection, allant du minimum l\u00e9gal \u00e0 une couverture compl\u00e8te incluant les catastrophes et les sinistres.<\/strong><\/p>\n\n\n\n<figure class=\"wp-block-table\"><table class=\"has-fixed-layout\"><thead><tr><td><strong>Formule<\/strong><\/td><td><strong>Prix bas (\u20ac\/mois)<\/strong><\/td><td><strong>Prix moyen (\u20ac\/mois)<\/strong><\/td><td><strong>Prix haut (\u20ac\/mois)<\/strong><\/td><\/tr><\/thead><tbody><tr><td>Tiers<\/td><td><span class=\"change-price\">19<\/span> \u20ac<\/td><td><span class=\"change-price\">59<\/span> \u20ac<\/td><td><span class=\"change-price\">154<\/span> \u20ac<\/td><\/tr><tr><td>Tiers \u00e9tendu<\/td><td><span class=\"change-price\">26<\/span> \u20ac<\/td><td><span class=\"change-price\">83<\/span> \u20ac<\/td><td><span class=\"change-price\">224<\/span> \u20ac<\/td><\/tr><tr><td>Tous risques<\/td><td><span class=\"change-price\">30<\/span> \u20ac<\/td><td><span class=\"change-price\">111<\/span> \u20ac<\/td><td><span class=\"change-price\">324<\/span> \u20ac<\/td><\/tr><\/tbody><\/table><\/figure>\n\n\n\n<h3 class=\"wp-block-heading\">Prix pour un jeune conducteur<\/h3>\n\n\n\n<p>Un <a href=\"https:\/\/leocare.eu\/fr\/assurance-auto-en-ligne\/couverture\/formules\/specifiques\/tout-conducteur\/jeune-conducteur\/\">jeune conducteur<\/a> paie toujours plus cher. Pour une BMW 320, <strong>la prime peut d\u00e9passer <span class=\"change-price\">340<\/span> \u20ac par mois \u00e0 cause de la surprime et du risque jug\u00e9 plus \u00e9lev\u00e9 par les assureurs.<\/strong><\/p>\n\n\n\n<figure class=\"wp-block-table\"><table class=\"has-fixed-layout\"><thead><tr><td><strong>Profil conducteur<\/strong><\/td><td><strong>Prix bas (\u20ac\/mois)<\/strong><\/td><td><strong>Prix moyen (\u20ac\/mois)<\/strong><\/td><td><strong>Prix haut (\u20ac\/mois)<\/strong><\/td><\/tr><\/thead><tbody><tr><td>Moins de 25 ans<\/td><td><span class=\"change-price\">45<\/span> \u20ac<\/td><td><span class=\"change-price\">142<\/span> \u20ac<\/td><td><span class=\"change-price\">370<\/span> \u20ac<\/td><\/tr><tr><td>25 ans et plus<\/td><td><span class=\"change-price\">26<\/span> \u20ac<\/td><td><span class=\"change-price\">87<\/span> \u20ac<\/td><td><span class=\"change-price\">242<\/span> \u20ac<\/td><\/tr><\/tbody><\/table><\/figure>\n\n\n\n<h3 class=\"wp-block-heading\">Avec ou sans conducteur secondaire<\/h3>\n\n\n\n<p>Le prix varie aussi selon que vous d\u00e9clarez un <a href=\"https:\/\/leocare.eu\/fr\/assurance-auto-en-ligne\/couverture\/garanties\/complementaires\/dommages-corporels\/conducteur-secondaire\/\">conducteur secondaire<\/a> ou non. <strong>Ajouter un conducteur secondaire augmente l\u00e9g\u00e8rement la prime mais peut faciliter l\u2019acc\u00e8s \u00e0 une BMW pour un jeune permis.<\/strong><\/p>\n\n\n\n<figure class=\"wp-block-table\"><table class=\"has-fixed-layout\"><thead><tr><td><strong>Conducteur secondaire<\/strong><\/td><td><strong>Prix bas (\u20ac\/mois)<\/strong><\/td><td><strong>Prix moyen (\u20ac\/mois)<\/strong><\/td><td><strong>Prix haut (\u20ac\/mois)<\/strong><\/td><\/tr><\/thead><tbody><tr><td>Avec<\/td><td><span class=\"change-price\">20<\/span> \u20ac<\/td><td><span class=\"change-price\">45<\/span> \u20ac<\/td><td><span class=\"change-price\">95<\/span> \u20ac<\/td><\/tr><tr><td>Sans<\/td><td><span class=\"change-price\">19<\/span> \u20ac<\/td><td><span class=\"change-price\">43<\/span> \u20ac<\/td><td><span class=\"change-price\">94<\/span> \u20ac<\/td><\/tr><\/tbody><\/table><\/figure>\n\n\n\n<h3 class=\"wp-block-heading\">Calculer la prime selon le bonus malus<\/h3>\n\n\n\n<p>Le <a href=\"https:\/\/leocare.eu\/fr\/assurance-auto-en-ligne\/couverture\/contrat\/releve-information\/malus\/calcul-bonus-malus\/\">calcul du bonus malus<\/a> joue un r\u00f4le majeur dans le prix. <strong>Un conducteur avec un bonus 50 peut payer quatre fois moins qu\u2019un profil avec malus.<\/strong> L\u2019assureur utilise un coefficient qui \u00e9volue chaque ann\u00e9e en fonction de vos ant\u00e9c\u00e9dents de conduite.<\/p>\n\n\n\n<figure class=\"wp-block-table\"><table class=\"has-fixed-layout\"><thead><tr><td><strong>CRM<\/strong><\/td><td><strong>Prix bas (\u20ac\/mois)<\/strong><\/td><td><strong>Prix moyen (\u20ac\/mois)<\/strong><\/td><td><strong>Prix haut (\u20ac\/mois)<\/strong><\/td><\/tr><\/thead><tbody><tr><td>Bonus 50<\/td><td><span class=\"change-price\">19<\/span> \u20ac<\/td><td><span class=\"change-price\">43<\/span> \u20ac<\/td><td><span class=\"change-price\">94<\/span> \u20ac<\/td><\/tr><tr><td>Bonus<\/td><td><span class=\"change-price\">27<\/span> \u20ac<\/td><td><span class=\"change-price\">75<\/span> \u20ac<\/td><td><span class=\"change-price\">182<\/span> \u20ac<\/td><\/tr><tr><td>Neutre<\/td><td><span class=\"change-price\">48<\/span> \u20ac<\/td><td><span class=\"change-price\">144<\/span> \u20ac<\/td><td><span class=\"change-price\">408<\/span> \u20ac<\/td><\/tr><tr><td>Malus<\/td><td><span class=\"change-price\">51<\/span> \u20ac<\/td><td><span class=\"change-price\">136<\/span> \u20ac<\/td><td><span class=\"change-price\">324<\/span> \u20ac<\/td><\/tr><\/tbody><\/table><\/figure>\n\n\n\n<h3 class=\"wp-block-heading\">Prix selon la motorisation (diesel ou essence)<\/h3>\n\n\n\n<p>La motorisation influence aussi le tarif. <strong>Un mod\u00e8le diesel est souvent plus cher \u00e0 assurer qu\u2019une version essence, car son co\u00fbt d\u2019utilisation et sa valeur diff\u00e8rent.<\/strong><\/p>\n\n\n\n<figure class=\"wp-block-table\"><table class=\"has-fixed-layout\"><thead><tr><td><strong>Carburant<\/strong><\/td><td><strong>Prix bas (\u20ac\/mois)<\/strong><\/td><td><strong>Prix moyen (\u20ac\/mois)<\/strong><\/td><td><strong>Prix haut (\u20ac\/mois)<\/strong><\/td><\/tr><\/thead><tbody><tr><td>Diesel<\/td><td><span class=\"change-price\">25<\/span> \u20ac<\/td><td><span class=\"change-price\">87<\/span> \u20ac<\/td><td><span class=\"change-price\">261<\/span> \u20ac<\/td><\/tr><tr><td>Essence<\/td><td><span class=\"change-price\">22<\/span> \u20ac<\/td><td><span class=\"change-price\">75<\/span> \u20ac<\/td><td><span class=\"change-price\">187<\/span> \u20ac<\/td><\/tr><\/tbody><\/table><\/figure>\n\n\n\n<h2 class=\"wp-block-heading\">Comment souscrire une assurance pour une BMW 320 ?<\/h2>\n\n\n\n<p>La souscription suit plusieurs \u00e9tapes simples. <strong>De la s\u00e9lection de la formule \u00e0 la remise des documents, chaque \u00e9tape est rapide gr\u00e2ce aux comparateurs en ligne.<\/strong> Voici le processus g\u00e9n\u00e9ralement suivi :<\/p>\n\n\n\n<ul class=\"wp-block-list\">\n<li>Choisir la formule adapt\u00e9e \u00e0 vos besoins (tiers, tiers \u00e9tendu, tous risques).<br><\/li>\n\n\n\n<li>Fournir les documents n\u00e9cessaires : pi\u00e8ce d\u2019identit\u00e9, certificat d\u2019immatriculation, justificatif de domicile et RIB.<br><\/li>\n\n\n\n<li>Transmettre le relev\u00e9 d\u2019information si vous avez d\u00e9j\u00e0 \u00e9t\u00e9 assur\u00e9 (permet de calculer le bonus malus).<br><\/li>\n\n\n\n<li>Utiliser un comparateur en ligne pour obtenir rapidement plusieurs devis personnalis\u00e9s.<br><\/li>\n\n\n\n<li>Finaliser la souscription en signant le contrat et en payant la premi\u00e8re cotisation.<br><\/li>\n<\/ul>\n\n\n\n<p>Changer d\u2019assurance est devenu plus simple gr\u00e2ce \u00e0 la loi Hamon. <strong>Apr\u00e8s un an, vous pouvez r\u00e9silier \u00e0 tout moment et souscrire ailleurs sans contraintes.<\/strong><\/p>\n\n\n\n<h2 class=\"wp-block-heading\">Les avantages d\u2019assurer sa BMW 320 chez Leocare<\/h2>\n\n\n\n<p>Assurer une BMW 320 chez Leocare pr\u00e9sente plusieurs atouts. Parmi eux, trois \u00e9l\u00e9ments se d\u00e9marquent :<\/p>\n\n\n\n<ul class=\"wp-block-list\">\n<li><strong>Des tarifs comp\u00e9titifs gr\u00e2ce \u00e0 une gestion 100 % digitale.<\/strong> La souscription et la gestion du contrat se font directement depuis l\u2019application mobile. Vous pouvez ajouter un conducteur secondaire, modifier une garantie ou d\u00e9clarer un accident en quelques clics.<br><\/li>\n\n\n\n<li><strong>Des garanties renforc\u00e9es pour chaque formule.<\/strong> Au tiers, vous b\u00e9n\u00e9ficiez d\u00e9j\u00e0 d\u2019une assistance 0 km et d\u2019une couverture corporelle du conducteur jusqu\u2019\u00e0 1 million d\u2019euros. Le tiers \u00e9tendu ajoute le bris de glace, le vol ou l\u2019incendie. La formule tous risques propose une couverture compl\u00e8te et peut inclure la garantie Valeur \u00c0 Neuf, tr\u00e8s utile pour limiter les dommages financiers en cas de sinistre.<br><\/li>\n\n\n\n<li><strong>Une exp\u00e9rience utilisateur moderne et pratique.<\/strong> L\u2019application permet de comparer facilement les <a href=\"https:\/\/leocare.eu\/fr\/assurance-auto-en-ligne\/devis\/\">devis en ligne<\/a> et de choisir entre diff\u00e9rentes offres et formules adapt\u00e9es \u00e0 votre profil.<br><\/li>\n<\/ul>\n\n\n\n<p>Choisir une assurance pour une BMW 320 demande de bien \u00e9valuer ses besoins. <strong>L\u2019\u00e2ge de la voiture, le profil du conducteur et le niveau de couverture influencent directement le prix.<\/strong> Comparer les formules et utiliser son bonus pour r\u00e9duire la cotisation est une bonne strat\u00e9gie. Avec une assurance adapt\u00e9e, votre BMW 320 reste prot\u00e9g\u00e9e face aux al\u00e9as de la route. <strong>Chez Leocare, cette protection s\u2019accompagne d\u2019une exp\u00e9rience digitale moderne, pens\u00e9e pour donner aux conducteurs le contr\u00f4le total de leur contrat.<\/strong><\/p>\n","protected":false},"excerpt":{"rendered":"<p>Acqu\u00e9rir une BMW 320 est toujours un plaisir. Mais qui dit voiture de caract\u00e8re dit aussi assurance autoadapt\u00e9e. Pour bien prot\u00e9ger votre v\u00e9hicule et rouler l\u2019esprit l\u00e9ger, il faut comprendre comment se calcule le prix d\u2019un contrat et quelles garanties choisir. Voici un guide complet pour vous aider \u00e0 trouver l\u2019assurance qui correspond \u00e0 vos [&hellip;]<\/p>\n","protected":false},"author":34,"featured_media":15823,"parent":7411,"menu_order":0,"comment_status":"closed","ping_status":"closed","template":"template_seo.php","meta":{"_acf_changed":false,"footnotes":""},"class_list":["post-10807","page","type-page","status-publish","has-post-thumbnail","hentry"],"acf":[],"yoast_head":"<!-- This site is optimized with the Yoast SEO plugin v27.3 - https:\/\/yoast.com\/product\/yoast-seo-wordpress\/ -->\n<title>Assurance BMW 320 - Prix et devis en ligne \u2013 Leocare<\/title>\n<meta name=\"description\" content=\"D\u00e9couvrez nos offres d&#039;assurance pour BMW 320. Prot\u00e9gez votre voiture avec nos solutions adapt\u00e9es. Explorez nos options d\u00e8s maintenant et roulez en toute s\u00e9curit\u00e9.\" \/>\n<meta name=\"robots\" content=\"index, follow, max-snippet:-1, max-image-preview:large, max-video-preview:-1\" \/>\n<link rel=\"canonical\" href=\"https:\/\/leocare.eu\/fr\/assurance-auto-en-ligne\/bmw\/bmw-320\/\" \/>\n<meta property=\"og:locale\" content=\"fr_FR\" \/>\n<meta property=\"og:type\" content=\"article\" \/>\n<meta property=\"og:title\" content=\"Assurance BMW 320 - Prix et devis en ligne \u2013 Leocare\" \/>\n<meta property=\"og:description\" content=\"D\u00e9couvrez nos offres d&#039;assurance pour BMW 320. Prot\u00e9gez votre voiture avec nos solutions adapt\u00e9es. Explorez nos options d\u00e8s maintenant et roulez en toute s\u00e9curit\u00e9.\" \/>\n<meta property=\"og:url\" content=\"https:\/\/leocare.eu\/fr\/assurance-auto-en-ligne\/bmw\/bmw-320\/\" \/>\n<meta property=\"og:site_name\" content=\"Leocare, assurance en ligne automobile et habitation\" \/>\n<meta property=\"article:modified_time\" content=\"2026-04-07T14:33:44+00:00\" \/>\n<meta property=\"og:image\" content=\"https:\/\/leocare.eu\/fr\/wp-content\/uploads\/2023\/05\/bmw-320.webp\" \/>\n\t<meta property=\"og:image:width\" content=\"1800\" \/>\n\t<meta property=\"og:image:height\" content=\"1200\" \/>\n\t<meta property=\"og:image:type\" content=\"image\/webp\" \/>\n<meta name=\"twitter:card\" content=\"summary_large_image\" \/>\n<meta name=\"twitter:label1\" content=\"Dur\u00e9e de lecture estim\u00e9e\" \/>\n\t<meta name=\"twitter:data1\" content=\"4 minutes\" \/>\n<!-- \/ Yoast SEO plugin. -->","yoast_head_json":{"title":"Assurance BMW 320 - Prix et devis en ligne \u2013 Leocare","description":"D\u00e9couvrez nos offres d'assurance pour BMW 320. Prot\u00e9gez votre voiture avec nos solutions adapt\u00e9es. Explorez nos options d\u00e8s maintenant et roulez en toute s\u00e9curit\u00e9.","robots":{"index":"index","follow":"follow","max-snippet":"max-snippet:-1","max-image-preview":"max-image-preview:large","max-video-preview":"max-video-preview:-1"},"canonical":"https:\/\/leocare.eu\/fr\/assurance-auto-en-ligne\/bmw\/bmw-320\/","og_locale":"fr_FR","og_type":"article","og_title":"Assurance BMW 320 - Prix et devis en ligne \u2013 Leocare","og_description":"D\u00e9couvrez nos offres d'assurance pour BMW 320. Prot\u00e9gez votre voiture avec nos solutions adapt\u00e9es. Explorez nos options d\u00e8s maintenant et roulez en toute s\u00e9curit\u00e9.","og_url":"https:\/\/leocare.eu\/fr\/assurance-auto-en-ligne\/bmw\/bmw-320\/","og_site_name":"Leocare, assurance en ligne automobile et habitation","article_modified_time":"2026-04-07T14:33:44+00:00","og_image":[{"width":1800,"height":1200,"url":"https:\/\/leocare.eu\/fr\/wp-content\/uploads\/2023\/05\/bmw-320.webp","type":"image\/webp"}],"twitter_card":"summary_large_image","twitter_misc":{"Dur\u00e9e de lecture estim\u00e9e":"4 minutes"},"schema":{"@context":"https:\/\/schema.org","@graph":[{"@type":"WebPage","@id":"https:\/\/leocare.eu\/fr\/assurance-auto-en-ligne\/bmw\/bmw-320\/","url":"https:\/\/leocare.eu\/fr\/assurance-auto-en-ligne\/bmw\/bmw-320\/","name":"Assurance BMW 320 - Prix et devis en ligne \u2013 Leocare","isPartOf":{"@id":"https:\/\/leocare.eu\/fr\/#website"},"primaryImageOfPage":{"@id":"https:\/\/leocare.eu\/fr\/assurance-auto-en-ligne\/bmw\/bmw-320\/#primaryimage"},"image":{"@id":"https:\/\/leocare.eu\/fr\/assurance-auto-en-ligne\/bmw\/bmw-320\/#primaryimage"},"thumbnailUrl":"https:\/\/leocare.eu\/fr\/wp-content\/uploads\/2023\/05\/bmw-320.webp","datePublished":"2022-12-30T09:15:14+00:00","dateModified":"2026-04-07T14:33:44+00:00","description":"D\u00e9couvrez nos offres d'assurance pour BMW 320. Prot\u00e9gez votre voiture avec nos solutions adapt\u00e9es. Explorez nos options d\u00e8s maintenant et roulez en toute s\u00e9curit\u00e9.","breadcrumb":{"@id":"https:\/\/leocare.eu\/fr\/assurance-auto-en-ligne\/bmw\/bmw-320\/#breadcrumb"},"inLanguage":"fr-FR","potentialAction":[{"@type":"ReadAction","target":["https:\/\/leocare.eu\/fr\/assurance-auto-en-ligne\/bmw\/bmw-320\/"]}]},{"@type":"ImageObject","inLanguage":"fr-FR","@id":"https:\/\/leocare.eu\/fr\/assurance-auto-en-ligne\/bmw\/bmw-320\/#primaryimage","url":"https:\/\/leocare.eu\/fr\/wp-content\/uploads\/2023\/05\/bmw-320.webp","contentUrl":"https:\/\/leocare.eu\/fr\/wp-content\/uploads\/2023\/05\/bmw-320.webp","width":1800,"height":1200,"caption":"bmw 320"},{"@type":"WebSite","@id":"https:\/\/leocare.eu\/fr\/#website","url":"https:\/\/leocare.eu\/fr\/","name":"Leocare, assurance en ligne automobile et habitation","description":"enfin (r)assur\u00e9.e","publisher":{"@id":"https:\/\/leocare.eu\/fr\/#organization"},"potentialAction":[{"@type":"SearchAction","target":{"@type":"EntryPoint","urlTemplate":"https:\/\/leocare.eu\/fr\/?s={search_term_string}"},"query-input":{"@type":"PropertyValueSpecification","valueRequired":true,"valueName":"search_term_string"}}],"inLanguage":"fr-FR"},{"@type":"Organization","@id":"https:\/\/leocare.eu\/fr\/#organization","name":"Leocare, assurance en ligne automobile et habitation","url":"https:\/\/leocare.eu\/fr\/","logo":{"@type":"ImageObject","inLanguage":"fr-FR","@id":"https:\/\/leocare.eu\/fr\/#\/schema\/logo\/image\/","url":"https:\/\/leocare.eu\/fr\/wp-content\/uploads\/2020\/03\/logo-leocare.svg","contentUrl":"https:\/\/leocare.eu\/fr\/wp-content\/uploads\/2020\/03\/logo-leocare.svg","caption":"Leocare, assurance en ligne automobile et habitation"},"image":{"@id":"https:\/\/leocare.eu\/fr\/#\/schema\/logo\/image\/"}}]}},"_links":{"self":[{"href":"https:\/\/leocare.eu\/fr\/wp-json\/wp\/v2\/pages\/10807","targetHints":{"allow":["GET"]}}],"collection":[{"href":"https:\/\/leocare.eu\/fr\/wp-json\/wp\/v2\/pages"}],"about":[{"href":"https:\/\/leocare.eu\/fr\/wp-json\/wp\/v2\/types\/page"}],"author":[{"embeddable":true,"href":"https:\/\/leocare.eu\/fr\/wp-json\/wp\/v2\/users\/34"}],"replies":[{"embeddable":true,"href":"https:\/\/leocare.eu\/fr\/wp-json\/wp\/v2\/comments?post=10807"}],"version-history":[{"count":21,"href":"https:\/\/leocare.eu\/fr\/wp-json\/wp\/v2\/pages\/10807\/revisions"}],"predecessor-version":[{"id":40715,"href":"https:\/\/leocare.eu\/fr\/wp-json\/wp\/v2\/pages\/10807\/revisions\/40715"}],"up":[{"embeddable":true,"href":"https:\/\/leocare.eu\/fr\/wp-json\/wp\/v2\/pages\/7411"}],"wp:featuredmedia":[{"embeddable":true,"href":"https:\/\/leocare.eu\/fr\/wp-json\/wp\/v2\/media\/15823"}],"wp:attachment":[{"href":"https:\/\/leocare.eu\/fr\/wp-json\/wp\/v2\/media?parent=10807"}],"curies":[{"name":"wp","href":"https:\/\/api.w.org\/{rel}","templated":true}]}}