{"id":10782,"date":"2022-12-29T18:11:45","date_gmt":"2022-12-29T17:11:45","guid":{"rendered":"https:\/\/leocare.eu\/fr\/?page_id=10782"},"modified":"2026-04-07T16:33:41","modified_gmt":"2026-04-07T14:33:41","slug":"ordonnance-penale","status":"publish","type":"page","link":"https:\/\/leocare.eu\/fr\/assurance-auto-en-ligne\/sinistre\/indemnisation\/contester\/ordonnance-penale\/","title":{"rendered":"Litige auto : comment contester une ordonnance p\u00e9nale ?"},"content":{"rendered":"\n<p><b>\u00c0 la suite d\u2019une infraction routi\u00e8re, vous avez peut-\u00eatre re\u00e7u une ordonnance p\u00e9nale. Cet acte de proc\u00e9dure est de plus en plus privil\u00e9gi\u00e9 afin de d\u00e9sengorger les tribunaux. Vous n\u2019\u00eates pas d\u2019accord avec votre condamnation <\/b><b>\ud83d\ude45<\/b><b> ? Leocare, la n\u00e9o-assurance qui joue la transparence, vous explique quand et comment faire <\/b><b>opposition \u00e0 une ordonnance p\u00e9nale<\/b><b>.<\/b><\/p>\n\n\n\n<h2 class=\"wp-block-heading\" id=\"ancre1\">Qu\u2019est-ce qu\u2019une ordonnance p\u00e9nale ?<\/h2>\n\n\n\n<p>L\u2019opposition \u00e0 une ordonnance p\u00e9nale ne doit pas \u00eatre confondue avec la&nbsp;<a href=\"https:\/\/leocare.eu\/fr\/assurance-auto-en-ligne\/sinistre\/indemnisation\/contester\/\"><strong>contestation d\u2019une assurance auto<\/strong><\/a>.<\/p>\n\n\n\n<h3 class=\"wp-block-heading\">D\u00e9finition par le Code de proc\u00e9dure p\u00e9nale<\/h3>\n\n\n\n<p>Entrons dans le vif du sujet\u2026 Voil\u00e0 ce que dit l\u2019article 495 du Code de proc\u00e9dure p\u00e9nale : \u00ab\u2009Le procureur de la R\u00e9publique peut d\u00e9cider de recourir \u00e0 la proc\u00e9dure simplifi\u00e9e de l\u2019ordonnance p\u00e9nale pour les d\u00e9lits mentionn\u00e9s au paragraphe II du pr\u00e9sent article lorsqu\u2019il r\u00e9sulte de l\u2019enqu\u00eate de police judiciaire, que les faits reproch\u00e9s au pr\u00e9venu sont simples et \u00e9tablis.\u2009\u00bb<\/p>\n\n\n\n<p>Bon d\u2019accord, mais encore \ud83e\udd14 ? Pour faire simple, l\u2019ordonnance p\u00e9nale est un jugement simplifi\u00e9, sans comparution. Vous \u00eates donc condamn\u00e9 (ou pas) sans avoir \u00e0 vous pr\u00e9senter devant les tribunaux. Vous recevez simplement, par courrier recommand\u00e9 avec accus\u00e9 de r\u00e9ception, la d\u00e9cision prise par le juge sur la base des \u00e9l\u00e9ments, qui lui ont \u00e9t\u00e9 transmis.<\/p>\n\n\n\n<h3 class=\"wp-block-heading\">Application de l\u2019ordonnance p\u00e9nale<\/h3>\n\n\n\n<p>L\u2019ordonnance p\u00e9nale est-elle syst\u00e9matique ? Absolument pas. Elle ne concerne que les deux grandes cat\u00e9gories d\u2019infractions suivantes :<\/p>\n\n\n\n<ul class=\"wp-block-list\">\n<li>Les d\u00e9lits routiers : on parle, alors, d\u2019ordonnance p\u00e9nale d\u00e9lictuelle.<\/li>\n\n\n\n<li>Les contraventions : il s\u2019agit d\u2019ordonnance p\u00e9nale contraventionnelle.<\/li>\n<\/ul>\n\n\n\n<p>Les crimes sont donc exclus de cette proc\u00e9dure \ud83d\udeab. Par ailleurs, l\u2019ordonnance p\u00e9nale est possible \u00e0 condition que les faits soient \u00e9vidents. Les magistrats du parquet et du si\u00e8ge doivent se mettre d\u2019accord. En cas de doute, ils renoncent \u00e0 l\u2019ordonnance p\u00e9nale pour proc\u00e9der \u00e0 un jugement classique. Enfin, la plupart du temps, en pr\u00e9sence d\u2019une victime souhaitant s\u2019exprimer, les magistrats \u00e9cartent la possibilit\u00e9 d\u2019une ordonnance p\u00e9nale.<\/p>\n\n\n\n<h2 class=\"wp-block-heading\" id=\"ancre2\">Recours \u00e0 l\u2019ordonnance p\u00e9nale pour certains d\u00e9lits<\/h2>\n\n\n\n<p>Comme le mentionne l\u2019article 495 du Code de proc\u00e9dure p\u00e9nale, seules les infractions routi\u00e8res strictement mentionn\u00e9es peuvent faire l\u2019objet d\u2019une ordonnance p\u00e9nale. Lesquelles sont donc concern\u00e9es ? Regardons cela en d\u00e9tail\u2026<\/p>\n\n\n\n<ul class=\"wp-block-list\">\n<li>La conduite sans assurance auto.<\/li>\n\n\n\n<li>La conduite sans permis ou \u00e0 la suite d\u2019un retrait de permis.<\/li>\n\n\n\n<li>La conduite sous alcool \ud83c\udf77 \u00e0 condition, toutefois, que les faits soient sans gravit\u00e9. Il ne doit, par ailleurs, y avoir ni situation de r\u00e9cidive ni de r\u00e9it\u00e9ration du comportement, qui sont deux notions distinctes.<\/li>\n\n\n\n<li>La conduite sous stup\u00e9fiants.<\/li>\n<\/ul>\n\n\n\n<h2 class=\"wp-block-heading\" id=\"ancre3\">Quelle proc\u00e9dure pour faire opposition \u00e0 une ordonnance p\u00e9nale ?<\/h2>\n\n\n\n<p>Contester une ordonnance p\u00e9nale, c\u2019est possible ! En droit fran\u00e7ais, tous les accus\u00e9s ont, en effet, le droit de se d\u00e9fendre. La proc\u00e9dure est, toutefois, tr\u00e8s encadr\u00e9e.<\/p>\n\n\n\n<h3 class=\"wp-block-heading\">L\u2019opposition \u00e0 une ordonnance p\u00e9nale<\/h3>\n\n\n\n<p>Vous venez de recevoir votre ordonnance p\u00e9nale ? Vous avez 30 jours \u00e0 compter de la date d\u2019envoi de la d\u00e9cision pour la contester.<\/p>\n\n\n\n<p>Comment ? Ce n\u2019est pas tr\u00e8s compliqu\u00e9. Il vous suffit d\u2019envoyer un courrier \ud83d\udcee ou de vous rendre directement au greffe du tribunal concern\u00e9. Dans ce cas, une simple d\u00e9claration orale est n\u00e9cessaire.<\/p>\n\n\n\n<p>Et alors, que se passe-t-il ensuite ? Cela ne suffit \u00e9videmment pas \u00e0 vous innocenter. Votre affaire est cette fois renvoy\u00e9e devant une juridiction dans le cadre de la proc\u00e9dure de droit commun. Vous avez alors l\u2019opportunit\u00e9 d\u2019exposer vos arguments.<\/p>\n\n\n\n<h3 class=\"wp-block-heading\">Des preuves ?<\/h3>\n\n\n\n<p>Dernier point important : prenez le temps d\u2019\u00e9valuer vos chances de gagner votre proc\u00e8s. Avez-vous quelques arguments et pi\u00e8ces justificatives \u00e0 produire pour vous d\u00e9fendre ?<\/p>\n\n\n\n<p>Si vous \u00eates r\u00e9ellement coupable de l\u2019infraction, mieux vaut vous abstenir de contester votre ordonnance p\u00e9nale.<\/p>\n\n\n\n<p>Vous avez besoin de conseils pour contester votre ordonnance p\u00e9nale ? Votre assurance garantie juridique peut vous accompagner. Chez Leocare, nous vous proposons une assistance compl\u00e8te incluse dans votre assurance auto. Besoin d\u2019autres bonnes raisons de nous rejoindre ? Nos contrats sont 100 % flexibles et transparents. Parfaitement adapt\u00e9es \u00e0 vos besoins, nos assurances auto sont parmi les moins ch\u00e8res du march\u00e9 !<\/p>\n","protected":false},"excerpt":{"rendered":"<p>Qu\u2019est-ce qu\u2019une ordonnance p\u00e9nale ? L\u2019opposition \u00e0 une ordonnance p\u00e9nale ne doit pas \u00eatre confondue avec la&nbsp;contestation d\u2019une assurance auto. D\u00e9finition par le Code de proc\u00e9dure p\u00e9nale Entrons dans le vif du sujet\u2026 Voil\u00e0 ce que dit l\u2019article 495 du Code de proc\u00e9dure p\u00e9nale : \u00ab\u2009Le procureur de la R\u00e9publique peut d\u00e9cider de recourir \u00e0 [&hellip;]<\/p>\n","protected":false},"author":34,"featured_media":10044,"parent":10738,"menu_order":0,"comment_status":"closed","ping_status":"closed","template":"template_seo.php","meta":{"_acf_changed":false,"footnotes":""},"class_list":["post-10782","page","type-page","status-publish","has-post-thumbnail","hentry"],"acf":[],"yoast_head":"<!-- This site is optimized with the Yoast SEO plugin v27.3 - https:\/\/yoast.com\/product\/yoast-seo-wordpress\/ -->\n<title>Auto : comment faire opposition \u00e0 une ordonnance p\u00e9nale ?<\/title>\n<meta name=\"description\" content=\"D\u00e9couvrez comment contester efficacement une ordonnance p\u00e9nale li\u00e9e \u00e0 un litige auto. Passez \u00e0 l&#039;action aujourd&#039;hui, prot\u00e9gez vos droits !\" \/>\n<meta name=\"robots\" content=\"index, follow, max-snippet:-1, max-image-preview:large, max-video-preview:-1\" \/>\n<link rel=\"canonical\" href=\"https:\/\/leocare.eu\/fr\/assurance-auto-en-ligne\/sinistre\/indemnisation\/contester\/ordonnance-penale\/\" \/>\n<meta property=\"og:locale\" content=\"fr_FR\" \/>\n<meta property=\"og:type\" content=\"article\" \/>\n<meta property=\"og:title\" content=\"Auto : comment faire opposition \u00e0 une ordonnance p\u00e9nale ?\" \/>\n<meta property=\"og:description\" content=\"D\u00e9couvrez comment contester efficacement une ordonnance p\u00e9nale li\u00e9e \u00e0 un litige auto. Passez \u00e0 l&#039;action aujourd&#039;hui, prot\u00e9gez vos droits !\" \/>\n<meta property=\"og:url\" content=\"https:\/\/leocare.eu\/fr\/assurance-auto-en-ligne\/sinistre\/indemnisation\/contester\/ordonnance-penale\/\" \/>\n<meta property=\"og:site_name\" content=\"Leocare, assurance en ligne automobile et habitation\" \/>\n<meta property=\"article:modified_time\" content=\"2026-04-07T14:33:41+00:00\" \/>\n<meta property=\"og:image\" content=\"https:\/\/leocare.eu\/fr\/wp-content\/uploads\/2022\/12\/Opposition-ordonnance-penale.jpg\" \/>\n\t<meta property=\"og:image:width\" content=\"1800\" \/>\n\t<meta property=\"og:image:height\" content=\"1200\" \/>\n\t<meta property=\"og:image:type\" content=\"image\/jpeg\" \/>\n<meta name=\"twitter:card\" content=\"summary_large_image\" \/>\n<meta name=\"twitter:label1\" content=\"Dur\u00e9e de lecture estim\u00e9e\" \/>\n\t<meta name=\"twitter:data1\" content=\"4 minutes\" \/>\n<!-- \/ Yoast SEO plugin. -->","yoast_head_json":{"title":"Auto : comment faire opposition \u00e0 une ordonnance p\u00e9nale ?","description":"D\u00e9couvrez comment contester efficacement une ordonnance p\u00e9nale li\u00e9e \u00e0 un litige auto. Passez \u00e0 l'action aujourd'hui, prot\u00e9gez vos droits !","robots":{"index":"index","follow":"follow","max-snippet":"max-snippet:-1","max-image-preview":"max-image-preview:large","max-video-preview":"max-video-preview:-1"},"canonical":"https:\/\/leocare.eu\/fr\/assurance-auto-en-ligne\/sinistre\/indemnisation\/contester\/ordonnance-penale\/","og_locale":"fr_FR","og_type":"article","og_title":"Auto : comment faire opposition \u00e0 une ordonnance p\u00e9nale ?","og_description":"D\u00e9couvrez comment contester efficacement une ordonnance p\u00e9nale li\u00e9e \u00e0 un litige auto. Passez \u00e0 l'action aujourd'hui, prot\u00e9gez vos droits !","og_url":"https:\/\/leocare.eu\/fr\/assurance-auto-en-ligne\/sinistre\/indemnisation\/contester\/ordonnance-penale\/","og_site_name":"Leocare, assurance en ligne automobile et habitation","article_modified_time":"2026-04-07T14:33:41+00:00","og_image":[{"width":1800,"height":1200,"url":"https:\/\/leocare.eu\/fr\/wp-content\/uploads\/2022\/12\/Opposition-ordonnance-penale.jpg","type":"image\/jpeg"}],"twitter_card":"summary_large_image","twitter_misc":{"Dur\u00e9e de lecture estim\u00e9e":"4 minutes"},"schema":{"@context":"https:\/\/schema.org","@graph":[{"@type":"WebPage","@id":"https:\/\/leocare.eu\/fr\/assurance-auto-en-ligne\/sinistre\/indemnisation\/contester\/ordonnance-penale\/","url":"https:\/\/leocare.eu\/fr\/assurance-auto-en-ligne\/sinistre\/indemnisation\/contester\/ordonnance-penale\/","name":"Auto : comment faire opposition \u00e0 une ordonnance p\u00e9nale ?","isPartOf":{"@id":"https:\/\/leocare.eu\/fr\/#website"},"primaryImageOfPage":{"@id":"https:\/\/leocare.eu\/fr\/assurance-auto-en-ligne\/sinistre\/indemnisation\/contester\/ordonnance-penale\/#primaryimage"},"image":{"@id":"https:\/\/leocare.eu\/fr\/assurance-auto-en-ligne\/sinistre\/indemnisation\/contester\/ordonnance-penale\/#primaryimage"},"thumbnailUrl":"https:\/\/leocare.eu\/fr\/wp-content\/uploads\/2022\/12\/Opposition-ordonnance-penale.jpg","datePublished":"2022-12-29T17:11:45+00:00","dateModified":"2026-04-07T14:33:41+00:00","description":"D\u00e9couvrez comment contester efficacement une ordonnance p\u00e9nale li\u00e9e \u00e0 un litige auto. Passez \u00e0 l'action aujourd'hui, prot\u00e9gez vos droits !","breadcrumb":{"@id":"https:\/\/leocare.eu\/fr\/assurance-auto-en-ligne\/sinistre\/indemnisation\/contester\/ordonnance-penale\/#breadcrumb"},"inLanguage":"fr-FR","potentialAction":[{"@type":"ReadAction","target":["https:\/\/leocare.eu\/fr\/assurance-auto-en-ligne\/sinistre\/indemnisation\/contester\/ordonnance-penale\/"]}]},{"@type":"ImageObject","inLanguage":"fr-FR","@id":"https:\/\/leocare.eu\/fr\/assurance-auto-en-ligne\/sinistre\/indemnisation\/contester\/ordonnance-penale\/#primaryimage","url":"https:\/\/leocare.eu\/fr\/wp-content\/uploads\/2022\/12\/Opposition-ordonnance-penale.jpg","contentUrl":"https:\/\/leocare.eu\/fr\/wp-content\/uploads\/2022\/12\/Opposition-ordonnance-penale.jpg","width":1800,"height":1200,"caption":"opposition ordonnance p\u00e9nale assurance"},{"@type":"WebSite","@id":"https:\/\/leocare.eu\/fr\/#website","url":"https:\/\/leocare.eu\/fr\/","name":"Leocare, assurance en ligne automobile et habitation","description":"enfin (r)assur\u00e9.e","publisher":{"@id":"https:\/\/leocare.eu\/fr\/#organization"},"potentialAction":[{"@type":"SearchAction","target":{"@type":"EntryPoint","urlTemplate":"https:\/\/leocare.eu\/fr\/?s={search_term_string}"},"query-input":{"@type":"PropertyValueSpecification","valueRequired":true,"valueName":"search_term_string"}}],"inLanguage":"fr-FR"},{"@type":"Organization","@id":"https:\/\/leocare.eu\/fr\/#organization","name":"Leocare, assurance en ligne automobile et habitation","url":"https:\/\/leocare.eu\/fr\/","logo":{"@type":"ImageObject","inLanguage":"fr-FR","@id":"https:\/\/leocare.eu\/fr\/#\/schema\/logo\/image\/","url":"https:\/\/leocare.eu\/fr\/wp-content\/uploads\/2020\/03\/logo-leocare.svg","contentUrl":"https:\/\/leocare.eu\/fr\/wp-content\/uploads\/2020\/03\/logo-leocare.svg","caption":"Leocare, assurance en ligne automobile et habitation"},"image":{"@id":"https:\/\/leocare.eu\/fr\/#\/schema\/logo\/image\/"}}]}},"_links":{"self":[{"href":"https:\/\/leocare.eu\/fr\/wp-json\/wp\/v2\/pages\/10782","targetHints":{"allow":["GET"]}}],"collection":[{"href":"https:\/\/leocare.eu\/fr\/wp-json\/wp\/v2\/pages"}],"about":[{"href":"https:\/\/leocare.eu\/fr\/wp-json\/wp\/v2\/types\/page"}],"author":[{"embeddable":true,"href":"https:\/\/leocare.eu\/fr\/wp-json\/wp\/v2\/users\/34"}],"replies":[{"embeddable":true,"href":"https:\/\/leocare.eu\/fr\/wp-json\/wp\/v2\/comments?post=10782"}],"version-history":[{"count":14,"href":"https:\/\/leocare.eu\/fr\/wp-json\/wp\/v2\/pages\/10782\/revisions"}],"predecessor-version":[{"id":35604,"href":"https:\/\/leocare.eu\/fr\/wp-json\/wp\/v2\/pages\/10782\/revisions\/35604"}],"up":[{"embeddable":true,"href":"https:\/\/leocare.eu\/fr\/wp-json\/wp\/v2\/pages\/10738"}],"wp:featuredmedia":[{"embeddable":true,"href":"https:\/\/leocare.eu\/fr\/wp-json\/wp\/v2\/media\/10044"}],"wp:attachment":[{"href":"https:\/\/leocare.eu\/fr\/wp-json\/wp\/v2\/media?parent=10782"}],"curies":[{"name":"wp","href":"https:\/\/api.w.org\/{rel}","templated":true}]}}