{"id":10771,"date":"2022-12-29T17:58:15","date_gmt":"2022-12-29T16:58:15","guid":{"rendered":"https:\/\/leocare.eu\/fr\/?page_id=10771"},"modified":"2026-04-07T16:33:39","modified_gmt":"2026-04-07T14:33:39","slug":"assignation-justice","status":"publish","type":"page","link":"https:\/\/leocare.eu\/fr\/assurance-auto-en-ligne\/sinistre\/indemnisation\/contester\/mediateur-assurance\/assignation-justice\/","title":{"rendered":"Assigner une assurance en justice"},"content":{"rendered":"\n<p><b>Un conflit avec votre assureur ? Refus d\u2019indemnisation, r\u00e9siliation unilat\u00e9rale injustifi\u00e9e, application d\u2019une exclusion de garantie\u2026 les motifs sont nombreux. Mais alors comment <\/b><b>assigner une assurance en justice <\/b><b>\u2696\ufe0f<\/b><b> ? Leocare, la n\u00e9o-assurance qui associe care et transparence, vous explique tout. <\/b><\/p>\n\n\n\n<h2 class=\"wp-block-heading\" id=\"section-1-assigner-une-assurance-en-justice-la-mdiation-pralable-comme\"><strong>Assigner une assurance en justice : la m\u00e9diation pr\u00e9alable comme premier recours<\/strong><\/h2>\n\n\n\n<p>Vous avez re\u00e7u un&nbsp;<strong><a href=\"https:\/\/leocare.eu\/fr\/assurance-auto-en-ligne\/sinistre\/indemnisation\/refus\/\">refus d\u2019indemnisation par l\u2019assurance auto<\/a><\/strong>&nbsp;? Pas de panique, vous pouvez porter&nbsp;r\u00e9clamation&nbsp;(en respectant les d\u00e9lais de&nbsp;prescription). Votre&nbsp;compagnie&nbsp;doit justifier son&nbsp;refus&nbsp;de prendre en charge les&nbsp;dommages&nbsp;caus\u00e9s par un&nbsp;accident, conform\u00e9ment au Code des&nbsp;assurances. En cas de&nbsp;litige&nbsp;portant sur une&nbsp;indemnisation, vous pouvez porter l\u2019affaire devant la juridiction comp\u00e9tente.<\/p>\n\n\n\n<p>N\u2019allez pas trop vite \u270b !! Avant de lancer une action devant les tribunaux pour contester l\u2019application de votre franchise d\u2019assurance auto ou remettre en cause des exclusions de garantie, tentez le recours \u00e0 l\u2019amiable avec votre assureur.<\/p>\n\n\n\n<p>Une solution amiable ? De quoi s\u2019agit-il ? Ce recours pr\u00e9alable recouvre en r\u00e9alit\u00e9 deux \u00e9tapes. La premi\u00e8re consiste \u00e0 contacter le service client (ou r\u00e9clamation) de votre assurance auto. En cas d\u2019\u00e9chec ou d\u2019absence de r\u00e9ponse, la seconde \u00e9tape est de saisir le&nbsp;<strong><a href=\"https:\/\/leocare.eu\/fr\/assurance-auto-en-ligne\/sinistre\/indemnisation\/contester\/mediateur-assurance\/\">m\u00e9diateur de l\u2019assurance<\/a><\/strong>.<\/p>\n\n\n\n<p>Vous pouvez tout \u00e0 fait&nbsp;<strong><a href=\"https:\/\/leocare.eu\/fr\/assurance-auto-en-ligne\/sinistre\/indemnisation\/contester\/\">contester une indemnisation de sinistre<\/a><\/strong>. Ce&nbsp;litige&nbsp;intervient g\u00e9n\u00e9ralement apr\u00e8s un&nbsp;refus&nbsp;de prise en charge ou lorsque la somme propos\u00e9e par votre&nbsp;compagnie&nbsp;pour l\u2019indemnisation&nbsp;des&nbsp;dommages&nbsp;d\u2019un&nbsp;accident&nbsp;vous semble insuffisante. Attention, il existe un d\u00e9lai de&nbsp;prescription&nbsp;pour porter une telle&nbsp;r\u00e9clamation.<\/p>\n\n\n\n<p>Chez Leocare, nous pr\u00f4nons la r\u00e9solution amiable des conflits avec nos clients comme principe afin que vous puissiez b\u00e9n\u00e9ficier d\u2019une solution rapide et gratuite au conflit qui nous oppose.<\/p>\n\n\n\n<div class=\"bon-a-savoir\">\n\n\n\n<p>Attention, les \u00e9quipements sont souvent source de litige<\/p>\n\n\n\n<p>Les&nbsp;assurances&nbsp;consid\u00e8rent qu\u2019ils font partie des exclusions de garantie. \u00c0 moins de&nbsp;<a href=\"https:\/\/leocare.eu\/fr\/assurance-auto-en-ligne\/couverture\/garanties\/complementaires\/dommages-materiels\/equipements-auto\/coffre-de-toit\/\"><strong>souscrire \u00e0 une assurance auto pour son coffre de toit<\/strong><\/a>&nbsp;ou son si\u00e8ge auto, vous ne b\u00e9n\u00e9ficiez d\u2019aucune&nbsp;indemnisation&nbsp;des&nbsp;dommages&nbsp;lors d\u2019un&nbsp;accident&nbsp;par votre&nbsp;compagnie. Votre&nbsp;compagnie&nbsp;vous a signifi\u00e9 un&nbsp;refus&nbsp;d\u2019indemnisation&nbsp;des&nbsp;dommages&nbsp;suite \u00e0 un&nbsp;accident&nbsp;? Peut-\u00eatre la situation rel\u00e8ve-t-elle d\u2019une&nbsp;<a href=\"https:\/\/leocare.eu\/fr\/assurance-auto-en-ligne\/couverture\/contrat\/exclusion-garantie\/\"><strong>exclusion de garantie<\/strong><\/a>&nbsp;? N\u2019h\u00e9sitez pas \u00e0 effectuer une&nbsp;r\u00e9clamation&nbsp;aupr\u00e8s du service client. En cas d\u2019absence&nbsp;de r\u00e9ponse ou de maintien du refus, vous pourrez porter le&nbsp;litige&nbsp;devant les tribunaux.<\/p>\n\n\n\n<\/div>\n\n\n\n<h2 class=\"wp-block-heading\" id=\"section-2-comment-assigner-une-assurance-en-justice-\"><strong>Comment assigner une assurance en justice ?<\/strong><\/h2>\n\n\n\n<p>L\u2019intervention du m\u00e9diateur est un \u00e9chec ? Vous pouvez saisir le tribunal pour contester la d\u00e9cision de votre conflit d\u2019assurance auto (attention \u00e0 la date de prescription).<\/p>\n\n\n\n<h3 class=\"wp-block-heading\"><strong>Quelle juridiction saisir ?<\/strong><\/h3>\n\n\n\n<p>Le tribunal comp\u00e9tent est le tribunal judiciaire. La comp\u00e9tence pourra \u00eatre attribu\u00e9e \u00e0 un tribunal de proximit\u00e9 dans les villes qui \u00e9taient pourvues auparavant de tribunaux d\u2019instance. Toutefois, le montant du d\u00e9saccord ne doit pas exc\u00e9der 10 000 euros.<\/p>\n\n\n\n<p>Les&nbsp;assurances&nbsp;sont g\u00e9n\u00e9ralement poursuivies pour&nbsp;refus&nbsp;de prise en charge ou&nbsp;absence&nbsp;de r\u00e9ponse. Si le litige est tranch\u00e9 en votre faveur, votre&nbsp;compagnie&nbsp;devra vous verser des&nbsp;<strong><a href=\"https:\/\/leocare.eu\/fr\/assurance-auto-en-ligne\/sinistre\/indemnisation\/litige\/calcul-interets-retard\/\">int\u00e9r\u00eats de retard d\u2019indemnisation<\/a><\/strong>. Si votre&nbsp;r\u00e9clamation&nbsp;n\u2019aboutit pas, vous ne pourrez pr\u00e9tendre \u00e0 aucun remboursement des&nbsp;dommages&nbsp;de l\u2019accident.<\/p>\n\n\n\n<p>Voyons maintenant la comp\u00e9tence territoriale des juges en cas de contestation d\u2019assurance auto. En principe, c\u2019est le tribunal dont d\u00e9pend votre domicile qui doit traiter votre affaire. Il existe, toutefois, une exception \u00e0 avoir en t\u00eate. Si le litige est li\u00e9 \u00e0 un sinistre, vous pouvez saisir le tribunal du lieu du sinistre. Vous avez donc le choix.<\/p>\n\n\n\n<p>Prenons un exemple\u2026 Vous habitez Lyon et vous \u00eates victime d\u2019un accident de la route \u00e0 Brest. Votre assurance refuse votre prise en charge. Vous pouvez saisir le tribunal de Brest ou celui de Lyon.<\/p>\n\n\n\n<p>La saisine du tribunal d\u2019une autre r\u00e9gion implique, cependant, plus de contraintes et de frais. Il est donc toujours pr\u00e9f\u00e9rable d\u2019opter pour le tribunal attach\u00e9 \u00e0 votre domicile \ud83c\udfe0. Comme pour toute proc\u00e9dure judiciaire, il est possible de se pourvoir ensuite en appel puis en cassation.<\/p>\n\n\n\n<h3 class=\"wp-block-heading\"><strong>Faut-il prendre un avocat ?<\/strong><\/h3>\n\n\n\n<p>Devant le tribunal de proximit\u00e9, l\u2019avocat n\u2019est pas obligatoire. En revanche, vous \u00eates oblig\u00e9 d\u2019\u00eatre repr\u00e9sent\u00e9 en cas de contentieux devant le tribunal judiciaire.<\/p>\n\n\n\n<p>Engager un avocat repr\u00e9sente un co\u00fbt, souvent non n\u00e9gligeable. Toutefois, gardez en t\u00eate que les compagnies b\u00e9n\u00e9ficient de conseils sp\u00e9cialis\u00e9s. Par ailleurs, le droit des assurances comme la proc\u00e9dure judiciaire peut para\u00eetre bien obscur et complexe aux yeux d\u2019un novice \ud83d\ude15. Pour toutes ces raisons, il est pr\u00e9f\u00e9rable d\u2019\u00eatre accompagn\u00e9 par un avocat, afin d\u2019assigner votre assurance en justice, dans les meilleures conditions.<\/p>\n\n\n\n<p>Si votre&nbsp;compagnie&nbsp;consid\u00e8re que vous n\u2019avez pas respect\u00e9 vos obligations, elle peut prononcer une&nbsp;<strong><a href=\"https:\/\/leocare.eu\/fr\/assurance-auto-en-ligne\/sinistre\/indemnisation\/decheance-garantie\/\">d\u00e9ch\u00e9ance de garantie<\/a><\/strong>. Vous ne pourrez alors pr\u00e9tendre \u00e0 aucune&nbsp;indemnisation&nbsp;des&nbsp;dommages&nbsp;caus\u00e9s par l\u2019accident. En l\u2019absence d\u2019avocat pour vous repr\u00e9senter, il vous est difficile de faire face aux&nbsp;assurances&nbsp;lors d\u2019un&nbsp;litige&nbsp;de ce type.<\/p>\n\n\n\n<h2 class=\"wp-block-heading\" id=\"section-3-quels-sont-les-frais-prvoir-pour-assigner-un-assureur-en-jus\"><strong>Quels sont les frais \u00e0 pr\u00e9voir pour assigner un assureur en justice<\/strong><\/h2>\n\n\n\n<p>Vous avez d\u00e9cid\u00e9 d\u2019assigner votre assureur devant les tribunaux ? Voici les frais auxquels vous allez devoir faire face \ud83e\udef0. \u00c0 cet \u00e9gard, la garantie protection juridique de votre assurance habitation peut, par exemple, vous \u00eatre d\u2019un grand secours.<\/p>\n\n\n\n<h3 class=\"wp-block-heading\"><strong>Les frais de proc\u00e9dure<\/strong><\/h3>\n\n\n\n<p>Les frais de proc\u00e9dure regroupent les d\u00e9pens pr\u00e9vus \u00e0 l\u2019article 695 du Code de proc\u00e9dure civile. Ils comprennent notamment :<\/p>\n\n\n\n<ul class=\"wp-block-list\">\n<li>Les honoraires des huissiers de justice.<\/li>\n\n\n\n<li>Les frais d\u2019expertise.<\/li>\n\n\n\n<li>La r\u00e9mun\u00e9ration des experts (m\u00e9decins, comptables, techniciens, etc.).<\/li>\n\n\n\n<li>Le montant des honoraires de proc\u00e9dure d\u00e9pend de la complexit\u00e9 de votre affaire.<\/li>\n<\/ul>\n\n\n\n<h3 class=\"wp-block-heading\"><strong>Les frais irr\u00e9p\u00e9tibles<\/strong><\/h3>\n\n\n\n<p>Les frais irr\u00e9p\u00e9tibles sont, tout simplement, les honoraires de votre avocat. Ces derniers varient en fonction de la nature de votre affaire, de sa complexit\u00e9, ou encore de la r\u00e9putation de votre conseil.<\/p>\n\n\n\n<p>Les cabinets d\u2019avocats proposent, en principe, deux modes de r\u00e9mun\u00e9ration :<\/p>\n\n\n\n<ul class=\"wp-block-list\">\n<li>Le forfait.<\/li>\n\n\n\n<li>La facturation au temps pass\u00e9.<\/li>\n<\/ul>\n\n\n\n<p>Une bonne nouvelle pour finir \ud83d\ude03 : si vous gagnez votre proc\u00e8s, l\u2019assureur peut \u00eatre condamn\u00e9 \u00e0 prendre en charge l\u2019ensemble de vos frais !<\/p>\n\n\n\n<p>Vous pouvez souscrire \u00e0 des&nbsp;<strong><a href=\"https:\/\/leocare.eu\/fr\/assurance-auto-en-ligne\/couverture\/garanties\/complementaires\/dommages-juridiques-financiers\/\">garanties dommages juridiques et financiers<\/a><\/strong>&nbsp;aupr\u00e8s de votre&nbsp;compagnie. Cela peut s\u2019av\u00e9rer bien utile en cas de&nbsp;litige&nbsp;avec un autre automobiliste (absence&nbsp;d\u2019accord sur le constat amiable par exemple). Vous r\u00e9duisez ainsi les cas d\u2019exclusions&nbsp;de garantie des&nbsp;assurances&nbsp;et b\u00e9n\u00e9ficiez d\u2019une meilleure&nbsp;indemnisation&nbsp;des&nbsp;dommages&nbsp;en cas d\u2019accident.<\/p>\n\n\n\n<p>Pour limiter le risque de diff\u00e9rend, veillez \u00e0 bien choisir votre assurance. Chez Leocare, la satisfaction de nos clients est au c\u0153ur de notre engagement. Une question ? Un probl\u00e8me ? Nos Leoconseillers sont disponibles 7j\/7, 24h\/24 via notre app pour r\u00e9pondre \u00e0 toutes vos demandes. La solution id\u00e9ale pour rouler en toute s\u00e9r\u00e9nit\u00e9 !<\/p>\n","protected":false},"excerpt":{"rendered":"<p>Un conflit avec votre assureur ? Refus d\u2019indemnisation, r\u00e9siliation unilat\u00e9rale injustifi\u00e9e, application d\u2019une exclusion de garantie\u2026 les motifs sont nombreux. Mais alors comment assigner une assurance en justice \u2696\ufe0f ? Leocare, la n\u00e9o-assurance qui associe care et transparence, vous explique tout. Assigner une assurance en justice : la m\u00e9diation pr\u00e9alable comme premier recours Vous avez [&hellip;]<\/p>\n","protected":false},"author":34,"featured_media":9925,"parent":10759,"menu_order":0,"comment_status":"closed","ping_status":"closed","template":"template_seo.php","meta":{"_acf_changed":false,"footnotes":""},"class_list":["post-10771","page","type-page","status-publish","has-post-thumbnail","hentry"],"acf":[],"yoast_head":"<!-- This site is optimized with the Yoast SEO plugin v27.3 - https:\/\/yoast.com\/product\/yoast-seo-wordpress\/ -->\n<title>Comment assigner une assurance en justice ? - Leocare<\/title>\n<meta name=\"description\" content=\"D\u00e9couvrez comment assigner une assurance en justice efficacement. Apprenez les \u00e9tapes essentielles, et parcourez nos conseils pratiques. Agissez maintenant!\" \/>\n<meta name=\"robots\" content=\"index, follow, max-snippet:-1, max-image-preview:large, max-video-preview:-1\" \/>\n<link rel=\"canonical\" href=\"https:\/\/leocare.eu\/fr\/assurance-auto-en-ligne\/sinistre\/indemnisation\/contester\/mediateur-assurance\/assignation-justice\/\" \/>\n<meta property=\"og:locale\" content=\"fr_FR\" \/>\n<meta property=\"og:type\" content=\"article\" \/>\n<meta property=\"og:title\" content=\"Comment assigner une assurance en justice ? - Leocare\" \/>\n<meta property=\"og:description\" content=\"D\u00e9couvrez comment assigner une assurance en justice efficacement. Apprenez les \u00e9tapes essentielles, et parcourez nos conseils pratiques. Agissez maintenant!\" \/>\n<meta property=\"og:url\" content=\"https:\/\/leocare.eu\/fr\/assurance-auto-en-ligne\/sinistre\/indemnisation\/contester\/mediateur-assurance\/assignation-justice\/\" \/>\n<meta property=\"og:site_name\" content=\"Leocare, assurance en ligne automobile et habitation\" \/>\n<meta property=\"article:modified_time\" content=\"2026-04-07T14:33:39+00:00\" \/>\n<meta property=\"og:image\" content=\"https:\/\/leocare.eu\/fr\/wp-content\/uploads\/2022\/12\/assignation-assurance-en-justice.jpg\" \/>\n\t<meta property=\"og:image:width\" content=\"1800\" \/>\n\t<meta property=\"og:image:height\" content=\"1200\" \/>\n\t<meta property=\"og:image:type\" content=\"image\/jpeg\" \/>\n<meta name=\"twitter:card\" content=\"summary_large_image\" \/>\n<meta name=\"twitter:label1\" content=\"Dur\u00e9e de lecture estim\u00e9e\" \/>\n\t<meta name=\"twitter:data1\" content=\"6 minutes\" \/>\n<!-- \/ Yoast SEO plugin. -->","yoast_head_json":{"title":"Comment assigner une assurance en justice ? - Leocare","description":"D\u00e9couvrez comment assigner une assurance en justice efficacement. Apprenez les \u00e9tapes essentielles, et parcourez nos conseils pratiques. Agissez maintenant!","robots":{"index":"index","follow":"follow","max-snippet":"max-snippet:-1","max-image-preview":"max-image-preview:large","max-video-preview":"max-video-preview:-1"},"canonical":"https:\/\/leocare.eu\/fr\/assurance-auto-en-ligne\/sinistre\/indemnisation\/contester\/mediateur-assurance\/assignation-justice\/","og_locale":"fr_FR","og_type":"article","og_title":"Comment assigner une assurance en justice ? - Leocare","og_description":"D\u00e9couvrez comment assigner une assurance en justice efficacement. Apprenez les \u00e9tapes essentielles, et parcourez nos conseils pratiques. Agissez maintenant!","og_url":"https:\/\/leocare.eu\/fr\/assurance-auto-en-ligne\/sinistre\/indemnisation\/contester\/mediateur-assurance\/assignation-justice\/","og_site_name":"Leocare, assurance en ligne automobile et habitation","article_modified_time":"2026-04-07T14:33:39+00:00","og_image":[{"width":1800,"height":1200,"url":"https:\/\/leocare.eu\/fr\/wp-content\/uploads\/2022\/12\/assignation-assurance-en-justice.jpg","type":"image\/jpeg"}],"twitter_card":"summary_large_image","twitter_misc":{"Dur\u00e9e de lecture estim\u00e9e":"6 minutes"},"schema":{"@context":"https:\/\/schema.org","@graph":[{"@type":"WebPage","@id":"https:\/\/leocare.eu\/fr\/assurance-auto-en-ligne\/sinistre\/indemnisation\/contester\/mediateur-assurance\/assignation-justice\/","url":"https:\/\/leocare.eu\/fr\/assurance-auto-en-ligne\/sinistre\/indemnisation\/contester\/mediateur-assurance\/assignation-justice\/","name":"Comment assigner une assurance en justice ? - Leocare","isPartOf":{"@id":"https:\/\/leocare.eu\/fr\/#website"},"primaryImageOfPage":{"@id":"https:\/\/leocare.eu\/fr\/assurance-auto-en-ligne\/sinistre\/indemnisation\/contester\/mediateur-assurance\/assignation-justice\/#primaryimage"},"image":{"@id":"https:\/\/leocare.eu\/fr\/assurance-auto-en-ligne\/sinistre\/indemnisation\/contester\/mediateur-assurance\/assignation-justice\/#primaryimage"},"thumbnailUrl":"https:\/\/leocare.eu\/fr\/wp-content\/uploads\/2022\/12\/assignation-assurance-en-justice.jpg","datePublished":"2022-12-29T16:58:15+00:00","dateModified":"2026-04-07T14:33:39+00:00","description":"D\u00e9couvrez comment assigner une assurance en justice efficacement. Apprenez les \u00e9tapes essentielles, et parcourez nos conseils pratiques. Agissez maintenant!","breadcrumb":{"@id":"https:\/\/leocare.eu\/fr\/assurance-auto-en-ligne\/sinistre\/indemnisation\/contester\/mediateur-assurance\/assignation-justice\/#breadcrumb"},"inLanguage":"fr-FR","potentialAction":[{"@type":"ReadAction","target":["https:\/\/leocare.eu\/fr\/assurance-auto-en-ligne\/sinistre\/indemnisation\/contester\/mediateur-assurance\/assignation-justice\/"]}]},{"@type":"ImageObject","inLanguage":"fr-FR","@id":"https:\/\/leocare.eu\/fr\/assurance-auto-en-ligne\/sinistre\/indemnisation\/contester\/mediateur-assurance\/assignation-justice\/#primaryimage","url":"https:\/\/leocare.eu\/fr\/wp-content\/uploads\/2022\/12\/assignation-assurance-en-justice.jpg","contentUrl":"https:\/\/leocare.eu\/fr\/wp-content\/uploads\/2022\/12\/assignation-assurance-en-justice.jpg","width":1800,"height":1200,"caption":"Assignation En Justice Assurance"},{"@type":"WebSite","@id":"https:\/\/leocare.eu\/fr\/#website","url":"https:\/\/leocare.eu\/fr\/","name":"Leocare, assurance en ligne automobile et habitation","description":"enfin (r)assur\u00e9.e","publisher":{"@id":"https:\/\/leocare.eu\/fr\/#organization"},"potentialAction":[{"@type":"SearchAction","target":{"@type":"EntryPoint","urlTemplate":"https:\/\/leocare.eu\/fr\/?s={search_term_string}"},"query-input":{"@type":"PropertyValueSpecification","valueRequired":true,"valueName":"search_term_string"}}],"inLanguage":"fr-FR"},{"@type":"Organization","@id":"https:\/\/leocare.eu\/fr\/#organization","name":"Leocare, assurance en ligne automobile et habitation","url":"https:\/\/leocare.eu\/fr\/","logo":{"@type":"ImageObject","inLanguage":"fr-FR","@id":"https:\/\/leocare.eu\/fr\/#\/schema\/logo\/image\/","url":"https:\/\/leocare.eu\/fr\/wp-content\/uploads\/2020\/03\/logo-leocare.svg","contentUrl":"https:\/\/leocare.eu\/fr\/wp-content\/uploads\/2020\/03\/logo-leocare.svg","caption":"Leocare, assurance en ligne automobile et habitation"},"image":{"@id":"https:\/\/leocare.eu\/fr\/#\/schema\/logo\/image\/"}}]}},"_links":{"self":[{"href":"https:\/\/leocare.eu\/fr\/wp-json\/wp\/v2\/pages\/10771","targetHints":{"allow":["GET"]}}],"collection":[{"href":"https:\/\/leocare.eu\/fr\/wp-json\/wp\/v2\/pages"}],"about":[{"href":"https:\/\/leocare.eu\/fr\/wp-json\/wp\/v2\/types\/page"}],"author":[{"embeddable":true,"href":"https:\/\/leocare.eu\/fr\/wp-json\/wp\/v2\/users\/34"}],"replies":[{"embeddable":true,"href":"https:\/\/leocare.eu\/fr\/wp-json\/wp\/v2\/comments?post=10771"}],"version-history":[{"count":14,"href":"https:\/\/leocare.eu\/fr\/wp-json\/wp\/v2\/pages\/10771\/revisions"}],"predecessor-version":[{"id":37304,"href":"https:\/\/leocare.eu\/fr\/wp-json\/wp\/v2\/pages\/10771\/revisions\/37304"}],"up":[{"embeddable":true,"href":"https:\/\/leocare.eu\/fr\/wp-json\/wp\/v2\/pages\/10759"}],"wp:featuredmedia":[{"embeddable":true,"href":"https:\/\/leocare.eu\/fr\/wp-json\/wp\/v2\/media\/9925"}],"wp:attachment":[{"href":"https:\/\/leocare.eu\/fr\/wp-json\/wp\/v2\/media?parent=10771"}],"curies":[{"name":"wp","href":"https:\/\/api.w.org\/{rel}","templated":true}]}}