{"id":10731,"date":"2022-12-29T17:45:33","date_gmt":"2022-12-29T16:45:33","guid":{"rendered":"https:\/\/leocare.eu\/fr\/?page_id=10731"},"modified":"2026-04-02T12:15:24","modified_gmt":"2026-04-02T10:15:24","slug":"x1","status":"publish","type":"page","link":"https:\/\/leocare.eu\/fr\/assurance-auto-en-ligne\/bmw\/x1\/","title":{"rendered":"Assurance BMW X1 : formules et tarifs"},"content":{"rendered":"\n<p>Vous poss\u00e9dez une BMW X1 et vous vous demandez combien co\u00fbte son <a href=\"https:\/\/leocare.eu\/fr\/assurance-auto-en-ligne\/\">assurance auto<\/a> ? Bonne question. <strong>Le prix d\u2019un contrat d\u2019assurance varie selon de nombreux crit\u00e8res, allant de l\u2019\u00e2ge de la voiture jusqu\u2019\u00e0 votre profil de conducteur.<\/strong> Chaque contrat inclut des niveaux de garantie diff\u00e9rents et influence donc le prix final. D\u00e9couvrons ensemble comment tout cela fonctionne et comment trouver l\u2019offre adapt\u00e9e \u00e0 vos besoins.<\/p>\n\n\n\n<h2 class=\"wp-block-heading\">Comment est calcul\u00e9 le prix d\u2019une assurance pour la BMW X1 ?<\/h2>\n\n\n\n<p>Le tarif de l\u2019<a href=\"https:\/\/leocare.eu\/fr\/assurance-auto-en-ligne\/bmw\/\">assurance d\u2019un v\u00e9hicule comme la BMW<\/a> X1 n\u2019est jamais fixe. <strong>Plusieurs \u00e9l\u00e9ments influencent directement le montant que vous allez payer.<\/strong> Cela concerne \u00e0 la fois les caract\u00e9ristiques de votre voiture, votre profil de conducteur et les garanties que vous choisissez dans votre contrat.<\/p>\n\n\n\n<h3 class=\"wp-block-heading\">Prix selon l\u2019anciennet\u00e9 de la BMW X1<\/h3>\n\n\n\n<p>Le prix de l\u2019assurance auto diff\u00e8re selon que votre voiture soit neuve ou d\u2019occasion. <strong>Une BMW X1 neuve revient souvent moins ch\u00e8re \u00e0 assurer qu\u2019un mod\u00e8le ancien, voir m\u00eame qu&rsquo;une <a href=\"https:\/\/leocare.eu\/fr\/assurance-auto-en-ligne\/audi\/a1\/\">Audi A1<\/a>.<\/strong> Une voiture r\u00e9cente b\u00e9n\u00e9ficie d\u2019un meilleur niveau de s\u00e9curit\u00e9 et pr\u00e9sente moins de risques de panne. Les assureurs appliquent parfois une r\u00e9duction sur la prime pour les mod\u00e8les les plus r\u00e9cents.<\/p>\n\n\n\n<figure class=\"wp-block-table\"><table class=\"has-fixed-layout\"><thead><tr><td><strong>Type de v\u00e9hicule<\/strong><\/td><td><strong>Prix bas \/ mois<\/strong><\/td><td><strong>Prix moyen \/ mois<\/strong><\/td><td><strong>Prix haut \/ mois<\/strong><\/td><\/tr><\/thead><tbody><tr><td>Neuve<\/td><td><span class=\"change-price\">36<\/span> \u20ac<\/td><td><span class=\"change-price\">88<\/span> \u20ac<\/td><td><span class=\"change-price\">241<\/span> \u20ac<\/td><\/tr><tr><td>Occasion<\/td><td><span class=\"change-price\">39<\/span> \u20ac<\/td><td><span class=\"change-price\">102<\/span> \u20ac<\/td><td><span class=\"change-price\">268<\/span> \u20ac<\/td><\/tr><\/tbody><\/table><\/figure>\n\n\n\n<h3 class=\"wp-block-heading\">Prix de l\u2019assurance auto selon la couverture<\/h3>\n\n\n\n<p>Le choix de la formule d\u2019assurance joue un r\u00f4le majeur. Pour mieux comprendre, voici les grandes diff\u00e9rences entre les trois principales formules :<\/p>\n\n\n\n<ul class=\"wp-block-list\">\n<li>L\u2019<a href=\"https:\/\/leocare.eu\/fr\/assurance-auto-en-ligne\/tiers\/\">assurance au tiers<\/a> correspond au minimum l\u00e9gal et <strong>permet de r\u00e9aliser une \u00e9conomie importante.<\/strong> Elle inclut la responsabilit\u00e9 civile et reste la moins ch\u00e8re.<br><\/li>\n\n\n\n<li>L\u2019<a href=\"https:\/\/leocare.eu\/fr\/assurance-auto-en-ligne\/tiers\/plus\/\">assurance au tiers plus<\/a> int\u00e8gre, en plus du socle du tiers, <strong>une garantie suppl\u00e9mentaire contre le vol et l\u2019incendie.<\/strong> On parle souvent de formule tiers plus.<br><\/li>\n\n\n\n<li>L\u2019<a href=\"https:\/\/leocare.eu\/fr\/assurance-auto-en-ligne\/tous-risques\/\">assurance tous risques<\/a> propose la protection la plus compl\u00e8te, <strong>couvrant un large \u00e9ventail de sinistres, y compris les dommages li\u00e9s aux catastrophes naturelles.<\/strong><strong><br><\/strong><\/li>\n<\/ul>\n\n\n\n<figure class=\"wp-block-table\"><table class=\"has-fixed-layout\"><thead><tr><td><strong>Formule d\u2019assurance<\/strong><\/td><td><strong>Prix bas \/ mois<\/strong><\/td><td><strong>Prix moyen \/ mois<\/strong><\/td><td><strong>Prix haut \/ mois<\/strong><\/td><\/tr><\/thead><tbody><tr><td>Tiers<\/td><td><span class=\"change-price\">25<\/span> \u20ac<\/td><td><span class=\"change-price\">72<\/span> \u20ac<\/td><td><span class=\"change-price\">179<\/span> \u20ac<\/td><\/tr><tr><td>Tiers plus<\/td><td><span class=\"change-price\">32<\/span> \u20ac<\/td><td><span class=\"change-price\">93<\/span> \u20ac<\/td><td><span class=\"change-price\">243<\/span> \u20ac<\/td><\/tr><tr><td>Tous risques<\/td><td><span class=\"change-price\">39<\/span> \u20ac<\/td><td><span class=\"change-price\">96<\/span> \u20ac<\/td><td><span class=\"change-price\">259<\/span> \u20ac<\/td><\/tr><\/tbody><\/table><\/figure>\n\n\n\n<h3 class=\"wp-block-heading\">Prix pour un jeune conducteur<\/h3>\n\n\n\n<p>L\u2019\u00e2ge du conducteur influence directement le tarif. Un <a href=\"https:\/\/leocare.eu\/fr\/assurance-auto-en-ligne\/couverture\/formules\/specifiques\/tout-conducteur\/jeune-conducteur\/\">jeune conducteur<\/a> de moins de 25 ans subit souvent une surprime importante car <strong>son profil est consid\u00e9r\u00e9 comme pr\u00e9sentant davantage de risque.<\/strong> Les assureurs appliquent cette politique car les statistiques montrent que les jeunes ont plus de chances d\u2019\u00eatre impliqu\u00e9s dans un accident.<\/p>\n\n\n\n<figure class=\"wp-block-table\"><table class=\"has-fixed-layout\"><thead><tr><td><strong>\u00c2ge du conducteur<\/strong><\/td><td><strong>Prix bas \/ mois<\/strong><\/td><td><strong>Prix moyen \/ mois<\/strong><\/td><td><strong>Prix haut \/ mois<\/strong><\/td><\/tr><\/thead><tbody><tr><td>Moins de 25 ans<\/td><td><span class=\"change-price\">52<\/span> \u20ac<\/td><td><span class=\"change-price\">144<\/span> \u20ac<\/td><td><span class=\"change-price\">342<\/span> \u20ac<\/td><\/tr><tr><td>25 ans et plus<\/td><td><span class=\"change-price\">35<\/span> \u20ac<\/td><td><span class=\"change-price\">92<\/span> \u20ac<\/td><td><span class=\"change-price\">242<\/span> \u20ac<\/td><\/tr><\/tbody><\/table><\/figure>\n\n\n\n<h3 class=\"wp-block-heading\">Avec ou sans conducteur secondaire<\/h3>\n\n\n\n<p>Ajouter un <a href=\"https:\/\/leocare.eu\/fr\/assurance-auto-en-ligne\/couverture\/garanties\/complementaires\/dommages-corporels\/conducteur-secondaire\/\">conducteur secondaire<\/a> sur le contrat fait augmenter la prime, <strong>mais cela reste int\u00e9ressant dans certains cas.<\/strong> Ce syst\u00e8me permet notamment \u00e0 un jeune conducteur de profiter de l\u2019exp\u00e9rience d\u2019un conducteur principal.<\/p>\n\n\n\n<figure class=\"wp-block-table\"><table class=\"has-fixed-layout\"><thead><tr><td><strong>Conducteur secondaire<\/strong><\/td><td><strong>Prix bas \/ mois<\/strong><\/td><td><strong>Prix moyen \/ mois<\/strong><\/td><td><strong>Prix haut \/ mois<\/strong><\/td><\/tr><\/thead><tbody><tr><td>Avec<\/td><td><span class=\"change-price\">36<\/span> \u20ac<\/td><td><span class=\"change-price\">74<\/span> \u20ac<\/td><td><span class=\"change-price\">155<\/span> \u20ac<\/td><\/tr><tr><td>Sans<\/td><td><span class=\"change-price\">32<\/span> \u20ac<\/td><td><span class=\"change-price\">66<\/span> \u20ac<\/td><td><span class=\"change-price\">135<\/span> \u20ac<\/td><\/tr><\/tbody><\/table><\/figure>\n\n\n\n<h3 class=\"wp-block-heading\">Calculer la prime selon le bonus malus<\/h3>\n\n\n\n<p>Le <a href=\"https:\/\/leocare.eu\/fr\/assurance-auto-en-ligne\/couverture\/contrat\/releve-information\/malus\/calcul-bonus-malus\/\">calcul du bonus malus<\/a> est un facteur d\u00e9terminant. Voici ce qu\u2019il implique concr\u00e8tement pour votre contrat d\u2019assurance :<\/p>\n\n\n\n<ul class=\"wp-block-list\">\n<li>Avec un <strong>bonus de 50 %, vous profitez des tarifs les plus avantageux.<\/strong><strong><br><\/strong><\/li>\n\n\n\n<li>Avec un <strong>bonus standard, le prix se situe \u00e0 un niveau moyen.<\/strong><strong><br><\/strong><\/li>\n\n\n\n<li>Avec un <strong>profil neutre, les tarifs sont plus \u00e9lev\u00e9s.<\/strong><strong><br><\/strong><\/li>\n\n\n\n<li>Avec un <strong>malus, la prime d\u2019assurance grimpe fortement en fonction du coefficient appliqu\u00e9.<\/strong><strong><br><\/strong><\/li>\n<\/ul>\n\n\n\n<figure class=\"wp-block-table\"><table class=\"has-fixed-layout\"><thead><tr><td><strong>Bonus-Malus<\/strong><\/td><td><strong>Prix bas \/ mois<\/strong><\/td><td><strong>Prix moyen \/ mois<\/strong><\/td><td><strong>Prix haut \/ mois<\/strong><\/td><\/tr><\/thead><tbody><tr><td>Bonus 50<\/td><td><span class=\"change-price\">32<\/span> \u20ac<\/td><td><span class=\"change-price\">66<\/span> \u20ac<\/td><td><span class=\"change-price\">135<\/span> \u20ac<\/td><\/tr><tr><td>Bonus<\/td><td><span class=\"change-price\">41<\/span> \u20ac<\/td><td><span class=\"change-price\">102<\/span> \u20ac<\/td><td><span class=\"change-price\">230<\/span> \u20ac<\/td><\/tr><tr><td>Neutre<\/td><td><span class=\"change-price\">63<\/span> \u20ac<\/td><td><span class=\"change-price\">186<\/span> \u20ac<\/td><td><span class=\"change-price\">449<\/span> \u20ac<\/td><\/tr><tr><td>Malus<\/td><td><span class=\"change-price\">68<\/span> \u20ac<\/td><td><span class=\"change-price\">185<\/span> \u20ac<\/td><td><span class=\"change-price\">469<\/span> \u20ac<\/td><\/tr><\/tbody><\/table><\/figure>\n\n\n\n<h3 class=\"wp-block-heading\">Prix selon la motorisation (diesel ou essence)<\/h3>\n\n\n\n<p>La motorisation joue aussi un r\u00f4le dans le calcul du prix. <strong>Une BMW X1 essence co\u00fbte en moyenne un peu plus cher \u00e0 assurer qu\u2019un mod\u00e8le diesel.<\/strong> Les deux motorisations entra\u00eenent cependant des diff\u00e9rences limit\u00e9es en termes de couverture des dommages.<\/p>\n\n\n\n<figure class=\"wp-block-table\"><table class=\"has-fixed-layout\"><thead><tr><td><strong>Motorisation<\/strong><\/td><td><strong>Prix bas \/ mois<\/strong><\/td><td><strong>Prix moyen \/ mois<\/strong><\/td><td><strong>Prix haut \/ mois<\/strong><\/td><\/tr><\/thead><tbody><tr><td>Essence<\/td><td><span class=\"change-price\">35<\/span> \u20ac<\/td><td><span class=\"change-price\">95<\/span> \u20ac<\/td><td><span class=\"change-price\">254<\/span> \u20ac<\/td><\/tr><tr><td>Diesel<\/td><td><span class=\"change-price\">35<\/span> \u20ac<\/td><td><span class=\"change-price\">89<\/span> \u20ac<\/td><td><span class=\"change-price\">233<\/span> \u20ac<\/td><\/tr><\/tbody><\/table><\/figure>\n\n\n\n<h2 class=\"wp-block-heading\">Comment souscrire une assurance pour une BMW X1 ?<\/h2>\n\n\n\n<p>Souscrire une assurance pour une BMW X1 est simple et rapide. Tout commence par une simulation en ligne. <strong>En quelques clics, vous obtenez un devis personnalis\u00e9 qui prend en compte vos besoins, votre profil et les caract\u00e9ristiques de votre voiture.<\/strong> Vous devez ensuite fournir quelques documents :<\/p>\n\n\n\n<ul class=\"wp-block-list\">\n<li>Une pi\u00e8ce d\u2019identit\u00e9.<br><\/li>\n\n\n\n<li>La carte grise du v\u00e9hicule.<br><\/li>\n\n\n\n<li>Un relev\u00e9 d\u2019information.<br><\/li>\n\n\n\n<li>Un RIB.<br><\/li>\n<\/ul>\n\n\n\n<p>Une fois le dossier valid\u00e9, <strong>votre contrat d\u00e9marre imm\u00e9diatement et vous recevez une attestation provisoire valable tout de suite, week-ends et jours f\u00e9ri\u00e9s inclus.<\/strong><\/p>\n\n\n\n<p>Le plus int\u00e9ressant reste la possibilit\u00e9 de comparer plusieurs offres avant de signer. <strong>Chaque assureur propose des garanties et des tarifs diff\u00e9rents.<\/strong> Certains mettent l\u2019accent sur le prix, d\u2019autres sur la qualit\u00e9 des services inclus. Prenez donc le temps de v\u00e9rifier les franchises, les exclusions de garanties et les plafonds d\u2019indemnisation. Ce sont ces d\u00e9tails qui feront la diff\u00e9rence en cas d\u2019accident ou de vol.<\/p>\n\n\n\n<h2 class=\"wp-block-heading\">Les avantages d\u2019assurer sa BMW X1 chez Leocare<\/h2>\n\n\n\n<p>Choisir Leocare pour assurer votre BMW X1, c\u2019est opter pour une assurance auto 100 % mobile et flexible. D\u00e8s la formule au tiers, <strong>vous b\u00e9n\u00e9ficiez de garanties solides qui apportent une vraie tranquillit\u00e9 d\u2019esprit.<\/strong><\/p>\n\n\n\n<p>Avec Leocare, <strong>vous pouvez obtenir un<\/strong> <a href=\"https:\/\/leocare.eu\/fr\/assurance-auto-en-ligne\/devis\/\"><strong>devis en ligne<\/strong><\/a><strong> en quelques minutes.<\/strong> Cette offre inclut plusieurs formules adapt\u00e9es \u00e0 vos besoins. Les prix restent comp\u00e9titifs, sans sacrifier la qualit\u00e9 du service. La r\u00e9siliation de votre ancien contrat est m\u00eame prise en charge. <strong>L\u2019application permet de g\u00e9rer facilement toutes vos d\u00e9marches : devis, d\u00e9claration de sinistre, adaptation des garanties.<\/strong><\/p>\n\n\n\n<p>Enfin, l\u2019assurance auto Leocare propose une flexibilit\u00e9 rare. <strong>Vous pouvez ajuster vos garanties en fonction de vos besoins et de l\u2019\u00e9volution de votre situation.<\/strong> Si vous changez de mode de conduite, si vous passez d\u2019un usage quotidien \u00e0 un usage ponctuel, vous adaptez votre contrat en quelques clics. Cela permet d\u2019avoir une offre toujours align\u00e9e avec vos habitudes et votre budget.<\/p>\n\n\n\n<p>Le prix d\u2019une assurance pour une BMW X1 d\u00e9pend de nombreux crit\u00e8res : l\u2019anciennet\u00e9 du v\u00e9hicule, la couverture choisie, le profil du conducteur, la pr\u00e9sence d\u2019un conducteur secondaire, le bonus-malus ou encore la motorisation. <strong>Avec Leocare, vous acc\u00e9dez \u00e0 des garanties solides, un tarif comp\u00e9titif et une gestion simplifi\u00e9e depuis votre smartphone.<\/strong> Une solution adapt\u00e9e \u00e0 tous les conducteurs qui veulent prot\u00e9ger leur voiture allemande en toute confiance.<\/p>\n","protected":false},"excerpt":{"rendered":"<p>Vous poss\u00e9dez une BMW X1 et vous vous demandez combien co\u00fbte son assurance auto ? Bonne question. Le prix d\u2019un contrat d\u2019assurance varie selon de nombreux crit\u00e8res, allant de l\u2019\u00e2ge de la voiture jusqu\u2019\u00e0 votre profil de conducteur. Chaque contrat inclut des niveaux de garantie diff\u00e9rents et influence donc le prix final. D\u00e9couvrons ensemble comment [&hellip;]<\/p>\n","protected":false},"author":34,"featured_media":7486,"parent":7411,"menu_order":0,"comment_status":"closed","ping_status":"closed","template":"template_seo.php","meta":{"_acf_changed":false,"footnotes":""},"class_list":["post-10731","page","type-page","status-publish","has-post-thumbnail","hentry"],"acf":[],"yoast_head":"<!-- This site is optimized with the Yoast SEO plugin v27.3 - https:\/\/yoast.com\/product\/yoast-seo-wordpress\/ -->\n<title>Assurance BMW X1 - Devis en ligne \u2013 Leocare<\/title>\n<meta name=\"description\" content=\"Prot\u00e9gez votre BMW X1 avec la meilleure assurance. D\u00e9couvrez nos offres sp\u00e9cifiques et personnalisables. Agissez maintenant pour assurer votre s\u00e9r\u00e9nit\u00e9 !\" \/>\n<meta name=\"robots\" content=\"index, follow, max-snippet:-1, max-image-preview:large, max-video-preview:-1\" \/>\n<link rel=\"canonical\" href=\"https:\/\/leocare.eu\/fr\/assurance-auto-en-ligne\/bmw\/x1\/\" \/>\n<meta property=\"og:locale\" content=\"fr_FR\" \/>\n<meta property=\"og:type\" content=\"article\" \/>\n<meta property=\"og:title\" content=\"Assurance BMW X1 - Devis en ligne \u2013 Leocare\" \/>\n<meta property=\"og:description\" content=\"Prot\u00e9gez votre BMW X1 avec la meilleure assurance. D\u00e9couvrez nos offres sp\u00e9cifiques et personnalisables. Agissez maintenant pour assurer votre s\u00e9r\u00e9nit\u00e9 !\" \/>\n<meta property=\"og:url\" content=\"https:\/\/leocare.eu\/fr\/assurance-auto-en-ligne\/bmw\/x1\/\" \/>\n<meta property=\"og:site_name\" content=\"Leocare, assurance en ligne automobile et habitation\" \/>\n<meta property=\"article:modified_time\" content=\"2026-04-02T10:15:24+00:00\" \/>\n<meta property=\"og:image\" content=\"https:\/\/leocare.eu\/fr\/wp-content\/uploads\/2022\/02\/assurance-bmw.jpg\" \/>\n\t<meta property=\"og:image:width\" content=\"1200\" \/>\n\t<meta property=\"og:image:height\" content=\"450\" \/>\n\t<meta property=\"og:image:type\" content=\"image\/jpeg\" \/>\n<meta name=\"twitter:card\" content=\"summary_large_image\" \/>\n<meta name=\"twitter:label1\" content=\"Dur\u00e9e de lecture estim\u00e9e\" \/>\n\t<meta name=\"twitter:data1\" content=\"5 minutes\" \/>\n<!-- \/ Yoast SEO plugin. -->","yoast_head_json":{"title":"Assurance BMW X1 - Devis en ligne \u2013 Leocare","description":"Prot\u00e9gez votre BMW X1 avec la meilleure assurance. D\u00e9couvrez nos offres sp\u00e9cifiques et personnalisables. Agissez maintenant pour assurer votre s\u00e9r\u00e9nit\u00e9 !","robots":{"index":"index","follow":"follow","max-snippet":"max-snippet:-1","max-image-preview":"max-image-preview:large","max-video-preview":"max-video-preview:-1"},"canonical":"https:\/\/leocare.eu\/fr\/assurance-auto-en-ligne\/bmw\/x1\/","og_locale":"fr_FR","og_type":"article","og_title":"Assurance BMW X1 - Devis en ligne \u2013 Leocare","og_description":"Prot\u00e9gez votre BMW X1 avec la meilleure assurance. D\u00e9couvrez nos offres sp\u00e9cifiques et personnalisables. Agissez maintenant pour assurer votre s\u00e9r\u00e9nit\u00e9 !","og_url":"https:\/\/leocare.eu\/fr\/assurance-auto-en-ligne\/bmw\/x1\/","og_site_name":"Leocare, assurance en ligne automobile et habitation","article_modified_time":"2026-04-02T10:15:24+00:00","og_image":[{"width":1200,"height":450,"url":"https:\/\/leocare.eu\/fr\/wp-content\/uploads\/2022\/02\/assurance-bmw.jpg","type":"image\/jpeg"}],"twitter_card":"summary_large_image","twitter_misc":{"Dur\u00e9e de lecture estim\u00e9e":"5 minutes"},"schema":{"@context":"https:\/\/schema.org","@graph":[{"@type":"WebPage","@id":"https:\/\/leocare.eu\/fr\/assurance-auto-en-ligne\/bmw\/x1\/","url":"https:\/\/leocare.eu\/fr\/assurance-auto-en-ligne\/bmw\/x1\/","name":"Assurance BMW X1 - Devis en ligne \u2013 Leocare","isPartOf":{"@id":"https:\/\/leocare.eu\/fr\/#website"},"primaryImageOfPage":{"@id":"https:\/\/leocare.eu\/fr\/assurance-auto-en-ligne\/bmw\/x1\/#primaryimage"},"image":{"@id":"https:\/\/leocare.eu\/fr\/assurance-auto-en-ligne\/bmw\/x1\/#primaryimage"},"thumbnailUrl":"https:\/\/leocare.eu\/fr\/wp-content\/uploads\/2022\/02\/assurance-bmw.jpg","datePublished":"2022-12-29T16:45:33+00:00","dateModified":"2026-04-02T10:15:24+00:00","description":"Prot\u00e9gez votre BMW X1 avec la meilleure assurance. D\u00e9couvrez nos offres sp\u00e9cifiques et personnalisables. Agissez maintenant pour assurer votre s\u00e9r\u00e9nit\u00e9 !","breadcrumb":{"@id":"https:\/\/leocare.eu\/fr\/assurance-auto-en-ligne\/bmw\/x1\/#breadcrumb"},"inLanguage":"fr-FR","potentialAction":[{"@type":"ReadAction","target":["https:\/\/leocare.eu\/fr\/assurance-auto-en-ligne\/bmw\/x1\/"]}]},{"@type":"ImageObject","inLanguage":"fr-FR","@id":"https:\/\/leocare.eu\/fr\/assurance-auto-en-ligne\/bmw\/x1\/#primaryimage","url":"https:\/\/leocare.eu\/fr\/wp-content\/uploads\/2022\/02\/assurance-bmw.jpg","contentUrl":"https:\/\/leocare.eu\/fr\/wp-content\/uploads\/2022\/02\/assurance-bmw.jpg","width":1200,"height":450,"caption":"assurance bmw"},{"@type":"WebSite","@id":"https:\/\/leocare.eu\/fr\/#website","url":"https:\/\/leocare.eu\/fr\/","name":"Leocare, assurance en ligne automobile et habitation","description":"enfin (r)assur\u00e9.e","publisher":{"@id":"https:\/\/leocare.eu\/fr\/#organization"},"potentialAction":[{"@type":"SearchAction","target":{"@type":"EntryPoint","urlTemplate":"https:\/\/leocare.eu\/fr\/?s={search_term_string}"},"query-input":{"@type":"PropertyValueSpecification","valueRequired":true,"valueName":"search_term_string"}}],"inLanguage":"fr-FR"},{"@type":"Organization","@id":"https:\/\/leocare.eu\/fr\/#organization","name":"Leocare, assurance en ligne automobile et habitation","url":"https:\/\/leocare.eu\/fr\/","logo":{"@type":"ImageObject","inLanguage":"fr-FR","@id":"https:\/\/leocare.eu\/fr\/#\/schema\/logo\/image\/","url":"https:\/\/leocare.eu\/fr\/wp-content\/uploads\/2020\/03\/logo-leocare.svg","contentUrl":"https:\/\/leocare.eu\/fr\/wp-content\/uploads\/2020\/03\/logo-leocare.svg","caption":"Leocare, assurance en ligne automobile et habitation"},"image":{"@id":"https:\/\/leocare.eu\/fr\/#\/schema\/logo\/image\/"}}]}},"_links":{"self":[{"href":"https:\/\/leocare.eu\/fr\/wp-json\/wp\/v2\/pages\/10731","targetHints":{"allow":["GET"]}}],"collection":[{"href":"https:\/\/leocare.eu\/fr\/wp-json\/wp\/v2\/pages"}],"about":[{"href":"https:\/\/leocare.eu\/fr\/wp-json\/wp\/v2\/types\/page"}],"author":[{"embeddable":true,"href":"https:\/\/leocare.eu\/fr\/wp-json\/wp\/v2\/users\/34"}],"replies":[{"embeddable":true,"href":"https:\/\/leocare.eu\/fr\/wp-json\/wp\/v2\/comments?post=10731"}],"version-history":[{"count":20,"href":"https:\/\/leocare.eu\/fr\/wp-json\/wp\/v2\/pages\/10731\/revisions"}],"predecessor-version":[{"id":39889,"href":"https:\/\/leocare.eu\/fr\/wp-json\/wp\/v2\/pages\/10731\/revisions\/39889"}],"up":[{"embeddable":true,"href":"https:\/\/leocare.eu\/fr\/wp-json\/wp\/v2\/pages\/7411"}],"wp:featuredmedia":[{"embeddable":true,"href":"https:\/\/leocare.eu\/fr\/wp-json\/wp\/v2\/media\/7486"}],"wp:attachment":[{"href":"https:\/\/leocare.eu\/fr\/wp-json\/wp\/v2\/media?parent=10731"}],"curies":[{"name":"wp","href":"https:\/\/api.w.org\/{rel}","templated":true}]}}