{"id":10726,"date":"2022-12-29T17:24:12","date_gmt":"2022-12-29T16:24:12","guid":{"rendered":"https:\/\/leocare.eu\/fr\/?page_id=10726"},"modified":"2026-04-07T16:45:27","modified_gmt":"2026-04-07T14:45:27","slug":"avance-sur-recours","status":"publish","type":"page","link":"https:\/\/leocare.eu\/fr\/assurance-auto-en-ligne\/sinistre\/indemnisation\/avance-sur-recours\/","title":{"rendered":"Qu\u2019est-ce que l\u2019avance sur recours en assurance ?"},"content":{"rendered":"\n<p><b>Apr\u00e8s un sinistre, les d\u00e9lais de remboursement par l&#8217;assurance auto peuvent \u00eatre particuli\u00e8rement longs. Probl\u00e8me : cela peut vous mettre, en tant qu&#8217;assur\u00e9, dans une situation financi\u00e8re d\u00e9licate. Les r\u00e9parations ne peuvent, en effet, pas toujours attendre. Pour pallier le probl\u00e8me, les assurances pratiquent, dans certaines circonstances, l&#8217;avance sur recours. Explications par Leocare, la n\u00e9o-assurance qui allie engagement care et flexibilit\u00e9.<\/b><\/p>\n\n\n\n<h2 class=\"wp-block-heading\" id=\"ancre1\">L\u2019avance sur recours en assurance auto&nbsp;: d\u00e9finition<\/h2>\n\n\n\n<p>Certains accidents de la route sont complexes, avec des responsabilit\u00e9s multiples et partag\u00e9es. D\u2019autres sont \u00ab simples \u00bb&nbsp;et d\u00e9pourvus de litige&nbsp;: une victime d\u2019un c\u00f4t\u00e9, un responsable de l\u2019autre. C\u2019est dans ce cas pr\u00e9cis qu\u2019intervient l\u2019avance sur recours. Voyons plus pr\u00e9cis\u00e9ment en quoi consiste cette prise en charge par l\u2019assurance auto\u2026<\/p>\n\n\n\n<p>Lorsque vous \u00eates victime d\u2019un sinistre, vous vous tournez naturellement vers votre assurance auto pour obtenir r\u00e9paration. Celle-ci engage alors un recours aupr\u00e8s de l\u2019assureur adverse, soit celui du responsable du sinistre. Sauf que la proc\u00e9dure peut \u00eatre longue : jusqu\u2019\u00e0 4 mois pour des dommages mat\u00e9riels, et jusqu\u2019\u00e0 8 mois pour des dommages corporels \ud83d\ude36. Cela implique pour vous de devoir avancer les frais.<\/p>\n\n\n\n<p>L\u2019avance sur recours en assurance auto est justement faite pour \u00e9viter ce sc\u00e9nario. Concr\u00e8tement, votre assureur vous verse, \u00e0 l\u2019avance, tout ou partie du<strong><a href=\"https:\/\/leocare.eu\/fr\/assurance-auto-en-ligne\/sinistre\/indemnisation\/\">&nbsp;montant des indemnit\u00e9s<\/a><\/strong>. Il se rembourse ensuite aupr\u00e8s de l\u2019assurance du responsable, une fois le recours termin\u00e9.<\/p>\n\n\n\n<p>Bris de glace,&nbsp;accident&nbsp;ou encore incendie, il existe&nbsp;<strong><a href=\"https:\/\/leocare.eu\/fr\/assurance-auto-en-ligne\/sinistre\/types\/\">plusieurs types de sinistres<\/a><\/strong>. Ils peuvent entra\u00eener une majoration de votre coefficient bonus-malus. Selon les&nbsp;assurances, certains sinistres font partie des&nbsp;exclusions&nbsp;d\u2019indemnisation. Dans ce cas, les&nbsp;dommages&nbsp;subis ne seront pas pris en charge par votre&nbsp;compagnie.<\/p>\n\n\n\n<div class=\"bon-a-savoir\">\n\n\n\n<p>\u00c0 noter : quid de la franchise \ud83e\udd14 ?<\/p>\n\n\n\n<p>Si une franchise d\u2019assurance auto est pr\u00e9vue au contrat, elle reste due, m\u00eame en cas d\u2019avance sur recours. Sauf si vous et le responsable du sinistre avez tous deux adh\u00e9r\u00e9 \u00e0 la convention d\u2019Indemnisation directe de l\u2019assur\u00e9 et de Recours entre Soci\u00e9t\u00e9s d\u2019assurance Automobile (IRSA). Dans ce cas, pas besoin de payer la franchise : vos assureurs respectifs s\u2019arrangent entre eux.<\/p>\n\n\n\n<\/div>\n\n\n\n<h2 class=\"wp-block-heading\" id=\"ancre2\">Comment b\u00e9n\u00e9ficier de l\u2019avance sur recours ?<\/h2>\n\n\n\n<p>Tous les assur\u00e9s ne peuvent pas b\u00e9n\u00e9ficier de l\u2019avance sur recours. Tout d\u00e9pend des garanties souscrites au moment de la signature du devis d\u2019assurance auto.<\/p>\n\n\n\n<h3 class=\"wp-block-heading\">L\u2019usager non responsable est assur\u00e9 tous risques<\/h3>\n\n\n\n<p>En cas d\u2019accident non responsable, et si vous avez souscrit une formule d\u2019assurance tous risques, vous avez syst\u00e9matiquement droit \u00e0 l\u2019avance sur recours.<\/p>\n\n\n\n<p>Dans le cas d\u2019un&nbsp;<strong><a href=\"https:\/\/leocare.eu\/fr\/assurance-auto-en-ligne\/sinistre\/declaration\/accident\/constat-amiable\/pieton-voiture\/\">accident entre un pi\u00e9ton et une voiture<\/a><\/strong>, un constat amiable doit \u00eatre envoy\u00e9 aux&nbsp;assurances. Sauf en cas de faute grave et inexcusable du pi\u00e9ton, l\u2019indemnisation&nbsp;de ce dernier est prise en charge par la&nbsp;compagnie&nbsp;d\u2019assurance du conducteur. Quant aux&nbsp;dommages mat\u00e9riels&nbsp;et autres&nbsp;dommages&nbsp;subis par le conducteur lors de l\u2019accident, leur remboursement d\u00e9pend de sa formule de couverture. En cas de d\u00e9lit de fuite, le pi\u00e9ton peut saisir le Fonds de Garantie des Assurances Obligatoires de dommages (FGAO). Cet organisme vous indemnise sous certaines conditions.<\/p>\n\n\n\n<p>Mais que devient la&nbsp;<strong><a href=\"https:\/\/leocare.eu\/fr\/assurance-auto-en-ligne\/sinistre\/indemnisation\/franchise\/accident-non-responsable\/\">franchise en cas d\u2019accident non responsable<\/a><\/strong>&nbsp;? Si le conducteur responsable est identifi\u00e9 et assur\u00e9, vous \u00eates rembours\u00e9 par votre&nbsp;compagnie&nbsp;de la totalit\u00e9 des&nbsp;dommages&nbsp;subis. Aucune incidence n\u2019est \u00e0 d\u00e9plorer sur votre bonus-malus. Les circonstances de l\u2019accident&nbsp;doivent \u00eatre clairement indiqu\u00e9es dans le&nbsp;constat amiable. Elles permettent aux&nbsp;assurances&nbsp;de d\u00e9terminer les responsabilit\u00e9s. Avec une formule tous risques, vous recevrez une&nbsp;indemnisation&nbsp;des&nbsp;dommages mat\u00e9riels&nbsp;subis m\u00eame en cas de d\u00e9lit de fuite. Malheureusement, la franchise reste \u00e0 votre charge.<\/p>\n\n\n\n<p>Pour une meilleure prise en charge en cas d\u2019accident, vous pouvez souscrire \u00e0 un&nbsp;<strong><a href=\"https:\/\/leocare.eu\/fr\/assurance-auto-en-ligne\/couverture\/assistance-auto\/\">contrat d\u2019assistance auto<\/a><\/strong>&nbsp;aupr\u00e8s de votre&nbsp;compagnie. Il comprend en g\u00e9n\u00e9ral une assistance d\u00e9pannage bien utile en cas de&nbsp;dommages&nbsp;sur votre v\u00e9hicule. Les&nbsp;prestations&nbsp;comprises dans l\u2019assistance auto ainsi que les&nbsp;exclusions&nbsp;d\u00e9pendent des&nbsp;assurances. Chez Leocare, nous vous proposons une garantie assistance 0 km sans augmentation de la&nbsp;cotisation.<\/p>\n\n\n\n<h3 class=\"wp-block-heading\">L\u2019usager non responsable est assur\u00e9 au tiers<\/h3>\n\n\n\n<p>Si vous avez souscrit une formule d\u2019assurance au tiers ou m\u00eame <a href=\"https:\/\/leocare.eu\/fr\/assurance-auto-en-ligne\/tiers\/plus\/\">tiers plus<\/a>, vous pouvez pr\u00e9tendre \u00e0 l\u2019avance sur recours, mais \u00e0 une seule condition : votre innocence dans le sinistre doit \u00eatre \u00e9vidente.<\/p>\n\n\n\n<p>Mais qu\u2019en est-il de l\u2019<strong><a href=\"https:\/\/leocare.eu\/fr\/assurance-auto-en-ligne\/sinistre\/declaration\/accident\/types\/tiers-non-identifie\/animal-sauvage\/\">accident avec un animal sauvage<\/a><\/strong>&nbsp;? Dans ce cas, les&nbsp;dommages mat\u00e9riels&nbsp;sont rembours\u00e9s si vous avez souscrit \u00e0 la garantie tous accidents. Quant \u00e0 l\u2019indemnisation&nbsp;des&nbsp;dommages&nbsp;caus\u00e9s aux tiers, elle est prise en charge par les&nbsp;assurances&nbsp;dans le cadre de la garantie Responsabilit\u00e9 Civile. L\u2019incidence sur votre coefficient de bonus-malus&nbsp;d\u00e9pend des circonstances de l\u2019accident.<\/p>\n\n\n\n<p>Vous vous demandez comment fonctionne le&nbsp;<strong><a href=\"https:\/\/leocare.eu\/fr\/assurance-auto-en-ligne\/couverture\/garanties\/complementaires\/dommages-materiels\/equipements-auto\/siege-auto\/\">remboursement d\u2019un si\u00e8ge-auto<\/a><\/strong>&nbsp;en cas d\u2019accident, de vol ou d\u2019\u00e9v\u00e9nement extr\u00eame comme un&nbsp;attentat&nbsp;? Pour la majorit\u00e9 des&nbsp;assurances, l\u2019indemnisation&nbsp;des&nbsp;dommages&nbsp;subis est couverte par la garantie \u00e9quipements auto et accessoires. Utilisez un comparateur pour constater les montants de&nbsp;cotisation, les&nbsp;exclusions&nbsp;de garanties ou encore le calcul des&nbsp;malus&nbsp;des diff\u00e9rentes compagnies.<\/p>\n\n\n\n<p>Une tentative de vol ou un acte de vandalisme peut provoquer des&nbsp;dommages tels que le bris d\u2019un vitrage. La&nbsp;<strong><a href=\"https:\/\/leocare.eu\/fr\/assurance-auto-en-ligne\/couverture\/garanties\/complementaires\/dommages-materiels\/bris-de-glace\/\">garantie auto bris de glace<\/a><\/strong>&nbsp;permet dans ce cas de demander \u00e0 votre&nbsp;compagnie&nbsp;le versement d\u2019une&nbsp;indemnisation&nbsp;pour les vitrages cass\u00e9s. Ce remboursement n\u2019affecte pas votre&nbsp;malus. Certaines&nbsp;assurances&nbsp;prennent en charge le co\u00fbt du gravage des vitres remplac\u00e9es en cas d\u2019accident&nbsp;ou de bris de glace.<\/p>\n\n\n\n<p>Avec l\u2019app Leocare, d\u00e9clarez vos sinistres en deux temps trois mouvements et gagnez du temps en t\u00e9l\u00e9chargeant directement vos justificatifs. Vous avez aussi la possibilit\u00e9 de suivre votre sinistre en temps r\u00e9el, et m\u00eame d\u2019ajuster vos garanties. Pratique en cas de changement de situation \ud83e\udd17. Pour un devis personnalis\u00e9, rendez-vous sur notre site en ligne. \u00c7a vous prend 2 minutes seulement !<\/p>\n","protected":false},"excerpt":{"rendered":"<p>Apr\u00e8s un sinistre, les d\u00e9lais de remboursement par l&#8217;assurance auto peuvent \u00eatre particuli\u00e8rement longs. Probl\u00e8me : cela peut vous mettre, en tant qu&#8217;assur\u00e9, dans une situation financi\u00e8re d\u00e9licate. Les r\u00e9parations ne peuvent, en effet, pas toujours attendre. Pour pallier le probl\u00e8me, les assurances pratiquent, dans certaines circonstances, l&#8217;avance sur recours. Explications par Leocare, la n\u00e9o-assurance [&hellip;]<\/p>\n","protected":false},"author":34,"featured_media":9976,"parent":10528,"menu_order":0,"comment_status":"closed","ping_status":"closed","template":"template_seo.php","meta":{"_acf_changed":false,"footnotes":""},"class_list":["post-10726","page","type-page","status-publish","has-post-thumbnail","hentry"],"acf":[],"yoast_head":"<!-- This site is optimized with the Yoast SEO plugin v27.3 - https:\/\/yoast.com\/product\/yoast-seo-wordpress\/ -->\n<title>Avance sur recours en assurance auto : tout savoir<\/title>\n<meta name=\"description\" content=\"Explorez notre guide exhaustif sur l&#039;avance sur recours en assurance. Prot\u00e9gez vos int\u00e9r\u00eats financiers maintenant. Cliquez ici pour en savoir plus.\" \/>\n<meta name=\"robots\" content=\"index, follow, max-snippet:-1, max-image-preview:large, max-video-preview:-1\" \/>\n<link rel=\"canonical\" href=\"https:\/\/leocare.eu\/fr\/assurance-auto-en-ligne\/sinistre\/indemnisation\/avance-sur-recours\/\" \/>\n<meta property=\"og:locale\" content=\"fr_FR\" \/>\n<meta property=\"og:type\" content=\"article\" \/>\n<meta property=\"og:title\" content=\"Avance sur recours en assurance auto : tout savoir\" \/>\n<meta property=\"og:description\" content=\"Explorez notre guide exhaustif sur l&#039;avance sur recours en assurance. Prot\u00e9gez vos int\u00e9r\u00eats financiers maintenant. Cliquez ici pour en savoir plus.\" \/>\n<meta property=\"og:url\" content=\"https:\/\/leocare.eu\/fr\/assurance-auto-en-ligne\/sinistre\/indemnisation\/avance-sur-recours\/\" \/>\n<meta property=\"og:site_name\" content=\"Leocare, assurance en ligne automobile et habitation\" \/>\n<meta property=\"article:modified_time\" content=\"2026-04-07T14:45:27+00:00\" \/>\n<meta property=\"og:image\" content=\"https:\/\/leocare.eu\/fr\/wp-content\/uploads\/2022\/12\/Avance-sur-recours.jpg\" \/>\n\t<meta property=\"og:image:width\" content=\"1800\" \/>\n\t<meta property=\"og:image:height\" content=\"1200\" \/>\n\t<meta property=\"og:image:type\" content=\"image\/jpeg\" \/>\n<meta name=\"twitter:card\" content=\"summary_large_image\" \/>\n<meta name=\"twitter:label1\" content=\"Est. reading time\" \/>\n\t<meta name=\"twitter:data1\" content=\"6 minutes\" \/>\n<!-- \/ Yoast SEO plugin. -->","yoast_head_json":{"title":"Avance sur recours en assurance auto : tout savoir","description":"Explorez notre guide exhaustif sur l'avance sur recours en assurance. Prot\u00e9gez vos int\u00e9r\u00eats financiers maintenant. Cliquez ici pour en savoir plus.","robots":{"index":"index","follow":"follow","max-snippet":"max-snippet:-1","max-image-preview":"max-image-preview:large","max-video-preview":"max-video-preview:-1"},"canonical":"https:\/\/leocare.eu\/fr\/assurance-auto-en-ligne\/sinistre\/indemnisation\/avance-sur-recours\/","og_locale":"fr_FR","og_type":"article","og_title":"Avance sur recours en assurance auto : tout savoir","og_description":"Explorez notre guide exhaustif sur l'avance sur recours en assurance. Prot\u00e9gez vos int\u00e9r\u00eats financiers maintenant. Cliquez ici pour en savoir plus.","og_url":"https:\/\/leocare.eu\/fr\/assurance-auto-en-ligne\/sinistre\/indemnisation\/avance-sur-recours\/","og_site_name":"Leocare, assurance en ligne automobile et habitation","article_modified_time":"2026-04-07T14:45:27+00:00","og_image":[{"width":1800,"height":1200,"url":"https:\/\/leocare.eu\/fr\/wp-content\/uploads\/2022\/12\/Avance-sur-recours.jpg","type":"image\/jpeg"}],"twitter_card":"summary_large_image","twitter_misc":{"Est. reading time":"6 minutes"},"schema":{"@context":"https:\/\/schema.org","@graph":[{"@type":"WebPage","@id":"https:\/\/leocare.eu\/fr\/assurance-auto-en-ligne\/sinistre\/indemnisation\/avance-sur-recours\/","url":"https:\/\/leocare.eu\/fr\/assurance-auto-en-ligne\/sinistre\/indemnisation\/avance-sur-recours\/","name":"Avance sur recours en assurance auto : tout savoir","isPartOf":{"@id":"https:\/\/leocare.eu\/fr\/#website"},"primaryImageOfPage":{"@id":"https:\/\/leocare.eu\/fr\/assurance-auto-en-ligne\/sinistre\/indemnisation\/avance-sur-recours\/#primaryimage"},"image":{"@id":"https:\/\/leocare.eu\/fr\/assurance-auto-en-ligne\/sinistre\/indemnisation\/avance-sur-recours\/#primaryimage"},"thumbnailUrl":"https:\/\/leocare.eu\/fr\/wp-content\/uploads\/2022\/12\/Avance-sur-recours.jpg","datePublished":"2022-12-29T16:24:12+00:00","dateModified":"2026-04-07T14:45:27+00:00","description":"Explorez notre guide exhaustif sur l'avance sur recours en assurance. Prot\u00e9gez vos int\u00e9r\u00eats financiers maintenant. Cliquez ici pour en savoir plus.","breadcrumb":{"@id":"https:\/\/leocare.eu\/fr\/assurance-auto-en-ligne\/sinistre\/indemnisation\/avance-sur-recours\/#breadcrumb"},"inLanguage":"fr-FR","potentialAction":[{"@type":"ReadAction","target":["https:\/\/leocare.eu\/fr\/assurance-auto-en-ligne\/sinistre\/indemnisation\/avance-sur-recours\/"]}]},{"@type":"ImageObject","inLanguage":"fr-FR","@id":"https:\/\/leocare.eu\/fr\/assurance-auto-en-ligne\/sinistre\/indemnisation\/avance-sur-recours\/#primaryimage","url":"https:\/\/leocare.eu\/fr\/wp-content\/uploads\/2022\/12\/Avance-sur-recours.jpg","contentUrl":"https:\/\/leocare.eu\/fr\/wp-content\/uploads\/2022\/12\/Avance-sur-recours.jpg","width":1800,"height":1200,"caption":"Avance sur Recours Assurance"},{"@type":"WebSite","@id":"https:\/\/leocare.eu\/fr\/#website","url":"https:\/\/leocare.eu\/fr\/","name":"Leocare, assurance en ligne automobile et habitation","description":"enfin (r)assur\u00e9.e","publisher":{"@id":"https:\/\/leocare.eu\/fr\/#organization"},"potentialAction":[{"@type":"SearchAction","target":{"@type":"EntryPoint","urlTemplate":"https:\/\/leocare.eu\/fr\/?s={search_term_string}"},"query-input":{"@type":"PropertyValueSpecification","valueRequired":true,"valueName":"search_term_string"}}],"inLanguage":"fr-FR"},{"@type":"Organization","@id":"https:\/\/leocare.eu\/fr\/#organization","name":"Leocare, assurance en ligne automobile et habitation","url":"https:\/\/leocare.eu\/fr\/","logo":{"@type":"ImageObject","inLanguage":"fr-FR","@id":"https:\/\/leocare.eu\/fr\/#\/schema\/logo\/image\/","url":"https:\/\/leocare.eu\/fr\/wp-content\/uploads\/2020\/03\/logo-leocare.svg","contentUrl":"https:\/\/leocare.eu\/fr\/wp-content\/uploads\/2020\/03\/logo-leocare.svg","caption":"Leocare, assurance en ligne automobile et habitation"},"image":{"@id":"https:\/\/leocare.eu\/fr\/#\/schema\/logo\/image\/"}}]}},"_links":{"self":[{"href":"https:\/\/leocare.eu\/fr\/wp-json\/wp\/v2\/pages\/10726","targetHints":{"allow":["GET"]}}],"collection":[{"href":"https:\/\/leocare.eu\/fr\/wp-json\/wp\/v2\/pages"}],"about":[{"href":"https:\/\/leocare.eu\/fr\/wp-json\/wp\/v2\/types\/page"}],"author":[{"embeddable":true,"href":"https:\/\/leocare.eu\/fr\/wp-json\/wp\/v2\/users\/34"}],"replies":[{"embeddable":true,"href":"https:\/\/leocare.eu\/fr\/wp-json\/wp\/v2\/comments?post=10726"}],"version-history":[{"count":16,"href":"https:\/\/leocare.eu\/fr\/wp-json\/wp\/v2\/pages\/10726\/revisions"}],"predecessor-version":[{"id":39028,"href":"https:\/\/leocare.eu\/fr\/wp-json\/wp\/v2\/pages\/10726\/revisions\/39028"}],"up":[{"embeddable":true,"href":"https:\/\/leocare.eu\/fr\/wp-json\/wp\/v2\/pages\/10528"}],"wp:featuredmedia":[{"embeddable":true,"href":"https:\/\/leocare.eu\/fr\/wp-json\/wp\/v2\/media\/9976"}],"wp:attachment":[{"href":"https:\/\/leocare.eu\/fr\/wp-json\/wp\/v2\/media?parent=10726"}],"curies":[{"name":"wp","href":"https:\/\/api.w.org\/{rel}","templated":true}]}}