{"id":10713,"date":"2022-12-29T17:13:30","date_gmt":"2022-12-29T16:13:30","guid":{"rendered":"https:\/\/leocare.eu\/fr\/?page_id=10713"},"modified":"2026-04-07T16:45:26","modified_gmt":"2026-04-07T14:45:26","slug":"reparation-pas-cher","status":"publish","type":"page","link":"https:\/\/leocare.eu\/fr\/assurance-auto-en-ligne\/sinistre\/indemnisation\/garage-agree\/reparation-pas-cher\/","title":{"rendered":"Faire r\u00e9parer sa voiture moins cher"},"content":{"rendered":"\n<p><b>Les d\u00e9penses d\u2019entretien et de r\u00e9paration automobiles repr\u00e9sentent un vrai budget. C\u2019est sans compter les frais de p\u00e9age, de carburant ou encore d\u2019assurance auto. Heureusement, il existe des solutions pour all\u00e9ger la note <\/b><b>\ud83d\udcb8<\/b><b>. Leocare, la n\u00e9o-assurance 25 % moins ch\u00e8re, vous livre quelques conseils.<\/b><\/p>\n\n\n\n<h2 class=\"wp-block-heading\" id=\"section-1-faire-rviserrparer-sa-voiture-les-lieux-classiques\"><strong>Faire r\u00e9viser\/r\u00e9parer sa voiture : les lieux classiques<\/strong><\/h2>\n\n\n\n<p>Comme pour l\u2019entretien ou les r\u00e9parations, vous n\u2019\u00eates pas dans l\u2019obligation de vous rendre dans un&nbsp;<strong><a href=\"https:\/\/leocare.eu\/fr\/assurance-auto-en-ligne\/sinistre\/indemnisation\/garage-agree\/\">garage agr\u00e9\u00e9<\/a><\/strong>&nbsp;pour faire r\u00e9viser votre voiture. Une bonne nouvelle ! Cela augmente vos chances de trouver un garage r\u00e9alisant des r\u00e9parations de voiture pas ch\u00e8res \ud83d\udc4f.<\/p>\n\n\n\n<div class=\"bon-a-savoir\">\n\n\n\n<p>\u00c0 noter : la r\u00e9vision, une op\u00e9ration facultative, mais\u2026<\/p>\n\n\n\n<p><em>Contrairement au contr\u00f4le technique, la r\u00e9vision automobile n\u2019est pas obligatoire. Cette intervention reste toutefois vivement recommand\u00e9e par le constructeur auto. Elle vous permet de conserver votre garantie constructeur. Mais surtout, un v\u00e9hicule correctement entretenu est un v\u00e9hicule plus s\u00fbr et durable&nbsp;!<\/em><\/p>\n\n\n\n<\/div>\n\n\n\n<p>Pour faire r\u00e9viser ou r\u00e9parer votre auto, vous pouvez vous rapprocher, classiquement :<\/p>\n\n\n\n<ul class=\"wp-block-list\">\n<li>D\u2019un concessionnaire (r\u00e9seau constructeur) : service de qualit\u00e9, mais tarifs avantageux seulement le temps de la garantie constructeur (2 ans, g\u00e9n\u00e9ralement).<\/li>\n\n\n\n<li>D\u2019un centre auto : tarifs abordables, mais personnel souvent moins qualifi\u00e9 qu\u2019en concession et pi\u00e8ces de qualit\u00e9 inf\u00e9rieure.<\/li>\n\n\n\n<li>D\u2019un garage ind\u00e9pendant : prise en charge de tous types de r\u00e9paration automobile (plaquettes, carrosserie, m\u00e9canique, etc.), mais mat\u00e9riel pas toujours adapt\u00e9 aux \u00e9volutions technologiques et co\u00fbts tr\u00e8s al\u00e9atoires. En effet, il y a des garagistes pas chers, et d\u2019autres chez qui la note peut vite grimper \ud83d\udcb0.<\/li>\n<\/ul>\n\n\n\n<p>Vous voyez, trouver un garage pas cher, c\u2019est possible ! Nous invitons d\u2019ailleurs les automobilistes \u00e0 utiliser un comparateur pour trouver le garage qui propose les r\u00e9parations automobiles les moins ch\u00e8res.<\/p>\n\n\n\n<p>\ud83d\udca1 Juste un petit point de rappel : en cas de sinistre, l\u2019expert de l\u2019assurance auto peut \u00eatre amen\u00e9 \u00e0 intervenir sur demande de votre assureur. Les r\u00e9parations ne peuvent alors d\u00e9marrer qu\u2019apr\u00e8s son passage.<\/p>\n\n\n\n<p>Pour d\u00e9clarer vos sinistres \u00e0 tout moment, rendez-vous sur l\u2019app Leocare. Et pour acc\u00e9l\u00e9rer le traitement de votre dossier, t\u00e9l\u00e9chargez vos documents et photos. En prime, notre appli regroupe tous vos produits d\u2019assurance : auto, moto, habitation, smartphone. En un coup de pouce, ajustez vos garanties, comme vous l\u2019entendez !<\/p>\n\n\n\n<h2 class=\"wp-block-heading\" id=\"section-2-le-cas-de-la-rvision-maison\"><strong>Le cas de la r\u00e9vision \u00ab\u2009maison\u2009\u00bb<\/strong><\/h2>\n\n\n\n<p>Si vous avez de bonnes connaissances en m\u00e9canique, pourquoi ne pas r\u00e9viser vous-m\u00eame votre voiture ? C\u2019est l\u2019occasion de faire encore plus d\u2019\u00e9conomies. Pour ne n\u00e9gliger aucun point, il est indispensable de vous procurer la revue technique du v\u00e9hicule. Attention toutefois :&nbsp;<strong>une r\u00e9vision \u00ab maison \u00bb peut \u00eatre effectu\u00e9e seulement si vous n\u2019avez pas parcouru plus de 5 000 km depuis le dernier contr\u00f4le technique<\/strong>&nbsp;\ud83d\ude97.<\/p>\n\n\n\n<p>Les&nbsp;m\u00e9caniciens,&nbsp; issus de lyc\u00e9es professionnels ou simples amateurs, peuvent effectuer une&nbsp;<strong><a href=\"https:\/\/leocare.eu\/fr\/assurance-auto-en-ligne\/sinistre\/reparations\/domicile\/\">r\u00e9paration auto \u00e0 domicile<\/a><\/strong>. Cela peut \u00eatre indiqu\u00e9 pour une&nbsp;intervention&nbsp;assez simple comme le changement des&nbsp;plaquettes. Le prix final sera bien moindre que les&nbsp;prestations&nbsp;propos\u00e9es par votre garagiste. C\u2019est donc un bon moyen de r\u00e9aliser des&nbsp;\u00e9conomies&nbsp;sur le prix d\u2019une&nbsp;r\u00e9paration automobile.<\/p>\n\n\n\n<h2 class=\"wp-block-heading\" id=\"section-3-les-pices-dtaches-doccasion\"><strong>Les pi\u00e8ces d\u00e9tach\u00e9es d\u2019occasion<\/strong><\/h2>\n\n\n\n<p>Depuis 2009, vous pouvez faire r\u00e9parer votre voiture \u00e0 moindre co\u00fbt avec des pi\u00e8ces d\u00e9tach\u00e9es d\u2019occasion. Cette solution est \u00e0 la fois \u00e9conomique et \u00e9cologique. Autre avantage : dans certains cas, pr\u00e9f\u00e9rer les pi\u00e8ces d\u2019occasion aux pi\u00e8ces neuves \u00e9vite \u00e0 la voiture d\u2019\u00eatre class\u00e9e V\u00e9hicule \u00c9conomiquement Irr\u00e9parable (VEI).&nbsp;<strong>La prise en charge par votre assurance auto est alors toujours garantie.<\/strong><\/p>\n\n\n\n<h2 class=\"wp-block-heading\" id=\"section-4-la-variabilit-des-tarifs-de-rvision\"><strong>La variabilit\u00e9 des tarifs de r\u00e9vision<\/strong><\/h2>\n\n\n\n<p>Certains garages ne sont pas chers, d\u2019autres pratiquent des tarifs \u00e9lev\u00e9s. Chez d\u2019autres encore, les prix sont dans la \u00ab moyenne \u00bb. Comment expliquer un tel \u00e9cart ? En fait, les prix fluctuent en fonction de deux grandes variables :<\/p>\n\n\n\n<ul class=\"wp-block-list\">\n<li>La marque de l\u2019auto : \u00e0 prestations \u00e9gales, le co\u00fbt de la main-d\u2019\u0153uvre et des pi\u00e8ces d\u00e9tach\u00e9es peut varier du simple au double, en fonction des constructeurs et du mod\u00e8le de voiture.<\/li>\n\n\n\n<li>La zone g\u00e9ographique : d\u2019une r\u00e9gion \u00e0 l\u2019autre, les taux horaires de la main-d\u2019\u0153uvre sont bien diff\u00e9rents. Sans surprise, c\u2019est dans les zones rurales, moins peupl\u00e9es, que vous trouvez les meilleurs prix.<\/li>\n<\/ul>\n\n\n\n<p>Autant de crit\u00e8res suppl\u00e9mentaires \u00e0 prendre en compte au moment de faire r\u00e9viser votre auto !<\/p>\n\n\n\n<p><strong>Vous r\u00eavez d\u2019une assurance auto pr\u00e9sente pour vous, facile \u00e0 comprendre et sans contrainte ? L\u2019assurance Leocare est faite pour vous ! N\u2019attendez plus, faites une demande de devis sur notre site. Quelques minutes suffisent.<\/strong><\/p>\n","protected":false},"excerpt":{"rendered":"<p>Les d\u00e9penses d\u2019entretien et de r\u00e9paration automobiles repr\u00e9sentent un vrai budget. C\u2019est sans compter les frais de p\u00e9age, de carburant ou encore d\u2019assurance auto. Heureusement, il existe des solutions pour all\u00e9ger la note \ud83d\udcb8. Leocare, la n\u00e9o-assurance 25 % moins ch\u00e8re, vous livre quelques conseils. Faire r\u00e9viser\/r\u00e9parer sa voiture : les lieux classiques Comme pour [&hellip;]<\/p>\n","protected":false},"author":34,"featured_media":10063,"parent":10701,"menu_order":0,"comment_status":"closed","ping_status":"closed","template":"template_seo.php","meta":{"_acf_changed":false,"footnotes":""},"class_list":["post-10713","page","type-page","status-publish","has-post-thumbnail","hentry"],"acf":[],"yoast_head":"<!-- This site is optimized with the Yoast SEO plugin v27.3 - https:\/\/yoast.com\/product\/yoast-seo-wordpress\/ -->\n<title>Comment faire r\u00e9parer sa voiture moins cher ? - Leocare<\/title>\n<meta name=\"description\" content=\"D\u00e9couvrez nos astuces pour r\u00e9duire le co\u00fbt de r\u00e9paration de votre voiture. Faites des \u00e9conomies maintenant! Maximez votre budget voiture.\" \/>\n<meta name=\"robots\" content=\"index, follow, max-snippet:-1, max-image-preview:large, max-video-preview:-1\" \/>\n<link rel=\"canonical\" href=\"https:\/\/leocare.eu\/fr\/assurance-auto-en-ligne\/sinistre\/indemnisation\/garage-agree\/reparation-pas-cher\/\" \/>\n<meta property=\"og:locale\" content=\"fr_FR\" \/>\n<meta property=\"og:type\" content=\"article\" \/>\n<meta property=\"og:title\" content=\"Comment faire r\u00e9parer sa voiture moins cher ? - Leocare\" \/>\n<meta property=\"og:description\" content=\"D\u00e9couvrez nos astuces pour r\u00e9duire le co\u00fbt de r\u00e9paration de votre voiture. Faites des \u00e9conomies maintenant! Maximez votre budget voiture.\" \/>\n<meta property=\"og:url\" content=\"https:\/\/leocare.eu\/fr\/assurance-auto-en-ligne\/sinistre\/indemnisation\/garage-agree\/reparation-pas-cher\/\" \/>\n<meta property=\"og:site_name\" content=\"Leocare, assurance en ligne automobile et habitation\" \/>\n<meta property=\"article:modified_time\" content=\"2026-04-07T14:45:26+00:00\" \/>\n<meta property=\"og:image\" content=\"https:\/\/leocare.eu\/fr\/wp-content\/uploads\/2022\/12\/Reparation-pas-chere.jpg\" \/>\n\t<meta property=\"og:image:width\" content=\"1800\" \/>\n\t<meta property=\"og:image:height\" content=\"1200\" \/>\n\t<meta property=\"og:image:type\" content=\"image\/jpeg\" \/>\n<meta name=\"twitter:card\" content=\"summary_large_image\" \/>\n<meta name=\"twitter:label1\" content=\"Est. reading time\" \/>\n\t<meta name=\"twitter:data1\" content=\"4 minutes\" \/>\n<!-- \/ Yoast SEO plugin. -->","yoast_head_json":{"title":"Comment faire r\u00e9parer sa voiture moins cher ? - Leocare","description":"D\u00e9couvrez nos astuces pour r\u00e9duire le co\u00fbt de r\u00e9paration de votre voiture. Faites des \u00e9conomies maintenant! Maximez votre budget voiture.","robots":{"index":"index","follow":"follow","max-snippet":"max-snippet:-1","max-image-preview":"max-image-preview:large","max-video-preview":"max-video-preview:-1"},"canonical":"https:\/\/leocare.eu\/fr\/assurance-auto-en-ligne\/sinistre\/indemnisation\/garage-agree\/reparation-pas-cher\/","og_locale":"fr_FR","og_type":"article","og_title":"Comment faire r\u00e9parer sa voiture moins cher ? - Leocare","og_description":"D\u00e9couvrez nos astuces pour r\u00e9duire le co\u00fbt de r\u00e9paration de votre voiture. Faites des \u00e9conomies maintenant! Maximez votre budget voiture.","og_url":"https:\/\/leocare.eu\/fr\/assurance-auto-en-ligne\/sinistre\/indemnisation\/garage-agree\/reparation-pas-cher\/","og_site_name":"Leocare, assurance en ligne automobile et habitation","article_modified_time":"2026-04-07T14:45:26+00:00","og_image":[{"width":1800,"height":1200,"url":"https:\/\/leocare.eu\/fr\/wp-content\/uploads\/2022\/12\/Reparation-pas-chere.jpg","type":"image\/jpeg"}],"twitter_card":"summary_large_image","twitter_misc":{"Est. reading time":"4 minutes"},"schema":{"@context":"https:\/\/schema.org","@graph":[{"@type":"WebPage","@id":"https:\/\/leocare.eu\/fr\/assurance-auto-en-ligne\/sinistre\/indemnisation\/garage-agree\/reparation-pas-cher\/","url":"https:\/\/leocare.eu\/fr\/assurance-auto-en-ligne\/sinistre\/indemnisation\/garage-agree\/reparation-pas-cher\/","name":"Comment faire r\u00e9parer sa voiture moins cher ? - Leocare","isPartOf":{"@id":"https:\/\/leocare.eu\/fr\/#website"},"primaryImageOfPage":{"@id":"https:\/\/leocare.eu\/fr\/assurance-auto-en-ligne\/sinistre\/indemnisation\/garage-agree\/reparation-pas-cher\/#primaryimage"},"image":{"@id":"https:\/\/leocare.eu\/fr\/assurance-auto-en-ligne\/sinistre\/indemnisation\/garage-agree\/reparation-pas-cher\/#primaryimage"},"thumbnailUrl":"https:\/\/leocare.eu\/fr\/wp-content\/uploads\/2022\/12\/Reparation-pas-chere.jpg","datePublished":"2022-12-29T16:13:30+00:00","dateModified":"2026-04-07T14:45:26+00:00","description":"D\u00e9couvrez nos astuces pour r\u00e9duire le co\u00fbt de r\u00e9paration de votre voiture. Faites des \u00e9conomies maintenant! Maximez votre budget voiture.","breadcrumb":{"@id":"https:\/\/leocare.eu\/fr\/assurance-auto-en-ligne\/sinistre\/indemnisation\/garage-agree\/reparation-pas-cher\/#breadcrumb"},"inLanguage":"fr-FR","potentialAction":[{"@type":"ReadAction","target":["https:\/\/leocare.eu\/fr\/assurance-auto-en-ligne\/sinistre\/indemnisation\/garage-agree\/reparation-pas-cher\/"]}]},{"@type":"ImageObject","inLanguage":"fr-FR","@id":"https:\/\/leocare.eu\/fr\/assurance-auto-en-ligne\/sinistre\/indemnisation\/garage-agree\/reparation-pas-cher\/#primaryimage","url":"https:\/\/leocare.eu\/fr\/wp-content\/uploads\/2022\/12\/Reparation-pas-chere.jpg","contentUrl":"https:\/\/leocare.eu\/fr\/wp-content\/uploads\/2022\/12\/Reparation-pas-chere.jpg","width":1800,"height":1200,"caption":"r\u00e9parations auto"},{"@type":"WebSite","@id":"https:\/\/leocare.eu\/fr\/#website","url":"https:\/\/leocare.eu\/fr\/","name":"Leocare, assurance en ligne automobile et habitation","description":"enfin (r)assur\u00e9.e","publisher":{"@id":"https:\/\/leocare.eu\/fr\/#organization"},"potentialAction":[{"@type":"SearchAction","target":{"@type":"EntryPoint","urlTemplate":"https:\/\/leocare.eu\/fr\/?s={search_term_string}"},"query-input":{"@type":"PropertyValueSpecification","valueRequired":true,"valueName":"search_term_string"}}],"inLanguage":"fr-FR"},{"@type":"Organization","@id":"https:\/\/leocare.eu\/fr\/#organization","name":"Leocare, assurance en ligne automobile et habitation","url":"https:\/\/leocare.eu\/fr\/","logo":{"@type":"ImageObject","inLanguage":"fr-FR","@id":"https:\/\/leocare.eu\/fr\/#\/schema\/logo\/image\/","url":"https:\/\/leocare.eu\/fr\/wp-content\/uploads\/2020\/03\/logo-leocare.svg","contentUrl":"https:\/\/leocare.eu\/fr\/wp-content\/uploads\/2020\/03\/logo-leocare.svg","caption":"Leocare, assurance en ligne automobile et habitation"},"image":{"@id":"https:\/\/leocare.eu\/fr\/#\/schema\/logo\/image\/"}}]}},"_links":{"self":[{"href":"https:\/\/leocare.eu\/fr\/wp-json\/wp\/v2\/pages\/10713","targetHints":{"allow":["GET"]}}],"collection":[{"href":"https:\/\/leocare.eu\/fr\/wp-json\/wp\/v2\/pages"}],"about":[{"href":"https:\/\/leocare.eu\/fr\/wp-json\/wp\/v2\/types\/page"}],"author":[{"embeddable":true,"href":"https:\/\/leocare.eu\/fr\/wp-json\/wp\/v2\/users\/34"}],"replies":[{"embeddable":true,"href":"https:\/\/leocare.eu\/fr\/wp-json\/wp\/v2\/comments?post=10713"}],"version-history":[{"count":8,"href":"https:\/\/leocare.eu\/fr\/wp-json\/wp\/v2\/pages\/10713\/revisions"}],"predecessor-version":[{"id":35612,"href":"https:\/\/leocare.eu\/fr\/wp-json\/wp\/v2\/pages\/10713\/revisions\/35612"}],"up":[{"embeddable":true,"href":"https:\/\/leocare.eu\/fr\/wp-json\/wp\/v2\/pages\/10701"}],"wp:featuredmedia":[{"embeddable":true,"href":"https:\/\/leocare.eu\/fr\/wp-json\/wp\/v2\/media\/10063"}],"wp:attachment":[{"href":"https:\/\/leocare.eu\/fr\/wp-json\/wp\/v2\/media?parent=10713"}],"curies":[{"name":"wp","href":"https:\/\/api.w.org\/{rel}","templated":true}]}}