{"id":10641,"date":"2022-12-29T16:17:31","date_gmt":"2022-12-29T15:17:31","guid":{"rendered":"https:\/\/leocare.eu\/fr\/?page_id=10641"},"modified":"2026-04-07T16:45:24","modified_gmt":"2026-04-07T14:45:24","slug":"calcul-interets-retard","status":"publish","type":"page","link":"https:\/\/leocare.eu\/fr\/assurance-auto-en-ligne\/sinistre\/indemnisation\/litige\/calcul-interets-retard\/","title":{"rendered":"Comment calculer les int\u00e9r\u00eats d\u2019un retard d\u2019indemnisation d\u2019assurance ?"},"content":{"rendered":"\n<p><b>En cas de retard d\u2019indemnisation, votre assurance auto est tenue de vous d\u00e9dommager. Elle doit, \u00e0 cet effet, vous verser ce qu\u2019on appelle des int\u00e9r\u00eats de retard. Ces derniers viennent en compl\u00e9ment de la somme due initialement. Comment les calculer&nbsp;? Leocare, la n\u00e9o-assurance qui associe clart\u00e9 et flexibilit\u00e9, vous \u00e9claire sur le sujet <\/b><b>\ud83d\udca1<\/b><b>.<\/b><\/p>\n\n\n\n<h2 class=\"wp-block-heading\" id=\"section-1-calcul-des-intrts-en-assurance-dfinition\"><strong>Calcul des int\u00e9r\u00eats en assurance : d\u00e9finition<\/strong><\/h2>\n\n\n\n<p>Apr\u00e8s un sinistre automobile, il arrive parfois que l\u2019on soit confront\u00e9 au versement tardif du remboursement attendu. Ce cas de&nbsp;<strong><a href=\"https:\/\/leocare.eu\/fr\/assurance-auto-en-ligne\/sinistre\/indemnisation\/litige\/\">litige d\u2019assurance auto<\/a><\/strong>&nbsp;fait l\u2019objet d\u2019un calcul pr\u00e9cis, permettant \u00e0 l\u2019assur\u00e9 de percevoir des int\u00e9r\u00eats pour compenser le retard subi.<\/p>\n\n\n\n<p>Chaque&nbsp;compagnie&nbsp;peut imposer certaines&nbsp;modalit\u00e9s&nbsp;pour proc\u00e9der \u00e0 une&nbsp;indemnisation. Pour&nbsp;<strong><a href=\"https:\/\/leocare.eu\/fr\/assurance-auto-en-ligne\/sinistre\/indemnisation\/remboursement\/\">se faire rembourser par son assurance auto<\/a><\/strong>, il importe de les respecter. Faute de quoi, vous pourriez recevoir un&nbsp;refus&nbsp;de prise en charge de vos&nbsp;dommages&nbsp;d\u2019accident. Votre&nbsp;compagnie&nbsp;peut vous recommander de privil\u00e9gier une&nbsp;intervention&nbsp;dans l\u2019un des&nbsp;<strong><a href=\"https:\/\/leocare.eu\/fr\/assurance-auto-en-ligne\/sinistre\/indemnisation\/garage-agree\/\">garages agr\u00e9\u00e9s par l\u2019assurance auto<\/a><\/strong>. Cela facilite g\u00e9n\u00e9ralement l\u2019indemnisation&nbsp;des&nbsp;dommages&nbsp;d\u2019un&nbsp;accident&nbsp;et constitue une garantie pour les conducteurs comme pour les&nbsp;assurances.<\/p>\n\n\n\n<div class=\"bon-a-savoir\">\n\n\n\n<p>\u00c0 noter : les d\u00e9lais d\u2019indemnisation de l\u2019assurance<\/p>\n\n\n\n<p>L\u00e9galement, votre compagnie d\u2019assurance a 3 mois pour faire une offre, \u00e0 compter du jour o\u00f9 elle re\u00e7oit la d\u00e9claration de sinistre. Elle dispose ensuite d\u2019un mois pour proc\u00e9der au r\u00e8glement, selon le d\u00e9g\u00e2t constat\u00e9. En cas de refus de prise en charge des dommages ou d\u2019absence de r\u00e9ponse de votre compagnie, vous pouvez lui adresser une r\u00e9clamation. L\u2019intervention d\u2019un m\u00e9diateur peut faciliter le recouvrement des sommes dues en cas de litige.<\/p>\n\n\n\n<\/div>\n\n\n\n<p>Jetez tout de m\u00eame un coup d\u2019\u0153il \u00e0 votre contrat. D\u2019un assureur \u00e0 l\u2019autre, les d\u00e9lais et modalit\u00e9s peuvent varier sensiblement. Chez Leocare, le d\u00e9lai de r\u00e8glement est ramen\u00e9 \u00e0 15 jours\ud83d\udcaa.<\/p>\n\n\n\n<p>Vous avez re\u00e7u un<strong><a href=\"https:\/\/leocare.eu\/fr\/assurance-auto-en-ligne\/sinistre\/indemnisation\/refus\/\">&nbsp;refus d\u2019indemnisation par l\u2019assurance auto<\/a><\/strong>&nbsp;pour des&nbsp;dommages&nbsp;li\u00e9s \u00e0 un&nbsp;accident&nbsp;? Vous pouvez porter&nbsp;r\u00e9clamation&nbsp;et entamer une proc\u00e9dure de&nbsp;litige&nbsp;avec votre&nbsp;compagnie. Faute d\u2019accord, vous pourrez faire appel au m\u00e9diateur des&nbsp;assurances.<\/p>\n\n\n\n<p>Et gr\u00e2ce \u00e0 l\u2019app Leocare, d\u00e9clarez vos sinistres en quelques clics, o\u00f9 et quand vous voulez. Pour acc\u00e9l\u00e9rer la proc\u00e9dure, t\u00e9l\u00e9chargez les documents et photos n\u00e9cessaires au traitement de votre dossier. Pratique et fait en quelques clics \u263a!<\/p>\n\n\n\n<p>Attention, si vous vous rendez coupable de&nbsp;<strong><a href=\"https:\/\/leocare.eu\/fr\/assurance-auto-en-ligne\/sinistre\/declaration\/risques-fraude\/\">fausse d\u00e9claration et fraude \u00e0 l\u2019assurance auto<\/a><\/strong>, votre&nbsp;compagnie&nbsp;peut l\u00e9galement vous opposer un&nbsp;refus&nbsp;d\u2019indemnisation&nbsp;de vos&nbsp;dommages&nbsp;suite \u00e0 un&nbsp;accident. Mais elle peut \u00e9galement r\u00e9clamer des&nbsp;dommages et int\u00e9r\u00eats.<\/p>\n\n\n\n<h2 class=\"wp-block-heading\" id=\"section-2-le-taux-dintrt-lgal-pour-les-particuliers\"><strong>Le taux d\u2019int\u00e9r\u00eat l\u00e9gal pour les particuliers<\/strong><\/h2>\n\n\n\n<p>Le taux d\u2019int\u00e9r\u00eat l\u00e9gal est fix\u00e9 par la Banque de France et publi\u00e9s au Journal officiel (JO). Ils \u00e9voluent chaque semestre et s\u2019appliquent \u00e0 tout cr\u00e9ancier. Au 2d trimestre 2022, pour les particuliers, le taux d\u2019int\u00e9r\u00eat l\u00e9gal est de 3,15 % *.<\/p>\n\n\n\n<h2 class=\"wp-block-heading\" id=\"section-3-quelle-est-la-formule-pour-calculer-les-intrts-dus-par-lassu\"><strong>Quelle est la formule pour calculer les int\u00e9r\u00eats dus par l\u2019assureur ? \ud83d\udd0d<\/strong><\/h2>\n\n\n\n<p>Peu importe le type de remboursement d\u2019assurance auto, la formule de calcul des p\u00e9nalit\u00e9s de retard est toujours la m\u00eame :<\/p>\n\n\n\n<p>(somme due initialement x jours de retard x taux d\u2019int\u00e9r\u00eat l\u00e9gal en vigueur) \/ (365 x 100)<\/p>\n\n\n\n<p>Les jours de retard commencent \u00e0 courir \u00e0 compter de la r\u00e9ception du courrier de mise en demeure, par l\u2019assurance.<\/p>\n\n\n\n<p>Pour bien comprendre, prenons un exemple. En date du 15 septembre, vous envoyez un courrier recommand\u00e9 avec accus\u00e9 de r\u00e9ception (AR) \u00e0 votre assureur pour lui signaler qu\u2019il vous doit la somme de 4 500 \u20ac, pour couvrir les r\u00e9parations votre auto. Au 15 octobre, vous n\u2019avez toujours rien re\u00e7u, malgr\u00e9 vos lettres de relance. \u00c0 cette date, il vous doit donc, en plus de cette somme :<\/p>\n\n\n\n<p>(4 500 \u20ac x 30 x 3,15 %) \/ (365 x 100) = 4 252,50 \/ 36 500 = 0,12 \u20ac<\/p>\n\n\n\n<p>En cas de&nbsp;litige&nbsp;pour un sinistre non responsable (refus d\u2019indemnisation&nbsp;d\u2019un&nbsp;accident,&nbsp;absence&nbsp;de r\u00e9ponse des&nbsp;assurances&nbsp;dans les d\u00e9lais l\u00e9galement pr\u00e9vus, etc.), vous pouvez toujours d\u00e9clencher un&nbsp;<strong><a href=\"https:\/\/leocare.eu\/fr\/assurance-auto-en-ligne\/sinistre\/declaration\/recours-droit-commun\/\">recours en droit commun contre l\u2019assurance<\/a><\/strong>&nbsp;du conducteur responsable.&nbsp;En cas de voiture<strong><a href=\"https:\/\/leocare.eu\/fr\/assurance-auto-en-ligne\/sinistre\/types\/voiture-incendiee\/\">&nbsp;incendi\u00e9e<\/a><\/strong>&nbsp;(suite \u00e0 un&nbsp;accident&nbsp;ou \u00e0 une d\u00e9gradation volontaire), votre&nbsp;indemnisation&nbsp;d\u00e9pend du contrat souscrit aupr\u00e8s de votre&nbsp;compagnie&nbsp;et de ses garanties. Les&nbsp;dommages&nbsp;sont rarement r\u00e9parables, ce qui am\u00e8ne les&nbsp;assurances&nbsp;\u00e0 classer le v\u00e9hicule en \u00e9pave.<\/p>\n\n\n\n<p>Vous savez tout sur la prise en charge tardive d\u2019assurance auto. Avec Leocare, l\u2019assurance 100 % mobile et proche de ses clients, b\u00e9n\u00e9ficiez d\u2019un contrat au meilleur rapport protection\/prix. Assistance 0 km incluse dans toutes nos formules, stage gratuit de sensibilisation\/r\u00e9cup\u00e9ration de points, aucune franchise sur l\u2019\u00e9quipement pour les motards \ud83d\udc4f\u2026 Tout est pens\u00e9 pour vous rendre la route plus facile !<\/p>\n\n\n\n<p>Pour finir, \u00eates-vous bien couvert par votre&nbsp;<strong><a href=\"https:\/\/leocare.eu\/fr\/assurance-auto-en-ligne\/sinistre\/intemperies\/voiture-inondee\/\">assurance auto en cas d\u2019<\/a><\/strong><strong>inondation<\/strong>\u202f? Certaines circonstances particuli\u00e8res (autres qu\u2019un&nbsp;accident) occasionnent en effet des&nbsp;dommages&nbsp;majeurs \u00e0 votre v\u00e9hicule. Assurez-vous aupr\u00e8s de votre&nbsp;compagnie&nbsp;que vous pouvez bien pr\u00e9tendre \u00e0 une&nbsp;indemnisation&nbsp;dans ces situations.<\/p>\n","protected":false},"excerpt":{"rendered":"<p>En cas de retard d\u2019indemnisation, votre assurance auto est tenue de vous d\u00e9dommager. Elle doit, \u00e0 cet effet, vous verser ce qu\u2019on appelle des int\u00e9r\u00eats de retard. Ces derniers viennent en compl\u00e9ment de la somme due initialement. Comment les calculer&nbsp;? Leocare, la n\u00e9o-assurance qui associe clart\u00e9 et flexibilit\u00e9, vous \u00e9claire sur le sujet \ud83d\udca1. Calcul [&hellip;]<\/p>\n","protected":false},"author":34,"featured_media":9900,"parent":10631,"menu_order":0,"comment_status":"closed","ping_status":"closed","template":"template_seo.php","meta":{"_acf_changed":false,"footnotes":""},"class_list":["post-10641","page","type-page","status-publish","has-post-thumbnail","hentry"],"acf":[],"yoast_head":"<!-- This site is optimized with the Yoast SEO plugin v27.3 - https:\/\/yoast.com\/product\/yoast-seo-wordpress\/ -->\n<title>Bien calculer les int\u00e9r\u00eats de retard d\u2019indemnisation d\u2019assurance<\/title>\n<meta name=\"description\" content=\"Retrouvez comment calculer efficacement les int\u00e9r\u00eats suite \u00e0 un retard d&#039;indemnisation d&#039;assurance. Ne perdez plus un euro, agissez maintenant !\" \/>\n<meta name=\"robots\" content=\"index, follow, max-snippet:-1, max-image-preview:large, max-video-preview:-1\" \/>\n<link rel=\"canonical\" href=\"https:\/\/leocare.eu\/fr\/assurance-auto-en-ligne\/sinistre\/indemnisation\/litige\/calcul-interets-retard\/\" \/>\n<meta property=\"og:locale\" content=\"fr_FR\" \/>\n<meta property=\"og:type\" content=\"article\" \/>\n<meta property=\"og:title\" content=\"Bien calculer les int\u00e9r\u00eats de retard d\u2019indemnisation d\u2019assurance\" \/>\n<meta property=\"og:description\" content=\"Retrouvez comment calculer efficacement les int\u00e9r\u00eats suite \u00e0 un retard d&#039;indemnisation d&#039;assurance. Ne perdez plus un euro, agissez maintenant !\" \/>\n<meta property=\"og:url\" content=\"https:\/\/leocare.eu\/fr\/assurance-auto-en-ligne\/sinistre\/indemnisation\/litige\/calcul-interets-retard\/\" \/>\n<meta property=\"og:site_name\" content=\"Leocare, assurance en ligne automobile et habitation\" \/>\n<meta property=\"article:modified_time\" content=\"2026-04-07T14:45:24+00:00\" \/>\n<meta property=\"og:image\" content=\"https:\/\/leocare.eu\/fr\/wp-content\/uploads\/2022\/12\/calcul-interets-retard.jpg\" \/>\n\t<meta property=\"og:image:width\" content=\"1800\" \/>\n\t<meta property=\"og:image:height\" content=\"1200\" \/>\n\t<meta property=\"og:image:type\" content=\"image\/jpeg\" \/>\n<meta name=\"twitter:card\" content=\"summary_large_image\" \/>\n<meta name=\"twitter:label1\" content=\"Dur\u00e9e de lecture estim\u00e9e\" \/>\n\t<meta name=\"twitter:data1\" content=\"5 minutes\" \/>\n<!-- \/ Yoast SEO plugin. -->","yoast_head_json":{"title":"Bien calculer les int\u00e9r\u00eats de retard d\u2019indemnisation d\u2019assurance","description":"Retrouvez comment calculer efficacement les int\u00e9r\u00eats suite \u00e0 un retard d'indemnisation d'assurance. Ne perdez plus un euro, agissez maintenant !","robots":{"index":"index","follow":"follow","max-snippet":"max-snippet:-1","max-image-preview":"max-image-preview:large","max-video-preview":"max-video-preview:-1"},"canonical":"https:\/\/leocare.eu\/fr\/assurance-auto-en-ligne\/sinistre\/indemnisation\/litige\/calcul-interets-retard\/","og_locale":"fr_FR","og_type":"article","og_title":"Bien calculer les int\u00e9r\u00eats de retard d\u2019indemnisation d\u2019assurance","og_description":"Retrouvez comment calculer efficacement les int\u00e9r\u00eats suite \u00e0 un retard d'indemnisation d'assurance. Ne perdez plus un euro, agissez maintenant !","og_url":"https:\/\/leocare.eu\/fr\/assurance-auto-en-ligne\/sinistre\/indemnisation\/litige\/calcul-interets-retard\/","og_site_name":"Leocare, assurance en ligne automobile et habitation","article_modified_time":"2026-04-07T14:45:24+00:00","og_image":[{"width":1800,"height":1200,"url":"https:\/\/leocare.eu\/fr\/wp-content\/uploads\/2022\/12\/calcul-interets-retard.jpg","type":"image\/jpeg"}],"twitter_card":"summary_large_image","twitter_misc":{"Dur\u00e9e de lecture estim\u00e9e":"5 minutes"},"schema":{"@context":"https:\/\/schema.org","@graph":[{"@type":"WebPage","@id":"https:\/\/leocare.eu\/fr\/assurance-auto-en-ligne\/sinistre\/indemnisation\/litige\/calcul-interets-retard\/","url":"https:\/\/leocare.eu\/fr\/assurance-auto-en-ligne\/sinistre\/indemnisation\/litige\/calcul-interets-retard\/","name":"Bien calculer les int\u00e9r\u00eats de retard d\u2019indemnisation d\u2019assurance","isPartOf":{"@id":"https:\/\/leocare.eu\/fr\/#website"},"primaryImageOfPage":{"@id":"https:\/\/leocare.eu\/fr\/assurance-auto-en-ligne\/sinistre\/indemnisation\/litige\/calcul-interets-retard\/#primaryimage"},"image":{"@id":"https:\/\/leocare.eu\/fr\/assurance-auto-en-ligne\/sinistre\/indemnisation\/litige\/calcul-interets-retard\/#primaryimage"},"thumbnailUrl":"https:\/\/leocare.eu\/fr\/wp-content\/uploads\/2022\/12\/calcul-interets-retard.jpg","datePublished":"2022-12-29T15:17:31+00:00","dateModified":"2026-04-07T14:45:24+00:00","description":"Retrouvez comment calculer efficacement les int\u00e9r\u00eats suite \u00e0 un retard d'indemnisation d'assurance. Ne perdez plus un euro, agissez maintenant !","breadcrumb":{"@id":"https:\/\/leocare.eu\/fr\/assurance-auto-en-ligne\/sinistre\/indemnisation\/litige\/calcul-interets-retard\/#breadcrumb"},"inLanguage":"fr-FR","potentialAction":[{"@type":"ReadAction","target":["https:\/\/leocare.eu\/fr\/assurance-auto-en-ligne\/sinistre\/indemnisation\/litige\/calcul-interets-retard\/"]}]},{"@type":"ImageObject","inLanguage":"fr-FR","@id":"https:\/\/leocare.eu\/fr\/assurance-auto-en-ligne\/sinistre\/indemnisation\/litige\/calcul-interets-retard\/#primaryimage","url":"https:\/\/leocare.eu\/fr\/wp-content\/uploads\/2022\/12\/calcul-interets-retard.jpg","contentUrl":"https:\/\/leocare.eu\/fr\/wp-content\/uploads\/2022\/12\/calcul-interets-retard.jpg","width":1800,"height":1200,"caption":"Assurance Auto Calcul Int\u00e9r\u00eats Retard"},{"@type":"WebSite","@id":"https:\/\/leocare.eu\/fr\/#website","url":"https:\/\/leocare.eu\/fr\/","name":"Leocare, assurance en ligne automobile et habitation","description":"enfin (r)assur\u00e9.e","publisher":{"@id":"https:\/\/leocare.eu\/fr\/#organization"},"potentialAction":[{"@type":"SearchAction","target":{"@type":"EntryPoint","urlTemplate":"https:\/\/leocare.eu\/fr\/?s={search_term_string}"},"query-input":{"@type":"PropertyValueSpecification","valueRequired":true,"valueName":"search_term_string"}}],"inLanguage":"fr-FR"},{"@type":"Organization","@id":"https:\/\/leocare.eu\/fr\/#organization","name":"Leocare, assurance en ligne automobile et habitation","url":"https:\/\/leocare.eu\/fr\/","logo":{"@type":"ImageObject","inLanguage":"fr-FR","@id":"https:\/\/leocare.eu\/fr\/#\/schema\/logo\/image\/","url":"https:\/\/leocare.eu\/fr\/wp-content\/uploads\/2020\/03\/logo-leocare.svg","contentUrl":"https:\/\/leocare.eu\/fr\/wp-content\/uploads\/2020\/03\/logo-leocare.svg","caption":"Leocare, assurance en ligne automobile et habitation"},"image":{"@id":"https:\/\/leocare.eu\/fr\/#\/schema\/logo\/image\/"}}]}},"_links":{"self":[{"href":"https:\/\/leocare.eu\/fr\/wp-json\/wp\/v2\/pages\/10641","targetHints":{"allow":["GET"]}}],"collection":[{"href":"https:\/\/leocare.eu\/fr\/wp-json\/wp\/v2\/pages"}],"about":[{"href":"https:\/\/leocare.eu\/fr\/wp-json\/wp\/v2\/types\/page"}],"author":[{"embeddable":true,"href":"https:\/\/leocare.eu\/fr\/wp-json\/wp\/v2\/users\/34"}],"replies":[{"embeddable":true,"href":"https:\/\/leocare.eu\/fr\/wp-json\/wp\/v2\/comments?post=10641"}],"version-history":[{"count":22,"href":"https:\/\/leocare.eu\/fr\/wp-json\/wp\/v2\/pages\/10641\/revisions"}],"predecessor-version":[{"id":37296,"href":"https:\/\/leocare.eu\/fr\/wp-json\/wp\/v2\/pages\/10641\/revisions\/37296"}],"up":[{"embeddable":true,"href":"https:\/\/leocare.eu\/fr\/wp-json\/wp\/v2\/pages\/10631"}],"wp:featuredmedia":[{"embeddable":true,"href":"https:\/\/leocare.eu\/fr\/wp-json\/wp\/v2\/media\/9900"}],"wp:attachment":[{"href":"https:\/\/leocare.eu\/fr\/wp-json\/wp\/v2\/media?parent=10641"}],"curies":[{"name":"wp","href":"https:\/\/api.w.org\/{rel}","templated":true}]}}