{"id":10613,"date":"2022-12-29T15:47:39","date_gmt":"2022-12-29T14:47:39","guid":{"rendered":"https:\/\/leocare.eu\/fr\/?page_id=10613"},"modified":"2026-04-07T16:45:20","modified_gmt":"2026-04-07T14:45:20","slug":"relative-absolue","status":"publish","type":"page","link":"https:\/\/leocare.eu\/fr\/assurance-auto-en-ligne\/sinistre\/indemnisation\/franchise\/relative-absolue\/","title":{"rendered":"Quels sont les diff\u00e9rents types de franchise en assurance\u00a0?"},"content":{"rendered":"\n<p><b>Si vous avez une ou plusieurs assurances, vous \u00eates peut-\u00eatre \u00e0 l\u2019aise avec la garantie assistance. Mais qu\u2019en est-il de la franchise&nbsp;? Savez-vous qu\u2019il en existe diff\u00e9rents types&nbsp;? Pour en savoir plus sur celle qui vous concerne, vous devez bien lire les contrats. Relative, absolue, promotionnelle ou annuelle, elles ont toutes leurs sp\u00e9cificit\u00e9s. Qu\u2019est-ce qu\u2019une franchise relative&nbsp;? Quelle est la diff\u00e9rence entre une franchise simple et une franchise absolue&nbsp;? Comment s\u2019y retrouver&nbsp;? Rassurez-vous, Leocare, la n\u00e9o-assurance qui allie transparence et care, vous explique tout<\/b> <b>\ud83d\ude0a<\/b><b>.&nbsp; <\/b><\/p>\n\n\n\n<h2 class=\"wp-block-heading\" id=\"section-1-quest-ce-quune-franchise-assurance-auto-relative-\"><strong>Qu\u2019est-ce qu\u2019une franchise assurance auto relative ?<\/strong><\/h2>\n\n\n\n<p>Une franchise relative est aussi appel\u00e9e franchise simple. Le montant de cette&nbsp;<a href=\"https:\/\/leocare.eu\/fr\/assurance-auto-en-ligne\/sinistre\/indemnisation\/franchise\/\">franchise<\/a>&nbsp;est fix\u00e9 par votre assurance, elle d\u00e9pend du contrat et du niveau de garantie choisis en tant qu\u2019assur\u00e9. Ce montant est un seuil d\u2019indemnisation. En cas de sinistre, les dommages ne sont rembours\u00e9s que si les frais sont sup\u00e9rieurs \u00e0 la franchise relative. Si les frais sont \u00e9gaux ou inf\u00e9rieurs au montant de la franchise, alors vous devez les payer.<\/p>\n\n\n\n<p>Pour mieux comprendre, prenons un exemple. Votre contrat d\u2019assurance inclut une franchise relative de 200 \u20ac :<\/p>\n\n\n\n<ul class=\"wp-block-list\">\n<li>Si le montant des\u00a0d\u00e9g\u00e2ts\u00a0est de 150 \u20ac, vous devez les r\u00e9gler en int\u00e9gralit\u00e9.<\/li>\n\n\n\n<li>Si le montant des\u00a0d\u00e9g\u00e2ts\u00a0est de 250 \u20ac, l\u2019assurance les prend en charge. Vous n\u2019avez rien \u00e0 payer.<\/li>\n<\/ul>\n\n\n\n<p>La franchise relative est avantageuse si le seuil de&nbsp;d\u00e9dommagement&nbsp;est franchi. Elle est int\u00e9ressante quand les biens \u00e0 assurer sont de valeur ou co\u00fbteux \ud83d\ude0f.&nbsp;Et cela vaut pour l\u2019assurance auto comme pour l\u2019assurance habitation.<\/p>\n\n\n\n<p>Selon la loi, une&nbsp;compagnie d\u2019assurance&nbsp;dispose de trois mois pour vous faire une proposition d\u2019indemnisation&nbsp;suivie d\u2019un mois pour r\u00e9aliser le r\u00e8glement. Si vous vous demandez&nbsp;<a href=\"https:\/\/leocare.eu\/fr\/assurance-auto-en-ligne\/sinistre\/types\/voiture-incendiee\/\"><strong>que faire et comment \u00eatre indemnis\u00e9 en cas de voiture incendi\u00e9e<\/strong>,<\/a>&nbsp;nos conseillers Leocare peuvent vous renseigner. De m\u00eame que notre&nbsp;comparateur&nbsp;peut vous informer sur les indemnit\u00e9s en cas de&nbsp;dommages&nbsp;suite \u00e0 un&nbsp;accident.<\/p>\n\n\n\n<p id=\"ancre1\">Notre site ou notre app vous permet \u00e9galement de tout savoir sur la&nbsp;<strong><a href=\"https:\/\/leocare.eu\/fr\/assurance-auto-en-ligne\/sinistre\/types\/panne\/\">prise en charge en cas de panne de voiture<\/a><\/strong>&nbsp;par notre&nbsp;compagnie&nbsp;d\u2019assurance.&nbsp;Intervention&nbsp;d\u2019un expert auto,&nbsp;indemnisation&nbsp;des&nbsp;dommages&nbsp;des&nbsp;conducteurs&nbsp;(m\u00eame en cas d\u2019accident), etc., en quelques minutes, vous saurez tout !<\/p>\n\n\n\n<h2 class=\"wp-block-heading\" id=\"section-2-quest-ce-quune-franchise-absolue-\"><strong>Qu\u2019est-ce qu\u2019une franchise absolue ?<\/strong><\/h2>\n\n\n\n<p>Une franchise absolue est parfois appel\u00e9e franchise fixe. Elle d\u00e9signe un montant qui est automatiquement d\u00e9duit de l\u2019indemnit\u00e9&nbsp;de votre assurance en cas de sinistre. Si le montant des r\u00e9parations est inf\u00e9rieur \u00e0 la franchise absolue, vous n\u2019\u00eates pas rembours\u00e9. En revanche, s\u2019il est sup\u00e9rieur, la diff\u00e9rence est prise en charge.<\/p>\n\n\n\n<p>Voici un exemple plus concret \ud83e\udd14. Admettons que votre franchise absolue est fix\u00e9e \u00e0 200 \u20ac :<\/p>\n\n\n\n<ul class=\"wp-block-list\">\n<li>Si le montant des r\u00e9parations est de 150 \u20ac, alors vous devez les r\u00e9gler.<\/li>\n\n\n\n<li>Si le montant des\u00a0sinistres\u00a0est de 400 \u20ac, vous devez vous acquitter de la franchise, \u00e0 savoir 200 \u20ac et votre assurance prend en charge la diff\u00e9rence, soit \u00e9galement 200 \u20ac.<\/li>\n<\/ul>\n\n\n\n<p>Cette franchise est la plus fr\u00e9quemment rencontr\u00e9e. D\u2019ailleurs, dans les contrats&nbsp;d\u2019assurance auto ou d\u2019assurance habitation, si le type de franchise n\u2019est pas pr\u00e9cis\u00e9, c\u2019est qu\u2019il s\u2019agit, par d\u00e9faut, d\u2019une franchise absolue.<\/p>\n\n\n\n<p>V\u00e9rifiez les termes de votre contrat Leocare depuis notre app pour en savoir plus sur la franchise de votre assurance auto Leocare, il vous suffit de v\u00e9rifier les modalit\u00e9s depuis notre app. Tous vos contrats sont accessibles en permanence, en quelques clics\ud83d\udcf1.<\/p>\n\n\n\n<div class=\"bon-a-savoir\">\n\n\n\n<p>V\u00e9rifiez les termes de votre contrat Leocare depuis notre app<\/p>\n\n\n\n<p>Pour en savoir plus sur la franchise de votre assurance auto Leocare, il vous suffit de v\u00e9rifier les modalit\u00e9s depuis notre app. Tous vos contrats sont accessibles en permanence, en quelques clics\ud83d\udcf1.<\/p>\n\n\n\n<\/div>\n\n\n\n<h2 class=\"wp-block-heading\" id=\"section-3-quest-ce-quune-franchise-proportionnelle-\"><strong>Qu\u2019est-ce qu\u2019une franchise proportionnelle ?<\/strong><\/h2>\n\n\n\n<p>En assurance habitation comme en assurance auto,&nbsp;la franchise proportionnelle est, comme son nom l\u2019indique, proportionnelle au montant des dommages. En fonction de l\u2019importance du sinistre auto, vous devez vous acquitter d\u2019un pourcentage des r\u00e9parations. Cette franchise est rare. Elle est parfois mise en place dans le cadre d\u2019une assurance jeune conducteur. Bien s\u00fbr, pour \u00e9viter les mauvaises surprises, ce type de franchise est encadr\u00e9.<\/p>\n\n\n\n<p>Si la franchise proportionnelle est fix\u00e9e \u00e0 10 %, le montant minimum peut \u00eatre de 200 \u20ac et le montant maximum de 500 \u20ac. Les conditions sont toujours indiqu\u00e9es dans votre contrat. N\u00e9anmoins, si vous avez des questions, contactez votre assureur.<\/p>\n\n\n\n<p id=\"ancre3\">Vol, catastrophe naturelle ou&nbsp;accident,&nbsp;la majorit\u00e9 de ces situations est tr\u00e8s angoissante. Pour \u00e9viter la panique, votre&nbsp;compagnie d\u2019assurance&nbsp;Leocare vous explique tout ! En cas de&nbsp;dommages, il est important de conna\u00eetre&nbsp;<strong><a href=\"https:\/\/leocare.eu\/fr\/assurance-auto-en-ligne\/sinistre\/declaration\/delais-indemnisation\/\">quels sont les d\u00e9lais d\u2019indemnisation apr\u00e8s un sinistre<\/a><\/strong>, mais aussi l\u2019\u00e9ventuelle p\u00e9nalit\u00e9 en l\u2019absence&nbsp;ou non de malus. Rapprochez-vous de nos Leoconseillers pour en savoir plus.<\/p>\n\n\n\n<div class=\"bon-a-savoir\">\n\n\n\n<p>Changez d\u2019assurance auto pour Leocare<\/p>\n\n\n\n<p>La franchise proportionnelle ne vous satisfait pas ? T\u00e9l\u00e9chargez notre app et profitez sans attendre \ud83d\udc47 :<\/p>\n\n\n\n<ul class=\"wp-block-list\">\n<li>D\u2019un contrat jusqu\u2019\u00e0 25 % moins cher.<\/li>\n\n\n\n<li>De garanties ajustables \u00e0 n\u2019importe quel moment.<\/li>\n\n\n\n<li>D\u2019une gestion des sinistres facilit\u00e9e.<\/li>\n\n\n\n<li>D\u2019une garantie assistance 0 km incluse dans tous nos contrats \ud83d\ude03.<\/li>\n<\/ul>\n\n\n\n<\/div>\n\n\n\n<h2 class=\"wp-block-heading\" id=\"section-4-quest-ce-quune-franchise-annuelle-\"><strong>Qu\u2019est-ce qu\u2019une franchise annuelle ?<\/strong><\/h2>\n\n\n\n<p>Tout comme la franchise proportionnelle, la franchise annuelle est relativement rare. Son fonctionnement est simple. Lors de la signature du contrat d\u2019assurance, le montant de la franchise annuelle vous est propos\u00e9. En cas de sinistre, vous profitez du remboursement de vos frais quand ces derniers, cumul\u00e9s, sont sup\u00e9rieurs \u00e0 la franchise. Si cette derni\u00e8re est de 1 000 \u20ac, vous devez r\u00e9gler les premiers 1000 \u20ac de r\u00e9paration sur l\u2019ann\u00e9e. Au-del\u00e0, c\u2019est l\u2019assurance qui prend en charge les d\u00e9g\u00e2ts.<\/p>\n\n\n\n<p>Enfin, sachez qu\u2019il existe des assurances auto sans franchise&nbsp;(idem pour l\u2019assurance habitation).&nbsp;Dans ce cas, la&nbsp;totalit\u00e9 des sinistres&nbsp;est rembours\u00e9e par la&nbsp;compagnie&nbsp;d\u2019assurance dans le respect des&nbsp;conditions&nbsp;du contrat, mais la prime d\u2019assurance est souvent tr\u00e8s \u00e9lev\u00e9e.&nbsp;L\u2019absence&nbsp;de franchise peut toutefois s\u2019av\u00e9rer avantageuse, notamment pour l\u2018<strong><a href=\"https:\/\/leocare.eu\/fr\/assurance-auto-en-ligne\/sinistre\/expert\/marbre\/\">indemnisation d\u2019un passage au marbre d\u2019une voiture<\/a><\/strong>&nbsp;en cas de&nbsp;dommages&nbsp;mat\u00e9riels importants lors d\u2019un&nbsp;accident. Ce type d\u2018intervention&nbsp;peut co\u00fbter jusqu\u2019\u00e0 5 000 \u20ac !&nbsp;<\/p>\n\n\n\n<p>Leocare est une assurance nouvelle g\u00e9n\u00e9ration qui vous accompagne pour personnaliser vos garanties. Pour la franchise, le principe est le m\u00eame. En fonction de vos besoins et des biens \u00e0 assurer, vous pouvez l\u2019ajuster en quelques clics via notre app.<\/p>\n\n\n\n<p>Ce n\u2019est pas toujours \u00e9vident de savoir comment r\u00e9agir face \u00e0 un sinistre auto. En cas de&nbsp;dommages&nbsp;corporels sur un tiers au cours de l\u2019accident,&nbsp;pr\u00e9venez la police ou la gendarmerie. Remplissez le constat amiable, et contactez votre&nbsp;compagnie d\u2019assurance&nbsp;pour d\u00e9clarer le sinistre et lancer la proc\u00e9dure d\u2019indemnisation. Pour un meilleur&nbsp;<strong><a href=\"https:\/\/leocare.eu\/fr\/assurance-auto-en-ligne\/sinistre\/indemnisation\/remboursement\/\">remboursement par l\u2019assurance auto<\/a><\/strong>&nbsp;et des&nbsp;cotisations&nbsp;adapt\u00e9es \u00e0 votre budget, utilisez notre&nbsp;comparateur&nbsp;d\u2019assurance.<\/p>\n\n\n\n<p>Apr\u00e8s un accident, vous pourriez \u00eatre confront\u00e9 \u00e0 un cas de retard d\u2019indemnisation. Votre&nbsp;compagnie d\u2019assurance&nbsp;doit prendre en charge les&nbsp;dommages&nbsp;subis. Ce litige fait l\u2019objet d\u2019un&nbsp;<a href=\"https:\/\/leocare.eu\/fr\/assurance-auto-en-ligne\/sinistre\/indemnisation\/litige\/calcul-interets-retard\/\"><strong>calcul d\u2019int\u00e9r\u00eat de retard d\u2019indemnisation d\u2019assurance<\/strong>.<\/a>En l\u2019absence&nbsp;de r\u00e8glement, l\u2019intervention&nbsp;d\u2019un m\u00e9diateur des assurances peut acc\u00e9l\u00e9rer le traitement de votre dossier. L\u00e9galement, les assureurs disposent d\u2019un mois pour vous indemniser. Chez Leocare, ce d\u00e9lai est de 15 jours seulement !&nbsp;<\/p>\n","protected":false},"excerpt":{"rendered":"<p>Si vous avez une ou plusieurs assurances, vous \u00eates peut-\u00eatre \u00e0 l\u2019aise avec la garantie assistance. Mais qu\u2019en est-il de la franchise&nbsp;? Savez-vous qu\u2019il en existe diff\u00e9rents types&nbsp;? Pour en savoir plus sur celle qui vous concerne, vous devez bien lire les contrats. Relative, absolue, promotionnelle ou annuelle, elles ont toutes leurs sp\u00e9cificit\u00e9s. Qu\u2019est-ce qu\u2019une [&hellip;]<\/p>\n","protected":false},"author":34,"featured_media":9895,"parent":10544,"menu_order":0,"comment_status":"closed","ping_status":"closed","template":"template_seo.php","meta":{"_acf_changed":false,"footnotes":""},"class_list":["post-10613","page","type-page","status-publish","has-post-thumbnail","hentry"],"acf":[],"yoast_head":"<!-- This site is optimized with the Yoast SEO plugin v27.3 - https:\/\/yoast.com\/product\/yoast-seo-wordpress\/ -->\n<title>Franchise relative ou absolue : tout savoir - Leocare<\/title>\n<meta name=\"description\" content=\"D\u00e9couvrez les diff\u00e9rents types de franchise en assurance. Comprenez mieux vos droits et obligations. Cliquez ici pour en savoir plus.\" \/>\n<meta name=\"robots\" content=\"index, follow, max-snippet:-1, max-image-preview:large, max-video-preview:-1\" \/>\n<link rel=\"canonical\" href=\"https:\/\/leocare.eu\/fr\/assurance-auto-en-ligne\/sinistre\/indemnisation\/franchise\/relative-absolue\/\" \/>\n<meta property=\"og:locale\" content=\"fr_FR\" \/>\n<meta property=\"og:type\" content=\"article\" \/>\n<meta property=\"og:title\" content=\"Franchise relative ou absolue : tout savoir - Leocare\" \/>\n<meta property=\"og:description\" content=\"D\u00e9couvrez les diff\u00e9rents types de franchise en assurance. Comprenez mieux vos droits et obligations. Cliquez ici pour en savoir plus.\" \/>\n<meta property=\"og:url\" content=\"https:\/\/leocare.eu\/fr\/assurance-auto-en-ligne\/sinistre\/indemnisation\/franchise\/relative-absolue\/\" \/>\n<meta property=\"og:site_name\" content=\"Leocare, assurance en ligne automobile et habitation\" \/>\n<meta property=\"article:modified_time\" content=\"2026-04-07T14:45:20+00:00\" \/>\n<meta property=\"og:image\" content=\"https:\/\/leocare.eu\/fr\/wp-content\/uploads\/2022\/12\/differences-franchise-relative-absolue.jpg\" \/>\n\t<meta property=\"og:image:width\" content=\"1800\" \/>\n\t<meta property=\"og:image:height\" content=\"1200\" \/>\n\t<meta property=\"og:image:type\" content=\"image\/jpeg\" \/>\n<meta name=\"twitter:card\" content=\"summary_large_image\" \/>\n<meta name=\"twitter:label1\" content=\"Est. reading time\" \/>\n\t<meta name=\"twitter:data1\" content=\"7 minutes\" \/>\n<!-- \/ Yoast SEO plugin. -->","yoast_head_json":{"title":"Franchise relative ou absolue : tout savoir - Leocare","description":"D\u00e9couvrez les diff\u00e9rents types de franchise en assurance. Comprenez mieux vos droits et obligations. Cliquez ici pour en savoir plus.","robots":{"index":"index","follow":"follow","max-snippet":"max-snippet:-1","max-image-preview":"max-image-preview:large","max-video-preview":"max-video-preview:-1"},"canonical":"https:\/\/leocare.eu\/fr\/assurance-auto-en-ligne\/sinistre\/indemnisation\/franchise\/relative-absolue\/","og_locale":"fr_FR","og_type":"article","og_title":"Franchise relative ou absolue : tout savoir - Leocare","og_description":"D\u00e9couvrez les diff\u00e9rents types de franchise en assurance. Comprenez mieux vos droits et obligations. Cliquez ici pour en savoir plus.","og_url":"https:\/\/leocare.eu\/fr\/assurance-auto-en-ligne\/sinistre\/indemnisation\/franchise\/relative-absolue\/","og_site_name":"Leocare, assurance en ligne automobile et habitation","article_modified_time":"2026-04-07T14:45:20+00:00","og_image":[{"width":1800,"height":1200,"url":"https:\/\/leocare.eu\/fr\/wp-content\/uploads\/2022\/12\/differences-franchise-relative-absolue.jpg","type":"image\/jpeg"}],"twitter_card":"summary_large_image","twitter_misc":{"Est. reading time":"7 minutes"},"schema":{"@context":"https:\/\/schema.org","@graph":[{"@type":"WebPage","@id":"https:\/\/leocare.eu\/fr\/assurance-auto-en-ligne\/sinistre\/indemnisation\/franchise\/relative-absolue\/","url":"https:\/\/leocare.eu\/fr\/assurance-auto-en-ligne\/sinistre\/indemnisation\/franchise\/relative-absolue\/","name":"Franchise relative ou absolue : tout savoir - Leocare","isPartOf":{"@id":"https:\/\/leocare.eu\/fr\/#website"},"primaryImageOfPage":{"@id":"https:\/\/leocare.eu\/fr\/assurance-auto-en-ligne\/sinistre\/indemnisation\/franchise\/relative-absolue\/#primaryimage"},"image":{"@id":"https:\/\/leocare.eu\/fr\/assurance-auto-en-ligne\/sinistre\/indemnisation\/franchise\/relative-absolue\/#primaryimage"},"thumbnailUrl":"https:\/\/leocare.eu\/fr\/wp-content\/uploads\/2022\/12\/differences-franchise-relative-absolue.jpg","datePublished":"2022-12-29T14:47:39+00:00","dateModified":"2026-04-07T14:45:20+00:00","description":"D\u00e9couvrez les diff\u00e9rents types de franchise en assurance. Comprenez mieux vos droits et obligations. Cliquez ici pour en savoir plus.","breadcrumb":{"@id":"https:\/\/leocare.eu\/fr\/assurance-auto-en-ligne\/sinistre\/indemnisation\/franchise\/relative-absolue\/#breadcrumb"},"inLanguage":"fr-FR","potentialAction":[{"@type":"ReadAction","target":["https:\/\/leocare.eu\/fr\/assurance-auto-en-ligne\/sinistre\/indemnisation\/franchise\/relative-absolue\/"]}]},{"@type":"ImageObject","inLanguage":"fr-FR","@id":"https:\/\/leocare.eu\/fr\/assurance-auto-en-ligne\/sinistre\/indemnisation\/franchise\/relative-absolue\/#primaryimage","url":"https:\/\/leocare.eu\/fr\/wp-content\/uploads\/2022\/12\/differences-franchise-relative-absolue.jpg","contentUrl":"https:\/\/leocare.eu\/fr\/wp-content\/uploads\/2022\/12\/differences-franchise-relative-absolue.jpg","width":1800,"height":1200,"caption":"Assurance Auto Franchise Relative Absolue"},{"@type":"WebSite","@id":"https:\/\/leocare.eu\/fr\/#website","url":"https:\/\/leocare.eu\/fr\/","name":"Leocare, assurance en ligne automobile et habitation","description":"enfin (r)assur\u00e9.e","publisher":{"@id":"https:\/\/leocare.eu\/fr\/#organization"},"potentialAction":[{"@type":"SearchAction","target":{"@type":"EntryPoint","urlTemplate":"https:\/\/leocare.eu\/fr\/?s={search_term_string}"},"query-input":{"@type":"PropertyValueSpecification","valueRequired":true,"valueName":"search_term_string"}}],"inLanguage":"fr-FR"},{"@type":"Organization","@id":"https:\/\/leocare.eu\/fr\/#organization","name":"Leocare, assurance en ligne automobile et habitation","url":"https:\/\/leocare.eu\/fr\/","logo":{"@type":"ImageObject","inLanguage":"fr-FR","@id":"https:\/\/leocare.eu\/fr\/#\/schema\/logo\/image\/","url":"https:\/\/leocare.eu\/fr\/wp-content\/uploads\/2020\/03\/logo-leocare.svg","contentUrl":"https:\/\/leocare.eu\/fr\/wp-content\/uploads\/2020\/03\/logo-leocare.svg","caption":"Leocare, assurance en ligne automobile et habitation"},"image":{"@id":"https:\/\/leocare.eu\/fr\/#\/schema\/logo\/image\/"}}]}},"_links":{"self":[{"href":"https:\/\/leocare.eu\/fr\/wp-json\/wp\/v2\/pages\/10613","targetHints":{"allow":["GET"]}}],"collection":[{"href":"https:\/\/leocare.eu\/fr\/wp-json\/wp\/v2\/pages"}],"about":[{"href":"https:\/\/leocare.eu\/fr\/wp-json\/wp\/v2\/types\/page"}],"author":[{"embeddable":true,"href":"https:\/\/leocare.eu\/fr\/wp-json\/wp\/v2\/users\/34"}],"replies":[{"embeddable":true,"href":"https:\/\/leocare.eu\/fr\/wp-json\/wp\/v2\/comments?post=10613"}],"version-history":[{"count":32,"href":"https:\/\/leocare.eu\/fr\/wp-json\/wp\/v2\/pages\/10613\/revisions"}],"predecessor-version":[{"id":37299,"href":"https:\/\/leocare.eu\/fr\/wp-json\/wp\/v2\/pages\/10613\/revisions\/37299"}],"up":[{"embeddable":true,"href":"https:\/\/leocare.eu\/fr\/wp-json\/wp\/v2\/pages\/10544"}],"wp:featuredmedia":[{"embeddable":true,"href":"https:\/\/leocare.eu\/fr\/wp-json\/wp\/v2\/media\/9895"}],"wp:attachment":[{"href":"https:\/\/leocare.eu\/fr\/wp-json\/wp\/v2\/media?parent=10613"}],"curies":[{"name":"wp","href":"https:\/\/api.w.org\/{rel}","templated":true}]}}