{"id":10599,"date":"2022-12-29T16:03:47","date_gmt":"2022-12-29T15:03:47","guid":{"rendered":"https:\/\/leocare.eu\/fr\/?page_id=10599"},"modified":"2026-04-07T16:45:18","modified_gmt":"2026-04-07T14:45:18","slug":"a3","status":"publish","type":"page","link":"https:\/\/leocare.eu\/fr\/assurance-auto-en-ligne\/audi\/a3\/","title":{"rendered":"Assurance Audi A3 : formules et tarifs"},"content":{"rendered":"\n<p>Vous pensez \u00e0 assurer votre Audi A3\u00a0 et vous vous demandez combien cela peut co\u00fbter ? Pas de myst\u00e8re, le tarif d\u00e9pend de nombreux crit\u00e8res. Entre la motorisation, l\u2019\u00e2ge du v\u00e9hicule, votre profil de conducteur et la formule choisie, chaque d\u00e9tail joue un r\u00f4le dans le calcul de votre <a href=\"https:\/\/leocare.eu\/fr\/assurance-auto-en-ligne\/\">assurance auto<\/a>. Le choix d\u2019un contrat clair avec une garantie adapt\u00e9e reste la base pour prot\u00e9ger votre voiture. Voici un guide complet pour comprendre comment sont fix\u00e9s les prix et comment trouver l\u2019offre adapt\u00e9e \u00e0 votre voiture.<\/p>\n\n\n\n<h2 class=\"wp-block-heading\">Comment est calcul\u00e9 le prix d\u2019une assurance pour Audi A3&nbsp; ?<\/h2>\n\n\n\n<h3 class=\"wp-block-heading\">Prix selon l\u2019anciennet\u00e9 de l&rsquo;Audi A3<\/h3>\n\n\n\n<p>Un mod\u00e8le r\u00e9cent, flambant neuf, co\u00fbte souvent plus cher \u00e0 prot\u00e9ger qu\u2019une version d\u2019occasion. Pourquoi ? Parce que la valeur du v\u00e9hicule est plus \u00e9lev\u00e9e et que les r\u00e9parations co\u00fbtent aussi davantage. <strong>Une Audi A3&nbsp; de 2019 sera donc plus ch\u00e8re \u00e0 assurer qu\u2019un mod\u00e8le de 2013.<\/strong> Mais l\u2019avantage des mod\u00e8les r\u00e9cents r\u00e9side dans les dispositifs de s\u00e9curit\u00e9 int\u00e9gr\u00e9s qui peuvent parfois justifier une r\u00e9duction sur le tarif.<\/p>\n\n\n\n<section class=\"wp-block-leocare-bon-a-savoir leocare-bas\"><div class=\"leocare-bas__head\"><img decoding=\"async\" class=\"leocare-bas__icon\" src=\"https:\/\/leocare.eu\/fr\/wp-content\/themes\/leocare-new\/assets\/img\/icon-alert-purple.svg\" alt=\"icon alerte\"\/><h3 class=\"leocare-bas__title\">Bon \u00e0 savoir<\/h3><\/div><div class=\"leocare-bas__content\">\n<p>Le <a href=\"https:\/\/leocare.eu\/fr\/assurance-auto-en-ligne\/devis\/tarifs\/\">prix d&rsquo;une assurance voiture<\/a> en France est de <span class=\"change-price\">1 017<\/span> \u20ac par an.<\/p>\n<\/div><\/section>\n\n\n\n<figure class=\"wp-block-table\"><table class=\"has-fixed-layout\"><thead><tr><td><strong>Mod\u00e8le<\/strong><\/td><td><strong>Motorisation<\/strong><\/td><td><strong>Assurance au tiers (\u20ac\/mois)<\/strong><\/td><td><strong>Assurance tous risques (\u20ac\/mois)<\/strong><\/td><\/tr><\/thead><tbody><tr><td>Audi A3 2019 (30 TFSI 116 S Line Plus)<\/td><td>Essence<\/td><td><span class=\"change-price\">15<\/span> \u20ac<\/td><td><span class=\"change-price\">32<\/span> \u20ac<\/td><\/tr><tr><td>Audi A3 2013 (1.6 TDI 105 S Line)<\/td><td>Diesel<\/td><td><span class=\"change-price\">19<\/span> \u20ac<\/td><td><span class=\"change-price\">37<\/span> \u20ac<\/td><\/tr><\/tbody><\/table><\/figure>\n\n\n\n<h3 class=\"wp-block-heading\">Prix de l\u2019assurance auto selon la couverture<\/h3>\n\n\n\n<p>La formule choisie influence directement le montant de la prime. <strong>Certaines options permettent une \u00e9conomie, mais il faut garder en t\u00eate que la protection peut rester au minimum.<\/strong><\/p>\n\n\n\n<ul class=\"wp-block-list\">\n<li><a href=\"https:\/\/leocare.eu\/fr\/assurance-auto-en-ligne\/tiers\/\"><strong>Assurance au tiers<\/strong><\/a> : responsabilit\u00e9 civile, garantie du conducteur, assistance de base<br><\/li>\n\n\n\n<li><a href=\"https:\/\/leocare.eu\/fr\/assurance-auto-en-ligne\/tiers\/plus\/\"><strong>Assurance au tiers plus<\/strong><\/a> : vol et incendie en plus des garanties du tiers plus<br><\/li>\n\n\n\n<li><a href=\"https:\/\/leocare.eu\/fr\/assurance-auto-en-ligne\/tous-risques\/\"><strong>Assurance tous risques<\/strong><\/a> : couverture compl\u00e8te incluant catastrophes, vol, incendie, bris de glace, vandalisme, dommages tous accidents. <strong>Elle assure une meilleure protection et une prise en charge plus large en cas de sinistre.<\/strong><strong><br><\/strong><\/li>\n<\/ul>\n\n\n\n<figure class=\"wp-block-table\"><table class=\"has-fixed-layout\"><thead><tr><td><strong>Formule<\/strong><\/td><td><strong>Prix moyen mensuel<\/strong><\/td><\/tr><\/thead><tbody><tr><td>Tiers<\/td><td><span class=\"change-price\">100<\/span> \u20ac<\/td><\/tr><tr><td>Tiers + (vol\/incendie)<\/td><td><span class=\"change-price\">140<\/span> \u20ac<\/td><\/tr><tr><td>Tous risques<\/td><td><span class=\"change-price\">167<\/span> \u20ac<\/td><\/tr><\/tbody><\/table><\/figure>\n\n\n\n<h3 class=\"wp-block-heading\">Prix pour un jeune conducteur<\/h3>\n\n\n\n<p>Un<a href=\"https:\/\/leocare.eu\/fr\/assurance-auto-en-ligne\/couverture\/formules\/specifiques\/tout-conducteur\/jeune-conducteur\/\"> jeune conducteur<\/a> est consid\u00e9r\u00e9 comme plus expos\u00e9 aux risques. Les assureurs appliquent donc une surprime. <strong>Pour une Audi A3 , la diff\u00e9rence est \u00e9norme entre un conducteur exp\u00e9riment\u00e9 et un jeune assur\u00e9.<\/strong> Avec l\u2019exp\u00e9rience, le bonus permet d\u2019obtenir une r\u00e9duction significative sur le tarif.<\/p>\n\n\n\n<figure class=\"wp-block-table\"><table class=\"has-fixed-layout\"><thead><tr><td><strong>Profil<\/strong><\/td><td><strong>Assurance au tiers (\u20ac\/mois)<\/strong><\/td><td><strong>Assurance tous risques (\u20ac\/mois)<\/strong><\/td><\/tr><\/thead><tbody><tr><td>Conducteur exp\u00e9riment\u00e9 (bonus 50 %)<\/td><td><span class=\"change-price\">19<\/span> \u20ac<\/td><td><span class=\"change-price\">34<\/span> \u20ac<\/td><\/tr><tr><td>Jeune conducteur (20 ans, 1\u00e8re assurance)<\/td><td><span class=\"change-price\">134<\/span> \u20ac<\/td><td><span class=\"change-price\">243<\/span> \u20ac<\/td><\/tr><\/tbody><\/table><\/figure>\n\n\n\n<h3 class=\"wp-block-heading\">Avec ou sans conducteur secondaire<\/h3>\n\n\n\n<p>Ajouter un<a href=\"https:\/\/leocare.eu\/fr\/assurance-auto-en-ligne\/couverture\/garanties\/complementaires\/dommages-corporels\/conducteur-secondaire\/\"> conducteur secondaire<\/a> peut modifier le prix du contrat. <strong>S\u2019il s\u2019agit d\u2019un conducteur exp\u00e9riment\u00e9, le tarif peut rester stable, mais un conducteur secondaire jeune ou maluss\u00e9 peut faire grimper la prime.<\/strong> Voici une estimation bas\u00e9e sur les tendances observ\u00e9es :<\/p>\n\n\n\n<figure class=\"wp-block-table\"><table class=\"has-fixed-layout\"><thead><tr><td><strong>Situation<\/strong><\/td><td><strong>Assurance au tiers (\u20ac\/mois)<\/strong><\/td><td><strong>Assurance tous risques (\u20ac\/mois)<\/strong><\/td><\/tr><\/thead><tbody><tr><td>Conducteur principal seul (exp\u00e9riment\u00e9)<\/td><td><span class=\"change-price\">19<\/span> \u20ac<\/td><td><span class=\"change-price\">34<\/span> \u20ac<\/td><\/tr><tr><td>Avec conducteur secondaire exp\u00e9riment\u00e9<\/td><td><span class=\"change-price\">19<\/span> \u20ac<\/td><td><span class=\"change-price\">34<\/span> \u20ac<\/td><\/tr><tr><td>Avec conducteur secondaire jeune<\/td><td><span class=\"change-price\">22<\/span> \u20ac<\/td><td><span class=\"change-price\">41<\/span> \u20ac<\/td><\/tr><tr><td>Avec conducteur secondaire maluss\u00e9<\/td><td><span class=\"change-price\">24<\/span> \u20ac<\/td><td><span class=\"change-price\">45<\/span> \u20ac<\/td><\/tr><\/tbody><\/table><\/figure>\n\n\n\n<h3 class=\"wp-block-heading\">Calculer la prime selon le bonus malus<\/h3>\n\n\n\n<p>Le<a href=\"https:\/\/leocare.eu\/fr\/assurance-auto-en-ligne\/couverture\/contrat\/releve-information\/malus\/calcul-bonus-malus\/\"> calcul du bonus malus<\/a> a un impact direct sur le prix. <strong>Avec un coefficient \u00e0 50 %, un conducteur peut payer autour de <span class=\"change-price\">18<\/span> \u20ac au tiers.<\/strong> Cette r\u00e9duction li\u00e9e au bonus permet de maintenir un tarif attractif. \u00c0 l\u2019inverse, <strong>un malus de 50 % double le montant et le fait grimper \u00e0 plus de <span class=\"change-price\">37<\/span> \u20ac au tiers.<\/strong><\/p>\n\n\n\n<figure class=\"wp-block-table\"><table class=\"has-fixed-layout\"><thead><tr><td><strong>Profil<\/strong><\/td><td><strong>Assurance au tiers (\u20ac\/mois)<\/strong><\/td><td><strong>Assurance tous risques (\u20ac\/mois)<\/strong><\/td><\/tr><\/thead><tbody><tr><td>Bonus 50 %<\/td><td><span class=\"change-price\">19<\/span> \u20ac<\/td><td><span class=\"change-price\">34<\/span> \u20ac<\/td><\/tr><tr><td>Malus 50 %<\/td><td><span class=\"change-price\">38<\/span> \u20ac<\/td><td><span class=\"change-price\">71<\/span> \u20ac<\/td><\/tr><\/tbody><\/table><\/figure>\n\n\n\n<h3 class=\"wp-block-heading\">Prix selon la motorisation (diesel ou essence)<\/h3>\n\n\n\n<p>Les moteurs essence sont moins chers \u00e0 assurer que les moteurs diesel. <strong>Sur une ann\u00e9e, cela repr\u00e9sente une r\u00e9duction notable sur le budget auto.<\/strong><\/p>\n\n\n\n<figure class=\"wp-block-table\"><table class=\"has-fixed-layout\"><thead><tr><td><strong>Motorisation<\/strong><\/td><td><strong>Assurance au tiers (\u20ac\/mois)<\/strong><\/td><td><strong>Assurance tous risques (\u20ac\/mois)<\/strong><\/td><\/tr><\/thead><tbody><tr><td>Essence (2016, 1.0 TFSI 115 S Line)<\/td><td><span class=\"change-price\">18<\/span> \u20ac<\/td><td><span class=\"change-price\">34<\/span> \u20ac<\/td><\/tr><tr><td>Diesel (2015, 1.6 TDI 110 S Line)<\/td><td><span class=\"change-price\">20<\/span> \u20ac<\/td><td><span class=\"change-price\">39<\/span> \u20ac<\/td><\/tr><\/tbody><\/table><\/figure>\n\n\n\n<h2 class=\"wp-block-heading\">Comment souscrire une assurance pour Audi A3 en ligne ?<\/h2>\n\n\n\n<p>Aujourd\u2019hui, plus besoin de se d\u00e9placer pour obtenir un contrat. <strong>Il suffit d\u2019utiliser un comparateur d\u2019assurance auto pour trouver une offre adapt\u00e9e \u00e0 votre Audi A3.<\/strong> Vous renseignez vos informations : \u00e2ge, bonus, type de voiture, motorisation, usage. En quelques minutes, vous obtenez plusieurs devis avec des prix et garanties d\u00e9taill\u00e9s. <strong>La souscription se fait ensuite directement en ligne, avec signature \u00e9lectronique, et vous recevez aussit\u00f4t votre attestation.<\/strong> C\u2019est simple, rapide et vous gardez une trace claire de toutes vos garanties.<\/p>\n\n\n\n<h2 class=\"wp-block-heading\">Les avantages d\u2019assurer son Audi A3 chez Leocare<\/h2>\n\n\n\n<p>Assurer son Audi A3 chez Leocare offre des atouts concrets. Voici ce qui distingue cette assurance :<\/p>\n\n\n\n<ul class=\"wp-block-list\">\n<li><strong>Contrat 100 % mobile et personnalisable<\/strong><strong><br><\/strong><\/li>\n\n\n\n<li><strong>Modification des garanties \u00e0 tout moment<\/strong><strong><br><\/strong><\/li>\n\n\n\n<li>Options ajout\u00e9es en quelques clics<br><\/li>\n\n\n\n<li><strong>Suivi des remboursements en temps r\u00e9el<\/strong><strong><br><\/strong><\/li>\n\n\n\n<li><strong>Assistance rapide avec pr\u00eat de v\u00e9hicule possible<\/strong><strong><br><\/strong><\/li>\n\n\n\n<li>R\u00e9duction possible gr\u00e2ce \u00e0 des offres adapt\u00e9es \u00e0 votre profil<br><\/li>\n<\/ul>\n\n\n\n<p>Pour aller plus loin, <strong>vous pouvez aussi demander un<\/strong><a href=\"https:\/\/leocare.eu\/fr\/assurance-auto-en-ligne\/devis\/\"><strong> <\/strong><strong>devis en ligne<\/strong><\/a><strong> afin de comparer chaque offre.<\/strong> Vous aurez le choix entre plusieurs formules, toutes ajust\u00e9es \u00e0 votre profil et \u00e0 votre Audi A3.<\/p>\n\n\n\n<p>L\u2019assurance d\u2019une Audi A3 d\u00e9pend de nombreux crit\u00e8res : \u00e2ge du v\u00e9hicule, motorisation, profil du conducteur et formule choisie. <strong>Les \u00e9carts de prix sont importants, allant de <span class=\"change-price\">14<\/span> \u20ac \u00e0 plus de <span class=\"change-price\">235<\/span> \u20ac par mois selon les cas.<\/strong> Souscrire en ligne permet de comparer facilement les offres et de choisir la meilleure couverture. <strong>Avec Leocare, vous b\u00e9n\u00e9ficiez d\u2019un contrat adapt\u00e9, flexible et comp\u00e9titif pour rouler l\u2019esprit l\u00e9ger.<\/strong> Votre Audi A3 m\u00e9rite une assurance claire et adapt\u00e9e, \u00e0 la hauteur de ses performances.<\/p>\n","protected":false},"excerpt":{"rendered":"<p>Vous pensez \u00e0 assurer votre Audi A3\u00a0 et vous vous demandez combien cela peut co\u00fbter ? Pas de myst\u00e8re, le tarif d\u00e9pend de nombreux crit\u00e8res. Entre la motorisation, l\u2019\u00e2ge du v\u00e9hicule, votre profil de conducteur et la formule choisie, chaque d\u00e9tail joue un r\u00f4le dans le calcul de votre assurance auto. Le choix d\u2019un contrat [&hellip;]<\/p>\n","protected":false},"author":34,"featured_media":9971,"parent":7395,"menu_order":0,"comment_status":"closed","ping_status":"closed","template":"template_seo.php","meta":{"_acf_changed":false,"footnotes":""},"class_list":["post-10599","page","type-page","status-publish","has-post-thumbnail","hentry"],"acf":[],"yoast_head":"<!-- This site is optimized with the Yoast SEO plugin v27.3 - https:\/\/yoast.com\/product\/yoast-seo-wordpress\/ -->\n<title>Assurance Audi A3 - Devis rapide - Leocare<\/title>\n<meta name=\"description\" content=\"Optez pour le meilleur avec nos formules d&#039;assurances Audi A3. S\u00e9curit\u00e9, \u00e9conomies et tranquillit\u00e9 d&#039;esprit. Faites un devis rapide d\u00e8s maintenant!\" \/>\n<meta name=\"robots\" content=\"index, follow, max-snippet:-1, max-image-preview:large, max-video-preview:-1\" \/>\n<link rel=\"canonical\" href=\"https:\/\/leocare.eu\/fr\/assurance-auto-en-ligne\/audi\/a3\/\" \/>\n<meta property=\"og:locale\" content=\"fr_FR\" \/>\n<meta property=\"og:type\" content=\"article\" \/>\n<meta property=\"og:title\" content=\"Assurance Audi A3 - Devis rapide - Leocare\" \/>\n<meta property=\"og:description\" content=\"Optez pour le meilleur avec nos formules d&#039;assurances Audi A3. S\u00e9curit\u00e9, \u00e9conomies et tranquillit\u00e9 d&#039;esprit. Faites un devis rapide d\u00e8s maintenant!\" \/>\n<meta property=\"og:url\" content=\"https:\/\/leocare.eu\/fr\/assurance-auto-en-ligne\/audi\/a3\/\" \/>\n<meta property=\"og:site_name\" content=\"Leocare, assurance en ligne automobile et habitation\" \/>\n<meta property=\"article:modified_time\" content=\"2026-04-07T14:45:18+00:00\" \/>\n<meta property=\"og:image\" content=\"https:\/\/leocare.eu\/fr\/wp-content\/uploads\/2022\/12\/audi-A3.jpg\" \/>\n\t<meta property=\"og:image:width\" content=\"1800\" \/>\n\t<meta property=\"og:image:height\" content=\"1200\" \/>\n\t<meta property=\"og:image:type\" content=\"image\/jpeg\" \/>\n<meta name=\"twitter:card\" content=\"summary_large_image\" \/>\n<meta name=\"twitter:label1\" content=\"Dur\u00e9e de lecture estim\u00e9e\" \/>\n\t<meta name=\"twitter:data1\" content=\"4 minutes\" \/>\n<!-- \/ Yoast SEO plugin. -->","yoast_head_json":{"title":"Assurance Audi A3 - Devis rapide - Leocare","description":"Optez pour le meilleur avec nos formules d'assurances Audi A3. S\u00e9curit\u00e9, \u00e9conomies et tranquillit\u00e9 d'esprit. Faites un devis rapide d\u00e8s maintenant!","robots":{"index":"index","follow":"follow","max-snippet":"max-snippet:-1","max-image-preview":"max-image-preview:large","max-video-preview":"max-video-preview:-1"},"canonical":"https:\/\/leocare.eu\/fr\/assurance-auto-en-ligne\/audi\/a3\/","og_locale":"fr_FR","og_type":"article","og_title":"Assurance Audi A3 - Devis rapide - Leocare","og_description":"Optez pour le meilleur avec nos formules d'assurances Audi A3. S\u00e9curit\u00e9, \u00e9conomies et tranquillit\u00e9 d'esprit. Faites un devis rapide d\u00e8s maintenant!","og_url":"https:\/\/leocare.eu\/fr\/assurance-auto-en-ligne\/audi\/a3\/","og_site_name":"Leocare, assurance en ligne automobile et habitation","article_modified_time":"2026-04-07T14:45:18+00:00","og_image":[{"width":1800,"height":1200,"url":"https:\/\/leocare.eu\/fr\/wp-content\/uploads\/2022\/12\/audi-A3.jpg","type":"image\/jpeg"}],"twitter_card":"summary_large_image","twitter_misc":{"Dur\u00e9e de lecture estim\u00e9e":"4 minutes"},"schema":{"@context":"https:\/\/schema.org","@graph":[{"@type":"WebPage","@id":"https:\/\/leocare.eu\/fr\/assurance-auto-en-ligne\/audi\/a3\/","url":"https:\/\/leocare.eu\/fr\/assurance-auto-en-ligne\/audi\/a3\/","name":"Assurance Audi A3 - Devis rapide - Leocare","isPartOf":{"@id":"https:\/\/leocare.eu\/fr\/#website"},"primaryImageOfPage":{"@id":"https:\/\/leocare.eu\/fr\/assurance-auto-en-ligne\/audi\/a3\/#primaryimage"},"image":{"@id":"https:\/\/leocare.eu\/fr\/assurance-auto-en-ligne\/audi\/a3\/#primaryimage"},"thumbnailUrl":"https:\/\/leocare.eu\/fr\/wp-content\/uploads\/2022\/12\/audi-A3.jpg","datePublished":"2022-12-29T15:03:47+00:00","dateModified":"2026-04-07T14:45:18+00:00","description":"Optez pour le meilleur avec nos formules d'assurances Audi A3. S\u00e9curit\u00e9, \u00e9conomies et tranquillit\u00e9 d'esprit. Faites un devis rapide d\u00e8s maintenant!","breadcrumb":{"@id":"https:\/\/leocare.eu\/fr\/assurance-auto-en-ligne\/audi\/a3\/#breadcrumb"},"inLanguage":"fr-FR","potentialAction":[{"@type":"ReadAction","target":["https:\/\/leocare.eu\/fr\/assurance-auto-en-ligne\/audi\/a3\/"]}]},{"@type":"ImageObject","inLanguage":"fr-FR","@id":"https:\/\/leocare.eu\/fr\/assurance-auto-en-ligne\/audi\/a3\/#primaryimage","url":"https:\/\/leocare.eu\/fr\/wp-content\/uploads\/2022\/12\/audi-A3.jpg","contentUrl":"https:\/\/leocare.eu\/fr\/wp-content\/uploads\/2022\/12\/audi-A3.jpg","width":1800,"height":1200,"caption":"Assurance Audi A3"},{"@type":"WebSite","@id":"https:\/\/leocare.eu\/fr\/#website","url":"https:\/\/leocare.eu\/fr\/","name":"Leocare, assurance en ligne automobile et habitation","description":"enfin (r)assur\u00e9.e","publisher":{"@id":"https:\/\/leocare.eu\/fr\/#organization"},"potentialAction":[{"@type":"SearchAction","target":{"@type":"EntryPoint","urlTemplate":"https:\/\/leocare.eu\/fr\/?s={search_term_string}"},"query-input":{"@type":"PropertyValueSpecification","valueRequired":true,"valueName":"search_term_string"}}],"inLanguage":"fr-FR"},{"@type":"Organization","@id":"https:\/\/leocare.eu\/fr\/#organization","name":"Leocare, assurance en ligne automobile et habitation","url":"https:\/\/leocare.eu\/fr\/","logo":{"@type":"ImageObject","inLanguage":"fr-FR","@id":"https:\/\/leocare.eu\/fr\/#\/schema\/logo\/image\/","url":"https:\/\/leocare.eu\/fr\/wp-content\/uploads\/2020\/03\/logo-leocare.svg","contentUrl":"https:\/\/leocare.eu\/fr\/wp-content\/uploads\/2020\/03\/logo-leocare.svg","caption":"Leocare, assurance en ligne automobile et habitation"},"image":{"@id":"https:\/\/leocare.eu\/fr\/#\/schema\/logo\/image\/"}}]}},"_links":{"self":[{"href":"https:\/\/leocare.eu\/fr\/wp-json\/wp\/v2\/pages\/10599","targetHints":{"allow":["GET"]}}],"collection":[{"href":"https:\/\/leocare.eu\/fr\/wp-json\/wp\/v2\/pages"}],"about":[{"href":"https:\/\/leocare.eu\/fr\/wp-json\/wp\/v2\/types\/page"}],"author":[{"embeddable":true,"href":"https:\/\/leocare.eu\/fr\/wp-json\/wp\/v2\/users\/34"}],"replies":[{"embeddable":true,"href":"https:\/\/leocare.eu\/fr\/wp-json\/wp\/v2\/comments?post=10599"}],"version-history":[{"count":20,"href":"https:\/\/leocare.eu\/fr\/wp-json\/wp\/v2\/pages\/10599\/revisions"}],"predecessor-version":[{"id":39891,"href":"https:\/\/leocare.eu\/fr\/wp-json\/wp\/v2\/pages\/10599\/revisions\/39891"}],"up":[{"embeddable":true,"href":"https:\/\/leocare.eu\/fr\/wp-json\/wp\/v2\/pages\/7395"}],"wp:featuredmedia":[{"embeddable":true,"href":"https:\/\/leocare.eu\/fr\/wp-json\/wp\/v2\/media\/9971"}],"wp:attachment":[{"href":"https:\/\/leocare.eu\/fr\/wp-json\/wp\/v2\/media?parent=10599"}],"curies":[{"name":"wp","href":"https:\/\/api.w.org\/{rel}","templated":true}]}}