{"id":10534,"date":"2022-12-29T11:45:21","date_gmt":"2022-12-29T10:45:21","guid":{"rendered":"https:\/\/leocare.eu\/fr\/?page_id=10534"},"modified":"2026-04-07T16:32:57","modified_gmt":"2026-04-07T14:32:57","slug":"remboursement","status":"publish","type":"page","link":"https:\/\/leocare.eu\/fr\/assurance-auto-en-ligne\/sinistre\/indemnisation\/remboursement\/","title":{"rendered":"Remboursement par l\u2019assurance auto"},"content":{"rendered":"\n<p><b>Vous souhaitez savoir comment fonctionne le remboursement d\u2019une assurance voiture ? Comment se passe votre indemnisation ? Quand votre assurance auto rembourse-t-elle <\/b><b>\ud83d\udcc5<\/b><b> ? Leocare, la n\u00e9o-assurance qui r\u00e9volutionne l\u2019assurance auto, vous guide pour y voir clair <\/b><b>\ud83d\udc49<\/b><b>.<\/b><\/p>\n\n\n\n<h2 class=\"wp-block-heading\" id=\"section-1-quelles-sont-les-dmarches-raliser-pour-tre-rembours-\"><strong>Quelles sont les d\u00e9marches \u00e0 r\u00e9aliser pour \u00eatre rembours\u00e9 ?<\/strong><\/h2>\n\n\n\n<p>Soyons honn\u00eates, personne ne sait vraiment comment r\u00e9agir face \u00e0 un sinistre auto. Entre mettre \u00e0 l\u2019abri les passagers et constater les d\u00e9g\u00e2ts, c\u2019est vite la panique ! Et dans le feu de l\u2019action, on oublie parfois les \u00e9tapes \u00e0 suivre pour \u00eatre bien rembours\u00e9. Rassurez-vous, on vous explique tout en d\u00e9tail.<\/p>\n\n\n\n<p>Tout d\u2019abord, si une personne est bless\u00e9e lors de l\u2019accident, pensez \u00e0 pr\u00e9venir la police ou la gendarmerie\ud83d\udcde.Si votre&nbsp;<strong><a href=\"https:\/\/leocare.eu\/fr\/assurance-auto-en-ligne\/sinistre\/types\/panne\/\">voiture tombe en panne<\/a><\/strong>, appelez votre&nbsp;compagnie. Ensuite, remplissez un constat pour une&nbsp;indemnisation&nbsp;rapide des&nbsp;dommages. Une fois le document compl\u00e9t\u00e9, prenez rapidement contact avec votre assureur auto pour d\u00e9clarer le sinistre :<\/p>\n\n\n\n<ul class=\"wp-block-list\">\n<li>Par courrier.<\/li>\n\n\n\n<li>En ligne.<\/li>\n\n\n\n<li>En agence.<\/li>\n\n\n\n<li>Par t\u00e9l\u00e9phone.<\/li>\n\n\n\n<li>Via une app d\u00e9di\u00e9e, comme celle de Leocare \ud83d\ude09.<\/li>\n<\/ul>\n\n\n\n<p id=\"ancre1\">Apr\u00e8s avoir \u00e9tudi\u00e9 votre dossier, votre compagnie vous propose un montant d\u2019<strong><a href=\"https:\/\/leocare.eu\/fr\/assurance-auto-en-ligne\/sinistre\/indemnisation\/\">indemnisation assurance auto<\/a><\/strong>.&nbsp;Elle peut aussi vous adresser un refus ou vous attribuer un malus sur vos prochaines cotisations.<\/p>\n\n\n\n<div class=\"bon-a-savoir\">\n\n\n\n<p>Bon \u00e0 savoir :<\/p>\n\n\n\n<p>La d\u00e9claration du sinistre est encadr\u00e9e par le Code des assurances \ud83d\udcd6. Voiture incendi\u00e9e ou bris de glace : vous devez informer votre assureur dans un d\u00e9lai maximum de 5 jours ouvr\u00e9s, \u00e0 partir de la connaissance de l\u2019\u00e9v\u00e9nement. En cas de vol, vous disposez de 2 jours pour le d\u00e9clarer. Si vous \u00eates victime d\u2019une catastrophe naturelle, le d\u00e9lai passe \u00e0 10 jours.<\/p>\n\n\n\n<\/div>\n\n\n\n<h2 class=\"wp-block-heading\" id=\"section-2-tes-vous-bien-couvert-pour-tre-rembours-par-votre-assurance-\"><strong>\u00cates-vous bien couvert pour \u00eatre rembours\u00e9 par votre assurance auto ?<\/strong><\/h2>\n\n\n\n<p>En contrepartie des&nbsp;cotisations&nbsp;vers\u00e9es \u00e0 la&nbsp;compagnie, vous \u00eates couvert dans certaines&nbsp;situations. Vous voulez savoir si vous b\u00e9n\u00e9ficiez d\u2019une bonne&nbsp;indemnisation&nbsp;et surtout, pour quel&nbsp;<strong><a href=\"https:\/\/leocare.eu\/fr\/assurance-auto-en-ligne\/sinistre\/types\/\">type de sinistre<\/a><\/strong>&nbsp;\ud83e\udd14 ?&nbsp;Accident&nbsp;mat\u00e9riel, assurance bris de glace, gr\u00eale, assurance garantie assistance,&nbsp;dommages&nbsp;tous accidents, etc.&nbsp;Pour conna\u00eetre vos garanties, il suffit de vous renseigner aupr\u00e8s de votre assureur auto ou de jeter un \u0153il \u00e0 votre contrat ! Tout y est indiqu\u00e9 \ud83d\ude0a.<\/p>\n\n\n\n<p>La formule tous risques permet une&nbsp;indemnisation&nbsp;optimale des&nbsp;dommages&nbsp;caus\u00e9s lors d\u2019un&nbsp;accident. Elle contient notamment la&nbsp;<strong><a href=\"https:\/\/leocare.eu\/fr\/assurance-auto-en-ligne\/sinistre\/types\/voiture-incendiee\/\">garantie voiture incendi\u00e9e<\/a><\/strong>. Si elle est activ\u00e9e, la&nbsp;compagnie d\u2019assurance&nbsp;se base sur la&nbsp;valeur de remplacement&nbsp;ou la valeur \u00e0 neuf.<\/p>\n\n\n\n<p>Elle contient \u00e9galement la garantie intemp\u00e9ries. Elle permet d\u2019obtenir une&nbsp;indemnisation&nbsp;des&nbsp;dommages&nbsp;en cas de&nbsp;<strong><a href=\"https:\/\/leocare.eu\/fr\/assurance-auto-en-ligne\/sinistre\/intemperies\/voiture-inondee\/\">voiture inond\u00e9e<\/a><\/strong>. Chez votre&nbsp;compagnie d\u2019assurance&nbsp;Leocare, vous en b\u00e9n\u00e9ficiez aussi au tiers plus comme la garantie recours suite \u00e0 un&nbsp;accident.<\/p>\n\n\n\n<h2 class=\"wp-block-heading\" id=\"section-3-combien-serez-vous-rembours-par-lassurance-auto-\"><strong>Combien serez-vous rembours\u00e9 par l\u2019assurance auto ?<\/strong><\/h2>\n\n\n\n<p>Lors d\u2019un accident de la route, les modalit\u00e9s de remboursement varient selon diff\u00e9rents crit\u00e8res. Faisons le point !<\/p>\n\n\n\n<h3 class=\"wp-block-heading\"><strong>Responsabilit\u00e9 du sinistre<\/strong><\/h3>\n\n\n\n<p>En cas de sinistre, les responsabilit\u00e9s sont \u00e9tablies par votre assureur auto. Ce dernier se base sur le constat europ\u00e9en d\u2019accident et une \u00e9ventuelle expertise, pour les d\u00e9terminer.<\/p>\n\n\n\n<p>Le constat amiable, \u00e7a vous dit quelque chose ? Mais oui, vous savez, le document qui contient toutes les informations utiles sur le sinistre, notamment ses circonstances. Il guide votre assureur auto afin de d\u00e9finir les responsabilit\u00e9s de chacun et de vous indemniser.<\/p>\n\n\n\n<h3 class=\"wp-block-heading\"><strong>Franchise<\/strong><\/h3>\n\n\n\n<p>Votre cotisation d\u00e9pend de votre bonus-malus&nbsp;et de votre franchise assurance auto. Elle correspond au montant que votre&nbsp;compagnie&nbsp;d\u00e9duit de votre&nbsp;indemnisation&nbsp;lors d\u2019un&nbsp;accident. Si vous pr\u00e9f\u00e9rez, la&nbsp;<strong><a href=\"https:\/\/leocare.eu\/fr\/assurance-auto-en-ligne\/sinistre\/indemnisation\/franchise\/accident-responsable\/\">franchise en cas d\u2019accident responsable<\/a><\/strong>&nbsp;correspond \u00e0 la somme que votre&nbsp;compagnie d\u2019assurance&nbsp;ne vous rembourse pas. Et plus elle est \u00e9lev\u00e9e, moins votre prime d\u2019assurance est ch\u00e8re.<\/p>\n\n\n\n<h3 class=\"wp-block-heading\"><strong>Valeur d\u2019indemnisation<\/strong><\/h3>\n\n\n\n<p>Apr\u00e8s un sinistre, et si vous n\u2019\u00eates pas responsable, un expert automobile \u00e9value les d\u00e9g\u00e2ts caus\u00e9s \u00e0 votre v\u00e9hicule. C\u2019est sur la base de son rapport que votre assureur d\u00e9termine le montant de votre remboursement. \u00c0 ce propos, la valeur de remplacement, c\u2019est la valeur d\u2019un v\u00e9hicule similaire au v\u00f4tre, au jour du sinistre. Si vous avez souscrit un contrat au tiers ou tiers plus, vous \u00eates assur\u00e9 \u00e0 hauteur du co\u00fbt de remplacement de votre automobile.<\/p>\n\n\n\n<h3 class=\"wp-block-heading\"><strong>Garage agr\u00e9\u00e9<\/strong><\/h3>\n\n\n\n<p>\u00c0 la suite d\u2019un sinistre, votre assureur auto-pr\u00e9conise d\u2019effectuer vos r\u00e9parations aupr\u00e8s d\u2019un garage agr\u00e9\u00e9 \ud83d\udc68\u200d\ud83d\udd27. Pour vous, c\u2019est la garantie d\u2019une prise en charge de qualit\u00e9 ! Vous n\u2019engagez pas les frais de r\u00e9paration. En plus, la proc\u00e9dure de d\u00e9dommagement est acc\u00e9l\u00e9r\u00e9e et les tarifs sont encadr\u00e9s. \u00c7a vaut le co\u00fbt d\u2019en profiter, non ?<\/p>\n\n\n\n<p>Si les&nbsp;dommages&nbsp;sont trop importants, un&nbsp;<strong><a href=\"https:\/\/leocare.eu\/fr\/assurance-auto-en-ligne\/sinistre\/expert\/marbre\/\">passage au marbre<\/a><\/strong>&nbsp;peut \u00eatre n\u00e9cessaire. L\u2019indemnisation&nbsp;d\u2019une telle op\u00e9ration d\u00e9pend des&nbsp;circonstances&nbsp;de l\u2019accident&nbsp;et des garanties souscrites aupr\u00e8s de votre&nbsp;compagnie.<\/p>\n\n\n\n<p>Pas besoin de comparateur, obtenez votre devis assurance auto en 1 minute avec Leocare \u23f0 ! Pas de temps \u00e0 perdre, mais des garanties \u00e0 activer et des \u00e9conomies \u00e0 faire, en mode sur mesure.&nbsp;Si vous \u00eates d\u00e9j\u00e0 assur\u00e9, vous pouvez r\u00e9silier votre ancien contrat apr\u00e8s un an d\u2019engagement. Cette possibilit\u00e9 offerte par la loi Hamon concerne aussi l\u2019assurance habitation.&nbsp;<\/p>\n\n\n\n<h3 class=\"wp-block-heading\"><strong>Les d\u00e9lais de remboursement par l\u2019assurance auto<\/strong><\/h3>\n\n\n\n<p>Les d\u00e9lais de remboursement d\u2019assurance voiture sont impos\u00e9s par la loi Badinter.&nbsp;G\u00e9n\u00e9ralement, la&nbsp;compagnie&nbsp;a trois mois pour vous faire une offre d\u2019indemnisation&nbsp;en cas de&nbsp;dommages&nbsp;mat\u00e9riels comme un&nbsp;<strong><a href=\"https:\/\/leocare.eu\/fr\/assurance-auto-en-ligne\/couverture\/garanties\/complementaires\/dommages-materiels\/bris-de-glace\/\">bris de glace<\/a><\/strong>. Elle dispose de trois mois pour un&nbsp;accident&nbsp;caus\u00e9 par une catastrophe naturelle et de 30 jours pour un vol ou un acte de vandalisme.&nbsp;Le d\u00e9lai grimpe \u00e0 huit mois si des dommages corporels ont \u00e9t\u00e9 constat\u00e9s.<\/p>\n","protected":false},"excerpt":{"rendered":"<p>Vous souhaitez savoir comment fonctionne le remboursement d\u2019une assurance voiture ? Comment se passe votre indemnisation ? Quand votre assurance auto rembourse-t-elle \ud83d\udcc5 ? Leocare, la n\u00e9o-assurance qui r\u00e9volutionne l\u2019assurance auto, vous guide pour y voir clair \ud83d\udc49. Quelles sont les d\u00e9marches \u00e0 r\u00e9aliser pour \u00eatre rembours\u00e9 ? Soyons honn\u00eates, personne ne sait vraiment comment [&hellip;]<\/p>\n","protected":false},"author":34,"featured_media":9869,"parent":10528,"menu_order":0,"comment_status":"closed","ping_status":"closed","template":"template_seo.php","meta":{"_acf_changed":false,"footnotes":""},"class_list":["post-10534","page","type-page","status-publish","has-post-thumbnail","hentry"],"acf":[],"yoast_head":"<!-- This site is optimized with the Yoast SEO plugin v27.3 - https:\/\/yoast.com\/product\/yoast-seo-wordpress\/ -->\n<title>Comment se faire rembourser par son assurance auto ? - Leocare<\/title>\n<meta name=\"description\" content=\"Comprenez comment fonctionne le remboursement par l&#039;assurance auto. Ne soyez plus perdus en cas de sinistres. Cliquez ici pour en savoir plus.\" \/>\n<meta name=\"robots\" content=\"index, follow, max-snippet:-1, max-image-preview:large, max-video-preview:-1\" \/>\n<link rel=\"canonical\" href=\"https:\/\/leocare.eu\/fr\/assurance-auto-en-ligne\/sinistre\/indemnisation\/remboursement\/\" \/>\n<meta property=\"og:locale\" content=\"fr_FR\" \/>\n<meta property=\"og:type\" content=\"article\" \/>\n<meta property=\"og:title\" content=\"Comment se faire rembourser par son assurance auto ? - Leocare\" \/>\n<meta property=\"og:description\" content=\"Comprenez comment fonctionne le remboursement par l&#039;assurance auto. Ne soyez plus perdus en cas de sinistres. Cliquez ici pour en savoir plus.\" \/>\n<meta property=\"og:url\" content=\"https:\/\/leocare.eu\/fr\/assurance-auto-en-ligne\/sinistre\/indemnisation\/remboursement\/\" \/>\n<meta property=\"og:site_name\" content=\"Leocare, assurance en ligne automobile et habitation\" \/>\n<meta property=\"article:modified_time\" content=\"2026-04-07T14:32:57+00:00\" \/>\n<meta property=\"og:image\" content=\"https:\/\/leocare.eu\/fr\/wp-content\/uploads\/2022\/12\/remboursement.jpg\" \/>\n\t<meta property=\"og:image:width\" content=\"1800\" \/>\n\t<meta property=\"og:image:height\" content=\"1200\" \/>\n\t<meta property=\"og:image:type\" content=\"image\/jpeg\" \/>\n<meta name=\"twitter:card\" content=\"summary_large_image\" \/>\n<meta name=\"twitter:label1\" content=\"Dur\u00e9e de lecture estim\u00e9e\" \/>\n\t<meta name=\"twitter:data1\" content=\"5 minutes\" \/>\n<!-- \/ Yoast SEO plugin. -->","yoast_head_json":{"title":"Comment se faire rembourser par son assurance auto ? - Leocare","description":"Comprenez comment fonctionne le remboursement par l'assurance auto. Ne soyez plus perdus en cas de sinistres. Cliquez ici pour en savoir plus.","robots":{"index":"index","follow":"follow","max-snippet":"max-snippet:-1","max-image-preview":"max-image-preview:large","max-video-preview":"max-video-preview:-1"},"canonical":"https:\/\/leocare.eu\/fr\/assurance-auto-en-ligne\/sinistre\/indemnisation\/remboursement\/","og_locale":"fr_FR","og_type":"article","og_title":"Comment se faire rembourser par son assurance auto ? - Leocare","og_description":"Comprenez comment fonctionne le remboursement par l'assurance auto. Ne soyez plus perdus en cas de sinistres. Cliquez ici pour en savoir plus.","og_url":"https:\/\/leocare.eu\/fr\/assurance-auto-en-ligne\/sinistre\/indemnisation\/remboursement\/","og_site_name":"Leocare, assurance en ligne automobile et habitation","article_modified_time":"2026-04-07T14:32:57+00:00","og_image":[{"width":1800,"height":1200,"url":"https:\/\/leocare.eu\/fr\/wp-content\/uploads\/2022\/12\/remboursement.jpg","type":"image\/jpeg"}],"twitter_card":"summary_large_image","twitter_misc":{"Dur\u00e9e de lecture estim\u00e9e":"5 minutes"},"schema":{"@context":"https:\/\/schema.org","@graph":[{"@type":"WebPage","@id":"https:\/\/leocare.eu\/fr\/assurance-auto-en-ligne\/sinistre\/indemnisation\/remboursement\/","url":"https:\/\/leocare.eu\/fr\/assurance-auto-en-ligne\/sinistre\/indemnisation\/remboursement\/","name":"Comment se faire rembourser par son assurance auto ? - Leocare","isPartOf":{"@id":"https:\/\/leocare.eu\/fr\/#website"},"primaryImageOfPage":{"@id":"https:\/\/leocare.eu\/fr\/assurance-auto-en-ligne\/sinistre\/indemnisation\/remboursement\/#primaryimage"},"image":{"@id":"https:\/\/leocare.eu\/fr\/assurance-auto-en-ligne\/sinistre\/indemnisation\/remboursement\/#primaryimage"},"thumbnailUrl":"https:\/\/leocare.eu\/fr\/wp-content\/uploads\/2022\/12\/remboursement.jpg","datePublished":"2022-12-29T10:45:21+00:00","dateModified":"2026-04-07T14:32:57+00:00","description":"Comprenez comment fonctionne le remboursement par l'assurance auto. Ne soyez plus perdus en cas de sinistres. Cliquez ici pour en savoir plus.","breadcrumb":{"@id":"https:\/\/leocare.eu\/fr\/assurance-auto-en-ligne\/sinistre\/indemnisation\/remboursement\/#breadcrumb"},"inLanguage":"fr-FR","potentialAction":[{"@type":"ReadAction","target":["https:\/\/leocare.eu\/fr\/assurance-auto-en-ligne\/sinistre\/indemnisation\/remboursement\/"]}]},{"@type":"ImageObject","inLanguage":"fr-FR","@id":"https:\/\/leocare.eu\/fr\/assurance-auto-en-ligne\/sinistre\/indemnisation\/remboursement\/#primaryimage","url":"https:\/\/leocare.eu\/fr\/wp-content\/uploads\/2022\/12\/remboursement.jpg","contentUrl":"https:\/\/leocare.eu\/fr\/wp-content\/uploads\/2022\/12\/remboursement.jpg","width":1800,"height":1200,"caption":"Remboursement Assurance Auto"},{"@type":"WebSite","@id":"https:\/\/leocare.eu\/fr\/#website","url":"https:\/\/leocare.eu\/fr\/","name":"Leocare, assurance en ligne automobile et habitation","description":"enfin (r)assur\u00e9.e","publisher":{"@id":"https:\/\/leocare.eu\/fr\/#organization"},"potentialAction":[{"@type":"SearchAction","target":{"@type":"EntryPoint","urlTemplate":"https:\/\/leocare.eu\/fr\/?s={search_term_string}"},"query-input":{"@type":"PropertyValueSpecification","valueRequired":true,"valueName":"search_term_string"}}],"inLanguage":"fr-FR"},{"@type":"Organization","@id":"https:\/\/leocare.eu\/fr\/#organization","name":"Leocare, assurance en ligne automobile et habitation","url":"https:\/\/leocare.eu\/fr\/","logo":{"@type":"ImageObject","inLanguage":"fr-FR","@id":"https:\/\/leocare.eu\/fr\/#\/schema\/logo\/image\/","url":"https:\/\/leocare.eu\/fr\/wp-content\/uploads\/2020\/03\/logo-leocare.svg","contentUrl":"https:\/\/leocare.eu\/fr\/wp-content\/uploads\/2020\/03\/logo-leocare.svg","caption":"Leocare, assurance en ligne automobile et habitation"},"image":{"@id":"https:\/\/leocare.eu\/fr\/#\/schema\/logo\/image\/"}}]}},"_links":{"self":[{"href":"https:\/\/leocare.eu\/fr\/wp-json\/wp\/v2\/pages\/10534","targetHints":{"allow":["GET"]}}],"collection":[{"href":"https:\/\/leocare.eu\/fr\/wp-json\/wp\/v2\/pages"}],"about":[{"href":"https:\/\/leocare.eu\/fr\/wp-json\/wp\/v2\/types\/page"}],"author":[{"embeddable":true,"href":"https:\/\/leocare.eu\/fr\/wp-json\/wp\/v2\/users\/34"}],"replies":[{"embeddable":true,"href":"https:\/\/leocare.eu\/fr\/wp-json\/wp\/v2\/comments?post=10534"}],"version-history":[{"count":16,"href":"https:\/\/leocare.eu\/fr\/wp-json\/wp\/v2\/pages\/10534\/revisions"}],"predecessor-version":[{"id":35605,"href":"https:\/\/leocare.eu\/fr\/wp-json\/wp\/v2\/pages\/10534\/revisions\/35605"}],"up":[{"embeddable":true,"href":"https:\/\/leocare.eu\/fr\/wp-json\/wp\/v2\/pages\/10528"}],"wp:featuredmedia":[{"embeddable":true,"href":"https:\/\/leocare.eu\/fr\/wp-json\/wp\/v2\/media\/9869"}],"wp:attachment":[{"href":"https:\/\/leocare.eu\/fr\/wp-json\/wp\/v2\/media?parent=10534"}],"curies":[{"name":"wp","href":"https:\/\/api.w.org\/{rel}","templated":true}]}}