{"id":10528,"date":"2022-12-29T11:23:20","date_gmt":"2022-12-29T10:23:20","guid":{"rendered":"https:\/\/leocare.eu\/fr\/?page_id=10528"},"modified":"2026-04-07T16:32:56","modified_gmt":"2026-04-07T14:32:56","slug":"indemnisation","status":"publish","type":"page","link":"https:\/\/leocare.eu\/fr\/assurance-auto-en-ligne\/sinistre\/indemnisation\/","title":{"rendered":"Comment l\u2019assurance auto indemnise les sinistr\u00e9s ?"},"content":{"rendered":"\n<p><em>Un accrochage, une voiture vol\u00e9e ou un pare-brise bris\u00e9\u2026 personne n\u2019y \u00e9chappe totalement. L\u2019assurance auto est l\u00e0 pour vous aider \u00e0 r\u00e9parer les dommages, mais comprendre comment elle indemnise, c\u2019est une autre histoire. Alors, comment votre assureur d\u00e9termine-t-il le montant de votre indemnit\u00e9 ? Quels sont vos droits si l\u2019offre vous semble injuste ?<\/em><\/p>\n\n\n\n<h2 class=\"wp-block-heading\">Comment fonctionne l\u2019indemnisation en assurance auto ?<\/h2>\n\n\n\n<p>Le<a href=\"https:\/\/leocare.eu\/fr\/assurance-auto-en-ligne\/sinistre\/\"> <strong>sinistre<\/strong><\/a> d\u00e9clenche tout le processus d\u2019indemnisation. <strong>Son traitement d\u00e9pend du contrat que vous avez sign\u00e9 et du co\u00fbt des dommages \u00e9valu\u00e9s par votre assureur.<\/strong> Chaque situation est unique, mais les principes restent les m\u00eames : la transparence et l\u2019\u00e9quit\u00e9 dans la prise en charge.<\/p>\n\n\n\n<h3 class=\"wp-block-heading\">En fonction des dommages<\/h3>\n\n\n\n<p>Lorsque le v\u00e9hicule est endommag\u00e9, il est souvent orient\u00e9 vers un<a href=\"https:\/\/leocare.eu\/fr\/assurance-auto-en-ligne\/sinistre\/indemnisation\/garage-agree\/\"> <strong>garage agr\u00e9\u00e9<\/strong><\/a>. <strong>Ce professionnel est habilit\u00e9 \u00e0 r\u00e9aliser les r\u00e9parations et \u00e0 communiquer directement avec l\u2019assurance pour simplifier la gestion des dommages mat\u00e9riels.<\/strong> Cela permet \u00e0 l\u2019assur\u00e9 de ne pas avancer les frais tout en garantissant la qualit\u00e9 des travaux.<\/p>\n\n\n\n<h3 class=\"wp-block-heading\">En fonction du contrat<\/h3>\n\n\n\n<p>Si vous avez souscrit une<a href=\"https:\/\/leocare.eu\/fr\/assurance-auto-en-ligne\/tiers\/\"> <strong>assurance au tiers<\/strong><\/a>, cette formule couvre uniquement la responsabilit\u00e9 civile, c\u2019est-\u00e0-dire les dommages caus\u00e9s aux autres. Elle est obligatoire pour tout conducteur. Vous pouvez renforcer cette protection avec une<a href=\"https:\/\/leocare.eu\/fr\/assurance-auto-en-ligne\/tiers\/plus\/\"> <strong>couverture tiers plus<\/strong><\/a>, une formule interm\u00e9diaire qui ajoute des garanties comme le vol ou le bris de glace. Enfin, la<a href=\"https:\/\/leocare.eu\/fr\/assurance-auto-en-ligne\/tous-risques\/\"> <strong>formule tous risques<\/strong><\/a> offre une couverture maximale incluant les dommages sur votre propre v\u00e9hicule, m\u00eame en cas d\u2019accident responsable.<\/p>\n\n\n\n<p>Voici un r\u00e9sum\u00e9 des principales diff\u00e9rences entre ces formules :<\/p>\n\n\n\n<figure class=\"wp-block-table\"><table class=\"has-fixed-layout\"><tbody><tr><td><strong>Type de contrat<\/strong><\/td><td><strong>Dommages couverts<\/strong><\/td><td><strong>Responsabilit\u00e9 du conducteur<\/strong><\/td><td><strong>Options possibles<\/strong><\/td><td><strong>Niveau de couverture<\/strong><\/td><\/tr><tr><td><strong>Assurance au tiers<\/strong><\/td><td>Dommages caus\u00e9s aux autres<\/td><td>Non couverts<\/td><td>Garantie conducteur, protection juridique<\/td><td>Basique<\/td><\/tr><tr><td><strong>Couverture tiers plus<\/strong><\/td><td>Dommages aux autres + vol, incendie, bris de glace<\/td><td>Partielle<\/td><td>Assistance 0 km, catastrophe naturelle<\/td><td>Interm\u00e9diaire<\/td><\/tr><tr><td><strong>Formule tous risques<\/strong><\/td><td>Tous dommages, y compris sur votre v\u00e9hicule<\/td><td>Oui<\/td><td>Valeur \u00e0 neuf, accessoires, rachat de franchise<\/td><td>Maximale<\/td><\/tr><\/tbody><\/table><\/figure>\n\n\n\n<h2 class=\"wp-block-heading\">Quelles sont les d\u00e9marches pour \u00eatre indemnis\u00e9 par son assureur auto ?<\/h2>\n\n\n\n<h3 class=\"wp-block-heading\">D\u00e9claration du sinistre<\/h3>\n\n\n\n<p>Il faut<a href=\"https:\/\/leocare.eu\/fr\/assurance-auto-en-ligne\/sinistre\/declaration\/\"> <strong>d\u00e9clarer le sinistre<\/strong><\/a> d\u00e8s que possible pour permettre \u00e0 l\u2019expert mandat\u00e9 d\u2019effectuer son \u00e9valuation des d\u00e9g\u00e2ts. <strong>Cette \u00e9tape rapide conditionne la qualit\u00e9 de la prise en charge et la vitesse de versement de l\u2019indemnit\u00e9.<\/strong><\/p>\n\n\n\n<h3 class=\"wp-block-heading\">D\u00e9lais d\u2019indemnisation<\/h3>\n\n\n\n<p>Les<a href=\"https:\/\/leocare.eu\/fr\/assurance-auto-en-ligne\/sinistre\/declaration\/delais-indemnisation\/\"> <strong>d\u00e9lais<\/strong><\/a> d\u2019indemnisation varient selon le type de sinistre et la situation du conducteur. <strong>L\u2019assureur dispose en g\u00e9n\u00e9ral de trois mois pour faire une offre d\u2019indemnisation apr\u00e8s r\u00e9ception du dossier complet.<\/strong> Dans certains cas, il peut proposer une<a href=\"https:\/\/leocare.eu\/fr\/assurance-auto-en-ligne\/sinistre\/indemnisation\/avance-sur-recours\/\"> <strong>avance sur recours<\/strong><\/a>, une somme vers\u00e9e \u00e0 l\u2019assur\u00e9 avant le r\u00e8glement d\u00e9finitif, afin d\u2019\u00e9viter tout d\u00e9lai excessif et d\u2019aider financi\u00e8rement le conducteur dans l\u2019attente du paiement final.<\/p>\n\n\n\n<p>Voici un aper\u00e7u des d\u00e9lais moyens pratiqu\u00e9s :<\/p>\n\n\n\n<figure class=\"wp-block-table\"><table class=\"has-fixed-layout\"><tbody><tr><td><strong>Type de sinistre<\/strong><\/td><td><strong>D\u00e9lai pour l\u2019offre d\u2019indemnisation<\/strong><\/td><td><strong>D\u00e9lai moyen de versement apr\u00e8s acceptation<\/strong><\/td><\/tr><tr><td>D\u00e9g\u00e2ts mat\u00e9riels<\/td><td>3 mois<\/td><td>15 \u00e0 30 jours<\/td><\/tr><tr><td>Dommages corporels<\/td><td>8 mois<\/td><td>45 jours<\/td><\/tr><tr><td>Vol de v\u00e9hicule<\/td><td>1 mois<\/td><td>10 \u00e0 30 jours<\/td><\/tr><tr><td>Catastrophe naturelle<\/td><td>2 \u00e0 3 mois<\/td><td>3 mois apr\u00e8s d\u00e9p\u00f4t du dossier<\/td><\/tr><\/tbody><\/table><\/figure>\n\n\n\n<h3 class=\"wp-block-heading\">Documents indispensables<\/h3>\n\n\n\n<p>Pour acc\u00e9l\u00e9rer le traitement de votre dossier, <strong>il faut fournir un ensemble de documents pr\u00e9cis<\/strong> : le constat amiable ou la plainte en cas de vol, les photos des d\u00e9g\u00e2ts, les devis ou factures de r\u00e9paration et un certificat m\u00e9dical si des blessures sont constat\u00e9es. <strong>Un dossier complet limite les allers-retours avec votre assureur et favorise un r\u00e8glement plus rapide.<\/strong> L\u2019assureur mandate ensuite un expert pour confirmer les dommages et estimer le montant de l\u2019indemnisation.<\/p>\n\n\n\n<h2 class=\"wp-block-heading\">Comment est calcul\u00e9e l\u2019indemnisation propos\u00e9e par l\u2019assurance auto ?<\/h2>\n\n\n\n<h3 class=\"wp-block-heading\">Les facteurs qui peuvent influer sur l\u2019offre d\u2019indemnisation<\/h3>\n\n\n\n<p>Les modalit\u00e9s de calcul tiennent compte de la<a href=\"https:\/\/leocare.eu\/fr\/assurance-auto-en-ligne\/sinistre\/indemnisation\/convention-irsa\/\"> <strong>convention irsa<\/strong><\/a>, qui d\u00e9finit la proc\u00e9dure d\u2019indemnisation entre chaque compagnie d\u2019assurance. <strong>Le montant de l\u2019indemnit\u00e9 d\u00e9pend aussi de la franchise inscrite dans le contrat, influen\u00e7ant la prime annuelle.<\/strong> D\u2019autres \u00e9l\u00e9ments entrent en jeu, comme la<a href=\"https:\/\/leocare.eu\/fr\/assurance-auto-en-ligne\/sinistre\/indemnisation\/perte-chance\/\"> <strong>perte de chance<\/strong><\/a> d\u2019obtenir une r\u00e9paration compl\u00e8te ou une opportunit\u00e9 de revente du v\u00e9hicule. Enfin, <strong>si les obligations contractuelles ne sont pas respect\u00e9es, une d\u00e9ch\u00e9ance de garantie peut \u00eatre appliqu\u00e9e, entra\u00eenant la privation totale d\u2019indemnit\u00e9 par l\u2019assureur.<\/strong><\/p>\n\n\n\n<h3 class=\"wp-block-heading\">Les dommages mat\u00e9riels<\/h3>\n\n\n\n<p>L\u2019expert automobile est la cl\u00e9 de vo\u00fbte de l\u2019\u00e9valuation. <strong>Il examine le v\u00e9hicule, v\u00e9rifie la coh\u00e9rence des dommages avec les circonstances d\u00e9clar\u00e9es, et \u00e9tablit un rapport d\u00e9taill\u00e9.<\/strong> Si le v\u00e9hicule est r\u00e9parable, l\u2019assureur prend en charge les r\u00e9parations dans la limite de la valeur \u00e0 dire d\u2019expert, d\u00e9duction faite de la franchise. Si le v\u00e9hicule est d\u00e9clar\u00e9 irr\u00e9parable, <strong>l\u2019indemnisation correspond \u00e0 sa valeur de remplacement sur le march\u00e9.<\/strong><\/p>\n\n\n\n<h3 class=\"wp-block-heading\">Les dommages corporels<\/h3>\n\n\n\n<p>L\u2019<a href=\"https:\/\/leocare.eu\/fr\/assurance-auto-en-ligne\/sinistre\/indemnisation\/passagers\/\"><strong>indemnisation des passagers<\/strong><\/a> concerne toutes les victimes d\u2019un sinistre. <strong>L\u2019assurance s\u2019appuie sur un rapport m\u00e9dical pour chiffrer chaque pr\u00e9judice selon la nomenclature Dintilhac : frais m\u00e9dicaux, pertes de revenus, souffrances endur\u00e9es et pr\u00e9judices esth\u00e9tiques.<\/strong> L\u2019indemnit\u00e9 finale est calcul\u00e9e apr\u00e8s consolidation m\u00e9dicale, lorsque l\u2019\u00e9tat de sant\u00e9 ne doit plus \u00e9voluer.<\/p>\n\n\n\n<p>Voici une estimation des bar\u00e8mes habituellement appliqu\u00e9s :<\/p>\n\n\n\n<figure class=\"wp-block-table\"><table class=\"has-fixed-layout\"><tbody><tr><td><strong>Type de pr\u00e9judice<\/strong><\/td><td><strong>\u00c9valuation moyenne<\/strong><\/td><td><strong>Remarques<\/strong><\/td><\/tr><tr><td>Souffrances endur\u00e9es<\/td><td>1 000 \u00e0 3 500 \u20ac<\/td><td>Selon la gravit\u00e9 et la dur\u00e9e des soins<\/td><\/tr><tr><td>Pr\u00e9judice esth\u00e9tique<\/td><td>1 000 \u00e0 2 000 \u20ac<\/td><td>D\u00e9pend de la visibilit\u00e9 des s\u00e9quelles<\/td><\/tr><tr><td>D\u00e9ficit fonctionnel permanent (AIPP 5 %)<\/td><td>5 000 \u00e0 10 000 \u20ac<\/td><td>Variable selon l\u2019\u00e2ge et la perte d\u2019autonomie<\/td><\/tr><tr><td>Pr\u00e9judice d\u2019agr\u00e9ment<\/td><td>1 000 \u00e0 2 500 \u20ac<\/td><td>Si la victime ne peut plus exercer une activit\u00e9 habituelle<\/td><\/tr><\/tbody><\/table><\/figure>\n\n\n\n<h2 class=\"wp-block-heading\">Quels sont mes droits face \u00e0 une proposition d\u2019indemnisation de mon assurance auto ?<\/h2>\n\n\n\n<p>Vous pouvez demander un<a href=\"https:\/\/leocare.eu\/fr\/assurance-auto-en-ligne\/sinistre\/indemnisation\/remboursement\/\"> <strong>remboursement<\/strong><\/a> aupr\u00e8s de votre assureur si vous estimez que <strong>le montant vers\u00e9 n\u2019est pas conforme \u00e0 la valeur r\u00e9elle du dommage.<\/strong> En cas de d\u00e9saccord, <strong>il est possible de contester l\u2019offre d\u2019indemnisation par \u00e9crit aupr\u00e8s de votre assureur<\/strong>, surtout si un litige survient.<\/p>\n\n\n\n<p>Si vous recevez un<a href=\"https:\/\/leocare.eu\/fr\/assurance-auto-en-ligne\/sinistre\/indemnisation\/refus\/\"> <strong>refus d\u2019indemnisation<\/strong><\/a>, <strong>vous disposez d\u2019un recours pour demander une explication \u00e9crite et un d\u00e9lai de r\u00e9ponse.<\/strong> Lorsque le<a href=\"https:\/\/leocare.eu\/fr\/assurance-auto-en-ligne\/sinistre\/indemnisation\/litige\/\"> <strong>litige<\/strong><\/a> persiste, <strong>vous pouvez contester la d\u00e9cision aupr\u00e8s du m\u00e9diateur des assurances avant d\u2019envisager une proc\u00e9dure judiciaire.<\/strong><\/p>\n\n\n\n<p>Pour vous aider \u00e0 comprendre les causes possibles de refus d\u2019indemnisation, voici un r\u00e9capitulatif :<\/p>\n\n\n\n<figure class=\"wp-block-table\"><table class=\"has-fixed-layout\"><tbody><tr><td><strong>Motif<\/strong><\/td><td><strong>Cons\u00e9quence sur l\u2019indemnisation<\/strong><\/td><td><strong>Solution ou recours possible<\/strong><\/td><\/tr><tr><td>D\u00e9claration tardive<\/td><td>R\u00e9duction ou refus de l\u2019indemnit\u00e9<\/td><td>Justifier un cas de force majeure<\/td><\/tr><tr><td>D\u00e9ch\u00e9ance de garantie<\/td><td>Annulation totale de la prise en charge<\/td><td>Prouver le respect du contrat<\/td><\/tr><tr><td>Fausses d\u00e9clarations<\/td><td>Suppression du droit \u00e0 indemnisation<\/td><td>Contester avec \u00e9l\u00e9ments factuels<\/td><\/tr><tr><td>Conduite en \u00e9tat d\u2019ivresse<\/td><td>Refus syst\u00e9matique<\/td><td>Aucun recours possible<\/td><\/tr><tr><td>Litige sur la valeur du v\u00e9hicule<\/td><td>Indemnit\u00e9 trop basse<\/td><td>Demander une contre-expertise<\/td><\/tr><\/tbody><\/table><\/figure>\n\n\n\n<p><strong>L\u2019indemnisation en assurance auto repose sur un \u00e9quilibre entre contrat, responsabilit\u00e9 et expertise.<\/strong> Le r\u00f4le de votre assureur est de vous accompagner apr\u00e8s un sinistre, qu\u2019il s\u2019agisse d\u2019un accident, d\u2019un vol ou d\u2019une voiture vol\u00e9e sans effraction. <strong>En comprenant chaque \u00e9tape du processus, vous saurez comment d\u00e9fendre vos droits et obtenir une indemnit\u00e9 juste.<\/strong> Apr\u00e8s tout, l\u2019assurance auto n\u2019est pas qu\u2019un contrat : <strong>c\u2019est un filet de s\u00e9curit\u00e9 qui vous aide \u00e0 rebondir lorsque la route devient impr\u00e9visible.<\/strong><\/p>\n\n\n\n<h2 class=\"wp-block-heading\">Comment Leocare vous aide en cas de sinistre ?<\/h2>\n\n\n\n<p>Chez <strong>Leocare<\/strong>, tout est pens\u00e9 pour rendre l\u2019indemnisation <strong>rapide, fluide et humaine<\/strong>. D\u00e8s la d\u00e9claration d\u2019un sinistre, votre dossier est pris en charge par une \u00e9quipe d\u00e9di\u00e9e qui vous guide <strong>pas \u00e0 pas<\/strong>, du constat jusqu\u2019au versement de l\u2019indemnit\u00e9.<\/p>\n\n\n\n<p>Gr\u00e2ce \u00e0 l\u2019application mobile, vous pouvez <strong>d\u00e9clarer un accident, un vol ou un bris de glace en quelques clics<\/strong>, joindre des photos et suivre <strong>en temps r\u00e9el l\u2019avancement de votre indemnisation<\/strong>. Un expert est ensuite mandat\u00e9 pour \u00e9valuer les dommages et, si besoin, orienter votre v\u00e9hicule vers un <strong>garage agr\u00e9\u00e9 Leocare<\/strong>.<\/p>\n\n\n\n<p>Leocare simplifie aussi la partie financi\u00e8re : vous recevez <strong>une estimation transparente de votre indemnit\u00e9<\/strong>, avec un accompagnement personnalis\u00e9 pour comprendre le calcul. En cas de d\u00e9saccord, un conseiller peut vous aider \u00e0 <strong>analyser l\u2019offre et, si n\u00e9cessaire, la contester avec des \u00e9l\u00e9ments pr\u00e9cis<\/strong>.<\/p>\n\n\n\n<p>Enfin, l\u2019objectif de Leocare est clair : <strong>r\u00e9tablir votre situation le plus vite possible<\/strong>, que votre v\u00e9hicule soit r\u00e9parable ou non. Vous \u00eates inform\u00e9 \u00e0 chaque \u00e9tape, sans paperasse inutile, et surtout <strong>sans attendre des semaines<\/strong> pour votre remboursement.<\/p>\n","protected":false},"excerpt":{"rendered":"<p>Un accrochage, une voiture vol\u00e9e ou un pare-brise bris\u00e9\u2026 personne n\u2019y \u00e9chappe totalement. L\u2019assurance auto est l\u00e0 pour vous aider \u00e0 r\u00e9parer les dommages, mais comprendre comment elle indemnise, c\u2019est une autre histoire. Alors, comment votre assureur d\u00e9termine-t-il le montant de votre indemnit\u00e9 ? Quels sont vos droits si l\u2019offre vous semble injuste ? Comment [&hellip;]<\/p>\n","protected":false},"author":34,"featured_media":10026,"parent":10257,"menu_order":0,"comment_status":"closed","ping_status":"closed","template":"template_seo.php","meta":{"_acf_changed":false,"footnotes":""},"class_list":["post-10528","page","type-page","status-publish","has-post-thumbnail","hentry"],"acf":[],"yoast_head":"<!-- This site is optimized with the Yoast SEO plugin v27.3 - https:\/\/yoast.com\/product\/yoast-seo-wordpress\/ -->\n<title>Indemnisations de l\u2019assurance auto : explications et calculs<\/title>\n<meta name=\"description\" content=\"D\u00e9couvrez comment obtenir votre indemnisation par l\u2019assurance auto facilement.\" \/>\n<meta name=\"robots\" content=\"index, follow, max-snippet:-1, max-image-preview:large, max-video-preview:-1\" \/>\n<link rel=\"canonical\" href=\"https:\/\/leocare.eu\/fr\/assurance-auto-en-ligne\/sinistre\/indemnisation\/\" \/>\n<meta property=\"og:locale\" content=\"fr_FR\" \/>\n<meta property=\"og:type\" content=\"article\" \/>\n<meta property=\"og:title\" content=\"Indemnisations de l\u2019assurance auto : explications et calculs\" \/>\n<meta property=\"og:description\" content=\"D\u00e9couvrez comment obtenir votre indemnisation par l\u2019assurance auto facilement.\" \/>\n<meta property=\"og:url\" content=\"https:\/\/leocare.eu\/fr\/assurance-auto-en-ligne\/sinistre\/indemnisation\/\" \/>\n<meta property=\"og:site_name\" content=\"Leocare, assurance en ligne automobile et habitation\" \/>\n<meta property=\"article:modified_time\" content=\"2026-04-07T14:32:56+00:00\" \/>\n<meta property=\"og:image\" content=\"https:\/\/leocare.eu\/fr\/wp-content\/uploads\/2022\/12\/Indemnisation-passagers.jpg\" \/>\n\t<meta property=\"og:image:width\" content=\"1800\" \/>\n\t<meta property=\"og:image:height\" content=\"1200\" \/>\n\t<meta property=\"og:image:type\" content=\"image\/jpeg\" \/>\n<meta name=\"twitter:card\" content=\"summary_large_image\" \/>\n<meta name=\"twitter:label1\" content=\"Dur\u00e9e de lecture estim\u00e9e\" \/>\n\t<meta name=\"twitter:data1\" content=\"7 minutes\" \/>\n<!-- \/ Yoast SEO plugin. -->","yoast_head_json":{"title":"Indemnisations de l\u2019assurance auto : explications et calculs","description":"D\u00e9couvrez comment obtenir votre indemnisation par l\u2019assurance auto facilement.","robots":{"index":"index","follow":"follow","max-snippet":"max-snippet:-1","max-image-preview":"max-image-preview:large","max-video-preview":"max-video-preview:-1"},"canonical":"https:\/\/leocare.eu\/fr\/assurance-auto-en-ligne\/sinistre\/indemnisation\/","og_locale":"fr_FR","og_type":"article","og_title":"Indemnisations de l\u2019assurance auto : explications et calculs","og_description":"D\u00e9couvrez comment obtenir votre indemnisation par l\u2019assurance auto facilement.","og_url":"https:\/\/leocare.eu\/fr\/assurance-auto-en-ligne\/sinistre\/indemnisation\/","og_site_name":"Leocare, assurance en ligne automobile et habitation","article_modified_time":"2026-04-07T14:32:56+00:00","og_image":[{"width":1800,"height":1200,"url":"https:\/\/leocare.eu\/fr\/wp-content\/uploads\/2022\/12\/Indemnisation-passagers.jpg","type":"image\/jpeg"}],"twitter_card":"summary_large_image","twitter_misc":{"Dur\u00e9e de lecture estim\u00e9e":"7 minutes"},"schema":{"@context":"https:\/\/schema.org","@graph":[{"@type":"WebPage","@id":"https:\/\/leocare.eu\/fr\/assurance-auto-en-ligne\/sinistre\/indemnisation\/","url":"https:\/\/leocare.eu\/fr\/assurance-auto-en-ligne\/sinistre\/indemnisation\/","name":"Indemnisations de l\u2019assurance auto : explications et calculs","isPartOf":{"@id":"https:\/\/leocare.eu\/fr\/#website"},"primaryImageOfPage":{"@id":"https:\/\/leocare.eu\/fr\/assurance-auto-en-ligne\/sinistre\/indemnisation\/#primaryimage"},"image":{"@id":"https:\/\/leocare.eu\/fr\/assurance-auto-en-ligne\/sinistre\/indemnisation\/#primaryimage"},"thumbnailUrl":"https:\/\/leocare.eu\/fr\/wp-content\/uploads\/2022\/12\/Indemnisation-passagers.jpg","datePublished":"2022-12-29T10:23:20+00:00","dateModified":"2026-04-07T14:32:56+00:00","description":"D\u00e9couvrez comment obtenir votre indemnisation par l\u2019assurance auto facilement.","breadcrumb":{"@id":"https:\/\/leocare.eu\/fr\/assurance-auto-en-ligne\/sinistre\/indemnisation\/#breadcrumb"},"inLanguage":"fr-FR","potentialAction":[{"@type":"ReadAction","target":["https:\/\/leocare.eu\/fr\/assurance-auto-en-ligne\/sinistre\/indemnisation\/"]}]},{"@type":"ImageObject","inLanguage":"fr-FR","@id":"https:\/\/leocare.eu\/fr\/assurance-auto-en-ligne\/sinistre\/indemnisation\/#primaryimage","url":"https:\/\/leocare.eu\/fr\/wp-content\/uploads\/2022\/12\/Indemnisation-passagers.jpg","contentUrl":"https:\/\/leocare.eu\/fr\/wp-content\/uploads\/2022\/12\/Indemnisation-passagers.jpg","width":1800,"height":1200,"caption":"Indemnisation Assurance Passagers"},{"@type":"WebSite","@id":"https:\/\/leocare.eu\/fr\/#website","url":"https:\/\/leocare.eu\/fr\/","name":"Leocare, assurance en ligne automobile et habitation","description":"enfin (r)assur\u00e9.e","publisher":{"@id":"https:\/\/leocare.eu\/fr\/#organization"},"potentialAction":[{"@type":"SearchAction","target":{"@type":"EntryPoint","urlTemplate":"https:\/\/leocare.eu\/fr\/?s={search_term_string}"},"query-input":{"@type":"PropertyValueSpecification","valueRequired":true,"valueName":"search_term_string"}}],"inLanguage":"fr-FR"},{"@type":"Organization","@id":"https:\/\/leocare.eu\/fr\/#organization","name":"Leocare, assurance en ligne automobile et habitation","url":"https:\/\/leocare.eu\/fr\/","logo":{"@type":"ImageObject","inLanguage":"fr-FR","@id":"https:\/\/leocare.eu\/fr\/#\/schema\/logo\/image\/","url":"https:\/\/leocare.eu\/fr\/wp-content\/uploads\/2020\/03\/logo-leocare.svg","contentUrl":"https:\/\/leocare.eu\/fr\/wp-content\/uploads\/2020\/03\/logo-leocare.svg","caption":"Leocare, assurance en ligne automobile et habitation"},"image":{"@id":"https:\/\/leocare.eu\/fr\/#\/schema\/logo\/image\/"}}]}},"_links":{"self":[{"href":"https:\/\/leocare.eu\/fr\/wp-json\/wp\/v2\/pages\/10528","targetHints":{"allow":["GET"]}}],"collection":[{"href":"https:\/\/leocare.eu\/fr\/wp-json\/wp\/v2\/pages"}],"about":[{"href":"https:\/\/leocare.eu\/fr\/wp-json\/wp\/v2\/types\/page"}],"author":[{"embeddable":true,"href":"https:\/\/leocare.eu\/fr\/wp-json\/wp\/v2\/users\/34"}],"replies":[{"embeddable":true,"href":"https:\/\/leocare.eu\/fr\/wp-json\/wp\/v2\/comments?post=10528"}],"version-history":[{"count":27,"href":"https:\/\/leocare.eu\/fr\/wp-json\/wp\/v2\/pages\/10528\/revisions"}],"predecessor-version":[{"id":37306,"href":"https:\/\/leocare.eu\/fr\/wp-json\/wp\/v2\/pages\/10528\/revisions\/37306"}],"up":[{"embeddable":true,"href":"https:\/\/leocare.eu\/fr\/wp-json\/wp\/v2\/pages\/10257"}],"wp:featuredmedia":[{"embeddable":true,"href":"https:\/\/leocare.eu\/fr\/wp-json\/wp\/v2\/media\/10026"}],"wp:attachment":[{"href":"https:\/\/leocare.eu\/fr\/wp-json\/wp\/v2\/media?parent=10528"}],"curies":[{"name":"wp","href":"https:\/\/api.w.org\/{rel}","templated":true}]}}