{"id":10425,"date":"2022-12-29T09:29:52","date_gmt":"2022-12-29T08:29:52","guid":{"rendered":"https:\/\/leocare.eu\/fr\/?page_id=10425"},"modified":"2026-04-07T16:50:23","modified_gmt":"2026-04-07T14:50:23","slug":"accident","status":"publish","type":"page","link":"https:\/\/leocare.eu\/fr\/assurance-auto-en-ligne\/sinistre\/types\/accident\/","title":{"rendered":"Accident de voiture : d\u00e9marches et responsabilit\u00e9"},"content":{"rendered":"\n<p><b>L\u2019accident de voiture <\/b><b>\ud83d\udea8<\/b><b>, qu\u2019il implique un tiers ou pas, est un \u00e9v\u00e9nement malheureux. Fort heureusement, il est couvert par votre assurance auto. Tr\u00e8s bien, mais dans quelles proportions&nbsp;? Leocare, la n\u00e9o-assurance qui prend soin de vous, fait toute la lumi\u00e8re sur ce sinistre particulier et sa prise en charge<\/b><b>\ud83d\udca1<\/b><b>.<\/b><\/p>\n\n\n\n<h2 class=\"wp-block-heading\" id=\"section-1-distinguer-laccident-de-la-route-du-sinistre\"><strong>Distinguer l\u2019accident de la route du sinistre<\/strong><\/h2>\n\n\n\n<p>Parmi tous les&nbsp;<strong><a href=\"https:\/\/leocare.eu\/fr\/assurance-auto-en-ligne\/sinistre\/types\/\">types de sinistres<\/a><\/strong>, l\u2019accident de la route est sans aucun doute l\u2019un des plus redout\u00e9s. Mais au fait, qu\u2019est-ce qui le diff\u00e9rencie du sinistre ?<\/p>\n\n\n\n<p>D\u2019un c\u00f4t\u00e9, la loi Badinter le d\u00e9finit comme un \u00e9v\u00e9nement :<\/p>\n\n\n\n<ul class=\"wp-block-list\">\n<li>Survenant \u00ab en dehors de toute intervention humaine (ou cas fortuit) \u00bb.<\/li>\n\n\n\n<li>Ou r\u00e9sultant \u00ab d\u2019un fait de l\u2019homme quelconque, \u00e0 condition qu\u2019il ne soit pas intentionnel, dans lequel un v\u00e9hicule est impliqu\u00e9 \u00bb.<\/li>\n<\/ul>\n\n\n\n<p>De l\u2019autre, le Code des assurances le d\u00e9finit dans son article L251-2, comme :<\/p>\n\n\n\n<p>\u00ab Tout dommage ou ensemble de dommages caus\u00e9s \u00e0 des tiers, engageant la responsabilit\u00e9 de l\u2019assur\u00e9, r\u00e9sultant d\u2019un fait dommageable ou d\u2019un ensemble de faits dommageables ayant la m\u00eame cause technique, imputable aux activit\u00e9s de l\u2019assur\u00e9 garanties par le contrat, et ayant donn\u00e9 lieu \u00e0 une ou plusieurs r\u00e9clamations \u00bb.<\/p>\n\n\n\n<p>Au m\u00eame titre qu\u2019un vol ou un incendie, l\u2019accident de voiture peut donc \u00eatre consid\u00e9r\u00e9 comme un sinistre. Mais le sinistre peut aussi \u00eatre vu comme sa cons\u00e9quence. Par exemple, un pare-brise fissur\u00e9 ou une vitre cass\u00e9e en assurance, sont \u00e9galement consid\u00e9r\u00e9s comme tels.<\/p>\n\n\n\n<p>La\u00a0<strong><a href=\"https:\/\/leocare.eu\/fr\/assurance-auto-en-ligne\/couverture\/garanties\/complementaires\/dommages-materiels\/animal-sauvage\/\">collision avec un animal sauvage<\/a><\/strong>\u00a0est un type d\u2019accident de la route\u00a0particulier. L\u2019indemnisation\u00a0des\u00a0dommages mat\u00e9riels\u00a0est assur\u00e9e par le FGAO, fonds auquel souscrit votre compagnie. Il peut \u00eatre n\u00e9cessaire de pr\u00e9venir la\u00a0gendarmerie\u00a0lors d\u2019une telle\u00a0collision\u00a0pour signaler la pr\u00e9sence d\u2019animaux ou en cas de bless\u00e9s. Si vous n\u2019avez pas commis d\u2019infraction, aucun\u00a0malus\u00a0ne vous sera impos\u00e9.<\/p>\n\n\n\n<h2 class=\"wp-block-heading\" id=\"section-2-quelles-dmarches-entreprendre-\"><strong>Quelles d\u00e9marches entreprendre ?<\/strong><\/h2>\n\n\n\n<p>Voici les trois d\u00e9marches \u00e0 suivre ou r\u00e9flexes \u00e0 avoir.<\/p>\n\n\n\n<h3 class=\"wp-block-heading\"><strong>Pr\u00e9venir les secours<\/strong><\/h3>\n\n\n\n<p>Il est important d\u2019avertir la police ou la gendarmerie, afin qu\u2019elle vienne s\u00e9curiser les lieux (en particulier le cas de g\u00eane de la circulation des autres v\u00e9hicules). Les forces de l\u2019ordre proc\u00e8dent aussi aux constatations d\u2019usage :<\/p>\n\n\n\n<ul class=\"wp-block-list\">\n<li>D\u00e9finition des responsabilit\u00e9s et du d\u00e9roul\u00e9. Relev\u00e9 des plaques d\u2019immatriculation.<\/li>\n\n\n\n<li>Recueil de l\u2019identit\u00e9 des \u00e9ventuels t\u00e9moins et conducteurs impliqu\u00e9s.<\/li>\n\n\n\n<li>Pour les joindre, composez le 17. Bien s\u00fbr, en cas de pr\u00e9judice corporel, appelez aussi imm\u00e9diatement les secours.<\/li>\n<\/ul>\n\n\n\n<div class=\"bon-a-savoir\">\n\n\n\n<p>\u00c0 noter : pompiers ou SAMU ?<\/p>\n\n\n\n<p>Appelez le SAMU (15) en priorit\u00e9 et si la victime d\u2019un accident a besoin d\u2019une assistance m\u00e9dicale rapide. Par exemple, une victime est br\u00fbl\u00e9e, dans le coma, fait une h\u00e9morragie ou ne respire plus ou difficilement. En l\u2019absence de signes graves, appelez les pompiers (18), afin qu\u2019ils s\u00e9curisent les biens et les personnes (extinction de feu, d\u00e9sincarc\u00e9ration).<\/p>\n\n\n\n<\/div>\n\n\n\n<h3 class=\"wp-block-heading\"><strong>\u00c9tablir le constat amiable<\/strong><\/h3>\n\n\n\n<p>Si l\u2019accident de la circulation implique un tiers (en cas de collision par exemple), la seconde chose \u00e0 faire est de remplir le constat amiable \ud83d\udcc3. Cette \u00e9tape est cruciale. Le constat amiable sert, en effet, \u00e0 d\u00e9finir les responsabilit\u00e9s de chacun. Sans lui, votre assurance auto ne vous indemnise pas.<\/p>\n\n\n\n<p>Dans le cas d\u2019un&nbsp;<strong><a href=\"https:\/\/leocare.eu\/fr\/assurance-auto-en-ligne\/sinistre\/declaration\/accident\/types\/seul\/\">accident de voiture seul<\/a><\/strong>, l\u2019indemnisation&nbsp;des&nbsp;dommages mat\u00e9riels&nbsp;et des&nbsp;dommages&nbsp;corporels d\u00e9pend des&nbsp;circonstances&nbsp;et du contrat souscrit aupr\u00e8s de votre&nbsp;compagnie. Un&nbsp;accident&nbsp;de ce type peut engendrer un&nbsp;malus&nbsp;sur votre prime d\u2019assurance.<\/p>\n\n\n\n<h3 class=\"wp-block-heading\"><strong>Avertir l\u2019assurance<\/strong><\/h3>\n\n\n\n<p>En principe, vous avez 5 jours, \u00e0 compter de la date de l\u2019\u00e9v\u00e9nement, pour d\u00e9clarer le sinistre \u00e0 votre assurance. Chez Leocare, ce d\u00e9lai est de 8 jours \ud83d\udc4f.<\/p>\n\n\n\n<p>Il est important de&nbsp;<strong><a href=\"https:\/\/leocare.eu\/fr\/assurance-auto-en-ligne\/sinistre\/declaration\/\">d\u00e9clarer un sinistre auto \u00e0 son assurance<\/a><\/strong>&nbsp;dans les d\u00e9lais r\u00e9glementaires. Le constat amiable doit d\u00e9crire les&nbsp;circonstances de l\u2019accident&nbsp;et identifier les&nbsp;dommages. En cas de litige avec d\u2019autres&nbsp;conducteurs, sollicitez la police ou la&nbsp;gendarmerie. Si vous ne respectez pas les r\u00e8gles, les&nbsp;cons\u00e9quences&nbsp;peuvent \u00eatre douloureuses (en plus d\u2019un \u00e9ventuel&nbsp;malus) : votre compagnie peut vous signifier un&nbsp;refus&nbsp;d\u2019indemnisation&nbsp;!<\/p>\n\n\n\n<p>Leocare, c\u2019est aussi des d\u00e9marches simplifi\u00e9es. D\u00e9clarez votre sinistre en quelques coups de pouce, depuis notre app ! Le plus ? Vous pouvez m\u00eame y adapter vos diff\u00e9rentes offres (auto, mais aussi moto, habitation et smartphone). Parce que vous n\u2019\u00eates pas \u00e0 l\u2019abri d\u2019un changement dans votre mode de vie. Et \u00e7a, Leocare l\u2019a bien compris \ud83d\ude09 !<\/p>\n\n\n\n<h2 class=\"wp-block-heading\" id=\"section-3-quelle-indemnisation-envisager-\"><strong>Quelle indemnisation envisager ?<\/strong><\/h2>\n\n\n\n<p>L\u2019assurance minimum obligatoire est l\u2019assurance au tiers. Celle-ci couvre, comme son nom l\u2019indique, uniquement les pr\u00e9judices caus\u00e9s aux autres automobilistes et v\u00e9hicules. Elle comprend aussi une garantie \u00ab D\u00e9fense P\u00e9nale et Recours Suite \u00e0 un Accident \u00bb (DPRSA), vous permettant une prise en charge de vos frais de justice \u00e0 hauteur de 5 000 \u20ac maximum.<\/p>\n\n\n\n<p>Au tiers, l\u2019assurance auto Leocare propose, en option :<\/p>\n\n\n\n<ul class=\"wp-block-list\">\n<li>Une assistance 0 km.<\/li>\n\n\n\n<li>Une garantie corporelle du conducteur.<\/li>\n\n\n\n<li>Le remorquage du v\u00e9hicule jusqu\u2019\u00e0 750 kg.<\/li>\n<\/ul>\n\n\n\n<p>Avec une assurance au tiers plus, en plus des garanties de la formule au tiers simple, vous \u00eates indemnis\u00e9 sur les d\u00e9g\u00e2ts subis par votre propre v\u00e9hicule. \u00c0 condition, cependant, que votre responsabilit\u00e9 dans ne soit pas engag\u00e9e. Chez Leocare, la prise en charge s\u2019applique aussi sur le bris de glace, l\u2019incendie et l\u2019explosion.<\/p>\n\n\n\n<p>Enfin, avec une assurance tous risques, en plus des garanties de la formule au tiers plus, vous b\u00e9n\u00e9ficiez de la garantie \u00ab dommages tous accidents \u00bb. Cela change tout, puisque m\u00eame en cas de sinistre responsable, vous \u00eates couvert. Seule la franchise reste \u00e0 votre charge.<\/p>\n\n\n\n<p>L\u2019indemnisation&nbsp;des&nbsp;<strong><a href=\"https:\/\/leocare.eu\/fr\/assurance-auto-en-ligne\/couverture\/garanties\/complementaires\/dommages-corporels\/\">dommages corporels<\/a><\/strong>&nbsp;lors d\u2019un&nbsp;accident de la circulation&nbsp;est garantie par la loi Badinter. En cas de tiers non identifi\u00e9, c\u2019est le FGAO qui assure la prise en charge des&nbsp;dommages mat\u00e9riels&nbsp;ou du pr\u00e9judice corporel de la&nbsp;victime de l\u2019accident. Cette loi Badinter vise \u00e0 prot\u00e9ger les victimes.<\/p>\n\n\n\n<p>Pour&nbsp;<strong><a href=\"https:\/\/leocare.eu\/fr\/assurance-auto-en-ligne\/sinistre\/indemnisation\/remboursement\/\">vous faire rembourser par votre assurance auto<\/a><\/strong>, vous devez avoir respect\u00e9 les r\u00e8gles (d\u00e9lai de d\u00e9claration, constat amiable d\u00e9crivant les&nbsp;circonstances&nbsp;de l\u2019accident, etc.). Votre&nbsp;compagnie&nbsp;\u00e9valuera les&nbsp;dommages&nbsp;et vous proposera une&nbsp;indemnisation&nbsp;en fonction des garanties de votre contrat. En cas d\u2019accident responsable, vous vous verrez imputer un&nbsp;malus.<\/p>\n\n\n\n<p>L\u2019<strong><a href=\"https:\/\/leocare.eu\/fr\/assurance-auto-en-ligne\/sinistre\/declaration\/accident\/types\/tiers-non-identifie\/animal-sauvage\/\">accident avec un animal sauvage<\/a><\/strong>&nbsp;est un&nbsp;accident de la route&nbsp;plus fr\u00e9quent qu\u2019on ne le croit selon la&nbsp;gendarmerie. Ce type de&nbsp;collision&nbsp;occasionne g\u00e9n\u00e9ralement des&nbsp;dommages mat\u00e9riels&nbsp;tr\u00e8s importants, et h\u00e9las, souvent des dommages corporels. L\u2019indemnisation&nbsp;est assur\u00e9e par le FGAO ou par votre compagnie d\u2019assurance, aux conditions pr\u00e9vues par votre contrat. Selon les circonstances, un&nbsp;malus&nbsp;peut vous \u00eatre imput\u00e9.<\/p>\n\n\n\n<h2 class=\"wp-block-heading\" id=\"section-4-quelles-sont-les-consquences-sur-mon-assurance-auto-\"><strong>Quelles sont les cons\u00e9quences sur mon assurance auto ?<\/strong><\/h2>\n\n\n\n<p>Si vous \u00eates responsable, m\u00eame partiellement, votre assurance peut appliquer une majoration sur votre prime d\u2019assurance. R\u00e9sultat ? Une augmentation du montant de votre cotisation \ud83d\udcb8. Suivant les circonstances (exemple : conduite en \u00e9tat d\u2019ivresse), votre assurance peut aussi se r\u00e9server le droit de r\u00e9silier votre contrat.<\/p>\n\n\n\n<p>En cas d\u2019<strong><a href=\"https:\/\/leocare.eu\/fr\/assurance-auto-en-ligne\/sinistre\/indemnisation\/franchise\/accident-non-responsable\/\">accident non responsable<\/a><\/strong>&nbsp;(lors d\u2019une&nbsp;collision&nbsp;par exemple), les&nbsp;conducteurs&nbsp;ne risquent pas de&nbsp;malus, mais la&nbsp;compagnie d\u2019assurance&nbsp;peut imposer une franchise \u00e0 la&nbsp;victime de l\u2019accident. Cela signifie qu\u2019une somme fixe sera d\u00e9duite du montant de l\u2019indemnisation&nbsp;des&nbsp;dommages mat\u00e9riels.<\/p>\n\n\n\n<p>\u00c0 la recherche d\u2019une assurance auto simple et transparente ? Pensez Leocare ! En quelques minutes, depuis notre site web ou notre app, obtenez un devis personnalis\u00e9 au meilleur rapport protection-prix et voyez la diff\u00e9rence !<\/p>\n","protected":false},"excerpt":{"rendered":"<p>L\u2019accident de voiture \ud83d\udea8, qu\u2019il implique un tiers ou pas, est un \u00e9v\u00e9nement malheureux. Fort heureusement, il est couvert par votre assurance auto. Tr\u00e8s bien, mais dans quelles proportions&nbsp;? Leocare, la n\u00e9o-assurance qui prend soin de vous, fait toute la lumi\u00e8re sur ce sinistre particulier et sa prise en charge\ud83d\udca1. Distinguer l\u2019accident de la route [&hellip;]<\/p>\n","protected":false},"author":34,"featured_media":9919,"parent":10399,"menu_order":0,"comment_status":"closed","ping_status":"closed","template":"template_seo.php","meta":{"_acf_changed":false,"footnotes":""},"class_list":["post-10425","page","type-page","status-publish","has-post-thumbnail","hentry"],"acf":[],"yoast_head":"<!-- This site is optimized with the Yoast SEO plugin v27.3 - https:\/\/yoast.com\/product\/yoast-seo-wordpress\/ -->\n<title>Accident de voiture : d\u00e9finition et d\u00e9marches<\/title>\n<meta name=\"description\" content=\"D\u00e9couvrez les d\u00e9marches et la responsabilit\u00e9 en cas d&#039;accident de voiture. Prenez les bonnes d\u00e9cisions pour \u00e9viter les complications.\" \/>\n<meta name=\"robots\" content=\"index, follow, max-snippet:-1, max-image-preview:large, max-video-preview:-1\" \/>\n<link rel=\"canonical\" href=\"https:\/\/leocare.eu\/fr\/assurance-auto-en-ligne\/sinistre\/types\/accident\/\" \/>\n<meta property=\"og:locale\" content=\"fr_FR\" \/>\n<meta property=\"og:type\" content=\"article\" \/>\n<meta property=\"og:title\" content=\"Accident de voiture : d\u00e9finition et d\u00e9marches\" \/>\n<meta property=\"og:description\" content=\"D\u00e9couvrez les d\u00e9marches et la responsabilit\u00e9 en cas d&#039;accident de voiture. Prenez les bonnes d\u00e9cisions pour \u00e9viter les complications.\" \/>\n<meta property=\"og:url\" content=\"https:\/\/leocare.eu\/fr\/assurance-auto-en-ligne\/sinistre\/types\/accident\/\" \/>\n<meta property=\"og:site_name\" content=\"Leocare, assurance en ligne automobile et habitation\" \/>\n<meta property=\"article:modified_time\" content=\"2026-04-07T14:50:23+00:00\" \/>\n<meta property=\"og:image\" content=\"https:\/\/leocare.eu\/fr\/wp-content\/uploads\/2022\/12\/Accident-de-voiture.jpg\" \/>\n\t<meta property=\"og:image:width\" content=\"1800\" \/>\n\t<meta property=\"og:image:height\" content=\"1200\" \/>\n\t<meta property=\"og:image:type\" content=\"image\/jpeg\" \/>\n<meta name=\"twitter:card\" content=\"summary_large_image\" \/>\n<meta name=\"twitter:label1\" content=\"Est. reading time\" \/>\n\t<meta name=\"twitter:data1\" content=\"7 minutes\" \/>\n<!-- \/ Yoast SEO plugin. -->","yoast_head_json":{"title":"Accident de voiture : d\u00e9finition et d\u00e9marches","description":"D\u00e9couvrez les d\u00e9marches et la responsabilit\u00e9 en cas d'accident de voiture. Prenez les bonnes d\u00e9cisions pour \u00e9viter les complications.","robots":{"index":"index","follow":"follow","max-snippet":"max-snippet:-1","max-image-preview":"max-image-preview:large","max-video-preview":"max-video-preview:-1"},"canonical":"https:\/\/leocare.eu\/fr\/assurance-auto-en-ligne\/sinistre\/types\/accident\/","og_locale":"fr_FR","og_type":"article","og_title":"Accident de voiture : d\u00e9finition et d\u00e9marches","og_description":"D\u00e9couvrez les d\u00e9marches et la responsabilit\u00e9 en cas d'accident de voiture. Prenez les bonnes d\u00e9cisions pour \u00e9viter les complications.","og_url":"https:\/\/leocare.eu\/fr\/assurance-auto-en-ligne\/sinistre\/types\/accident\/","og_site_name":"Leocare, assurance en ligne automobile et habitation","article_modified_time":"2026-04-07T14:50:23+00:00","og_image":[{"width":1800,"height":1200,"url":"https:\/\/leocare.eu\/fr\/wp-content\/uploads\/2022\/12\/Accident-de-voiture.jpg","type":"image\/jpeg"}],"twitter_card":"summary_large_image","twitter_misc":{"Est. reading time":"7 minutes"},"schema":{"@context":"https:\/\/schema.org","@graph":[{"@type":"WebPage","@id":"https:\/\/leocare.eu\/fr\/assurance-auto-en-ligne\/sinistre\/types\/accident\/","url":"https:\/\/leocare.eu\/fr\/assurance-auto-en-ligne\/sinistre\/types\/accident\/","name":"Accident de voiture : d\u00e9finition et d\u00e9marches","isPartOf":{"@id":"https:\/\/leocare.eu\/fr\/#website"},"primaryImageOfPage":{"@id":"https:\/\/leocare.eu\/fr\/assurance-auto-en-ligne\/sinistre\/types\/accident\/#primaryimage"},"image":{"@id":"https:\/\/leocare.eu\/fr\/assurance-auto-en-ligne\/sinistre\/types\/accident\/#primaryimage"},"thumbnailUrl":"https:\/\/leocare.eu\/fr\/wp-content\/uploads\/2022\/12\/Accident-de-voiture.jpg","datePublished":"2022-12-29T08:29:52+00:00","dateModified":"2026-04-07T14:50:23+00:00","description":"D\u00e9couvrez les d\u00e9marches et la responsabilit\u00e9 en cas d'accident de voiture. Prenez les bonnes d\u00e9cisions pour \u00e9viter les complications.","breadcrumb":{"@id":"https:\/\/leocare.eu\/fr\/assurance-auto-en-ligne\/sinistre\/types\/accident\/#breadcrumb"},"inLanguage":"fr-FR","potentialAction":[{"@type":"ReadAction","target":["https:\/\/leocare.eu\/fr\/assurance-auto-en-ligne\/sinistre\/types\/accident\/"]}]},{"@type":"ImageObject","inLanguage":"fr-FR","@id":"https:\/\/leocare.eu\/fr\/assurance-auto-en-ligne\/sinistre\/types\/accident\/#primaryimage","url":"https:\/\/leocare.eu\/fr\/wp-content\/uploads\/2022\/12\/Accident-de-voiture.jpg","contentUrl":"https:\/\/leocare.eu\/fr\/wp-content\/uploads\/2022\/12\/Accident-de-voiture.jpg","width":1800,"height":1200,"caption":"D\u00e9marches Accident Auto"},{"@type":"WebSite","@id":"https:\/\/leocare.eu\/fr\/#website","url":"https:\/\/leocare.eu\/fr\/","name":"Leocare, assurance en ligne automobile et habitation","description":"enfin (r)assur\u00e9.e","publisher":{"@id":"https:\/\/leocare.eu\/fr\/#organization"},"potentialAction":[{"@type":"SearchAction","target":{"@type":"EntryPoint","urlTemplate":"https:\/\/leocare.eu\/fr\/?s={search_term_string}"},"query-input":{"@type":"PropertyValueSpecification","valueRequired":true,"valueName":"search_term_string"}}],"inLanguage":"fr-FR"},{"@type":"Organization","@id":"https:\/\/leocare.eu\/fr\/#organization","name":"Leocare, assurance en ligne automobile et habitation","url":"https:\/\/leocare.eu\/fr\/","logo":{"@type":"ImageObject","inLanguage":"fr-FR","@id":"https:\/\/leocare.eu\/fr\/#\/schema\/logo\/image\/","url":"https:\/\/leocare.eu\/fr\/wp-content\/uploads\/2020\/03\/logo-leocare.svg","contentUrl":"https:\/\/leocare.eu\/fr\/wp-content\/uploads\/2020\/03\/logo-leocare.svg","caption":"Leocare, assurance en ligne automobile et habitation"},"image":{"@id":"https:\/\/leocare.eu\/fr\/#\/schema\/logo\/image\/"}}]}},"_links":{"self":[{"href":"https:\/\/leocare.eu\/fr\/wp-json\/wp\/v2\/pages\/10425","targetHints":{"allow":["GET"]}}],"collection":[{"href":"https:\/\/leocare.eu\/fr\/wp-json\/wp\/v2\/pages"}],"about":[{"href":"https:\/\/leocare.eu\/fr\/wp-json\/wp\/v2\/types\/page"}],"author":[{"embeddable":true,"href":"https:\/\/leocare.eu\/fr\/wp-json\/wp\/v2\/users\/34"}],"replies":[{"embeddable":true,"href":"https:\/\/leocare.eu\/fr\/wp-json\/wp\/v2\/comments?post=10425"}],"version-history":[{"count":26,"href":"https:\/\/leocare.eu\/fr\/wp-json\/wp\/v2\/pages\/10425\/revisions"}],"predecessor-version":[{"id":37288,"href":"https:\/\/leocare.eu\/fr\/wp-json\/wp\/v2\/pages\/10425\/revisions\/37288"}],"up":[{"embeddable":true,"href":"https:\/\/leocare.eu\/fr\/wp-json\/wp\/v2\/pages\/10399"}],"wp:featuredmedia":[{"embeddable":true,"href":"https:\/\/leocare.eu\/fr\/wp-json\/wp\/v2\/media\/9919"}],"wp:attachment":[{"href":"https:\/\/leocare.eu\/fr\/wp-json\/wp\/v2\/media?parent=10425"}],"curies":[{"name":"wp","href":"https:\/\/api.w.org\/{rel}","templated":true}]}}