{"id":10399,"date":"2022-12-28T17:32:59","date_gmt":"2022-12-28T16:32:59","guid":{"rendered":"https:\/\/leocare.eu\/fr\/?page_id=10399"},"modified":"2026-04-07T16:32:39","modified_gmt":"2026-04-07T14:32:39","slug":"types","status":"publish","type":"page","link":"https:\/\/leocare.eu\/fr\/assurance-auto-en-ligne\/sinistre\/types\/","title":{"rendered":"Quels sont les types de sinistres en assurance auto ?"},"content":{"rendered":"\n<p><b>Vous conduisez tr\u00e8s bien, et loin de nous l\u2019id\u00e9e d\u2019en douter. Mais que cela vous rassure ou pas, un accident, responsable ou subi, peut arriver m\u00eame aux excellents conducteurs. Un coup de fatigue, une petite inattention, une route que l\u2019on conna\u00eet moins\u2026 les raisons sont diverses et vari\u00e9es. Vous pouvez \u00eatre confront\u00e9 \u00e0 diff\u00e9rents types de sinistres. Quelles sont les cons\u00e9quences sur votre contrat&nbsp;? Le point avec Leocare<\/b><span style=\"font-weight: 400;\">.<\/span><\/p>\n\n\n\n<h2 class=\"wp-block-heading\" id=\"section-1-les-types-de-sinistres-auto\"><strong>Les types de sinistres auto<\/strong><\/h2>\n\n\n\n<p>Un sinistre en assurance auto peut prendre de nombreuses formes. Plut\u00f4t que de citer tous les types de sinistres auto (ce qui serait tr\u00e8s long, sans parler d\u2019\u00eatre enthousiasmant), on vous propose une version condens\u00e9e, regroupant les plus fr\u00e9quents.<\/p>\n\n\n\n<h3 class=\"wp-block-heading\"><strong>L\u2019accident<\/strong><\/h3>\n\n\n\n<p><strong><a href=\"https:\/\/leocare.eu\/fr\/assurance-auto-en-ligne\/sinistre\/types\/accident\/\">Un accident de voiture<\/a><\/strong>&nbsp;peut se produire :<\/p>\n\n\n\n<ul class=\"wp-block-list\">\n<li>Seul (collision contre un mur ou un obstacle sur la route, avec un animal sauvage, etc.).<\/li>\n\n\n\n<li>Ou avec un tiers (pi\u00e9ton, cycliste, autre automobiliste).<\/li>\n<\/ul>\n\n\n\n<div class=\"bon-a-savoir\">\n\n\n\n<p>Bon \u00e0 savoir : Pas d\u2019obligation \u00e0 signer le constat amiable<\/p>\n\n\n\n<p>Vous n\u2019approuvez pas le constat \u00e9tabli par la personne avec qui vous avez eu l\u2019accident ? Ne signez rien ! Vous pouvez parfaitement compl\u00e9ter le document tranquillement chez vous et transmettre cette version \u00e0 votre assureur.<br>Ces risques sont couverts chez Leocare par les garanties dommages-collision et dommages tous accidents de la formule tous risques.<\/p>\n\n\n\n<\/div>\n\n\n\n<h3 class=\"wp-block-heading\"><strong>La panne<\/strong><\/h3>\n\n\n\n<p>Autre \u00ab grand classique \u00bb,&nbsp;<strong><a href=\"https:\/\/leocare.eu\/fr\/assurance-auto-en-ligne\/sinistre\/types\/panne\/\">la panne de voiture<\/a><\/strong>&nbsp;peut \u00eatre li\u00e9e \u00e0 une d\u00e9faillance m\u00e9canique, \u00e9lectronique ou encore \u00e9lectrique. Batterie \u00e0 plat, pneus crev\u00e9s, alternateur en rade, fils sectionn\u00e9s par un animal comme une martre ou un rat\u2026 Comme vous le voyez, une panne peut avoir des origines multiples.<\/p>\n\n\n\n<p>Les pannes sont prises en charge par Leocare via l\u2019assistance 0 km, incluant pour toutes les formules (tiers, tiers plus, tous risques) :<\/p>\n\n\n\n<ul class=\"wp-block-list\">\n<li>Le d\u00e9pannage et remorquage du v\u00e9hicule.<\/li>\n\n\n\n<li>Le transport et l\u2019h\u00e9bergement.<\/li>\n\n\n\n<li>Le rapatriement.<\/li>\n\n\n\n<li>La mise \u00e0 disposition d\u2019un v\u00e9hicule de remplacement.<\/li>\n\n\n\n<li>La prise en charge du stage de s\u00e9curit\u00e9 routi\u00e8re.<\/li>\n<\/ul>\n\n\n\n<p><a href=\"https:\/\/leocare.eu\/fr\/assurance-auto-en-ligne\/couverture\/assistance-auto\/\"><strong>Souscrire une assistance auto<\/strong><\/a>, c\u2019est b\u00e9n\u00e9ficier d\u2019une garantie z\u00e9ro tracas en cas d\u2019accident&nbsp;ou de panne. L\u2019assistance auto peut prendre en charge le d\u00e9pannage d\u2019urgence de votre v\u00e9hicule et le pr\u00eat d\u2019un v\u00e9hicule de courtoisie pendant la r\u00e9paration des&nbsp;dommages. Selon les&nbsp;assurances, vous pouvez b\u00e9n\u00e9ficier de prestations suppl\u00e9mentaires (soutien mat\u00e9riel ou m\u00e9dical). Prenez connaissance des&nbsp;situations&nbsp;de prise en charge d\u00e9finies par votre&nbsp;&nbsp;compagnie&nbsp;d\u2019assurance automobile. Et v\u00e9rifiez les&nbsp;exclusions&nbsp;de garantie.<\/p>\n\n\n\n<h3 class=\"wp-block-heading\"><strong>L\u2019erreur de carburant<\/strong><\/h3>\n\n\n\n<p>Apr\u00e8s avoir fait le plein, vous vous rendez compte que vous avez commis&nbsp;<strong><a href=\"https:\/\/leocare.eu\/fr\/assurance-auto-en-ligne\/sinistre\/types\/erreur-essence\/\">une erreur de carburant<\/a><\/strong>\u2026 Et l\u00e0, c\u2019est le drame ! Mettre de l\u2019essence \u00e0 la place du diesel dans son r\u00e9servoir peut endommager le moteur, et en particulier la pompe \u00e0 injection. Autant dire que c\u2019est loin d\u2019\u00eatre anodin. L\u2019inverse est moins dommageable, mais dans les deux cas, il est imp\u00e9ratif d\u2019effectuer une vidange chez un professionnel.<\/p>\n\n\n\n<p>Avec la prestation d\u2019assistance Leocare, b\u00e9n\u00e9ficiez d\u2019une prise en charge de vos frais de remorquage, de d\u00e9pannage, et m\u00eame de vidange.<\/p>\n\n\n\n<h3 class=\"wp-block-heading\"><strong>L\u2019incendie<\/strong><\/h3>\n\n\n\n<p>L\u2019<a href=\"https:\/\/leocare.eu\/fr\/assurance-auto-en-ligne\/sinistre\/types\/voiture-incendiee\/\"><strong>incendie<\/strong><\/a>&nbsp;peut \u00eatre d\u2019origine criminelle ou autre. Dans le second cas, les causes peuvent \u00eatre diverses : surchauffe du moteur, fuite au niveau du syst\u00e8me d\u2019injection, anomalie \u00e9lectrique\u2026<\/p>\n\n\n\n<p>S\u2019il est criminel, sachez que la garantie incendie ne joue qu\u2019\u00e0 partir du moment o\u00f9 vous d\u00e9posez plainte.<\/p>\n\n\n\n<p>Chez Leocare, avec une formule tous risques ou tiers+, vous \u00eates indemnis\u00e9 si votre v\u00e9hicule est d\u00e9truit ou endommag\u00e9 par le feu.<\/p>\n\n\n\n<h3 class=\"wp-block-heading\"><strong>Le bris de glace<\/strong><\/h3>\n\n\n\n<p><strong><a href=\"https:\/\/leocare.eu\/fr\/assurance-auto-en-ligne\/sinistre\/\">Les sinistres auto<\/a><\/strong>&nbsp;occasionnant un impact sur&nbsp;<strong><a href=\"https:\/\/leocare.eu\/fr\/assurance-auto-en-ligne\/sinistre\/types\/pare-brise-fissure\/\">le pare-brise<\/a><\/strong>&nbsp;ou&nbsp;<strong><a href=\"https:\/\/leocare.eu\/fr\/assurance-auto-en-ligne\/sinistre\/types\/vitres-cassees\/\">une vitre cass\u00e9e<\/a><\/strong>&nbsp;sont en principe couverts par la garantie bris de glace. Sauf, bien s\u00fbr, si les d\u00e9g\u00e2ts r\u00e9sultent d\u2019un vol ou d\u2019une tentative de vol. Dans ce cas, c\u2019est la garantie vol qui entre en action.<\/p>\n\n\n\n<p>Chez Leocare, la garantie bris de glace est incluse dans les formules interm\u00e9diaires et tous risques. Elle couvre les \u00e9l\u00e9ments suivants :<\/p>\n\n\n\n<ul class=\"wp-block-list\">\n<li>Pare-brise.<\/li>\n\n\n\n<li>Lunette arri\u00e8re.<\/li>\n\n\n\n<li>Vitres lat\u00e9rales.<\/li>\n\n\n\n<li>Optiques de phares avant.<\/li>\n\n\n\n<li>Toit vitr\u00e9 fixe.<\/li>\n<\/ul>\n\n\n\n<section class=\"wp-block-leocare-bon-a-savoir leocare-bas\"><div class=\"leocare-bas__head\"><img decoding=\"async\" class=\"leocare-bas__icon\" src=\"https:\/\/leocare.eu\/fr\/wp-content\/themes\/leocare-new\/assets\/img\/icon-alert-purple.svg\" alt=\"icon alerte\"\/><h3 class=\"leocare-bas__title\">Bon \u00e0 savoir<\/h3><\/div><div class=\"leocare-bas__content\">\n<p>Votre voiture a \u00e9t\u00e9 vol\u00e9e ? Si <a href=\"https:\/\/leocare.eu\/fr\/assurance-auto-en-ligne\/couverture\/contrat\/releve-information\/malus\/vol-de-voiture\/\">l&rsquo;assurance en cas de vol de voiture<\/a> est activ\u00e9e, <strong>vous \u00eates couverts et cerise sur le g\u00e2teau : il n\u2019y a pas d\u2019impact sur votre coefficient bonus-malus.<\/strong><\/p>\n<\/div><\/section>\n\n\n\n<h3 class=\"wp-block-heading\"><strong>La perte des cl\u00e9s<\/strong><\/h3>\n\n\n\n<p>Ah,&nbsp;<strong><a href=\"https:\/\/leocare.eu\/fr\/assurance-auto-en-ligne\/sinistre\/types\/cles-voiture-perdues\/\">la perte des clefs<\/a><\/strong>, la hantise de tous les conducteurs ! Entre le remorquage \u00e9ventuel du v\u00e9hicule et le co\u00fbt de reproduction du jeu de clefs, la facture est souvent sal\u00e9e. Sans compter les d\u00e9sagr\u00e9ments li\u00e9s \u00e0 l\u2019immobilisation du v\u00e9hicule\u2026<\/p>\n\n\n\n<p>Le vol, la perte et l\u2019enfermement des clefs ne sont pas couverts par tous les assureurs. Chez Leocare, si !<\/p>\n\n\n\n<h3 class=\"wp-block-heading\"><strong>Les rayures<\/strong><\/h3>\n\n\n\n<p>D\u2019origine accidentelles ou caus\u00e9es par un acte de malveillance, les&nbsp;<strong><a href=\"https:\/\/leocare.eu\/fr\/assurance-auto-en-ligne\/sinistre\/types\/voiture-rayee\/\">rayures sur la carrosserie<\/a><\/strong>&nbsp;co\u00fbtent, elles aussi, cher en r\u00e9paration. Bonne nouvelle : si vous \u00eates responsable et que vous avez une assurance tous risques, alors vous \u00eates couvert.<\/p>\n\n\n\n<p>Chez Leocare, ce sinistre entre dans le cadre de la garantie dommages tous accidents.<\/p>\n\n\n\n<h2 class=\"wp-block-heading\" id=\"section-2-limpact-sur-lassurance-auto\"><strong>L\u2019impact sur l\u2019assurance auto<\/strong><\/h2>\n\n\n\n<p>Les sinistres auto peuvent entra\u00eener des cons\u00e9quences plus ou moins lourdes. Cela va de l\u2019augmentation de votre prime \u00e0 la r\u00e9siliation pure et simple de votre contrat d\u2019assurance auto, en passant par une majoration du coefficient de bonus-malus.<\/p>\n\n\n\n<p>En cas de&nbsp;dommages&nbsp;lors d\u2019une&nbsp;collision, les&nbsp;assurances&nbsp;des&nbsp;conducteurs&nbsp;impliqu\u00e9s d\u00e9terminent la responsabilit\u00e9 de chacun.&nbsp;<strong><a href=\"https:\/\/leocare.eu\/fr\/assurance-auto-en-ligne\/sinistre\/indemnisation\/franchise\/accident-non-responsable\/\">En cas d\u2019accident non responsable<\/a><\/strong>, il n\u2019y aura aucun impact sur votre&nbsp;malus. L\u2019indemnisation&nbsp;des&nbsp;dommages corporels&nbsp;et mat\u00e9riels est \u00e0 la charge de la&nbsp;compagnie d\u2019assurance automobile&nbsp;du conducteur responsable.&nbsp;<\/p>\n\n\n\n<p>Lors d\u2019un&nbsp;accident, vous devez<strong><a href=\"https:\/\/leocare.eu\/fr\/assurance-auto-en-ligne\/sinistre\/declaration\/\">&nbsp;d\u00e9clarer un sinistre<\/a><\/strong>&nbsp;couvert par votre&nbsp;compagnie&nbsp;d\u2019assurance. C\u2019est une obligation du Code des&nbsp;assurances. Sauf vol ou catastrophe naturelle, les&nbsp;conducteurs&nbsp;disposent de 5 jours pour d\u00e9clarer un sinistre (collision, bris de glace). Avec votre lettre de d\u00e9claration, vous devez fournir \u00e0 votre assurance auto le constat amiable : ce dernier d\u00e9crit les&nbsp;circonstances&nbsp;de l\u2019accident. Ces informations sont n\u00e9cessaires pour d\u00e9terminer l\u2019indemnisation&nbsp;des&nbsp;dommages&nbsp;subis. Quelles sont les&nbsp;cons\u00e9quences&nbsp;pour vous ? En fonction de votre responsabilit\u00e9, un&nbsp;malus&nbsp;pourra vous \u00eatre appliqu\u00e9. Dans les cas les plus graves (ivresse au volant, conduite sans permis), votre assurance peut r\u00e9silier votre contrat.<\/p>\n\n\n\n<h2 class=\"wp-block-heading\" id=\"section-3-quelle-indemnisation-en-cas-de-sinistre-\"><strong>Quelle indemnisation en cas de sinistre ?<\/strong><\/h2>\n\n\n\n<p>Suivant les circonstances et\/ou la formule d\u2019assurance auto (assurance tous risques, au tiers, etc.), certains sinistres peuvent ne pas \u00eatre reconnus par votre assurance auto. Un incendie provoqu\u00e9 par un mauvais entretien du v\u00e9hicule n\u2019est pas pris en charge, par exemple. Pour les sinistres indemnis\u00e9s, une franchise auto peut s\u2019appliquer. C\u2019est notamment le cas pour le bris de glace.<\/p>\n\n\n\n<p>Selon les&nbsp;compagnies&nbsp;d\u2019assurance automobile, il existe des clauses d\u2019exclusion de garantie. V\u00e9rifiez le d\u00e9tail de vos garanties. Les exclusions ont des&nbsp;cons\u00e9quences&nbsp;sur l\u2019indemnisation&nbsp;des&nbsp;dommages&nbsp;subis et sur votre coefficient bonus-malus. C\u2019est le cas de<strong><a href=\"https:\/\/leocare.eu\/fr\/assurance-auto-en-ligne\/couverture\/garanties\/complementaires\/pret-de-volant\/\">&nbsp;l\u2019assurance pr\u00eat de volant<\/a><\/strong>. Les&nbsp;assurances&nbsp;proposent des conditions sp\u00e9cifiques pour le pr\u00eat de v\u00e9hicule entre&nbsp;conducteurs. Le plus souvent, les&nbsp;dommages corporels&nbsp;et mat\u00e9riels subis par le conducteur du v\u00e9hicule pr\u00eat\u00e9 ne sont pas pris en charge en cas d\u2019accident&nbsp;responsable.<\/p>\n\n\n\n<p>Si vous partez en vacances avec votre v\u00e9hicule, vous devez \u00e9galement savoir&nbsp;<strong><a href=\"https:\/\/leocare.eu\/fr\/assurance-auto-en-ligne\/couverture\/garanties\/complementaires\/dommages-materiels\/equipements-auto\/coffre-de-toit\/\">comment fonctionne votre assurance auto pour votre coffre de toit<\/a><\/strong>. Que se passe-t-il en effet en cas d\u2019accident&nbsp;caus\u00e9 par votre coffre de toit ? Pour les&nbsp;dommages corporels&nbsp;et mat\u00e9riels caus\u00e9s \u00e0 d\u2019autres&nbsp;conducteurs&nbsp;ou tiers, c\u2019est la responsabilit\u00e9 civile de votre&nbsp;assurance automobile&nbsp;qui prend en charge leur&nbsp;indemnisation. En revanche, pour les&nbsp;compagnies d\u2019assurance, votre coffre de toit et son contenu ne sont pas des \u00e9quipements de s\u00e9rie d\u2019un v\u00e9hicule. Quelles que soient les&nbsp;circonstances&nbsp;de l\u2019accident, ils font partie des&nbsp;exclusions&nbsp;de garantie : les&nbsp;dommages&nbsp;ne sont pas couverts par les&nbsp;assurances&nbsp;auto classiques. Pour obtenir une indemnisation, vous devez souscrire une garantie suppl\u00e9mentaire aupr\u00e8s de votre&nbsp;compagnie. Une franchise peut s\u2019appliquer en cas de sinistre selon les&nbsp;compagnies. Et si votre responsabilit\u00e9 est reconnue, un&nbsp;malus&nbsp;pourra \u00e9galement s\u2019appliquer.<\/p>\n\n\n\n<p>Autre cas particulier : le si\u00e8ge auto ! Cet \u00e9quipement est assez on\u00e9reux. Quel est le&nbsp;<strong><a href=\"https:\/\/leocare.eu\/fr\/assurance-auto-en-ligne\/couverture\/garanties\/complementaires\/dommages-materiels\/equipements-auto\/siege-auto\/\">remboursement pour un si\u00e8ge auto<\/a><\/strong>&nbsp;en cas de vol ou d\u2019accident&nbsp;? Le si\u00e8ge auto pour enfant n\u2019est pas un \u00e9quipement de s\u00e9rie selon les&nbsp;assurances&nbsp;: il fait donc partie des&nbsp;exclusions&nbsp;de garantie. Vous devez ainsi avoir souscrit une garantie \u00e9quipements auto et accessoires pour obtenir une&nbsp;indemnisation&nbsp;en cas de vol ou de&nbsp;dommages. En cas de collision survenue \u00e0 une vitesse de plus de 10 km\/h, le si\u00e8ge auto doit \u00eatre chang\u00e9. Remplissez un constat amiable qui d\u00e9crit les&nbsp;circonstances&nbsp;de l\u2019accident. Pour le si\u00e8ge auto, remplissez la rubrique&nbsp;<em>D\u00e9gats mat\u00e9riels et autres<\/em>. Puis effectuez votre d\u00e9claration de sinistre en pr\u00e9cisant les&nbsp;dommages corporels&nbsp;et mat\u00e9riels subis. Une fois la responsabilit\u00e9 des&nbsp;conducteurs&nbsp;\u00e9tablie, un&nbsp;malus&nbsp;peut s\u2019appliquer.<\/p>\n\n\n\n<p>Enfin, la r\u00e9currence des \u00e9v\u00e9nements climatiques doit vous inciter \u00e0 consid\u00e9rer la&nbsp;<strong><a href=\"https:\/\/leocare.eu\/fr\/assurance-auto-en-ligne\/couverture\/garanties\/complementaires\/dommages-materiels\/tempete\/\">garantie temp\u00eate de votre assurance auto<\/a><\/strong>. Les&nbsp;compagnies d\u2019assurance&nbsp;incluent le plus souvent la garantie temp\u00eate dans la garantie dommages mat\u00e9riels de votre&nbsp;assurance automobile&nbsp;(v\u00e9rifiez les&nbsp;exclusions). Comme pour un&nbsp;accident&nbsp;ou une&nbsp;collision, votre&nbsp;compagnie&nbsp;d\u2019assurance auto d\u00e9clenche l\u2019indemnisation&nbsp;des&nbsp;dommages&nbsp;apr\u00e8s examen des&nbsp;circonstances&nbsp;du sinistre. Les&nbsp;situations&nbsp;m\u00e9t\u00e9o concern\u00e9es par la garantie temp\u00eate sont d\u00e9finies par les&nbsp;compagnies&nbsp;d\u2019assurance.&nbsp;<\/p>\n\n\n\n<p>Avec l\u2019appli Leocare, ne vous prenez plus la t\u00eate en cas de sinistre. D\u00e9clarez-le en quelques minutes, de l\u00e0 o\u00f9 vous \u00eates. On vous guide pour que vous n\u2019oubliiez aucune info utile. Pratique, bien s\u00fbr.<\/p>\n","protected":false},"excerpt":{"rendered":"<p>Vous conduisez tr\u00e8s bien, et loin de nous l\u2019id\u00e9e d\u2019en douter. Mais que cela vous rassure ou pas, un accident, responsable ou subi, peut arriver m\u00eame aux excellents conducteurs. Un coup de fatigue, une petite inattention, une route que l\u2019on conna\u00eet moins\u2026 les raisons sont diverses et vari\u00e9es. Vous pouvez \u00eatre confront\u00e9 \u00e0 diff\u00e9rents types [&hellip;]<\/p>\n","protected":false},"author":34,"featured_media":9834,"parent":10257,"menu_order":0,"comment_status":"closed","ping_status":"closed","template":"template_seo.php","meta":{"_acf_changed":false,"footnotes":""},"class_list":["post-10399","page","type-page","status-publish","has-post-thumbnail","hentry"],"acf":[],"yoast_head":"<!-- This site is optimized with the Yoast SEO plugin v27.3 - https:\/\/yoast.com\/product\/yoast-seo-wordpress\/ -->\n<title>Assurance auto : quels sont les diff\u00e9rents types de sinistres ?<\/title>\n<meta name=\"description\" content=\"D\u00e9couvrez les diff\u00e9rents types de sinistres en assurance auto. Informez-vous et choisissez la meilleure protection pour votre v\u00e9hicule. En savoir plus ici!\" \/>\n<meta name=\"robots\" content=\"index, follow, max-snippet:-1, max-image-preview:large, max-video-preview:-1\" \/>\n<link rel=\"canonical\" href=\"https:\/\/leocare.eu\/fr\/assurance-auto-en-ligne\/sinistre\/types\/\" \/>\n<meta property=\"og:locale\" content=\"fr_FR\" \/>\n<meta property=\"og:type\" content=\"article\" \/>\n<meta property=\"og:title\" content=\"Assurance auto : quels sont les diff\u00e9rents types de sinistres ?\" \/>\n<meta property=\"og:description\" content=\"D\u00e9couvrez les diff\u00e9rents types de sinistres en assurance auto. Informez-vous et choisissez la meilleure protection pour votre v\u00e9hicule. En savoir plus ici!\" \/>\n<meta property=\"og:url\" content=\"https:\/\/leocare.eu\/fr\/assurance-auto-en-ligne\/sinistre\/types\/\" \/>\n<meta property=\"og:site_name\" content=\"Leocare, assurance en ligne automobile et habitation\" \/>\n<meta property=\"article:modified_time\" content=\"2026-04-07T14:32:39+00:00\" \/>\n<meta property=\"og:image\" content=\"https:\/\/leocare.eu\/fr\/wp-content\/uploads\/2022\/12\/types-sinistres-auto.jpg\" \/>\n\t<meta property=\"og:image:width\" content=\"1800\" \/>\n\t<meta property=\"og:image:height\" content=\"1200\" \/>\n\t<meta property=\"og:image:type\" content=\"image\/jpeg\" \/>\n<meta name=\"twitter:card\" content=\"summary_large_image\" \/>\n<meta name=\"twitter:label1\" content=\"Dur\u00e9e de lecture estim\u00e9e\" \/>\n\t<meta name=\"twitter:data1\" content=\"9 minutes\" \/>\n<!-- \/ Yoast SEO plugin. -->","yoast_head_json":{"title":"Assurance auto : quels sont les diff\u00e9rents types de sinistres ?","description":"D\u00e9couvrez les diff\u00e9rents types de sinistres en assurance auto. Informez-vous et choisissez la meilleure protection pour votre v\u00e9hicule. En savoir plus ici!","robots":{"index":"index","follow":"follow","max-snippet":"max-snippet:-1","max-image-preview":"max-image-preview:large","max-video-preview":"max-video-preview:-1"},"canonical":"https:\/\/leocare.eu\/fr\/assurance-auto-en-ligne\/sinistre\/types\/","og_locale":"fr_FR","og_type":"article","og_title":"Assurance auto : quels sont les diff\u00e9rents types de sinistres ?","og_description":"D\u00e9couvrez les diff\u00e9rents types de sinistres en assurance auto. Informez-vous et choisissez la meilleure protection pour votre v\u00e9hicule. En savoir plus ici!","og_url":"https:\/\/leocare.eu\/fr\/assurance-auto-en-ligne\/sinistre\/types\/","og_site_name":"Leocare, assurance en ligne automobile et habitation","article_modified_time":"2026-04-07T14:32:39+00:00","og_image":[{"width":1800,"height":1200,"url":"https:\/\/leocare.eu\/fr\/wp-content\/uploads\/2022\/12\/types-sinistres-auto.jpg","type":"image\/jpeg"}],"twitter_card":"summary_large_image","twitter_misc":{"Dur\u00e9e de lecture estim\u00e9e":"9 minutes"},"schema":{"@context":"https:\/\/schema.org","@graph":[{"@type":"WebPage","@id":"https:\/\/leocare.eu\/fr\/assurance-auto-en-ligne\/sinistre\/types\/","url":"https:\/\/leocare.eu\/fr\/assurance-auto-en-ligne\/sinistre\/types\/","name":"Assurance auto : quels sont les diff\u00e9rents types de sinistres ?","isPartOf":{"@id":"https:\/\/leocare.eu\/fr\/#website"},"primaryImageOfPage":{"@id":"https:\/\/leocare.eu\/fr\/assurance-auto-en-ligne\/sinistre\/types\/#primaryimage"},"image":{"@id":"https:\/\/leocare.eu\/fr\/assurance-auto-en-ligne\/sinistre\/types\/#primaryimage"},"thumbnailUrl":"https:\/\/leocare.eu\/fr\/wp-content\/uploads\/2022\/12\/types-sinistres-auto.jpg","datePublished":"2022-12-28T16:32:59+00:00","dateModified":"2026-04-07T14:32:39+00:00","description":"D\u00e9couvrez les diff\u00e9rents types de sinistres en assurance auto. Informez-vous et choisissez la meilleure protection pour votre v\u00e9hicule. En savoir plus ici!","breadcrumb":{"@id":"https:\/\/leocare.eu\/fr\/assurance-auto-en-ligne\/sinistre\/types\/#breadcrumb"},"inLanguage":"fr-FR","potentialAction":[{"@type":"ReadAction","target":["https:\/\/leocare.eu\/fr\/assurance-auto-en-ligne\/sinistre\/types\/"]}]},{"@type":"ImageObject","inLanguage":"fr-FR","@id":"https:\/\/leocare.eu\/fr\/assurance-auto-en-ligne\/sinistre\/types\/#primaryimage","url":"https:\/\/leocare.eu\/fr\/wp-content\/uploads\/2022\/12\/types-sinistres-auto.jpg","contentUrl":"https:\/\/leocare.eu\/fr\/wp-content\/uploads\/2022\/12\/types-sinistres-auto.jpg","width":1800,"height":1200,"caption":"Sinistre Auto"},{"@type":"WebSite","@id":"https:\/\/leocare.eu\/fr\/#website","url":"https:\/\/leocare.eu\/fr\/","name":"Leocare, assurance en ligne automobile et habitation","description":"enfin (r)assur\u00e9.e","publisher":{"@id":"https:\/\/leocare.eu\/fr\/#organization"},"potentialAction":[{"@type":"SearchAction","target":{"@type":"EntryPoint","urlTemplate":"https:\/\/leocare.eu\/fr\/?s={search_term_string}"},"query-input":{"@type":"PropertyValueSpecification","valueRequired":true,"valueName":"search_term_string"}}],"inLanguage":"fr-FR"},{"@type":"Organization","@id":"https:\/\/leocare.eu\/fr\/#organization","name":"Leocare, assurance en ligne automobile et habitation","url":"https:\/\/leocare.eu\/fr\/","logo":{"@type":"ImageObject","inLanguage":"fr-FR","@id":"https:\/\/leocare.eu\/fr\/#\/schema\/logo\/image\/","url":"https:\/\/leocare.eu\/fr\/wp-content\/uploads\/2020\/03\/logo-leocare.svg","contentUrl":"https:\/\/leocare.eu\/fr\/wp-content\/uploads\/2020\/03\/logo-leocare.svg","caption":"Leocare, assurance en ligne automobile et habitation"},"image":{"@id":"https:\/\/leocare.eu\/fr\/#\/schema\/logo\/image\/"}}]}},"_links":{"self":[{"href":"https:\/\/leocare.eu\/fr\/wp-json\/wp\/v2\/pages\/10399","targetHints":{"allow":["GET"]}}],"collection":[{"href":"https:\/\/leocare.eu\/fr\/wp-json\/wp\/v2\/pages"}],"about":[{"href":"https:\/\/leocare.eu\/fr\/wp-json\/wp\/v2\/types\/page"}],"author":[{"embeddable":true,"href":"https:\/\/leocare.eu\/fr\/wp-json\/wp\/v2\/users\/34"}],"replies":[{"embeddable":true,"href":"https:\/\/leocare.eu\/fr\/wp-json\/wp\/v2\/comments?post=10399"}],"version-history":[{"count":28,"href":"https:\/\/leocare.eu\/fr\/wp-json\/wp\/v2\/pages\/10399\/revisions"}],"predecessor-version":[{"id":36590,"href":"https:\/\/leocare.eu\/fr\/wp-json\/wp\/v2\/pages\/10399\/revisions\/36590"}],"up":[{"embeddable":true,"href":"https:\/\/leocare.eu\/fr\/wp-json\/wp\/v2\/pages\/10257"}],"wp:featuredmedia":[{"embeddable":true,"href":"https:\/\/leocare.eu\/fr\/wp-json\/wp\/v2\/media\/9834"}],"wp:attachment":[{"href":"https:\/\/leocare.eu\/fr\/wp-json\/wp\/v2\/media?parent=10399"}],"curies":[{"name":"wp","href":"https:\/\/api.w.org\/{rel}","templated":true}]}}