{"id":10351,"date":"2022-12-28T16:50:21","date_gmt":"2022-12-28T15:50:21","guid":{"rendered":"https:\/\/leocare.eu\/fr\/?page_id=10351"},"modified":"2026-04-07T16:32:36","modified_gmt":"2026-04-07T14:32:36","slug":"sans-justificatif","status":"publish","type":"page","link":"https:\/\/leocare.eu\/fr\/assurance-auto-en-ligne\/devis\/sans-justificatif\/","title":{"rendered":"Assurance auto sans justificatif\u00a0: est-ce possible\u00a0?"},"content":{"rendered":"\n<p><b>Vous avez besoin d\u2019une assurance auto&nbsp;rapidement, et vous souhaitez savoir s\u2019il est possible d\u2019en souscrire une sans justificatif&nbsp;? Voici ce qu\u2019il faut savoir pour assurer votre v\u00e9hicule l\u00e9galement et sereinement&nbsp;! <\/b><\/p>\n\n\n\n<h2 class=\"wp-block-heading\" id=\"section-1-peut-on-souscrire-une-assurance-auto-sans-justificatif-\"><strong>Peut-on souscrire une assurance auto sans justificatif ?<\/strong><\/h2>\n\n\n\n<p>La r\u00e9ponse est simple : il est impossible de souscrire un contrat d\u2019assurance auto sans justificatif. Vous pouvez tout \u00e0 fait&nbsp;<strong><a href=\"https:\/\/leocare.eu\/fr\/assurance-auto-en-ligne\/devis\/\">obtenir un devis d\u2019assurance auto<\/a><\/strong>&nbsp;sans fournir de documents, mais si vous souhaitez aller plus loin, le partage de justificatifs est indispensable.<\/p>\n\n\n\n<p>Dans les faits, l\u2019assureur doit \u00eatre en mesure de v\u00e9rifier l\u2019exactitude des renseignements donn\u00e9s avant de s\u2019engager et de vous assurer. De votre c\u00f4t\u00e9, vous avez tout int\u00e9r\u00eat \u00e0 fournir ces documents, sans omission et avec exactitude. \u00c0 d\u00e9faut, vous vous exposez \u00e0 la r\u00e9siliation ult\u00e9rieure de votre contrat, pour fausse d\u00e9claration. Vous risquez aussi d\u2019\u00eatre passible d\u2019une sanction p\u00e9nale. Un petit jeu avec de lourdes cons\u00e9quences !<\/p>\n\n\n\n<p id=\"ancre1\">Avec un&nbsp;comparateur, les&nbsp;conducteurs&nbsp;ont acc\u00e8s \u00e0 des offres multiples (assurance au tiers&nbsp;ou formules&nbsp;dommages tous accidents). Vous roulez en italienne ? Il est d\u00e9sormais tr\u00e8s facile d\u2019obtenir un&nbsp;<strong><a href=\"https:\/\/leocare.eu\/fr\/assurance-auto-en-ligne\/fiat\/fiat-500\/\">devis en ligne pour une assurance Fiat 500<\/a><\/strong>. Votre relev\u00e9 d\u2019information assurance (qui recense votre&nbsp;malus&nbsp;et vos&nbsp;accidents) et votre num\u00e9ro d\u2019immatriculation&nbsp;suffisent g\u00e9n\u00e9ralement.<\/p>\n\n\n\n<div class=\"bon-a-savoir\">\n\n\n\n<p>Bon \u00e0 savoir<\/p>\n\n\n\n<p>Le devis auto vous permet de conna\u00eetre le d\u00e9tail de votre future prime d\u2019assurance. N\u2019h\u00e9sitez pas \u00e0 comparer les offres comme celles propos\u00e9es par Leocare ! Nous vous proposons des formules sans acompte et des formules sans frais de dossier.<\/p>\n\n\n\n<\/div>\n\n\n\n<h2 class=\"wp-block-heading\" id=\"section-2-quels-sont-les-justificatifs-fournir-pour-souscrire-une-assu\"><strong>Quels sont les justificatifs \u00e0 fournir pour souscrire une assurance auto ?<\/strong><\/h2>\n\n\n\n<p>La souscription d\u2019une assurance auto pas ch\u00e8re sans justificatif \u00e9tant impossible, voici la liste des documents demand\u00e9s par l\u2019assureur, avant la signature d\u00e9finitive du contrat d\u2019assurance auto \ud83d\ude97:<\/p>\n\n\n\n<p><strong>Votre permis de conduire.<\/strong><\/p>\n\n\n\n<p>L\u2019assureur a besoin de conna\u00eetre votre anciennet\u00e9 de conduite, pour \u00e9valuer votre exp\u00e9rience et \u00ab le risque que vous pr\u00e9sentez \u00bb. Les permis de conduire des \u00e9ventuels conducteurs secondaires peuvent \u00e9galement \u00eatre exig\u00e9s.<\/p>\n\n\n\n<p><strong>Votre carte grise.<\/strong><\/p>\n\n\n\n<p>Ce document permet \u00e0 l\u2019assureur de v\u00e9rifier le num\u00e9ro d\u2019immatriculation de votre v\u00e9hicule et certaines de ses caract\u00e9ristiques, comme la puissance fiscale.<\/p>\n\n\n\n<p><strong>Votre relev\u00e9 d\u2019information.<\/strong><\/p>\n\n\n\n<p>Il indique vos ant\u00e9c\u00e9dents, c\u2019est-\u00e0-dire chaque accident enregistr\u00e9 dans votre contrat, au cours de ces cinq derni\u00e8res ann\u00e9es. Il mentionne \u00e9galement le bonus-malus appliqu\u00e9 lors de la derni\u00e8re \u00e9ch\u00e9ance annuelle.<\/p>\n\n\n\n<p>Souscrire une&nbsp;<strong><a href=\"https:\/\/leocare.eu\/fr\/assurance-auto-en-ligne\/couverture\/contrat\/releve-information\/malus\/\">assurance conducteur maluss\u00e9<\/a><\/strong>&nbsp;peut s\u2019av\u00e9rer difficile. La&nbsp;compagnie d\u2019assurance&nbsp;que vous sollicitez peut craindre de trop nombreux&nbsp;accidents&nbsp;\u00e0 venir. Malgr\u00e9 le&nbsp;malus&nbsp;et le surco\u00fbt de la&nbsp;cotisation, elle peut consid\u00e9rer que ces&nbsp;conducteurs&nbsp;vont lui co\u00fbter trop cher. Pourtant, en utilisant un&nbsp;comparateur, il est possible de trouver une offre, pour une&nbsp;assurance au tiers&nbsp;notamment.<\/p>\n\n\n\n<p>Si vous avez opt\u00e9 pour le pr\u00e9l\u00e8vement automatique de votre cotisation d\u2019assurance, votre Relev\u00e9 d\u2019Identit\u00e9 Bancaire (RIB) et le mandat SEPA sign\u00e9 correspondant vous sont \u00e9galement demand\u00e9s.<\/p>\n\n\n\n<p>Sur la base de l\u2019ensemble de ces \u00e9l\u00e9ments, l\u2019assureur est en mesure de confirmer \u00e0 l\u2019automobiliste le tarif remis dans le devis. Le contrat peut d\u00e9marrer en toute s\u00e9r\u00e9nit\u00e9 pour les deux parties. Vous recevrez alors votre attestation d\u2019assurance sous quelques jours. Pour aller vite, vous avez int\u00e9r\u00eat \u00e0 r\u00e9unir ces documents, en amont, surtout si vous cherchez une assurance auto imm\u00e9diate.<\/p>\n\n\n\n<div class=\"bon-a-savoir\">\n\n\n\n<p>Bon \u00e0 savoir<\/p>\n\n\n\n<p>Chez Leocare, <a href=\"https:\/\/leocare.eu\/fr\/assurance-auto-en-ligne\/couverture\/contrat\/souscription\/documents\/\">quels papiers sont n\u00e9cessaires pour changer d&rsquo;assurance<\/a> ? Ils sont au nombre de 4 :<\/p>\n\n\n\n<ul class=\"wp-block-list\">\n<li>Permis de conduire<\/li>\n\n\n\n<li>Relev\u00e9 d\u2019informations<\/li>\n\n\n\n<li>Carte grise<\/li>\n\n\n\n<li>RIB<\/li>\n<\/ul>\n\n\n\n<\/div>\n\n\n\n<p>Pour obtenir un&nbsp;<strong><a href=\"https:\/\/leocare.eu\/fr\/assurance-auto-en-ligne\/tesla\/model-3\/\">devis rapide pour une assurance Tesla Model 3<\/a><\/strong>, un&nbsp;comparateur&nbsp;d\u2019assurances&nbsp;est l\u2019outil id\u00e9al pour trouver la bonne&nbsp;compagnie. Compte-tenu de la valeur du v\u00e9hicule, mieux vaut \u00e9viter une&nbsp;assurance au tiers&nbsp;et opter pour une formule tous risques qui couvre les&nbsp;dommages&nbsp;subis par votre voiture. La prime d\u2019assurance des&nbsp;conducteurs&nbsp;avec&nbsp;malus&nbsp;sera plus \u00e9lev\u00e9e.<\/p>\n\n\n\n<h2 class=\"wp-block-heading\" id=\"section-3-quels-justificatifs-pour-quelles-garanties-\"><strong>Quels justificatifs pour quelles garanties ?<\/strong><\/h2>\n\n\n\n<p>Vous avez le choix entre plusieurs niveaux de garanties pour votre contrat automobile :<\/p>\n\n\n\n<ul class=\"wp-block-list\">\n<li><strong>La garantie responsabilit\u00e9 civile du conducteur ou au tiers<\/strong><\/li>\n<\/ul>\n\n\n\n<p>Obligatoire, elle couvre les dommages mat\u00e9riels ou corporels caus\u00e9s \u00e0 autrui par votre v\u00e9hicule. Mais pas les v\u00f4tres, qu\u2019ils soient physiques et\/ou mat\u00e9riels.<\/p>\n\n\n\n<ul class=\"wp-block-list\">\n<li><strong>La garantie au tiers + ou assurance interm\u00e9diaire<\/strong><\/li>\n<\/ul>\n\n\n\n<p>Il s\u2019agit d\u2019un contrat d\u2019assurance au tiers, auquel s\u2019ajoutent diverses garanties, que vous choisissez. Citons, par exemple, la garantie indemnisation incendie, vol, bris de glace ou encore du pr\u00eat de v\u00e9hicule, en cas de panne ou d\u2019accident.<\/p>\n\n\n\n<p>Avec un <a href=\"https:\/\/leocare.eu\/fr\/assurance-auto-en-ligne\/devis\/tarifs\/\">prix moyen d&rsquo;une assurance automobile<\/a> autour de <span class=\"change-price\">1 017<\/span> \u20ac\u00a0par an, les\u00a0assurances\u00a0ne proposent pas toutes une telle offre. Beaucoup se contentent de l\u2019assurance au tiers de la formule\u00a0dommages tous accidents. Avec un\u00a0comparateur\u00a0et le num\u00e9ro d\u2019immatriculation\u00a0de votre Golf, vous pouvez obtenir un\u00a0<strong><a href=\"https:\/\/leocare.eu\/fr\/assurance-auto-en-ligne\/volkswagen\/golf-5\/\">devis rapide pour une assurance Volkswagen Golf 5<\/a><\/strong>. Les\u00a0conducteurs\u00a0peuvent ainsi conna\u00eetre le d\u00e9tail des offres :\u00a0cotisation,\u00a0indemnisation\u00a0des\u00a0dommages\u00a0suite \u00e0 un\u00a0accident, avec\u00a0malus, etc.<\/p>\n\n\n\n<ul class=\"wp-block-list\">\n<li><strong>L\u2019assurance tous risques<\/strong><\/li>\n<\/ul>\n\n\n\n<p>C\u2019est la formule la plus compl\u00e8te. En plus de la garantie au tiers, elle vous permet d\u2019\u00eatre indemnis\u00e9 pour tous les dommages subis par votre v\u00e9hicule, que votre responsabilit\u00e9 soit engag\u00e9e ou non, dans le sinistre. C\u2019est la formule dommages tous accidents.<\/p>\n\n\n\n<p>La formule choisie (assurance au tiers&nbsp;ou&nbsp;dommages tous accidents) d\u00e9pend notamment de la valeur du v\u00e9hicule. Selon le mod\u00e8le de Golf, pour une&nbsp;<a href=\"https:\/\/leocare.eu\/fr\/assurance-auto-en-ligne\/volkswagen\/golf-7\/\">assurance Volkswagen Golf 7<\/a>, il est pr\u00e9f\u00e9rable d\u2019avoir un bon niveau de protection. Un&nbsp;comparateur&nbsp;permet de confronter les offres de plusieurs&nbsp;assurances, notamment leur politique d\u2019indemnisation. Les&nbsp;conducteurs&nbsp;avec&nbsp;malus&nbsp;doivent s\u2019attendre \u00e0 une surcote de leur&nbsp;cotisation.<\/p>\n\n\n\n<p>Quelle que soit la formule choisie, les justificatifs demand\u00e9s sont les m\u00eames pour tous ! Vous pouvez utiliser un comparateur d\u2019assurance pour trouver la formule la plus adapt\u00e9e \u00e0 vos besoins.<\/p>\n\n\n\n<div class=\"bon-a-savoir\">\n\n\n\n<p>Bon \u00e0 savoir :<\/p>\n\n\n\n<p>Certains assureurs d\u00e9livrent \u00e0 leurs clients une attestation provisoire dans l\u2019attente des documents justificatifs. Cette option permet d\u2019<a href=\"https:\/\/leocare.eu\/fr\/assurance-auto-en-ligne\/immediate\/\">\u00eatre assur\u00e9 imm\u00e9diatement<\/a>.<\/p>\n\n\n\n<\/div>\n\n\n\n<h2 class=\"wp-block-heading\" id=\"section-4-peut-on-rsilier-une-assurance-auto-sans-justificatif-\"><strong>Peut-on r\u00e9silier une assurance auto sans justificatif ?<\/strong><\/h2>\n\n\n\n<p>Tout d\u2019abord, sachez que certains assureurs proposent des contrats d\u2019assurance auto sans engagement.<\/p>\n\n\n\n<p>Par ailleurs, depuis la loi Hamon, il est possible de r\u00e9silier votre contrat d\u2019assurance auto sans p\u00e9nalit\u00e9 :<\/p>\n\n\n\n<ul class=\"wp-block-list\">\n<li>\u00c0 la premi\u00e8re \u00e9ch\u00e9ance de votre contrat, en respectant le d\u00e9lai de pr\u00e9avis.<\/li>\n\n\n\n<li>Apr\u00e8s un an de contrat \u00e0 tout moment et sans d\u00e9lai de pr\u00e9avis.<\/li>\n\n\n\n<li>En cas de changement de situation comme une aggravation du risque suite \u00e0 un sinistre, la vente du v\u00e9hicule\u2026<\/li>\n<\/ul>\n\n\n\n<p>Pour&nbsp;<strong><a href=\"https:\/\/leocare.eu\/fr\/assurance-auto-en-ligne\/couverture\/contrat\/resiliation\/suspension\/\">suspendre un contrat d\u2019assurance auto<\/a><\/strong>&nbsp;aupr\u00e8s de votre&nbsp;compagnie, vous devez suivre une proc\u00e9dure pr\u00e9cise. \u00c0 l\u2019issue de celle-ci, vous recevez votre RIA, relev\u00e9 d\u2019information d\u2019assurance. Ce document commun \u00e0 toutes les&nbsp;assurances&nbsp;comprend diverses informations (immatriculation&nbsp;du v\u00e9hicule,&nbsp;malus, dernier&nbsp;accident, etc).<\/p>\n\n\n\n<p>Si vous souhaitez r\u00e9silier votre contrat au bout d\u2019un an, il vous suffit d\u2019envoyer une lettre \u00e0 votre assureur, deux mois avant la date d\u2019\u00e9ch\u00e9ance, par lettre recommand\u00e9e avec accus\u00e9 de r\u00e9ception. Aucun autre justificatif ne peut vous \u00eatre demand\u00e9. Il en est de m\u00eame pour une r\u00e9siliation \u00e0 l\u2019issue de la premi\u00e8re ann\u00e9e d\u2019assurance. Celle-ci est possible \u00e0 tout moment sans pr\u00e9avis.<\/p>\n\n\n\n<p>Si vous n\u2019\u00eates pas dans l\u2019une de ces situations, l\u2019assureur est susceptible de vous demander de motiver votre r\u00e9siliation. Ainsi, si vous vendez votre voiture, la compagnie d\u2019assurances peut exiger le certificat de cession. Ne vous mettez pas en situation de d\u00e9faut d\u2019assurance par n\u00e9gligence.<\/p>\n\n\n\n<p>Pour&nbsp;<strong><a href=\"https:\/\/leocare.eu\/fr\/assurance-auto-en-ligne\/sinistre\/epave\/resiliation\/\">r\u00e9silier l\u2019assurance d\u2019une voiture \u00e9pave<\/a><\/strong>&nbsp;(assurance au tiers&nbsp;ou tous risques), contactez votre&nbsp;compagnie. Munissez-vous de votre num\u00e9ro d\u2019immatriculation&nbsp;et de votre num\u00e9ro d\u2019assur\u00e9. Si les&nbsp;dommages&nbsp;subis lors d\u2019un&nbsp;accident&nbsp;rendent votre v\u00e9hicule irr\u00e9parable, vous pouvez demander la suspension de votre&nbsp;cotisation&nbsp;aupr\u00e8s des&nbsp;assurances.<\/p>\n\n\n\n<p>Il est donc tout \u00e0 fait possible de r\u00e9silier votre assurance voiture sans justificatif en respectant certaines conditions.<\/p>\n\n\n\n<p>Vous \u00eates \u00e0 la recherche d\u2019un prix d\u2019assurance auto comp\u00e9titif offrant une protection optimale ? Vous pouvez utiliser un comparateur, mais le mieux c\u2019est de vous rendre sur le site web de Leocare. Nous vous proposons des tarifs ultra-comp\u00e9titifs. De quoi r\u00e9aliser de belles \u00e9conomies et avoir l\u2019esprit serein ! \ud83d\ude97\ud83d\udee3\ufe0f<\/p>\n","protected":false},"excerpt":{"rendered":"<p>Vous avez besoin d\u2019une assurance auto&nbsp;rapidement, et vous souhaitez savoir s\u2019il est possible d\u2019en souscrire une sans justificatif&nbsp;? Voici ce qu\u2019il faut savoir pour assurer votre v\u00e9hicule l\u00e9galement et sereinement&nbsp;! Peut-on souscrire une assurance auto sans justificatif ? La r\u00e9ponse est simple : il est impossible de souscrire un contrat d\u2019assurance auto sans justificatif. Vous [&hellip;]<\/p>\n","protected":false},"author":34,"featured_media":9964,"parent":7335,"menu_order":0,"comment_status":"closed","ping_status":"closed","template":"template_seo.php","meta":{"_acf_changed":false,"footnotes":""},"class_list":["post-10351","page","type-page","status-publish","has-post-thumbnail","hentry"],"acf":[],"yoast_head":"<!-- This site is optimized with the Yoast SEO plugin v27.3 - https:\/\/yoast.com\/product\/yoast-seo-wordpress\/ -->\n<title>Comment souscrire une assurance auto sans justificatif ?<\/title>\n<meta name=\"description\" content=\"Facilitez-vous la vie avec notre assurance auto sans justificatif. Ne manquez pas cette opportunit\u00e9 et commencez \u00e0 \u00e9conomiser d\u00e8s aujourd&#039;hui. Faites le premier pas maintenant.\" \/>\n<meta name=\"robots\" content=\"index, follow, max-snippet:-1, max-image-preview:large, max-video-preview:-1\" \/>\n<link rel=\"canonical\" href=\"https:\/\/leocare.eu\/fr\/assurance-auto-en-ligne\/devis\/sans-justificatif\/\" \/>\n<meta property=\"og:locale\" content=\"fr_FR\" \/>\n<meta property=\"og:type\" content=\"article\" \/>\n<meta property=\"og:title\" content=\"Comment souscrire une assurance auto sans justificatif ?\" \/>\n<meta property=\"og:description\" content=\"Facilitez-vous la vie avec notre assurance auto sans justificatif. Ne manquez pas cette opportunit\u00e9 et commencez \u00e0 \u00e9conomiser d\u00e8s aujourd&#039;hui. Faites le premier pas maintenant.\" \/>\n<meta property=\"og:url\" content=\"https:\/\/leocare.eu\/fr\/assurance-auto-en-ligne\/devis\/sans-justificatif\/\" \/>\n<meta property=\"og:site_name\" content=\"Leocare, assurance en ligne automobile et habitation\" \/>\n<meta property=\"article:modified_time\" content=\"2026-04-07T14:32:36+00:00\" \/>\n<meta property=\"og:image\" content=\"https:\/\/leocare.eu\/fr\/wp-content\/uploads\/2022\/12\/assurance-auto-sans-justificatif-1.jpg\" \/>\n\t<meta property=\"og:image:width\" content=\"1800\" \/>\n\t<meta property=\"og:image:height\" content=\"1200\" \/>\n\t<meta property=\"og:image:type\" content=\"image\/jpeg\" \/>\n<meta name=\"twitter:card\" content=\"summary_large_image\" \/>\n<meta name=\"twitter:label1\" content=\"Dur\u00e9e de lecture estim\u00e9e\" \/>\n\t<meta name=\"twitter:data1\" content=\"8 minutes\" \/>\n<!-- \/ Yoast SEO plugin. -->","yoast_head_json":{"title":"Comment souscrire une assurance auto sans justificatif ?","description":"Facilitez-vous la vie avec notre assurance auto sans justificatif. Ne manquez pas cette opportunit\u00e9 et commencez \u00e0 \u00e9conomiser d\u00e8s aujourd'hui. Faites le premier pas maintenant.","robots":{"index":"index","follow":"follow","max-snippet":"max-snippet:-1","max-image-preview":"max-image-preview:large","max-video-preview":"max-video-preview:-1"},"canonical":"https:\/\/leocare.eu\/fr\/assurance-auto-en-ligne\/devis\/sans-justificatif\/","og_locale":"fr_FR","og_type":"article","og_title":"Comment souscrire une assurance auto sans justificatif ?","og_description":"Facilitez-vous la vie avec notre assurance auto sans justificatif. Ne manquez pas cette opportunit\u00e9 et commencez \u00e0 \u00e9conomiser d\u00e8s aujourd'hui. Faites le premier pas maintenant.","og_url":"https:\/\/leocare.eu\/fr\/assurance-auto-en-ligne\/devis\/sans-justificatif\/","og_site_name":"Leocare, assurance en ligne automobile et habitation","article_modified_time":"2026-04-07T14:32:36+00:00","og_image":[{"width":1800,"height":1200,"url":"https:\/\/leocare.eu\/fr\/wp-content\/uploads\/2022\/12\/assurance-auto-sans-justificatif-1.jpg","type":"image\/jpeg"}],"twitter_card":"summary_large_image","twitter_misc":{"Dur\u00e9e de lecture estim\u00e9e":"8 minutes"},"schema":{"@context":"https:\/\/schema.org","@graph":[{"@type":"WebPage","@id":"https:\/\/leocare.eu\/fr\/assurance-auto-en-ligne\/devis\/sans-justificatif\/","url":"https:\/\/leocare.eu\/fr\/assurance-auto-en-ligne\/devis\/sans-justificatif\/","name":"Comment souscrire une assurance auto sans justificatif ?","isPartOf":{"@id":"https:\/\/leocare.eu\/fr\/#website"},"primaryImageOfPage":{"@id":"https:\/\/leocare.eu\/fr\/assurance-auto-en-ligne\/devis\/sans-justificatif\/#primaryimage"},"image":{"@id":"https:\/\/leocare.eu\/fr\/assurance-auto-en-ligne\/devis\/sans-justificatif\/#primaryimage"},"thumbnailUrl":"https:\/\/leocare.eu\/fr\/wp-content\/uploads\/2022\/12\/assurance-auto-sans-justificatif-1.jpg","datePublished":"2022-12-28T15:50:21+00:00","dateModified":"2026-04-07T14:32:36+00:00","description":"Facilitez-vous la vie avec notre assurance auto sans justificatif. Ne manquez pas cette opportunit\u00e9 et commencez \u00e0 \u00e9conomiser d\u00e8s aujourd'hui. Faites le premier pas maintenant.","breadcrumb":{"@id":"https:\/\/leocare.eu\/fr\/assurance-auto-en-ligne\/devis\/sans-justificatif\/#breadcrumb"},"inLanguage":"fr-FR","potentialAction":[{"@type":"ReadAction","target":["https:\/\/leocare.eu\/fr\/assurance-auto-en-ligne\/devis\/sans-justificatif\/"]}]},{"@type":"ImageObject","inLanguage":"fr-FR","@id":"https:\/\/leocare.eu\/fr\/assurance-auto-en-ligne\/devis\/sans-justificatif\/#primaryimage","url":"https:\/\/leocare.eu\/fr\/wp-content\/uploads\/2022\/12\/assurance-auto-sans-justificatif-1.jpg","contentUrl":"https:\/\/leocare.eu\/fr\/wp-content\/uploads\/2022\/12\/assurance-auto-sans-justificatif-1.jpg","width":1800,"height":1200,"caption":"Assurance Auto Sans Justificatif"},{"@type":"WebSite","@id":"https:\/\/leocare.eu\/fr\/#website","url":"https:\/\/leocare.eu\/fr\/","name":"Leocare, assurance en ligne automobile et habitation","description":"enfin (r)assur\u00e9.e","publisher":{"@id":"https:\/\/leocare.eu\/fr\/#organization"},"potentialAction":[{"@type":"SearchAction","target":{"@type":"EntryPoint","urlTemplate":"https:\/\/leocare.eu\/fr\/?s={search_term_string}"},"query-input":{"@type":"PropertyValueSpecification","valueRequired":true,"valueName":"search_term_string"}}],"inLanguage":"fr-FR"},{"@type":"Organization","@id":"https:\/\/leocare.eu\/fr\/#organization","name":"Leocare, assurance en ligne automobile et habitation","url":"https:\/\/leocare.eu\/fr\/","logo":{"@type":"ImageObject","inLanguage":"fr-FR","@id":"https:\/\/leocare.eu\/fr\/#\/schema\/logo\/image\/","url":"https:\/\/leocare.eu\/fr\/wp-content\/uploads\/2020\/03\/logo-leocare.svg","contentUrl":"https:\/\/leocare.eu\/fr\/wp-content\/uploads\/2020\/03\/logo-leocare.svg","caption":"Leocare, assurance en ligne automobile et habitation"},"image":{"@id":"https:\/\/leocare.eu\/fr\/#\/schema\/logo\/image\/"}}]}},"_links":{"self":[{"href":"https:\/\/leocare.eu\/fr\/wp-json\/wp\/v2\/pages\/10351","targetHints":{"allow":["GET"]}}],"collection":[{"href":"https:\/\/leocare.eu\/fr\/wp-json\/wp\/v2\/pages"}],"about":[{"href":"https:\/\/leocare.eu\/fr\/wp-json\/wp\/v2\/types\/page"}],"author":[{"embeddable":true,"href":"https:\/\/leocare.eu\/fr\/wp-json\/wp\/v2\/users\/34"}],"replies":[{"embeddable":true,"href":"https:\/\/leocare.eu\/fr\/wp-json\/wp\/v2\/comments?post=10351"}],"version-history":[{"count":27,"href":"https:\/\/leocare.eu\/fr\/wp-json\/wp\/v2\/pages\/10351\/revisions"}],"predecessor-version":[{"id":39894,"href":"https:\/\/leocare.eu\/fr\/wp-json\/wp\/v2\/pages\/10351\/revisions\/39894"}],"up":[{"embeddable":true,"href":"https:\/\/leocare.eu\/fr\/wp-json\/wp\/v2\/pages\/7335"}],"wp:featuredmedia":[{"embeddable":true,"href":"https:\/\/leocare.eu\/fr\/wp-json\/wp\/v2\/media\/9964"}],"wp:attachment":[{"href":"https:\/\/leocare.eu\/fr\/wp-json\/wp\/v2\/media?parent=10351"}],"curies":[{"name":"wp","href":"https:\/\/api.w.org\/{rel}","templated":true}]}}