{"id":10255,"date":"2022-12-28T15:54:58","date_gmt":"2022-12-28T14:54:58","guid":{"rendered":"https:\/\/leocare.eu\/fr\/?page_id=10255"},"modified":"2026-04-07T16:45:11","modified_gmt":"2026-04-07T14:45:11","slug":"sans-accompte","status":"publish","type":"page","link":"https:\/\/leocare.eu\/fr\/assurance-auto-en-ligne\/devis\/sans-accompte\/","title":{"rendered":"Assurance auto sans premier versement"},"content":{"rendered":"\n<p>Vous venez d\u2019acqu\u00e9rir une nouvelle voiture et vous avez besoin d\u2019une assurance pour rouler en toute l\u00e9galit\u00e9, mais les frais de souscription demand\u00e9s par les assureurs vous freinent ? Les d\u00e9penses li\u00e9es \u00e0 l\u2019achat d\u2019un v\u00e9hicule peuvent rendre le paiement du premier mois de cotisation d\u00e9licat. D\u00e9couvrez ensemble comment obtenir une couverture auto imm\u00e9diate sans devoir avancer d\u2019acompte gr\u00e2ce aux offres en ligne, ce qui vous attend et comment faire le bon choix pour votre contrat.<\/p>\n\n\n\n<h2 class=\"wp-block-heading\"><strong>Qu\u2019est-ce qu\u2019une assurance auto sans acompte ?<\/strong><\/h2>\n\n\n\n<p>L\u2019assurance auto est une obligation l\u00e9gale. Pour circuler sur la voie publique, votre voiture doit disposer au minimum d&rsquo;une <a href=\"https:\/\/leocare.eu\/fr\/assurance-auto-en-ligne\/tiers\/\">assurance au tiers<\/a> (responsabilit\u00e9 civile). Cette formule est le <strong>minimum obligatoire en France pour indemniser les victimes des dommages<\/strong> que vous pourriez causer. Traditionnellement, lorsque vous signez un contrat, la majorit\u00e9 des compagnies d\u2019assurances demandent le r\u00e8glement du premier mois de cotisation \u00e0 l\u2019avance. Cette avance est ce que l\u2019on nomme l\u2019acompte.<\/p>\n\n\n\n<p>Une assurance auto sans acompte, aussi appel\u00e9e assurance auto sans premier versement ou assurance auto sans paiement imm\u00e9diat, d\u00e9roge \u00e0 cette r\u00e8gle. Elle vous permet d&rsquo;<strong>obtenir une couverture effective pour votre v\u00e9hicule imm\u00e9diatement apr\u00e8s la validation de votre demande<\/strong>, sans avancer la prime du premier mois. Vous pouvez donc rouler en toute l\u00e9galit\u00e9 rapidement puisque vous recevez votre carte verte provisoire par mail d\u00e8s la souscription valid\u00e9e.<\/p>\n\n\n\n<p>Ce type d\u2019assurance ne modifie pas le niveau de garanties auquel vous avez droit. Il est accessible quelle que soit la formule choisie :<\/p>\n\n\n\n<ul class=\"wp-block-list\">\n<li><strong>L\u2019assurance auto au tiers :<\/strong> la couverture minimale et obligatoire en France pour indemniser les victimes des dommages que vous pourriez causer.<\/li>\n\n\n\n<li>L&rsquo; interm\u00e9diaire, qui ajoute des garanties dommages comme le vol ou l\u2019incendie, est souvent d\u00e9sign\u00e9<strong> sous le nom d&rsquo;<\/strong><a href=\"https:\/\/leocare.eu\/fr\/assurance-auto-en-ligne\/tiers\/plus\/\"><strong>assurance au tiers plus<\/strong><\/a><strong>, <\/strong>offrant une meilleure prise en charge du conducteur.<\/li>\n\n\n\n<li>La <strong>couverture la plus compl\u00e8te, assurant une protection maximum et couvrant la plupart des dommages<\/strong>, y compris les d\u00e9g\u00e2ts caus\u00e9s \u00e0 votre propre v\u00e9hicule m\u00eame si vous \u00eates responsable, <strong>est la <\/strong><a href=\"https:\/\/leocare.eu\/fr\/assurance-auto-en-ligne\/tous-risques\/\"><strong>formule d\u2019assurance auto tous risques<\/strong><\/a><strong>.<\/strong><\/li>\n<\/ul>\n\n\n\n<p><strong>Vous b\u00e9n\u00e9ficiez ainsi d&rsquo;un mode de paiement plus souple<\/strong> pour votre contrat d\u2019assurance tout en profitant des m\u00eames garanties et offres de services que les autres assur\u00e9s. Cependant, gardez \u00e0 l&rsquo;esprit que cette absence d\u2019acompte au premier mois <strong>vous oblige \u00e0 r\u00e9gler les cotisations suivantes<\/strong>. Si un paiement n&rsquo;est pas effectu\u00e9 (suite \u00e0 un probl\u00e8me de pr\u00e9l\u00e8vement, par exemple), l\u2019assureur a le droit de r\u00e9silier votre contrat. Une telle situation peut entra\u00eener un fichage au fichier AGIRA, <strong>compliquant fortement votre prochaine souscription aupr\u00e8s d\u2019autres assureurs<\/strong>.<\/p>\n\n\n\n<p>Pour vous arranger, les compagnies d\u2019assurance proposent diff\u00e9rentes options pour lisser votre effort financier :<\/p>\n\n\n\n<figure class=\"wp-block-table\"><table class=\"has-fixed-layout\"><tbody><tr><td><strong>Mode de paiement<\/strong><\/td><td><strong>Avantage potentiel<\/strong><\/td><\/tr><tr><td>Paiement mensuel<\/td><td>Lissage de la d\u00e9pense sur l\u2019ann\u00e9e (11 ou 12 mois).<\/td><\/tr><tr><td>Paiement semestriel<\/td><td>Moins de transactions, peut r\u00e9duire de l\u00e9gers frais de fractionnement.<\/td><\/tr><tr><td>Paiement annuel<\/td><td><strong>Certains assureurs offrent des r\u00e9ductions<\/strong> sur le montant total de la prime si vous r\u00e9glez en une seule fois.<\/td><\/tr><\/tbody><\/table><\/figure>\n\n\n\n<p>Choisir la formule sans acompte vous permet de diff\u00e9rer le premier paiement, mais le r\u00e8glement des mensualit\u00e9s qui suivent est bien une obligation contractuelle.<\/p>\n\n\n\n<h2 class=\"wp-block-heading\"><strong>Avantages et inconv\u00e9nients d\u2019une assurance auto sans paiement imm\u00e9diat<\/strong><\/h2>\n\n\n\n<p>L\u2019assurance auto sans acompte est une offre tr\u00e8s recherch\u00e9e.<strong> Elle apporte des solutions concr\u00e8tes \u00e0 des probl\u00e9matiques financi\u00e8res ou logistiques,<\/strong> mais elle demande aussi une attention particuli\u00e8re aux d\u00e9tails pour \u00e9viter les mauvaises surprises.<\/p>\n\n\n\n<h3 class=\"wp-block-heading\"><strong>Les avantages de l\u2019assurance auto sans premier versement<\/strong><\/h3>\n\n\n\n<p>Cette option vous permet d\u2019assurer votre voiture rapidement en all\u00e9geant les d\u00e9penses au moment de la souscription du contrat.<\/p>\n\n\n\n<p>Voici pourquoi cette offre d&rsquo;assurance auto est s\u00e9duisante :<\/p>\n\n\n\n<ul class=\"wp-block-list\">\n<li><strong>R\u00e9duction des frais imm\u00e9diats : <\/strong>vous n&rsquo;avez pas besoin d&rsquo;avoir les finances disponibles pour couvrir l\u2019acompte (souvent un ou deux mois de paiement) et les frais de dossier. Cela vous donne de l&rsquo;air si votre tr\u00e9sorerie est limit\u00e9e suite \u00e0 l&rsquo;achat du v\u00e9hicule.<\/li>\n\n\n\n<li><strong>Rapidit\u00e9 d\u2019 assurance imm\u00e9diate : <\/strong>si vous devez prendre la route le jour m\u00eame, cette souscription sans avance de fonds vous permet d&rsquo;<strong>obtenir votre couverture sans d\u00e9lai<\/strong>. En ligne, l&rsquo;utilisation de l&rsquo;application ou du site de l&rsquo;assureur pour <a href=\"https:\/\/leocare.eu\/fr\/assurance-auto-en-ligne\/\">s\u2019assurer imm\u00e9diatement<\/a> vous permet de valider votre contrat rapidement.<\/li>\n\n\n\n<li><strong>Accessibilit\u00e9 du paiement : <\/strong>cette solution est une alternative int\u00e9ressante pour les personnes qui n\u2019ont pas de carte bancaire et qui pr\u00e9f\u00e8rent fournir un RIB pour mettre en place un pr\u00e9l\u00e8vement mensuel.<\/li>\n<\/ul>\n\n\n\n<h3 class=\"wp-block-heading\"><strong>Les inconv\u00e9nients et les pi\u00e8ges \u00e0 \u00e9viter<\/strong><\/h3>\n\n\n\n<p>Bien que l&rsquo;id\u00e9e d&rsquo;une assurance auto sans paiement imm\u00e9diat soit attrayante, elle <strong>ne garantit pas forc\u00e9ment des \u00e9conomies sur le long terme<\/strong>. Les assureurs peuvent utiliser cette offre comme un outil marketing.<\/p>\n\n\n\n<p>Faites tr\u00e8s attention aux points suivants :<\/p>\n\n\n\n<ul class=\"wp-block-list\">\n<li><strong>Mensualit\u00e9s potentiellement plus \u00e9lev\u00e9es : <\/strong>si l\u2019assureur vous offre le premier mois, il peut choisir de r\u00e9partir le montant de cette cotisation offerte sur les paiements suivants. Le montant annuel de votre assurance auto ne change pas, mais il est simplement divis\u00e9 par onze mois au lieu de douze.<\/li>\n\n\n\n<li><strong>Frais de fractionnement : <\/strong>le fait de r\u00e9gler votre prime par paiement mensuel plut\u00f4t qu\u2019en une seule fois peut engendrer des frais suppl\u00e9mentaires factur\u00e9s par l\u2019assureur (frais de gestion ou de fractionnement) qui peuvent repr\u00e9senter entre 2 et 10 % du montant total de votre prime. Un paiement annuel ou semestriel est souvent moins cher.<\/li>\n\n\n\n<li><strong>Choix limit\u00e9 : <\/strong>si vous vous concentrez uniquement sur les offres sans acompte, vous risquez de passer \u00e0 c\u00f4t\u00e9 de devis d&rsquo;assurances moins chers propos\u00e9s par des compagnies qui demandent un premier versement.<\/li>\n<\/ul>\n\n\n\n<p><strong>V\u00e9rifiez toujours les modalit\u00e9s de l&rsquo;offre promotionnelle<\/strong> (si le premier mois est gratuit) ou le tableau d\u2019amortissement pour \u00eatre certain de ne pas avoir de surprise sur le montant des mensualit\u00e9s futures.<\/p>\n\n\n\n<h2 class=\"wp-block-heading\"><strong>Comment souscrire une assurance auto en ligne sans premier versement ?<\/strong><\/h2>\n\n\n\n<p>La d\u00e9marche pour trouver et souscrire une assurance auto sans paiement imm\u00e9diat est tr\u00e8s similaire \u00e0 celle d\u2019une assurance auto classique en ligne, mais elle exige de <strong>comparer rigoureusement les offres et les garanties<\/strong>.<\/p>\n\n\n\n<h3 class=\"wp-block-heading\"><strong>D\u00e9finir votre besoin et votre budget<\/strong><\/h3>\n\n\n\n<p>Avant de consulter les devis, <strong>d\u00e9finissez le niveau de protection que vous souhaitez pour votre v\u00e9hicule et votre contrat<\/strong>.<\/p>\n\n\n\n<p>Pour d\u00e9terminer le montant de vos cotisations, les assureurs tiennent compte de nombreux crit\u00e8res :<\/p>\n\n\n\n<ul class=\"wp-block-list\">\n<li><strong>Votre profil d&rsquo;assur\u00e9 <\/strong>(\u00e2ge, date d\u2019obtention du permis, ant\u00e9c\u00e9dents, bonus-malus).<\/li>\n\n\n\n<li><strong>Votre voiture<\/strong> (marque, mod\u00e8le, anciennet\u00e9, puissance fiscale).<\/li>\n\n\n\n<li><strong>L\u2019utilisation<\/strong> que vous en faites.<\/li>\n\n\n\n<li><strong>Le lieu de stationnement<\/strong> (garage priv\u00e9, voie publique).<\/li>\n\n\n\n<li><strong>Votre ville de r\u00e9sidence<\/strong><\/li>\n<\/ul>\n\n\n\n<p>R\u00e9pondez \u00e0 ces questions pour bien \u00e9valuer vos besoins. <strong>N&rsquo;oubliez jamais qu&rsquo;une assurance auto au tiers simple sera bien moins ch\u00e8re, <\/strong>mais offrira moins de garanties qu&rsquo;une formule tous risques.<\/p>\n\n\n\n<h3 class=\"wp-block-heading\"><strong>Utiliser un comparateur d\u2019assurances auto en ligne<\/strong><\/h3>\n\n\n\n<p>Face \u00e0 la multiplicit\u00e9 des offres sur le march\u00e9, le r\u00e9flexe est d\u2019utiliser un comparateur en ligne. Cela vous permet de gagner du temps et d&rsquo;acc\u00e9der \u00e0 votre <a href=\"https:\/\/leocare.eu\/fr\/assurance-auto-en-ligne\/devis\/\">devis d\u2019assurance auto<\/a> pour comparer le tarif de nombreuses offres d&rsquo;assureurs partenaires sur une seule page.<\/p>\n\n\n\n<p>Lorsque vous consultez les devis, pensez \u00e0 :<\/p>\n\n\n\n<ul class=\"wp-block-list\">\n<li><strong>Regarder les exclusions de garanties : <\/strong>ce sont les situations dans lesquelles votre contrat ne vous permet pas d&rsquo;obtenir d&rsquo;indemnisation. Elles varient d&rsquo;un assureur \u00e0 l&rsquo;autre.<\/li>\n\n\n\n<li><strong>V\u00e9rifier le montant de la franchise auto<\/strong> et les plafonds d&rsquo;indemnisation.<\/li>\n\n\n\n<li><strong>Comparer ce qui est comparable, <\/strong>c&rsquo;est-\u00e0-dire le prix pour des garanties et des niveaux de protection \u00e9quivalents.<\/li>\n<\/ul>\n\n\n\n<h3 class=\"wp-block-heading\"><strong>Les documents pour finaliser la souscription<\/strong><\/h3>\n\n\n\n<p>Une fois l\u2019offre id\u00e9ale trouv\u00e9e, la souscription se fait directement en ligne sur <strong>le site de l\u2019assureur ou en \u00e9tant redirig\u00e9e depuis le comparateur<\/strong>. Vous signez g\u00e9n\u00e9ralement votre contrat \u00e9lectroniquement.<\/p>\n\n\n\n<p>Pr\u00e9parez ces documents pour un processus rapide :<\/p>\n\n\n\n<ul class=\"wp-block-list\">\n<li>Votre pi\u00e8ce d\u2019identit\u00e9.<\/li>\n\n\n\n<li>Votre permis de conduire.<\/li>\n\n\n\n<li>Votre certificat d\u2019immatriculation.<\/li>\n\n\n\n<li>Votre relev\u00e9 d\u2019information (fourni par votre ancien assureur).<\/li>\n\n\n\n<li>Un <strong>RIB pour la mise en place du pr\u00e9l\u00e8vement mensuel du paiement diff\u00e9r\u00e9<\/strong>.<\/li>\n<\/ul>\n\n\n\n<h2 class=\"wp-block-heading\"><strong>Quelles diff\u00e9rences entre l\u2019avance et les frais de dossiers ?<\/strong><\/h2>\n\n\n\n<p>C\u2019est une confusion fr\u00e9quente, mais il faut bien <strong>distinguer deux types de sommes que l\u2019assureur pourrait vous r\u00e9clamer<\/strong> au moment de la souscription : l\u2019acompte et les frais de dossier. Pensez \u00e0 comparer les assureurs pour trouver une <a href=\"https:\/\/leocare.eu\/fr\/assurance-auto-en-ligne\/devis\/sans-frais-de-dossier\/\">assurance auto sans frais de dossier<\/a>, car leur montant s&rsquo;ajoute \u00e0 votre cotisation annuelle.<\/p>\n\n\n\n<figure class=\"wp-block-table\"><table class=\"has-fixed-layout\"><tbody><tr><td><strong>Type de Frais<\/strong><\/td><td><strong>D\u00e9finition<\/strong><\/td><td><strong>Concerne l&rsquo;offre \u00ab\u00a0sans acompte\u00a0\u00bb ?<\/strong><\/td><\/tr><tr><td>Acompte<\/td><td>Paiement du premier mois (ou d&rsquo;une fraction de la prime annuelle) vers\u00e9 \u00e0 l&rsquo;avance. C&rsquo;est le prix de votre assurance auto.<\/td><td>Non, par d\u00e9finition. <strong>L&rsquo;assurance auto sans acompte vous en dispense<\/strong>.<\/td><\/tr><tr><td>Frais de dossier<\/td><td>Co\u00fbts additionnels, dits \u00ab\u00a0co\u00fbts de structure\u00a0\u00bb, li\u00e9s aux d\u00e9marches administratives pour l&rsquo;\u00e9tablissement de votre contrat et la gestion de votre dossier d&rsquo;assurance.<\/td><td>Oui, dans la plupart des cas. <strong>M\u00eame sans acompte, vous devez g\u00e9n\u00e9ralement r\u00e9gler ces frais<\/strong>.<\/td><\/tr><\/tbody><\/table><\/figure>\n\n\n\n<p>Soyez vigilants aux frais de dossier ! M\u00eame s\u2019ils sont parfois offerts aux nouveaux clients pour les offres en ligne, <strong>leur tarif doit toujours \u00eatre inscrit dans les conditions g\u00e9n\u00e9rales de vente de l\u2019assureur<\/strong>. Certains assureurs en facturent des sommes non n\u00e9gligeables, tandis que d&rsquo;autres proposent les frais de dossier offerts.<\/p>\n\n\n\n<p>L&rsquo;assurance auto sans premier versement est une excellente solution pour les conducteurs qui ont besoin d&rsquo;une assurance imm\u00e9diate sans impacter leur budget initial. Que vous soyez jeune conducteur, maluss\u00e9 ou simplement soucieux de lisser vos paiements, cette option est faite pour vous. Privil\u00e9giez l\u2019utilisation d\u2019un comparateur pour obtenir des devis personnalis\u00e9s pour votre voiture afin de <strong>trouver l&rsquo;assureur le plus comp\u00e9titif, offrant les meilleures garanties dommages au meilleur prix<\/strong>, et ce, sans acompte au premier paiement. Pensez \u00e0 toujours bien lire les petits caract\u00e8res de votre contrat pour comprendre comment votre paiement diff\u00e9r\u00e9 est r\u00e9percut\u00e9.<\/p>\n","protected":false},"excerpt":{"rendered":"<p>Vous venez d\u2019acqu\u00e9rir une nouvelle voiture et vous avez besoin d\u2019une assurance pour rouler en toute l\u00e9galit\u00e9, mais les frais de souscription demand\u00e9s par les assureurs vous freinent ? Les d\u00e9penses li\u00e9es \u00e0 l\u2019achat d\u2019un v\u00e9hicule peuvent rendre le paiement du premier mois de cotisation d\u00e9licat. D\u00e9couvrez ensemble comment obtenir une couverture auto imm\u00e9diate sans [&hellip;]<\/p>\n","protected":false},"author":34,"featured_media":9800,"parent":7335,"menu_order":0,"comment_status":"closed","ping_status":"closed","template":"template_seo.php","meta":{"_acf_changed":false,"footnotes":""},"class_list":["post-10255","page","type-page","status-publish","has-post-thumbnail","hentry"],"acf":[],"yoast_head":"<!-- This site is optimized with the Yoast SEO plugin v27.3 - https:\/\/yoast.com\/product\/yoast-seo-wordpress\/ -->\n<title>Assurance auto sans acompte ou paiement imm\u00e9diat<\/title>\n<meta name=\"description\" content=\"D\u00e9couvrez comment b\u00e9n\u00e9ficier d&#039;une assurance auto sans acompte. Comparez les offres et obtenez votre devis gratuit d\u00e8s maintenant !\" \/>\n<meta name=\"robots\" content=\"index, follow, max-snippet:-1, max-image-preview:large, max-video-preview:-1\" \/>\n<link rel=\"canonical\" href=\"https:\/\/leocare.eu\/fr\/assurance-auto-en-ligne\/devis\/sans-accompte\/\" \/>\n<meta property=\"og:locale\" content=\"fr_FR\" \/>\n<meta property=\"og:type\" content=\"article\" \/>\n<meta property=\"og:title\" content=\"Assurance auto sans acompte ou paiement imm\u00e9diat\" \/>\n<meta property=\"og:description\" content=\"D\u00e9couvrez comment b\u00e9n\u00e9ficier d&#039;une assurance auto sans acompte. Comparez les offres et obtenez votre devis gratuit d\u00e8s maintenant !\" \/>\n<meta property=\"og:url\" content=\"https:\/\/leocare.eu\/fr\/assurance-auto-en-ligne\/devis\/sans-accompte\/\" \/>\n<meta property=\"og:site_name\" content=\"Leocare, assurance en ligne automobile et habitation\" \/>\n<meta property=\"article:modified_time\" content=\"2026-04-07T14:45:11+00:00\" \/>\n<meta property=\"og:image\" content=\"https:\/\/leocare.eu\/fr\/wp-content\/uploads\/2022\/12\/assurance-auto-sans-acompte.jpg\" \/>\n\t<meta property=\"og:image:width\" content=\"1800\" \/>\n\t<meta property=\"og:image:height\" content=\"1200\" \/>\n\t<meta property=\"og:image:type\" content=\"image\/jpeg\" \/>\n<meta name=\"twitter:card\" content=\"summary_large_image\" \/>\n<meta name=\"twitter:label1\" content=\"Dur\u00e9e de lecture estim\u00e9e\" \/>\n\t<meta name=\"twitter:data1\" content=\"8 minutes\" \/>\n<!-- \/ Yoast SEO plugin. -->","yoast_head_json":{"title":"Assurance auto sans acompte ou paiement imm\u00e9diat","description":"D\u00e9couvrez comment b\u00e9n\u00e9ficier d'une assurance auto sans acompte. Comparez les offres et obtenez votre devis gratuit d\u00e8s maintenant !","robots":{"index":"index","follow":"follow","max-snippet":"max-snippet:-1","max-image-preview":"max-image-preview:large","max-video-preview":"max-video-preview:-1"},"canonical":"https:\/\/leocare.eu\/fr\/assurance-auto-en-ligne\/devis\/sans-accompte\/","og_locale":"fr_FR","og_type":"article","og_title":"Assurance auto sans acompte ou paiement imm\u00e9diat","og_description":"D\u00e9couvrez comment b\u00e9n\u00e9ficier d'une assurance auto sans acompte. Comparez les offres et obtenez votre devis gratuit d\u00e8s maintenant !","og_url":"https:\/\/leocare.eu\/fr\/assurance-auto-en-ligne\/devis\/sans-accompte\/","og_site_name":"Leocare, assurance en ligne automobile et habitation","article_modified_time":"2026-04-07T14:45:11+00:00","og_image":[{"width":1800,"height":1200,"url":"https:\/\/leocare.eu\/fr\/wp-content\/uploads\/2022\/12\/assurance-auto-sans-acompte.jpg","type":"image\/jpeg"}],"twitter_card":"summary_large_image","twitter_misc":{"Dur\u00e9e de lecture estim\u00e9e":"8 minutes"},"schema":{"@context":"https:\/\/schema.org","@graph":[{"@type":"WebPage","@id":"https:\/\/leocare.eu\/fr\/assurance-auto-en-ligne\/devis\/sans-accompte\/","url":"https:\/\/leocare.eu\/fr\/assurance-auto-en-ligne\/devis\/sans-accompte\/","name":"Assurance auto sans acompte ou paiement imm\u00e9diat","isPartOf":{"@id":"https:\/\/leocare.eu\/fr\/#website"},"primaryImageOfPage":{"@id":"https:\/\/leocare.eu\/fr\/assurance-auto-en-ligne\/devis\/sans-accompte\/#primaryimage"},"image":{"@id":"https:\/\/leocare.eu\/fr\/assurance-auto-en-ligne\/devis\/sans-accompte\/#primaryimage"},"thumbnailUrl":"https:\/\/leocare.eu\/fr\/wp-content\/uploads\/2022\/12\/assurance-auto-sans-acompte.jpg","datePublished":"2022-12-28T14:54:58+00:00","dateModified":"2026-04-07T14:45:11+00:00","description":"D\u00e9couvrez comment b\u00e9n\u00e9ficier d'une assurance auto sans acompte. Comparez les offres et obtenez votre devis gratuit d\u00e8s maintenant !","breadcrumb":{"@id":"https:\/\/leocare.eu\/fr\/assurance-auto-en-ligne\/devis\/sans-accompte\/#breadcrumb"},"inLanguage":"fr-FR","potentialAction":[{"@type":"ReadAction","target":["https:\/\/leocare.eu\/fr\/assurance-auto-en-ligne\/devis\/sans-accompte\/"]}]},{"@type":"ImageObject","inLanguage":"fr-FR","@id":"https:\/\/leocare.eu\/fr\/assurance-auto-en-ligne\/devis\/sans-accompte\/#primaryimage","url":"https:\/\/leocare.eu\/fr\/wp-content\/uploads\/2022\/12\/assurance-auto-sans-acompte.jpg","contentUrl":"https:\/\/leocare.eu\/fr\/wp-content\/uploads\/2022\/12\/assurance-auto-sans-acompte.jpg","width":1800,"height":1200,"caption":"Assurance Auto Sans Acompte"},{"@type":"WebSite","@id":"https:\/\/leocare.eu\/fr\/#website","url":"https:\/\/leocare.eu\/fr\/","name":"Leocare, assurance en ligne automobile et habitation","description":"enfin (r)assur\u00e9.e","publisher":{"@id":"https:\/\/leocare.eu\/fr\/#organization"},"potentialAction":[{"@type":"SearchAction","target":{"@type":"EntryPoint","urlTemplate":"https:\/\/leocare.eu\/fr\/?s={search_term_string}"},"query-input":{"@type":"PropertyValueSpecification","valueRequired":true,"valueName":"search_term_string"}}],"inLanguage":"fr-FR"},{"@type":"Organization","@id":"https:\/\/leocare.eu\/fr\/#organization","name":"Leocare, assurance en ligne automobile et habitation","url":"https:\/\/leocare.eu\/fr\/","logo":{"@type":"ImageObject","inLanguage":"fr-FR","@id":"https:\/\/leocare.eu\/fr\/#\/schema\/logo\/image\/","url":"https:\/\/leocare.eu\/fr\/wp-content\/uploads\/2020\/03\/logo-leocare.svg","contentUrl":"https:\/\/leocare.eu\/fr\/wp-content\/uploads\/2020\/03\/logo-leocare.svg","caption":"Leocare, assurance en ligne automobile et habitation"},"image":{"@id":"https:\/\/leocare.eu\/fr\/#\/schema\/logo\/image\/"}}]}},"_links":{"self":[{"href":"https:\/\/leocare.eu\/fr\/wp-json\/wp\/v2\/pages\/10255","targetHints":{"allow":["GET"]}}],"collection":[{"href":"https:\/\/leocare.eu\/fr\/wp-json\/wp\/v2\/pages"}],"about":[{"href":"https:\/\/leocare.eu\/fr\/wp-json\/wp\/v2\/types\/page"}],"author":[{"embeddable":true,"href":"https:\/\/leocare.eu\/fr\/wp-json\/wp\/v2\/users\/34"}],"replies":[{"embeddable":true,"href":"https:\/\/leocare.eu\/fr\/wp-json\/wp\/v2\/comments?post=10255"}],"version-history":[{"count":24,"href":"https:\/\/leocare.eu\/fr\/wp-json\/wp\/v2\/pages\/10255\/revisions"}],"predecessor-version":[{"id":35082,"href":"https:\/\/leocare.eu\/fr\/wp-json\/wp\/v2\/pages\/10255\/revisions\/35082"}],"up":[{"embeddable":true,"href":"https:\/\/leocare.eu\/fr\/wp-json\/wp\/v2\/pages\/7335"}],"wp:featuredmedia":[{"embeddable":true,"href":"https:\/\/leocare.eu\/fr\/wp-json\/wp\/v2\/media\/9800"}],"wp:attachment":[{"href":"https:\/\/leocare.eu\/fr\/wp-json\/wp\/v2\/media?parent=10255"}],"curies":[{"name":"wp","href":"https:\/\/api.w.org\/{rel}","templated":true}]}}