{"id":10128,"date":"2022-12-27T12:02:18","date_gmt":"2022-12-27T11:02:18","guid":{"rendered":"https:\/\/leocare.eu\/fr\/?page_id=10128"},"modified":"2026-04-07T16:45:02","modified_gmt":"2026-04-07T14:45:02","slug":"ducato","status":"publish","type":"page","link":"https:\/\/leocare.eu\/fr\/assurance-auto-en-ligne\/fiat\/ducato\/","title":{"rendered":"Assurance Fiat Ducato : formules et tarifs"},"content":{"rendered":"\n<p>Le Fiat Ducato est l\u2019un des utilitaires pr\u00e9f\u00e9r\u00e9s des professionnels. Solide, pratique et d\u00e9clin\u00e9 en plusieurs versions, il accompagne des milliers de conducteurs chaque jour. Mais avant de prendre la route, il faut penser \u00e0 prot\u00e9ger ce v\u00e9hicule avec une <a href=\"https:\/\/leocare.eu\/fr\/assurance-auto-en-ligne\/\">assurance auto<\/a> adapt\u00e9e. Ce type de contrat inclut diff\u00e9rentes formes de garantie, pens\u00e9es pour couvrir les besoins d\u2019un utilitaire. Alors, comment est fix\u00e9 le prix d\u2019une assurance Fiat Ducato et quelles sont les options disponibles ? Voici un guide clair et pratique pour vous aider \u00e0 comprendre les formules et les tarifs.<\/p>\n\n\n\n<h2 class=\"wp-block-heading\">Comment est calcul\u00e9 le prix d\u2019une assurance pour Fiat Ducato ?<\/h2>\n\n\n\n<p>Le prix d\u2019une <a href=\"https:\/\/leocare.eu\/fr\/assurance-auto-en-ligne\/fiat\/\">assurance Fiat<\/a> Ducato (tout comme le prix d&rsquo;une <a href=\"https:\/\/leocare.eu\/fr\/assurance-auto-en-ligne\/fiat\/fiat-500\/\">Fiat 500<\/a> d&rsquo;ailleurs) n\u2019est pas fig\u00e9. <strong>Plusieurs \u00e9l\u00e9ments influencent le tarif et chaque conducteur doit les conna\u00eetre pour ajuster son contrat.<\/strong> Par exemple, le prix de l&rsquo;assurance d&rsquo;une <a href=\"https:\/\/leocare.eu\/fr\/assurance-auto-en-ligne\/types-vehicule\/neuf\/\">voiture neuve<\/a> sera toujours plus \u00e9lev\u00e9 qu&rsquo;un mod\u00e8le d&rsquo;occasion \u00e0 mod\u00e8le \u00e9gal.<\/p>\n\n\n\n<h3 class=\"wp-block-heading\">Prix selon l\u2019anciennet\u00e9 de la Fiat Ducato<\/h3>\n\n\n\n<p>Un v\u00e9hicule neuf co\u00fbte g\u00e9n\u00e9ralement plus cher \u00e0 assurer. <strong>Pour un Fiat Ducato neuf, <a href=\"https:\/\/leocare.eu\/fr\/assurance-auto-en-ligne\/devis\/tarifs\/\">le prix moyen d&rsquo;une assurance voiture<\/a> autour de <span class=\"change-price\">83<\/span> \u20ac par mois.<\/strong> La raison est simple : en cas d\u2019accident, le montant de r\u00e9paration ou de remplacement est plus \u00e9lev\u00e9. \u00c0 l\u2019inverse, <strong>pour un mod\u00e8le d\u2019occasion, le tarif moyen descend \u00e0 <span class=\"change-price\">70<\/span> \u20ac par mois.<\/strong> L\u2019anciennet\u00e9 joue donc un r\u00f4le direct dans le calcul de votre assurance auto.<\/p>\n\n\n\n<figure class=\"wp-block-table\"><table class=\"has-fixed-layout\"><thead><tr><td><strong>Anciennet\u00e9 du v\u00e9hicule<\/strong><\/td><td><strong>Prix moyen mensuel<\/strong><\/td><\/tr><\/thead><tbody><tr><td>Fiat Ducato neuf<\/td><td><span class=\"change-price\">83<\/span> \u20ac<\/td><\/tr><tr><td>Fiat Ducato d\u2019occasion<\/td><td><span class=\"change-price\">70<\/span> \u20ac<\/td><\/tr><\/tbody><\/table><\/figure>\n\n\n\n<h3 class=\"wp-block-heading\">Prix de l\u2019assurance auto selon la couverture<\/h3>\n\n\n\n<p>Le choix de la formule d\u00e9termine une grande partie du prix. Trois niveaux existent :<\/p>\n\n\n\n<ul class=\"wp-block-list\">\n<li><a href=\"https:\/\/leocare.eu\/fr\/assurance-auto-en-ligne\/tiers\/\"><strong>Assurance au tiers<\/strong><\/a> : le minimum l\u00e9gal. Elle couvre les dommages corporels et mat\u00e9riels caus\u00e9s aux tiers. <strong>Avec cette formule, vous r\u00e9alisez une \u00e9conomie, m\u00eame si la couverture reste limit\u00e9e.<\/strong> Tarif autour de <span class=\"change-price\">52<\/span> \u20ac par mois, pareil qu&rsquo;une <a href=\"https:\/\/leocare.eu\/fr\/assurance-auto-en-ligne\/ford\/fiesta\/\">Ford Fiesta<\/a>.<\/li>\n\n\n\n<li><a href=\"https:\/\/leocare.eu\/fr\/assurance-auto-en-ligne\/tiers\/plus\/\"><strong>Assurance au tiers plus<\/strong><\/a> : elle ajoute plusieurs garanties comme le vol, le bris de glace, l\u2019incendie et les catastrophes naturelles. <strong>Cette formule tiers plus reste un bon compromis entre prix et couverture.<\/strong> Tarif moyen de <span class=\"change-price\">61<\/span> \u20ac par mois.<\/li>\n\n\n\n<li><a href=\"https:\/\/leocare.eu\/fr\/assurance-auto-en-ligne\/tous-risques\/\"><strong>Assurance tous risques<\/strong><\/a> : elle prend en charge presque tous les dommages, m\u00eame en cas de sinistre responsable. <strong>Elle offre une protection \u00e9tendue contre le vandalisme, les accidents et les catastrophes.<\/strong> Fourchette estim\u00e9e entre <span class=\"change-price\">89<\/span> \u20ac et <span class=\"change-price\">107<\/span> \u20ac par mois.<br><\/li>\n<\/ul>\n\n\n\n<figure class=\"wp-block-table\"><table class=\"has-fixed-layout\"><thead><tr><td><strong>Formule d\u2019assurance<\/strong><\/td><td><strong>Garanties principales<\/strong><\/td><td><strong>Prix moyen mensuel<\/strong><\/td><\/tr><\/thead><tbody><tr><td>Tiers<\/td><td>Responsabilit\u00e9 civile + conducteur inclus<\/td><td><span class=\"change-price\">52<\/span> \u20ac<\/td><\/tr><tr><td>Tiers \u00e9tendu<\/td><td>Tiers + vol, incendie, bris de glace, options<\/td><td><span class=\"change-price\">61<\/span> \u20ac<\/td><\/tr><tr><td>Tous risques<\/td><td>Toutes garanties pr\u00e9c\u00e9dentes + dommages tous accidents<\/td><td><span class=\"change-price\">89<\/span> \u20ac \u00e0 <span class=\"change-price\">107<\/span> \u20ac<\/td><\/tr><\/tbody><\/table><\/figure>\n\n\n\n<h3 class=\"wp-block-heading\">Prix pour un jeune conducteur<\/h3>\n\n\n\n<p>L\u2019\u00e2ge et l\u2019exp\u00e9rience influencent fortement le tarif. Un <a href=\"https:\/\/leocare.eu\/fr\/assurance-auto-en-ligne\/couverture\/formules\/specifiques\/tout-conducteur\/jeune-conducteur\/\">jeune conducteur<\/a> doit souvent payer une surprime, car <strong>son profil est consid\u00e9r\u00e9 comme plus expos\u00e9 au risque.<\/strong> Voici les deux profils principaux :<\/p>\n\n\n\n<ul class=\"wp-block-list\">\n<li><strong>Conducteur de moins de 25 ans : environ <span class=\"change-price\">90<\/span> \u20ac par mois.<\/strong><\/li>\n\n\n\n<li><strong>Conducteur de plus de 25 ans : environ <span class=\"change-price\">65<\/span> \u20ac par mois.<\/strong><\/li>\n<\/ul>\n\n\n\n<figure class=\"wp-block-table\"><table class=\"has-fixed-layout\"><thead><tr><td><strong>Profil conducteur<\/strong><\/td><td><strong>Prix moyen mensuel<\/strong><\/td><\/tr><\/thead><tbody><tr><td>Moins de 25 ans<\/td><td><span class=\"change-price\">90<\/span> \u20ac<\/td><\/tr><tr><td>Plus de 25 ans<\/td><td><span class=\"change-price\">65<\/span> \u20ac<\/td><\/tr><\/tbody><\/table><\/figure>\n\n\n\n<h3 class=\"wp-block-heading\">Avec ou sans conducteur secondaire<\/h3>\n\n\n\n<p>Ajouter un <a href=\"https:\/\/leocare.eu\/fr\/assurance-auto-en-ligne\/couverture\/garanties\/complementaires\/dommages-corporels\/conducteur-secondaire\/\">conducteur secondaire<\/a> modifie aussi le prix du contrat. <strong>Les situations les plus fr\u00e9quentes sont faciles \u00e0 comparer :<\/strong><\/p>\n\n\n\n<ul class=\"wp-block-list\">\n<li>Sans conducteur secondaire : <strong>tarif bas\u00e9 uniquement sur le profil principal, entre <span class=\"change-price\">70<\/span> \u20ac et <span class=\"change-price\">83<\/span> \u20ac par mois.<\/strong><\/li>\n\n\n\n<li>Avec conducteur secondaire exp\u00e9riment\u00e9 : <strong>prix l\u00e9g\u00e8rement ajust\u00e9, entre <span class=\"change-price\">73<\/span> \u20ac et <span class=\"change-price\">87<\/span> \u20ac par mois.<\/strong><\/li>\n\n\n\n<li>Avec conducteur secondaire jeune : <strong>tarif plus \u00e9lev\u00e9, entre <span class=\"change-price\">94<\/span> \u20ac et <span class=\"change-price\">107<\/span> \u20ac par mois.<\/strong><strong><br><\/strong><\/li>\n<\/ul>\n\n\n\n<figure class=\"wp-block-table\"><table class=\"has-fixed-layout\"><thead><tr><td><strong>Situation du contrat<\/strong><\/td><td><strong>Prix moyen mensuel<\/strong><\/td><\/tr><\/thead><tbody><tr><td>Sans conducteur secondaire<\/td><td><span class=\"change-price\">70<\/span> \u20ac \u00e0 <span class=\"change-price\">83<\/span> \u20ac<\/td><\/tr><tr><td>Avec conducteur secondaire exp\u00e9riment\u00e9<\/td><td><span class=\"change-price\">73<\/span> \u20ac \u00e0 <span class=\"change-price\">87<\/span> \u20ac<\/td><\/tr><tr><td>Avec conducteur secondaire jeune<\/td><td><span class=\"change-price\">94<\/span> \u20ac \u00e0 <span class=\"change-price\">107<\/span> \u20ac<\/td><\/tr><\/tbody><\/table><\/figure>\n\n\n\n<h3 class=\"wp-block-heading\">Calculer la prime selon le bonus malus<\/h3>\n\n\n\n<p>Le syst\u00e8me de <a href=\"https:\/\/leocare.eu\/fr\/assurance-auto-en-ligne\/couverture\/contrat\/releve-information\/malus\/calcul-bonus-malus\/\">calcul du bonus malus<\/a> r\u00e9compense ou p\u00e9nalise selon l\u2019historique de conduite. <strong>Le coefficient appliqu\u00e9 chaque ann\u00e9e ajuste directement le tarif :<\/strong><\/p>\n\n\n\n<ul class=\"wp-block-list\">\n<li><strong>Bonus compris entre 0,6 et 1 : prime \u00e0 partir de <span class=\"change-price\">19<\/span> \u20ac par mois, avec une r\u00e9duction notable sur le prix final.<\/strong><\/li>\n\n\n\n<li><strong>Bonus neutre (1) : prime \u00e0 partir de <span class=\"change-price\">25<\/span> \u20ac par mois, sans r\u00e9duction sp\u00e9cifique.<\/strong><\/li>\n\n\n\n<li><strong>Malus sup\u00e9rieur \u00e0 1 : prime \u00e0 partir de <span class=\"change-price\">39<\/span> \u20ac par mois, sans r\u00e9duction possible.<\/strong><strong><br><\/strong><\/li>\n<\/ul>\n\n\n\n<figure class=\"wp-block-table\"><table class=\"has-fixed-layout\"><thead><tr><td><strong>Bonus \/ Malus<\/strong><\/td><td><strong>Prix minimum mensuel<\/strong><\/td><\/tr><\/thead><tbody><tr><td>Bonus (0,6 \u00e0 1)<\/td><td><span class=\"change-price\">19<\/span> \u20ac<\/td><\/tr><tr><td>Bonus neutre (1)<\/td><td><span class=\"change-price\">25<\/span> \u20ac<\/td><\/tr><tr><td>Malus (&gt;1)<\/td><td><span class=\"change-price\">39<\/span> \u20ac<\/td><\/tr><\/tbody><\/table><\/figure>\n\n\n\n<h3 class=\"wp-block-heading\">Prix selon la motorisation (diesel ou essence)<\/h3>\n\n\n\n<p>La motorisation influence aussi l\u00e9g\u00e8rement le tarif. <strong>Voici les diff\u00e9rences estim\u00e9es selon le type de carburant :<\/strong><\/p>\n\n\n\n<ul class=\"wp-block-list\">\n<li><strong>Version diesel : utilis\u00e9e surtout par les pros, prime entre <span class=\"change-price\">76<\/span> \u20ac et <span class=\"change-price\">89<\/span> \u20ac par mois.<\/strong><\/li>\n\n\n\n<li><strong>Version essence : plut\u00f4t pour un usage occasionnel, prime entre <span class=\"change-price\">70<\/span> \u20ac et <span class=\"change-price\">80<\/span> \u20ac par mois.<\/strong><strong><br><\/strong><\/li>\n<\/ul>\n\n\n\n<figure class=\"wp-block-table\"><table class=\"has-fixed-layout\"><thead><tr><td><strong>Motorisation<\/strong><\/td><td><strong>Usage le plus fr\u00e9quent<\/strong><\/td><td><strong>Prix moyen mensuel<\/strong><\/td><\/tr><\/thead><tbody><tr><td>Diesel<\/td><td>Utilisation pro, trajets longs<\/td><td><span class=\"change-price\">76<\/span> \u20ac \u00e0 <span class=\"change-price\">89<\/span> \u20ac<\/td><\/tr><tr><td>Essence<\/td><td>Usage occasionnel, trajets courts<\/td><td><span class=\"change-price\">70<\/span> \u20ac \u00e0 <span class=\"change-price\">80<\/span> \u20ac<\/td><\/tr><\/tbody><\/table><\/figure>\n\n\n\n<h2 class=\"wp-block-heading\">Comment souscrire une assurance pour Fiat Ducato en ligne ?<\/h2>\n\n\n\n<p>Souscrire une assurance auto en ligne est devenu simple et rapide. <strong>Les \u00e9tapes principales sont accessibles \u00e0 tous :<\/strong><\/p>\n\n\n\n<ul class=\"wp-block-list\">\n<li>Se connecter sur le site ou l\u2019application de l\u2019assureur.<\/li>\n\n\n\n<li>Renseigner les informations li\u00e9es au v\u00e9hicule, au conducteur et \u00e0 l\u2019usage pr\u00e9vu.<\/li>\n\n\n\n<li>Utiliser le simulateur pour obtenir un devis imm\u00e9diat.<\/li>\n\n\n\n<li>Comparer les formules propos\u00e9es et s\u00e9lectionner celle qui convient.<\/li>\n\n\n\n<li>Signer le contrat directement en ligne.<\/li>\n<\/ul>\n\n\n\n<p><strong>Tout se fait sans papier et sans d\u00e9lai.<\/strong> Pour encore plus de confort, certains assureurs, comme Leocare, prennent en charge la r\u00e9siliation de votre ancien contrat.<\/p>\n\n\n\n<h2 class=\"wp-block-heading\">Les avantages d\u2019assurer sa Fiat Ducato chez Leocare<\/h2>\n\n\n\n<p>Choisir Leocare pour son assurance Fiat Ducato pr\u00e9sente plusieurs b\u00e9n\u00e9fices :<\/p>\n\n\n\n<ul class=\"wp-block-list\">\n<li><strong>Des prix en moyenne 25 % moins chers que la concurrence pour des garanties \u00e9quivalentes, avec une r\u00e9duction notable sur de nombreux contrats.<\/strong><\/li>\n\n\n\n<li><strong>Une application simple pour g\u00e9rer son contrat et ajuster les garanties en direct.<\/strong><\/li>\n\n\n\n<li><strong>Des services inclus comme l\u2019assistance 0 km et la garantie conducteur m\u00eame en formule au tiers.<\/strong><\/li>\n\n\n\n<li><strong>La possibilit\u00e9 d\u2019obtenir un<\/strong> <a href=\"https:\/\/leocare.eu\/fr\/assurance-auto-en-ligne\/devis\/\"><strong>devis en ligne<\/strong><\/a><strong> en quelques secondes, afin de comparer l\u2019offre et les formules avant de signer.<br><\/strong><\/li>\n<\/ul>\n\n\n\n<p>Prot\u00e9ger son v\u00e9hicule utilitaire devient plus simple, plus rapide et surtout plus \u00e9conomique.<\/p>\n\n\n\n<p><strong>L\u2019assurance Fiat Ducato d\u00e9pend de nombreux crit\u00e8res : l\u2019\u00e2ge du v\u00e9hicule, le profil du conducteur, le choix de la formule ou encore le bonus-malus.<\/strong> Mais gr\u00e2ce aux outils en ligne et aux offres flexibles de certains assureurs comme Leocare, vous pouvez trouver une couverture adapt\u00e9e \u00e0 vos besoins sans difficult\u00e9. <strong>Que vous soyez jeune conducteur, propri\u00e9taire d\u2019un v\u00e9hicule neuf ou utilisateur r\u00e9gulier avec un conducteur secondaire, il existe toujours une formule qui correspond \u00e0 votre usage et \u00e0 votre budget.<\/strong> Avec un peu de comparaison et un simulateur efficace, prot\u00e9ger votre Fiat Ducato devient un jeu d\u2019enfant.<\/p>\n","protected":false},"excerpt":{"rendered":"<p>Le Fiat Ducato est l\u2019un des utilitaires pr\u00e9f\u00e9r\u00e9s des professionnels. Solide, pratique et d\u00e9clin\u00e9 en plusieurs versions, il accompagne des milliers de conducteurs chaque jour. Mais avant de prendre la route, il faut penser \u00e0 prot\u00e9ger ce v\u00e9hicule avec une assurance auto adapt\u00e9e. Ce type de contrat inclut diff\u00e9rentes formes de garantie, pens\u00e9es pour couvrir [&hellip;]<\/p>\n","protected":false},"author":34,"featured_media":7497,"parent":7431,"menu_order":0,"comment_status":"closed","ping_status":"closed","template":"template_seo.php","meta":{"_acf_changed":false,"footnotes":""},"class_list":["post-10128","page","type-page","status-publish","has-post-thumbnail","hentry"],"acf":[],"yoast_head":"<!-- This site is optimized with the Yoast SEO plugin v27.3 - https:\/\/yoast.com\/product\/yoast-seo-wordpress\/ -->\n<title>Assurance Fiat Ducato - Devis en ligne - Leocare<\/title>\n<meta name=\"description\" content=\"Prot\u00e9gez votre Fiat Ducato avec notre assurance de qualit\u00e9. Souscrivez maintenant et roulez en toute s\u00e9r\u00e9nit\u00e9. Ne prenez pas de risques, assurez-vous !\" \/>\n<meta name=\"robots\" content=\"index, follow, max-snippet:-1, max-image-preview:large, max-video-preview:-1\" \/>\n<link rel=\"canonical\" href=\"https:\/\/leocare.eu\/fr\/assurance-auto-en-ligne\/fiat\/ducato\/\" \/>\n<meta property=\"og:locale\" content=\"fr_FR\" \/>\n<meta property=\"og:type\" content=\"article\" \/>\n<meta property=\"og:title\" content=\"Assurance Fiat Ducato - Devis en ligne - Leocare\" \/>\n<meta property=\"og:description\" content=\"Prot\u00e9gez votre Fiat Ducato avec notre assurance de qualit\u00e9. Souscrivez maintenant et roulez en toute s\u00e9r\u00e9nit\u00e9. Ne prenez pas de risques, assurez-vous !\" \/>\n<meta property=\"og:url\" content=\"https:\/\/leocare.eu\/fr\/assurance-auto-en-ligne\/fiat\/ducato\/\" \/>\n<meta property=\"og:site_name\" content=\"Leocare, assurance en ligne automobile et habitation\" \/>\n<meta property=\"article:modified_time\" content=\"2026-04-07T14:45:02+00:00\" \/>\n<meta property=\"og:image\" content=\"https:\/\/leocare.eu\/fr\/wp-content\/uploads\/2022\/02\/assurance-fiat.jpg\" \/>\n\t<meta property=\"og:image:width\" content=\"1200\" \/>\n\t<meta property=\"og:image:height\" content=\"450\" \/>\n\t<meta property=\"og:image:type\" content=\"image\/jpeg\" \/>\n<meta name=\"twitter:card\" content=\"summary_large_image\" \/>\n<meta name=\"twitter:label1\" content=\"Dur\u00e9e de lecture estim\u00e9e\" \/>\n\t<meta name=\"twitter:data1\" content=\"5 minutes\" \/>\n<!-- \/ Yoast SEO plugin. -->","yoast_head_json":{"title":"Assurance Fiat Ducato - Devis en ligne - Leocare","description":"Prot\u00e9gez votre Fiat Ducato avec notre assurance de qualit\u00e9. Souscrivez maintenant et roulez en toute s\u00e9r\u00e9nit\u00e9. Ne prenez pas de risques, assurez-vous !","robots":{"index":"index","follow":"follow","max-snippet":"max-snippet:-1","max-image-preview":"max-image-preview:large","max-video-preview":"max-video-preview:-1"},"canonical":"https:\/\/leocare.eu\/fr\/assurance-auto-en-ligne\/fiat\/ducato\/","og_locale":"fr_FR","og_type":"article","og_title":"Assurance Fiat Ducato - Devis en ligne - Leocare","og_description":"Prot\u00e9gez votre Fiat Ducato avec notre assurance de qualit\u00e9. Souscrivez maintenant et roulez en toute s\u00e9r\u00e9nit\u00e9. Ne prenez pas de risques, assurez-vous !","og_url":"https:\/\/leocare.eu\/fr\/assurance-auto-en-ligne\/fiat\/ducato\/","og_site_name":"Leocare, assurance en ligne automobile et habitation","article_modified_time":"2026-04-07T14:45:02+00:00","og_image":[{"width":1200,"height":450,"url":"https:\/\/leocare.eu\/fr\/wp-content\/uploads\/2022\/02\/assurance-fiat.jpg","type":"image\/jpeg"}],"twitter_card":"summary_large_image","twitter_misc":{"Dur\u00e9e de lecture estim\u00e9e":"5 minutes"},"schema":{"@context":"https:\/\/schema.org","@graph":[{"@type":"WebPage","@id":"https:\/\/leocare.eu\/fr\/assurance-auto-en-ligne\/fiat\/ducato\/","url":"https:\/\/leocare.eu\/fr\/assurance-auto-en-ligne\/fiat\/ducato\/","name":"Assurance Fiat Ducato - Devis en ligne - Leocare","isPartOf":{"@id":"https:\/\/leocare.eu\/fr\/#website"},"primaryImageOfPage":{"@id":"https:\/\/leocare.eu\/fr\/assurance-auto-en-ligne\/fiat\/ducato\/#primaryimage"},"image":{"@id":"https:\/\/leocare.eu\/fr\/assurance-auto-en-ligne\/fiat\/ducato\/#primaryimage"},"thumbnailUrl":"https:\/\/leocare.eu\/fr\/wp-content\/uploads\/2022\/02\/assurance-fiat.jpg","datePublished":"2022-12-27T11:02:18+00:00","dateModified":"2026-04-07T14:45:02+00:00","description":"Prot\u00e9gez votre Fiat Ducato avec notre assurance de qualit\u00e9. Souscrivez maintenant et roulez en toute s\u00e9r\u00e9nit\u00e9. Ne prenez pas de risques, assurez-vous !","breadcrumb":{"@id":"https:\/\/leocare.eu\/fr\/assurance-auto-en-ligne\/fiat\/ducato\/#breadcrumb"},"inLanguage":"fr-FR","potentialAction":[{"@type":"ReadAction","target":["https:\/\/leocare.eu\/fr\/assurance-auto-en-ligne\/fiat\/ducato\/"]}]},{"@type":"ImageObject","inLanguage":"fr-FR","@id":"https:\/\/leocare.eu\/fr\/assurance-auto-en-ligne\/fiat\/ducato\/#primaryimage","url":"https:\/\/leocare.eu\/fr\/wp-content\/uploads\/2022\/02\/assurance-fiat.jpg","contentUrl":"https:\/\/leocare.eu\/fr\/wp-content\/uploads\/2022\/02\/assurance-fiat.jpg","width":1200,"height":450,"caption":"assurance fiat"},{"@type":"WebSite","@id":"https:\/\/leocare.eu\/fr\/#website","url":"https:\/\/leocare.eu\/fr\/","name":"Leocare, assurance en ligne automobile et habitation","description":"enfin (r)assur\u00e9.e","publisher":{"@id":"https:\/\/leocare.eu\/fr\/#organization"},"potentialAction":[{"@type":"SearchAction","target":{"@type":"EntryPoint","urlTemplate":"https:\/\/leocare.eu\/fr\/?s={search_term_string}"},"query-input":{"@type":"PropertyValueSpecification","valueRequired":true,"valueName":"search_term_string"}}],"inLanguage":"fr-FR"},{"@type":"Organization","@id":"https:\/\/leocare.eu\/fr\/#organization","name":"Leocare, assurance en ligne automobile et habitation","url":"https:\/\/leocare.eu\/fr\/","logo":{"@type":"ImageObject","inLanguage":"fr-FR","@id":"https:\/\/leocare.eu\/fr\/#\/schema\/logo\/image\/","url":"https:\/\/leocare.eu\/fr\/wp-content\/uploads\/2020\/03\/logo-leocare.svg","contentUrl":"https:\/\/leocare.eu\/fr\/wp-content\/uploads\/2020\/03\/logo-leocare.svg","caption":"Leocare, assurance en ligne automobile et habitation"},"image":{"@id":"https:\/\/leocare.eu\/fr\/#\/schema\/logo\/image\/"}}]}},"_links":{"self":[{"href":"https:\/\/leocare.eu\/fr\/wp-json\/wp\/v2\/pages\/10128","targetHints":{"allow":["GET"]}}],"collection":[{"href":"https:\/\/leocare.eu\/fr\/wp-json\/wp\/v2\/pages"}],"about":[{"href":"https:\/\/leocare.eu\/fr\/wp-json\/wp\/v2\/types\/page"}],"author":[{"embeddable":true,"href":"https:\/\/leocare.eu\/fr\/wp-json\/wp\/v2\/users\/34"}],"replies":[{"embeddable":true,"href":"https:\/\/leocare.eu\/fr\/wp-json\/wp\/v2\/comments?post=10128"}],"version-history":[{"count":30,"href":"https:\/\/leocare.eu\/fr\/wp-json\/wp\/v2\/pages\/10128\/revisions"}],"predecessor-version":[{"id":39895,"href":"https:\/\/leocare.eu\/fr\/wp-json\/wp\/v2\/pages\/10128\/revisions\/39895"}],"up":[{"embeddable":true,"href":"https:\/\/leocare.eu\/fr\/wp-json\/wp\/v2\/pages\/7431"}],"wp:featuredmedia":[{"embeddable":true,"href":"https:\/\/leocare.eu\/fr\/wp-json\/wp\/v2\/media\/7497"}],"wp:attachment":[{"href":"https:\/\/leocare.eu\/fr\/wp-json\/wp\/v2\/media?parent=10128"}],"curies":[{"name":"wp","href":"https:\/\/api.w.org\/{rel}","templated":true}]}}